{"id":34631,"date":"2020-01-28T08:39:58","date_gmt":"2020-01-28T07:39:58","guid":{"rendered":"https:\/\/www.heddata.se\/webbutik\/?post_type=product&#038;p=34631"},"modified":"2026-05-08T18:32:00","modified_gmt":"2026-05-08T16:32:00","slug":"peltor-ws-alert-xp","status":"publish","type":"product","link":"https:\/\/www.heddata.se\/webbutik\/produkt\/peltor-ws-alert-xp\/","title":{"rendered":"PELTOR WS ALERT XP Bluetooth"},"content":{"rendered":"<p>PELTOR WS ALERT XP gen2 Bluetooth<\/p>\n<p>PELTOR h\u00f6rselskydd \u00e4r ett <a href=\"https:\/\/www.heddata.se\/webbutik\/horlurar-headset\/\">headset<\/a> med bullerd\u00e4mpande mikrofon och den senaste Bluetoothteknologin. Anslut din <a href=\"https:\/\/www.heddata.se\/webbutik\/telefon-surfplattor\/mobiltelefoner\/\">mobiltelefon<\/a> till headsetet och du kan ta dina samtal hands-free i bullriga milj\u00f6er utan att beh\u00f6va avbryta ditt arbete. Utrustad ned niv\u00e5beroende funktion, FM-radio, Auto-pairing och upp till 73 timmars batteritid vid streaming och mobilsamtal.<\/p>\n<p><a href=\"https:\/\/www.3msverige.se\/3M\/sv_SE\/company-ndc\/\" target=\"_blank\" rel=\"noopener noreferrer\">Peltor<\/a> WS Alert XP \u00e4r den nya k\u00e5pan som \u00e4r en uppf\u00f6ljare till v\u00e4lk\u00e4nda och omtyckta Peltor WS Alert. Du har FM-radio med suver\u00e4n mottagning tack vare en ny uppgraderad radiokrets. Via Bluetooth talar du obehindrat i mobiltelefon eller str\u00f6mmar musik. Samtidigt som du skyddar din h\u00f6rsel fr\u00e5n alla skadliga ljud har du en o\u00f6vertr\u00e4ffad medh\u00f6rning och kan kommunicera med m\u00e4nniskor i din n\u00e4rhet p\u00e5 en normal samtalsniv\u00e5.<\/p>\n<p>En bullrig milj\u00f6 ska aldrig beh\u00f6va vara ett hinder f\u00f6r kontakt med omv\u00e4rlden, inte ens under p\u00e5g\u00e5ende arbete. Med h\u00f6rlurarna ansluter du snabbt och enkelt till din mobiltelefon med Bluetooth. Den bullerd\u00e4mpade mikrofonen filtrerar bort omgivande ljud s\u00e5 att den du pratar med h\u00f6r din r\u00f6st klart och tydligt oavsett bullerniv\u00e5n runt omkring. N\u00e4r du avslutar samtalet \u00e5terupptas musiken per automatik.<\/p>\n","protected":false},"excerpt":{"rendered":"<p>PELTOR WS ALERT XP gen2 Bluetooth<\/p>\n","protected":false},"featured_media":42163,"template":"","meta":[],"product_brand":[],"product_cat":[128,126,119,153],"product_tag":[],"class_list":{"0":"post-34631","1":"product","2":"type-product","3":"status-publish","4":"has-post-thumbnail","6":"product_cat-headset-horlurar-med-bluetooth","7":"product_cat-headset-horlurar-med-mikrofon","8":"product_cat-horlurar-headset","9":"product_cat-ovrigt-telefontillbehor","11":"first","12":"outofstock","13":"taxable","14":"shipping-taxable","15":"product-type-simple"},"yoast_head":"<!-- This site is optimized with the Yoast SEO Premium plugin v26.7 (Yoast SEO v26.7) - https:\/\/yoast.com\/wordpress\/plugins\/seo\/ -->\n<title>PELTOR WS ALERT XP gen 2 Bluetooth h\u00f6rselskydd med inbyggd radio<\/title>\n<meta name=\"description\" content=\"PELTOR WS ALERT XP gen2 Bluetooth h\u00f6rselskydd med m\u00f6jlighet att ansluta din mobiltelefon f\u00f6r att svara p\u00e5 samtal eller lyssna p\u00e5 musik eller radio.\" \/>\n<meta name=\"robots\" content=\"index, follow, max-snippet:-1, max-image-preview:large, max-video-preview:-1\" \/>\n<link rel=\"canonical\" href=\"https:\/\/www.heddata.se\/webbutik\/produkt\/peltor-ws-alert-xp\/\" \/>\n<meta property=\"og:locale\" content=\"sv_SE\" \/>\n<meta property=\"og:type\" content=\"article\" \/>\n<meta property=\"og:title\" content=\"PELTOR WS ALERT XP Bluetooth\" \/>\n<meta property=\"og:description\" content=\"PELTOR WS ALERT XP gen2 Bluetooth h\u00f6rselskydd med m\u00f6jlighet att ansluta din mobiltelefon f\u00f6r att svara p\u00e5 samtal eller lyssna p\u00e5 musik eller radio.\" \/>\n<meta property=\"og:url\" content=\"https:\/\/www.heddata.se\/webbutik\/produkt\/peltor-ws-alert-xp\/\" \/>\n<meta property=\"og:site_name\" content=\"Datorer, Skrivare, F\u00e4rgpatroner, Mobiltelefoner\" \/>\n<meta property=\"article:modified_time\" content=\"2026-05-08T16:32:00+00:00\" \/>\n<meta property=\"og:image\" content=\"https:\/\/www.heddata.se\/webbutik\/wp-content\/uploads\/peltor-ws-alert-xp.jpg\" \/>\n\t<meta property=\"og:image:width\" content=\"700\" \/>\n\t<meta property=\"og:image:height\" content=\"700\" \/>\n\t<meta property=\"og:image:type\" content=\"image\/jpeg\" \/>\n<meta name=\"twitter:card\" content=\"summary_large_image\" \/>\n<meta name=\"twitter:label1\" content=\"Ber\u00e4knad l\u00e4stid\" \/>\n\t<meta name=\"twitter:data1\" content=\"1 minut\" \/>\n<script type=\"application\/ld+json\" class=\"yoast-schema-graph\">{\"@context\":\"https:\/\/schema.org\",\"@graph\":[{\"@type\":\"WebPage\",\"@id\":\"https:\/\/www.heddata.se\/webbutik\/produkt\/peltor-ws-alert-xp\/\",\"url\":\"https:\/\/www.heddata.se\/webbutik\/produkt\/peltor-ws-alert-xp\/\",\"name\":\"PELTOR WS ALERT XP gen 2 Bluetooth h\u00f6rselskydd med inbyggd radio\",\"isPartOf\":{\"@id\":\"https:\/\/www.heddata.se\/webbutik\/#website\"},\"primaryImageOfPage\":{\"@id\":\"https:\/\/www.heddata.se\/webbutik\/produkt\/peltor-ws-alert-xp\/#primaryimage\"},\"image\":{\"@id\":\"https:\/\/www.heddata.se\/webbutik\/produkt\/peltor-ws-alert-xp\/#primaryimage\"},\"thumbnailUrl\":\"https:\/\/www.heddata.se\/webbutik\/wp-content\/uploads\/peltor-ws-alert-xp.jpg\",\"datePublished\":\"2020-01-28T07:39:58+00:00\",\"dateModified\":\"2026-05-08T16:32:00+00:00\",\"description\":\"PELTOR WS ALERT XP gen2 Bluetooth h\u00f6rselskydd med m\u00f6jlighet att ansluta din mobiltelefon f\u00f6r att svara p\u00e5 samtal eller lyssna p\u00e5 musik eller radio.\",\"breadcrumb\":{\"@id\":\"https:\/\/www.heddata.se\/webbutik\/produkt\/peltor-ws-alert-xp\/#breadcrumb\"},\"inLanguage\":\"sv-SE\",\"potentialAction\":[{\"@type\":\"ReadAction\",\"target\":[\"https:\/\/www.heddata.se\/webbutik\/produkt\/peltor-ws-alert-xp\/\"]}]},{\"@type\":\"ImageObject\",\"inLanguage\":\"sv-SE\",\"@id\":\"https:\/\/www.heddata.se\/webbutik\/produkt\/peltor-ws-alert-xp\/#primaryimage\",\"url\":\"https:\/\/www.heddata.se\/webbutik\/wp-content\/uploads\/peltor-ws-alert-xp.jpg\",\"contentUrl\":\"https:\/\/www.heddata.se\/webbutik\/wp-content\/uploads\/peltor-ws-alert-xp.jpg\",\"width\":700,\"height\":700,\"caption\":\"PELTOR WS ALERT XP gen2 Bluetooth\"},{\"@type\":\"BreadcrumbList\",\"@id\":\"https:\/\/www.heddata.se\/webbutik\/produkt\/peltor-ws-alert-xp\/#breadcrumb\",\"itemListElement\":[{\"@type\":\"ListItem\",\"position\":1,\"name\":\"Hem\",\"item\":\"https:\/\/www.heddata.se\/webbutik\/\"},{\"@type\":\"ListItem\",\"position\":2,\"name\":\"Produkter\",\"item\":\"https:\/\/www.heddata.se\/webbutik\/shop\/\"},{\"@type\":\"ListItem\",\"position\":3,\"name\":\"PELTOR WS ALERT XP Bluetooth\"}]},{\"@type\":\"WebSite\",\"@id\":\"https:\/\/www.heddata.se\/webbutik\/#website\",\"url\":\"https:\/\/www.heddata.se\/webbutik\/\",\"name\":\"Datorer, Skrivare, F\u00e4rgpatroner, Mobiltelefoner\",\"description\":\"Kablar\",\"publisher\":{\"@id\":\"https:\/\/www.heddata.se\/webbutik\/#organization\"},\"potentialAction\":[{\"@type\":\"SearchAction\",\"target\":{\"@type\":\"EntryPoint\",\"urlTemplate\":\"https:\/\/www.heddata.se\/webbutik\/?s={search_term_string}\"},\"query-input\":{\"@type\":\"PropertyValueSpecification\",\"valueRequired\":true,\"valueName\":\"search_term_string\"}}],\"inLanguage\":\"sv-SE\"},{\"@type\":\"Organization\",\"@id\":\"https:\/\/www.heddata.se\/webbutik\/#organization\",\"name\":\"Heddata AB\",\"url\":\"https:\/\/www.heddata.se\/webbutik\/\",\"logo\":{\"@type\":\"ImageObject\",\"inLanguage\":\"sv-SE\",\"@id\":\"https:\/\/www.heddata.se\/webbutik\/#\/schema\/logo\/image\/\",\"url\":\"https:\/\/www.heddata.se\/webbutik\/wp-content\/uploads\/logga\/heddata-ab-logga.png\",\"contentUrl\":\"https:\/\/www.heddata.se\/webbutik\/wp-content\/uploads\/logga\/heddata-ab-logga.png\",\"width\":200,\"height\":64,\"caption\":\"Heddata AB\"},\"image\":{\"@id\":\"https:\/\/www.heddata.se\/webbutik\/#\/schema\/logo\/image\/\"}}]}<\/script>\n<!-- \/ Yoast SEO Premium plugin. -->","yoast_head_json":{"title":"PELTOR WS ALERT XP gen 2 Bluetooth h\u00f6rselskydd med inbyggd radio","description":"PELTOR WS ALERT XP gen2 Bluetooth h\u00f6rselskydd med m\u00f6jlighet att ansluta din mobiltelefon f\u00f6r att svara p\u00e5 samtal eller lyssna p\u00e5 musik eller radio.","robots":{"index":"index","follow":"follow","max-snippet":"max-snippet:-1","max-image-preview":"max-image-preview:large","max-video-preview":"max-video-preview:-1"},"canonical":"https:\/\/www.heddata.se\/webbutik\/produkt\/peltor-ws-alert-xp\/","og_locale":"sv_SE","og_type":"article","og_title":"PELTOR WS ALERT XP Bluetooth","og_description":"PELTOR WS ALERT XP gen2 Bluetooth h\u00f6rselskydd med m\u00f6jlighet att ansluta din mobiltelefon f\u00f6r att svara p\u00e5 samtal eller lyssna p\u00e5 musik eller radio.","og_url":"https:\/\/www.heddata.se\/webbutik\/produkt\/peltor-ws-alert-xp\/","og_site_name":"Datorer, Skrivare, F\u00e4rgpatroner, Mobiltelefoner","article_modified_time":"2026-05-08T16:32:00+00:00","og_image":[{"width":700,"height":700,"url":"https:\/\/www.heddata.se\/webbutik\/wp-content\/uploads\/peltor-ws-alert-xp.jpg","type":"image\/jpeg"}],"twitter_card":"summary_large_image","twitter_misc":{"Ber\u00e4knad l\u00e4stid":"1 minut"},"schema":{"@context":"https:\/\/schema.org","@graph":[{"@type":"WebPage","@id":"https:\/\/www.heddata.se\/webbutik\/produkt\/peltor-ws-alert-xp\/","url":"https:\/\/www.heddata.se\/webbutik\/produkt\/peltor-ws-alert-xp\/","name":"PELTOR WS ALERT XP gen 2 Bluetooth h\u00f6rselskydd med inbyggd radio","isPartOf":{"@id":"https:\/\/www.heddata.se\/webbutik\/#website"},"primaryImageOfPage":{"@id":"https:\/\/www.heddata.se\/webbutik\/produkt\/peltor-ws-alert-xp\/#primaryimage"},"image":{"@id":"https:\/\/www.heddata.se\/webbutik\/produkt\/peltor-ws-alert-xp\/#primaryimage"},"thumbnailUrl":"https:\/\/www.heddata.se\/webbutik\/wp-content\/uploads\/peltor-ws-alert-xp.jpg","datePublished":"2020-01-28T07:39:58+00:00","dateModified":"2026-05-08T16:32:00+00:00","description":"PELTOR WS ALERT XP gen2 Bluetooth h\u00f6rselskydd med m\u00f6jlighet att ansluta din mobiltelefon f\u00f6r att svara p\u00e5 samtal eller lyssna p\u00e5 musik eller radio.","breadcrumb":{"@id":"https:\/\/www.heddata.se\/webbutik\/produkt\/peltor-ws-alert-xp\/#breadcrumb"},"inLanguage":"sv-SE","potentialAction":[{"@type":"ReadAction","target":["https:\/\/www.heddata.se\/webbutik\/produkt\/peltor-ws-alert-xp\/"]}]},{"@type":"ImageObject","inLanguage":"sv-SE","@id":"https:\/\/www.heddata.se\/webbutik\/produkt\/peltor-ws-alert-xp\/#primaryimage","url":"https:\/\/www.heddata.se\/webbutik\/wp-content\/uploads\/peltor-ws-alert-xp.jpg","contentUrl":"https:\/\/www.heddata.se\/webbutik\/wp-content\/uploads\/peltor-ws-alert-xp.jpg","width":700,"height":700,"caption":"PELTOR WS ALERT XP gen2 Bluetooth"},{"@type":"BreadcrumbList","@id":"https:\/\/www.heddata.se\/webbutik\/produkt\/peltor-ws-alert-xp\/#breadcrumb","itemListElement":[{"@type":"ListItem","position":1,"name":"Hem","item":"https:\/\/www.heddata.se\/webbutik\/"},{"@type":"ListItem","position":2,"name":"Produkter","item":"https:\/\/www.heddata.se\/webbutik\/shop\/"},{"@type":"ListItem","position":3,"name":"PELTOR WS ALERT XP Bluetooth"}]},{"@type":"WebSite","@id":"https:\/\/www.heddata.se\/webbutik\/#website","url":"https:\/\/www.heddata.se\/webbutik\/","name":"Datorer, Skrivare, F\u00e4rgpatroner, Mobiltelefoner","description":"Kablar","publisher":{"@id":"https:\/\/www.heddata.se\/webbutik\/#organization"},"potentialAction":[{"@type":"SearchAction","target":{"@type":"EntryPoint","urlTemplate":"https:\/\/www.heddata.se\/webbutik\/?s={search_term_string}"},"query-input":{"@type":"PropertyValueSpecification","valueRequired":true,"valueName":"search_term_string"}}],"inLanguage":"sv-SE"},{"@type":"Organization","@id":"https:\/\/www.heddata.se\/webbutik\/#organization","name":"Heddata AB","url":"https:\/\/www.heddata.se\/webbutik\/","logo":{"@type":"ImageObject","inLanguage":"sv-SE","@id":"https:\/\/www.heddata.se\/webbutik\/#\/schema\/logo\/image\/","url":"https:\/\/www.heddata.se\/webbutik\/wp-content\/uploads\/logga\/heddata-ab-logga.png","contentUrl":"https:\/\/www.heddata.se\/webbutik\/wp-content\/uploads\/logga\/heddata-ab-logga.png","width":200,"height":64,"caption":"Heddata AB"},"image":{"@id":"https:\/\/www.heddata.se\/webbutik\/#\/schema\/logo\/image\/"}}]}},"_links":{"self":[{"href":"https:\/\/www.heddata.se\/webbutik\/wp-json\/wp\/v2\/product\/34631","targetHints":{"allow":["GET"]}}],"collection":[{"href":"https:\/\/www.heddata.se\/webbutik\/wp-json\/wp\/v2\/product"}],"about":[{"href":"https:\/\/www.heddata.se\/webbutik\/wp-json\/wp\/v2\/types\/product"}],"wp:featuredmedia":[{"embeddable":true,"href":"https:\/\/www.heddata.se\/webbutik\/wp-json\/wp\/v2\/media\/42163"}],"wp:attachment":[{"href":"https:\/\/www.heddata.se\/webbutik\/wp-json\/wp\/v2\/media?parent=34631"}],"wp:term":[{"taxonomy":"product_brand","embeddable":true,"href":"https:\/\/www.heddata.se\/webbutik\/wp-json\/wp\/v2\/product_brand?post=34631"},{"taxonomy":"product_cat","embeddable":true,"href":"https:\/\/www.heddata.se\/webbutik\/wp-json\/wp\/v2\/product_cat?post=34631"},{"taxonomy":"product_tag","embeddable":true,"href":"https:\/\/www.heddata.se\/webbutik\/wp-json\/wp\/v2\/product_tag?post=34631"}],"curies":[{"name":"wp","href":"https:\/\/api.w.org\/{rel}","templated":true}]}}