{"id":34628,"date":"2020-01-28T08:39:22","date_gmt":"2020-01-28T07:39:22","guid":{"rendered":"https:\/\/www.heddata.se\/webbutik\/?post_type=product&#038;p=34628"},"modified":"2026-04-09T11:29:56","modified_gmt":"2026-04-09T09:29:56","slug":"logitech-gaming-headset-g332","status":"publish","type":"product","link":"https:\/\/www.heddata.se\/webbutik\/produkt\/logitech-gaming-headset-g332\/","title":{"rendered":"Logitech Gaming Headset G332"},"content":{"rendered":"<p>Logitech Gaming Headset G332<\/p>\n<p><a href=\"https:\/\/www.logitech.com\/sv-se\" target=\"_blank\" rel=\"noopener noreferrer\">Logitech<\/a> spelheadset producerar stort ljud f\u00f6r att komma in i spelet. Upplev sp\u00e4nningen i en komplett spelupplevelse d\u00e4r du h\u00f6r allt och alla h\u00f6r dig.<\/p>\n<p>Stora 50 mm ljuddrivrutiner levererar ett komplett och expansivt ljud f\u00f6r en mer uppslukande spelupplevelse. Dina favoritspel kommer \u00e4ntligen att l\u00e5ta som de ska: Fantastiskt.<\/p>\n<p>6 mm mikrofon s\u00e4kerst\u00e4ller att dina lagkamrater kan h\u00f6ra dig. Mikrofonarm som f\u00e4lls upp f\u00f6r ljud av tystar dig n\u00e4r du inte vill h\u00f6ras.<\/p>\n<p><a href=\"https:\/\/www.heddata.se\/webbutik\/horlurar-headset\/\">H\u00f6rlurarna<\/a> fungerar med din PC eller Mac eller med spelkonsoler, inklusive PlayStation 4\u2122, Xbox One\u2122, Nintendo Switch\u2122 och mobila enheter via ett <a href=\"https:\/\/www.heddata.se\/webbutik\/kablar\/ljudkablar\/\">3,5 mm-kabel.<\/a><\/p>\n<p>Dessa h\u00f6rlurar handlar om bekv\u00e4mlighet: De l\u00e4tta \u00f6ronkuddarna och bygeln i konstl\u00e4der \u00e4r gjorda f\u00f6r att h\u00e5lla trycket borta fr\u00e5n \u00f6ronen. \u00d6ronkuddarna kan roteras upp till 90 grader f\u00f6r bekv\u00e4mlighet. Justera volymen bekv\u00e4mt och snabbt p\u00e5 vilken plattform som helst med \u00f6ronkuddarnas monterade volymhjul.<\/p>\n<h6 class=\"specs-group-title\">Logitech Gaming Headset G332 TEKNISKA SPECIFIKATIONER<\/h6>\n<div class=\"specs-group-subtitle\">H\u00f6rlur<\/div>\n<ul class=\"dotted\">\n<li>H\u00f6gtalarelement: 50 mm<\/li>\n<li>Frekvens\u00e5tergivning: 20 Hz-20 kHz<\/li>\n<li>Impedans: 39 \u03a9 (passiv), 5 000 \u03a9 (aktiv)<\/li>\n<li>K\u00e4nslighet: 107 dB SPL\/mW<\/li>\n<\/ul>\n","protected":false},"excerpt":{"rendered":"<p>Logitech Gaming Headset G332<\/p>\n","protected":false},"featured_media":41568,"template":"","meta":[],"product_brand":[],"product_cat":[66,126,119],"product_tag":[],"class_list":{"0":"post-34628","1":"product","2":"type-product","3":"status-publish","4":"has-post-thumbnail","6":"product_cat-gaming","7":"product_cat-headset-horlurar-med-mikrofon","8":"product_cat-horlurar-headset","10":"first","11":"outofstock","12":"taxable","13":"shipping-taxable","14":"product-type-simple"},"yoast_head":"<!-- This site is optimized with the Yoast SEO Premium plugin v26.7 (Yoast SEO v26.7) - https:\/\/yoast.com\/wordpress\/plugins\/seo\/ -->\n<title>Logitech Gaming Headset G332 spelheadset med stort ljud<\/title>\n<meta name=\"description\" content=\"Logitech Gaming Headset G332 spelheadset producerar stort ljud f\u00f6r att komma in i spelet. Upplev sp\u00e4nningen i en komplett spelupplevelse.\" \/>\n<meta name=\"robots\" content=\"index, follow, max-snippet:-1, max-image-preview:large, max-video-preview:-1\" \/>\n<link rel=\"canonical\" href=\"https:\/\/www.heddata.se\/webbutik\/produkt\/logitech-gaming-headset-g332\/\" \/>\n<meta property=\"og:locale\" content=\"sv_SE\" \/>\n<meta property=\"og:type\" content=\"article\" \/>\n<meta property=\"og:title\" content=\"Logitech Gaming Headset G332\" \/>\n<meta property=\"og:description\" content=\"Logitech Gaming Headset G332 spelheadset producerar stort ljud f\u00f6r att komma in i spelet. Upplev sp\u00e4nningen i en komplett spelupplevelse.\" \/>\n<meta property=\"og:url\" content=\"https:\/\/www.heddata.se\/webbutik\/produkt\/logitech-gaming-headset-g332\/\" \/>\n<meta property=\"og:site_name\" content=\"Datorer, Skrivare, F\u00e4rgpatroner, Mobiltelefoner\" \/>\n<meta property=\"article:modified_time\" content=\"2026-04-09T09:29:56+00:00\" \/>\n<meta property=\"og:image\" content=\"https:\/\/www.heddata.se\/webbutik\/wp-content\/uploads\/logitech-g332-headset.jpg\" \/>\n\t<meta property=\"og:image:width\" content=\"640\" \/>\n\t<meta property=\"og:image:height\" content=\"640\" \/>\n\t<meta property=\"og:image:type\" content=\"image\/jpeg\" \/>\n<meta name=\"twitter:card\" content=\"summary_large_image\" \/>\n<meta name=\"twitter:label1\" content=\"Ber\u00e4knad l\u00e4stid\" \/>\n\t<meta name=\"twitter:data1\" content=\"1 minut\" \/>\n<script type=\"application\/ld+json\" class=\"yoast-schema-graph\">{\"@context\":\"https:\/\/schema.org\",\"@graph\":[{\"@type\":\"WebPage\",\"@id\":\"https:\/\/www.heddata.se\/webbutik\/produkt\/logitech-gaming-headset-g332\/\",\"url\":\"https:\/\/www.heddata.se\/webbutik\/produkt\/logitech-gaming-headset-g332\/\",\"name\":\"Logitech Gaming Headset G332 spelheadset med stort ljud\",\"isPartOf\":{\"@id\":\"https:\/\/www.heddata.se\/webbutik\/#website\"},\"primaryImageOfPage\":{\"@id\":\"https:\/\/www.heddata.se\/webbutik\/produkt\/logitech-gaming-headset-g332\/#primaryimage\"},\"image\":{\"@id\":\"https:\/\/www.heddata.se\/webbutik\/produkt\/logitech-gaming-headset-g332\/#primaryimage\"},\"thumbnailUrl\":\"https:\/\/www.heddata.se\/webbutik\/wp-content\/uploads\/logitech-g332-headset.jpg\",\"datePublished\":\"2020-01-28T07:39:22+00:00\",\"dateModified\":\"2026-04-09T09:29:56+00:00\",\"description\":\"Logitech Gaming Headset G332 spelheadset producerar stort ljud f\u00f6r att komma in i spelet. Upplev sp\u00e4nningen i en komplett spelupplevelse.\",\"breadcrumb\":{\"@id\":\"https:\/\/www.heddata.se\/webbutik\/produkt\/logitech-gaming-headset-g332\/#breadcrumb\"},\"inLanguage\":\"sv-SE\",\"potentialAction\":[{\"@type\":\"ReadAction\",\"target\":[\"https:\/\/www.heddata.se\/webbutik\/produkt\/logitech-gaming-headset-g332\/\"]}]},{\"@type\":\"ImageObject\",\"inLanguage\":\"sv-SE\",\"@id\":\"https:\/\/www.heddata.se\/webbutik\/produkt\/logitech-gaming-headset-g332\/#primaryimage\",\"url\":\"https:\/\/www.heddata.se\/webbutik\/wp-content\/uploads\/logitech-g332-headset.jpg\",\"contentUrl\":\"https:\/\/www.heddata.se\/webbutik\/wp-content\/uploads\/logitech-g332-headset.jpg\",\"width\":640,\"height\":640,\"caption\":\"Logitech Gaming Headset G332\"},{\"@type\":\"BreadcrumbList\",\"@id\":\"https:\/\/www.heddata.se\/webbutik\/produkt\/logitech-gaming-headset-g332\/#breadcrumb\",\"itemListElement\":[{\"@type\":\"ListItem\",\"position\":1,\"name\":\"Hem\",\"item\":\"https:\/\/www.heddata.se\/webbutik\/\"},{\"@type\":\"ListItem\",\"position\":2,\"name\":\"Produkter\",\"item\":\"https:\/\/www.heddata.se\/webbutik\/shop\/\"},{\"@type\":\"ListItem\",\"position\":3,\"name\":\"Logitech Gaming Headset G332\"}]},{\"@type\":\"WebSite\",\"@id\":\"https:\/\/www.heddata.se\/webbutik\/#website\",\"url\":\"https:\/\/www.heddata.se\/webbutik\/\",\"name\":\"Datorer, Skrivare, F\u00e4rgpatroner, Mobiltelefoner\",\"description\":\"Kablar\",\"publisher\":{\"@id\":\"https:\/\/www.heddata.se\/webbutik\/#organization\"},\"potentialAction\":[{\"@type\":\"SearchAction\",\"target\":{\"@type\":\"EntryPoint\",\"urlTemplate\":\"https:\/\/www.heddata.se\/webbutik\/?s={search_term_string}\"},\"query-input\":{\"@type\":\"PropertyValueSpecification\",\"valueRequired\":true,\"valueName\":\"search_term_string\"}}],\"inLanguage\":\"sv-SE\"},{\"@type\":\"Organization\",\"@id\":\"https:\/\/www.heddata.se\/webbutik\/#organization\",\"name\":\"Heddata AB\",\"url\":\"https:\/\/www.heddata.se\/webbutik\/\",\"logo\":{\"@type\":\"ImageObject\",\"inLanguage\":\"sv-SE\",\"@id\":\"https:\/\/www.heddata.se\/webbutik\/#\/schema\/logo\/image\/\",\"url\":\"https:\/\/www.heddata.se\/webbutik\/wp-content\/uploads\/logga\/heddata-ab-logga.png\",\"contentUrl\":\"https:\/\/www.heddata.se\/webbutik\/wp-content\/uploads\/logga\/heddata-ab-logga.png\",\"width\":200,\"height\":64,\"caption\":\"Heddata AB\"},\"image\":{\"@id\":\"https:\/\/www.heddata.se\/webbutik\/#\/schema\/logo\/image\/\"}}]}<\/script>\n<!-- \/ Yoast SEO Premium plugin. -->","yoast_head_json":{"title":"Logitech Gaming Headset G332 spelheadset med stort ljud","description":"Logitech Gaming Headset G332 spelheadset producerar stort ljud f\u00f6r att komma in i spelet. Upplev sp\u00e4nningen i en komplett spelupplevelse.","robots":{"index":"index","follow":"follow","max-snippet":"max-snippet:-1","max-image-preview":"max-image-preview:large","max-video-preview":"max-video-preview:-1"},"canonical":"https:\/\/www.heddata.se\/webbutik\/produkt\/logitech-gaming-headset-g332\/","og_locale":"sv_SE","og_type":"article","og_title":"Logitech Gaming Headset G332","og_description":"Logitech Gaming Headset G332 spelheadset producerar stort ljud f\u00f6r att komma in i spelet. Upplev sp\u00e4nningen i en komplett spelupplevelse.","og_url":"https:\/\/www.heddata.se\/webbutik\/produkt\/logitech-gaming-headset-g332\/","og_site_name":"Datorer, Skrivare, F\u00e4rgpatroner, Mobiltelefoner","article_modified_time":"2026-04-09T09:29:56+00:00","og_image":[{"width":640,"height":640,"url":"https:\/\/www.heddata.se\/webbutik\/wp-content\/uploads\/logitech-g332-headset.jpg","type":"image\/jpeg"}],"twitter_card":"summary_large_image","twitter_misc":{"Ber\u00e4knad l\u00e4stid":"1 minut"},"schema":{"@context":"https:\/\/schema.org","@graph":[{"@type":"WebPage","@id":"https:\/\/www.heddata.se\/webbutik\/produkt\/logitech-gaming-headset-g332\/","url":"https:\/\/www.heddata.se\/webbutik\/produkt\/logitech-gaming-headset-g332\/","name":"Logitech Gaming Headset G332 spelheadset med stort ljud","isPartOf":{"@id":"https:\/\/www.heddata.se\/webbutik\/#website"},"primaryImageOfPage":{"@id":"https:\/\/www.heddata.se\/webbutik\/produkt\/logitech-gaming-headset-g332\/#primaryimage"},"image":{"@id":"https:\/\/www.heddata.se\/webbutik\/produkt\/logitech-gaming-headset-g332\/#primaryimage"},"thumbnailUrl":"https:\/\/www.heddata.se\/webbutik\/wp-content\/uploads\/logitech-g332-headset.jpg","datePublished":"2020-01-28T07:39:22+00:00","dateModified":"2026-04-09T09:29:56+00:00","description":"Logitech Gaming Headset G332 spelheadset producerar stort ljud f\u00f6r att komma in i spelet. Upplev sp\u00e4nningen i en komplett spelupplevelse.","breadcrumb":{"@id":"https:\/\/www.heddata.se\/webbutik\/produkt\/logitech-gaming-headset-g332\/#breadcrumb"},"inLanguage":"sv-SE","potentialAction":[{"@type":"ReadAction","target":["https:\/\/www.heddata.se\/webbutik\/produkt\/logitech-gaming-headset-g332\/"]}]},{"@type":"ImageObject","inLanguage":"sv-SE","@id":"https:\/\/www.heddata.se\/webbutik\/produkt\/logitech-gaming-headset-g332\/#primaryimage","url":"https:\/\/www.heddata.se\/webbutik\/wp-content\/uploads\/logitech-g332-headset.jpg","contentUrl":"https:\/\/www.heddata.se\/webbutik\/wp-content\/uploads\/logitech-g332-headset.jpg","width":640,"height":640,"caption":"Logitech Gaming Headset G332"},{"@type":"BreadcrumbList","@id":"https:\/\/www.heddata.se\/webbutik\/produkt\/logitech-gaming-headset-g332\/#breadcrumb","itemListElement":[{"@type":"ListItem","position":1,"name":"Hem","item":"https:\/\/www.heddata.se\/webbutik\/"},{"@type":"ListItem","position":2,"name":"Produkter","item":"https:\/\/www.heddata.se\/webbutik\/shop\/"},{"@type":"ListItem","position":3,"name":"Logitech Gaming Headset G332"}]},{"@type":"WebSite","@id":"https:\/\/www.heddata.se\/webbutik\/#website","url":"https:\/\/www.heddata.se\/webbutik\/","name":"Datorer, Skrivare, F\u00e4rgpatroner, Mobiltelefoner","description":"Kablar","publisher":{"@id":"https:\/\/www.heddata.se\/webbutik\/#organization"},"potentialAction":[{"@type":"SearchAction","target":{"@type":"EntryPoint","urlTemplate":"https:\/\/www.heddata.se\/webbutik\/?s={search_term_string}"},"query-input":{"@type":"PropertyValueSpecification","valueRequired":true,"valueName":"search_term_string"}}],"inLanguage":"sv-SE"},{"@type":"Organization","@id":"https:\/\/www.heddata.se\/webbutik\/#organization","name":"Heddata AB","url":"https:\/\/www.heddata.se\/webbutik\/","logo":{"@type":"ImageObject","inLanguage":"sv-SE","@id":"https:\/\/www.heddata.se\/webbutik\/#\/schema\/logo\/image\/","url":"https:\/\/www.heddata.se\/webbutik\/wp-content\/uploads\/logga\/heddata-ab-logga.png","contentUrl":"https:\/\/www.heddata.se\/webbutik\/wp-content\/uploads\/logga\/heddata-ab-logga.png","width":200,"height":64,"caption":"Heddata AB"},"image":{"@id":"https:\/\/www.heddata.se\/webbutik\/#\/schema\/logo\/image\/"}}]}},"_links":{"self":[{"href":"https:\/\/www.heddata.se\/webbutik\/wp-json\/wp\/v2\/product\/34628","targetHints":{"allow":["GET"]}}],"collection":[{"href":"https:\/\/www.heddata.se\/webbutik\/wp-json\/wp\/v2\/product"}],"about":[{"href":"https:\/\/www.heddata.se\/webbutik\/wp-json\/wp\/v2\/types\/product"}],"wp:featuredmedia":[{"embeddable":true,"href":"https:\/\/www.heddata.se\/webbutik\/wp-json\/wp\/v2\/media\/41568"}],"wp:attachment":[{"href":"https:\/\/www.heddata.se\/webbutik\/wp-json\/wp\/v2\/media?parent=34628"}],"wp:term":[{"taxonomy":"product_brand","embeddable":true,"href":"https:\/\/www.heddata.se\/webbutik\/wp-json\/wp\/v2\/product_brand?post=34628"},{"taxonomy":"product_cat","embeddable":true,"href":"https:\/\/www.heddata.se\/webbutik\/wp-json\/wp\/v2\/product_cat?post=34628"},{"taxonomy":"product_tag","embeddable":true,"href":"https:\/\/www.heddata.se\/webbutik\/wp-json\/wp\/v2\/product_tag?post=34628"}],"curies":[{"name":"wp","href":"https:\/\/api.w.org\/{rel}","templated":true}]}}