{"id":34622,"date":"2020-01-28T08:39:11","date_gmt":"2020-01-28T07:39:11","guid":{"rendered":"https:\/\/www.heddata.se\/webbutik\/?post_type=product&#038;p=34622"},"modified":"2026-04-07T16:18:36","modified_gmt":"2026-04-07T14:18:36","slug":"fellowes-lunar-a4-varmelaminator","status":"publish","type":"product","link":"https:\/\/www.heddata.se\/webbutik\/produkt\/fellowes-lunar-a4-varmelaminator\/","title":{"rendered":"Fellowes Lunar A4 V\u00e4rmelaminator"},"content":{"rendered":"<p>Fellowes Lunar A4 V\u00e4rmelaminator<\/p>\n<p>Med Fellowes Lunar A4 V\u00e4rmelaminator bakar du in dokument, foton etc. mellan 2 stycken plastskikt. D\u00e4rf\u00f6r h\u00e5ller dokumenten b\u00e4ttre och ser proffsigt ut, samtidigt som h\u00e5llbarheten blir b\u00e4ttre. Att laminera \u00e4r allts\u00e5 att l\u00e4gga ett dokument mellan tv\u00e5 plastfilmer och sedan klistra ihop dem.<\/p>\n<p>Varmlaminering inneb\u00e4r laminering med hj\u00e4lp av v\u00e4rme. Detta \u00e4r den vanligaste typen av laminering. Varmlaminat \u00e4r plastfilm som brukar anv\u00e4ndas vid varmlaminering. V\u00e4rmen aktiverar plastfilmen. En <a href=\"https:\/\/www.heddata.se\/webbutik\/produkt\/laminat-sjalvande-baksida-a4\/\">varmlamineringsficka<\/a> \u00e4r tv\u00e5 plastfilmer som \u00e4r sammanfogade till en plastficka. Dessa anv\u00e4nds vid varmlaminering.<\/p>\n<p>Ett laminerat dokument t\u00e5l mycket mer p\u00e5frestningar \u00e4n ett dokument som inte \u00e4r laminerat.<\/p>\n<p>Lamineringsfickan brukar ha en f\u00f6rseglad l\u00e5ngsida. Sedan genomf\u00f6r du sj\u00e4lva lamineringen och det brukar man f\u00f6ra med hj\u00e4lp av en <a href=\"https:\/\/www.fellowes.com\/us\/en\" target=\"_blank\" rel=\"noopener noreferrer\">lamineringsmaskin<\/a>. Det g\u00e5r att laminera dokument i m\u00e4ngder av olika storlekar och olika typer av dokument: fotografier, ID-brickor, dokument, papper \u2013 ja allt t\u00e4nkbart.<\/p>\n<table class=\"tableAttr\">\n<tbody>\n<tr class=\"trAttrEven\">\n<td class=\"tdAttr\">Enhetstyp<\/td>\n<td class=\"tdAttrValue\">Laminator<\/td>\n<\/tr>\n<tr class=\"trAttrOdd\">\n<td class=\"tdAttr\">Bredd<\/td>\n<td class=\"tdAttrValue\">38.4 cm<\/td>\n<\/tr>\n<tr class=\"trAttrEven\">\n<td class=\"tdAttr\">Djup<\/td>\n<td class=\"tdAttrValue\">12.2 cm<\/td>\n<\/tr>\n<tr class=\"trAttrOdd\">\n<td class=\"tdAttr\">H\u00f6jd<\/td>\n<td class=\"tdAttrValue\">12.2 cm<\/td>\n<\/tr>\n<tr class=\"trAttrGroup\">\n<td class=\"tdAttrGroup\" colspan=\"2\">Montering och laminering<\/td>\n<\/tr>\n<tr class=\"trAttrEven\">\n<td class=\"tdAttr\">Teknik<\/td>\n<td class=\"tdAttrValue\">V\u00e4rmelaminator<\/td>\n<\/tr>\n<tr class=\"trAttrOdd\">\n<td class=\"tdAttr\">Maximal arbetsbredd<\/td>\n<td class=\"tdAttrValue\">24 cm<\/td>\n<\/tr>\n<tr class=\"trAttrEven\">\n<td class=\"tdAttr\">Maximal arbetsstorlek<\/td>\n<td class=\"tdAttrValue\">A4<\/td>\n<\/tr>\n<tr class=\"trAttrOdd\">\n<td class=\"tdAttr\">Lamineringsmaterialets tjocklek<\/td>\n<td class=\"tdAttrValue\">80 \u00b5m<\/td>\n<\/tr>\n<tr class=\"trAttrEven\">\n<td class=\"tdAttr\">Antijammekanism<\/td>\n<td class=\"tdAttrValue\">Clear Path<\/td>\n<\/tr>\n<tr class=\"trAttrGroup\">\n<td class=\"tdAttrGroup\" colspan=\"2\">Tillverkarens garanti<\/td>\n<\/tr>\n<tr class=\"trAttrEven\">\n<td class=\"tdAttr\">Garanti<\/td>\n<td class=\"tdAttrValue\">1 \u00e5r<\/td>\n<\/tr>\n<\/tbody>\n<\/table>\n","protected":false},"excerpt":{"rendered":"<p>Fellowes Lunar A4 V\u00e4rmelaminator<\/p>\n","protected":false},"featured_media":41623,"template":"","meta":[],"product_brand":[],"product_cat":[68],"product_tag":[],"class_list":{"0":"post-34622","1":"product","2":"type-product","3":"status-publish","4":"has-post-thumbnail","6":"product_cat-kontorstillbehor","8":"first","9":"outofstock","10":"taxable","11":"shipping-taxable","12":"product-type-simple"},"yoast_head":"<!-- This site is optimized with the Yoast SEO Premium plugin v26.7 (Yoast SEO v26.7) - https:\/\/yoast.com\/wordpress\/plugins\/seo\/ -->\n<title>Fellowes Lunar A4 V\u00e4rmelaminator f\u00f6r inplastning av dokument ocf foton<\/title>\n<meta name=\"description\" content=\"Fellowes Lunar A4 V\u00e4rmelaminator plastar in dina dokument eller foton s\u00e5 att du f\u00e5r ett h\u00e5llbart proffsigt resultat p\u00e5 ett enkelt s\u00e4tt.\" \/>\n<meta name=\"robots\" content=\"index, follow, max-snippet:-1, max-image-preview:large, max-video-preview:-1\" \/>\n<link rel=\"canonical\" href=\"https:\/\/www.heddata.se\/webbutik\/produkt\/fellowes-lunar-a4-varmelaminator\/\" \/>\n<meta property=\"og:locale\" content=\"sv_SE\" \/>\n<meta property=\"og:type\" content=\"article\" \/>\n<meta property=\"og:title\" content=\"Fellowes Lunar A4 V\u00e4rmelaminator\" \/>\n<meta property=\"og:description\" content=\"Fellowes Lunar A4 V\u00e4rmelaminator plastar in dina dokument eller foton s\u00e5 att du f\u00e5r ett h\u00e5llbart proffsigt resultat p\u00e5 ett enkelt s\u00e4tt.\" \/>\n<meta property=\"og:url\" content=\"https:\/\/www.heddata.se\/webbutik\/produkt\/fellowes-lunar-a4-varmelaminator\/\" \/>\n<meta property=\"og:site_name\" content=\"Datorer, Skrivare, F\u00e4rgpatroner, Mobiltelefoner\" \/>\n<meta property=\"article:modified_time\" content=\"2026-04-07T14:18:36+00:00\" \/>\n<meta property=\"og:image\" content=\"https:\/\/www.heddata.se\/webbutik\/wp-content\/uploads\/fellowes-lunar-a4.png\" \/>\n\t<meta property=\"og:image:width\" content=\"915\" \/>\n\t<meta property=\"og:image:height\" content=\"915\" \/>\n\t<meta property=\"og:image:type\" content=\"image\/png\" \/>\n<meta name=\"twitter:card\" content=\"summary_large_image\" \/>\n<meta name=\"twitter:label1\" content=\"Ber\u00e4knad l\u00e4stid\" \/>\n\t<meta name=\"twitter:data1\" content=\"1 minut\" \/>\n<script type=\"application\/ld+json\" class=\"yoast-schema-graph\">{\"@context\":\"https:\/\/schema.org\",\"@graph\":[{\"@type\":\"WebPage\",\"@id\":\"https:\/\/www.heddata.se\/webbutik\/produkt\/fellowes-lunar-a4-varmelaminator\/\",\"url\":\"https:\/\/www.heddata.se\/webbutik\/produkt\/fellowes-lunar-a4-varmelaminator\/\",\"name\":\"Fellowes Lunar A4 V\u00e4rmelaminator f\u00f6r inplastning av dokument ocf foton\",\"isPartOf\":{\"@id\":\"https:\/\/www.heddata.se\/webbutik\/#website\"},\"primaryImageOfPage\":{\"@id\":\"https:\/\/www.heddata.se\/webbutik\/produkt\/fellowes-lunar-a4-varmelaminator\/#primaryimage\"},\"image\":{\"@id\":\"https:\/\/www.heddata.se\/webbutik\/produkt\/fellowes-lunar-a4-varmelaminator\/#primaryimage\"},\"thumbnailUrl\":\"https:\/\/www.heddata.se\/webbutik\/wp-content\/uploads\/fellowes-lunar-a4.png\",\"datePublished\":\"2020-01-28T07:39:11+00:00\",\"dateModified\":\"2026-04-07T14:18:36+00:00\",\"description\":\"Fellowes Lunar A4 V\u00e4rmelaminator plastar in dina dokument eller foton s\u00e5 att du f\u00e5r ett h\u00e5llbart proffsigt resultat p\u00e5 ett enkelt s\u00e4tt.\",\"breadcrumb\":{\"@id\":\"https:\/\/www.heddata.se\/webbutik\/produkt\/fellowes-lunar-a4-varmelaminator\/#breadcrumb\"},\"inLanguage\":\"sv-SE\",\"potentialAction\":[{\"@type\":\"ReadAction\",\"target\":[\"https:\/\/www.heddata.se\/webbutik\/produkt\/fellowes-lunar-a4-varmelaminator\/\"]}]},{\"@type\":\"ImageObject\",\"inLanguage\":\"sv-SE\",\"@id\":\"https:\/\/www.heddata.se\/webbutik\/produkt\/fellowes-lunar-a4-varmelaminator\/#primaryimage\",\"url\":\"https:\/\/www.heddata.se\/webbutik\/wp-content\/uploads\/fellowes-lunar-a4.png\",\"contentUrl\":\"https:\/\/www.heddata.se\/webbutik\/wp-content\/uploads\/fellowes-lunar-a4.png\",\"width\":915,\"height\":915,\"caption\":\"Fellowes Lunar A4\"},{\"@type\":\"BreadcrumbList\",\"@id\":\"https:\/\/www.heddata.se\/webbutik\/produkt\/fellowes-lunar-a4-varmelaminator\/#breadcrumb\",\"itemListElement\":[{\"@type\":\"ListItem\",\"position\":1,\"name\":\"Hem\",\"item\":\"https:\/\/www.heddata.se\/webbutik\/\"},{\"@type\":\"ListItem\",\"position\":2,\"name\":\"Produkter\",\"item\":\"https:\/\/www.heddata.se\/webbutik\/shop\/\"},{\"@type\":\"ListItem\",\"position\":3,\"name\":\"Fellowes Lunar A4 V\u00e4rmelaminator\"}]},{\"@type\":\"WebSite\",\"@id\":\"https:\/\/www.heddata.se\/webbutik\/#website\",\"url\":\"https:\/\/www.heddata.se\/webbutik\/\",\"name\":\"Datorer, Skrivare, F\u00e4rgpatroner, Mobiltelefoner\",\"description\":\"Kablar\",\"publisher\":{\"@id\":\"https:\/\/www.heddata.se\/webbutik\/#organization\"},\"potentialAction\":[{\"@type\":\"SearchAction\",\"target\":{\"@type\":\"EntryPoint\",\"urlTemplate\":\"https:\/\/www.heddata.se\/webbutik\/?s={search_term_string}\"},\"query-input\":{\"@type\":\"PropertyValueSpecification\",\"valueRequired\":true,\"valueName\":\"search_term_string\"}}],\"inLanguage\":\"sv-SE\"},{\"@type\":\"Organization\",\"@id\":\"https:\/\/www.heddata.se\/webbutik\/#organization\",\"name\":\"Heddata AB\",\"url\":\"https:\/\/www.heddata.se\/webbutik\/\",\"logo\":{\"@type\":\"ImageObject\",\"inLanguage\":\"sv-SE\",\"@id\":\"https:\/\/www.heddata.se\/webbutik\/#\/schema\/logo\/image\/\",\"url\":\"https:\/\/www.heddata.se\/webbutik\/wp-content\/uploads\/logga\/heddata-ab-logga.png\",\"contentUrl\":\"https:\/\/www.heddata.se\/webbutik\/wp-content\/uploads\/logga\/heddata-ab-logga.png\",\"width\":200,\"height\":64,\"caption\":\"Heddata AB\"},\"image\":{\"@id\":\"https:\/\/www.heddata.se\/webbutik\/#\/schema\/logo\/image\/\"}}]}<\/script>\n<!-- \/ Yoast SEO Premium plugin. -->","yoast_head_json":{"title":"Fellowes Lunar A4 V\u00e4rmelaminator f\u00f6r inplastning av dokument ocf foton","description":"Fellowes Lunar A4 V\u00e4rmelaminator plastar in dina dokument eller foton s\u00e5 att du f\u00e5r ett h\u00e5llbart proffsigt resultat p\u00e5 ett enkelt s\u00e4tt.","robots":{"index":"index","follow":"follow","max-snippet":"max-snippet:-1","max-image-preview":"max-image-preview:large","max-video-preview":"max-video-preview:-1"},"canonical":"https:\/\/www.heddata.se\/webbutik\/produkt\/fellowes-lunar-a4-varmelaminator\/","og_locale":"sv_SE","og_type":"article","og_title":"Fellowes Lunar A4 V\u00e4rmelaminator","og_description":"Fellowes Lunar A4 V\u00e4rmelaminator plastar in dina dokument eller foton s\u00e5 att du f\u00e5r ett h\u00e5llbart proffsigt resultat p\u00e5 ett enkelt s\u00e4tt.","og_url":"https:\/\/www.heddata.se\/webbutik\/produkt\/fellowes-lunar-a4-varmelaminator\/","og_site_name":"Datorer, Skrivare, F\u00e4rgpatroner, Mobiltelefoner","article_modified_time":"2026-04-07T14:18:36+00:00","og_image":[{"width":915,"height":915,"url":"https:\/\/www.heddata.se\/webbutik\/wp-content\/uploads\/fellowes-lunar-a4.png","type":"image\/png"}],"twitter_card":"summary_large_image","twitter_misc":{"Ber\u00e4knad l\u00e4stid":"1 minut"},"schema":{"@context":"https:\/\/schema.org","@graph":[{"@type":"WebPage","@id":"https:\/\/www.heddata.se\/webbutik\/produkt\/fellowes-lunar-a4-varmelaminator\/","url":"https:\/\/www.heddata.se\/webbutik\/produkt\/fellowes-lunar-a4-varmelaminator\/","name":"Fellowes Lunar A4 V\u00e4rmelaminator f\u00f6r inplastning av dokument ocf foton","isPartOf":{"@id":"https:\/\/www.heddata.se\/webbutik\/#website"},"primaryImageOfPage":{"@id":"https:\/\/www.heddata.se\/webbutik\/produkt\/fellowes-lunar-a4-varmelaminator\/#primaryimage"},"image":{"@id":"https:\/\/www.heddata.se\/webbutik\/produkt\/fellowes-lunar-a4-varmelaminator\/#primaryimage"},"thumbnailUrl":"https:\/\/www.heddata.se\/webbutik\/wp-content\/uploads\/fellowes-lunar-a4.png","datePublished":"2020-01-28T07:39:11+00:00","dateModified":"2026-04-07T14:18:36+00:00","description":"Fellowes Lunar A4 V\u00e4rmelaminator plastar in dina dokument eller foton s\u00e5 att du f\u00e5r ett h\u00e5llbart proffsigt resultat p\u00e5 ett enkelt s\u00e4tt.","breadcrumb":{"@id":"https:\/\/www.heddata.se\/webbutik\/produkt\/fellowes-lunar-a4-varmelaminator\/#breadcrumb"},"inLanguage":"sv-SE","potentialAction":[{"@type":"ReadAction","target":["https:\/\/www.heddata.se\/webbutik\/produkt\/fellowes-lunar-a4-varmelaminator\/"]}]},{"@type":"ImageObject","inLanguage":"sv-SE","@id":"https:\/\/www.heddata.se\/webbutik\/produkt\/fellowes-lunar-a4-varmelaminator\/#primaryimage","url":"https:\/\/www.heddata.se\/webbutik\/wp-content\/uploads\/fellowes-lunar-a4.png","contentUrl":"https:\/\/www.heddata.se\/webbutik\/wp-content\/uploads\/fellowes-lunar-a4.png","width":915,"height":915,"caption":"Fellowes Lunar A4"},{"@type":"BreadcrumbList","@id":"https:\/\/www.heddata.se\/webbutik\/produkt\/fellowes-lunar-a4-varmelaminator\/#breadcrumb","itemListElement":[{"@type":"ListItem","position":1,"name":"Hem","item":"https:\/\/www.heddata.se\/webbutik\/"},{"@type":"ListItem","position":2,"name":"Produkter","item":"https:\/\/www.heddata.se\/webbutik\/shop\/"},{"@type":"ListItem","position":3,"name":"Fellowes Lunar A4 V\u00e4rmelaminator"}]},{"@type":"WebSite","@id":"https:\/\/www.heddata.se\/webbutik\/#website","url":"https:\/\/www.heddata.se\/webbutik\/","name":"Datorer, Skrivare, F\u00e4rgpatroner, Mobiltelefoner","description":"Kablar","publisher":{"@id":"https:\/\/www.heddata.se\/webbutik\/#organization"},"potentialAction":[{"@type":"SearchAction","target":{"@type":"EntryPoint","urlTemplate":"https:\/\/www.heddata.se\/webbutik\/?s={search_term_string}"},"query-input":{"@type":"PropertyValueSpecification","valueRequired":true,"valueName":"search_term_string"}}],"inLanguage":"sv-SE"},{"@type":"Organization","@id":"https:\/\/www.heddata.se\/webbutik\/#organization","name":"Heddata AB","url":"https:\/\/www.heddata.se\/webbutik\/","logo":{"@type":"ImageObject","inLanguage":"sv-SE","@id":"https:\/\/www.heddata.se\/webbutik\/#\/schema\/logo\/image\/","url":"https:\/\/www.heddata.se\/webbutik\/wp-content\/uploads\/logga\/heddata-ab-logga.png","contentUrl":"https:\/\/www.heddata.se\/webbutik\/wp-content\/uploads\/logga\/heddata-ab-logga.png","width":200,"height":64,"caption":"Heddata AB"},"image":{"@id":"https:\/\/www.heddata.se\/webbutik\/#\/schema\/logo\/image\/"}}]}},"_links":{"self":[{"href":"https:\/\/www.heddata.se\/webbutik\/wp-json\/wp\/v2\/product\/34622","targetHints":{"allow":["GET"]}}],"collection":[{"href":"https:\/\/www.heddata.se\/webbutik\/wp-json\/wp\/v2\/product"}],"about":[{"href":"https:\/\/www.heddata.se\/webbutik\/wp-json\/wp\/v2\/types\/product"}],"wp:featuredmedia":[{"embeddable":true,"href":"https:\/\/www.heddata.se\/webbutik\/wp-json\/wp\/v2\/media\/41623"}],"wp:attachment":[{"href":"https:\/\/www.heddata.se\/webbutik\/wp-json\/wp\/v2\/media?parent=34622"}],"wp:term":[{"taxonomy":"product_brand","embeddable":true,"href":"https:\/\/www.heddata.se\/webbutik\/wp-json\/wp\/v2\/product_brand?post=34622"},{"taxonomy":"product_cat","embeddable":true,"href":"https:\/\/www.heddata.se\/webbutik\/wp-json\/wp\/v2\/product_cat?post=34622"},{"taxonomy":"product_tag","embeddable":true,"href":"https:\/\/www.heddata.se\/webbutik\/wp-json\/wp\/v2\/product_tag?post=34622"}],"curies":[{"name":"wp","href":"https:\/\/api.w.org\/{rel}","templated":true}]}}