{"id":28093,"date":"2020-01-20T11:34:25","date_gmt":"2020-01-20T10:34:25","guid":{"rendered":"https:\/\/www.heddata.se\/webbutik\/?post_type=product&#038;p=28093"},"modified":"2026-05-06T18:43:10","modified_gmt":"2026-05-06T16:43:10","slug":"switch-us-8-ubiquiti-unifi","status":"publish","type":"product","link":"https:\/\/www.heddata.se\/webbutik\/produkt\/switch-us-8-ubiquiti-unifi\/","title":{"rendered":"Switch US-8 Ubiquiti UniFi"},"content":{"rendered":"<p>Switch US-8. Managerad gigabit switch. Integrera <a href=\"https:\/\/www.ui.com\/\" target=\"_blank\" rel=\"noopener noreferrer\">UniFi<\/a> Switch s\u00f6ml\u00f6st i Ubiquitis UniFi Software Defined Networking (SDN)-plattform. Det skapar ett skalbart end-to-end-system av <a href=\"https:\/\/www.heddata.se\/webbutik\/natverk\/\">n\u00e4tverksprodukter<\/a> \u00f6ver flera platser &#8211; dessutom \u00e4r allt kontrollerat fr\u00e5n ett enda gr\u00e4nssnitt.<\/p>\n","protected":false},"excerpt":{"rendered":"<p>Switch US-8-150W<\/p>\n","protected":false},"featured_media":89507,"template":"","meta":[],"product_brand":[],"product_cat":[70,8978],"product_tag":[4312,4270],"class_list":{"0":"post-28093","1":"product","2":"type-product","3":"status-publish","4":"has-post-thumbnail","6":"product_cat-natverk","7":"product_cat-switchar","8":"product_tag-ubiquiti","9":"product_tag-unifi","11":"first","12":"outofstock","13":"taxable","14":"shipping-taxable","15":"product-type-simple"},"yoast_head":"<!-- This site is optimized with the Yoast SEO Premium plugin v26.7 (Yoast SEO v26.7) - https:\/\/yoast.com\/wordpress\/plugins\/seo\/ -->\n<title>Switch US-8 Ubiquiti UniFi | Managerad gigabit switch<\/title>\n<meta name=\"description\" content=\"Switch US-8. Managerad switch. POE driven med passthrough. Integrera UniFi Switch s\u00f6ml\u00f6st i Ubiquitis UniFi Software Defined Networking (SDN)-plattform\" \/>\n<meta name=\"robots\" content=\"index, follow, max-snippet:-1, max-image-preview:large, max-video-preview:-1\" \/>\n<link rel=\"canonical\" href=\"https:\/\/www.heddata.se\/webbutik\/produkt\/switch-us-8-ubiquiti-unifi\/\" \/>\n<meta property=\"og:locale\" content=\"sv_SE\" \/>\n<meta property=\"og:type\" content=\"article\" \/>\n<meta property=\"og:title\" content=\"Switch US-8 Ubiquiti UniFi\" \/>\n<meta property=\"og:description\" content=\"Switch US-8. Managerad switch. POE driven med passthrough. Integrera UniFi Switch s\u00f6ml\u00f6st i Ubiquitis UniFi Software Defined Networking (SDN)-plattform\" \/>\n<meta property=\"og:url\" content=\"https:\/\/www.heddata.se\/webbutik\/produkt\/switch-us-8-ubiquiti-unifi\/\" \/>\n<meta property=\"og:site_name\" content=\"Datorer, Skrivare, F\u00e4rgpatroner, Mobiltelefoner\" \/>\n<meta property=\"article:modified_time\" content=\"2026-05-06T16:43:10+00:00\" \/>\n<meta property=\"og:image\" content=\"https:\/\/www.heddata.se\/webbutik\/wp-content\/uploads\/webbutik\/kategorier\/natvark\/unifi-switch-8-US-8.jpg\" \/>\n\t<meta property=\"og:image:width\" content=\"800\" \/>\n\t<meta property=\"og:image:height\" content=\"800\" \/>\n\t<meta property=\"og:image:type\" content=\"image\/jpeg\" \/>\n<meta name=\"twitter:card\" content=\"summary_large_image\" \/>\n<script type=\"application\/ld+json\" class=\"yoast-schema-graph\">{\"@context\":\"https:\/\/schema.org\",\"@graph\":[{\"@type\":\"WebPage\",\"@id\":\"https:\/\/www.heddata.se\/webbutik\/produkt\/switch-us-8-ubiquiti-unifi\/\",\"url\":\"https:\/\/www.heddata.se\/webbutik\/produkt\/switch-us-8-ubiquiti-unifi\/\",\"name\":\"Switch US-8 Ubiquiti UniFi | Managerad gigabit switch\",\"isPartOf\":{\"@id\":\"https:\/\/www.heddata.se\/webbutik\/#website\"},\"primaryImageOfPage\":{\"@id\":\"https:\/\/www.heddata.se\/webbutik\/produkt\/switch-us-8-ubiquiti-unifi\/#primaryimage\"},\"image\":{\"@id\":\"https:\/\/www.heddata.se\/webbutik\/produkt\/switch-us-8-ubiquiti-unifi\/#primaryimage\"},\"thumbnailUrl\":\"https:\/\/www.heddata.se\/webbutik\/wp-content\/uploads\/webbutik\/kategorier\/natvark\/unifi-switch-8-US-8.jpg\",\"datePublished\":\"2020-01-20T10:34:25+00:00\",\"dateModified\":\"2026-05-06T16:43:10+00:00\",\"description\":\"Switch US-8. Managerad switch. POE driven med passthrough. Integrera UniFi Switch s\u00f6ml\u00f6st i Ubiquitis UniFi Software Defined Networking (SDN)-plattform\",\"breadcrumb\":{\"@id\":\"https:\/\/www.heddata.se\/webbutik\/produkt\/switch-us-8-ubiquiti-unifi\/#breadcrumb\"},\"inLanguage\":\"sv-SE\",\"potentialAction\":[{\"@type\":\"ReadAction\",\"target\":[\"https:\/\/www.heddata.se\/webbutik\/produkt\/switch-us-8-ubiquiti-unifi\/\"]}]},{\"@type\":\"ImageObject\",\"inLanguage\":\"sv-SE\",\"@id\":\"https:\/\/www.heddata.se\/webbutik\/produkt\/switch-us-8-ubiquiti-unifi\/#primaryimage\",\"url\":\"https:\/\/www.heddata.se\/webbutik\/wp-content\/uploads\/webbutik\/kategorier\/natvark\/unifi-switch-8-US-8.jpg\",\"contentUrl\":\"https:\/\/www.heddata.se\/webbutik\/wp-content\/uploads\/webbutik\/kategorier\/natvark\/unifi-switch-8-US-8.jpg\",\"width\":800,\"height\":800},{\"@type\":\"BreadcrumbList\",\"@id\":\"https:\/\/www.heddata.se\/webbutik\/produkt\/switch-us-8-ubiquiti-unifi\/#breadcrumb\",\"itemListElement\":[{\"@type\":\"ListItem\",\"position\":1,\"name\":\"Hem\",\"item\":\"https:\/\/www.heddata.se\/webbutik\/\"},{\"@type\":\"ListItem\",\"position\":2,\"name\":\"Produkter\",\"item\":\"https:\/\/www.heddata.se\/webbutik\/shop\/\"},{\"@type\":\"ListItem\",\"position\":3,\"name\":\"Switch US-8 Ubiquiti UniFi\"}]},{\"@type\":\"WebSite\",\"@id\":\"https:\/\/www.heddata.se\/webbutik\/#website\",\"url\":\"https:\/\/www.heddata.se\/webbutik\/\",\"name\":\"Datorer, Skrivare, F\u00e4rgpatroner, Mobiltelefoner\",\"description\":\"Kablar\",\"publisher\":{\"@id\":\"https:\/\/www.heddata.se\/webbutik\/#organization\"},\"potentialAction\":[{\"@type\":\"SearchAction\",\"target\":{\"@type\":\"EntryPoint\",\"urlTemplate\":\"https:\/\/www.heddata.se\/webbutik\/?s={search_term_string}\"},\"query-input\":{\"@type\":\"PropertyValueSpecification\",\"valueRequired\":true,\"valueName\":\"search_term_string\"}}],\"inLanguage\":\"sv-SE\"},{\"@type\":\"Organization\",\"@id\":\"https:\/\/www.heddata.se\/webbutik\/#organization\",\"name\":\"Heddata AB\",\"url\":\"https:\/\/www.heddata.se\/webbutik\/\",\"logo\":{\"@type\":\"ImageObject\",\"inLanguage\":\"sv-SE\",\"@id\":\"https:\/\/www.heddata.se\/webbutik\/#\/schema\/logo\/image\/\",\"url\":\"https:\/\/www.heddata.se\/webbutik\/wp-content\/uploads\/logga\/heddata-ab-logga.png\",\"contentUrl\":\"https:\/\/www.heddata.se\/webbutik\/wp-content\/uploads\/logga\/heddata-ab-logga.png\",\"width\":200,\"height\":64,\"caption\":\"Heddata AB\"},\"image\":{\"@id\":\"https:\/\/www.heddata.se\/webbutik\/#\/schema\/logo\/image\/\"}}]}<\/script>\n<!-- \/ Yoast SEO Premium plugin. -->","yoast_head_json":{"title":"Switch US-8 Ubiquiti UniFi | Managerad gigabit switch","description":"Switch US-8. Managerad switch. POE driven med passthrough. Integrera UniFi Switch s\u00f6ml\u00f6st i Ubiquitis UniFi Software Defined Networking (SDN)-plattform","robots":{"index":"index","follow":"follow","max-snippet":"max-snippet:-1","max-image-preview":"max-image-preview:large","max-video-preview":"max-video-preview:-1"},"canonical":"https:\/\/www.heddata.se\/webbutik\/produkt\/switch-us-8-ubiquiti-unifi\/","og_locale":"sv_SE","og_type":"article","og_title":"Switch US-8 Ubiquiti UniFi","og_description":"Switch US-8. Managerad switch. POE driven med passthrough. Integrera UniFi Switch s\u00f6ml\u00f6st i Ubiquitis UniFi Software Defined Networking (SDN)-plattform","og_url":"https:\/\/www.heddata.se\/webbutik\/produkt\/switch-us-8-ubiquiti-unifi\/","og_site_name":"Datorer, Skrivare, F\u00e4rgpatroner, Mobiltelefoner","article_modified_time":"2026-05-06T16:43:10+00:00","og_image":[{"width":800,"height":800,"url":"https:\/\/www.heddata.se\/webbutik\/wp-content\/uploads\/webbutik\/kategorier\/natvark\/unifi-switch-8-US-8.jpg","type":"image\/jpeg"}],"twitter_card":"summary_large_image","schema":{"@context":"https:\/\/schema.org","@graph":[{"@type":"WebPage","@id":"https:\/\/www.heddata.se\/webbutik\/produkt\/switch-us-8-ubiquiti-unifi\/","url":"https:\/\/www.heddata.se\/webbutik\/produkt\/switch-us-8-ubiquiti-unifi\/","name":"Switch US-8 Ubiquiti UniFi | Managerad gigabit switch","isPartOf":{"@id":"https:\/\/www.heddata.se\/webbutik\/#website"},"primaryImageOfPage":{"@id":"https:\/\/www.heddata.se\/webbutik\/produkt\/switch-us-8-ubiquiti-unifi\/#primaryimage"},"image":{"@id":"https:\/\/www.heddata.se\/webbutik\/produkt\/switch-us-8-ubiquiti-unifi\/#primaryimage"},"thumbnailUrl":"https:\/\/www.heddata.se\/webbutik\/wp-content\/uploads\/webbutik\/kategorier\/natvark\/unifi-switch-8-US-8.jpg","datePublished":"2020-01-20T10:34:25+00:00","dateModified":"2026-05-06T16:43:10+00:00","description":"Switch US-8. Managerad switch. POE driven med passthrough. Integrera UniFi Switch s\u00f6ml\u00f6st i Ubiquitis UniFi Software Defined Networking (SDN)-plattform","breadcrumb":{"@id":"https:\/\/www.heddata.se\/webbutik\/produkt\/switch-us-8-ubiquiti-unifi\/#breadcrumb"},"inLanguage":"sv-SE","potentialAction":[{"@type":"ReadAction","target":["https:\/\/www.heddata.se\/webbutik\/produkt\/switch-us-8-ubiquiti-unifi\/"]}]},{"@type":"ImageObject","inLanguage":"sv-SE","@id":"https:\/\/www.heddata.se\/webbutik\/produkt\/switch-us-8-ubiquiti-unifi\/#primaryimage","url":"https:\/\/www.heddata.se\/webbutik\/wp-content\/uploads\/webbutik\/kategorier\/natvark\/unifi-switch-8-US-8.jpg","contentUrl":"https:\/\/www.heddata.se\/webbutik\/wp-content\/uploads\/webbutik\/kategorier\/natvark\/unifi-switch-8-US-8.jpg","width":800,"height":800},{"@type":"BreadcrumbList","@id":"https:\/\/www.heddata.se\/webbutik\/produkt\/switch-us-8-ubiquiti-unifi\/#breadcrumb","itemListElement":[{"@type":"ListItem","position":1,"name":"Hem","item":"https:\/\/www.heddata.se\/webbutik\/"},{"@type":"ListItem","position":2,"name":"Produkter","item":"https:\/\/www.heddata.se\/webbutik\/shop\/"},{"@type":"ListItem","position":3,"name":"Switch US-8 Ubiquiti UniFi"}]},{"@type":"WebSite","@id":"https:\/\/www.heddata.se\/webbutik\/#website","url":"https:\/\/www.heddata.se\/webbutik\/","name":"Datorer, Skrivare, F\u00e4rgpatroner, Mobiltelefoner","description":"Kablar","publisher":{"@id":"https:\/\/www.heddata.se\/webbutik\/#organization"},"potentialAction":[{"@type":"SearchAction","target":{"@type":"EntryPoint","urlTemplate":"https:\/\/www.heddata.se\/webbutik\/?s={search_term_string}"},"query-input":{"@type":"PropertyValueSpecification","valueRequired":true,"valueName":"search_term_string"}}],"inLanguage":"sv-SE"},{"@type":"Organization","@id":"https:\/\/www.heddata.se\/webbutik\/#organization","name":"Heddata AB","url":"https:\/\/www.heddata.se\/webbutik\/","logo":{"@type":"ImageObject","inLanguage":"sv-SE","@id":"https:\/\/www.heddata.se\/webbutik\/#\/schema\/logo\/image\/","url":"https:\/\/www.heddata.se\/webbutik\/wp-content\/uploads\/logga\/heddata-ab-logga.png","contentUrl":"https:\/\/www.heddata.se\/webbutik\/wp-content\/uploads\/logga\/heddata-ab-logga.png","width":200,"height":64,"caption":"Heddata AB"},"image":{"@id":"https:\/\/www.heddata.se\/webbutik\/#\/schema\/logo\/image\/"}}]}},"_links":{"self":[{"href":"https:\/\/www.heddata.se\/webbutik\/wp-json\/wp\/v2\/product\/28093","targetHints":{"allow":["GET"]}}],"collection":[{"href":"https:\/\/www.heddata.se\/webbutik\/wp-json\/wp\/v2\/product"}],"about":[{"href":"https:\/\/www.heddata.se\/webbutik\/wp-json\/wp\/v2\/types\/product"}],"wp:featuredmedia":[{"embeddable":true,"href":"https:\/\/www.heddata.se\/webbutik\/wp-json\/wp\/v2\/media\/89507"}],"wp:attachment":[{"href":"https:\/\/www.heddata.se\/webbutik\/wp-json\/wp\/v2\/media?parent=28093"}],"wp:term":[{"taxonomy":"product_brand","embeddable":true,"href":"https:\/\/www.heddata.se\/webbutik\/wp-json\/wp\/v2\/product_brand?post=28093"},{"taxonomy":"product_cat","embeddable":true,"href":"https:\/\/www.heddata.se\/webbutik\/wp-json\/wp\/v2\/product_cat?post=28093"},{"taxonomy":"product_tag","embeddable":true,"href":"https:\/\/www.heddata.se\/webbutik\/wp-json\/wp\/v2\/product_tag?post=28093"}],"curies":[{"name":"wp","href":"https:\/\/api.w.org\/{rel}","templated":true}]}}