{"id":28066,"date":"2020-01-20T11:33:05","date_gmt":"2020-01-20T10:33:05","guid":{"rendered":"https:\/\/www.heddata.se\/webbutik\/?post_type=product&#038;p=28066"},"modified":"2026-05-08T18:18:03","modified_gmt":"2026-05-08T16:18:03","slug":"canon-cl-541xl-c-m-y-fargblackpatron-med-hog-avkastning","status":"publish","type":"product","link":"https:\/\/www.heddata.se\/webbutik\/produkt\/canon-cl-541xl-c-m-y-fargblackpatron-med-hog-avkastning\/","title":{"rendered":"Canon CL-541XL C \/ M \/ Y f\u00e4rgbl\u00e4ckpatron med h\u00f6g avkastning"},"content":{"rendered":"<p>Canon CL-541XL F\u00c4RG Original <a href=\"https:\/\/www.heddata.se\/webbutik\/blackpatroner-toners\/blackpatroner\/\">Bl\u00e4ckpatron<\/a>. Denna patron ger h\u00f6g avkastning och ger upp till 2,2 g\u00e5nger fler utskrifter \u00e4n standardekvivalenten. Detta bl\u00e4ck anv\u00e4nds f\u00f6r att skriva ut f\u00e4rgdokument och foton. Att v\u00e4lja Canons \u00e4kta bl\u00e4ck till din Canon-skrivare ger dig garanterat fina utskrifter och skyddar din <a href=\"https:\/\/www.heddata.se\/webbutik\/skrivare-blackstrale-monolaser\/\">skrivare<\/a>.<\/p>\n<p>Tillverkare: <a href=\"https:\/\/www.canon.se\/\" target=\"_blank\" rel=\"noopener noreferrer\">Canon<\/a><br \/>\nF\u00e4rg: Flerf\u00e4rgad C \/ M \/ Y<br \/>\nUtskriftsteknik: <a href=\"https:\/\/www.heddata.se\/webbutik\/skrivare-blackstrale-monolaser\/blackstraleskrivare\/\">Bl\u00e4ckstr\u00e5le<\/a><br \/>\nBl\u00e4ckm\u00e4ngd: 15 ml<br \/>\nSidor: Upp till 400 A4<br \/>\nCanon CL-541XL<\/p>\n<p>Kompatibel med: PIXMA MX535, <i class=\"icon-dot list-dot\"><\/i>PIXMA MX525, <i class=\"icon-dot list-dot\"><\/i>PIXMA MX515, <i class=\"icon-dot list-dot\"><\/i>PIXMA MX475, <i class=\"icon-dot list-dot\"><\/i>PIXMA MX455, <i class=\"icon-dot list-dot\"><\/i>PIXMA MX375, <i class=\"icon-dot list-dot\"><\/i>PIXMA MX435, <i class=\"icon-dot list-dot\"><\/i>PIXMA MX395, <i class=\"icon-dot list-dot\"><\/i>PIXMA MG3250, <i class=\"icon-dot list-dot\"><\/i>PIXMA MG3150, <i class=\"icon-dot list-dot\"><\/i>PIXMA MG2250, <i class=\"icon-dot list-dot\"><\/i>PIXMA MG4250, <i class=\"icon-dot list-dot\"><\/i>PIXMA MG4150, <i class=\"icon-dot list-dot\"><\/i>PIXMA MG3550, <i class=\"icon-dot list-dot\"><\/i>PIXMA MG2150, <i class=\"icon-dot list-dot\"><\/i>PIXMA TS5150, <i class=\"icon-dot list-dot\"><\/i>PIXMA TS5151, <i class=\"icon-dot list-dot\"><\/i>PIXMA MG3650S, <i class=\"icon-dot list-dot\"><\/i>PIXMA MG3650<\/p>\n","protected":false},"excerpt":{"rendered":"<p>Canon PG-541XL<\/p>\n","protected":false},"featured_media":29040,"template":"","meta":[],"product_brand":[],"product_cat":[87,61,93],"product_tag":[1030,1026,1025,1024,1029,1034,1033,1028,1027,1021,1023,1022,1020,1019,1018,1017,1016,1031,1032],"class_list":{"0":"post-28066","1":"product","2":"type-product","3":"status-publish","4":"has-post-thumbnail","6":"product_cat-blackpatroner","7":"product_cat-blackpatroner-toners","8":"product_cat-canon","9":"product_tag-pixma-mg2150","10":"product_tag-pixma-mg2250","11":"product_tag-pixma-mg3150","12":"product_tag-pixma-mg3250","13":"product_tag-pixma-mg3550","14":"product_tag-pixma-mg3650","15":"product_tag-pixma-mg3650s","16":"product_tag-pixma-mg4150","17":"product_tag-pixma-mg4250","18":"product_tag-pixma-mx375","19":"product_tag-pixma-mx395","20":"product_tag-pixma-mx435","21":"product_tag-pixma-mx455","22":"product_tag-pixma-mx475","23":"product_tag-pixma-mx515","24":"product_tag-pixma-mx525","25":"product_tag-pixma-mx535","26":"product_tag-pixma-ts5150","27":"product_tag-pixma-ts5151","29":"first","30":"outofstock","31":"taxable","32":"shipping-taxable","33":"product-type-simple"},"yoast_head":"<!-- This site is optimized with the Yoast SEO Premium plugin v26.7 (Yoast SEO v26.7) - https:\/\/yoast.com\/wordpress\/plugins\/seo\/ -->\n<title>Canon CL-541XL C \/ M \/ Y f\u00e4rgbl\u00e4ckpatron med h\u00f6g avkastning<\/title>\n<meta name=\"description\" content=\"Canon CL-541XL F\u00c4RG Original Bl\u00e4ckpatron. Denna patron ger h\u00f6g avkastning och ger upp till 2,2 g\u00e5nger fler utskrifter \u00e4n standardekvivalenten.\" \/>\n<meta name=\"robots\" content=\"index, follow, max-snippet:-1, max-image-preview:large, max-video-preview:-1\" \/>\n<link rel=\"canonical\" href=\"https:\/\/www.heddata.se\/webbutik\/produkt\/canon-cl-541xl-c-m-y-fargblackpatron-med-hog-avkastning\/\" \/>\n<meta property=\"og:locale\" content=\"sv_SE\" \/>\n<meta property=\"og:type\" content=\"article\" \/>\n<meta property=\"og:title\" content=\"Canon CL-541XL C \/ M \/ Y f\u00e4rgbl\u00e4ckpatron med h\u00f6g avkastning\" \/>\n<meta property=\"og:description\" content=\"Canon CL-541XL F\u00c4RG Original Bl\u00e4ckpatron. Denna patron ger h\u00f6g avkastning och ger upp till 2,2 g\u00e5nger fler utskrifter \u00e4n standardekvivalenten.\" \/>\n<meta property=\"og:url\" content=\"https:\/\/www.heddata.se\/webbutik\/produkt\/canon-cl-541xl-c-m-y-fargblackpatron-med-hog-avkastning\/\" \/>\n<meta property=\"og:site_name\" content=\"Datorer, Skrivare, F\u00e4rgpatroner, Mobiltelefoner\" \/>\n<meta property=\"article:modified_time\" content=\"2026-05-08T16:18:03+00:00\" \/>\n<meta property=\"og:image\" content=\"https:\/\/www.heddata.se\/webbutik\/wp-content\/uploads\/webbutik\/kategorier\/Blackpatroner-toners\/Canon-CL-541XL-5226B005.jpg\" \/>\n\t<meta property=\"og:image:width\" content=\"500\" \/>\n\t<meta property=\"og:image:height\" content=\"500\" \/>\n\t<meta property=\"og:image:type\" content=\"image\/jpeg\" \/>\n<meta name=\"twitter:card\" content=\"summary_large_image\" \/>\n<meta name=\"twitter:label1\" content=\"Ber\u00e4knad l\u00e4stid\" \/>\n\t<meta name=\"twitter:data1\" content=\"1 minut\" \/>\n<script type=\"application\/ld+json\" class=\"yoast-schema-graph\">{\"@context\":\"https:\/\/schema.org\",\"@graph\":[{\"@type\":\"WebPage\",\"@id\":\"https:\/\/www.heddata.se\/webbutik\/produkt\/canon-cl-541xl-c-m-y-fargblackpatron-med-hog-avkastning\/\",\"url\":\"https:\/\/www.heddata.se\/webbutik\/produkt\/canon-cl-541xl-c-m-y-fargblackpatron-med-hog-avkastning\/\",\"name\":\"Canon CL-541XL C \/ M \/ Y f\u00e4rgbl\u00e4ckpatron med h\u00f6g avkastning\",\"isPartOf\":{\"@id\":\"https:\/\/www.heddata.se\/webbutik\/#website\"},\"primaryImageOfPage\":{\"@id\":\"https:\/\/www.heddata.se\/webbutik\/produkt\/canon-cl-541xl-c-m-y-fargblackpatron-med-hog-avkastning\/#primaryimage\"},\"image\":{\"@id\":\"https:\/\/www.heddata.se\/webbutik\/produkt\/canon-cl-541xl-c-m-y-fargblackpatron-med-hog-avkastning\/#primaryimage\"},\"thumbnailUrl\":\"https:\/\/www.heddata.se\/webbutik\/wp-content\/uploads\/webbutik\/kategorier\/Blackpatroner-toners\/Canon-CL-541XL-5226B005.jpg\",\"datePublished\":\"2020-01-20T10:33:05+00:00\",\"dateModified\":\"2026-05-08T16:18:03+00:00\",\"description\":\"Canon CL-541XL F\u00c4RG Original Bl\u00e4ckpatron. Denna patron ger h\u00f6g avkastning och ger upp till 2,2 g\u00e5nger fler utskrifter \u00e4n standardekvivalenten.\",\"breadcrumb\":{\"@id\":\"https:\/\/www.heddata.se\/webbutik\/produkt\/canon-cl-541xl-c-m-y-fargblackpatron-med-hog-avkastning\/#breadcrumb\"},\"inLanguage\":\"sv-SE\",\"potentialAction\":[{\"@type\":\"ReadAction\",\"target\":[\"https:\/\/www.heddata.se\/webbutik\/produkt\/canon-cl-541xl-c-m-y-fargblackpatron-med-hog-avkastning\/\"]}]},{\"@type\":\"ImageObject\",\"inLanguage\":\"sv-SE\",\"@id\":\"https:\/\/www.heddata.se\/webbutik\/produkt\/canon-cl-541xl-c-m-y-fargblackpatron-med-hog-avkastning\/#primaryimage\",\"url\":\"https:\/\/www.heddata.se\/webbutik\/wp-content\/uploads\/webbutik\/kategorier\/Blackpatroner-toners\/Canon-CL-541XL-5226B005.jpg\",\"contentUrl\":\"https:\/\/www.heddata.se\/webbutik\/wp-content\/uploads\/webbutik\/kategorier\/Blackpatroner-toners\/Canon-CL-541XL-5226B005.jpg\",\"width\":500,\"height\":500,\"caption\":\"Canon CL-541XL C \/ M \/ Y f\u00e4rgbl\u00e4ckpatron med h\u00f6g avkastning\"},{\"@type\":\"BreadcrumbList\",\"@id\":\"https:\/\/www.heddata.se\/webbutik\/produkt\/canon-cl-541xl-c-m-y-fargblackpatron-med-hog-avkastning\/#breadcrumb\",\"itemListElement\":[{\"@type\":\"ListItem\",\"position\":1,\"name\":\"Hem\",\"item\":\"https:\/\/www.heddata.se\/webbutik\/\"},{\"@type\":\"ListItem\",\"position\":2,\"name\":\"Produkter\",\"item\":\"https:\/\/www.heddata.se\/webbutik\/shop\/\"},{\"@type\":\"ListItem\",\"position\":3,\"name\":\"Canon CL-541XL C \/ M \/ Y f\u00e4rgbl\u00e4ckpatron med h\u00f6g avkastning\"}]},{\"@type\":\"WebSite\",\"@id\":\"https:\/\/www.heddata.se\/webbutik\/#website\",\"url\":\"https:\/\/www.heddata.se\/webbutik\/\",\"name\":\"Datorer, Skrivare, F\u00e4rgpatroner, Mobiltelefoner\",\"description\":\"Kablar\",\"publisher\":{\"@id\":\"https:\/\/www.heddata.se\/webbutik\/#organization\"},\"potentialAction\":[{\"@type\":\"SearchAction\",\"target\":{\"@type\":\"EntryPoint\",\"urlTemplate\":\"https:\/\/www.heddata.se\/webbutik\/?s={search_term_string}\"},\"query-input\":{\"@type\":\"PropertyValueSpecification\",\"valueRequired\":true,\"valueName\":\"search_term_string\"}}],\"inLanguage\":\"sv-SE\"},{\"@type\":\"Organization\",\"@id\":\"https:\/\/www.heddata.se\/webbutik\/#organization\",\"name\":\"Heddata AB\",\"url\":\"https:\/\/www.heddata.se\/webbutik\/\",\"logo\":{\"@type\":\"ImageObject\",\"inLanguage\":\"sv-SE\",\"@id\":\"https:\/\/www.heddata.se\/webbutik\/#\/schema\/logo\/image\/\",\"url\":\"https:\/\/www.heddata.se\/webbutik\/wp-content\/uploads\/logga\/heddata-ab-logga.png\",\"contentUrl\":\"https:\/\/www.heddata.se\/webbutik\/wp-content\/uploads\/logga\/heddata-ab-logga.png\",\"width\":200,\"height\":64,\"caption\":\"Heddata AB\"},\"image\":{\"@id\":\"https:\/\/www.heddata.se\/webbutik\/#\/schema\/logo\/image\/\"}}]}<\/script>\n<!-- \/ Yoast SEO Premium plugin. -->","yoast_head_json":{"title":"Canon CL-541XL C \/ M \/ Y f\u00e4rgbl\u00e4ckpatron med h\u00f6g avkastning","description":"Canon CL-541XL F\u00c4RG Original Bl\u00e4ckpatron. Denna patron ger h\u00f6g avkastning och ger upp till 2,2 g\u00e5nger fler utskrifter \u00e4n standardekvivalenten.","robots":{"index":"index","follow":"follow","max-snippet":"max-snippet:-1","max-image-preview":"max-image-preview:large","max-video-preview":"max-video-preview:-1"},"canonical":"https:\/\/www.heddata.se\/webbutik\/produkt\/canon-cl-541xl-c-m-y-fargblackpatron-med-hog-avkastning\/","og_locale":"sv_SE","og_type":"article","og_title":"Canon CL-541XL C \/ M \/ Y f\u00e4rgbl\u00e4ckpatron med h\u00f6g avkastning","og_description":"Canon CL-541XL F\u00c4RG Original Bl\u00e4ckpatron. Denna patron ger h\u00f6g avkastning och ger upp till 2,2 g\u00e5nger fler utskrifter \u00e4n standardekvivalenten.","og_url":"https:\/\/www.heddata.se\/webbutik\/produkt\/canon-cl-541xl-c-m-y-fargblackpatron-med-hog-avkastning\/","og_site_name":"Datorer, Skrivare, F\u00e4rgpatroner, Mobiltelefoner","article_modified_time":"2026-05-08T16:18:03+00:00","og_image":[{"width":500,"height":500,"url":"https:\/\/www.heddata.se\/webbutik\/wp-content\/uploads\/webbutik\/kategorier\/Blackpatroner-toners\/Canon-CL-541XL-5226B005.jpg","type":"image\/jpeg"}],"twitter_card":"summary_large_image","twitter_misc":{"Ber\u00e4knad l\u00e4stid":"1 minut"},"schema":{"@context":"https:\/\/schema.org","@graph":[{"@type":"WebPage","@id":"https:\/\/www.heddata.se\/webbutik\/produkt\/canon-cl-541xl-c-m-y-fargblackpatron-med-hog-avkastning\/","url":"https:\/\/www.heddata.se\/webbutik\/produkt\/canon-cl-541xl-c-m-y-fargblackpatron-med-hog-avkastning\/","name":"Canon CL-541XL C \/ M \/ Y f\u00e4rgbl\u00e4ckpatron med h\u00f6g avkastning","isPartOf":{"@id":"https:\/\/www.heddata.se\/webbutik\/#website"},"primaryImageOfPage":{"@id":"https:\/\/www.heddata.se\/webbutik\/produkt\/canon-cl-541xl-c-m-y-fargblackpatron-med-hog-avkastning\/#primaryimage"},"image":{"@id":"https:\/\/www.heddata.se\/webbutik\/produkt\/canon-cl-541xl-c-m-y-fargblackpatron-med-hog-avkastning\/#primaryimage"},"thumbnailUrl":"https:\/\/www.heddata.se\/webbutik\/wp-content\/uploads\/webbutik\/kategorier\/Blackpatroner-toners\/Canon-CL-541XL-5226B005.jpg","datePublished":"2020-01-20T10:33:05+00:00","dateModified":"2026-05-08T16:18:03+00:00","description":"Canon CL-541XL F\u00c4RG Original Bl\u00e4ckpatron. Denna patron ger h\u00f6g avkastning och ger upp till 2,2 g\u00e5nger fler utskrifter \u00e4n standardekvivalenten.","breadcrumb":{"@id":"https:\/\/www.heddata.se\/webbutik\/produkt\/canon-cl-541xl-c-m-y-fargblackpatron-med-hog-avkastning\/#breadcrumb"},"inLanguage":"sv-SE","potentialAction":[{"@type":"ReadAction","target":["https:\/\/www.heddata.se\/webbutik\/produkt\/canon-cl-541xl-c-m-y-fargblackpatron-med-hog-avkastning\/"]}]},{"@type":"ImageObject","inLanguage":"sv-SE","@id":"https:\/\/www.heddata.se\/webbutik\/produkt\/canon-cl-541xl-c-m-y-fargblackpatron-med-hog-avkastning\/#primaryimage","url":"https:\/\/www.heddata.se\/webbutik\/wp-content\/uploads\/webbutik\/kategorier\/Blackpatroner-toners\/Canon-CL-541XL-5226B005.jpg","contentUrl":"https:\/\/www.heddata.se\/webbutik\/wp-content\/uploads\/webbutik\/kategorier\/Blackpatroner-toners\/Canon-CL-541XL-5226B005.jpg","width":500,"height":500,"caption":"Canon CL-541XL C \/ M \/ Y f\u00e4rgbl\u00e4ckpatron med h\u00f6g avkastning"},{"@type":"BreadcrumbList","@id":"https:\/\/www.heddata.se\/webbutik\/produkt\/canon-cl-541xl-c-m-y-fargblackpatron-med-hog-avkastning\/#breadcrumb","itemListElement":[{"@type":"ListItem","position":1,"name":"Hem","item":"https:\/\/www.heddata.se\/webbutik\/"},{"@type":"ListItem","position":2,"name":"Produkter","item":"https:\/\/www.heddata.se\/webbutik\/shop\/"},{"@type":"ListItem","position":3,"name":"Canon CL-541XL C \/ M \/ Y f\u00e4rgbl\u00e4ckpatron med h\u00f6g avkastning"}]},{"@type":"WebSite","@id":"https:\/\/www.heddata.se\/webbutik\/#website","url":"https:\/\/www.heddata.se\/webbutik\/","name":"Datorer, Skrivare, F\u00e4rgpatroner, Mobiltelefoner","description":"Kablar","publisher":{"@id":"https:\/\/www.heddata.se\/webbutik\/#organization"},"potentialAction":[{"@type":"SearchAction","target":{"@type":"EntryPoint","urlTemplate":"https:\/\/www.heddata.se\/webbutik\/?s={search_term_string}"},"query-input":{"@type":"PropertyValueSpecification","valueRequired":true,"valueName":"search_term_string"}}],"inLanguage":"sv-SE"},{"@type":"Organization","@id":"https:\/\/www.heddata.se\/webbutik\/#organization","name":"Heddata AB","url":"https:\/\/www.heddata.se\/webbutik\/","logo":{"@type":"ImageObject","inLanguage":"sv-SE","@id":"https:\/\/www.heddata.se\/webbutik\/#\/schema\/logo\/image\/","url":"https:\/\/www.heddata.se\/webbutik\/wp-content\/uploads\/logga\/heddata-ab-logga.png","contentUrl":"https:\/\/www.heddata.se\/webbutik\/wp-content\/uploads\/logga\/heddata-ab-logga.png","width":200,"height":64,"caption":"Heddata AB"},"image":{"@id":"https:\/\/www.heddata.se\/webbutik\/#\/schema\/logo\/image\/"}}]}},"_links":{"self":[{"href":"https:\/\/www.heddata.se\/webbutik\/wp-json\/wp\/v2\/product\/28066","targetHints":{"allow":["GET"]}}],"collection":[{"href":"https:\/\/www.heddata.se\/webbutik\/wp-json\/wp\/v2\/product"}],"about":[{"href":"https:\/\/www.heddata.se\/webbutik\/wp-json\/wp\/v2\/types\/product"}],"wp:featuredmedia":[{"embeddable":true,"href":"https:\/\/www.heddata.se\/webbutik\/wp-json\/wp\/v2\/media\/29040"}],"wp:attachment":[{"href":"https:\/\/www.heddata.se\/webbutik\/wp-json\/wp\/v2\/media?parent=28066"}],"wp:term":[{"taxonomy":"product_brand","embeddable":true,"href":"https:\/\/www.heddata.se\/webbutik\/wp-json\/wp\/v2\/product_brand?post=28066"},{"taxonomy":"product_cat","embeddable":true,"href":"https:\/\/www.heddata.se\/webbutik\/wp-json\/wp\/v2\/product_cat?post=28066"},{"taxonomy":"product_tag","embeddable":true,"href":"https:\/\/www.heddata.se\/webbutik\/wp-json\/wp\/v2\/product_tag?post=28066"}],"curies":[{"name":"wp","href":"https:\/\/api.w.org\/{rel}","templated":true}]}}