{"id":2620,"date":"2019-10-07T08:17:41","date_gmt":"2019-10-07T06:17:41","guid":{"rendered":"https:\/\/www.heddata.se\/webbutik\/produkt\/toner-brother-tn243c-1000-pages-cyan\/"},"modified":"2026-04-17T18:10:31","modified_gmt":"2026-04-17T16:10:31","slug":"toner-brother-tn243c","status":"publish","type":"product","link":"https:\/\/www.heddata.se\/webbutik\/produkt\/toner-brother-tn243c\/","title":{"rendered":"Brother TN243C CYAN orginaltoner"},"content":{"rendered":"<div class=\"col-xs-12 col-sm-6 col-md-12 product-detail--container-description\">\n<p class=\"product-detail--section product-detail--product-description\">Brother TN243C toner ser till att din skrivare forts\u00e4tter att leverera utm\u00e4rkta, professionella utskrifter. Orginal <a href=\"https:\/\/www.heddata.se\/webbutik\/blackpatroner-toners\/\">tonerkassett<\/a> i CYAN. Denna tonerkassett \u00e4r kompatibel med flera av <a href=\"https:\/\/www.heddata.se\/webbutik\/blackpatroner-toners\/blackpatroner\/brother-blackpatroner\/\">Brothers skrivare<\/a>.<\/p>\n<\/div>\n<div class=\"col-xs-12 col-sm-6 col-md-12 product-detail--container-features\">\n<section class=\"product-detail--section product-detail--key-features\">Viktiga funktioner<\/p>\n<ul class=\"tick-list\">\n<li>Ger cirka 1 000 A4 -sidor sidor i enlighet med ISO\/IEC19752<\/li>\n<li><a href=\"https:\/\/www.brother.se\/\">Brother<\/a> originalkassett av h\u00f6g kvalitet<\/li>\n<li>Reducerar spill sparar papper, tid och pengar<\/li>\n<\/ul>\n<p>Alla patroner fr\u00e5n Brother\u2013 inklusive TN243C tonerkassett i cyan &#8211; testas noggrant f\u00f6r att s\u00e4kerst\u00e4lla att du ska f\u00e5 den mest p\u00e5litliga l\u00f6sningen. TN243C\u00a0 original tonerkassett garanterar att din skrivare forts\u00e4tter att fungera utan problem, ger dig valuta f\u00f6r pengarna och en maskin du kan lita p\u00e5.<\/p>\n<p><strong>Kompatibel med: Brother DCP-L3510CDW, HL-L3270CDW, HL-L3290CDW, MFC-L3710CW, MFC-L3730CDN, MFC-L3750CDW<\/strong><\/p>\n<p>\u00d6vriga f\u00e4rger: <a href=\"\/webbutik\/produkt\/toner-brother-tn243m-magenta\/\">TN243M<\/a>, <a href=\"\/webbutik\/produkt\/brother-tn243y-gul-toner\/\">TN243Y<\/a><\/p>\n<\/section>\n<\/div>\n","protected":false},"excerpt":{"rendered":"<p>Brother TN243C toner ser till att din skrivare forts\u00e4tter att leverera utm\u00e4rkta, professionella utskrifter. Orginal tonerkassett i CYAN. Denna tonerkassett \u00e4r kompatibel med flera av Brothers skrivare. Viktiga funktioner Ger cirka 1 000 A4 -sidor sidor i enlighet med ISO\/IEC19752 Brother originalkassett av h\u00f6g kvalitet Reducerar spill sparar papper, tid och pengar Alla patroner fr\u00e5n [&#8230;]\n","protected":false},"featured_media":2655,"template":"","meta":[],"product_brand":[],"product_cat":[61,98,89],"product_tag":[275,276,277,278,279,280],"class_list":{"0":"post-2620","1":"product","2":"type-product","3":"status-publish","4":"has-post-thumbnail","6":"product_cat-blackpatroner-toners","7":"product_cat-brother-toner","8":"product_cat-toner","9":"product_tag-dcp-l3510cdw","10":"product_tag-hl-l3270cdw","11":"product_tag-hl-l3290cdw","12":"product_tag-mfc-l3710cw","13":"product_tag-mfc-l3730cdn","14":"product_tag-mfc-l3750cdw","16":"first","17":"instock","18":"taxable","19":"shipping-taxable","20":"purchasable","21":"product-type-simple"},"yoast_head":"<!-- This site is optimized with the Yoast SEO Premium plugin v26.7 (Yoast SEO v26.7) - https:\/\/yoast.com\/wordpress\/plugins\/seo\/ -->\n<title>Brother TN243C CYAN. Tonerkassett Orginal fr\u00e5n Brother<\/title>\n<meta name=\"description\" content=\"Brother TN243C. Orginaltoner fr\u00e5n Brother i CYAN. Alla patroner fr\u00e5n Brother testas noggrant f\u00f6r att s\u00e4kerst\u00e4lla att du ska f\u00e5 den mest p\u00e5litliga l\u00f6sningen.\" \/>\n<meta name=\"robots\" content=\"index, follow, max-snippet:-1, max-image-preview:large, max-video-preview:-1\" \/>\n<link rel=\"canonical\" href=\"https:\/\/www.heddata.se\/webbutik\/produkt\/toner-brother-tn243c\/\" \/>\n<meta property=\"og:locale\" content=\"sv_SE\" \/>\n<meta property=\"og:type\" content=\"article\" \/>\n<meta property=\"og:title\" content=\"Brother TN243C CYAN orginaltoner\" \/>\n<meta property=\"og:description\" content=\"Brother TN243C. Orginaltoner fr\u00e5n Brother i CYAN. Alla patroner fr\u00e5n Brother testas noggrant f\u00f6r att s\u00e4kerst\u00e4lla att du ska f\u00e5 den mest p\u00e5litliga l\u00f6sningen.\" \/>\n<meta property=\"og:url\" content=\"https:\/\/www.heddata.se\/webbutik\/produkt\/toner-brother-tn243c\/\" \/>\n<meta property=\"og:site_name\" content=\"Datorer, Skrivare, F\u00e4rgpatroner, Mobiltelefoner\" \/>\n<meta property=\"article:modified_time\" content=\"2026-04-17T16:10:31+00:00\" \/>\n<meta property=\"og:image\" content=\"https:\/\/www.heddata.se\/webbutik\/wp-content\/uploads\/webbutik\/kategorier\/Bl\u00e4ckpatroner-toners\/TN243C_brother_toner_orginal.jpg\" \/>\n\t<meta property=\"og:image:width\" content=\"960\" \/>\n\t<meta property=\"og:image:height\" content=\"960\" \/>\n\t<meta property=\"og:image:type\" content=\"image\/jpeg\" \/>\n<meta name=\"twitter:card\" content=\"summary_large_image\" \/>\n<meta name=\"twitter:label1\" content=\"Ber\u00e4knad l\u00e4stid\" \/>\n\t<meta name=\"twitter:data1\" content=\"1 minut\" \/>\n<script type=\"application\/ld+json\" class=\"yoast-schema-graph\">{\"@context\":\"https:\/\/schema.org\",\"@graph\":[{\"@type\":\"WebPage\",\"@id\":\"https:\/\/www.heddata.se\/webbutik\/produkt\/toner-brother-tn243c\/\",\"url\":\"https:\/\/www.heddata.se\/webbutik\/produkt\/toner-brother-tn243c\/\",\"name\":\"Brother TN243C CYAN. Tonerkassett Orginal fr\u00e5n Brother\",\"isPartOf\":{\"@id\":\"https:\/\/www.heddata.se\/webbutik\/#website\"},\"primaryImageOfPage\":{\"@id\":\"https:\/\/www.heddata.se\/webbutik\/produkt\/toner-brother-tn243c\/#primaryimage\"},\"image\":{\"@id\":\"https:\/\/www.heddata.se\/webbutik\/produkt\/toner-brother-tn243c\/#primaryimage\"},\"thumbnailUrl\":\"https:\/\/www.heddata.se\/webbutik\/wp-content\/uploads\/webbutik\/kategorier\/Bl\u00e4ckpatroner-toners\/TN243C_brother_toner_orginal.jpg\",\"datePublished\":\"2019-10-07T06:17:41+00:00\",\"dateModified\":\"2026-04-17T16:10:31+00:00\",\"description\":\"Brother TN243C. Orginaltoner fr\u00e5n Brother i CYAN. Alla patroner fr\u00e5n Brother testas noggrant f\u00f6r att s\u00e4kerst\u00e4lla att du ska f\u00e5 den mest p\u00e5litliga l\u00f6sningen.\",\"breadcrumb\":{\"@id\":\"https:\/\/www.heddata.se\/webbutik\/produkt\/toner-brother-tn243c\/#breadcrumb\"},\"inLanguage\":\"sv-SE\",\"potentialAction\":[{\"@type\":\"ReadAction\",\"target\":[\"https:\/\/www.heddata.se\/webbutik\/produkt\/toner-brother-tn243c\/\"]}]},{\"@type\":\"ImageObject\",\"inLanguage\":\"sv-SE\",\"@id\":\"https:\/\/www.heddata.se\/webbutik\/produkt\/toner-brother-tn243c\/#primaryimage\",\"url\":\"https:\/\/www.heddata.se\/webbutik\/wp-content\/uploads\/webbutik\/kategorier\/Bl\u00e4ckpatroner-toners\/TN243C_brother_toner_orginal.jpg\",\"contentUrl\":\"https:\/\/www.heddata.se\/webbutik\/wp-content\/uploads\/webbutik\/kategorier\/Bl\u00e4ckpatroner-toners\/TN243C_brother_toner_orginal.jpg\",\"width\":960,\"height\":960,\"caption\":\"Brother TN243C CYAN orginaltoner\"},{\"@type\":\"BreadcrumbList\",\"@id\":\"https:\/\/www.heddata.se\/webbutik\/produkt\/toner-brother-tn243c\/#breadcrumb\",\"itemListElement\":[{\"@type\":\"ListItem\",\"position\":1,\"name\":\"Hem\",\"item\":\"https:\/\/www.heddata.se\/webbutik\/\"},{\"@type\":\"ListItem\",\"position\":2,\"name\":\"Produkter\",\"item\":\"https:\/\/www.heddata.se\/webbutik\/shop\/\"},{\"@type\":\"ListItem\",\"position\":3,\"name\":\"Brother TN243C CYAN orginaltoner\"}]},{\"@type\":\"WebSite\",\"@id\":\"https:\/\/www.heddata.se\/webbutik\/#website\",\"url\":\"https:\/\/www.heddata.se\/webbutik\/\",\"name\":\"Datorer, Skrivare, F\u00e4rgpatroner, Mobiltelefoner\",\"description\":\"Kablar\",\"publisher\":{\"@id\":\"https:\/\/www.heddata.se\/webbutik\/#organization\"},\"potentialAction\":[{\"@type\":\"SearchAction\",\"target\":{\"@type\":\"EntryPoint\",\"urlTemplate\":\"https:\/\/www.heddata.se\/webbutik\/?s={search_term_string}\"},\"query-input\":{\"@type\":\"PropertyValueSpecification\",\"valueRequired\":true,\"valueName\":\"search_term_string\"}}],\"inLanguage\":\"sv-SE\"},{\"@type\":\"Organization\",\"@id\":\"https:\/\/www.heddata.se\/webbutik\/#organization\",\"name\":\"Heddata AB\",\"url\":\"https:\/\/www.heddata.se\/webbutik\/\",\"logo\":{\"@type\":\"ImageObject\",\"inLanguage\":\"sv-SE\",\"@id\":\"https:\/\/www.heddata.se\/webbutik\/#\/schema\/logo\/image\/\",\"url\":\"https:\/\/www.heddata.se\/webbutik\/wp-content\/uploads\/logga\/heddata-ab-logga.png\",\"contentUrl\":\"https:\/\/www.heddata.se\/webbutik\/wp-content\/uploads\/logga\/heddata-ab-logga.png\",\"width\":200,\"height\":64,\"caption\":\"Heddata AB\"},\"image\":{\"@id\":\"https:\/\/www.heddata.se\/webbutik\/#\/schema\/logo\/image\/\"}}]}<\/script>\n<!-- \/ Yoast SEO Premium plugin. -->","yoast_head_json":{"title":"Brother TN243C CYAN. Tonerkassett Orginal fr\u00e5n Brother","description":"Brother TN243C. Orginaltoner fr\u00e5n Brother i CYAN. Alla patroner fr\u00e5n Brother testas noggrant f\u00f6r att s\u00e4kerst\u00e4lla att du ska f\u00e5 den mest p\u00e5litliga l\u00f6sningen.","robots":{"index":"index","follow":"follow","max-snippet":"max-snippet:-1","max-image-preview":"max-image-preview:large","max-video-preview":"max-video-preview:-1"},"canonical":"https:\/\/www.heddata.se\/webbutik\/produkt\/toner-brother-tn243c\/","og_locale":"sv_SE","og_type":"article","og_title":"Brother TN243C CYAN orginaltoner","og_description":"Brother TN243C. Orginaltoner fr\u00e5n Brother i CYAN. Alla patroner fr\u00e5n Brother testas noggrant f\u00f6r att s\u00e4kerst\u00e4lla att du ska f\u00e5 den mest p\u00e5litliga l\u00f6sningen.","og_url":"https:\/\/www.heddata.se\/webbutik\/produkt\/toner-brother-tn243c\/","og_site_name":"Datorer, Skrivare, F\u00e4rgpatroner, Mobiltelefoner","article_modified_time":"2026-04-17T16:10:31+00:00","og_image":[{"width":960,"height":960,"url":"https:\/\/www.heddata.se\/webbutik\/wp-content\/uploads\/webbutik\/kategorier\/Bl\u00e4ckpatroner-toners\/TN243C_brother_toner_orginal.jpg","type":"image\/jpeg"}],"twitter_card":"summary_large_image","twitter_misc":{"Ber\u00e4knad l\u00e4stid":"1 minut"},"schema":{"@context":"https:\/\/schema.org","@graph":[{"@type":"WebPage","@id":"https:\/\/www.heddata.se\/webbutik\/produkt\/toner-brother-tn243c\/","url":"https:\/\/www.heddata.se\/webbutik\/produkt\/toner-brother-tn243c\/","name":"Brother TN243C CYAN. Tonerkassett Orginal fr\u00e5n Brother","isPartOf":{"@id":"https:\/\/www.heddata.se\/webbutik\/#website"},"primaryImageOfPage":{"@id":"https:\/\/www.heddata.se\/webbutik\/produkt\/toner-brother-tn243c\/#primaryimage"},"image":{"@id":"https:\/\/www.heddata.se\/webbutik\/produkt\/toner-brother-tn243c\/#primaryimage"},"thumbnailUrl":"https:\/\/www.heddata.se\/webbutik\/wp-content\/uploads\/webbutik\/kategorier\/Bl\u00e4ckpatroner-toners\/TN243C_brother_toner_orginal.jpg","datePublished":"2019-10-07T06:17:41+00:00","dateModified":"2026-04-17T16:10:31+00:00","description":"Brother TN243C. Orginaltoner fr\u00e5n Brother i CYAN. Alla patroner fr\u00e5n Brother testas noggrant f\u00f6r att s\u00e4kerst\u00e4lla att du ska f\u00e5 den mest p\u00e5litliga l\u00f6sningen.","breadcrumb":{"@id":"https:\/\/www.heddata.se\/webbutik\/produkt\/toner-brother-tn243c\/#breadcrumb"},"inLanguage":"sv-SE","potentialAction":[{"@type":"ReadAction","target":["https:\/\/www.heddata.se\/webbutik\/produkt\/toner-brother-tn243c\/"]}]},{"@type":"ImageObject","inLanguage":"sv-SE","@id":"https:\/\/www.heddata.se\/webbutik\/produkt\/toner-brother-tn243c\/#primaryimage","url":"https:\/\/www.heddata.se\/webbutik\/wp-content\/uploads\/webbutik\/kategorier\/Bl\u00e4ckpatroner-toners\/TN243C_brother_toner_orginal.jpg","contentUrl":"https:\/\/www.heddata.se\/webbutik\/wp-content\/uploads\/webbutik\/kategorier\/Bl\u00e4ckpatroner-toners\/TN243C_brother_toner_orginal.jpg","width":960,"height":960,"caption":"Brother TN243C CYAN orginaltoner"},{"@type":"BreadcrumbList","@id":"https:\/\/www.heddata.se\/webbutik\/produkt\/toner-brother-tn243c\/#breadcrumb","itemListElement":[{"@type":"ListItem","position":1,"name":"Hem","item":"https:\/\/www.heddata.se\/webbutik\/"},{"@type":"ListItem","position":2,"name":"Produkter","item":"https:\/\/www.heddata.se\/webbutik\/shop\/"},{"@type":"ListItem","position":3,"name":"Brother TN243C CYAN orginaltoner"}]},{"@type":"WebSite","@id":"https:\/\/www.heddata.se\/webbutik\/#website","url":"https:\/\/www.heddata.se\/webbutik\/","name":"Datorer, Skrivare, F\u00e4rgpatroner, Mobiltelefoner","description":"Kablar","publisher":{"@id":"https:\/\/www.heddata.se\/webbutik\/#organization"},"potentialAction":[{"@type":"SearchAction","target":{"@type":"EntryPoint","urlTemplate":"https:\/\/www.heddata.se\/webbutik\/?s={search_term_string}"},"query-input":{"@type":"PropertyValueSpecification","valueRequired":true,"valueName":"search_term_string"}}],"inLanguage":"sv-SE"},{"@type":"Organization","@id":"https:\/\/www.heddata.se\/webbutik\/#organization","name":"Heddata AB","url":"https:\/\/www.heddata.se\/webbutik\/","logo":{"@type":"ImageObject","inLanguage":"sv-SE","@id":"https:\/\/www.heddata.se\/webbutik\/#\/schema\/logo\/image\/","url":"https:\/\/www.heddata.se\/webbutik\/wp-content\/uploads\/logga\/heddata-ab-logga.png","contentUrl":"https:\/\/www.heddata.se\/webbutik\/wp-content\/uploads\/logga\/heddata-ab-logga.png","width":200,"height":64,"caption":"Heddata AB"},"image":{"@id":"https:\/\/www.heddata.se\/webbutik\/#\/schema\/logo\/image\/"}}]}},"_links":{"self":[{"href":"https:\/\/www.heddata.se\/webbutik\/wp-json\/wp\/v2\/product\/2620","targetHints":{"allow":["GET"]}}],"collection":[{"href":"https:\/\/www.heddata.se\/webbutik\/wp-json\/wp\/v2\/product"}],"about":[{"href":"https:\/\/www.heddata.se\/webbutik\/wp-json\/wp\/v2\/types\/product"}],"wp:featuredmedia":[{"embeddable":true,"href":"https:\/\/www.heddata.se\/webbutik\/wp-json\/wp\/v2\/media\/2655"}],"wp:attachment":[{"href":"https:\/\/www.heddata.se\/webbutik\/wp-json\/wp\/v2\/media?parent=2620"}],"wp:term":[{"taxonomy":"product_brand","embeddable":true,"href":"https:\/\/www.heddata.se\/webbutik\/wp-json\/wp\/v2\/product_brand?post=2620"},{"taxonomy":"product_cat","embeddable":true,"href":"https:\/\/www.heddata.se\/webbutik\/wp-json\/wp\/v2\/product_cat?post=2620"},{"taxonomy":"product_tag","embeddable":true,"href":"https:\/\/www.heddata.se\/webbutik\/wp-json\/wp\/v2\/product_tag?post=2620"}],"curies":[{"name":"wp","href":"https:\/\/api.w.org\/{rel}","templated":true}]}}