{"id":2619,"date":"2019-10-07T08:17:38","date_gmt":"2019-10-07T06:17:38","guid":{"rendered":"https:\/\/www.heddata.se\/webbutik\/produkt\/toner-brother-tn243bk-1000-pages-black\/"},"modified":"2026-04-17T18:10:31","modified_gmt":"2026-04-17T16:10:31","slug":"brother-tn243bk-svar-original-toner","status":"publish","type":"product","link":"https:\/\/www.heddata.se\/webbutik\/produkt\/brother-tn243bk-svar-original-toner\/","title":{"rendered":"Brother TN243BK SVART toner"},"content":{"rendered":"<p>Brother TN243BK Svart original toner.<\/p>\n<p>Denna Svarta toner fr\u00e5n Brother \u00e4r designad f\u00f6r att passa din <a href=\"https:\/\/www.heddata.se\/webbutik\/skrivare-blackstrale-monolaser\/\">Brother-skrivare<\/a> perfekt. Den producerar skarp och klar text varje g\u00e5ng du skriver ut ett dokument, som inte bleknar med tiden. Om du vill vara s\u00e4ker p\u00e5 att f\u00e5 ut det mesta av din skrivare och samtidigt h\u00e5lla den i bra skicka s\u00e5 \u00e4r det alltid en bra id\u00e9 att anv\u00e4nda en <a href=\"https:\/\/www.heddata.se\/webbutik\/blackpatroner-toners\/\">original toner<\/a> fr\u00e5n tillverkaren till din skrivare.<\/p>\n<ul>\n<li><span>Skriver ut upp till 1 000 sidor enligt ISO \/ IEC 19798<\/span><\/li>\n<li><span>Original <a href=\"https:\/\/www.brother.se\/\">Brother<\/a> toner av h\u00f6g kvalitet<\/span><\/li>\n<li><span>Original toner minskar avfall, vilket sparar papper, tid och pengar<br \/>\n<\/span><\/li>\n<\/ul>\n<p>\u00d6vriga f\u00e4rger: <a href=\"https:\/\/www.heddata.se\/webbutik\/produkt\/toner-brother-tn243m-magenta\/\">TN243M<\/a>, <a href=\"https:\/\/www.heddata.se\/webbutik\/produkt\/toner-brother-tn243c\/\">TN243C<\/a>, <a href=\"https:\/\/www.heddata.se\/webbutik\/produkt\/brother-tn243y-gul-toner\/\">TN243Y<\/a><\/p>\n<p>Kompatibel med: Brother DCP-L3510CDW, HL-L3270CDW, HL-L3290CDW, MFC-L3710CW, MFC-L3730CDN, MFC-L3750CDW<\/p>\n","protected":false},"excerpt":{"rendered":"<p>Brother TN243BK Svart original toner. Denna Svarta toner fr\u00e5n Brother \u00e4r designad f\u00f6r att passa din Brother-skrivare perfekt. Den producerar skarp och klar text varje g\u00e5ng du skriver ut ett dokument, som inte bleknar med tiden. Om du vill vara s\u00e4ker p\u00e5 att f\u00e5 ut det mesta av din skrivare och samtidigt h\u00e5lla den i [&#8230;]\n","protected":false},"featured_media":2906,"template":"","meta":[],"product_brand":[],"product_cat":[61,98,89],"product_tag":[275,276,277,278,279,280],"class_list":{"0":"post-2619","1":"product","2":"type-product","3":"status-publish","4":"has-post-thumbnail","6":"product_cat-blackpatroner-toners","7":"product_cat-brother-toner","8":"product_cat-toner","9":"product_tag-dcp-l3510cdw","10":"product_tag-hl-l3270cdw","11":"product_tag-hl-l3290cdw","12":"product_tag-mfc-l3710cw","13":"product_tag-mfc-l3730cdn","14":"product_tag-mfc-l3750cdw","16":"first","17":"instock","18":"taxable","19":"shipping-taxable","20":"purchasable","21":"product-type-simple"},"yoast_head":"<!-- This site is optimized with the Yoast SEO Premium plugin v26.7 (Yoast SEO v26.7) - https:\/\/yoast.com\/wordpress\/plugins\/seo\/ -->\n<title>Brother TN243BK Svart Original tonerkassett fr\u00e5n Brother<\/title>\n<meta name=\"description\" content=\"Brother TN243BK SVART original toner. Denna toner \u00e4r framst\u00e4lld av tillverkaren f\u00f6r att passa perfekt tillsammans med din Brother-skrivare\" \/>\n<meta name=\"robots\" content=\"index, follow, max-snippet:-1, max-image-preview:large, max-video-preview:-1\" \/>\n<link rel=\"canonical\" href=\"https:\/\/www.heddata.se\/webbutik\/produkt\/brother-tn243bk-svar-original-toner\/\" \/>\n<meta property=\"og:locale\" content=\"sv_SE\" \/>\n<meta property=\"og:type\" content=\"article\" \/>\n<meta property=\"og:title\" content=\"Brother TN243BK SVART toner\" \/>\n<meta property=\"og:description\" content=\"Brother TN243BK SVART original toner. Denna toner \u00e4r framst\u00e4lld av tillverkaren f\u00f6r att passa perfekt tillsammans med din Brother-skrivare\" \/>\n<meta property=\"og:url\" content=\"https:\/\/www.heddata.se\/webbutik\/produkt\/brother-tn243bk-svar-original-toner\/\" \/>\n<meta property=\"og:site_name\" content=\"Datorer, Skrivare, F\u00e4rgpatroner, Mobiltelefoner\" \/>\n<meta property=\"article:modified_time\" content=\"2026-04-17T16:10:31+00:00\" \/>\n<meta property=\"og:image\" content=\"https:\/\/www.heddata.se\/webbutik\/wp-content\/uploads\/webbutik\/kategorier\/Bl\u00e4ckpatroner-toners\/TN243BK-brother-svart-toner-original.jpg\" \/>\n\t<meta property=\"og:image:width\" content=\"960\" \/>\n\t<meta property=\"og:image:height\" content=\"960\" \/>\n\t<meta property=\"og:image:type\" content=\"image\/jpeg\" \/>\n<meta name=\"twitter:card\" content=\"summary_large_image\" \/>\n<meta name=\"twitter:label1\" content=\"Ber\u00e4knad l\u00e4stid\" \/>\n\t<meta name=\"twitter:data1\" content=\"1 minut\" \/>\n<script type=\"application\/ld+json\" class=\"yoast-schema-graph\">{\"@context\":\"https:\/\/schema.org\",\"@graph\":[{\"@type\":\"WebPage\",\"@id\":\"https:\/\/www.heddata.se\/webbutik\/produkt\/brother-tn243bk-svar-original-toner\/\",\"url\":\"https:\/\/www.heddata.se\/webbutik\/produkt\/brother-tn243bk-svar-original-toner\/\",\"name\":\"Brother TN243BK Svart Original tonerkassett fr\u00e5n Brother\",\"isPartOf\":{\"@id\":\"https:\/\/www.heddata.se\/webbutik\/#website\"},\"primaryImageOfPage\":{\"@id\":\"https:\/\/www.heddata.se\/webbutik\/produkt\/brother-tn243bk-svar-original-toner\/#primaryimage\"},\"image\":{\"@id\":\"https:\/\/www.heddata.se\/webbutik\/produkt\/brother-tn243bk-svar-original-toner\/#primaryimage\"},\"thumbnailUrl\":\"https:\/\/www.heddata.se\/webbutik\/wp-content\/uploads\/webbutik\/kategorier\/Bl\u00e4ckpatroner-toners\/TN243BK-brother-svart-toner-original.jpg\",\"datePublished\":\"2019-10-07T06:17:38+00:00\",\"dateModified\":\"2026-04-17T16:10:31+00:00\",\"description\":\"Brother TN243BK SVART original toner. Denna toner \u00e4r framst\u00e4lld av tillverkaren f\u00f6r att passa perfekt tillsammans med din Brother-skrivare\",\"breadcrumb\":{\"@id\":\"https:\/\/www.heddata.se\/webbutik\/produkt\/brother-tn243bk-svar-original-toner\/#breadcrumb\"},\"inLanguage\":\"sv-SE\",\"potentialAction\":[{\"@type\":\"ReadAction\",\"target\":[\"https:\/\/www.heddata.se\/webbutik\/produkt\/brother-tn243bk-svar-original-toner\/\"]}]},{\"@type\":\"ImageObject\",\"inLanguage\":\"sv-SE\",\"@id\":\"https:\/\/www.heddata.se\/webbutik\/produkt\/brother-tn243bk-svar-original-toner\/#primaryimage\",\"url\":\"https:\/\/www.heddata.se\/webbutik\/wp-content\/uploads\/webbutik\/kategorier\/Bl\u00e4ckpatroner-toners\/TN243BK-brother-svart-toner-original.jpg\",\"contentUrl\":\"https:\/\/www.heddata.se\/webbutik\/wp-content\/uploads\/webbutik\/kategorier\/Bl\u00e4ckpatroner-toners\/TN243BK-brother-svart-toner-original.jpg\",\"width\":960,\"height\":960,\"caption\":\"Brother TN243BK SVART toner\"},{\"@type\":\"BreadcrumbList\",\"@id\":\"https:\/\/www.heddata.se\/webbutik\/produkt\/brother-tn243bk-svar-original-toner\/#breadcrumb\",\"itemListElement\":[{\"@type\":\"ListItem\",\"position\":1,\"name\":\"Hem\",\"item\":\"https:\/\/www.heddata.se\/webbutik\/\"},{\"@type\":\"ListItem\",\"position\":2,\"name\":\"Produkter\",\"item\":\"https:\/\/www.heddata.se\/webbutik\/shop\/\"},{\"@type\":\"ListItem\",\"position\":3,\"name\":\"Brother TN243BK SVART toner\"}]},{\"@type\":\"WebSite\",\"@id\":\"https:\/\/www.heddata.se\/webbutik\/#website\",\"url\":\"https:\/\/www.heddata.se\/webbutik\/\",\"name\":\"Datorer, Skrivare, F\u00e4rgpatroner, Mobiltelefoner\",\"description\":\"Kablar\",\"publisher\":{\"@id\":\"https:\/\/www.heddata.se\/webbutik\/#organization\"},\"potentialAction\":[{\"@type\":\"SearchAction\",\"target\":{\"@type\":\"EntryPoint\",\"urlTemplate\":\"https:\/\/www.heddata.se\/webbutik\/?s={search_term_string}\"},\"query-input\":{\"@type\":\"PropertyValueSpecification\",\"valueRequired\":true,\"valueName\":\"search_term_string\"}}],\"inLanguage\":\"sv-SE\"},{\"@type\":\"Organization\",\"@id\":\"https:\/\/www.heddata.se\/webbutik\/#organization\",\"name\":\"Heddata AB\",\"url\":\"https:\/\/www.heddata.se\/webbutik\/\",\"logo\":{\"@type\":\"ImageObject\",\"inLanguage\":\"sv-SE\",\"@id\":\"https:\/\/www.heddata.se\/webbutik\/#\/schema\/logo\/image\/\",\"url\":\"https:\/\/www.heddata.se\/webbutik\/wp-content\/uploads\/logga\/heddata-ab-logga.png\",\"contentUrl\":\"https:\/\/www.heddata.se\/webbutik\/wp-content\/uploads\/logga\/heddata-ab-logga.png\",\"width\":200,\"height\":64,\"caption\":\"Heddata AB\"},\"image\":{\"@id\":\"https:\/\/www.heddata.se\/webbutik\/#\/schema\/logo\/image\/\"}}]}<\/script>\n<!-- \/ Yoast SEO Premium plugin. -->","yoast_head_json":{"title":"Brother TN243BK Svart Original tonerkassett fr\u00e5n Brother","description":"Brother TN243BK SVART original toner. Denna toner \u00e4r framst\u00e4lld av tillverkaren f\u00f6r att passa perfekt tillsammans med din Brother-skrivare","robots":{"index":"index","follow":"follow","max-snippet":"max-snippet:-1","max-image-preview":"max-image-preview:large","max-video-preview":"max-video-preview:-1"},"canonical":"https:\/\/www.heddata.se\/webbutik\/produkt\/brother-tn243bk-svar-original-toner\/","og_locale":"sv_SE","og_type":"article","og_title":"Brother TN243BK SVART toner","og_description":"Brother TN243BK SVART original toner. Denna toner \u00e4r framst\u00e4lld av tillverkaren f\u00f6r att passa perfekt tillsammans med din Brother-skrivare","og_url":"https:\/\/www.heddata.se\/webbutik\/produkt\/brother-tn243bk-svar-original-toner\/","og_site_name":"Datorer, Skrivare, F\u00e4rgpatroner, Mobiltelefoner","article_modified_time":"2026-04-17T16:10:31+00:00","og_image":[{"width":960,"height":960,"url":"https:\/\/www.heddata.se\/webbutik\/wp-content\/uploads\/webbutik\/kategorier\/Bl\u00e4ckpatroner-toners\/TN243BK-brother-svart-toner-original.jpg","type":"image\/jpeg"}],"twitter_card":"summary_large_image","twitter_misc":{"Ber\u00e4knad l\u00e4stid":"1 minut"},"schema":{"@context":"https:\/\/schema.org","@graph":[{"@type":"WebPage","@id":"https:\/\/www.heddata.se\/webbutik\/produkt\/brother-tn243bk-svar-original-toner\/","url":"https:\/\/www.heddata.se\/webbutik\/produkt\/brother-tn243bk-svar-original-toner\/","name":"Brother TN243BK Svart Original tonerkassett fr\u00e5n Brother","isPartOf":{"@id":"https:\/\/www.heddata.se\/webbutik\/#website"},"primaryImageOfPage":{"@id":"https:\/\/www.heddata.se\/webbutik\/produkt\/brother-tn243bk-svar-original-toner\/#primaryimage"},"image":{"@id":"https:\/\/www.heddata.se\/webbutik\/produkt\/brother-tn243bk-svar-original-toner\/#primaryimage"},"thumbnailUrl":"https:\/\/www.heddata.se\/webbutik\/wp-content\/uploads\/webbutik\/kategorier\/Bl\u00e4ckpatroner-toners\/TN243BK-brother-svart-toner-original.jpg","datePublished":"2019-10-07T06:17:38+00:00","dateModified":"2026-04-17T16:10:31+00:00","description":"Brother TN243BK SVART original toner. Denna toner \u00e4r framst\u00e4lld av tillverkaren f\u00f6r att passa perfekt tillsammans med din Brother-skrivare","breadcrumb":{"@id":"https:\/\/www.heddata.se\/webbutik\/produkt\/brother-tn243bk-svar-original-toner\/#breadcrumb"},"inLanguage":"sv-SE","potentialAction":[{"@type":"ReadAction","target":["https:\/\/www.heddata.se\/webbutik\/produkt\/brother-tn243bk-svar-original-toner\/"]}]},{"@type":"ImageObject","inLanguage":"sv-SE","@id":"https:\/\/www.heddata.se\/webbutik\/produkt\/brother-tn243bk-svar-original-toner\/#primaryimage","url":"https:\/\/www.heddata.se\/webbutik\/wp-content\/uploads\/webbutik\/kategorier\/Bl\u00e4ckpatroner-toners\/TN243BK-brother-svart-toner-original.jpg","contentUrl":"https:\/\/www.heddata.se\/webbutik\/wp-content\/uploads\/webbutik\/kategorier\/Bl\u00e4ckpatroner-toners\/TN243BK-brother-svart-toner-original.jpg","width":960,"height":960,"caption":"Brother TN243BK SVART toner"},{"@type":"BreadcrumbList","@id":"https:\/\/www.heddata.se\/webbutik\/produkt\/brother-tn243bk-svar-original-toner\/#breadcrumb","itemListElement":[{"@type":"ListItem","position":1,"name":"Hem","item":"https:\/\/www.heddata.se\/webbutik\/"},{"@type":"ListItem","position":2,"name":"Produkter","item":"https:\/\/www.heddata.se\/webbutik\/shop\/"},{"@type":"ListItem","position":3,"name":"Brother TN243BK SVART toner"}]},{"@type":"WebSite","@id":"https:\/\/www.heddata.se\/webbutik\/#website","url":"https:\/\/www.heddata.se\/webbutik\/","name":"Datorer, Skrivare, F\u00e4rgpatroner, Mobiltelefoner","description":"Kablar","publisher":{"@id":"https:\/\/www.heddata.se\/webbutik\/#organization"},"potentialAction":[{"@type":"SearchAction","target":{"@type":"EntryPoint","urlTemplate":"https:\/\/www.heddata.se\/webbutik\/?s={search_term_string}"},"query-input":{"@type":"PropertyValueSpecification","valueRequired":true,"valueName":"search_term_string"}}],"inLanguage":"sv-SE"},{"@type":"Organization","@id":"https:\/\/www.heddata.se\/webbutik\/#organization","name":"Heddata AB","url":"https:\/\/www.heddata.se\/webbutik\/","logo":{"@type":"ImageObject","inLanguage":"sv-SE","@id":"https:\/\/www.heddata.se\/webbutik\/#\/schema\/logo\/image\/","url":"https:\/\/www.heddata.se\/webbutik\/wp-content\/uploads\/logga\/heddata-ab-logga.png","contentUrl":"https:\/\/www.heddata.se\/webbutik\/wp-content\/uploads\/logga\/heddata-ab-logga.png","width":200,"height":64,"caption":"Heddata AB"},"image":{"@id":"https:\/\/www.heddata.se\/webbutik\/#\/schema\/logo\/image\/"}}]}},"_links":{"self":[{"href":"https:\/\/www.heddata.se\/webbutik\/wp-json\/wp\/v2\/product\/2619","targetHints":{"allow":["GET"]}}],"collection":[{"href":"https:\/\/www.heddata.se\/webbutik\/wp-json\/wp\/v2\/product"}],"about":[{"href":"https:\/\/www.heddata.se\/webbutik\/wp-json\/wp\/v2\/types\/product"}],"wp:featuredmedia":[{"embeddable":true,"href":"https:\/\/www.heddata.se\/webbutik\/wp-json\/wp\/v2\/media\/2906"}],"wp:attachment":[{"href":"https:\/\/www.heddata.se\/webbutik\/wp-json\/wp\/v2\/media?parent=2619"}],"wp:term":[{"taxonomy":"product_brand","embeddable":true,"href":"https:\/\/www.heddata.se\/webbutik\/wp-json\/wp\/v2\/product_brand?post=2619"},{"taxonomy":"product_cat","embeddable":true,"href":"https:\/\/www.heddata.se\/webbutik\/wp-json\/wp\/v2\/product_cat?post=2619"},{"taxonomy":"product_tag","embeddable":true,"href":"https:\/\/www.heddata.se\/webbutik\/wp-json\/wp\/v2\/product_tag?post=2619"}],"curies":[{"name":"wp","href":"https:\/\/api.w.org\/{rel}","templated":true}]}}