{"id":2613,"date":"2019-10-07T08:17:38","date_gmt":"2019-10-07T06:17:38","guid":{"rendered":"https:\/\/www.heddata.se\/webbutik\/produkt\/brother-tn2320-svart-original-tonerkassett-for-dcp-l2500-l252\/"},"modified":"2026-04-30T18:12:47","modified_gmt":"2026-04-30T16:12:47","slug":"brother-tn2320-svart-toner","status":"publish","type":"product","link":"https:\/\/www.heddata.se\/webbutik\/produkt\/brother-tn2320-svart-toner\/","title":{"rendered":"Brother TN2320 Svart Original toner"},"content":{"rendered":"<p>Brother TN2320 Svart Originaltoner fr\u00e5n Brother 2600 sidor<\/p>\n<p>En svart toner som ger skarpa och precisa utskrifter fr\u00e5n f\u00f6rsta till sista sidan. \u00c4ven om denna toner \u00e4r stor s\u00e5 ger dem lika bra utskrifter som en vanlig toner.<\/p>\n<ul>\n<li>Tillhandah\u00e5ller upp till 2 600 A4-sidor * (* ISO \/ IEC 19752)<\/li>\n<li>Original <a href=\"https:\/\/www.brother.se\/\">Brother<\/a> toner av h\u00f6g kvalitet<\/li>\n<li>Minskar avfallet s\u00e5 att du sparar papper, tid och pengar<\/li>\n<\/ul>\n<p>Denna original <a href=\"https:\/\/www.heddata.se\/webbutik\/blackpatroner-toners\/\">toner<\/a> \u00e4r framst\u00e4lld f\u00f6r att passa perfekt till din Brother- <a href=\"https:\/\/www.heddata.se\/webbutik\/skrivare-blackstrale-monolaser\/\">skrivare<\/a>. Skriver du mycket? d\u00e5 \u00e4r TN2320 perfekt f\u00f6r dig d\u00e5 den \u00e4r extra stor och kan skriva ut hela 2600 sidor. H\u00e5ller din skrivare i fint skick medan du kan f\u00f6rv\u00e4nta dig det b\u00e4sta resultaten fr\u00e5n din skrivare med TN2320.<\/p>\n<p>Kompatibel med: Brother DCP-L2500D, DCP-L2520DW, DCP-L2540DN, DCP-L2560DW, HL-L2300D, HL-L2340DW, HL-L2360DN, HL-L2365DW, MFC-L2700DN, MFC-L2700DW, MFC-L2720DW<\/p>\n","protected":false},"excerpt":{"rendered":"<p>Brother TN2320, 2600 sidor<\/p>\n","protected":false},"featured_media":2904,"template":"","meta":[],"product_brand":[],"product_cat":[61,98,89],"product_tag":[371,372,373,374,375,376,377,378,379,380,381],"class_list":{"0":"post-2613","1":"product","2":"type-product","3":"status-publish","4":"has-post-thumbnail","6":"product_cat-blackpatroner-toners","7":"product_cat-brother-toner","8":"product_cat-toner","9":"product_tag-dcp-l2500d","10":"product_tag-dcp-l2520dw","11":"product_tag-dcp-l2540dn","12":"product_tag-dcp-l2560dw","13":"product_tag-hl-l2300d","14":"product_tag-hl-l2340dw","15":"product_tag-hl-l2360dn","16":"product_tag-hl-l2365dw","17":"product_tag-mfc-l2700dn","18":"product_tag-mfc-l2700dw","19":"product_tag-mfc-l2720dw","21":"first","22":"instock","23":"taxable","24":"shipping-taxable","25":"purchasable","26":"product-type-simple"},"yoast_head":"<!-- This site is optimized with the Yoast SEO Premium plugin v26.7 (Yoast SEO v26.7) - https:\/\/yoast.com\/wordpress\/plugins\/seo\/ -->\n<title>Brother TN2320 Svart. Original tonerkassett fr\u00e5n Brother<\/title>\n<meta name=\"description\" content=\"Brother TN2320 Svart toner. Original toner fr\u00e5n Brother som ger upp till 2600 A4-sidor. Garanterar att du f\u00e5r bra utskrifter varje g\u00e5ng\" \/>\n<meta name=\"robots\" content=\"index, follow, max-snippet:-1, max-image-preview:large, max-video-preview:-1\" \/>\n<link rel=\"canonical\" href=\"https:\/\/www.heddata.se\/webbutik\/produkt\/brother-tn2320-svart-toner\/\" \/>\n<meta property=\"og:locale\" content=\"sv_SE\" \/>\n<meta property=\"og:type\" content=\"article\" \/>\n<meta property=\"og:title\" content=\"Brother TN2320 Svart Original toner\" \/>\n<meta property=\"og:description\" content=\"Brother TN2320 Svart toner. Original toner fr\u00e5n Brother som ger upp till 2600 A4-sidor. Garanterar att du f\u00e5r bra utskrifter varje g\u00e5ng\" \/>\n<meta property=\"og:url\" content=\"https:\/\/www.heddata.se\/webbutik\/produkt\/brother-tn2320-svart-toner\/\" \/>\n<meta property=\"og:site_name\" content=\"Datorer, Skrivare, F\u00e4rgpatroner, Mobiltelefoner\" \/>\n<meta property=\"article:modified_time\" content=\"2026-04-30T16:12:47+00:00\" \/>\n<meta property=\"og:image\" content=\"https:\/\/www.heddata.se\/webbutik\/wp-content\/uploads\/webbutik\/kategorier\/Bl\u00e4ckpatroner-toners\/TN2320-toner-brother-original.jpg\" \/>\n\t<meta property=\"og:image:width\" content=\"960\" \/>\n\t<meta property=\"og:image:height\" content=\"960\" \/>\n\t<meta property=\"og:image:type\" content=\"image\/jpeg\" \/>\n<meta name=\"twitter:card\" content=\"summary_large_image\" \/>\n<meta name=\"twitter:label1\" content=\"Ber\u00e4knad l\u00e4stid\" \/>\n\t<meta name=\"twitter:data1\" content=\"1 minut\" \/>\n<script type=\"application\/ld+json\" class=\"yoast-schema-graph\">{\"@context\":\"https:\/\/schema.org\",\"@graph\":[{\"@type\":\"WebPage\",\"@id\":\"https:\/\/www.heddata.se\/webbutik\/produkt\/brother-tn2320-svart-toner\/\",\"url\":\"https:\/\/www.heddata.se\/webbutik\/produkt\/brother-tn2320-svart-toner\/\",\"name\":\"Brother TN2320 Svart. Original tonerkassett fr\u00e5n Brother\",\"isPartOf\":{\"@id\":\"https:\/\/www.heddata.se\/webbutik\/#website\"},\"primaryImageOfPage\":{\"@id\":\"https:\/\/www.heddata.se\/webbutik\/produkt\/brother-tn2320-svart-toner\/#primaryimage\"},\"image\":{\"@id\":\"https:\/\/www.heddata.se\/webbutik\/produkt\/brother-tn2320-svart-toner\/#primaryimage\"},\"thumbnailUrl\":\"https:\/\/www.heddata.se\/webbutik\/wp-content\/uploads\/webbutik\/kategorier\/Bl\u00e4ckpatroner-toners\/TN2320-toner-brother-original.jpg\",\"datePublished\":\"2019-10-07T06:17:38+00:00\",\"dateModified\":\"2026-04-30T16:12:47+00:00\",\"description\":\"Brother TN2320 Svart toner. Original toner fr\u00e5n Brother som ger upp till 2600 A4-sidor. Garanterar att du f\u00e5r bra utskrifter varje g\u00e5ng\",\"breadcrumb\":{\"@id\":\"https:\/\/www.heddata.se\/webbutik\/produkt\/brother-tn2320-svart-toner\/#breadcrumb\"},\"inLanguage\":\"sv-SE\",\"potentialAction\":[{\"@type\":\"ReadAction\",\"target\":[\"https:\/\/www.heddata.se\/webbutik\/produkt\/brother-tn2320-svart-toner\/\"]}]},{\"@type\":\"ImageObject\",\"inLanguage\":\"sv-SE\",\"@id\":\"https:\/\/www.heddata.se\/webbutik\/produkt\/brother-tn2320-svart-toner\/#primaryimage\",\"url\":\"https:\/\/www.heddata.se\/webbutik\/wp-content\/uploads\/webbutik\/kategorier\/Bl\u00e4ckpatroner-toners\/TN2320-toner-brother-original.jpg\",\"contentUrl\":\"https:\/\/www.heddata.se\/webbutik\/wp-content\/uploads\/webbutik\/kategorier\/Bl\u00e4ckpatroner-toners\/TN2320-toner-brother-original.jpg\",\"width\":960,\"height\":960,\"caption\":\"Brother TN2320 Svart Original toner\"},{\"@type\":\"BreadcrumbList\",\"@id\":\"https:\/\/www.heddata.se\/webbutik\/produkt\/brother-tn2320-svart-toner\/#breadcrumb\",\"itemListElement\":[{\"@type\":\"ListItem\",\"position\":1,\"name\":\"Hem\",\"item\":\"https:\/\/www.heddata.se\/webbutik\/\"},{\"@type\":\"ListItem\",\"position\":2,\"name\":\"Produkter\",\"item\":\"https:\/\/www.heddata.se\/webbutik\/shop\/\"},{\"@type\":\"ListItem\",\"position\":3,\"name\":\"Brother TN2320 Svart Original toner\"}]},{\"@type\":\"WebSite\",\"@id\":\"https:\/\/www.heddata.se\/webbutik\/#website\",\"url\":\"https:\/\/www.heddata.se\/webbutik\/\",\"name\":\"Datorer, Skrivare, F\u00e4rgpatroner, Mobiltelefoner\",\"description\":\"Kablar\",\"publisher\":{\"@id\":\"https:\/\/www.heddata.se\/webbutik\/#organization\"},\"potentialAction\":[{\"@type\":\"SearchAction\",\"target\":{\"@type\":\"EntryPoint\",\"urlTemplate\":\"https:\/\/www.heddata.se\/webbutik\/?s={search_term_string}\"},\"query-input\":{\"@type\":\"PropertyValueSpecification\",\"valueRequired\":true,\"valueName\":\"search_term_string\"}}],\"inLanguage\":\"sv-SE\"},{\"@type\":\"Organization\",\"@id\":\"https:\/\/www.heddata.se\/webbutik\/#organization\",\"name\":\"Heddata AB\",\"url\":\"https:\/\/www.heddata.se\/webbutik\/\",\"logo\":{\"@type\":\"ImageObject\",\"inLanguage\":\"sv-SE\",\"@id\":\"https:\/\/www.heddata.se\/webbutik\/#\/schema\/logo\/image\/\",\"url\":\"https:\/\/www.heddata.se\/webbutik\/wp-content\/uploads\/logga\/heddata-ab-logga.png\",\"contentUrl\":\"https:\/\/www.heddata.se\/webbutik\/wp-content\/uploads\/logga\/heddata-ab-logga.png\",\"width\":200,\"height\":64,\"caption\":\"Heddata AB\"},\"image\":{\"@id\":\"https:\/\/www.heddata.se\/webbutik\/#\/schema\/logo\/image\/\"}}]}<\/script>\n<!-- \/ Yoast SEO Premium plugin. -->","yoast_head_json":{"title":"Brother TN2320 Svart. Original tonerkassett fr\u00e5n Brother","description":"Brother TN2320 Svart toner. Original toner fr\u00e5n Brother som ger upp till 2600 A4-sidor. Garanterar att du f\u00e5r bra utskrifter varje g\u00e5ng","robots":{"index":"index","follow":"follow","max-snippet":"max-snippet:-1","max-image-preview":"max-image-preview:large","max-video-preview":"max-video-preview:-1"},"canonical":"https:\/\/www.heddata.se\/webbutik\/produkt\/brother-tn2320-svart-toner\/","og_locale":"sv_SE","og_type":"article","og_title":"Brother TN2320 Svart Original toner","og_description":"Brother TN2320 Svart toner. Original toner fr\u00e5n Brother som ger upp till 2600 A4-sidor. Garanterar att du f\u00e5r bra utskrifter varje g\u00e5ng","og_url":"https:\/\/www.heddata.se\/webbutik\/produkt\/brother-tn2320-svart-toner\/","og_site_name":"Datorer, Skrivare, F\u00e4rgpatroner, Mobiltelefoner","article_modified_time":"2026-04-30T16:12:47+00:00","og_image":[{"width":960,"height":960,"url":"https:\/\/www.heddata.se\/webbutik\/wp-content\/uploads\/webbutik\/kategorier\/Bl\u00e4ckpatroner-toners\/TN2320-toner-brother-original.jpg","type":"image\/jpeg"}],"twitter_card":"summary_large_image","twitter_misc":{"Ber\u00e4knad l\u00e4stid":"1 minut"},"schema":{"@context":"https:\/\/schema.org","@graph":[{"@type":"WebPage","@id":"https:\/\/www.heddata.se\/webbutik\/produkt\/brother-tn2320-svart-toner\/","url":"https:\/\/www.heddata.se\/webbutik\/produkt\/brother-tn2320-svart-toner\/","name":"Brother TN2320 Svart. Original tonerkassett fr\u00e5n Brother","isPartOf":{"@id":"https:\/\/www.heddata.se\/webbutik\/#website"},"primaryImageOfPage":{"@id":"https:\/\/www.heddata.se\/webbutik\/produkt\/brother-tn2320-svart-toner\/#primaryimage"},"image":{"@id":"https:\/\/www.heddata.se\/webbutik\/produkt\/brother-tn2320-svart-toner\/#primaryimage"},"thumbnailUrl":"https:\/\/www.heddata.se\/webbutik\/wp-content\/uploads\/webbutik\/kategorier\/Bl\u00e4ckpatroner-toners\/TN2320-toner-brother-original.jpg","datePublished":"2019-10-07T06:17:38+00:00","dateModified":"2026-04-30T16:12:47+00:00","description":"Brother TN2320 Svart toner. Original toner fr\u00e5n Brother som ger upp till 2600 A4-sidor. Garanterar att du f\u00e5r bra utskrifter varje g\u00e5ng","breadcrumb":{"@id":"https:\/\/www.heddata.se\/webbutik\/produkt\/brother-tn2320-svart-toner\/#breadcrumb"},"inLanguage":"sv-SE","potentialAction":[{"@type":"ReadAction","target":["https:\/\/www.heddata.se\/webbutik\/produkt\/brother-tn2320-svart-toner\/"]}]},{"@type":"ImageObject","inLanguage":"sv-SE","@id":"https:\/\/www.heddata.se\/webbutik\/produkt\/brother-tn2320-svart-toner\/#primaryimage","url":"https:\/\/www.heddata.se\/webbutik\/wp-content\/uploads\/webbutik\/kategorier\/Bl\u00e4ckpatroner-toners\/TN2320-toner-brother-original.jpg","contentUrl":"https:\/\/www.heddata.se\/webbutik\/wp-content\/uploads\/webbutik\/kategorier\/Bl\u00e4ckpatroner-toners\/TN2320-toner-brother-original.jpg","width":960,"height":960,"caption":"Brother TN2320 Svart Original toner"},{"@type":"BreadcrumbList","@id":"https:\/\/www.heddata.se\/webbutik\/produkt\/brother-tn2320-svart-toner\/#breadcrumb","itemListElement":[{"@type":"ListItem","position":1,"name":"Hem","item":"https:\/\/www.heddata.se\/webbutik\/"},{"@type":"ListItem","position":2,"name":"Produkter","item":"https:\/\/www.heddata.se\/webbutik\/shop\/"},{"@type":"ListItem","position":3,"name":"Brother TN2320 Svart Original toner"}]},{"@type":"WebSite","@id":"https:\/\/www.heddata.se\/webbutik\/#website","url":"https:\/\/www.heddata.se\/webbutik\/","name":"Datorer, Skrivare, F\u00e4rgpatroner, Mobiltelefoner","description":"Kablar","publisher":{"@id":"https:\/\/www.heddata.se\/webbutik\/#organization"},"potentialAction":[{"@type":"SearchAction","target":{"@type":"EntryPoint","urlTemplate":"https:\/\/www.heddata.se\/webbutik\/?s={search_term_string}"},"query-input":{"@type":"PropertyValueSpecification","valueRequired":true,"valueName":"search_term_string"}}],"inLanguage":"sv-SE"},{"@type":"Organization","@id":"https:\/\/www.heddata.se\/webbutik\/#organization","name":"Heddata AB","url":"https:\/\/www.heddata.se\/webbutik\/","logo":{"@type":"ImageObject","inLanguage":"sv-SE","@id":"https:\/\/www.heddata.se\/webbutik\/#\/schema\/logo\/image\/","url":"https:\/\/www.heddata.se\/webbutik\/wp-content\/uploads\/logga\/heddata-ab-logga.png","contentUrl":"https:\/\/www.heddata.se\/webbutik\/wp-content\/uploads\/logga\/heddata-ab-logga.png","width":200,"height":64,"caption":"Heddata AB"},"image":{"@id":"https:\/\/www.heddata.se\/webbutik\/#\/schema\/logo\/image\/"}}]}},"_links":{"self":[{"href":"https:\/\/www.heddata.se\/webbutik\/wp-json\/wp\/v2\/product\/2613","targetHints":{"allow":["GET"]}}],"collection":[{"href":"https:\/\/www.heddata.se\/webbutik\/wp-json\/wp\/v2\/product"}],"about":[{"href":"https:\/\/www.heddata.se\/webbutik\/wp-json\/wp\/v2\/types\/product"}],"wp:featuredmedia":[{"embeddable":true,"href":"https:\/\/www.heddata.se\/webbutik\/wp-json\/wp\/v2\/media\/2904"}],"wp:attachment":[{"href":"https:\/\/www.heddata.se\/webbutik\/wp-json\/wp\/v2\/media?parent=2613"}],"wp:term":[{"taxonomy":"product_brand","embeddable":true,"href":"https:\/\/www.heddata.se\/webbutik\/wp-json\/wp\/v2\/product_brand?post=2613"},{"taxonomy":"product_cat","embeddable":true,"href":"https:\/\/www.heddata.se\/webbutik\/wp-json\/wp\/v2\/product_cat?post=2613"},{"taxonomy":"product_tag","embeddable":true,"href":"https:\/\/www.heddata.se\/webbutik\/wp-json\/wp\/v2\/product_tag?post=2613"}],"curies":[{"name":"wp","href":"https:\/\/api.w.org\/{rel}","templated":true}]}}