{"id":2610,"date":"2019-10-07T08:17:38","date_gmt":"2019-10-07T06:17:38","guid":{"rendered":"https:\/\/www.heddata.se\/webbutik\/produkt\/brother-tn230c-cyan-original-tonerkassett-for-dcp-9010cn-hl\/"},"modified":"2026-04-14T18:12:34","modified_gmt":"2026-04-14T16:12:34","slug":"brother-tn230c-cyan-original-toner","status":"publish","type":"product","link":"https:\/\/www.heddata.se\/webbutik\/produkt\/brother-tn230c-cyan-original-toner\/","title":{"rendered":"Brother TN230C CYAN tonerkassett original"},"content":{"rendered":"<p>Brother TN230C Cyan Toner har upp till 1400 A4-sidor<\/p>\n<p>Brother TN230C Cyan \u00e4r en speciellt designad <a href=\"https:\/\/www.heddata.se\/webbutik\/blackpatroner-toners\/\">toner<\/a> f\u00f6r din Brother-laserskrivare s\u00e5 att de tillsammans ger b\u00e4sta m\u00f6jliga resultat varje g\u00e5ng du skriver ut. Detta g\u00e4ller oavsett om det \u00e4r en presentation, broschyr eller andra viktiga dokument som du beh\u00f6ver skriva ut.<\/p>\n<p><b>Viktig information<\/b><\/p>\n<ul>\n<li>Tillhandah\u00e5ller upp till 1400 A4-sidor * (ISO \/ IEC 19798)<\/li>\n<li>Original <a href=\"https:\/\/www.brother.se\">Brother<\/a> toner av h\u00f6g kvalitet<\/li>\n<li>Minskar avfallet s\u00e5 att du sparar papper, tid och pengar<\/li>\n<\/ul>\n<p>N\u00e4r det \u00e4r dags att byta ut din <a href=\"https:\/\/www.heddata.se\/webbutik\/blackpatroner-toners\/\">toner<\/a> kan du v\u00e4lja Brother TN230C f\u00f6r att din <a href=\"https:\/\/www.heddata.se\/webbutik\/blackpatroner-toners\/blackpatroner\/brother-blackpatroner\/\">Brother-skrivare<\/a> ska forts\u00e4tta att fungera korrekt. Med denna toner f\u00e5r du skarpa och tydliga utskrifter. Med den ursprungliga cyan-tonern TN230C fungerar skrivaren optimalt.<\/p>\n<p><strong>Kompatibel med: <a href=\"https:\/\/www.brother.se\">Brother<\/a> DCP-9010CN, MFC-9120CN, MFC-9320CN, MFC-9320CW, HL-3040CN, 3040CW, 3070CW<\/strong><\/p>\n<p>\u00d6vriga f\u00e4rger: <a href=\"https:\/\/www.heddata.se\/webbutik\/produkt\/brother-tn230m-magenta-original\/\">TN230M<\/a>, <a href=\"https:\/\/www.heddata.se\/webbutik\/produkt\/brother-tn230y-gul-original\/\">TN230Y<\/a><\/p>\n","protected":false},"excerpt":{"rendered":"<p>Brother TN230C Cyan Toner har upp till 1400 A4-sidor Brother TN230C Cyan \u00e4r en speciellt designad toner f\u00f6r din Brother-laserskrivare s\u00e5 att de tillsammans ger b\u00e4sta m\u00f6jliga resultat varje g\u00e5ng du skriver ut. Detta g\u00e4ller oavsett om det \u00e4r en presentation, broschyr eller andra viktiga dokument som du beh\u00f6ver skriva ut. Viktig information Tillhandah\u00e5ller upp [&#8230;]\n","protected":false},"featured_media":2685,"template":"","meta":[],"product_brand":[],"product_cat":[61,98,89],"product_tag":[320,321,316,323,317,318,322],"class_list":{"0":"post-2610","1":"product","2":"type-product","3":"status-publish","4":"has-post-thumbnail","6":"product_cat-blackpatroner-toners","7":"product_cat-brother-toner","8":"product_cat-toner","9":"product_tag-3040cw","10":"product_tag-3070cw","11":"product_tag-dcp-9010cn","12":"product_tag-hl-3040cn","13":"product_tag-mfc-9120cn","14":"product_tag-mfc-9320cn","15":"product_tag-mfc-9320cw","17":"first","18":"instock","19":"taxable","20":"shipping-taxable","21":"purchasable","22":"product-type-simple"},"yoast_head":"<!-- This site is optimized with the Yoast SEO Premium plugin v26.7 (Yoast SEO v26.7) - https:\/\/yoast.com\/wordpress\/plugins\/seo\/ -->\n<title>Brother TN230C CYAN. Tonerkassett original fr\u00e5n Brother<\/title>\n<meta name=\"description\" content=\"Brother TN230C CYAN. Brother TN230C Cyan \u00e4r en speciellt designad toner f\u00f6r din Brother-laserskrivare s\u00e5 att de ger b\u00e4sta m\u00f6jliga resultat.\" \/>\n<meta name=\"robots\" content=\"index, follow, max-snippet:-1, max-image-preview:large, max-video-preview:-1\" \/>\n<link rel=\"canonical\" href=\"https:\/\/www.heddata.se\/webbutik\/produkt\/brother-tn230c-cyan-original-toner\/\" \/>\n<meta property=\"og:locale\" content=\"sv_SE\" \/>\n<meta property=\"og:type\" content=\"article\" \/>\n<meta property=\"og:title\" content=\"Brother TN230C CYAN tonerkassett original\" \/>\n<meta property=\"og:description\" content=\"Brother TN230C CYAN. Brother TN230C Cyan \u00e4r en speciellt designad toner f\u00f6r din Brother-laserskrivare s\u00e5 att de ger b\u00e4sta m\u00f6jliga resultat.\" \/>\n<meta property=\"og:url\" content=\"https:\/\/www.heddata.se\/webbutik\/produkt\/brother-tn230c-cyan-original-toner\/\" \/>\n<meta property=\"og:site_name\" content=\"Datorer, Skrivare, F\u00e4rgpatroner, Mobiltelefoner\" \/>\n<meta property=\"article:modified_time\" content=\"2026-04-14T16:12:34+00:00\" \/>\n<meta property=\"og:image\" content=\"https:\/\/www.heddata.se\/webbutik\/wp-content\/uploads\/webbutik\/kategorier\/Bl\u00e4ckpatroner-toners\/TN230C_cyan_originaltoner_brother.jpg\" \/>\n\t<meta property=\"og:image:width\" content=\"960\" \/>\n\t<meta property=\"og:image:height\" content=\"960\" \/>\n\t<meta property=\"og:image:type\" content=\"image\/jpeg\" \/>\n<meta name=\"twitter:card\" content=\"summary_large_image\" \/>\n<meta name=\"twitter:label1\" content=\"Ber\u00e4knad l\u00e4stid\" \/>\n\t<meta name=\"twitter:data1\" content=\"1 minut\" \/>\n<script type=\"application\/ld+json\" class=\"yoast-schema-graph\">{\"@context\":\"https:\/\/schema.org\",\"@graph\":[{\"@type\":\"WebPage\",\"@id\":\"https:\/\/www.heddata.se\/webbutik\/produkt\/brother-tn230c-cyan-original-toner\/\",\"url\":\"https:\/\/www.heddata.se\/webbutik\/produkt\/brother-tn230c-cyan-original-toner\/\",\"name\":\"Brother TN230C CYAN. Tonerkassett original fr\u00e5n Brother\",\"isPartOf\":{\"@id\":\"https:\/\/www.heddata.se\/webbutik\/#website\"},\"primaryImageOfPage\":{\"@id\":\"https:\/\/www.heddata.se\/webbutik\/produkt\/brother-tn230c-cyan-original-toner\/#primaryimage\"},\"image\":{\"@id\":\"https:\/\/www.heddata.se\/webbutik\/produkt\/brother-tn230c-cyan-original-toner\/#primaryimage\"},\"thumbnailUrl\":\"https:\/\/www.heddata.se\/webbutik\/wp-content\/uploads\/webbutik\/kategorier\/Bl\u00e4ckpatroner-toners\/TN230C_cyan_originaltoner_brother.jpg\",\"datePublished\":\"2019-10-07T06:17:38+00:00\",\"dateModified\":\"2026-04-14T16:12:34+00:00\",\"description\":\"Brother TN230C CYAN. Brother TN230C Cyan \u00e4r en speciellt designad toner f\u00f6r din Brother-laserskrivare s\u00e5 att de ger b\u00e4sta m\u00f6jliga resultat.\",\"breadcrumb\":{\"@id\":\"https:\/\/www.heddata.se\/webbutik\/produkt\/brother-tn230c-cyan-original-toner\/#breadcrumb\"},\"inLanguage\":\"sv-SE\",\"potentialAction\":[{\"@type\":\"ReadAction\",\"target\":[\"https:\/\/www.heddata.se\/webbutik\/produkt\/brother-tn230c-cyan-original-toner\/\"]}]},{\"@type\":\"ImageObject\",\"inLanguage\":\"sv-SE\",\"@id\":\"https:\/\/www.heddata.se\/webbutik\/produkt\/brother-tn230c-cyan-original-toner\/#primaryimage\",\"url\":\"https:\/\/www.heddata.se\/webbutik\/wp-content\/uploads\/webbutik\/kategorier\/Bl\u00e4ckpatroner-toners\/TN230C_cyan_originaltoner_brother.jpg\",\"contentUrl\":\"https:\/\/www.heddata.se\/webbutik\/wp-content\/uploads\/webbutik\/kategorier\/Bl\u00e4ckpatroner-toners\/TN230C_cyan_originaltoner_brother.jpg\",\"width\":960,\"height\":960,\"caption\":\"Brother TN230C CYAN tonerkassett original\"},{\"@type\":\"BreadcrumbList\",\"@id\":\"https:\/\/www.heddata.se\/webbutik\/produkt\/brother-tn230c-cyan-original-toner\/#breadcrumb\",\"itemListElement\":[{\"@type\":\"ListItem\",\"position\":1,\"name\":\"Hem\",\"item\":\"https:\/\/www.heddata.se\/webbutik\/\"},{\"@type\":\"ListItem\",\"position\":2,\"name\":\"Produkter\",\"item\":\"https:\/\/www.heddata.se\/webbutik\/shop\/\"},{\"@type\":\"ListItem\",\"position\":3,\"name\":\"Brother TN230C CYAN tonerkassett original\"}]},{\"@type\":\"WebSite\",\"@id\":\"https:\/\/www.heddata.se\/webbutik\/#website\",\"url\":\"https:\/\/www.heddata.se\/webbutik\/\",\"name\":\"Datorer, Skrivare, F\u00e4rgpatroner, Mobiltelefoner\",\"description\":\"Kablar\",\"publisher\":{\"@id\":\"https:\/\/www.heddata.se\/webbutik\/#organization\"},\"potentialAction\":[{\"@type\":\"SearchAction\",\"target\":{\"@type\":\"EntryPoint\",\"urlTemplate\":\"https:\/\/www.heddata.se\/webbutik\/?s={search_term_string}\"},\"query-input\":{\"@type\":\"PropertyValueSpecification\",\"valueRequired\":true,\"valueName\":\"search_term_string\"}}],\"inLanguage\":\"sv-SE\"},{\"@type\":\"Organization\",\"@id\":\"https:\/\/www.heddata.se\/webbutik\/#organization\",\"name\":\"Heddata AB\",\"url\":\"https:\/\/www.heddata.se\/webbutik\/\",\"logo\":{\"@type\":\"ImageObject\",\"inLanguage\":\"sv-SE\",\"@id\":\"https:\/\/www.heddata.se\/webbutik\/#\/schema\/logo\/image\/\",\"url\":\"https:\/\/www.heddata.se\/webbutik\/wp-content\/uploads\/logga\/heddata-ab-logga.png\",\"contentUrl\":\"https:\/\/www.heddata.se\/webbutik\/wp-content\/uploads\/logga\/heddata-ab-logga.png\",\"width\":200,\"height\":64,\"caption\":\"Heddata AB\"},\"image\":{\"@id\":\"https:\/\/www.heddata.se\/webbutik\/#\/schema\/logo\/image\/\"}}]}<\/script>\n<!-- \/ Yoast SEO Premium plugin. -->","yoast_head_json":{"title":"Brother TN230C CYAN. Tonerkassett original fr\u00e5n Brother","description":"Brother TN230C CYAN. Brother TN230C Cyan \u00e4r en speciellt designad toner f\u00f6r din Brother-laserskrivare s\u00e5 att de ger b\u00e4sta m\u00f6jliga resultat.","robots":{"index":"index","follow":"follow","max-snippet":"max-snippet:-1","max-image-preview":"max-image-preview:large","max-video-preview":"max-video-preview:-1"},"canonical":"https:\/\/www.heddata.se\/webbutik\/produkt\/brother-tn230c-cyan-original-toner\/","og_locale":"sv_SE","og_type":"article","og_title":"Brother TN230C CYAN tonerkassett original","og_description":"Brother TN230C CYAN. Brother TN230C Cyan \u00e4r en speciellt designad toner f\u00f6r din Brother-laserskrivare s\u00e5 att de ger b\u00e4sta m\u00f6jliga resultat.","og_url":"https:\/\/www.heddata.se\/webbutik\/produkt\/brother-tn230c-cyan-original-toner\/","og_site_name":"Datorer, Skrivare, F\u00e4rgpatroner, Mobiltelefoner","article_modified_time":"2026-04-14T16:12:34+00:00","og_image":[{"width":960,"height":960,"url":"https:\/\/www.heddata.se\/webbutik\/wp-content\/uploads\/webbutik\/kategorier\/Bl\u00e4ckpatroner-toners\/TN230C_cyan_originaltoner_brother.jpg","type":"image\/jpeg"}],"twitter_card":"summary_large_image","twitter_misc":{"Ber\u00e4knad l\u00e4stid":"1 minut"},"schema":{"@context":"https:\/\/schema.org","@graph":[{"@type":"WebPage","@id":"https:\/\/www.heddata.se\/webbutik\/produkt\/brother-tn230c-cyan-original-toner\/","url":"https:\/\/www.heddata.se\/webbutik\/produkt\/brother-tn230c-cyan-original-toner\/","name":"Brother TN230C CYAN. Tonerkassett original fr\u00e5n Brother","isPartOf":{"@id":"https:\/\/www.heddata.se\/webbutik\/#website"},"primaryImageOfPage":{"@id":"https:\/\/www.heddata.se\/webbutik\/produkt\/brother-tn230c-cyan-original-toner\/#primaryimage"},"image":{"@id":"https:\/\/www.heddata.se\/webbutik\/produkt\/brother-tn230c-cyan-original-toner\/#primaryimage"},"thumbnailUrl":"https:\/\/www.heddata.se\/webbutik\/wp-content\/uploads\/webbutik\/kategorier\/Bl\u00e4ckpatroner-toners\/TN230C_cyan_originaltoner_brother.jpg","datePublished":"2019-10-07T06:17:38+00:00","dateModified":"2026-04-14T16:12:34+00:00","description":"Brother TN230C CYAN. Brother TN230C Cyan \u00e4r en speciellt designad toner f\u00f6r din Brother-laserskrivare s\u00e5 att de ger b\u00e4sta m\u00f6jliga resultat.","breadcrumb":{"@id":"https:\/\/www.heddata.se\/webbutik\/produkt\/brother-tn230c-cyan-original-toner\/#breadcrumb"},"inLanguage":"sv-SE","potentialAction":[{"@type":"ReadAction","target":["https:\/\/www.heddata.se\/webbutik\/produkt\/brother-tn230c-cyan-original-toner\/"]}]},{"@type":"ImageObject","inLanguage":"sv-SE","@id":"https:\/\/www.heddata.se\/webbutik\/produkt\/brother-tn230c-cyan-original-toner\/#primaryimage","url":"https:\/\/www.heddata.se\/webbutik\/wp-content\/uploads\/webbutik\/kategorier\/Bl\u00e4ckpatroner-toners\/TN230C_cyan_originaltoner_brother.jpg","contentUrl":"https:\/\/www.heddata.se\/webbutik\/wp-content\/uploads\/webbutik\/kategorier\/Bl\u00e4ckpatroner-toners\/TN230C_cyan_originaltoner_brother.jpg","width":960,"height":960,"caption":"Brother TN230C CYAN tonerkassett original"},{"@type":"BreadcrumbList","@id":"https:\/\/www.heddata.se\/webbutik\/produkt\/brother-tn230c-cyan-original-toner\/#breadcrumb","itemListElement":[{"@type":"ListItem","position":1,"name":"Hem","item":"https:\/\/www.heddata.se\/webbutik\/"},{"@type":"ListItem","position":2,"name":"Produkter","item":"https:\/\/www.heddata.se\/webbutik\/shop\/"},{"@type":"ListItem","position":3,"name":"Brother TN230C CYAN tonerkassett original"}]},{"@type":"WebSite","@id":"https:\/\/www.heddata.se\/webbutik\/#website","url":"https:\/\/www.heddata.se\/webbutik\/","name":"Datorer, Skrivare, F\u00e4rgpatroner, Mobiltelefoner","description":"Kablar","publisher":{"@id":"https:\/\/www.heddata.se\/webbutik\/#organization"},"potentialAction":[{"@type":"SearchAction","target":{"@type":"EntryPoint","urlTemplate":"https:\/\/www.heddata.se\/webbutik\/?s={search_term_string}"},"query-input":{"@type":"PropertyValueSpecification","valueRequired":true,"valueName":"search_term_string"}}],"inLanguage":"sv-SE"},{"@type":"Organization","@id":"https:\/\/www.heddata.se\/webbutik\/#organization","name":"Heddata AB","url":"https:\/\/www.heddata.se\/webbutik\/","logo":{"@type":"ImageObject","inLanguage":"sv-SE","@id":"https:\/\/www.heddata.se\/webbutik\/#\/schema\/logo\/image\/","url":"https:\/\/www.heddata.se\/webbutik\/wp-content\/uploads\/logga\/heddata-ab-logga.png","contentUrl":"https:\/\/www.heddata.se\/webbutik\/wp-content\/uploads\/logga\/heddata-ab-logga.png","width":200,"height":64,"caption":"Heddata AB"},"image":{"@id":"https:\/\/www.heddata.se\/webbutik\/#\/schema\/logo\/image\/"}}]}},"_links":{"self":[{"href":"https:\/\/www.heddata.se\/webbutik\/wp-json\/wp\/v2\/product\/2610","targetHints":{"allow":["GET"]}}],"collection":[{"href":"https:\/\/www.heddata.se\/webbutik\/wp-json\/wp\/v2\/product"}],"about":[{"href":"https:\/\/www.heddata.se\/webbutik\/wp-json\/wp\/v2\/types\/product"}],"wp:featuredmedia":[{"embeddable":true,"href":"https:\/\/www.heddata.se\/webbutik\/wp-json\/wp\/v2\/media\/2685"}],"wp:attachment":[{"href":"https:\/\/www.heddata.se\/webbutik\/wp-json\/wp\/v2\/media?parent=2610"}],"wp:term":[{"taxonomy":"product_brand","embeddable":true,"href":"https:\/\/www.heddata.se\/webbutik\/wp-json\/wp\/v2\/product_brand?post=2610"},{"taxonomy":"product_cat","embeddable":true,"href":"https:\/\/www.heddata.se\/webbutik\/wp-json\/wp\/v2\/product_cat?post=2610"},{"taxonomy":"product_tag","embeddable":true,"href":"https:\/\/www.heddata.se\/webbutik\/wp-json\/wp\/v2\/product_tag?post=2610"}],"curies":[{"name":"wp","href":"https:\/\/api.w.org\/{rel}","templated":true}]}}