{"id":2608,"date":"2019-10-07T08:17:38","date_gmt":"2019-10-07T06:17:38","guid":{"rendered":"https:\/\/www.heddata.se\/webbutik\/produkt\/brother-tn2210-1-original-tonerkassett-for-dcp-7060-7065-707\/"},"modified":"2026-04-30T18:12:46","modified_gmt":"2026-04-30T16:12:46","slug":"brother-tn2210-svart-original-toner","status":"publish","type":"product","link":"https:\/\/www.heddata.se\/webbutik\/produkt\/brother-tn2210-svart-original-toner\/","title":{"rendered":"Brother TN2210 Svart original toner"},"content":{"rendered":"<p><span>Brother TN2210 \u00e4r en Svart original <a href=\"https:\/\/www.heddata.se\/webbutik\/blackpatroner-toners\/\">toner<\/a> fr\u00e5n Brother som ger dig upp till 1,200 A4 sidor. Men en original toner fungerar din skrivare felfritt och ger klara och fina utskrifter g\u00e5ng p\u00e5 g\u00e5ng, d\u00e5 den \u00e4r framst\u00e4lld f\u00f6r att passa perfekt med din <a href=\"https:\/\/www.heddata.se\/webbutik\/blackpatroner-toners\/blackpatroner\/brother-blackpatroner\/\">Brother-skrivare<\/a>.<\/span><\/p>\n<p><b><span>Information<\/span><\/b><\/p>\n<ul>\n<li><span>Tillhandah\u00e5ller upp till 1 200 A4-sidor * (* ISO \/ IEC 19752)<\/span><\/li>\n<li><span>Original <a href=\"https:\/\/www.brother.se\/\">Brother<\/a> toner av h\u00f6g kvalitet<\/span><\/li>\n<li><span>Minskar avfallet s\u00e5 att du sparar papper, tid och pengar<\/span><\/li>\n<\/ul>\n<p><span>Att v\u00e4lja den ursprungliga Brother TN2210-tonern ger dig bra utskrifter och en h\u00e5llbar <a href=\"https:\/\/www.heddata.se\/webbutik\/skrivare-blackstrale-monolaser\/\">skrivare<\/a>.<\/span><\/p>\n<p><strong>Kompatibel med: Brother DCP-7060D, DCP-7065DN, DCP-7070DW, HL-2240, HL-2240D, HL-2250DN, HL-2270DW, MFC-7360N, MFC-7360Ne, MFC-7460DN, MFC-7860DW, FAX-2840, 2940<\/strong><\/p>\n","protected":false},"excerpt":{"rendered":"<p>Brother TN2210 \u00e4r en Svart original toner fr\u00e5n Brother som ger dig upp till 1,200 A4 sidor. Men en original toner fungerar din skrivare felfritt och ger klara och fina utskrifter g\u00e5ng p\u00e5 g\u00e5ng, d\u00e5 den \u00e4r framst\u00e4lld f\u00f6r att passa perfekt med din Brother-skrivare. Information Tillhandah\u00e5ller upp till 1 200 A4-sidor * (* ISO [&#8230;]\n","protected":false},"featured_media":2813,"template":"","meta":[],"product_brand":[],"product_cat":[61,98,89],"product_tag":[315,303,304,305,325,307,308,309,310,311,312,313,324],"class_list":{"0":"post-2608","1":"product","2":"type-product","3":"status-publish","4":"has-post-thumbnail","6":"product_cat-blackpatroner-toners","7":"product_cat-brother-toner","8":"product_cat-toner","9":"product_tag-315","10":"product_tag-dcp-7060d","11":"product_tag-dcp-7065dn","12":"product_tag-dcp-7070dw","13":"product_tag-fax-2840","14":"product_tag-hl-2240","15":"product_tag-hl-2240d","16":"product_tag-hl-2250dn","17":"product_tag-hl-2270dw","18":"product_tag-mfc-7360n","19":"product_tag-mfc-7360ne","20":"product_tag-mfc-7460dn","21":"product_tag-mfc-7860dw","23":"first","24":"instock","25":"taxable","26":"shipping-taxable","27":"purchasable","28":"product-type-simple"},"yoast_head":"<!-- This site is optimized with the Yoast SEO Premium plugin v26.7 (Yoast SEO v26.7) - https:\/\/yoast.com\/wordpress\/plugins\/seo\/ -->\n<title>Brother TN2210 SVART. Originaltoner fr\u00e5n Brother<\/title>\n<meta name=\"description\" content=\"Brother TN2210 \u00e4r en Originaltoner fr\u00e5n Brother i Svart. Beh\u00f6ver du byta toner i skrivaren p\u00e5 kontoret? H\u00e4r har du den tryggaste l\u00f6sningen!\" \/>\n<meta name=\"robots\" content=\"index, follow, max-snippet:-1, max-image-preview:large, max-video-preview:-1\" \/>\n<link rel=\"canonical\" href=\"https:\/\/www.heddata.se\/webbutik\/produkt\/brother-tn2210-svart-original-toner\/\" \/>\n<meta property=\"og:locale\" content=\"sv_SE\" \/>\n<meta property=\"og:type\" content=\"article\" \/>\n<meta property=\"og:title\" content=\"Brother TN2210 Svart original toner\" \/>\n<meta property=\"og:description\" content=\"Brother TN2210 \u00e4r en Originaltoner fr\u00e5n Brother i Svart. Beh\u00f6ver du byta toner i skrivaren p\u00e5 kontoret? H\u00e4r har du den tryggaste l\u00f6sningen!\" \/>\n<meta property=\"og:url\" content=\"https:\/\/www.heddata.se\/webbutik\/produkt\/brother-tn2210-svart-original-toner\/\" \/>\n<meta property=\"og:site_name\" content=\"Datorer, Skrivare, F\u00e4rgpatroner, Mobiltelefoner\" \/>\n<meta property=\"article:modified_time\" content=\"2026-04-30T16:12:46+00:00\" \/>\n<meta property=\"og:image\" content=\"https:\/\/www.heddata.se\/webbutik\/wp-content\/uploads\/webbutik\/kategorier\/Bl\u00e4ckpatroner-toners\/TN2210-brother-toner-original.jpg\" \/>\n\t<meta property=\"og:image:width\" content=\"960\" \/>\n\t<meta property=\"og:image:height\" content=\"960\" \/>\n\t<meta property=\"og:image:type\" content=\"image\/jpeg\" \/>\n<meta name=\"twitter:card\" content=\"summary_large_image\" \/>\n<meta name=\"twitter:label1\" content=\"Ber\u00e4knad l\u00e4stid\" \/>\n\t<meta name=\"twitter:data1\" content=\"1 minut\" \/>\n<script type=\"application\/ld+json\" class=\"yoast-schema-graph\">{\"@context\":\"https:\/\/schema.org\",\"@graph\":[{\"@type\":\"WebPage\",\"@id\":\"https:\/\/www.heddata.se\/webbutik\/produkt\/brother-tn2210-svart-original-toner\/\",\"url\":\"https:\/\/www.heddata.se\/webbutik\/produkt\/brother-tn2210-svart-original-toner\/\",\"name\":\"Brother TN2210 SVART. Originaltoner fr\u00e5n Brother\",\"isPartOf\":{\"@id\":\"https:\/\/www.heddata.se\/webbutik\/#website\"},\"primaryImageOfPage\":{\"@id\":\"https:\/\/www.heddata.se\/webbutik\/produkt\/brother-tn2210-svart-original-toner\/#primaryimage\"},\"image\":{\"@id\":\"https:\/\/www.heddata.se\/webbutik\/produkt\/brother-tn2210-svart-original-toner\/#primaryimage\"},\"thumbnailUrl\":\"https:\/\/www.heddata.se\/webbutik\/wp-content\/uploads\/webbutik\/kategorier\/Bl\u00e4ckpatroner-toners\/TN2210-brother-toner-original.jpg\",\"datePublished\":\"2019-10-07T06:17:38+00:00\",\"dateModified\":\"2026-04-30T16:12:46+00:00\",\"description\":\"Brother TN2210 \u00e4r en Originaltoner fr\u00e5n Brother i Svart. Beh\u00f6ver du byta toner i skrivaren p\u00e5 kontoret? H\u00e4r har du den tryggaste l\u00f6sningen!\",\"breadcrumb\":{\"@id\":\"https:\/\/www.heddata.se\/webbutik\/produkt\/brother-tn2210-svart-original-toner\/#breadcrumb\"},\"inLanguage\":\"sv-SE\",\"potentialAction\":[{\"@type\":\"ReadAction\",\"target\":[\"https:\/\/www.heddata.se\/webbutik\/produkt\/brother-tn2210-svart-original-toner\/\"]}]},{\"@type\":\"ImageObject\",\"inLanguage\":\"sv-SE\",\"@id\":\"https:\/\/www.heddata.se\/webbutik\/produkt\/brother-tn2210-svart-original-toner\/#primaryimage\",\"url\":\"https:\/\/www.heddata.se\/webbutik\/wp-content\/uploads\/webbutik\/kategorier\/Bl\u00e4ckpatroner-toners\/TN2210-brother-toner-original.jpg\",\"contentUrl\":\"https:\/\/www.heddata.se\/webbutik\/wp-content\/uploads\/webbutik\/kategorier\/Bl\u00e4ckpatroner-toners\/TN2210-brother-toner-original.jpg\",\"width\":960,\"height\":960,\"caption\":\"Brother TN2210 Svart original toner\"},{\"@type\":\"BreadcrumbList\",\"@id\":\"https:\/\/www.heddata.se\/webbutik\/produkt\/brother-tn2210-svart-original-toner\/#breadcrumb\",\"itemListElement\":[{\"@type\":\"ListItem\",\"position\":1,\"name\":\"Hem\",\"item\":\"https:\/\/www.heddata.se\/webbutik\/\"},{\"@type\":\"ListItem\",\"position\":2,\"name\":\"Produkter\",\"item\":\"https:\/\/www.heddata.se\/webbutik\/shop\/\"},{\"@type\":\"ListItem\",\"position\":3,\"name\":\"Brother TN2210 Svart original toner\"}]},{\"@type\":\"WebSite\",\"@id\":\"https:\/\/www.heddata.se\/webbutik\/#website\",\"url\":\"https:\/\/www.heddata.se\/webbutik\/\",\"name\":\"Datorer, Skrivare, F\u00e4rgpatroner, Mobiltelefoner\",\"description\":\"Kablar\",\"publisher\":{\"@id\":\"https:\/\/www.heddata.se\/webbutik\/#organization\"},\"potentialAction\":[{\"@type\":\"SearchAction\",\"target\":{\"@type\":\"EntryPoint\",\"urlTemplate\":\"https:\/\/www.heddata.se\/webbutik\/?s={search_term_string}\"},\"query-input\":{\"@type\":\"PropertyValueSpecification\",\"valueRequired\":true,\"valueName\":\"search_term_string\"}}],\"inLanguage\":\"sv-SE\"},{\"@type\":\"Organization\",\"@id\":\"https:\/\/www.heddata.se\/webbutik\/#organization\",\"name\":\"Heddata AB\",\"url\":\"https:\/\/www.heddata.se\/webbutik\/\",\"logo\":{\"@type\":\"ImageObject\",\"inLanguage\":\"sv-SE\",\"@id\":\"https:\/\/www.heddata.se\/webbutik\/#\/schema\/logo\/image\/\",\"url\":\"https:\/\/www.heddata.se\/webbutik\/wp-content\/uploads\/logga\/heddata-ab-logga.png\",\"contentUrl\":\"https:\/\/www.heddata.se\/webbutik\/wp-content\/uploads\/logga\/heddata-ab-logga.png\",\"width\":200,\"height\":64,\"caption\":\"Heddata AB\"},\"image\":{\"@id\":\"https:\/\/www.heddata.se\/webbutik\/#\/schema\/logo\/image\/\"}}]}<\/script>\n<!-- \/ Yoast SEO Premium plugin. -->","yoast_head_json":{"title":"Brother TN2210 SVART. Originaltoner fr\u00e5n Brother","description":"Brother TN2210 \u00e4r en Originaltoner fr\u00e5n Brother i Svart. Beh\u00f6ver du byta toner i skrivaren p\u00e5 kontoret? H\u00e4r har du den tryggaste l\u00f6sningen!","robots":{"index":"index","follow":"follow","max-snippet":"max-snippet:-1","max-image-preview":"max-image-preview:large","max-video-preview":"max-video-preview:-1"},"canonical":"https:\/\/www.heddata.se\/webbutik\/produkt\/brother-tn2210-svart-original-toner\/","og_locale":"sv_SE","og_type":"article","og_title":"Brother TN2210 Svart original toner","og_description":"Brother TN2210 \u00e4r en Originaltoner fr\u00e5n Brother i Svart. Beh\u00f6ver du byta toner i skrivaren p\u00e5 kontoret? H\u00e4r har du den tryggaste l\u00f6sningen!","og_url":"https:\/\/www.heddata.se\/webbutik\/produkt\/brother-tn2210-svart-original-toner\/","og_site_name":"Datorer, Skrivare, F\u00e4rgpatroner, Mobiltelefoner","article_modified_time":"2026-04-30T16:12:46+00:00","og_image":[{"width":960,"height":960,"url":"https:\/\/www.heddata.se\/webbutik\/wp-content\/uploads\/webbutik\/kategorier\/Bl\u00e4ckpatroner-toners\/TN2210-brother-toner-original.jpg","type":"image\/jpeg"}],"twitter_card":"summary_large_image","twitter_misc":{"Ber\u00e4knad l\u00e4stid":"1 minut"},"schema":{"@context":"https:\/\/schema.org","@graph":[{"@type":"WebPage","@id":"https:\/\/www.heddata.se\/webbutik\/produkt\/brother-tn2210-svart-original-toner\/","url":"https:\/\/www.heddata.se\/webbutik\/produkt\/brother-tn2210-svart-original-toner\/","name":"Brother TN2210 SVART. Originaltoner fr\u00e5n Brother","isPartOf":{"@id":"https:\/\/www.heddata.se\/webbutik\/#website"},"primaryImageOfPage":{"@id":"https:\/\/www.heddata.se\/webbutik\/produkt\/brother-tn2210-svart-original-toner\/#primaryimage"},"image":{"@id":"https:\/\/www.heddata.se\/webbutik\/produkt\/brother-tn2210-svart-original-toner\/#primaryimage"},"thumbnailUrl":"https:\/\/www.heddata.se\/webbutik\/wp-content\/uploads\/webbutik\/kategorier\/Bl\u00e4ckpatroner-toners\/TN2210-brother-toner-original.jpg","datePublished":"2019-10-07T06:17:38+00:00","dateModified":"2026-04-30T16:12:46+00:00","description":"Brother TN2210 \u00e4r en Originaltoner fr\u00e5n Brother i Svart. Beh\u00f6ver du byta toner i skrivaren p\u00e5 kontoret? H\u00e4r har du den tryggaste l\u00f6sningen!","breadcrumb":{"@id":"https:\/\/www.heddata.se\/webbutik\/produkt\/brother-tn2210-svart-original-toner\/#breadcrumb"},"inLanguage":"sv-SE","potentialAction":[{"@type":"ReadAction","target":["https:\/\/www.heddata.se\/webbutik\/produkt\/brother-tn2210-svart-original-toner\/"]}]},{"@type":"ImageObject","inLanguage":"sv-SE","@id":"https:\/\/www.heddata.se\/webbutik\/produkt\/brother-tn2210-svart-original-toner\/#primaryimage","url":"https:\/\/www.heddata.se\/webbutik\/wp-content\/uploads\/webbutik\/kategorier\/Bl\u00e4ckpatroner-toners\/TN2210-brother-toner-original.jpg","contentUrl":"https:\/\/www.heddata.se\/webbutik\/wp-content\/uploads\/webbutik\/kategorier\/Bl\u00e4ckpatroner-toners\/TN2210-brother-toner-original.jpg","width":960,"height":960,"caption":"Brother TN2210 Svart original toner"},{"@type":"BreadcrumbList","@id":"https:\/\/www.heddata.se\/webbutik\/produkt\/brother-tn2210-svart-original-toner\/#breadcrumb","itemListElement":[{"@type":"ListItem","position":1,"name":"Hem","item":"https:\/\/www.heddata.se\/webbutik\/"},{"@type":"ListItem","position":2,"name":"Produkter","item":"https:\/\/www.heddata.se\/webbutik\/shop\/"},{"@type":"ListItem","position":3,"name":"Brother TN2210 Svart original toner"}]},{"@type":"WebSite","@id":"https:\/\/www.heddata.se\/webbutik\/#website","url":"https:\/\/www.heddata.se\/webbutik\/","name":"Datorer, Skrivare, F\u00e4rgpatroner, Mobiltelefoner","description":"Kablar","publisher":{"@id":"https:\/\/www.heddata.se\/webbutik\/#organization"},"potentialAction":[{"@type":"SearchAction","target":{"@type":"EntryPoint","urlTemplate":"https:\/\/www.heddata.se\/webbutik\/?s={search_term_string}"},"query-input":{"@type":"PropertyValueSpecification","valueRequired":true,"valueName":"search_term_string"}}],"inLanguage":"sv-SE"},{"@type":"Organization","@id":"https:\/\/www.heddata.se\/webbutik\/#organization","name":"Heddata AB","url":"https:\/\/www.heddata.se\/webbutik\/","logo":{"@type":"ImageObject","inLanguage":"sv-SE","@id":"https:\/\/www.heddata.se\/webbutik\/#\/schema\/logo\/image\/","url":"https:\/\/www.heddata.se\/webbutik\/wp-content\/uploads\/logga\/heddata-ab-logga.png","contentUrl":"https:\/\/www.heddata.se\/webbutik\/wp-content\/uploads\/logga\/heddata-ab-logga.png","width":200,"height":64,"caption":"Heddata AB"},"image":{"@id":"https:\/\/www.heddata.se\/webbutik\/#\/schema\/logo\/image\/"}}]}},"_links":{"self":[{"href":"https:\/\/www.heddata.se\/webbutik\/wp-json\/wp\/v2\/product\/2608","targetHints":{"allow":["GET"]}}],"collection":[{"href":"https:\/\/www.heddata.se\/webbutik\/wp-json\/wp\/v2\/product"}],"about":[{"href":"https:\/\/www.heddata.se\/webbutik\/wp-json\/wp\/v2\/types\/product"}],"wp:featuredmedia":[{"embeddable":true,"href":"https:\/\/www.heddata.se\/webbutik\/wp-json\/wp\/v2\/media\/2813"}],"wp:attachment":[{"href":"https:\/\/www.heddata.se\/webbutik\/wp-json\/wp\/v2\/media?parent=2608"}],"wp:term":[{"taxonomy":"product_brand","embeddable":true,"href":"https:\/\/www.heddata.se\/webbutik\/wp-json\/wp\/v2\/product_brand?post=2608"},{"taxonomy":"product_cat","embeddable":true,"href":"https:\/\/www.heddata.se\/webbutik\/wp-json\/wp\/v2\/product_cat?post=2608"},{"taxonomy":"product_tag","embeddable":true,"href":"https:\/\/www.heddata.se\/webbutik\/wp-json\/wp\/v2\/product_tag?post=2608"}],"curies":[{"name":"wp","href":"https:\/\/api.w.org\/{rel}","templated":true}]}}