{"id":2606,"date":"2019-10-07T08:17:38","date_gmt":"2019-10-07T06:17:38","guid":{"rendered":"https:\/\/www.heddata.se\/webbutik\/produkt\/brother-tn2010-svart-original-tonerkassett-for-dcp-7055-7055w\/"},"modified":"2026-05-07T18:12:36","modified_gmt":"2026-05-07T16:12:36","slug":"brother-tn2010-svart-original","status":"publish","type":"product","link":"https:\/\/www.heddata.se\/webbutik\/produkt\/brother-tn2010-svart-original\/","title":{"rendered":"Brother TN2010 SVART original tonerkassett"},"content":{"rendered":"<p>Brother TN2010. Detta \u00e4r en o<span>riginal tonerkassett fr\u00e5n Brother i svart, som klarar upp till 1 000 A4-sidor. <\/span><span>V\u00e4lj Brother TN2010 f\u00f6r snabba och p\u00e5litliga utskrifter med perfekt sk\u00e4rpa fr\u00e5n f\u00f6rsta till sista utskriften.<\/span><\/p>\n<p><b><span>Viktig information<\/span><\/b><\/p>\n<ul>\n<li><span>Tillhandah\u00e5ller upp till 1 000 A4-sidor * (* ISO \/ IEC 19752)<\/span><\/li>\n<li><span>Original <a href=\"https:\/\/www.brother.se\">Brother<\/a> toner av h\u00f6g kvalitet<\/span><\/li>\n<li><span>Minskar avfallet s\u00e5 att du sparar papper, tid och pengar<\/span><\/li>\n<\/ul>\n<p><span>Med den h\u00e4r ursprungliga Brother-tonern kan du skriva ut upp till 1 000 A4-sidor. <\/span><span>Genom att anv\u00e4nda original <a href=\"https:\/\/www.heddata.se\/webbutik\/blackpatroner-toners\/\">toner<\/a> fungerar <a href=\"https:\/\/www.heddata.se\/webbutik\/blackpatroner-toners\/blackpatroner\/brother-blackpatroner\/\">skrivaren<\/a> b\u00e4st. <\/span><span>N\u00e4r det \u00e4r dags att byta ut din toner kan du vara s\u00e4ker p\u00e5 att Brother TN2010 kommer att se till att skrivaren fungerar optimalt och ger fantastiska resultat.\u00a0 <\/span><span>Den ursprungliga svarta tonern TN2010 garanterar att skrivaren fungerar korrekt. Du f\u00e5r fantastiska tryck och mer valuta f\u00f6r pengarna.\u00a0<\/span><\/p>\n<p>Kompatibel med: Brother DCP-7055, DCP-7055W, DCP-7057, DCP-7057E, HL-2130, HL-2132, HL-2135W<\/p>\n","protected":false},"excerpt":{"rendered":"<p>Brother TN2010. Detta \u00e4r en original tonerkassett fr\u00e5n Brother i svart, som klarar upp till 1 000 A4-sidor. V\u00e4lj Brother TN2010 f\u00f6r snabba och p\u00e5litliga utskrifter med perfekt sk\u00e4rpa fr\u00e5n f\u00f6rsta till sista utskriften. Viktig information Tillhandah\u00e5ller upp till 1 000 A4-sidor * (* ISO \/ IEC 19752) Original Brother toner av h\u00f6g kvalitet Minskar [&#8230;]\n","protected":false},"featured_media":2681,"template":"","meta":[],"product_brand":[],"product_cat":[61,98,89],"product_tag":[296,297,298,299,300,301,302],"class_list":{"0":"post-2606","1":"product","2":"type-product","3":"status-publish","4":"has-post-thumbnail","6":"product_cat-blackpatroner-toners","7":"product_cat-brother-toner","8":"product_cat-toner","9":"product_tag-dcp-7055","10":"product_tag-dcp-7055w","11":"product_tag-dcp-7057","12":"product_tag-dcp-7057e","13":"product_tag-hl-2130","14":"product_tag-hl-2132","15":"product_tag-hl-2135w","17":"first","18":"instock","19":"taxable","20":"shipping-taxable","21":"purchasable","22":"product-type-simple"},"yoast_head":"<!-- This site is optimized with the Yoast SEO Premium plugin v26.7 (Yoast SEO v26.7) - https:\/\/yoast.com\/wordpress\/plugins\/seo\/ -->\n<title>Brother TN2010 SVART. Original tonerkassett fr\u00e5n Brother<\/title>\n<meta name=\"description\" content=\"Brother TN2010 SVART. Med den h\u00e4r ursprungliga Brother-tonern kan du skriva ut upp till 1 000 A4-sidor. Din skrivare fungerar b\u00e4st med en originaltoner\" \/>\n<meta name=\"robots\" content=\"index, follow, max-snippet:-1, max-image-preview:large, max-video-preview:-1\" \/>\n<link rel=\"canonical\" href=\"https:\/\/www.heddata.se\/webbutik\/produkt\/brother-tn2010-svart-original\/\" \/>\n<meta property=\"og:locale\" content=\"sv_SE\" \/>\n<meta property=\"og:type\" content=\"article\" \/>\n<meta property=\"og:title\" content=\"Brother TN2010 SVART original tonerkassett\" \/>\n<meta property=\"og:description\" content=\"Brother TN2010 SVART. Med den h\u00e4r ursprungliga Brother-tonern kan du skriva ut upp till 1 000 A4-sidor. Din skrivare fungerar b\u00e4st med en originaltoner\" \/>\n<meta property=\"og:url\" content=\"https:\/\/www.heddata.se\/webbutik\/produkt\/brother-tn2010-svart-original\/\" \/>\n<meta property=\"og:site_name\" content=\"Datorer, Skrivare, F\u00e4rgpatroner, Mobiltelefoner\" \/>\n<meta property=\"article:modified_time\" content=\"2026-05-07T16:12:36+00:00\" \/>\n<meta property=\"og:image\" content=\"https:\/\/www.heddata.se\/webbutik\/wp-content\/uploads\/webbutik\/kategorier\/Bl\u00e4ckpatroner-toners\/TN2010_svart_tonerkassett_original.jpg\" \/>\n\t<meta property=\"og:image:width\" content=\"960\" \/>\n\t<meta property=\"og:image:height\" content=\"960\" \/>\n\t<meta property=\"og:image:type\" content=\"image\/jpeg\" \/>\n<meta name=\"twitter:card\" content=\"summary_large_image\" \/>\n<meta name=\"twitter:label1\" content=\"Ber\u00e4knad l\u00e4stid\" \/>\n\t<meta name=\"twitter:data1\" content=\"1 minut\" \/>\n<script type=\"application\/ld+json\" class=\"yoast-schema-graph\">{\"@context\":\"https:\/\/schema.org\",\"@graph\":[{\"@type\":\"WebPage\",\"@id\":\"https:\/\/www.heddata.se\/webbutik\/produkt\/brother-tn2010-svart-original\/\",\"url\":\"https:\/\/www.heddata.se\/webbutik\/produkt\/brother-tn2010-svart-original\/\",\"name\":\"Brother TN2010 SVART. Original tonerkassett fr\u00e5n Brother\",\"isPartOf\":{\"@id\":\"https:\/\/www.heddata.se\/webbutik\/#website\"},\"primaryImageOfPage\":{\"@id\":\"https:\/\/www.heddata.se\/webbutik\/produkt\/brother-tn2010-svart-original\/#primaryimage\"},\"image\":{\"@id\":\"https:\/\/www.heddata.se\/webbutik\/produkt\/brother-tn2010-svart-original\/#primaryimage\"},\"thumbnailUrl\":\"https:\/\/www.heddata.se\/webbutik\/wp-content\/uploads\/webbutik\/kategorier\/Bl\u00e4ckpatroner-toners\/TN2010_svart_tonerkassett_original.jpg\",\"datePublished\":\"2019-10-07T06:17:38+00:00\",\"dateModified\":\"2026-05-07T16:12:36+00:00\",\"description\":\"Brother TN2010 SVART. Med den h\u00e4r ursprungliga Brother-tonern kan du skriva ut upp till 1 000 A4-sidor. Din skrivare fungerar b\u00e4st med en originaltoner\",\"breadcrumb\":{\"@id\":\"https:\/\/www.heddata.se\/webbutik\/produkt\/brother-tn2010-svart-original\/#breadcrumb\"},\"inLanguage\":\"sv-SE\",\"potentialAction\":[{\"@type\":\"ReadAction\",\"target\":[\"https:\/\/www.heddata.se\/webbutik\/produkt\/brother-tn2010-svart-original\/\"]}]},{\"@type\":\"ImageObject\",\"inLanguage\":\"sv-SE\",\"@id\":\"https:\/\/www.heddata.se\/webbutik\/produkt\/brother-tn2010-svart-original\/#primaryimage\",\"url\":\"https:\/\/www.heddata.se\/webbutik\/wp-content\/uploads\/webbutik\/kategorier\/Bl\u00e4ckpatroner-toners\/TN2010_svart_tonerkassett_original.jpg\",\"contentUrl\":\"https:\/\/www.heddata.se\/webbutik\/wp-content\/uploads\/webbutik\/kategorier\/Bl\u00e4ckpatroner-toners\/TN2010_svart_tonerkassett_original.jpg\",\"width\":960,\"height\":960,\"caption\":\"Brother TN2010 SVART original tonerkassett\"},{\"@type\":\"BreadcrumbList\",\"@id\":\"https:\/\/www.heddata.se\/webbutik\/produkt\/brother-tn2010-svart-original\/#breadcrumb\",\"itemListElement\":[{\"@type\":\"ListItem\",\"position\":1,\"name\":\"Hem\",\"item\":\"https:\/\/www.heddata.se\/webbutik\/\"},{\"@type\":\"ListItem\",\"position\":2,\"name\":\"Produkter\",\"item\":\"https:\/\/www.heddata.se\/webbutik\/shop\/\"},{\"@type\":\"ListItem\",\"position\":3,\"name\":\"Brother TN2010 SVART original tonerkassett\"}]},{\"@type\":\"WebSite\",\"@id\":\"https:\/\/www.heddata.se\/webbutik\/#website\",\"url\":\"https:\/\/www.heddata.se\/webbutik\/\",\"name\":\"Datorer, Skrivare, F\u00e4rgpatroner, Mobiltelefoner\",\"description\":\"Kablar\",\"publisher\":{\"@id\":\"https:\/\/www.heddata.se\/webbutik\/#organization\"},\"potentialAction\":[{\"@type\":\"SearchAction\",\"target\":{\"@type\":\"EntryPoint\",\"urlTemplate\":\"https:\/\/www.heddata.se\/webbutik\/?s={search_term_string}\"},\"query-input\":{\"@type\":\"PropertyValueSpecification\",\"valueRequired\":true,\"valueName\":\"search_term_string\"}}],\"inLanguage\":\"sv-SE\"},{\"@type\":\"Organization\",\"@id\":\"https:\/\/www.heddata.se\/webbutik\/#organization\",\"name\":\"Heddata AB\",\"url\":\"https:\/\/www.heddata.se\/webbutik\/\",\"logo\":{\"@type\":\"ImageObject\",\"inLanguage\":\"sv-SE\",\"@id\":\"https:\/\/www.heddata.se\/webbutik\/#\/schema\/logo\/image\/\",\"url\":\"https:\/\/www.heddata.se\/webbutik\/wp-content\/uploads\/logga\/heddata-ab-logga.png\",\"contentUrl\":\"https:\/\/www.heddata.se\/webbutik\/wp-content\/uploads\/logga\/heddata-ab-logga.png\",\"width\":200,\"height\":64,\"caption\":\"Heddata AB\"},\"image\":{\"@id\":\"https:\/\/www.heddata.se\/webbutik\/#\/schema\/logo\/image\/\"}}]}<\/script>\n<!-- \/ Yoast SEO Premium plugin. -->","yoast_head_json":{"title":"Brother TN2010 SVART. Original tonerkassett fr\u00e5n Brother","description":"Brother TN2010 SVART. Med den h\u00e4r ursprungliga Brother-tonern kan du skriva ut upp till 1 000 A4-sidor. Din skrivare fungerar b\u00e4st med en originaltoner","robots":{"index":"index","follow":"follow","max-snippet":"max-snippet:-1","max-image-preview":"max-image-preview:large","max-video-preview":"max-video-preview:-1"},"canonical":"https:\/\/www.heddata.se\/webbutik\/produkt\/brother-tn2010-svart-original\/","og_locale":"sv_SE","og_type":"article","og_title":"Brother TN2010 SVART original tonerkassett","og_description":"Brother TN2010 SVART. Med den h\u00e4r ursprungliga Brother-tonern kan du skriva ut upp till 1 000 A4-sidor. Din skrivare fungerar b\u00e4st med en originaltoner","og_url":"https:\/\/www.heddata.se\/webbutik\/produkt\/brother-tn2010-svart-original\/","og_site_name":"Datorer, Skrivare, F\u00e4rgpatroner, Mobiltelefoner","article_modified_time":"2026-05-07T16:12:36+00:00","og_image":[{"width":960,"height":960,"url":"https:\/\/www.heddata.se\/webbutik\/wp-content\/uploads\/webbutik\/kategorier\/Bl\u00e4ckpatroner-toners\/TN2010_svart_tonerkassett_original.jpg","type":"image\/jpeg"}],"twitter_card":"summary_large_image","twitter_misc":{"Ber\u00e4knad l\u00e4stid":"1 minut"},"schema":{"@context":"https:\/\/schema.org","@graph":[{"@type":"WebPage","@id":"https:\/\/www.heddata.se\/webbutik\/produkt\/brother-tn2010-svart-original\/","url":"https:\/\/www.heddata.se\/webbutik\/produkt\/brother-tn2010-svart-original\/","name":"Brother TN2010 SVART. Original tonerkassett fr\u00e5n Brother","isPartOf":{"@id":"https:\/\/www.heddata.se\/webbutik\/#website"},"primaryImageOfPage":{"@id":"https:\/\/www.heddata.se\/webbutik\/produkt\/brother-tn2010-svart-original\/#primaryimage"},"image":{"@id":"https:\/\/www.heddata.se\/webbutik\/produkt\/brother-tn2010-svart-original\/#primaryimage"},"thumbnailUrl":"https:\/\/www.heddata.se\/webbutik\/wp-content\/uploads\/webbutik\/kategorier\/Bl\u00e4ckpatroner-toners\/TN2010_svart_tonerkassett_original.jpg","datePublished":"2019-10-07T06:17:38+00:00","dateModified":"2026-05-07T16:12:36+00:00","description":"Brother TN2010 SVART. Med den h\u00e4r ursprungliga Brother-tonern kan du skriva ut upp till 1 000 A4-sidor. Din skrivare fungerar b\u00e4st med en originaltoner","breadcrumb":{"@id":"https:\/\/www.heddata.se\/webbutik\/produkt\/brother-tn2010-svart-original\/#breadcrumb"},"inLanguage":"sv-SE","potentialAction":[{"@type":"ReadAction","target":["https:\/\/www.heddata.se\/webbutik\/produkt\/brother-tn2010-svart-original\/"]}]},{"@type":"ImageObject","inLanguage":"sv-SE","@id":"https:\/\/www.heddata.se\/webbutik\/produkt\/brother-tn2010-svart-original\/#primaryimage","url":"https:\/\/www.heddata.se\/webbutik\/wp-content\/uploads\/webbutik\/kategorier\/Bl\u00e4ckpatroner-toners\/TN2010_svart_tonerkassett_original.jpg","contentUrl":"https:\/\/www.heddata.se\/webbutik\/wp-content\/uploads\/webbutik\/kategorier\/Bl\u00e4ckpatroner-toners\/TN2010_svart_tonerkassett_original.jpg","width":960,"height":960,"caption":"Brother TN2010 SVART original tonerkassett"},{"@type":"BreadcrumbList","@id":"https:\/\/www.heddata.se\/webbutik\/produkt\/brother-tn2010-svart-original\/#breadcrumb","itemListElement":[{"@type":"ListItem","position":1,"name":"Hem","item":"https:\/\/www.heddata.se\/webbutik\/"},{"@type":"ListItem","position":2,"name":"Produkter","item":"https:\/\/www.heddata.se\/webbutik\/shop\/"},{"@type":"ListItem","position":3,"name":"Brother TN2010 SVART original tonerkassett"}]},{"@type":"WebSite","@id":"https:\/\/www.heddata.se\/webbutik\/#website","url":"https:\/\/www.heddata.se\/webbutik\/","name":"Datorer, Skrivare, F\u00e4rgpatroner, Mobiltelefoner","description":"Kablar","publisher":{"@id":"https:\/\/www.heddata.se\/webbutik\/#organization"},"potentialAction":[{"@type":"SearchAction","target":{"@type":"EntryPoint","urlTemplate":"https:\/\/www.heddata.se\/webbutik\/?s={search_term_string}"},"query-input":{"@type":"PropertyValueSpecification","valueRequired":true,"valueName":"search_term_string"}}],"inLanguage":"sv-SE"},{"@type":"Organization","@id":"https:\/\/www.heddata.se\/webbutik\/#organization","name":"Heddata AB","url":"https:\/\/www.heddata.se\/webbutik\/","logo":{"@type":"ImageObject","inLanguage":"sv-SE","@id":"https:\/\/www.heddata.se\/webbutik\/#\/schema\/logo\/image\/","url":"https:\/\/www.heddata.se\/webbutik\/wp-content\/uploads\/logga\/heddata-ab-logga.png","contentUrl":"https:\/\/www.heddata.se\/webbutik\/wp-content\/uploads\/logga\/heddata-ab-logga.png","width":200,"height":64,"caption":"Heddata AB"},"image":{"@id":"https:\/\/www.heddata.se\/webbutik\/#\/schema\/logo\/image\/"}}]}},"_links":{"self":[{"href":"https:\/\/www.heddata.se\/webbutik\/wp-json\/wp\/v2\/product\/2606","targetHints":{"allow":["GET"]}}],"collection":[{"href":"https:\/\/www.heddata.se\/webbutik\/wp-json\/wp\/v2\/product"}],"about":[{"href":"https:\/\/www.heddata.se\/webbutik\/wp-json\/wp\/v2\/types\/product"}],"wp:featuredmedia":[{"embeddable":true,"href":"https:\/\/www.heddata.se\/webbutik\/wp-json\/wp\/v2\/media\/2681"}],"wp:attachment":[{"href":"https:\/\/www.heddata.se\/webbutik\/wp-json\/wp\/v2\/media?parent=2606"}],"wp:term":[{"taxonomy":"product_brand","embeddable":true,"href":"https:\/\/www.heddata.se\/webbutik\/wp-json\/wp\/v2\/product_brand?post=2606"},{"taxonomy":"product_cat","embeddable":true,"href":"https:\/\/www.heddata.se\/webbutik\/wp-json\/wp\/v2\/product_cat?post=2606"},{"taxonomy":"product_tag","embeddable":true,"href":"https:\/\/www.heddata.se\/webbutik\/wp-json\/wp\/v2\/product_tag?post=2606"}],"curies":[{"name":"wp","href":"https:\/\/api.w.org\/{rel}","templated":true}]}}