{"id":2603,"date":"2019-10-07T08:17:38","date_gmt":"2019-10-07T06:17:38","guid":{"rendered":"https:\/\/www.heddata.se\/webbutik\/produkt\/brother-tn1050-svart-original-tonerkassett-for-dcp-1510-1512\/"},"modified":"2026-04-09T10:12:33","modified_gmt":"2026-04-09T08:12:33","slug":"brother-tn1050-svart-original","status":"publish","type":"product","link":"https:\/\/www.heddata.se\/webbutik\/produkt\/brother-tn1050-svart-original\/","title":{"rendered":"Brother TN1050 Svart Original Tonerkassett"},"content":{"rendered":"<p>Brother TN1050 SVART<\/p>\n<p>Med denna svarta Brother Original toner kan du vara s\u00e4ker p\u00e5 att du f\u00e5r ut det mesta av din Brother-skrivare. TN1050 \u00e4r framst\u00e4lld f\u00f6r att passa perfekt tillsammans med din skrivare och h\u00e5ller den i fint skick. Du kan f\u00f6rv\u00e4nta dig fina skarpa utskrifter varje g\u00e5ng utan att bli besviken, vare sig du skriver ut texter eller ett foto.<\/p>\n<ul>\n<li>Tillhandah\u00e5ller upp till 1 000 A4-sidor (* ISO \/ IEC 19752)<\/li>\n<li>Original Brother toner av h\u00f6g kvalitet<\/li>\n<li>Minskar avfallet s\u00e5 att du sparar papper, tid och pengar<\/li>\n<\/ul>\n<p><strong>Kompatibel med: Brother DCP-1510, DCP-1512, DCP-1512A, DCP-1610W, DCP-1610WVB, DCP-1612W, DCP-1612WE, DCP-1612WVB, HL-1110, HL-1112, HL-1112A, HL-1210W, HL -1210WVB, HL-1212W, HL-1212WVB, MFC-1810, MFC-1910W<\/strong><\/p>\n","protected":false},"excerpt":{"rendered":"<p>Brother TN1050 SVART<\/p>\n","protected":false},"featured_media":2877,"template":"","meta":[],"product_brand":[],"product_cat":[61,98,89],"product_tag":[354,355,356,357,358,359,360,361,366,362,363,364,365,367,368,369,370],"class_list":{"0":"post-2603","1":"product","2":"type-product","3":"status-publish","4":"has-post-thumbnail","6":"product_cat-blackpatroner-toners","7":"product_cat-brother-toner","8":"product_cat-toner","9":"product_tag-dcp-1510","10":"product_tag-dcp-1512","11":"product_tag-dcp-1512a","12":"product_tag-dcp-1610w","13":"product_tag-dcp-1610wvb","14":"product_tag-dcp-1612w","15":"product_tag-dcp-1612we","16":"product_tag-dcp-1612wvb","17":"product_tag-hl-1210wvb","18":"product_tag-hl-1110","19":"product_tag-hl-1112","20":"product_tag-hl-1112a","21":"product_tag-hl-1210w","22":"product_tag-hl-1212w","23":"product_tag-hl-1212wvb","24":"product_tag-mfc-1810","25":"product_tag-mfc-1910w","27":"first","28":"instock","29":"taxable","30":"shipping-taxable","31":"purchasable","32":"product-type-simple"},"yoast_head":"<!-- This site is optimized with the Yoast SEO Premium plugin v26.7 (Yoast SEO v26.7) - https:\/\/yoast.com\/wordpress\/plugins\/seo\/ -->\n<title>Brother TN1050 SVART. Original toner fr\u00e5n Brother<\/title>\n<meta name=\"description\" content=\"Brother TN1050 SVART \u00e4r en originaltoner fr\u00e5n Brother. TN1050 \u00e4r framst\u00e4lld f\u00f6r att passa perfekt med din Brother-skrivare.\" \/>\n<meta name=\"robots\" content=\"index, follow, max-snippet:-1, max-image-preview:large, max-video-preview:-1\" \/>\n<link rel=\"canonical\" href=\"https:\/\/www.heddata.se\/webbutik\/produkt\/brother-tn1050-svart-original\/\" \/>\n<meta property=\"og:locale\" content=\"sv_SE\" \/>\n<meta property=\"og:type\" content=\"article\" \/>\n<meta property=\"og:title\" content=\"Brother TN1050 Svart Original Tonerkassett\" \/>\n<meta property=\"og:description\" content=\"Brother TN1050 SVART \u00e4r en originaltoner fr\u00e5n Brother. TN1050 \u00e4r framst\u00e4lld f\u00f6r att passa perfekt med din Brother-skrivare.\" \/>\n<meta property=\"og:url\" content=\"https:\/\/www.heddata.se\/webbutik\/produkt\/brother-tn1050-svart-original\/\" \/>\n<meta property=\"og:site_name\" content=\"Datorer, Skrivare, F\u00e4rgpatroner, Mobiltelefoner\" \/>\n<meta property=\"article:modified_time\" content=\"2026-04-09T08:12:33+00:00\" \/>\n<meta property=\"og:image\" content=\"https:\/\/www.heddata.se\/webbutik\/wp-content\/uploads\/webbutik\/kategorier\/Bl\u00e4ckpatroner-toners\/TN1050-toner-original-brother.jpg\" \/>\n\t<meta property=\"og:image:width\" content=\"960\" \/>\n\t<meta property=\"og:image:height\" content=\"960\" \/>\n\t<meta property=\"og:image:type\" content=\"image\/jpeg\" \/>\n<meta name=\"twitter:card\" content=\"summary_large_image\" \/>\n<meta name=\"twitter:label1\" content=\"Ber\u00e4knad l\u00e4stid\" \/>\n\t<meta name=\"twitter:data1\" content=\"1 minut\" \/>\n<script type=\"application\/ld+json\" class=\"yoast-schema-graph\">{\"@context\":\"https:\/\/schema.org\",\"@graph\":[{\"@type\":\"WebPage\",\"@id\":\"https:\/\/www.heddata.se\/webbutik\/produkt\/brother-tn1050-svart-original\/\",\"url\":\"https:\/\/www.heddata.se\/webbutik\/produkt\/brother-tn1050-svart-original\/\",\"name\":\"Brother TN1050 SVART. Original toner fr\u00e5n Brother\",\"isPartOf\":{\"@id\":\"https:\/\/www.heddata.se\/webbutik\/#website\"},\"primaryImageOfPage\":{\"@id\":\"https:\/\/www.heddata.se\/webbutik\/produkt\/brother-tn1050-svart-original\/#primaryimage\"},\"image\":{\"@id\":\"https:\/\/www.heddata.se\/webbutik\/produkt\/brother-tn1050-svart-original\/#primaryimage\"},\"thumbnailUrl\":\"https:\/\/www.heddata.se\/webbutik\/wp-content\/uploads\/webbutik\/kategorier\/Bl\u00e4ckpatroner-toners\/TN1050-toner-original-brother.jpg\",\"datePublished\":\"2019-10-07T06:17:38+00:00\",\"dateModified\":\"2026-04-09T08:12:33+00:00\",\"description\":\"Brother TN1050 SVART \u00e4r en originaltoner fr\u00e5n Brother. TN1050 \u00e4r framst\u00e4lld f\u00f6r att passa perfekt med din Brother-skrivare.\",\"breadcrumb\":{\"@id\":\"https:\/\/www.heddata.se\/webbutik\/produkt\/brother-tn1050-svart-original\/#breadcrumb\"},\"inLanguage\":\"sv-SE\",\"potentialAction\":[{\"@type\":\"ReadAction\",\"target\":[\"https:\/\/www.heddata.se\/webbutik\/produkt\/brother-tn1050-svart-original\/\"]}]},{\"@type\":\"ImageObject\",\"inLanguage\":\"sv-SE\",\"@id\":\"https:\/\/www.heddata.se\/webbutik\/produkt\/brother-tn1050-svart-original\/#primaryimage\",\"url\":\"https:\/\/www.heddata.se\/webbutik\/wp-content\/uploads\/webbutik\/kategorier\/Bl\u00e4ckpatroner-toners\/TN1050-toner-original-brother.jpg\",\"contentUrl\":\"https:\/\/www.heddata.se\/webbutik\/wp-content\/uploads\/webbutik\/kategorier\/Bl\u00e4ckpatroner-toners\/TN1050-toner-original-brother.jpg\",\"width\":960,\"height\":960,\"caption\":\"Brother TN1050 Svart Original Tonerkassett\"},{\"@type\":\"BreadcrumbList\",\"@id\":\"https:\/\/www.heddata.se\/webbutik\/produkt\/brother-tn1050-svart-original\/#breadcrumb\",\"itemListElement\":[{\"@type\":\"ListItem\",\"position\":1,\"name\":\"Hem\",\"item\":\"https:\/\/www.heddata.se\/webbutik\/\"},{\"@type\":\"ListItem\",\"position\":2,\"name\":\"Produkter\",\"item\":\"https:\/\/www.heddata.se\/webbutik\/shop\/\"},{\"@type\":\"ListItem\",\"position\":3,\"name\":\"Brother TN1050 Svart Original Tonerkassett\"}]},{\"@type\":\"WebSite\",\"@id\":\"https:\/\/www.heddata.se\/webbutik\/#website\",\"url\":\"https:\/\/www.heddata.se\/webbutik\/\",\"name\":\"Datorer, Skrivare, F\u00e4rgpatroner, Mobiltelefoner\",\"description\":\"Kablar\",\"publisher\":{\"@id\":\"https:\/\/www.heddata.se\/webbutik\/#organization\"},\"potentialAction\":[{\"@type\":\"SearchAction\",\"target\":{\"@type\":\"EntryPoint\",\"urlTemplate\":\"https:\/\/www.heddata.se\/webbutik\/?s={search_term_string}\"},\"query-input\":{\"@type\":\"PropertyValueSpecification\",\"valueRequired\":true,\"valueName\":\"search_term_string\"}}],\"inLanguage\":\"sv-SE\"},{\"@type\":\"Organization\",\"@id\":\"https:\/\/www.heddata.se\/webbutik\/#organization\",\"name\":\"Heddata AB\",\"url\":\"https:\/\/www.heddata.se\/webbutik\/\",\"logo\":{\"@type\":\"ImageObject\",\"inLanguage\":\"sv-SE\",\"@id\":\"https:\/\/www.heddata.se\/webbutik\/#\/schema\/logo\/image\/\",\"url\":\"https:\/\/www.heddata.se\/webbutik\/wp-content\/uploads\/logga\/heddata-ab-logga.png\",\"contentUrl\":\"https:\/\/www.heddata.se\/webbutik\/wp-content\/uploads\/logga\/heddata-ab-logga.png\",\"width\":200,\"height\":64,\"caption\":\"Heddata AB\"},\"image\":{\"@id\":\"https:\/\/www.heddata.se\/webbutik\/#\/schema\/logo\/image\/\"}}]}<\/script>\n<!-- \/ Yoast SEO Premium plugin. -->","yoast_head_json":{"title":"Brother TN1050 SVART. Original toner fr\u00e5n Brother","description":"Brother TN1050 SVART \u00e4r en originaltoner fr\u00e5n Brother. TN1050 \u00e4r framst\u00e4lld f\u00f6r att passa perfekt med din Brother-skrivare.","robots":{"index":"index","follow":"follow","max-snippet":"max-snippet:-1","max-image-preview":"max-image-preview:large","max-video-preview":"max-video-preview:-1"},"canonical":"https:\/\/www.heddata.se\/webbutik\/produkt\/brother-tn1050-svart-original\/","og_locale":"sv_SE","og_type":"article","og_title":"Brother TN1050 Svart Original Tonerkassett","og_description":"Brother TN1050 SVART \u00e4r en originaltoner fr\u00e5n Brother. TN1050 \u00e4r framst\u00e4lld f\u00f6r att passa perfekt med din Brother-skrivare.","og_url":"https:\/\/www.heddata.se\/webbutik\/produkt\/brother-tn1050-svart-original\/","og_site_name":"Datorer, Skrivare, F\u00e4rgpatroner, Mobiltelefoner","article_modified_time":"2026-04-09T08:12:33+00:00","og_image":[{"width":960,"height":960,"url":"https:\/\/www.heddata.se\/webbutik\/wp-content\/uploads\/webbutik\/kategorier\/Bl\u00e4ckpatroner-toners\/TN1050-toner-original-brother.jpg","type":"image\/jpeg"}],"twitter_card":"summary_large_image","twitter_misc":{"Ber\u00e4knad l\u00e4stid":"1 minut"},"schema":{"@context":"https:\/\/schema.org","@graph":[{"@type":"WebPage","@id":"https:\/\/www.heddata.se\/webbutik\/produkt\/brother-tn1050-svart-original\/","url":"https:\/\/www.heddata.se\/webbutik\/produkt\/brother-tn1050-svart-original\/","name":"Brother TN1050 SVART. Original toner fr\u00e5n Brother","isPartOf":{"@id":"https:\/\/www.heddata.se\/webbutik\/#website"},"primaryImageOfPage":{"@id":"https:\/\/www.heddata.se\/webbutik\/produkt\/brother-tn1050-svart-original\/#primaryimage"},"image":{"@id":"https:\/\/www.heddata.se\/webbutik\/produkt\/brother-tn1050-svart-original\/#primaryimage"},"thumbnailUrl":"https:\/\/www.heddata.se\/webbutik\/wp-content\/uploads\/webbutik\/kategorier\/Bl\u00e4ckpatroner-toners\/TN1050-toner-original-brother.jpg","datePublished":"2019-10-07T06:17:38+00:00","dateModified":"2026-04-09T08:12:33+00:00","description":"Brother TN1050 SVART \u00e4r en originaltoner fr\u00e5n Brother. TN1050 \u00e4r framst\u00e4lld f\u00f6r att passa perfekt med din Brother-skrivare.","breadcrumb":{"@id":"https:\/\/www.heddata.se\/webbutik\/produkt\/brother-tn1050-svart-original\/#breadcrumb"},"inLanguage":"sv-SE","potentialAction":[{"@type":"ReadAction","target":["https:\/\/www.heddata.se\/webbutik\/produkt\/brother-tn1050-svart-original\/"]}]},{"@type":"ImageObject","inLanguage":"sv-SE","@id":"https:\/\/www.heddata.se\/webbutik\/produkt\/brother-tn1050-svart-original\/#primaryimage","url":"https:\/\/www.heddata.se\/webbutik\/wp-content\/uploads\/webbutik\/kategorier\/Bl\u00e4ckpatroner-toners\/TN1050-toner-original-brother.jpg","contentUrl":"https:\/\/www.heddata.se\/webbutik\/wp-content\/uploads\/webbutik\/kategorier\/Bl\u00e4ckpatroner-toners\/TN1050-toner-original-brother.jpg","width":960,"height":960,"caption":"Brother TN1050 Svart Original Tonerkassett"},{"@type":"BreadcrumbList","@id":"https:\/\/www.heddata.se\/webbutik\/produkt\/brother-tn1050-svart-original\/#breadcrumb","itemListElement":[{"@type":"ListItem","position":1,"name":"Hem","item":"https:\/\/www.heddata.se\/webbutik\/"},{"@type":"ListItem","position":2,"name":"Produkter","item":"https:\/\/www.heddata.se\/webbutik\/shop\/"},{"@type":"ListItem","position":3,"name":"Brother TN1050 Svart Original Tonerkassett"}]},{"@type":"WebSite","@id":"https:\/\/www.heddata.se\/webbutik\/#website","url":"https:\/\/www.heddata.se\/webbutik\/","name":"Datorer, Skrivare, F\u00e4rgpatroner, Mobiltelefoner","description":"Kablar","publisher":{"@id":"https:\/\/www.heddata.se\/webbutik\/#organization"},"potentialAction":[{"@type":"SearchAction","target":{"@type":"EntryPoint","urlTemplate":"https:\/\/www.heddata.se\/webbutik\/?s={search_term_string}"},"query-input":{"@type":"PropertyValueSpecification","valueRequired":true,"valueName":"search_term_string"}}],"inLanguage":"sv-SE"},{"@type":"Organization","@id":"https:\/\/www.heddata.se\/webbutik\/#organization","name":"Heddata AB","url":"https:\/\/www.heddata.se\/webbutik\/","logo":{"@type":"ImageObject","inLanguage":"sv-SE","@id":"https:\/\/www.heddata.se\/webbutik\/#\/schema\/logo\/image\/","url":"https:\/\/www.heddata.se\/webbutik\/wp-content\/uploads\/logga\/heddata-ab-logga.png","contentUrl":"https:\/\/www.heddata.se\/webbutik\/wp-content\/uploads\/logga\/heddata-ab-logga.png","width":200,"height":64,"caption":"Heddata AB"},"image":{"@id":"https:\/\/www.heddata.se\/webbutik\/#\/schema\/logo\/image\/"}}]}},"_links":{"self":[{"href":"https:\/\/www.heddata.se\/webbutik\/wp-json\/wp\/v2\/product\/2603","targetHints":{"allow":["GET"]}}],"collection":[{"href":"https:\/\/www.heddata.se\/webbutik\/wp-json\/wp\/v2\/product"}],"about":[{"href":"https:\/\/www.heddata.se\/webbutik\/wp-json\/wp\/v2\/types\/product"}],"wp:featuredmedia":[{"embeddable":true,"href":"https:\/\/www.heddata.se\/webbutik\/wp-json\/wp\/v2\/media\/2877"}],"wp:attachment":[{"href":"https:\/\/www.heddata.se\/webbutik\/wp-json\/wp\/v2\/media?parent=2603"}],"wp:term":[{"taxonomy":"product_brand","embeddable":true,"href":"https:\/\/www.heddata.se\/webbutik\/wp-json\/wp\/v2\/product_brand?post=2603"},{"taxonomy":"product_cat","embeddable":true,"href":"https:\/\/www.heddata.se\/webbutik\/wp-json\/wp\/v2\/product_cat?post=2603"},{"taxonomy":"product_tag","embeddable":true,"href":"https:\/\/www.heddata.se\/webbutik\/wp-json\/wp\/v2\/product_tag?post=2603"}],"curies":[{"name":"wp","href":"https:\/\/api.w.org\/{rel}","templated":true}]}}