{"id":2563,"date":"2019-10-07T08:17:34","date_gmt":"2019-10-07T06:17:34","guid":{"rendered":"https:\/\/www.heddata.se\/webbutik\/produkt\/lc3213c\/"},"modified":"2026-05-01T18:10:32","modified_gmt":"2026-05-01T16:10:32","slug":"brother-lc3213c-cyan-original","status":"publish","type":"product","link":"https:\/\/www.heddata.se\/webbutik\/produkt\/brother-lc3213c-cyan-original\/","title":{"rendered":"Brother LC3213C Original Bl\u00e4ckpatron CYAN"},"content":{"rendered":"<p>Brother LC3213C Original <a href=\"https:\/\/www.heddata.se\/webbutik\/blackpatroner-toners\/blackpatroner\/\" target=\"_blank\" rel=\"noopener noreferrer\">Bl\u00e4ckpatron<\/a> Cyan, upp till 400 sidor.<br \/>\nDags att byta bl\u00e4ckpatron i din <a href=\"https:\/\/www.heddata.se\/webbutik\/skrivare-blackstrale-monolaser\/\" target=\"_blank\" rel=\"noopener noreferrer\">Brother-skrivare<\/a>? Genom att v\u00e4lja LC3213 bl\u00e4ckpatroner f\u00f6rs\u00e4krar du dig om kristallklara utskrifter och att du anv\u00e4nder det optimala f\u00f6r din Brother-skrivare. LC3213 ger dig valuta f\u00f6r pengarna d\u00e5 den h\u00e5ller din skrivare i bra skick och \u00e4r tillverkad f\u00f6r att jobba perfekt tillsammans med din maskin.<\/p>\n<ul>\n<li>Skriver ut upp till 400 sidor enligt ISO\/IEC24711<\/li>\n<li>H\u00f6gkvalitativ <a href=\"https:\/\/www.brother.se\/\">Brother<\/a> original-bl\u00e4ckpatron<\/li>\n<li>Hj\u00e4lper dig att spara p\u00e5 papper, tid och pengar<\/li>\n<li>Utskriftstyp: Brother Bl\u00e4ckstr\u00e5leskrivare<\/li>\n<\/ul>\n<p>\u00d6vriga f\u00e4rger: <a href=\"https:\/\/www.heddata.se\/webbutik\/produkt\/brother-lc3213-multipack-original\/\" target=\"_blank\" rel=\"noopener noreferrer\">LC3213 Valuepack<\/a>, <a href=\"https:\/\/www.heddata.se\/webbutik\/produkt\/brother-lc3213bk-svart-original\/\" target=\"_blank\" rel=\"noopener noreferrer\">LC3213BK (SVART)<\/a>, <a href=\"https:\/\/www.heddata.se\/webbutik\/produkt\/brother-lc3213m-magenta-original\/\" target=\"_blank\" rel=\"noopener noreferrer\">LC3213M (MAGENTA)<\/a>, <a href=\"https:\/\/www.heddata.se\/webbutik\/produkt\/brother-lc3213y-gul-original\/\" target=\"_blank\" rel=\"noopener noreferrer\">LC3213Y (GUL)<\/a><\/p>\n<p><strong>Kompatibel med: Brother DCP-J772DW, DCP-J774DW, MFC-J890DN, MFC-J890DW, MFC-J890DWN, MFC-J895DW<\/strong><\/p>\n","protected":false},"excerpt":{"rendered":"<p>Brother LC3213C Original Bl\u00e4ckpatron CYAN<\/p>\n","protected":false},"featured_media":2943,"template":"","meta":[],"product_brand":[],"product_cat":[87,61,92],"product_tag":[460,461,462,463,464,465],"class_list":{"0":"post-2563","1":"product","2":"type-product","3":"status-publish","4":"has-post-thumbnail","6":"product_cat-blackpatroner","7":"product_cat-blackpatroner-toners","8":"product_cat-brother","9":"product_tag-brother-dcp-j772dw","10":"product_tag-dcp-j774dw","11":"product_tag-mfc-j890dn","12":"product_tag-mfc-j890dw","13":"product_tag-mfc-j890dwn","14":"product_tag-mfc-j895dw","16":"first","17":"instock","18":"taxable","19":"shipping-taxable","20":"purchasable","21":"product-type-simple"},"yoast_head":"<!-- This site is optimized with the Yoast SEO Premium plugin v26.7 (Yoast SEO v26.7) - https:\/\/yoast.com\/wordpress\/plugins\/seo\/ -->\n<title>Brother LC3213C CYAN Original bl\u00e4ckpatron fr\u00e5n Brother<\/title>\n<meta name=\"description\" content=\"Brother LC3213C CYAN Original Bl\u00e4ckpatron. Genom att v\u00e4lja LC3213 f\u00f6rs\u00e4krar du dig om kristallklara utskrifter och ett h\u00e5llbart resultat\" \/>\n<meta name=\"robots\" content=\"index, follow, max-snippet:-1, max-image-preview:large, max-video-preview:-1\" \/>\n<link rel=\"canonical\" href=\"https:\/\/www.heddata.se\/webbutik\/produkt\/brother-lc3213c-cyan-original\/\" \/>\n<meta property=\"og:locale\" content=\"sv_SE\" \/>\n<meta property=\"og:type\" content=\"article\" \/>\n<meta property=\"og:title\" content=\"Brother LC3213C Original Bl\u00e4ckpatron CYAN\" \/>\n<meta property=\"og:description\" content=\"Brother LC3213C CYAN Original Bl\u00e4ckpatron. Genom att v\u00e4lja LC3213 f\u00f6rs\u00e4krar du dig om kristallklara utskrifter och ett h\u00e5llbart resultat\" \/>\n<meta property=\"og:url\" content=\"https:\/\/www.heddata.se\/webbutik\/produkt\/brother-lc3213c-cyan-original\/\" \/>\n<meta property=\"og:site_name\" content=\"Datorer, Skrivare, F\u00e4rgpatroner, Mobiltelefoner\" \/>\n<meta property=\"article:modified_time\" content=\"2026-05-01T16:10:32+00:00\" \/>\n<meta property=\"og:image\" content=\"https:\/\/www.heddata.se\/webbutik\/wp-content\/uploads\/webbutik\/kategorier\/Bl\u00e4ckpatroner-toners\/Brother-LC3213C-cyan-original-blackpatron.png\" \/>\n\t<meta property=\"og:image:width\" content=\"960\" \/>\n\t<meta property=\"og:image:height\" content=\"960\" \/>\n\t<meta property=\"og:image:type\" content=\"image\/png\" \/>\n<meta name=\"twitter:card\" content=\"summary_large_image\" \/>\n<meta name=\"twitter:label1\" content=\"Ber\u00e4knad l\u00e4stid\" \/>\n\t<meta name=\"twitter:data1\" content=\"1 minut\" \/>\n<script type=\"application\/ld+json\" class=\"yoast-schema-graph\">{\"@context\":\"https:\/\/schema.org\",\"@graph\":[{\"@type\":\"WebPage\",\"@id\":\"https:\/\/www.heddata.se\/webbutik\/produkt\/brother-lc3213c-cyan-original\/\",\"url\":\"https:\/\/www.heddata.se\/webbutik\/produkt\/brother-lc3213c-cyan-original\/\",\"name\":\"Brother LC3213C CYAN Original bl\u00e4ckpatron fr\u00e5n Brother\",\"isPartOf\":{\"@id\":\"https:\/\/www.heddata.se\/webbutik\/#website\"},\"primaryImageOfPage\":{\"@id\":\"https:\/\/www.heddata.se\/webbutik\/produkt\/brother-lc3213c-cyan-original\/#primaryimage\"},\"image\":{\"@id\":\"https:\/\/www.heddata.se\/webbutik\/produkt\/brother-lc3213c-cyan-original\/#primaryimage\"},\"thumbnailUrl\":\"https:\/\/www.heddata.se\/webbutik\/wp-content\/uploads\/webbutik\/kategorier\/Bl\u00e4ckpatroner-toners\/Brother-LC3213C-cyan-original-blackpatron.png\",\"datePublished\":\"2019-10-07T06:17:34+00:00\",\"dateModified\":\"2026-05-01T16:10:32+00:00\",\"description\":\"Brother LC3213C CYAN Original Bl\u00e4ckpatron. Genom att v\u00e4lja LC3213 f\u00f6rs\u00e4krar du dig om kristallklara utskrifter och ett h\u00e5llbart resultat\",\"breadcrumb\":{\"@id\":\"https:\/\/www.heddata.se\/webbutik\/produkt\/brother-lc3213c-cyan-original\/#breadcrumb\"},\"inLanguage\":\"sv-SE\",\"potentialAction\":[{\"@type\":\"ReadAction\",\"target\":[\"https:\/\/www.heddata.se\/webbutik\/produkt\/brother-lc3213c-cyan-original\/\"]}]},{\"@type\":\"ImageObject\",\"inLanguage\":\"sv-SE\",\"@id\":\"https:\/\/www.heddata.se\/webbutik\/produkt\/brother-lc3213c-cyan-original\/#primaryimage\",\"url\":\"https:\/\/www.heddata.se\/webbutik\/wp-content\/uploads\/webbutik\/kategorier\/Bl\u00e4ckpatroner-toners\/Brother-LC3213C-cyan-original-blackpatron.png\",\"contentUrl\":\"https:\/\/www.heddata.se\/webbutik\/wp-content\/uploads\/webbutik\/kategorier\/Bl\u00e4ckpatroner-toners\/Brother-LC3213C-cyan-original-blackpatron.png\",\"width\":960,\"height\":960,\"caption\":\"Brother LC3213C Original Bl\u00e4ckpatron CYAN\"},{\"@type\":\"BreadcrumbList\",\"@id\":\"https:\/\/www.heddata.se\/webbutik\/produkt\/brother-lc3213c-cyan-original\/#breadcrumb\",\"itemListElement\":[{\"@type\":\"ListItem\",\"position\":1,\"name\":\"Hem\",\"item\":\"https:\/\/www.heddata.se\/webbutik\/\"},{\"@type\":\"ListItem\",\"position\":2,\"name\":\"Produkter\",\"item\":\"https:\/\/www.heddata.se\/webbutik\/shop\/\"},{\"@type\":\"ListItem\",\"position\":3,\"name\":\"Brother LC3213C Original Bl\u00e4ckpatron CYAN\"}]},{\"@type\":\"WebSite\",\"@id\":\"https:\/\/www.heddata.se\/webbutik\/#website\",\"url\":\"https:\/\/www.heddata.se\/webbutik\/\",\"name\":\"Datorer, Skrivare, F\u00e4rgpatroner, Mobiltelefoner\",\"description\":\"Kablar\",\"publisher\":{\"@id\":\"https:\/\/www.heddata.se\/webbutik\/#organization\"},\"potentialAction\":[{\"@type\":\"SearchAction\",\"target\":{\"@type\":\"EntryPoint\",\"urlTemplate\":\"https:\/\/www.heddata.se\/webbutik\/?s={search_term_string}\"},\"query-input\":{\"@type\":\"PropertyValueSpecification\",\"valueRequired\":true,\"valueName\":\"search_term_string\"}}],\"inLanguage\":\"sv-SE\"},{\"@type\":\"Organization\",\"@id\":\"https:\/\/www.heddata.se\/webbutik\/#organization\",\"name\":\"Heddata AB\",\"url\":\"https:\/\/www.heddata.se\/webbutik\/\",\"logo\":{\"@type\":\"ImageObject\",\"inLanguage\":\"sv-SE\",\"@id\":\"https:\/\/www.heddata.se\/webbutik\/#\/schema\/logo\/image\/\",\"url\":\"https:\/\/www.heddata.se\/webbutik\/wp-content\/uploads\/logga\/heddata-ab-logga.png\",\"contentUrl\":\"https:\/\/www.heddata.se\/webbutik\/wp-content\/uploads\/logga\/heddata-ab-logga.png\",\"width\":200,\"height\":64,\"caption\":\"Heddata AB\"},\"image\":{\"@id\":\"https:\/\/www.heddata.se\/webbutik\/#\/schema\/logo\/image\/\"}}]}<\/script>\n<!-- \/ Yoast SEO Premium plugin. -->","yoast_head_json":{"title":"Brother LC3213C CYAN Original bl\u00e4ckpatron fr\u00e5n Brother","description":"Brother LC3213C CYAN Original Bl\u00e4ckpatron. Genom att v\u00e4lja LC3213 f\u00f6rs\u00e4krar du dig om kristallklara utskrifter och ett h\u00e5llbart resultat","robots":{"index":"index","follow":"follow","max-snippet":"max-snippet:-1","max-image-preview":"max-image-preview:large","max-video-preview":"max-video-preview:-1"},"canonical":"https:\/\/www.heddata.se\/webbutik\/produkt\/brother-lc3213c-cyan-original\/","og_locale":"sv_SE","og_type":"article","og_title":"Brother LC3213C Original Bl\u00e4ckpatron CYAN","og_description":"Brother LC3213C CYAN Original Bl\u00e4ckpatron. Genom att v\u00e4lja LC3213 f\u00f6rs\u00e4krar du dig om kristallklara utskrifter och ett h\u00e5llbart resultat","og_url":"https:\/\/www.heddata.se\/webbutik\/produkt\/brother-lc3213c-cyan-original\/","og_site_name":"Datorer, Skrivare, F\u00e4rgpatroner, Mobiltelefoner","article_modified_time":"2026-05-01T16:10:32+00:00","og_image":[{"width":960,"height":960,"url":"https:\/\/www.heddata.se\/webbutik\/wp-content\/uploads\/webbutik\/kategorier\/Bl\u00e4ckpatroner-toners\/Brother-LC3213C-cyan-original-blackpatron.png","type":"image\/png"}],"twitter_card":"summary_large_image","twitter_misc":{"Ber\u00e4knad l\u00e4stid":"1 minut"},"schema":{"@context":"https:\/\/schema.org","@graph":[{"@type":"WebPage","@id":"https:\/\/www.heddata.se\/webbutik\/produkt\/brother-lc3213c-cyan-original\/","url":"https:\/\/www.heddata.se\/webbutik\/produkt\/brother-lc3213c-cyan-original\/","name":"Brother LC3213C CYAN Original bl\u00e4ckpatron fr\u00e5n Brother","isPartOf":{"@id":"https:\/\/www.heddata.se\/webbutik\/#website"},"primaryImageOfPage":{"@id":"https:\/\/www.heddata.se\/webbutik\/produkt\/brother-lc3213c-cyan-original\/#primaryimage"},"image":{"@id":"https:\/\/www.heddata.se\/webbutik\/produkt\/brother-lc3213c-cyan-original\/#primaryimage"},"thumbnailUrl":"https:\/\/www.heddata.se\/webbutik\/wp-content\/uploads\/webbutik\/kategorier\/Bl\u00e4ckpatroner-toners\/Brother-LC3213C-cyan-original-blackpatron.png","datePublished":"2019-10-07T06:17:34+00:00","dateModified":"2026-05-01T16:10:32+00:00","description":"Brother LC3213C CYAN Original Bl\u00e4ckpatron. Genom att v\u00e4lja LC3213 f\u00f6rs\u00e4krar du dig om kristallklara utskrifter och ett h\u00e5llbart resultat","breadcrumb":{"@id":"https:\/\/www.heddata.se\/webbutik\/produkt\/brother-lc3213c-cyan-original\/#breadcrumb"},"inLanguage":"sv-SE","potentialAction":[{"@type":"ReadAction","target":["https:\/\/www.heddata.se\/webbutik\/produkt\/brother-lc3213c-cyan-original\/"]}]},{"@type":"ImageObject","inLanguage":"sv-SE","@id":"https:\/\/www.heddata.se\/webbutik\/produkt\/brother-lc3213c-cyan-original\/#primaryimage","url":"https:\/\/www.heddata.se\/webbutik\/wp-content\/uploads\/webbutik\/kategorier\/Bl\u00e4ckpatroner-toners\/Brother-LC3213C-cyan-original-blackpatron.png","contentUrl":"https:\/\/www.heddata.se\/webbutik\/wp-content\/uploads\/webbutik\/kategorier\/Bl\u00e4ckpatroner-toners\/Brother-LC3213C-cyan-original-blackpatron.png","width":960,"height":960,"caption":"Brother LC3213C Original Bl\u00e4ckpatron CYAN"},{"@type":"BreadcrumbList","@id":"https:\/\/www.heddata.se\/webbutik\/produkt\/brother-lc3213c-cyan-original\/#breadcrumb","itemListElement":[{"@type":"ListItem","position":1,"name":"Hem","item":"https:\/\/www.heddata.se\/webbutik\/"},{"@type":"ListItem","position":2,"name":"Produkter","item":"https:\/\/www.heddata.se\/webbutik\/shop\/"},{"@type":"ListItem","position":3,"name":"Brother LC3213C Original Bl\u00e4ckpatron CYAN"}]},{"@type":"WebSite","@id":"https:\/\/www.heddata.se\/webbutik\/#website","url":"https:\/\/www.heddata.se\/webbutik\/","name":"Datorer, Skrivare, F\u00e4rgpatroner, Mobiltelefoner","description":"Kablar","publisher":{"@id":"https:\/\/www.heddata.se\/webbutik\/#organization"},"potentialAction":[{"@type":"SearchAction","target":{"@type":"EntryPoint","urlTemplate":"https:\/\/www.heddata.se\/webbutik\/?s={search_term_string}"},"query-input":{"@type":"PropertyValueSpecification","valueRequired":true,"valueName":"search_term_string"}}],"inLanguage":"sv-SE"},{"@type":"Organization","@id":"https:\/\/www.heddata.se\/webbutik\/#organization","name":"Heddata AB","url":"https:\/\/www.heddata.se\/webbutik\/","logo":{"@type":"ImageObject","inLanguage":"sv-SE","@id":"https:\/\/www.heddata.se\/webbutik\/#\/schema\/logo\/image\/","url":"https:\/\/www.heddata.se\/webbutik\/wp-content\/uploads\/logga\/heddata-ab-logga.png","contentUrl":"https:\/\/www.heddata.se\/webbutik\/wp-content\/uploads\/logga\/heddata-ab-logga.png","width":200,"height":64,"caption":"Heddata AB"},"image":{"@id":"https:\/\/www.heddata.se\/webbutik\/#\/schema\/logo\/image\/"}}]}},"_links":{"self":[{"href":"https:\/\/www.heddata.se\/webbutik\/wp-json\/wp\/v2\/product\/2563","targetHints":{"allow":["GET"]}}],"collection":[{"href":"https:\/\/www.heddata.se\/webbutik\/wp-json\/wp\/v2\/product"}],"about":[{"href":"https:\/\/www.heddata.se\/webbutik\/wp-json\/wp\/v2\/types\/product"}],"wp:featuredmedia":[{"embeddable":true,"href":"https:\/\/www.heddata.se\/webbutik\/wp-json\/wp\/v2\/media\/2943"}],"wp:attachment":[{"href":"https:\/\/www.heddata.se\/webbutik\/wp-json\/wp\/v2\/media?parent=2563"}],"wp:term":[{"taxonomy":"product_brand","embeddable":true,"href":"https:\/\/www.heddata.se\/webbutik\/wp-json\/wp\/v2\/product_brand?post=2563"},{"taxonomy":"product_cat","embeddable":true,"href":"https:\/\/www.heddata.se\/webbutik\/wp-json\/wp\/v2\/product_cat?post=2563"},{"taxonomy":"product_tag","embeddable":true,"href":"https:\/\/www.heddata.se\/webbutik\/wp-json\/wp\/v2\/product_tag?post=2563"}],"curies":[{"name":"wp","href":"https:\/\/api.w.org\/{rel}","templated":true}]}}