{"id":2560,"date":"2019-10-07T08:17:32","date_gmt":"2019-10-07T06:17:32","guid":{"rendered":"https:\/\/www.heddata.se\/webbutik\/produkt\/brother-lc223m-magenta-original-blackpatron-for-mfc-j4420dw-j\/"},"modified":"2026-04-09T13:10:05","modified_gmt":"2026-04-09T11:10:05","slug":"brother-lc223m-magenta-original","status":"publish","type":"product","link":"https:\/\/www.heddata.se\/webbutik\/produkt\/brother-lc223m-magenta-original\/","title":{"rendered":"Brother LC223M Magenta Original Bl\u00e4ckpatron"},"content":{"rendered":"<p>Brother LC223M MAGENTA Original Bl\u00e4ckpatron.<br \/>\nF\u00f6r att f\u00f6rs\u00e4kra dig om optimala resultat fr\u00e5n din Brother-skrivare \u00e4r det en bra id\u00e9 att anv\u00e4nda deras Original <a href=\"https:\/\/www.heddata.se\/webbutik\/blackpatroner-toners\/blackpatroner\/\" target=\"_blank\" rel=\"noopener noreferrer\">Bl\u00e4ckpatroner<\/a>. Bl\u00e4cket p\u00e5 utskriften torkar snabbt och h\u00e5ller sig fina i en l\u00e5ng tid fram\u00f6ver. LC223 bl\u00e4ckpatroner \u00e4r framtagna f\u00f6r att arbeta tillsammans med din Brother-<a href=\"https:\/\/www.heddata.se\/webbutik\/skrivare-blackstrale-monolaser\/\" target=\"_blank\" rel=\"noopener noreferrer\">skrivare<\/a> och h\u00e5lla den i bra skick.<\/p>\n<ul>\n<li>Ger 550 A4-sidor i enlighet med ISO\/IEC 24711<\/li>\n<li>H\u00f6gkvalitativ <a href=\"https:\/\/www.brother.se\">Brother<\/a> originalpatron<\/li>\n<li>Minskar anv\u00e4ndandet av papper, du sparar tid och pengar<\/li>\n<\/ul>\n<p>\u00d6vriga f\u00e4rger:<\/p>\n<ul>\n<li><a href=\"https:\/\/www.heddata.se\/webbutik\/produkt\/brother-lc223c-cyan-blackpatron\/\" target=\"_blank\" rel=\"noopener noreferrer\">Brother LC223C CYAN<\/a><\/li>\n<li>Brother LC223Y GUL<\/li>\n<li><a href=\"https:\/\/www.heddata.se\/webbutik\/produkt\/brother-lc223bk-svart-blackpatron\/\" target=\"_blank\" rel=\"noopener noreferrer\">Brother LC223BK SVART<\/a><\/li>\n<li><a href=\"https:\/\/www.heddata.se\/webbutik\/produkt\/brother-lc223-multipack-blackpatroner\/\" target=\"_blank\" rel=\"noopener noreferrer\">Brother LC223 Multipack<\/a><\/li>\n<\/ul>\n<p><strong>Kompatibel med: Brother DCP-J4120DW, DCP-J562DW, MFC-J4420DW, MFC-J4620DW, MFC-J4625DW, MFC-J480DW, MFC-J5320DW, MFC-J5620DW, MFC-J5625DW, MFC-J5720DW, MFC-J680 Business Smart, MFC-J4420DW, MFC-J4620DW<\/strong><\/p>\n","protected":false},"excerpt":{"rendered":"<p>Brother LC223M Magenta Original Bl\u00e4ckpatron<\/p>\n","protected":false},"featured_media":2968,"template":"","meta":[],"product_brand":[],"product_cat":[87,61,92],"product_tag":[474,475,476,477,478,479,480,481,482,483,484],"class_list":{"0":"post-2560","1":"product","2":"type-product","3":"status-publish","4":"has-post-thumbnail","6":"product_cat-blackpatroner","7":"product_cat-blackpatroner-toners","8":"product_cat-brother","9":"product_tag-dcp-j4120dw","10":"product_tag-dcp-j562dw","11":"product_tag-mfc-j4420dw","12":"product_tag-mfc-j4620dw","13":"product_tag-mfc-j4625dw","14":"product_tag-mfc-j480dw","15":"product_tag-mfc-j5320dw","16":"product_tag-mfc-j5620dw","17":"product_tag-mfc-j5625dw","18":"product_tag-mfc-j5720dw","19":"product_tag-mfc-j680-business-smart","21":"first","22":"outofstock","23":"taxable","24":"shipping-taxable","25":"purchasable","26":"product-type-simple"},"yoast_head":"<!-- This site is optimized with the Yoast SEO Premium plugin v26.7 (Yoast SEO v26.7) - https:\/\/yoast.com\/wordpress\/plugins\/seo\/ -->\n<title>Brother LC223M Magenta Original Bl\u00e4ckpatron fr\u00e5n Brother<\/title>\n<meta name=\"description\" content=\"Brother LC223M Magenta Original Bl\u00e4ckpatron. F\u00f6rs\u00e4kra dig om optimala resultat fr\u00e5n din brother-skrivare genom att anv\u00e4nda deras Original Bl\u00e4ckpatroner.\" \/>\n<meta name=\"robots\" content=\"index, follow, max-snippet:-1, max-image-preview:large, max-video-preview:-1\" \/>\n<link rel=\"canonical\" href=\"https:\/\/www.heddata.se\/webbutik\/produkt\/brother-lc223m-magenta-original\/\" \/>\n<meta property=\"og:locale\" content=\"sv_SE\" \/>\n<meta property=\"og:type\" content=\"article\" \/>\n<meta property=\"og:title\" content=\"Brother LC223M Magenta Original Bl\u00e4ckpatron\" \/>\n<meta property=\"og:description\" content=\"Brother LC223M Magenta Original Bl\u00e4ckpatron. F\u00f6rs\u00e4kra dig om optimala resultat fr\u00e5n din brother-skrivare genom att anv\u00e4nda deras Original Bl\u00e4ckpatroner.\" \/>\n<meta property=\"og:url\" content=\"https:\/\/www.heddata.se\/webbutik\/produkt\/brother-lc223m-magenta-original\/\" \/>\n<meta property=\"og:site_name\" content=\"Datorer, Skrivare, F\u00e4rgpatroner, Mobiltelefoner\" \/>\n<meta property=\"article:modified_time\" content=\"2026-04-09T11:10:05+00:00\" \/>\n<meta property=\"og:image\" content=\"https:\/\/www.heddata.se\/webbutik\/wp-content\/uploads\/webbutik\/kategorier\/Bl\u00e4ckpatroner-toners\/Brother-lc223m-magenta-original-blackpatron.png\" \/>\n\t<meta property=\"og:image:width\" content=\"960\" \/>\n\t<meta property=\"og:image:height\" content=\"960\" \/>\n\t<meta property=\"og:image:type\" content=\"image\/png\" \/>\n<meta name=\"twitter:card\" content=\"summary_large_image\" \/>\n<meta name=\"twitter:label1\" content=\"Ber\u00e4knad l\u00e4stid\" \/>\n\t<meta name=\"twitter:data1\" content=\"1 minut\" \/>\n<script type=\"application\/ld+json\" class=\"yoast-schema-graph\">{\"@context\":\"https:\/\/schema.org\",\"@graph\":[{\"@type\":\"WebPage\",\"@id\":\"https:\/\/www.heddata.se\/webbutik\/produkt\/brother-lc223m-magenta-original\/\",\"url\":\"https:\/\/www.heddata.se\/webbutik\/produkt\/brother-lc223m-magenta-original\/\",\"name\":\"Brother LC223M Magenta Original Bl\u00e4ckpatron fr\u00e5n Brother\",\"isPartOf\":{\"@id\":\"https:\/\/www.heddata.se\/webbutik\/#website\"},\"primaryImageOfPage\":{\"@id\":\"https:\/\/www.heddata.se\/webbutik\/produkt\/brother-lc223m-magenta-original\/#primaryimage\"},\"image\":{\"@id\":\"https:\/\/www.heddata.se\/webbutik\/produkt\/brother-lc223m-magenta-original\/#primaryimage\"},\"thumbnailUrl\":\"https:\/\/www.heddata.se\/webbutik\/wp-content\/uploads\/webbutik\/kategorier\/Bl\u00e4ckpatroner-toners\/Brother-lc223m-magenta-original-blackpatron.png\",\"datePublished\":\"2019-10-07T06:17:32+00:00\",\"dateModified\":\"2026-04-09T11:10:05+00:00\",\"description\":\"Brother LC223M Magenta Original Bl\u00e4ckpatron. F\u00f6rs\u00e4kra dig om optimala resultat fr\u00e5n din brother-skrivare genom att anv\u00e4nda deras Original Bl\u00e4ckpatroner.\",\"breadcrumb\":{\"@id\":\"https:\/\/www.heddata.se\/webbutik\/produkt\/brother-lc223m-magenta-original\/#breadcrumb\"},\"inLanguage\":\"sv-SE\",\"potentialAction\":[{\"@type\":\"ReadAction\",\"target\":[\"https:\/\/www.heddata.se\/webbutik\/produkt\/brother-lc223m-magenta-original\/\"]}]},{\"@type\":\"ImageObject\",\"inLanguage\":\"sv-SE\",\"@id\":\"https:\/\/www.heddata.se\/webbutik\/produkt\/brother-lc223m-magenta-original\/#primaryimage\",\"url\":\"https:\/\/www.heddata.se\/webbutik\/wp-content\/uploads\/webbutik\/kategorier\/Bl\u00e4ckpatroner-toners\/Brother-lc223m-magenta-original-blackpatron.png\",\"contentUrl\":\"https:\/\/www.heddata.se\/webbutik\/wp-content\/uploads\/webbutik\/kategorier\/Bl\u00e4ckpatroner-toners\/Brother-lc223m-magenta-original-blackpatron.png\",\"width\":960,\"height\":960,\"caption\":\"Brother LC223M Magenta Original Bl\u00e4ckpatron\"},{\"@type\":\"BreadcrumbList\",\"@id\":\"https:\/\/www.heddata.se\/webbutik\/produkt\/brother-lc223m-magenta-original\/#breadcrumb\",\"itemListElement\":[{\"@type\":\"ListItem\",\"position\":1,\"name\":\"Hem\",\"item\":\"https:\/\/www.heddata.se\/webbutik\/\"},{\"@type\":\"ListItem\",\"position\":2,\"name\":\"Produkter\",\"item\":\"https:\/\/www.heddata.se\/webbutik\/shop\/\"},{\"@type\":\"ListItem\",\"position\":3,\"name\":\"Brother LC223M Magenta Original Bl\u00e4ckpatron\"}]},{\"@type\":\"WebSite\",\"@id\":\"https:\/\/www.heddata.se\/webbutik\/#website\",\"url\":\"https:\/\/www.heddata.se\/webbutik\/\",\"name\":\"Datorer, Skrivare, F\u00e4rgpatroner, Mobiltelefoner\",\"description\":\"Kablar\",\"publisher\":{\"@id\":\"https:\/\/www.heddata.se\/webbutik\/#organization\"},\"potentialAction\":[{\"@type\":\"SearchAction\",\"target\":{\"@type\":\"EntryPoint\",\"urlTemplate\":\"https:\/\/www.heddata.se\/webbutik\/?s={search_term_string}\"},\"query-input\":{\"@type\":\"PropertyValueSpecification\",\"valueRequired\":true,\"valueName\":\"search_term_string\"}}],\"inLanguage\":\"sv-SE\"},{\"@type\":\"Organization\",\"@id\":\"https:\/\/www.heddata.se\/webbutik\/#organization\",\"name\":\"Heddata AB\",\"url\":\"https:\/\/www.heddata.se\/webbutik\/\",\"logo\":{\"@type\":\"ImageObject\",\"inLanguage\":\"sv-SE\",\"@id\":\"https:\/\/www.heddata.se\/webbutik\/#\/schema\/logo\/image\/\",\"url\":\"https:\/\/www.heddata.se\/webbutik\/wp-content\/uploads\/logga\/heddata-ab-logga.png\",\"contentUrl\":\"https:\/\/www.heddata.se\/webbutik\/wp-content\/uploads\/logga\/heddata-ab-logga.png\",\"width\":200,\"height\":64,\"caption\":\"Heddata AB\"},\"image\":{\"@id\":\"https:\/\/www.heddata.se\/webbutik\/#\/schema\/logo\/image\/\"}}]}<\/script>\n<!-- \/ Yoast SEO Premium plugin. -->","yoast_head_json":{"title":"Brother LC223M Magenta Original Bl\u00e4ckpatron fr\u00e5n Brother","description":"Brother LC223M Magenta Original Bl\u00e4ckpatron. F\u00f6rs\u00e4kra dig om optimala resultat fr\u00e5n din brother-skrivare genom att anv\u00e4nda deras Original Bl\u00e4ckpatroner.","robots":{"index":"index","follow":"follow","max-snippet":"max-snippet:-1","max-image-preview":"max-image-preview:large","max-video-preview":"max-video-preview:-1"},"canonical":"https:\/\/www.heddata.se\/webbutik\/produkt\/brother-lc223m-magenta-original\/","og_locale":"sv_SE","og_type":"article","og_title":"Brother LC223M Magenta Original Bl\u00e4ckpatron","og_description":"Brother LC223M Magenta Original Bl\u00e4ckpatron. F\u00f6rs\u00e4kra dig om optimala resultat fr\u00e5n din brother-skrivare genom att anv\u00e4nda deras Original Bl\u00e4ckpatroner.","og_url":"https:\/\/www.heddata.se\/webbutik\/produkt\/brother-lc223m-magenta-original\/","og_site_name":"Datorer, Skrivare, F\u00e4rgpatroner, Mobiltelefoner","article_modified_time":"2026-04-09T11:10:05+00:00","og_image":[{"width":960,"height":960,"url":"https:\/\/www.heddata.se\/webbutik\/wp-content\/uploads\/webbutik\/kategorier\/Bl\u00e4ckpatroner-toners\/Brother-lc223m-magenta-original-blackpatron.png","type":"image\/png"}],"twitter_card":"summary_large_image","twitter_misc":{"Ber\u00e4knad l\u00e4stid":"1 minut"},"schema":{"@context":"https:\/\/schema.org","@graph":[{"@type":"WebPage","@id":"https:\/\/www.heddata.se\/webbutik\/produkt\/brother-lc223m-magenta-original\/","url":"https:\/\/www.heddata.se\/webbutik\/produkt\/brother-lc223m-magenta-original\/","name":"Brother LC223M Magenta Original Bl\u00e4ckpatron fr\u00e5n Brother","isPartOf":{"@id":"https:\/\/www.heddata.se\/webbutik\/#website"},"primaryImageOfPage":{"@id":"https:\/\/www.heddata.se\/webbutik\/produkt\/brother-lc223m-magenta-original\/#primaryimage"},"image":{"@id":"https:\/\/www.heddata.se\/webbutik\/produkt\/brother-lc223m-magenta-original\/#primaryimage"},"thumbnailUrl":"https:\/\/www.heddata.se\/webbutik\/wp-content\/uploads\/webbutik\/kategorier\/Bl\u00e4ckpatroner-toners\/Brother-lc223m-magenta-original-blackpatron.png","datePublished":"2019-10-07T06:17:32+00:00","dateModified":"2026-04-09T11:10:05+00:00","description":"Brother LC223M Magenta Original Bl\u00e4ckpatron. F\u00f6rs\u00e4kra dig om optimala resultat fr\u00e5n din brother-skrivare genom att anv\u00e4nda deras Original Bl\u00e4ckpatroner.","breadcrumb":{"@id":"https:\/\/www.heddata.se\/webbutik\/produkt\/brother-lc223m-magenta-original\/#breadcrumb"},"inLanguage":"sv-SE","potentialAction":[{"@type":"ReadAction","target":["https:\/\/www.heddata.se\/webbutik\/produkt\/brother-lc223m-magenta-original\/"]}]},{"@type":"ImageObject","inLanguage":"sv-SE","@id":"https:\/\/www.heddata.se\/webbutik\/produkt\/brother-lc223m-magenta-original\/#primaryimage","url":"https:\/\/www.heddata.se\/webbutik\/wp-content\/uploads\/webbutik\/kategorier\/Bl\u00e4ckpatroner-toners\/Brother-lc223m-magenta-original-blackpatron.png","contentUrl":"https:\/\/www.heddata.se\/webbutik\/wp-content\/uploads\/webbutik\/kategorier\/Bl\u00e4ckpatroner-toners\/Brother-lc223m-magenta-original-blackpatron.png","width":960,"height":960,"caption":"Brother LC223M Magenta Original Bl\u00e4ckpatron"},{"@type":"BreadcrumbList","@id":"https:\/\/www.heddata.se\/webbutik\/produkt\/brother-lc223m-magenta-original\/#breadcrumb","itemListElement":[{"@type":"ListItem","position":1,"name":"Hem","item":"https:\/\/www.heddata.se\/webbutik\/"},{"@type":"ListItem","position":2,"name":"Produkter","item":"https:\/\/www.heddata.se\/webbutik\/shop\/"},{"@type":"ListItem","position":3,"name":"Brother LC223M Magenta Original Bl\u00e4ckpatron"}]},{"@type":"WebSite","@id":"https:\/\/www.heddata.se\/webbutik\/#website","url":"https:\/\/www.heddata.se\/webbutik\/","name":"Datorer, Skrivare, F\u00e4rgpatroner, Mobiltelefoner","description":"Kablar","publisher":{"@id":"https:\/\/www.heddata.se\/webbutik\/#organization"},"potentialAction":[{"@type":"SearchAction","target":{"@type":"EntryPoint","urlTemplate":"https:\/\/www.heddata.se\/webbutik\/?s={search_term_string}"},"query-input":{"@type":"PropertyValueSpecification","valueRequired":true,"valueName":"search_term_string"}}],"inLanguage":"sv-SE"},{"@type":"Organization","@id":"https:\/\/www.heddata.se\/webbutik\/#organization","name":"Heddata AB","url":"https:\/\/www.heddata.se\/webbutik\/","logo":{"@type":"ImageObject","inLanguage":"sv-SE","@id":"https:\/\/www.heddata.se\/webbutik\/#\/schema\/logo\/image\/","url":"https:\/\/www.heddata.se\/webbutik\/wp-content\/uploads\/logga\/heddata-ab-logga.png","contentUrl":"https:\/\/www.heddata.se\/webbutik\/wp-content\/uploads\/logga\/heddata-ab-logga.png","width":200,"height":64,"caption":"Heddata AB"},"image":{"@id":"https:\/\/www.heddata.se\/webbutik\/#\/schema\/logo\/image\/"}}]}},"_links":{"self":[{"href":"https:\/\/www.heddata.se\/webbutik\/wp-json\/wp\/v2\/product\/2560","targetHints":{"allow":["GET"]}}],"collection":[{"href":"https:\/\/www.heddata.se\/webbutik\/wp-json\/wp\/v2\/product"}],"about":[{"href":"https:\/\/www.heddata.se\/webbutik\/wp-json\/wp\/v2\/types\/product"}],"wp:featuredmedia":[{"embeddable":true,"href":"https:\/\/www.heddata.se\/webbutik\/wp-json\/wp\/v2\/media\/2968"}],"wp:attachment":[{"href":"https:\/\/www.heddata.se\/webbutik\/wp-json\/wp\/v2\/media?parent=2560"}],"wp:term":[{"taxonomy":"product_brand","embeddable":true,"href":"https:\/\/www.heddata.se\/webbutik\/wp-json\/wp\/v2\/product_brand?post=2560"},{"taxonomy":"product_cat","embeddable":true,"href":"https:\/\/www.heddata.se\/webbutik\/wp-json\/wp\/v2\/product_cat?post=2560"},{"taxonomy":"product_tag","embeddable":true,"href":"https:\/\/www.heddata.se\/webbutik\/wp-json\/wp\/v2\/product_tag?post=2560"}],"curies":[{"name":"wp","href":"https:\/\/api.w.org\/{rel}","templated":true}]}}