{"id":2532,"date":"2019-10-07T08:17:29","date_gmt":"2019-10-07T06:17:29","guid":{"rendered":"https:\/\/www.heddata.se\/webbutik\/produkt\/fp-hp-302xl-black-ink-cartridge\/"},"modified":"2026-05-04T18:09:55","modified_gmt":"2026-05-04T16:09:55","slug":"hp-302xl-svart-blackpatron","status":"publish","type":"product","link":"https:\/\/www.heddata.se\/webbutik\/produkt\/hp-302xl-svart-blackpatron\/","title":{"rendered":"HP 302XL SVART Original Bl\u00e4ckpatron"},"content":{"rendered":"<p>HP 302XL Svart <a href=\"https:\/\/www.heddata.se\/webbutik\/blackpatroner-toners\/blackpatroner\/\">bl\u00e4ckpatron<\/a>. N\u00e4r du anv\u00e4nder HP:s Original bl\u00e4ckpatroner till deras bl\u00e4ckstr\u00e5leskrivare kan du f\u00f6rv\u00e4nta dig klara och fina utskrifter, vare sig det \u00e4r dokument eller bilder.<\/p>\n<p>Genom att v\u00e4lja HP:s Original bl\u00e4ckpatroner eller toner g\u00f6r du inte bara din HP-skrivare en tj\u00e4nst, utan \u00e4ven milj\u00f6n. HP samlar ihop, \u00e5tervinner och \u00e5terf\u00f6rs\u00e4ljer sina begagnade produkter i 74 olika l\u00e4nder v\u00e4rlden runt. De har \u00e4ven anv\u00e4nt \u00f6ver en halv miljon kilo havsbunden plast f\u00f6r att skapa deras Original HP-Bl\u00e4ckpatroner. L\u00e4s mer <a href=\"https:\/\/www8.hp.com\/us\/en\/hp-information\/environment\/product-recycling.html?jumpid=in_r138_us\/en\/corp\/sustainable_impact\/pillar-cross-section\/planet\">H\u00c4R.<\/a><\/p>\n<p>F\u00e4rg: Svart<br \/>\nSidkapacitet: ca 330 sidor<br \/>\nTillverkare: HP<br \/>\nIdentifikationsnummer: 302XL<\/p>\n<p>\u00d6vriga f\u00e4rger: <a href=\"https:\/\/www.heddata.se\/webbutik\/produkt\/hp-302xl-trefargad-original\/\">302XL Tref\u00e4rgad<\/a><\/p>\n<p>Kompatibel med:<\/p>\n<ul class=\"comp-device__list comp-device__list--is-closed\">\n<li class=\"comp-device__item\">HP DeskJet 1110,<\/li>\n<li class=\"comp-device__item\">HP DeskJet 2130,<\/li>\n<li class=\"comp-device__item\">HP DeskJet 2132,<\/li>\n<li class=\"comp-device__item\">HP DeskJet 2134,<\/li>\n<li class=\"comp-device__item\">HP DeskJet 3630,<\/li>\n<li class=\"comp-device__item\">HP DeskJet 3632,<\/li>\n<li class=\"comp-device__item\">HP DeskJet 3633,<\/li>\n<li class=\"comp-device__item\">HP DeskJet 3634,<\/li>\n<li class=\"comp-device__item\">HP DeskJet 3635,<\/li>\n<li class=\"comp-device__item\">HP DeskJet 3636<\/li>\n<\/ul>\n","protected":false},"excerpt":{"rendered":"<p>HP 302XL SVART Original Bl\u00e4ckpatron<\/p>\n","protected":false},"featured_media":3104,"template":"","meta":[],"product_brand":[],"product_cat":[87,61,91],"product_tag":[547,548,549,550,551,552,553,554,555,556],"class_list":{"0":"post-2532","1":"product","2":"type-product","3":"status-publish","4":"has-post-thumbnail","6":"product_cat-blackpatroner","7":"product_cat-blackpatroner-toners","8":"product_cat-hp-blackpatroner","9":"product_tag-hp-deskjet-1110","10":"product_tag-hp-deskjet-2130","11":"product_tag-hp-deskjet-2132","12":"product_tag-hp-deskjet-2134","13":"product_tag-hp-deskjet-3630","14":"product_tag-hp-deskjet-3632","15":"product_tag-hp-deskjet-3633","16":"product_tag-hp-deskjet-3634","17":"product_tag-hp-deskjet-3635","18":"product_tag-hp-deskjet-3636","20":"first","21":"instock","22":"taxable","23":"shipping-taxable","24":"purchasable","25":"product-type-simple"},"yoast_head":"<!-- This site is optimized with the Yoast SEO Premium plugin v26.7 (Yoast SEO v26.7) - https:\/\/yoast.com\/wordpress\/plugins\/seo\/ -->\n<title>HP 302XL SVART Original Bl\u00e4ckpatron f\u00f6r HP-skrivare<\/title>\n<meta name=\"description\" content=\"HP 302XL SVART Original Bl\u00e4ckpatron. N\u00e4r du anv\u00e4nder HP:s Originalpatronr till deras bl\u00e4ckstr\u00e5leskrivare kan du f\u00f6rv\u00e4nta dig klara och fina utskrifter\" \/>\n<meta name=\"robots\" content=\"index, follow, max-snippet:-1, max-image-preview:large, max-video-preview:-1\" \/>\n<link rel=\"canonical\" href=\"https:\/\/www.heddata.se\/webbutik\/produkt\/hp-302xl-svart-blackpatron\/\" \/>\n<meta property=\"og:locale\" content=\"sv_SE\" \/>\n<meta property=\"og:type\" content=\"article\" \/>\n<meta property=\"og:title\" content=\"HP 302XL SVART Original Bl\u00e4ckpatron\" \/>\n<meta property=\"og:description\" content=\"HP 302XL SVART Original Bl\u00e4ckpatron. N\u00e4r du anv\u00e4nder HP:s Originalpatronr till deras bl\u00e4ckstr\u00e5leskrivare kan du f\u00f6rv\u00e4nta dig klara och fina utskrifter\" \/>\n<meta property=\"og:url\" content=\"https:\/\/www.heddata.se\/webbutik\/produkt\/hp-302xl-svart-blackpatron\/\" \/>\n<meta property=\"og:site_name\" content=\"Datorer, Skrivare, F\u00e4rgpatroner, Mobiltelefoner\" \/>\n<meta property=\"article:modified_time\" content=\"2026-05-04T16:09:55+00:00\" \/>\n<meta property=\"og:image\" content=\"https:\/\/www.heddata.se\/webbutik\/wp-content\/uploads\/webbutik\/kategorier\/Bl\u00e4ckpatroner-toners\/HP-302XL-SVART-Original-Blackpatron.jpg\" \/>\n\t<meta property=\"og:image:width\" content=\"1750\" \/>\n\t<meta property=\"og:image:height\" content=\"1285\" \/>\n\t<meta property=\"og:image:type\" content=\"image\/jpeg\" \/>\n<meta name=\"twitter:card\" content=\"summary_large_image\" \/>\n<meta name=\"twitter:label1\" content=\"Ber\u00e4knad l\u00e4stid\" \/>\n\t<meta name=\"twitter:data1\" content=\"1 minut\" \/>\n<script type=\"application\/ld+json\" class=\"yoast-schema-graph\">{\"@context\":\"https:\/\/schema.org\",\"@graph\":[{\"@type\":\"WebPage\",\"@id\":\"https:\/\/www.heddata.se\/webbutik\/produkt\/hp-302xl-svart-blackpatron\/\",\"url\":\"https:\/\/www.heddata.se\/webbutik\/produkt\/hp-302xl-svart-blackpatron\/\",\"name\":\"HP 302XL SVART Original Bl\u00e4ckpatron f\u00f6r HP-skrivare\",\"isPartOf\":{\"@id\":\"https:\/\/www.heddata.se\/webbutik\/#website\"},\"primaryImageOfPage\":{\"@id\":\"https:\/\/www.heddata.se\/webbutik\/produkt\/hp-302xl-svart-blackpatron\/#primaryimage\"},\"image\":{\"@id\":\"https:\/\/www.heddata.se\/webbutik\/produkt\/hp-302xl-svart-blackpatron\/#primaryimage\"},\"thumbnailUrl\":\"https:\/\/www.heddata.se\/webbutik\/wp-content\/uploads\/webbutik\/kategorier\/Bl\u00e4ckpatroner-toners\/HP-302XL-SVART-Original-Blackpatron.jpg\",\"datePublished\":\"2019-10-07T06:17:29+00:00\",\"dateModified\":\"2026-05-04T16:09:55+00:00\",\"description\":\"HP 302XL SVART Original Bl\u00e4ckpatron. N\u00e4r du anv\u00e4nder HP:s Originalpatronr till deras bl\u00e4ckstr\u00e5leskrivare kan du f\u00f6rv\u00e4nta dig klara och fina utskrifter\",\"breadcrumb\":{\"@id\":\"https:\/\/www.heddata.se\/webbutik\/produkt\/hp-302xl-svart-blackpatron\/#breadcrumb\"},\"inLanguage\":\"sv-SE\",\"potentialAction\":[{\"@type\":\"ReadAction\",\"target\":[\"https:\/\/www.heddata.se\/webbutik\/produkt\/hp-302xl-svart-blackpatron\/\"]}]},{\"@type\":\"ImageObject\",\"inLanguage\":\"sv-SE\",\"@id\":\"https:\/\/www.heddata.se\/webbutik\/produkt\/hp-302xl-svart-blackpatron\/#primaryimage\",\"url\":\"https:\/\/www.heddata.se\/webbutik\/wp-content\/uploads\/webbutik\/kategorier\/Bl\u00e4ckpatroner-toners\/HP-302XL-SVART-Original-Blackpatron.jpg\",\"contentUrl\":\"https:\/\/www.heddata.se\/webbutik\/wp-content\/uploads\/webbutik\/kategorier\/Bl\u00e4ckpatroner-toners\/HP-302XL-SVART-Original-Blackpatron.jpg\",\"width\":1750,\"height\":1285,\"caption\":\"HP 302XL SVART Original Bl\u00e4ckpatron\"},{\"@type\":\"BreadcrumbList\",\"@id\":\"https:\/\/www.heddata.se\/webbutik\/produkt\/hp-302xl-svart-blackpatron\/#breadcrumb\",\"itemListElement\":[{\"@type\":\"ListItem\",\"position\":1,\"name\":\"Hem\",\"item\":\"https:\/\/www.heddata.se\/webbutik\/\"},{\"@type\":\"ListItem\",\"position\":2,\"name\":\"Produkter\",\"item\":\"https:\/\/www.heddata.se\/webbutik\/shop\/\"},{\"@type\":\"ListItem\",\"position\":3,\"name\":\"HP 302XL SVART Original Bl\u00e4ckpatron\"}]},{\"@type\":\"WebSite\",\"@id\":\"https:\/\/www.heddata.se\/webbutik\/#website\",\"url\":\"https:\/\/www.heddata.se\/webbutik\/\",\"name\":\"Datorer, Skrivare, F\u00e4rgpatroner, Mobiltelefoner\",\"description\":\"Kablar\",\"publisher\":{\"@id\":\"https:\/\/www.heddata.se\/webbutik\/#organization\"},\"potentialAction\":[{\"@type\":\"SearchAction\",\"target\":{\"@type\":\"EntryPoint\",\"urlTemplate\":\"https:\/\/www.heddata.se\/webbutik\/?s={search_term_string}\"},\"query-input\":{\"@type\":\"PropertyValueSpecification\",\"valueRequired\":true,\"valueName\":\"search_term_string\"}}],\"inLanguage\":\"sv-SE\"},{\"@type\":\"Organization\",\"@id\":\"https:\/\/www.heddata.se\/webbutik\/#organization\",\"name\":\"Heddata AB\",\"url\":\"https:\/\/www.heddata.se\/webbutik\/\",\"logo\":{\"@type\":\"ImageObject\",\"inLanguage\":\"sv-SE\",\"@id\":\"https:\/\/www.heddata.se\/webbutik\/#\/schema\/logo\/image\/\",\"url\":\"https:\/\/www.heddata.se\/webbutik\/wp-content\/uploads\/logga\/heddata-ab-logga.png\",\"contentUrl\":\"https:\/\/www.heddata.se\/webbutik\/wp-content\/uploads\/logga\/heddata-ab-logga.png\",\"width\":200,\"height\":64,\"caption\":\"Heddata AB\"},\"image\":{\"@id\":\"https:\/\/www.heddata.se\/webbutik\/#\/schema\/logo\/image\/\"}}]}<\/script>\n<!-- \/ Yoast SEO Premium plugin. -->","yoast_head_json":{"title":"HP 302XL SVART Original Bl\u00e4ckpatron f\u00f6r HP-skrivare","description":"HP 302XL SVART Original Bl\u00e4ckpatron. N\u00e4r du anv\u00e4nder HP:s Originalpatronr till deras bl\u00e4ckstr\u00e5leskrivare kan du f\u00f6rv\u00e4nta dig klara och fina utskrifter","robots":{"index":"index","follow":"follow","max-snippet":"max-snippet:-1","max-image-preview":"max-image-preview:large","max-video-preview":"max-video-preview:-1"},"canonical":"https:\/\/www.heddata.se\/webbutik\/produkt\/hp-302xl-svart-blackpatron\/","og_locale":"sv_SE","og_type":"article","og_title":"HP 302XL SVART Original Bl\u00e4ckpatron","og_description":"HP 302XL SVART Original Bl\u00e4ckpatron. N\u00e4r du anv\u00e4nder HP:s Originalpatronr till deras bl\u00e4ckstr\u00e5leskrivare kan du f\u00f6rv\u00e4nta dig klara och fina utskrifter","og_url":"https:\/\/www.heddata.se\/webbutik\/produkt\/hp-302xl-svart-blackpatron\/","og_site_name":"Datorer, Skrivare, F\u00e4rgpatroner, Mobiltelefoner","article_modified_time":"2026-05-04T16:09:55+00:00","og_image":[{"width":1750,"height":1285,"url":"https:\/\/www.heddata.se\/webbutik\/wp-content\/uploads\/webbutik\/kategorier\/Bl\u00e4ckpatroner-toners\/HP-302XL-SVART-Original-Blackpatron.jpg","type":"image\/jpeg"}],"twitter_card":"summary_large_image","twitter_misc":{"Ber\u00e4knad l\u00e4stid":"1 minut"},"schema":{"@context":"https:\/\/schema.org","@graph":[{"@type":"WebPage","@id":"https:\/\/www.heddata.se\/webbutik\/produkt\/hp-302xl-svart-blackpatron\/","url":"https:\/\/www.heddata.se\/webbutik\/produkt\/hp-302xl-svart-blackpatron\/","name":"HP 302XL SVART Original Bl\u00e4ckpatron f\u00f6r HP-skrivare","isPartOf":{"@id":"https:\/\/www.heddata.se\/webbutik\/#website"},"primaryImageOfPage":{"@id":"https:\/\/www.heddata.se\/webbutik\/produkt\/hp-302xl-svart-blackpatron\/#primaryimage"},"image":{"@id":"https:\/\/www.heddata.se\/webbutik\/produkt\/hp-302xl-svart-blackpatron\/#primaryimage"},"thumbnailUrl":"https:\/\/www.heddata.se\/webbutik\/wp-content\/uploads\/webbutik\/kategorier\/Bl\u00e4ckpatroner-toners\/HP-302XL-SVART-Original-Blackpatron.jpg","datePublished":"2019-10-07T06:17:29+00:00","dateModified":"2026-05-04T16:09:55+00:00","description":"HP 302XL SVART Original Bl\u00e4ckpatron. N\u00e4r du anv\u00e4nder HP:s Originalpatronr till deras bl\u00e4ckstr\u00e5leskrivare kan du f\u00f6rv\u00e4nta dig klara och fina utskrifter","breadcrumb":{"@id":"https:\/\/www.heddata.se\/webbutik\/produkt\/hp-302xl-svart-blackpatron\/#breadcrumb"},"inLanguage":"sv-SE","potentialAction":[{"@type":"ReadAction","target":["https:\/\/www.heddata.se\/webbutik\/produkt\/hp-302xl-svart-blackpatron\/"]}]},{"@type":"ImageObject","inLanguage":"sv-SE","@id":"https:\/\/www.heddata.se\/webbutik\/produkt\/hp-302xl-svart-blackpatron\/#primaryimage","url":"https:\/\/www.heddata.se\/webbutik\/wp-content\/uploads\/webbutik\/kategorier\/Bl\u00e4ckpatroner-toners\/HP-302XL-SVART-Original-Blackpatron.jpg","contentUrl":"https:\/\/www.heddata.se\/webbutik\/wp-content\/uploads\/webbutik\/kategorier\/Bl\u00e4ckpatroner-toners\/HP-302XL-SVART-Original-Blackpatron.jpg","width":1750,"height":1285,"caption":"HP 302XL SVART Original Bl\u00e4ckpatron"},{"@type":"BreadcrumbList","@id":"https:\/\/www.heddata.se\/webbutik\/produkt\/hp-302xl-svart-blackpatron\/#breadcrumb","itemListElement":[{"@type":"ListItem","position":1,"name":"Hem","item":"https:\/\/www.heddata.se\/webbutik\/"},{"@type":"ListItem","position":2,"name":"Produkter","item":"https:\/\/www.heddata.se\/webbutik\/shop\/"},{"@type":"ListItem","position":3,"name":"HP 302XL SVART Original Bl\u00e4ckpatron"}]},{"@type":"WebSite","@id":"https:\/\/www.heddata.se\/webbutik\/#website","url":"https:\/\/www.heddata.se\/webbutik\/","name":"Datorer, Skrivare, F\u00e4rgpatroner, Mobiltelefoner","description":"Kablar","publisher":{"@id":"https:\/\/www.heddata.se\/webbutik\/#organization"},"potentialAction":[{"@type":"SearchAction","target":{"@type":"EntryPoint","urlTemplate":"https:\/\/www.heddata.se\/webbutik\/?s={search_term_string}"},"query-input":{"@type":"PropertyValueSpecification","valueRequired":true,"valueName":"search_term_string"}}],"inLanguage":"sv-SE"},{"@type":"Organization","@id":"https:\/\/www.heddata.se\/webbutik\/#organization","name":"Heddata AB","url":"https:\/\/www.heddata.se\/webbutik\/","logo":{"@type":"ImageObject","inLanguage":"sv-SE","@id":"https:\/\/www.heddata.se\/webbutik\/#\/schema\/logo\/image\/","url":"https:\/\/www.heddata.se\/webbutik\/wp-content\/uploads\/logga\/heddata-ab-logga.png","contentUrl":"https:\/\/www.heddata.se\/webbutik\/wp-content\/uploads\/logga\/heddata-ab-logga.png","width":200,"height":64,"caption":"Heddata AB"},"image":{"@id":"https:\/\/www.heddata.se\/webbutik\/#\/schema\/logo\/image\/"}}]}},"_links":{"self":[{"href":"https:\/\/www.heddata.se\/webbutik\/wp-json\/wp\/v2\/product\/2532","targetHints":{"allow":["GET"]}}],"collection":[{"href":"https:\/\/www.heddata.se\/webbutik\/wp-json\/wp\/v2\/product"}],"about":[{"href":"https:\/\/www.heddata.se\/webbutik\/wp-json\/wp\/v2\/types\/product"}],"wp:featuredmedia":[{"embeddable":true,"href":"https:\/\/www.heddata.se\/webbutik\/wp-json\/wp\/v2\/media\/3104"}],"wp:attachment":[{"href":"https:\/\/www.heddata.se\/webbutik\/wp-json\/wp\/v2\/media?parent=2532"}],"wp:term":[{"taxonomy":"product_brand","embeddable":true,"href":"https:\/\/www.heddata.se\/webbutik\/wp-json\/wp\/v2\/product_brand?post=2532"},{"taxonomy":"product_cat","embeddable":true,"href":"https:\/\/www.heddata.se\/webbutik\/wp-json\/wp\/v2\/product_cat?post=2532"},{"taxonomy":"product_tag","embeddable":true,"href":"https:\/\/www.heddata.se\/webbutik\/wp-json\/wp\/v2\/product_tag?post=2532"}],"curies":[{"name":"wp","href":"https:\/\/api.w.org\/{rel}","templated":true}]}}