{"id":2517,"date":"2019-10-07T08:17:27","date_gmt":"2019-10-07T06:17:27","guid":{"rendered":"https:\/\/www.heddata.se\/webbutik\/produkt\/no300xl-color-ink-cartridge-vivera\/"},"modified":"2026-05-08T18:28:35","modified_gmt":"2026-05-08T16:28:35","slug":"hp-300xl-svart-original","status":"publish","type":"product","link":"https:\/\/www.heddata.se\/webbutik\/produkt\/hp-300xl-svart-original\/","title":{"rendered":"HP 300XL Svart Original Bl\u00e4ckpatron med h\u00f6g kapacitet"},"content":{"rendered":"<p>HP 300XL Svart Original <a href=\"https:\/\/www.heddata.se\/webbutik\/blackpatroner-toners\/blackpatroner\/\">Bl\u00e4ckpatron<\/a> med h\u00f6g kapacitet. F\u00e5 mycket f\u00f6r pengarna med HP:s XL Patroner. Ger dig textdokument av h\u00f6gsta kvalitet med skarp text och djup sv\u00e4rta. Denna patron \u00e4r skapad och testad s\u00e5 att den ska arbeta felfritt ihop med din HP-skrivare.<\/p>\n<p>HP v\u00e4rnar om milj\u00f6n. De samlar in, \u00e5tervinner och \u00e5ters\u00e4ljer sina begagnade produkter. <a href=\"https:\/\/www8.hp.com\/us\/en\/hp-information\/environment\/product-recycling.html?jumpid=in_r138_us\/en\/corp\/sustainable_impact\/pillar-cross-section\/planet\" target=\"_blank\" rel=\"noopener noreferrer\">L\u00e4s mer om detta H\u00c4R.<\/a><\/p>\n<p>F\u00e4rg: Svart<br \/>\nSidkapacitet: Ca 600 sidor<br \/>\nUtskriftsteknik: <a href=\"https:\/\/www.heddata.se\/webbutik\/skrivare-blackstrale-monolaser\/blackstraleskrivare\/\">Bl\u00e4ckstr\u00e5leskrivare<\/a><br \/>\nIdentifikationsnummer: 300XL<br \/>\nBl\u00e4ck m\u00e4ngd: 12 ml<\/p>\n<p>Kompatibel med:<\/p>\n<p>HP Deskjet D1660, HP Deskjet D2560, HP Deskjet D2660, HP Deskjet D5560, HP Deskjet F2420, HP Deskjet F2480, HP Deskjet F2480, HP Deskjet F4210, HP Deskjet F4272 , HP Deskjet F4280, HP Deskjet F4580, HP ENVY 100, HP ENVY 110, HP ENVY 114, HP ENVY 120, HP Photosmart C4670, HP Photosmart C4680, HP Photosmart C4685, HP Photosmart C4780<\/p>\n","protected":false},"excerpt":{"rendered":"<p>HP 300XL Svart Original Bl\u00e4ckpatron med h\u00f6g kapacitet<\/p>\n","protected":false},"featured_media":4907,"template":"","meta":[],"product_brand":[],"product_cat":[87,61,91],"product_tag":[798,799,800,801,802,803,804,805,806,807,808,809,810,811,812,813,814,815],"class_list":{"0":"post-2517","1":"product","2":"type-product","3":"status-publish","4":"has-post-thumbnail","6":"product_cat-blackpatroner","7":"product_cat-blackpatroner-toners","8":"product_cat-hp-blackpatroner","9":"product_tag-hp-deskjet-d1660","10":"product_tag-hp-deskjet-d2560","11":"product_tag-hp-deskjet-d2660","12":"product_tag-hp-deskjet-d5560","13":"product_tag-hp-deskjet-f2420","14":"product_tag-hp-deskjet-f2480","15":"product_tag-hp-deskjet-f4210","16":"product_tag-hp-deskjet-f4272","17":"product_tag-hp-deskjet-f4280","18":"product_tag-hp-deskjet-f4580","19":"product_tag-hp-envy-100","20":"product_tag-hp-envy-110","21":"product_tag-hp-envy-114","22":"product_tag-hp-envy-120","23":"product_tag-hp-photosmart-c4670","24":"product_tag-hp-photosmart-c4680","25":"product_tag-hp-photosmart-c4685","26":"product_tag-hp-photosmart-c4780","28":"first","29":"outofstock","30":"taxable","31":"shipping-taxable","32":"product-type-simple"},"yoast_head":"<!-- This site is optimized with the Yoast SEO Premium plugin v26.7 (Yoast SEO v26.7) - https:\/\/yoast.com\/wordpress\/plugins\/seo\/ -->\n<title>HP 300XL Svart Original Bl\u00e4ckpatron med h\u00f6g kapacitet<\/title>\n<meta name=\"description\" content=\"HP 300XL Svart Original Bl\u00e4ckpatron med h\u00f6g kapacitet. Denna patron \u00e4r skapad och testad s\u00e5 att den ska arbeta felfritt ihop med din HP-skrivare.\" \/>\n<meta name=\"robots\" content=\"index, follow, max-snippet:-1, max-image-preview:large, max-video-preview:-1\" \/>\n<link rel=\"canonical\" href=\"https:\/\/www.heddata.se\/webbutik\/produkt\/hp-300xl-svart-original\/\" \/>\n<meta property=\"og:locale\" content=\"sv_SE\" \/>\n<meta property=\"og:type\" content=\"article\" \/>\n<meta property=\"og:title\" content=\"HP 300XL Svart Original Bl\u00e4ckpatron med h\u00f6g kapacitet\" \/>\n<meta property=\"og:description\" content=\"HP 300XL Svart Original Bl\u00e4ckpatron med h\u00f6g kapacitet. Denna patron \u00e4r skapad och testad s\u00e5 att den ska arbeta felfritt ihop med din HP-skrivare.\" \/>\n<meta property=\"og:url\" content=\"https:\/\/www.heddata.se\/webbutik\/produkt\/hp-300xl-svart-original\/\" \/>\n<meta property=\"og:site_name\" content=\"Datorer, Skrivare, F\u00e4rgpatroner, Mobiltelefoner\" \/>\n<meta property=\"article:modified_time\" content=\"2026-05-08T16:28:35+00:00\" \/>\n<meta property=\"og:image\" content=\"https:\/\/www.heddata.se\/webbutik\/wp-content\/uploads\/webbutik\/kategorier\/Blackpatroner-toners\/hp-300xl-svart-original-blackpatron.jpg\" \/>\n\t<meta property=\"og:image:width\" content=\"1750\" \/>\n\t<meta property=\"og:image:height\" content=\"1285\" \/>\n\t<meta property=\"og:image:type\" content=\"image\/jpeg\" \/>\n<meta name=\"twitter:card\" content=\"summary_large_image\" \/>\n<meta name=\"twitter:label1\" content=\"Ber\u00e4knad l\u00e4stid\" \/>\n\t<meta name=\"twitter:data1\" content=\"1 minut\" \/>\n<script type=\"application\/ld+json\" class=\"yoast-schema-graph\">{\"@context\":\"https:\/\/schema.org\",\"@graph\":[{\"@type\":\"WebPage\",\"@id\":\"https:\/\/www.heddata.se\/webbutik\/produkt\/hp-300xl-svart-original\/\",\"url\":\"https:\/\/www.heddata.se\/webbutik\/produkt\/hp-300xl-svart-original\/\",\"name\":\"HP 300XL Svart Original Bl\u00e4ckpatron med h\u00f6g kapacitet\",\"isPartOf\":{\"@id\":\"https:\/\/www.heddata.se\/webbutik\/#website\"},\"primaryImageOfPage\":{\"@id\":\"https:\/\/www.heddata.se\/webbutik\/produkt\/hp-300xl-svart-original\/#primaryimage\"},\"image\":{\"@id\":\"https:\/\/www.heddata.se\/webbutik\/produkt\/hp-300xl-svart-original\/#primaryimage\"},\"thumbnailUrl\":\"https:\/\/www.heddata.se\/webbutik\/wp-content\/uploads\/webbutik\/kategorier\/Blackpatroner-toners\/hp-300xl-svart-original-blackpatron.jpg\",\"datePublished\":\"2019-10-07T06:17:27+00:00\",\"dateModified\":\"2026-05-08T16:28:35+00:00\",\"description\":\"HP 300XL Svart Original Bl\u00e4ckpatron med h\u00f6g kapacitet. Denna patron \u00e4r skapad och testad s\u00e5 att den ska arbeta felfritt ihop med din HP-skrivare.\",\"breadcrumb\":{\"@id\":\"https:\/\/www.heddata.se\/webbutik\/produkt\/hp-300xl-svart-original\/#breadcrumb\"},\"inLanguage\":\"sv-SE\",\"potentialAction\":[{\"@type\":\"ReadAction\",\"target\":[\"https:\/\/www.heddata.se\/webbutik\/produkt\/hp-300xl-svart-original\/\"]}]},{\"@type\":\"ImageObject\",\"inLanguage\":\"sv-SE\",\"@id\":\"https:\/\/www.heddata.se\/webbutik\/produkt\/hp-300xl-svart-original\/#primaryimage\",\"url\":\"https:\/\/www.heddata.se\/webbutik\/wp-content\/uploads\/webbutik\/kategorier\/Blackpatroner-toners\/hp-300xl-svart-original-blackpatron.jpg\",\"contentUrl\":\"https:\/\/www.heddata.se\/webbutik\/wp-content\/uploads\/webbutik\/kategorier\/Blackpatroner-toners\/hp-300xl-svart-original-blackpatron.jpg\",\"width\":1750,\"height\":1285,\"caption\":\"HP 300XL Svart Original Bl\u00e4ckpatron med h\u00f6g kapacitet\"},{\"@type\":\"BreadcrumbList\",\"@id\":\"https:\/\/www.heddata.se\/webbutik\/produkt\/hp-300xl-svart-original\/#breadcrumb\",\"itemListElement\":[{\"@type\":\"ListItem\",\"position\":1,\"name\":\"Hem\",\"item\":\"https:\/\/www.heddata.se\/webbutik\/\"},{\"@type\":\"ListItem\",\"position\":2,\"name\":\"Produkter\",\"item\":\"https:\/\/www.heddata.se\/webbutik\/shop\/\"},{\"@type\":\"ListItem\",\"position\":3,\"name\":\"HP 300XL Svart Original Bl\u00e4ckpatron med h\u00f6g kapacitet\"}]},{\"@type\":\"WebSite\",\"@id\":\"https:\/\/www.heddata.se\/webbutik\/#website\",\"url\":\"https:\/\/www.heddata.se\/webbutik\/\",\"name\":\"Datorer, Skrivare, F\u00e4rgpatroner, Mobiltelefoner\",\"description\":\"Kablar\",\"publisher\":{\"@id\":\"https:\/\/www.heddata.se\/webbutik\/#organization\"},\"potentialAction\":[{\"@type\":\"SearchAction\",\"target\":{\"@type\":\"EntryPoint\",\"urlTemplate\":\"https:\/\/www.heddata.se\/webbutik\/?s={search_term_string}\"},\"query-input\":{\"@type\":\"PropertyValueSpecification\",\"valueRequired\":true,\"valueName\":\"search_term_string\"}}],\"inLanguage\":\"sv-SE\"},{\"@type\":\"Organization\",\"@id\":\"https:\/\/www.heddata.se\/webbutik\/#organization\",\"name\":\"Heddata AB\",\"url\":\"https:\/\/www.heddata.se\/webbutik\/\",\"logo\":{\"@type\":\"ImageObject\",\"inLanguage\":\"sv-SE\",\"@id\":\"https:\/\/www.heddata.se\/webbutik\/#\/schema\/logo\/image\/\",\"url\":\"https:\/\/www.heddata.se\/webbutik\/wp-content\/uploads\/logga\/heddata-ab-logga.png\",\"contentUrl\":\"https:\/\/www.heddata.se\/webbutik\/wp-content\/uploads\/logga\/heddata-ab-logga.png\",\"width\":200,\"height\":64,\"caption\":\"Heddata AB\"},\"image\":{\"@id\":\"https:\/\/www.heddata.se\/webbutik\/#\/schema\/logo\/image\/\"}}]}<\/script>\n<!-- \/ Yoast SEO Premium plugin. -->","yoast_head_json":{"title":"HP 300XL Svart Original Bl\u00e4ckpatron med h\u00f6g kapacitet","description":"HP 300XL Svart Original Bl\u00e4ckpatron med h\u00f6g kapacitet. Denna patron \u00e4r skapad och testad s\u00e5 att den ska arbeta felfritt ihop med din HP-skrivare.","robots":{"index":"index","follow":"follow","max-snippet":"max-snippet:-1","max-image-preview":"max-image-preview:large","max-video-preview":"max-video-preview:-1"},"canonical":"https:\/\/www.heddata.se\/webbutik\/produkt\/hp-300xl-svart-original\/","og_locale":"sv_SE","og_type":"article","og_title":"HP 300XL Svart Original Bl\u00e4ckpatron med h\u00f6g kapacitet","og_description":"HP 300XL Svart Original Bl\u00e4ckpatron med h\u00f6g kapacitet. Denna patron \u00e4r skapad och testad s\u00e5 att den ska arbeta felfritt ihop med din HP-skrivare.","og_url":"https:\/\/www.heddata.se\/webbutik\/produkt\/hp-300xl-svart-original\/","og_site_name":"Datorer, Skrivare, F\u00e4rgpatroner, Mobiltelefoner","article_modified_time":"2026-05-08T16:28:35+00:00","og_image":[{"width":1750,"height":1285,"url":"https:\/\/www.heddata.se\/webbutik\/wp-content\/uploads\/webbutik\/kategorier\/Blackpatroner-toners\/hp-300xl-svart-original-blackpatron.jpg","type":"image\/jpeg"}],"twitter_card":"summary_large_image","twitter_misc":{"Ber\u00e4knad l\u00e4stid":"1 minut"},"schema":{"@context":"https:\/\/schema.org","@graph":[{"@type":"WebPage","@id":"https:\/\/www.heddata.se\/webbutik\/produkt\/hp-300xl-svart-original\/","url":"https:\/\/www.heddata.se\/webbutik\/produkt\/hp-300xl-svart-original\/","name":"HP 300XL Svart Original Bl\u00e4ckpatron med h\u00f6g kapacitet","isPartOf":{"@id":"https:\/\/www.heddata.se\/webbutik\/#website"},"primaryImageOfPage":{"@id":"https:\/\/www.heddata.se\/webbutik\/produkt\/hp-300xl-svart-original\/#primaryimage"},"image":{"@id":"https:\/\/www.heddata.se\/webbutik\/produkt\/hp-300xl-svart-original\/#primaryimage"},"thumbnailUrl":"https:\/\/www.heddata.se\/webbutik\/wp-content\/uploads\/webbutik\/kategorier\/Blackpatroner-toners\/hp-300xl-svart-original-blackpatron.jpg","datePublished":"2019-10-07T06:17:27+00:00","dateModified":"2026-05-08T16:28:35+00:00","description":"HP 300XL Svart Original Bl\u00e4ckpatron med h\u00f6g kapacitet. Denna patron \u00e4r skapad och testad s\u00e5 att den ska arbeta felfritt ihop med din HP-skrivare.","breadcrumb":{"@id":"https:\/\/www.heddata.se\/webbutik\/produkt\/hp-300xl-svart-original\/#breadcrumb"},"inLanguage":"sv-SE","potentialAction":[{"@type":"ReadAction","target":["https:\/\/www.heddata.se\/webbutik\/produkt\/hp-300xl-svart-original\/"]}]},{"@type":"ImageObject","inLanguage":"sv-SE","@id":"https:\/\/www.heddata.se\/webbutik\/produkt\/hp-300xl-svart-original\/#primaryimage","url":"https:\/\/www.heddata.se\/webbutik\/wp-content\/uploads\/webbutik\/kategorier\/Blackpatroner-toners\/hp-300xl-svart-original-blackpatron.jpg","contentUrl":"https:\/\/www.heddata.se\/webbutik\/wp-content\/uploads\/webbutik\/kategorier\/Blackpatroner-toners\/hp-300xl-svart-original-blackpatron.jpg","width":1750,"height":1285,"caption":"HP 300XL Svart Original Bl\u00e4ckpatron med h\u00f6g kapacitet"},{"@type":"BreadcrumbList","@id":"https:\/\/www.heddata.se\/webbutik\/produkt\/hp-300xl-svart-original\/#breadcrumb","itemListElement":[{"@type":"ListItem","position":1,"name":"Hem","item":"https:\/\/www.heddata.se\/webbutik\/"},{"@type":"ListItem","position":2,"name":"Produkter","item":"https:\/\/www.heddata.se\/webbutik\/shop\/"},{"@type":"ListItem","position":3,"name":"HP 300XL Svart Original Bl\u00e4ckpatron med h\u00f6g kapacitet"}]},{"@type":"WebSite","@id":"https:\/\/www.heddata.se\/webbutik\/#website","url":"https:\/\/www.heddata.se\/webbutik\/","name":"Datorer, Skrivare, F\u00e4rgpatroner, Mobiltelefoner","description":"Kablar","publisher":{"@id":"https:\/\/www.heddata.se\/webbutik\/#organization"},"potentialAction":[{"@type":"SearchAction","target":{"@type":"EntryPoint","urlTemplate":"https:\/\/www.heddata.se\/webbutik\/?s={search_term_string}"},"query-input":{"@type":"PropertyValueSpecification","valueRequired":true,"valueName":"search_term_string"}}],"inLanguage":"sv-SE"},{"@type":"Organization","@id":"https:\/\/www.heddata.se\/webbutik\/#organization","name":"Heddata AB","url":"https:\/\/www.heddata.se\/webbutik\/","logo":{"@type":"ImageObject","inLanguage":"sv-SE","@id":"https:\/\/www.heddata.se\/webbutik\/#\/schema\/logo\/image\/","url":"https:\/\/www.heddata.se\/webbutik\/wp-content\/uploads\/logga\/heddata-ab-logga.png","contentUrl":"https:\/\/www.heddata.se\/webbutik\/wp-content\/uploads\/logga\/heddata-ab-logga.png","width":200,"height":64,"caption":"Heddata AB"},"image":{"@id":"https:\/\/www.heddata.se\/webbutik\/#\/schema\/logo\/image\/"}}]}},"_links":{"self":[{"href":"https:\/\/www.heddata.se\/webbutik\/wp-json\/wp\/v2\/product\/2517","targetHints":{"allow":["GET"]}}],"collection":[{"href":"https:\/\/www.heddata.se\/webbutik\/wp-json\/wp\/v2\/product"}],"about":[{"href":"https:\/\/www.heddata.se\/webbutik\/wp-json\/wp\/v2\/types\/product"}],"wp:featuredmedia":[{"embeddable":true,"href":"https:\/\/www.heddata.se\/webbutik\/wp-json\/wp\/v2\/media\/4907"}],"wp:attachment":[{"href":"https:\/\/www.heddata.se\/webbutik\/wp-json\/wp\/v2\/media?parent=2517"}],"wp:term":[{"taxonomy":"product_brand","embeddable":true,"href":"https:\/\/www.heddata.se\/webbutik\/wp-json\/wp\/v2\/product_brand?post=2517"},{"taxonomy":"product_cat","embeddable":true,"href":"https:\/\/www.heddata.se\/webbutik\/wp-json\/wp\/v2\/product_cat?post=2517"},{"taxonomy":"product_tag","embeddable":true,"href":"https:\/\/www.heddata.se\/webbutik\/wp-json\/wp\/v2\/product_tag?post=2517"}],"curies":[{"name":"wp","href":"https:\/\/api.w.org\/{rel}","templated":true}]}}