{"id":2510,"date":"2019-10-07T08:17:27","date_gmt":"2019-10-07T06:17:27","guid":{"rendered":"https:\/\/www.heddata.se\/webbutik\/produkt\/hp-black-vivera-ink-print-cartridge\/"},"modified":"2020-06-25T12:08:44","modified_gmt":"2020-06-25T10:08:44","slug":"hp-350xl-svart-original","status":"publish","type":"product","link":"https:\/\/www.heddata.se\/webbutik\/produkt\/hp-350xl-svart-original\/","title":{"rendered":"HP 350XL Svart Original Bl\u00e4ckpatron med h\u00f6g kapacitet"},"content":{"rendered":"<p>HP 350XL Svart Original <a href=\"https:\/\/www.heddata.se\/webbutik\/blackpatroner-toners\/blackpatroner\/\">Bl\u00e4ckpatron<\/a> med h\u00f6g kapacitet. Denna stora bl\u00e4ckpatron r\u00e4cker l\u00e4nge och ger h\u00f6g avkastning. Du kan f\u00f6rv\u00e4nta dig resultat av laserkvalitet med skarp text och djup sv\u00e4rta.<\/p>\n<p>HP v\u00e4rnar om milj\u00f6n. De samlar in, \u00e5tervinner och \u00e5ters\u00e4ljer sina begagnade produkter. <a href=\"https:\/\/www8.hp.com\/us\/en\/hp-information\/environment\/product-recycling.html?jumpid=in_r138_us\/en\/corp\/sustainable_impact\/pillar-cross-section\/planet\" target=\"_blank\" rel=\"noopener noreferrer\">L\u00e4s mer H\u00c4R.<\/a><\/p>\n<p>F\u00e4rg: Svart<br \/>\n<span style=\"font-size: 14.4px;\">Avkastning: ca 1000 sidor<br \/>\n<\/span>Bl\u00e4ck m\u00e4ngd: 25ml<br \/>\nIdentifikationsnummer: 350XL<\/p>\n<p>Kompatibel med:<br \/>\nHP Officejet J6413, HP Officejet J6415, HP Officejet J6424, HP Officejet J6450, HP Officejet J6488, HP Photosmart C4235, HP Photosmart C4272, HP Photosmart C4273, HP Photosmart C4275, HP Photosmart C4285, HP Photosmart C4293, HP Photosmart C4294, HP Photosmart C4340, HP Photosmart C4342, HP Photosmart C4343, HP Photosmart C4344, HP Photosmart C4345, HP Photosmart C4382, HP Photosmart C4384, HP Photosmart C4410, HP Photosmart C4424, HP Photosmart C4435, HP Photosmart C4440, HP Photosmart C4450, HP Photosmart C4470, HP Photosmart C4472, HP Photosmart C4480, HP Photosmart C4485, HP Photosmart C4524, HP Photosmart C4580, HP Photosmart C4585, HP Photosmart C4599, HP Photosmart C5225, HP Photosmart C5270, HP Photosmart C5273, HP Photosmart C5275, HP Photosmart C5288, HP Photosmart C5290, HP Photosmart C5293, HP Photosmart D5363<\/p>\n","protected":false},"excerpt":{"rendered":"<p>HP 350XL Svart Original Bl\u00e4ckpatron med h\u00f6g kapacitet<\/p>\n","protected":false},"featured_media":4886,"template":"","meta":[],"product_brand":[],"product_cat":[87,61,91],"product_tag":[758,759,760,761,762,763,764,765,766,767,768,769,770,771,772,773,774,775,776,777,778,779,780,781,782,783,784,785,786,787,788,789,790,791,792,793,794,795,796,797],"class_list":{"0":"post-2510","1":"product","2":"type-product","3":"status-publish","4":"has-post-thumbnail","6":"product_cat-blackpatroner","7":"product_cat-blackpatroner-toners","8":"product_cat-hp-blackpatroner","9":"product_tag-hp-officejet-j6413","10":"product_tag-hp-officejet-j6415","11":"product_tag-hp-officejet-j6424","12":"product_tag-hp-officejet-j6450","13":"product_tag-hp-officejet-j6488","14":"product_tag-hp-photosmart-c4235","15":"product_tag-hp-photosmart-c4272","16":"product_tag-hp-photosmart-c4273","17":"product_tag-hp-photosmart-c4275","18":"product_tag-hp-photosmart-c4285","19":"product_tag-hp-photosmart-c4293","20":"product_tag-hp-photosmart-c4294","21":"product_tag-hp-photosmart-c4340","22":"product_tag-hp-photosmart-c4342","23":"product_tag-hp-photosmart-c4343","24":"product_tag-hp-photosmart-c4344","25":"product_tag-hp-photosmart-c4345","26":"product_tag-hp-photosmart-c4382","27":"product_tag-hp-photosmart-c4384","28":"product_tag-hp-photosmart-c4410","29":"product_tag-hp-photosmart-c4424","30":"product_tag-hp-photosmart-c4435","31":"product_tag-hp-photosmart-c4440","32":"product_tag-hp-photosmart-c4450","33":"product_tag-hp-photosmart-c4470","34":"product_tag-hp-photosmart-c4472","35":"product_tag-hp-photosmart-c4480","36":"product_tag-hp-photosmart-c4485","37":"product_tag-hp-photosmart-c4524","38":"product_tag-hp-photosmart-c4580","39":"product_tag-hp-photosmart-c4585","40":"product_tag-hp-photosmart-c4599","41":"product_tag-hp-photosmart-c5225","42":"product_tag-hp-photosmart-c5270","43":"product_tag-hp-photosmart-c5273","44":"product_tag-hp-photosmart-c5275","45":"product_tag-hp-photosmart-c5288","46":"product_tag-hp-photosmart-c5290","47":"product_tag-hp-photosmart-c5293","48":"product_tag-hp-photosmart-d5363","50":"first","51":"instock","52":"taxable","53":"shipping-taxable","54":"purchasable","55":"product-type-simple"},"yoast_head":"<!-- This site is optimized with the Yoast SEO Premium plugin v26.7 (Yoast SEO v26.7) - https:\/\/yoast.com\/wordpress\/plugins\/seo\/ -->\n<title>HP 350XL Svart Original Bl\u00e4ckpatron med h\u00f6g kapacitet<\/title>\n<meta name=\"description\" content=\"HP 350XL Svart Original Bl\u00e4ckpatron med h\u00f6g kapacitet. Du kan f\u00f6rv\u00e4nta dig resultat av laserkvalitet med skarp text och djup sv\u00e4rta.\" \/>\n<meta name=\"robots\" content=\"index, follow, max-snippet:-1, max-image-preview:large, max-video-preview:-1\" \/>\n<link rel=\"canonical\" href=\"https:\/\/www.heddata.se\/webbutik\/produkt\/hp-350xl-svart-original\/\" \/>\n<meta property=\"og:locale\" content=\"sv_SE\" \/>\n<meta property=\"og:type\" content=\"article\" \/>\n<meta property=\"og:title\" content=\"HP 350XL Svart Original Bl\u00e4ckpatron med h\u00f6g kapacitet\" \/>\n<meta property=\"og:description\" content=\"HP 350XL Svart Original Bl\u00e4ckpatron med h\u00f6g kapacitet. Du kan f\u00f6rv\u00e4nta dig resultat av laserkvalitet med skarp text och djup sv\u00e4rta.\" \/>\n<meta property=\"og:url\" content=\"https:\/\/www.heddata.se\/webbutik\/produkt\/hp-350xl-svart-original\/\" \/>\n<meta property=\"og:site_name\" content=\"Datorer, Skrivare, F\u00e4rgpatroner, Mobiltelefoner\" \/>\n<meta property=\"article:modified_time\" content=\"2020-06-25T10:08:44+00:00\" \/>\n<meta property=\"og:image\" content=\"https:\/\/www.heddata.se\/webbutik\/wp-content\/uploads\/webbutik\/kategorier\/Blackpatroner-toners\/hp-350xl-svart-original-blackpatron.jpg\" \/>\n\t<meta property=\"og:image:width\" content=\"1750\" \/>\n\t<meta property=\"og:image:height\" content=\"1285\" \/>\n\t<meta property=\"og:image:type\" content=\"image\/jpeg\" \/>\n<meta name=\"twitter:card\" content=\"summary_large_image\" \/>\n<meta name=\"twitter:label1\" content=\"Ber\u00e4knad l\u00e4stid\" \/>\n\t<meta name=\"twitter:data1\" content=\"1 minut\" \/>\n<script type=\"application\/ld+json\" class=\"yoast-schema-graph\">{\"@context\":\"https:\/\/schema.org\",\"@graph\":[{\"@type\":\"WebPage\",\"@id\":\"https:\/\/www.heddata.se\/webbutik\/produkt\/hp-350xl-svart-original\/\",\"url\":\"https:\/\/www.heddata.se\/webbutik\/produkt\/hp-350xl-svart-original\/\",\"name\":\"HP 350XL Svart Original Bl\u00e4ckpatron med h\u00f6g kapacitet\",\"isPartOf\":{\"@id\":\"https:\/\/www.heddata.se\/webbutik\/#website\"},\"primaryImageOfPage\":{\"@id\":\"https:\/\/www.heddata.se\/webbutik\/produkt\/hp-350xl-svart-original\/#primaryimage\"},\"image\":{\"@id\":\"https:\/\/www.heddata.se\/webbutik\/produkt\/hp-350xl-svart-original\/#primaryimage\"},\"thumbnailUrl\":\"https:\/\/www.heddata.se\/webbutik\/wp-content\/uploads\/webbutik\/kategorier\/Blackpatroner-toners\/hp-350xl-svart-original-blackpatron.jpg\",\"datePublished\":\"2019-10-07T06:17:27+00:00\",\"dateModified\":\"2020-06-25T10:08:44+00:00\",\"description\":\"HP 350XL Svart Original Bl\u00e4ckpatron med h\u00f6g kapacitet. Du kan f\u00f6rv\u00e4nta dig resultat av laserkvalitet med skarp text och djup sv\u00e4rta.\",\"breadcrumb\":{\"@id\":\"https:\/\/www.heddata.se\/webbutik\/produkt\/hp-350xl-svart-original\/#breadcrumb\"},\"inLanguage\":\"sv-SE\",\"potentialAction\":[{\"@type\":\"ReadAction\",\"target\":[\"https:\/\/www.heddata.se\/webbutik\/produkt\/hp-350xl-svart-original\/\"]}]},{\"@type\":\"ImageObject\",\"inLanguage\":\"sv-SE\",\"@id\":\"https:\/\/www.heddata.se\/webbutik\/produkt\/hp-350xl-svart-original\/#primaryimage\",\"url\":\"https:\/\/www.heddata.se\/webbutik\/wp-content\/uploads\/webbutik\/kategorier\/Blackpatroner-toners\/hp-350xl-svart-original-blackpatron.jpg\",\"contentUrl\":\"https:\/\/www.heddata.se\/webbutik\/wp-content\/uploads\/webbutik\/kategorier\/Blackpatroner-toners\/hp-350xl-svart-original-blackpatron.jpg\",\"width\":1750,\"height\":1285,\"caption\":\"HP 350XL Svart Original Bl\u00e4ckpatron med h\u00f6g kapacitet\"},{\"@type\":\"BreadcrumbList\",\"@id\":\"https:\/\/www.heddata.se\/webbutik\/produkt\/hp-350xl-svart-original\/#breadcrumb\",\"itemListElement\":[{\"@type\":\"ListItem\",\"position\":1,\"name\":\"Hem\",\"item\":\"https:\/\/www.heddata.se\/webbutik\/\"},{\"@type\":\"ListItem\",\"position\":2,\"name\":\"Produkter\",\"item\":\"https:\/\/www.heddata.se\/webbutik\/shop\/\"},{\"@type\":\"ListItem\",\"position\":3,\"name\":\"HP 350XL Svart Original Bl\u00e4ckpatron med h\u00f6g kapacitet\"}]},{\"@type\":\"WebSite\",\"@id\":\"https:\/\/www.heddata.se\/webbutik\/#website\",\"url\":\"https:\/\/www.heddata.se\/webbutik\/\",\"name\":\"Datorer, Skrivare, F\u00e4rgpatroner, Mobiltelefoner\",\"description\":\"Kablar\",\"publisher\":{\"@id\":\"https:\/\/www.heddata.se\/webbutik\/#organization\"},\"potentialAction\":[{\"@type\":\"SearchAction\",\"target\":{\"@type\":\"EntryPoint\",\"urlTemplate\":\"https:\/\/www.heddata.se\/webbutik\/?s={search_term_string}\"},\"query-input\":{\"@type\":\"PropertyValueSpecification\",\"valueRequired\":true,\"valueName\":\"search_term_string\"}}],\"inLanguage\":\"sv-SE\"},{\"@type\":\"Organization\",\"@id\":\"https:\/\/www.heddata.se\/webbutik\/#organization\",\"name\":\"Heddata AB\",\"url\":\"https:\/\/www.heddata.se\/webbutik\/\",\"logo\":{\"@type\":\"ImageObject\",\"inLanguage\":\"sv-SE\",\"@id\":\"https:\/\/www.heddata.se\/webbutik\/#\/schema\/logo\/image\/\",\"url\":\"https:\/\/www.heddata.se\/webbutik\/wp-content\/uploads\/logga\/heddata-ab-logga.png\",\"contentUrl\":\"https:\/\/www.heddata.se\/webbutik\/wp-content\/uploads\/logga\/heddata-ab-logga.png\",\"width\":200,\"height\":64,\"caption\":\"Heddata AB\"},\"image\":{\"@id\":\"https:\/\/www.heddata.se\/webbutik\/#\/schema\/logo\/image\/\"}}]}<\/script>\n<!-- \/ Yoast SEO Premium plugin. -->","yoast_head_json":{"title":"HP 350XL Svart Original Bl\u00e4ckpatron med h\u00f6g kapacitet","description":"HP 350XL Svart Original Bl\u00e4ckpatron med h\u00f6g kapacitet. Du kan f\u00f6rv\u00e4nta dig resultat av laserkvalitet med skarp text och djup sv\u00e4rta.","robots":{"index":"index","follow":"follow","max-snippet":"max-snippet:-1","max-image-preview":"max-image-preview:large","max-video-preview":"max-video-preview:-1"},"canonical":"https:\/\/www.heddata.se\/webbutik\/produkt\/hp-350xl-svart-original\/","og_locale":"sv_SE","og_type":"article","og_title":"HP 350XL Svart Original Bl\u00e4ckpatron med h\u00f6g kapacitet","og_description":"HP 350XL Svart Original Bl\u00e4ckpatron med h\u00f6g kapacitet. Du kan f\u00f6rv\u00e4nta dig resultat av laserkvalitet med skarp text och djup sv\u00e4rta.","og_url":"https:\/\/www.heddata.se\/webbutik\/produkt\/hp-350xl-svart-original\/","og_site_name":"Datorer, Skrivare, F\u00e4rgpatroner, Mobiltelefoner","article_modified_time":"2020-06-25T10:08:44+00:00","og_image":[{"width":1750,"height":1285,"url":"https:\/\/www.heddata.se\/webbutik\/wp-content\/uploads\/webbutik\/kategorier\/Blackpatroner-toners\/hp-350xl-svart-original-blackpatron.jpg","type":"image\/jpeg"}],"twitter_card":"summary_large_image","twitter_misc":{"Ber\u00e4knad l\u00e4stid":"1 minut"},"schema":{"@context":"https:\/\/schema.org","@graph":[{"@type":"WebPage","@id":"https:\/\/www.heddata.se\/webbutik\/produkt\/hp-350xl-svart-original\/","url":"https:\/\/www.heddata.se\/webbutik\/produkt\/hp-350xl-svart-original\/","name":"HP 350XL Svart Original Bl\u00e4ckpatron med h\u00f6g kapacitet","isPartOf":{"@id":"https:\/\/www.heddata.se\/webbutik\/#website"},"primaryImageOfPage":{"@id":"https:\/\/www.heddata.se\/webbutik\/produkt\/hp-350xl-svart-original\/#primaryimage"},"image":{"@id":"https:\/\/www.heddata.se\/webbutik\/produkt\/hp-350xl-svart-original\/#primaryimage"},"thumbnailUrl":"https:\/\/www.heddata.se\/webbutik\/wp-content\/uploads\/webbutik\/kategorier\/Blackpatroner-toners\/hp-350xl-svart-original-blackpatron.jpg","datePublished":"2019-10-07T06:17:27+00:00","dateModified":"2020-06-25T10:08:44+00:00","description":"HP 350XL Svart Original Bl\u00e4ckpatron med h\u00f6g kapacitet. Du kan f\u00f6rv\u00e4nta dig resultat av laserkvalitet med skarp text och djup sv\u00e4rta.","breadcrumb":{"@id":"https:\/\/www.heddata.se\/webbutik\/produkt\/hp-350xl-svart-original\/#breadcrumb"},"inLanguage":"sv-SE","potentialAction":[{"@type":"ReadAction","target":["https:\/\/www.heddata.se\/webbutik\/produkt\/hp-350xl-svart-original\/"]}]},{"@type":"ImageObject","inLanguage":"sv-SE","@id":"https:\/\/www.heddata.se\/webbutik\/produkt\/hp-350xl-svart-original\/#primaryimage","url":"https:\/\/www.heddata.se\/webbutik\/wp-content\/uploads\/webbutik\/kategorier\/Blackpatroner-toners\/hp-350xl-svart-original-blackpatron.jpg","contentUrl":"https:\/\/www.heddata.se\/webbutik\/wp-content\/uploads\/webbutik\/kategorier\/Blackpatroner-toners\/hp-350xl-svart-original-blackpatron.jpg","width":1750,"height":1285,"caption":"HP 350XL Svart Original Bl\u00e4ckpatron med h\u00f6g kapacitet"},{"@type":"BreadcrumbList","@id":"https:\/\/www.heddata.se\/webbutik\/produkt\/hp-350xl-svart-original\/#breadcrumb","itemListElement":[{"@type":"ListItem","position":1,"name":"Hem","item":"https:\/\/www.heddata.se\/webbutik\/"},{"@type":"ListItem","position":2,"name":"Produkter","item":"https:\/\/www.heddata.se\/webbutik\/shop\/"},{"@type":"ListItem","position":3,"name":"HP 350XL Svart Original Bl\u00e4ckpatron med h\u00f6g kapacitet"}]},{"@type":"WebSite","@id":"https:\/\/www.heddata.se\/webbutik\/#website","url":"https:\/\/www.heddata.se\/webbutik\/","name":"Datorer, Skrivare, F\u00e4rgpatroner, Mobiltelefoner","description":"Kablar","publisher":{"@id":"https:\/\/www.heddata.se\/webbutik\/#organization"},"potentialAction":[{"@type":"SearchAction","target":{"@type":"EntryPoint","urlTemplate":"https:\/\/www.heddata.se\/webbutik\/?s={search_term_string}"},"query-input":{"@type":"PropertyValueSpecification","valueRequired":true,"valueName":"search_term_string"}}],"inLanguage":"sv-SE"},{"@type":"Organization","@id":"https:\/\/www.heddata.se\/webbutik\/#organization","name":"Heddata AB","url":"https:\/\/www.heddata.se\/webbutik\/","logo":{"@type":"ImageObject","inLanguage":"sv-SE","@id":"https:\/\/www.heddata.se\/webbutik\/#\/schema\/logo\/image\/","url":"https:\/\/www.heddata.se\/webbutik\/wp-content\/uploads\/logga\/heddata-ab-logga.png","contentUrl":"https:\/\/www.heddata.se\/webbutik\/wp-content\/uploads\/logga\/heddata-ab-logga.png","width":200,"height":64,"caption":"Heddata AB"},"image":{"@id":"https:\/\/www.heddata.se\/webbutik\/#\/schema\/logo\/image\/"}}]}},"_links":{"self":[{"href":"https:\/\/www.heddata.se\/webbutik\/wp-json\/wp\/v2\/product\/2510","targetHints":{"allow":["GET"]}}],"collection":[{"href":"https:\/\/www.heddata.se\/webbutik\/wp-json\/wp\/v2\/product"}],"about":[{"href":"https:\/\/www.heddata.se\/webbutik\/wp-json\/wp\/v2\/types\/product"}],"wp:featuredmedia":[{"embeddable":true,"href":"https:\/\/www.heddata.se\/webbutik\/wp-json\/wp\/v2\/media\/4886"}],"wp:attachment":[{"href":"https:\/\/www.heddata.se\/webbutik\/wp-json\/wp\/v2\/media?parent=2510"}],"wp:term":[{"taxonomy":"product_brand","embeddable":true,"href":"https:\/\/www.heddata.se\/webbutik\/wp-json\/wp\/v2\/product_brand?post=2510"},{"taxonomy":"product_cat","embeddable":true,"href":"https:\/\/www.heddata.se\/webbutik\/wp-json\/wp\/v2\/product_cat?post=2510"},{"taxonomy":"product_tag","embeddable":true,"href":"https:\/\/www.heddata.se\/webbutik\/wp-json\/wp\/v2\/product_tag?post=2510"}],"curies":[{"name":"wp","href":"https:\/\/api.w.org\/{rel}","templated":true}]}}