{"id":2509,"date":"2019-10-07T08:17:27","date_gmt":"2019-10-07T06:17:27","guid":{"rendered":"https:\/\/www.heddata.se\/webbutik\/produkt\/hp-364xl-1-x-gul\/"},"modified":"2026-05-04T18:09:21","modified_gmt":"2026-05-04T16:09:21","slug":"hp-364xl-gul-original-blackpatron","status":"publish","type":"product","link":"https:\/\/www.heddata.se\/webbutik\/produkt\/hp-364xl-gul-original-blackpatron\/","title":{"rendered":"HP 364XL Gul Original Bl\u00e4ckpatron (CB325EE)"},"content":{"rendered":"<p>HP 364XL Gul Original Bl\u00e4ckpatron. Se till att du f\u00e5r kristallklara utskrifter utan n\u00e5gra som helst risker f\u00f6r skador p\u00e5 din skrivare med hj\u00e4lp av HP:s Original bl\u00e4ckpatroner. De \u00e4r l\u00e4tta att b\u00e5de installera och ta ur utan att kladda. Denna bl\u00e4ckpatron \u00e4r tillverkad f\u00f6r att passa perfekt tillsammans med din HP-bl\u00e4ckstr\u00e5leskrivare och leverera utskrifter av b\u00e4sta kvalitet.<br \/>\nGenom att anv\u00e4nda HP:s Original bl\u00e4ckpatron g\u00f6r du \u00e4ven n\u00e5got bra f\u00f6r milj\u00f6n, d\u00e5 de \u00e4r tillverkade av plast fr\u00e5n havet. HP samlar \u00e4ven in, \u00e5tervinner och \u00e5ters\u00e4ljer sina produkter i 74 l\u00e4nder v\u00e4rlden \u00f6ver. L\u00e4s mer om detta <a href=\"https:\/\/www8.hp.com\/us\/en\/hp-information\/environment\/product-recycling.html?jumpid=in_r138_us\/en\/corp\/sustainable_impact\/pillar-cross-section\/planet\">H\u00c4R<\/a>.<\/p>\n<p>F\u00e4rg: Gul<br \/>\nTillverkare: HP<br \/>\nSidkapacitet: ca 750 sidor<br \/>\nUtskriftsteknik: Bl\u00e4ckstr\u00e5leskrivare<br \/>\nMedf\u00f6ljer: Bl\u00e4ckpatron<\/p>\n<p>\u00d6vriga f\u00e4rger: <a href=\"https:\/\/www.heddata.se\/webbutik\/produkt\/hp-364xl-foto-svart\/\">364XL Svart (fotoutskrift)<\/a> <a href=\"https:\/\/www.heddata.se\/webbutik\/produkt\/hp-364xl-cyan-original-blackpatron\/\">364XL Cyan<\/a>, <a href=\"https:\/\/www.heddata.se\/webbutik\/produkt\/hp-364xl-magenta-blackpatron\/\">3<span style=\"font-size: 14.4px;\">64XL Magenta<\/span><\/a><span style=\"font-size: 14.4px;\">, <a href=\"https:\/\/www.heddata.se\/webbutik\/produkt\/hp-364xl-svart-blackpatron\/\">364XL Svart<\/a><\/span><\/p>\n<p>Kompatibel med:<\/p>\n<ul class=\"comp-device__list comp-device__list--is-closed\">\n<li class=\"comp-device__item\">HP Deskjet 3070A,<\/li>\n<li class=\"comp-device__item\">HP Deskjet 3520,<\/li>\n<li class=\"comp-device__item\">HP Deskjet 3522,<\/li>\n<li class=\"comp-device__item\">HP Deskjet 3524,<\/li>\n<li class=\"comp-device__item\">HP Officejet 4620,<\/li>\n<li class=\"comp-device__item\">HP Officejet 4622,<\/li>\n<li class=\"comp-device__item\">HP Photosmart 5510,<\/li>\n<li class=\"comp-device__item\">HP Photosmart 5514,<\/li>\n<li class=\"comp-device__item\">HP Photosmart 5515,<\/li>\n<li class=\"comp-device__item\">HP Photosmart 5520<\/li>\n<\/ul>\n","protected":false},"excerpt":{"rendered":"<p>HP 364XL Gul Original Bl\u00e4ckpatron (CB325EE)<\/p>\n","protected":false},"featured_media":3100,"template":"","meta":[],"product_brand":[],"product_cat":[87,61,91],"product_tag":[537,538,539,540,541,542,543,544,545,546],"class_list":{"0":"post-2509","1":"product","2":"type-product","3":"status-publish","4":"has-post-thumbnail","6":"product_cat-blackpatroner","7":"product_cat-blackpatroner-toners","8":"product_cat-hp-blackpatroner","9":"product_tag-hp-deskjet-3070a","10":"product_tag-hp-deskjet-3520","11":"product_tag-hp-deskjet-3522","12":"product_tag-hp-deskjet-3524","13":"product_tag-hp-officejet-4620","14":"product_tag-hp-officejet-4622","15":"product_tag-hp-photosmart-5510","16":"product_tag-hp-photosmart-5514","17":"product_tag-hp-photosmart-5515","18":"product_tag-hp-photosmart-5520","20":"first","21":"instock","22":"taxable","23":"shipping-taxable","24":"purchasable","25":"product-type-simple"},"yoast_head":"<!-- This site is optimized with the Yoast SEO Premium plugin v26.7 (Yoast SEO v26.7) - https:\/\/yoast.com\/wordpress\/plugins\/seo\/ -->\n<title>HP 364XL Gul Original h\u00f6gkvalitativ Bl\u00e4ckpatron (CB325EE)<\/title>\n<meta name=\"description\" content=\"HP 364XL Gul Original Bl\u00e4ckpatron (CB325EE). Denna bl\u00e4ckpatron \u00e4r tillverkad f\u00f6r att passa perfekt tillsammans med din HP-bl\u00e4ckstr\u00e5leskrivare\" \/>\n<meta name=\"robots\" content=\"index, follow, max-snippet:-1, max-image-preview:large, max-video-preview:-1\" \/>\n<link rel=\"canonical\" href=\"https:\/\/www.heddata.se\/webbutik\/produkt\/hp-364xl-gul-original-blackpatron\/\" \/>\n<meta property=\"og:locale\" content=\"sv_SE\" \/>\n<meta property=\"og:type\" content=\"article\" \/>\n<meta property=\"og:title\" content=\"HP 364XL Gul Original Bl\u00e4ckpatron (CB325EE)\" \/>\n<meta property=\"og:description\" content=\"HP 364XL Gul Original Bl\u00e4ckpatron (CB325EE). Denna bl\u00e4ckpatron \u00e4r tillverkad f\u00f6r att passa perfekt tillsammans med din HP-bl\u00e4ckstr\u00e5leskrivare\" \/>\n<meta property=\"og:url\" content=\"https:\/\/www.heddata.se\/webbutik\/produkt\/hp-364xl-gul-original-blackpatron\/\" \/>\n<meta property=\"og:site_name\" content=\"Datorer, Skrivare, F\u00e4rgpatroner, Mobiltelefoner\" \/>\n<meta property=\"article:modified_time\" content=\"2026-05-04T16:09:21+00:00\" \/>\n<meta property=\"og:image\" content=\"https:\/\/www.heddata.se\/webbutik\/wp-content\/uploads\/webbutik\/kategorier\/Bl\u00e4ckpatroner-toners\/hp-364xl-gul-original-blackpatron.jpg\" \/>\n\t<meta property=\"og:image:width\" content=\"1000\" \/>\n\t<meta property=\"og:image:height\" content=\"1000\" \/>\n\t<meta property=\"og:image:type\" content=\"image\/jpeg\" \/>\n<meta name=\"twitter:card\" content=\"summary_large_image\" \/>\n<meta name=\"twitter:label1\" content=\"Ber\u00e4knad l\u00e4stid\" \/>\n\t<meta name=\"twitter:data1\" content=\"1 minut\" \/>\n<script type=\"application\/ld+json\" class=\"yoast-schema-graph\">{\"@context\":\"https:\/\/schema.org\",\"@graph\":[{\"@type\":\"WebPage\",\"@id\":\"https:\/\/www.heddata.se\/webbutik\/produkt\/hp-364xl-gul-original-blackpatron\/\",\"url\":\"https:\/\/www.heddata.se\/webbutik\/produkt\/hp-364xl-gul-original-blackpatron\/\",\"name\":\"HP 364XL Gul Original h\u00f6gkvalitativ Bl\u00e4ckpatron (CB325EE)\",\"isPartOf\":{\"@id\":\"https:\/\/www.heddata.se\/webbutik\/#website\"},\"primaryImageOfPage\":{\"@id\":\"https:\/\/www.heddata.se\/webbutik\/produkt\/hp-364xl-gul-original-blackpatron\/#primaryimage\"},\"image\":{\"@id\":\"https:\/\/www.heddata.se\/webbutik\/produkt\/hp-364xl-gul-original-blackpatron\/#primaryimage\"},\"thumbnailUrl\":\"https:\/\/www.heddata.se\/webbutik\/wp-content\/uploads\/webbutik\/kategorier\/Bl\u00e4ckpatroner-toners\/hp-364xl-gul-original-blackpatron.jpg\",\"datePublished\":\"2019-10-07T06:17:27+00:00\",\"dateModified\":\"2026-05-04T16:09:21+00:00\",\"description\":\"HP 364XL Gul Original Bl\u00e4ckpatron (CB325EE). Denna bl\u00e4ckpatron \u00e4r tillverkad f\u00f6r att passa perfekt tillsammans med din HP-bl\u00e4ckstr\u00e5leskrivare\",\"breadcrumb\":{\"@id\":\"https:\/\/www.heddata.se\/webbutik\/produkt\/hp-364xl-gul-original-blackpatron\/#breadcrumb\"},\"inLanguage\":\"sv-SE\",\"potentialAction\":[{\"@type\":\"ReadAction\",\"target\":[\"https:\/\/www.heddata.se\/webbutik\/produkt\/hp-364xl-gul-original-blackpatron\/\"]}]},{\"@type\":\"ImageObject\",\"inLanguage\":\"sv-SE\",\"@id\":\"https:\/\/www.heddata.se\/webbutik\/produkt\/hp-364xl-gul-original-blackpatron\/#primaryimage\",\"url\":\"https:\/\/www.heddata.se\/webbutik\/wp-content\/uploads\/webbutik\/kategorier\/Bl\u00e4ckpatroner-toners\/hp-364xl-gul-original-blackpatron.jpg\",\"contentUrl\":\"https:\/\/www.heddata.se\/webbutik\/wp-content\/uploads\/webbutik\/kategorier\/Bl\u00e4ckpatroner-toners\/hp-364xl-gul-original-blackpatron.jpg\",\"width\":1000,\"height\":1000,\"caption\":\"HP 364XL Gul Original Bl\u00e4ckpatron (CB325EE)\"},{\"@type\":\"BreadcrumbList\",\"@id\":\"https:\/\/www.heddata.se\/webbutik\/produkt\/hp-364xl-gul-original-blackpatron\/#breadcrumb\",\"itemListElement\":[{\"@type\":\"ListItem\",\"position\":1,\"name\":\"Hem\",\"item\":\"https:\/\/www.heddata.se\/webbutik\/\"},{\"@type\":\"ListItem\",\"position\":2,\"name\":\"Produkter\",\"item\":\"https:\/\/www.heddata.se\/webbutik\/shop\/\"},{\"@type\":\"ListItem\",\"position\":3,\"name\":\"HP 364XL Gul Original Bl\u00e4ckpatron (CB325EE)\"}]},{\"@type\":\"WebSite\",\"@id\":\"https:\/\/www.heddata.se\/webbutik\/#website\",\"url\":\"https:\/\/www.heddata.se\/webbutik\/\",\"name\":\"Datorer, Skrivare, F\u00e4rgpatroner, Mobiltelefoner\",\"description\":\"Kablar\",\"publisher\":{\"@id\":\"https:\/\/www.heddata.se\/webbutik\/#organization\"},\"potentialAction\":[{\"@type\":\"SearchAction\",\"target\":{\"@type\":\"EntryPoint\",\"urlTemplate\":\"https:\/\/www.heddata.se\/webbutik\/?s={search_term_string}\"},\"query-input\":{\"@type\":\"PropertyValueSpecification\",\"valueRequired\":true,\"valueName\":\"search_term_string\"}}],\"inLanguage\":\"sv-SE\"},{\"@type\":\"Organization\",\"@id\":\"https:\/\/www.heddata.se\/webbutik\/#organization\",\"name\":\"Heddata AB\",\"url\":\"https:\/\/www.heddata.se\/webbutik\/\",\"logo\":{\"@type\":\"ImageObject\",\"inLanguage\":\"sv-SE\",\"@id\":\"https:\/\/www.heddata.se\/webbutik\/#\/schema\/logo\/image\/\",\"url\":\"https:\/\/www.heddata.se\/webbutik\/wp-content\/uploads\/logga\/heddata-ab-logga.png\",\"contentUrl\":\"https:\/\/www.heddata.se\/webbutik\/wp-content\/uploads\/logga\/heddata-ab-logga.png\",\"width\":200,\"height\":64,\"caption\":\"Heddata AB\"},\"image\":{\"@id\":\"https:\/\/www.heddata.se\/webbutik\/#\/schema\/logo\/image\/\"}}]}<\/script>\n<!-- \/ Yoast SEO Premium plugin. -->","yoast_head_json":{"title":"HP 364XL Gul Original h\u00f6gkvalitativ Bl\u00e4ckpatron (CB325EE)","description":"HP 364XL Gul Original Bl\u00e4ckpatron (CB325EE). Denna bl\u00e4ckpatron \u00e4r tillverkad f\u00f6r att passa perfekt tillsammans med din HP-bl\u00e4ckstr\u00e5leskrivare","robots":{"index":"index","follow":"follow","max-snippet":"max-snippet:-1","max-image-preview":"max-image-preview:large","max-video-preview":"max-video-preview:-1"},"canonical":"https:\/\/www.heddata.se\/webbutik\/produkt\/hp-364xl-gul-original-blackpatron\/","og_locale":"sv_SE","og_type":"article","og_title":"HP 364XL Gul Original Bl\u00e4ckpatron (CB325EE)","og_description":"HP 364XL Gul Original Bl\u00e4ckpatron (CB325EE). Denna bl\u00e4ckpatron \u00e4r tillverkad f\u00f6r att passa perfekt tillsammans med din HP-bl\u00e4ckstr\u00e5leskrivare","og_url":"https:\/\/www.heddata.se\/webbutik\/produkt\/hp-364xl-gul-original-blackpatron\/","og_site_name":"Datorer, Skrivare, F\u00e4rgpatroner, Mobiltelefoner","article_modified_time":"2026-05-04T16:09:21+00:00","og_image":[{"width":1000,"height":1000,"url":"https:\/\/www.heddata.se\/webbutik\/wp-content\/uploads\/webbutik\/kategorier\/Bl\u00e4ckpatroner-toners\/hp-364xl-gul-original-blackpatron.jpg","type":"image\/jpeg"}],"twitter_card":"summary_large_image","twitter_misc":{"Ber\u00e4knad l\u00e4stid":"1 minut"},"schema":{"@context":"https:\/\/schema.org","@graph":[{"@type":"WebPage","@id":"https:\/\/www.heddata.se\/webbutik\/produkt\/hp-364xl-gul-original-blackpatron\/","url":"https:\/\/www.heddata.se\/webbutik\/produkt\/hp-364xl-gul-original-blackpatron\/","name":"HP 364XL Gul Original h\u00f6gkvalitativ Bl\u00e4ckpatron (CB325EE)","isPartOf":{"@id":"https:\/\/www.heddata.se\/webbutik\/#website"},"primaryImageOfPage":{"@id":"https:\/\/www.heddata.se\/webbutik\/produkt\/hp-364xl-gul-original-blackpatron\/#primaryimage"},"image":{"@id":"https:\/\/www.heddata.se\/webbutik\/produkt\/hp-364xl-gul-original-blackpatron\/#primaryimage"},"thumbnailUrl":"https:\/\/www.heddata.se\/webbutik\/wp-content\/uploads\/webbutik\/kategorier\/Bl\u00e4ckpatroner-toners\/hp-364xl-gul-original-blackpatron.jpg","datePublished":"2019-10-07T06:17:27+00:00","dateModified":"2026-05-04T16:09:21+00:00","description":"HP 364XL Gul Original Bl\u00e4ckpatron (CB325EE). Denna bl\u00e4ckpatron \u00e4r tillverkad f\u00f6r att passa perfekt tillsammans med din HP-bl\u00e4ckstr\u00e5leskrivare","breadcrumb":{"@id":"https:\/\/www.heddata.se\/webbutik\/produkt\/hp-364xl-gul-original-blackpatron\/#breadcrumb"},"inLanguage":"sv-SE","potentialAction":[{"@type":"ReadAction","target":["https:\/\/www.heddata.se\/webbutik\/produkt\/hp-364xl-gul-original-blackpatron\/"]}]},{"@type":"ImageObject","inLanguage":"sv-SE","@id":"https:\/\/www.heddata.se\/webbutik\/produkt\/hp-364xl-gul-original-blackpatron\/#primaryimage","url":"https:\/\/www.heddata.se\/webbutik\/wp-content\/uploads\/webbutik\/kategorier\/Bl\u00e4ckpatroner-toners\/hp-364xl-gul-original-blackpatron.jpg","contentUrl":"https:\/\/www.heddata.se\/webbutik\/wp-content\/uploads\/webbutik\/kategorier\/Bl\u00e4ckpatroner-toners\/hp-364xl-gul-original-blackpatron.jpg","width":1000,"height":1000,"caption":"HP 364XL Gul Original Bl\u00e4ckpatron (CB325EE)"},{"@type":"BreadcrumbList","@id":"https:\/\/www.heddata.se\/webbutik\/produkt\/hp-364xl-gul-original-blackpatron\/#breadcrumb","itemListElement":[{"@type":"ListItem","position":1,"name":"Hem","item":"https:\/\/www.heddata.se\/webbutik\/"},{"@type":"ListItem","position":2,"name":"Produkter","item":"https:\/\/www.heddata.se\/webbutik\/shop\/"},{"@type":"ListItem","position":3,"name":"HP 364XL Gul Original Bl\u00e4ckpatron (CB325EE)"}]},{"@type":"WebSite","@id":"https:\/\/www.heddata.se\/webbutik\/#website","url":"https:\/\/www.heddata.se\/webbutik\/","name":"Datorer, Skrivare, F\u00e4rgpatroner, Mobiltelefoner","description":"Kablar","publisher":{"@id":"https:\/\/www.heddata.se\/webbutik\/#organization"},"potentialAction":[{"@type":"SearchAction","target":{"@type":"EntryPoint","urlTemplate":"https:\/\/www.heddata.se\/webbutik\/?s={search_term_string}"},"query-input":{"@type":"PropertyValueSpecification","valueRequired":true,"valueName":"search_term_string"}}],"inLanguage":"sv-SE"},{"@type":"Organization","@id":"https:\/\/www.heddata.se\/webbutik\/#organization","name":"Heddata AB","url":"https:\/\/www.heddata.se\/webbutik\/","logo":{"@type":"ImageObject","inLanguage":"sv-SE","@id":"https:\/\/www.heddata.se\/webbutik\/#\/schema\/logo\/image\/","url":"https:\/\/www.heddata.se\/webbutik\/wp-content\/uploads\/logga\/heddata-ab-logga.png","contentUrl":"https:\/\/www.heddata.se\/webbutik\/wp-content\/uploads\/logga\/heddata-ab-logga.png","width":200,"height":64,"caption":"Heddata AB"},"image":{"@id":"https:\/\/www.heddata.se\/webbutik\/#\/schema\/logo\/image\/"}}]}},"_links":{"self":[{"href":"https:\/\/www.heddata.se\/webbutik\/wp-json\/wp\/v2\/product\/2509","targetHints":{"allow":["GET"]}}],"collection":[{"href":"https:\/\/www.heddata.se\/webbutik\/wp-json\/wp\/v2\/product"}],"about":[{"href":"https:\/\/www.heddata.se\/webbutik\/wp-json\/wp\/v2\/types\/product"}],"wp:featuredmedia":[{"embeddable":true,"href":"https:\/\/www.heddata.se\/webbutik\/wp-json\/wp\/v2\/media\/3100"}],"wp:attachment":[{"href":"https:\/\/www.heddata.se\/webbutik\/wp-json\/wp\/v2\/media?parent=2509"}],"wp:term":[{"taxonomy":"product_brand","embeddable":true,"href":"https:\/\/www.heddata.se\/webbutik\/wp-json\/wp\/v2\/product_brand?post=2509"},{"taxonomy":"product_cat","embeddable":true,"href":"https:\/\/www.heddata.se\/webbutik\/wp-json\/wp\/v2\/product_cat?post=2509"},{"taxonomy":"product_tag","embeddable":true,"href":"https:\/\/www.heddata.se\/webbutik\/wp-json\/wp\/v2\/product_tag?post=2509"}],"curies":[{"name":"wp","href":"https:\/\/api.w.org\/{rel}","templated":true}]}}