{"id":2487,"date":"2019-10-07T08:17:25","date_gmt":"2019-10-07T06:17:25","guid":{"rendered":"https:\/\/www.heddata.se\/webbutik\/produkt\/hp-no-28-tri-colour-ink-cartri\/"},"modified":"2026-05-04T18:09:14","modified_gmt":"2026-05-04T16:09:14","slug":"hp-28-trefargad-original","status":"publish","type":"product","link":"https:\/\/www.heddata.se\/webbutik\/produkt\/hp-28-trefargad-original\/","title":{"rendered":"HP 28 Tref\u00e4rg Original Bl\u00e4ckpatron"},"content":{"rendered":"<p>HP 28 Tref\u00e4rgad. Denna <a href=\"https:\/\/www.heddata.se\/webbutik\/blackpatroner-toners\/blackpatroner\/\">bl\u00e4ckpatron<\/a> \u00e4r framtagen av tillverkaren av din <a href=\"https:\/\/www8.hp.com\/se\/sv\/home.html\" target=\"_blank\" rel=\"noopener noreferrer\">HP<\/a>-skrivare f\u00f6r att de ska kunna jobba felfritt ihop.<\/p>\n<ul>\n<li>F\u00e4rg: Tref\u00e4rgad Cyan, Magenta, Gul<\/li>\n<li>Avkastning: Ca 190 sidor<\/li>\n<li>M\u00e4ngd bl\u00e4ck: 8ml<\/li>\n<li>Utskriftsteknik: <a href=\"https:\/\/www.heddata.se\/webbutik\/skrivare-blackstrale-monolaser\/blackstraleskrivare\/\">Bl\u00e4ckstr\u00e5le<\/a><\/li>\n<\/ul>\n<p>Kompatibel med: HP Deskjet 3320, HP Deskjet 3325, HP Deskjet 3420, HP Deskjet 3425, HP Deskjet 3450, HP Deskjet 3520, HP Deskjet 3535, HP Deskjet 3550, HP Deskjet 3620, HP Deskjet 3650, HP Deskjet 3651, HP Deskjet 3740, HP Deskjet 3745, HP Deskjet 3747, HP Deskjet 3843, HP Deskjet 3845, HP Deskjet 3847, Fax 1240, HP Officejet 4105, HP Officejet 4110, HP Officejet 4115, HP Officejet 4211, HP Officejet 4212, HP Officejet 4215, HP Officejet 4219, HP Officejet 4251, HP Officejet 4252, HP Officejet 4255, HP Officejet 4259<\/p>\n","protected":false},"excerpt":{"rendered":"<p>HP 28 tref\u00e4rgad Original Bl\u00e4ckpatron<\/p>\n","protected":false},"featured_media":4830,"template":"","meta":[],"product_brand":[],"product_cat":[87,61,91],"product_tag":[746,730,731,732,733,734,538,735,736,737,738,739,740,741,742,743,744,745,747,748,749,750,751,752,753,754,755,756,757],"class_list":{"0":"post-2487","1":"product","2":"type-product","3":"status-publish","4":"has-post-thumbnail","6":"product_cat-blackpatroner","7":"product_cat-blackpatroner-toners","8":"product_cat-hp-blackpatroner","9":"product_tag-fax-1240","10":"product_tag-hp-deskjet-3320","11":"product_tag-hp-deskjet-3325","12":"product_tag-hp-deskjet-3420","13":"product_tag-hp-deskjet-3425","14":"product_tag-hp-deskjet-3450","15":"product_tag-hp-deskjet-3520","16":"product_tag-hp-deskjet-3535","17":"product_tag-hp-deskjet-3550","18":"product_tag-hp-deskjet-3620","19":"product_tag-hp-deskjet-3650","20":"product_tag-hp-deskjet-3651","21":"product_tag-hp-deskjet-3740","22":"product_tag-hp-deskjet-3745","23":"product_tag-hp-deskjet-3747","24":"product_tag-hp-deskjet-3843","25":"product_tag-hp-deskjet-3845","26":"product_tag-hp-deskjet-3847","27":"product_tag-hp-officejet-4105","28":"product_tag-hp-officejet-4110","29":"product_tag-hp-officejet-4115","30":"product_tag-hp-officejet-4211","31":"product_tag-hp-officejet-4212","32":"product_tag-hp-officejet-4215","33":"product_tag-hp-officejet-4219","34":"product_tag-hp-officejet-4251","35":"product_tag-hp-officejet-4252","36":"product_tag-hp-officejet-4255","37":"product_tag-hp-officejet-4259","39":"first","40":"instock","41":"taxable","42":"shipping-taxable","43":"purchasable","44":"product-type-simple"},"yoast_head":"<!-- This site is optimized with the Yoast SEO Premium plugin v26.7 (Yoast SEO v26.7) - https:\/\/yoast.com\/wordpress\/plugins\/seo\/ -->\n<title>HP 28 Tref\u00e4rgad Original Bl\u00e4ckpatron med \u00e4kta bl\u00e4ck fr\u00e5n HP<\/title>\n<meta name=\"description\" content=\"HP 28 Tref\u00e4rgad Original Bl\u00e4ckpatron. Denna bl\u00e4ckpatron \u00e4r framtagen av tillverkaren av din HP-skrivare f\u00f6r att de ska kunna jobba felfritt ihop.\" \/>\n<meta name=\"robots\" content=\"index, follow, max-snippet:-1, max-image-preview:large, max-video-preview:-1\" \/>\n<link rel=\"canonical\" href=\"https:\/\/www.heddata.se\/webbutik\/produkt\/hp-28-trefargad-original\/\" \/>\n<meta property=\"og:locale\" content=\"sv_SE\" \/>\n<meta property=\"og:type\" content=\"article\" \/>\n<meta property=\"og:title\" content=\"HP 28 Tref\u00e4rg Original Bl\u00e4ckpatron\" \/>\n<meta property=\"og:description\" content=\"HP 28 Tref\u00e4rgad Original Bl\u00e4ckpatron. Denna bl\u00e4ckpatron \u00e4r framtagen av tillverkaren av din HP-skrivare f\u00f6r att de ska kunna jobba felfritt ihop.\" \/>\n<meta property=\"og:url\" content=\"https:\/\/www.heddata.se\/webbutik\/produkt\/hp-28-trefargad-original\/\" \/>\n<meta property=\"og:site_name\" content=\"Datorer, Skrivare, F\u00e4rgpatroner, Mobiltelefoner\" \/>\n<meta property=\"article:modified_time\" content=\"2026-05-04T16:09:14+00:00\" \/>\n<meta property=\"og:image\" content=\"https:\/\/www.heddata.se\/webbutik\/wp-content\/uploads\/webbutik\/kategorier\/Blackpatroner-toners\/hp-28-trefargad-original-blackpatron.png\" \/>\n\t<meta property=\"og:image:width\" content=\"1006\" \/>\n\t<meta property=\"og:image:height\" content=\"1166\" \/>\n\t<meta property=\"og:image:type\" content=\"image\/png\" \/>\n<meta name=\"twitter:card\" content=\"summary_large_image\" \/>\n<meta name=\"twitter:label1\" content=\"Ber\u00e4knad l\u00e4stid\" \/>\n\t<meta name=\"twitter:data1\" content=\"1 minut\" \/>\n<script type=\"application\/ld+json\" class=\"yoast-schema-graph\">{\"@context\":\"https:\/\/schema.org\",\"@graph\":[{\"@type\":\"WebPage\",\"@id\":\"https:\/\/www.heddata.se\/webbutik\/produkt\/hp-28-trefargad-original\/\",\"url\":\"https:\/\/www.heddata.se\/webbutik\/produkt\/hp-28-trefargad-original\/\",\"name\":\"HP 28 Tref\u00e4rgad Original Bl\u00e4ckpatron med \u00e4kta bl\u00e4ck fr\u00e5n HP\",\"isPartOf\":{\"@id\":\"https:\/\/www.heddata.se\/webbutik\/#website\"},\"primaryImageOfPage\":{\"@id\":\"https:\/\/www.heddata.se\/webbutik\/produkt\/hp-28-trefargad-original\/#primaryimage\"},\"image\":{\"@id\":\"https:\/\/www.heddata.se\/webbutik\/produkt\/hp-28-trefargad-original\/#primaryimage\"},\"thumbnailUrl\":\"https:\/\/www.heddata.se\/webbutik\/wp-content\/uploads\/webbutik\/kategorier\/Blackpatroner-toners\/hp-28-trefargad-original-blackpatron.png\",\"datePublished\":\"2019-10-07T06:17:25+00:00\",\"dateModified\":\"2026-05-04T16:09:14+00:00\",\"description\":\"HP 28 Tref\u00e4rgad Original Bl\u00e4ckpatron. Denna bl\u00e4ckpatron \u00e4r framtagen av tillverkaren av din HP-skrivare f\u00f6r att de ska kunna jobba felfritt ihop.\",\"breadcrumb\":{\"@id\":\"https:\/\/www.heddata.se\/webbutik\/produkt\/hp-28-trefargad-original\/#breadcrumb\"},\"inLanguage\":\"sv-SE\",\"potentialAction\":[{\"@type\":\"ReadAction\",\"target\":[\"https:\/\/www.heddata.se\/webbutik\/produkt\/hp-28-trefargad-original\/\"]}]},{\"@type\":\"ImageObject\",\"inLanguage\":\"sv-SE\",\"@id\":\"https:\/\/www.heddata.se\/webbutik\/produkt\/hp-28-trefargad-original\/#primaryimage\",\"url\":\"https:\/\/www.heddata.se\/webbutik\/wp-content\/uploads\/webbutik\/kategorier\/Blackpatroner-toners\/hp-28-trefargad-original-blackpatron.png\",\"contentUrl\":\"https:\/\/www.heddata.se\/webbutik\/wp-content\/uploads\/webbutik\/kategorier\/Blackpatroner-toners\/hp-28-trefargad-original-blackpatron.png\",\"width\":1006,\"height\":1166,\"caption\":\"HP 28 Tref\u00e4rgad Original Bl\u00e4ckpatron\"},{\"@type\":\"BreadcrumbList\",\"@id\":\"https:\/\/www.heddata.se\/webbutik\/produkt\/hp-28-trefargad-original\/#breadcrumb\",\"itemListElement\":[{\"@type\":\"ListItem\",\"position\":1,\"name\":\"Hem\",\"item\":\"https:\/\/www.heddata.se\/webbutik\/\"},{\"@type\":\"ListItem\",\"position\":2,\"name\":\"Produkter\",\"item\":\"https:\/\/www.heddata.se\/webbutik\/shop\/\"},{\"@type\":\"ListItem\",\"position\":3,\"name\":\"HP 28 Tref\u00e4rg Original Bl\u00e4ckpatron\"}]},{\"@type\":\"WebSite\",\"@id\":\"https:\/\/www.heddata.se\/webbutik\/#website\",\"url\":\"https:\/\/www.heddata.se\/webbutik\/\",\"name\":\"Datorer, Skrivare, F\u00e4rgpatroner, Mobiltelefoner\",\"description\":\"Kablar\",\"publisher\":{\"@id\":\"https:\/\/www.heddata.se\/webbutik\/#organization\"},\"potentialAction\":[{\"@type\":\"SearchAction\",\"target\":{\"@type\":\"EntryPoint\",\"urlTemplate\":\"https:\/\/www.heddata.se\/webbutik\/?s={search_term_string}\"},\"query-input\":{\"@type\":\"PropertyValueSpecification\",\"valueRequired\":true,\"valueName\":\"search_term_string\"}}],\"inLanguage\":\"sv-SE\"},{\"@type\":\"Organization\",\"@id\":\"https:\/\/www.heddata.se\/webbutik\/#organization\",\"name\":\"Heddata AB\",\"url\":\"https:\/\/www.heddata.se\/webbutik\/\",\"logo\":{\"@type\":\"ImageObject\",\"inLanguage\":\"sv-SE\",\"@id\":\"https:\/\/www.heddata.se\/webbutik\/#\/schema\/logo\/image\/\",\"url\":\"https:\/\/www.heddata.se\/webbutik\/wp-content\/uploads\/logga\/heddata-ab-logga.png\",\"contentUrl\":\"https:\/\/www.heddata.se\/webbutik\/wp-content\/uploads\/logga\/heddata-ab-logga.png\",\"width\":200,\"height\":64,\"caption\":\"Heddata AB\"},\"image\":{\"@id\":\"https:\/\/www.heddata.se\/webbutik\/#\/schema\/logo\/image\/\"}}]}<\/script>\n<!-- \/ Yoast SEO Premium plugin. -->","yoast_head_json":{"title":"HP 28 Tref\u00e4rgad Original Bl\u00e4ckpatron med \u00e4kta bl\u00e4ck fr\u00e5n HP","description":"HP 28 Tref\u00e4rgad Original Bl\u00e4ckpatron. Denna bl\u00e4ckpatron \u00e4r framtagen av tillverkaren av din HP-skrivare f\u00f6r att de ska kunna jobba felfritt ihop.","robots":{"index":"index","follow":"follow","max-snippet":"max-snippet:-1","max-image-preview":"max-image-preview:large","max-video-preview":"max-video-preview:-1"},"canonical":"https:\/\/www.heddata.se\/webbutik\/produkt\/hp-28-trefargad-original\/","og_locale":"sv_SE","og_type":"article","og_title":"HP 28 Tref\u00e4rg Original Bl\u00e4ckpatron","og_description":"HP 28 Tref\u00e4rgad Original Bl\u00e4ckpatron. Denna bl\u00e4ckpatron \u00e4r framtagen av tillverkaren av din HP-skrivare f\u00f6r att de ska kunna jobba felfritt ihop.","og_url":"https:\/\/www.heddata.se\/webbutik\/produkt\/hp-28-trefargad-original\/","og_site_name":"Datorer, Skrivare, F\u00e4rgpatroner, Mobiltelefoner","article_modified_time":"2026-05-04T16:09:14+00:00","og_image":[{"width":1006,"height":1166,"url":"https:\/\/www.heddata.se\/webbutik\/wp-content\/uploads\/webbutik\/kategorier\/Blackpatroner-toners\/hp-28-trefargad-original-blackpatron.png","type":"image\/png"}],"twitter_card":"summary_large_image","twitter_misc":{"Ber\u00e4knad l\u00e4stid":"1 minut"},"schema":{"@context":"https:\/\/schema.org","@graph":[{"@type":"WebPage","@id":"https:\/\/www.heddata.se\/webbutik\/produkt\/hp-28-trefargad-original\/","url":"https:\/\/www.heddata.se\/webbutik\/produkt\/hp-28-trefargad-original\/","name":"HP 28 Tref\u00e4rgad Original Bl\u00e4ckpatron med \u00e4kta bl\u00e4ck fr\u00e5n HP","isPartOf":{"@id":"https:\/\/www.heddata.se\/webbutik\/#website"},"primaryImageOfPage":{"@id":"https:\/\/www.heddata.se\/webbutik\/produkt\/hp-28-trefargad-original\/#primaryimage"},"image":{"@id":"https:\/\/www.heddata.se\/webbutik\/produkt\/hp-28-trefargad-original\/#primaryimage"},"thumbnailUrl":"https:\/\/www.heddata.se\/webbutik\/wp-content\/uploads\/webbutik\/kategorier\/Blackpatroner-toners\/hp-28-trefargad-original-blackpatron.png","datePublished":"2019-10-07T06:17:25+00:00","dateModified":"2026-05-04T16:09:14+00:00","description":"HP 28 Tref\u00e4rgad Original Bl\u00e4ckpatron. Denna bl\u00e4ckpatron \u00e4r framtagen av tillverkaren av din HP-skrivare f\u00f6r att de ska kunna jobba felfritt ihop.","breadcrumb":{"@id":"https:\/\/www.heddata.se\/webbutik\/produkt\/hp-28-trefargad-original\/#breadcrumb"},"inLanguage":"sv-SE","potentialAction":[{"@type":"ReadAction","target":["https:\/\/www.heddata.se\/webbutik\/produkt\/hp-28-trefargad-original\/"]}]},{"@type":"ImageObject","inLanguage":"sv-SE","@id":"https:\/\/www.heddata.se\/webbutik\/produkt\/hp-28-trefargad-original\/#primaryimage","url":"https:\/\/www.heddata.se\/webbutik\/wp-content\/uploads\/webbutik\/kategorier\/Blackpatroner-toners\/hp-28-trefargad-original-blackpatron.png","contentUrl":"https:\/\/www.heddata.se\/webbutik\/wp-content\/uploads\/webbutik\/kategorier\/Blackpatroner-toners\/hp-28-trefargad-original-blackpatron.png","width":1006,"height":1166,"caption":"HP 28 Tref\u00e4rgad Original Bl\u00e4ckpatron"},{"@type":"BreadcrumbList","@id":"https:\/\/www.heddata.se\/webbutik\/produkt\/hp-28-trefargad-original\/#breadcrumb","itemListElement":[{"@type":"ListItem","position":1,"name":"Hem","item":"https:\/\/www.heddata.se\/webbutik\/"},{"@type":"ListItem","position":2,"name":"Produkter","item":"https:\/\/www.heddata.se\/webbutik\/shop\/"},{"@type":"ListItem","position":3,"name":"HP 28 Tref\u00e4rg Original Bl\u00e4ckpatron"}]},{"@type":"WebSite","@id":"https:\/\/www.heddata.se\/webbutik\/#website","url":"https:\/\/www.heddata.se\/webbutik\/","name":"Datorer, Skrivare, F\u00e4rgpatroner, Mobiltelefoner","description":"Kablar","publisher":{"@id":"https:\/\/www.heddata.se\/webbutik\/#organization"},"potentialAction":[{"@type":"SearchAction","target":{"@type":"EntryPoint","urlTemplate":"https:\/\/www.heddata.se\/webbutik\/?s={search_term_string}"},"query-input":{"@type":"PropertyValueSpecification","valueRequired":true,"valueName":"search_term_string"}}],"inLanguage":"sv-SE"},{"@type":"Organization","@id":"https:\/\/www.heddata.se\/webbutik\/#organization","name":"Heddata AB","url":"https:\/\/www.heddata.se\/webbutik\/","logo":{"@type":"ImageObject","inLanguage":"sv-SE","@id":"https:\/\/www.heddata.se\/webbutik\/#\/schema\/logo\/image\/","url":"https:\/\/www.heddata.se\/webbutik\/wp-content\/uploads\/logga\/heddata-ab-logga.png","contentUrl":"https:\/\/www.heddata.se\/webbutik\/wp-content\/uploads\/logga\/heddata-ab-logga.png","width":200,"height":64,"caption":"Heddata AB"},"image":{"@id":"https:\/\/www.heddata.se\/webbutik\/#\/schema\/logo\/image\/"}}]}},"_links":{"self":[{"href":"https:\/\/www.heddata.se\/webbutik\/wp-json\/wp\/v2\/product\/2487","targetHints":{"allow":["GET"]}}],"collection":[{"href":"https:\/\/www.heddata.se\/webbutik\/wp-json\/wp\/v2\/product"}],"about":[{"href":"https:\/\/www.heddata.se\/webbutik\/wp-json\/wp\/v2\/types\/product"}],"wp:featuredmedia":[{"embeddable":true,"href":"https:\/\/www.heddata.se\/webbutik\/wp-json\/wp\/v2\/media\/4830"}],"wp:attachment":[{"href":"https:\/\/www.heddata.se\/webbutik\/wp-json\/wp\/v2\/media?parent=2487"}],"wp:term":[{"taxonomy":"product_brand","embeddable":true,"href":"https:\/\/www.heddata.se\/webbutik\/wp-json\/wp\/v2\/product_brand?post=2487"},{"taxonomy":"product_cat","embeddable":true,"href":"https:\/\/www.heddata.se\/webbutik\/wp-json\/wp\/v2\/product_cat?post=2487"},{"taxonomy":"product_tag","embeddable":true,"href":"https:\/\/www.heddata.se\/webbutik\/wp-json\/wp\/v2\/product_tag?post=2487"}],"curies":[{"name":"wp","href":"https:\/\/api.w.org\/{rel}","templated":true}]}}