{"id":2456,"date":"2019-10-07T08:17:20","date_gmt":"2019-10-07T06:17:20","guid":{"rendered":"https:\/\/www.heddata.se\/webbutik\/produkt\/ozone-strike-pro-keyboard-cherry-red-led-nordic\/"},"modified":"2026-04-17T18:19:56","modified_gmt":"2026-04-17T16:19:56","slug":"ozone-strike-pro-keyboard-cherry-red-led-nordic","status":"publish","type":"product","link":"https:\/\/www.heddata.se\/webbutik\/produkt\/ozone-strike-pro-keyboard-cherry-red-led-nordic\/","title":{"rendered":"Ozone Strike Pro Keyboard Cherry Red Led &#8211; Nordic"},"content":{"rendered":"<p>Ozone Strike Pro Keyboard<\/p>\n<p><b>Stark, snabb, exakt, konfigurerbar, p\u00e5litlig, intuitiv och bekv\u00e4m<\/b><\/p>\n<p><a href=\"https:\/\/www.ozonegaming.com\/\" target=\"_blank\" rel=\"noopener noreferrer\">Ozone<\/a> Strike Pro Keyboard leder utvecklingen av spel p\u00e5 sitt b\u00e4sta. Fr\u00e5n den matchl\u00f6sa taktila k\u00e4nslan av dess tangenter, till de fantastiska LED-bakgrundsbelysningarna, \u00e4r allt i Strike Pro riktat mot spel.<\/p>\n<p>K\u00e4nsligheten \u00e4r inte of\u00f6renlig med precision.\u00a0Kontrollen \u00e4r inte isolerad fr\u00e5n hastigheten.\u00a0Det nya Ozone-<a href=\"https:\/\/www.heddata.se\/webbutik\/datorer\/moss-tangentbord\/\">tangentbordet<\/a>, Strike Pro, kombinerar k\u00e4nslighet, precision, kontroll och hastighet f\u00f6r att underl\u00e4tta interaktion.<\/p>\n<p><b>Justera<\/b><\/p>\n<p>pollingsfrekvensen justera omedelbart pollingsfrekvens: 125 Hz &#8211; 250 Hz &#8211; 500 Hz -1000 Hz.<\/p>\n<p><b>L\u00e4ttillg\u00e4ngliga mediatangenter<\/b><\/p>\n<p>Oavsett om det \u00e4r ljud eller video kan du direkt kontrollera volym, ljud och andra ljudfunktioner.<\/p>\n<p><b>G-MODE-funktion<\/b><\/p>\n<p>Alternativet Spell\u00e4ge till\u00e5ter dig att inaktivera Windows-tangenten n\u00e4r du \u00e4r i mitten av handlingen.<\/p>\n<p><b>6 MACRO-tangenter<\/b><\/p>\n<p>F\u00f6r att passa varje spel och spelare kan du spara upp till 30 olika konfigurationer.<\/p>\n<p><b>Anti-Ghosting-kapacitet<\/b><\/p>\n<p>Felfri kontroll n\u00e4r du trycker p\u00e5 flera tangenter samtidigt.<\/p>\n<p><b>L\u00e4ttillg\u00e4ngliga mediatangenter<\/b><\/p>\n<p>Oavsett om det \u00e4r ljud eller video kan du direkt kontrollera volym, ljud och andra ljudfunktioner.<\/p>\n","protected":false},"excerpt":{"rendered":"<p>Ozone Strike Pro Keyboard<\/p>\n","protected":false},"featured_media":15620,"template":"","meta":[],"product_brand":[],"product_cat":[66,113],"product_tag":[35,3027],"class_list":{"0":"post-2456","1":"product","2":"type-product","3":"status-publish","4":"has-post-thumbnail","6":"product_cat-gaming","7":"product_cat-tangentbord","8":"product_tag-gaming","9":"product_tag-tangentbord","11":"first","12":"outofstock","13":"taxable","14":"shipping-taxable","15":"product-type-simple"},"yoast_head":"<!-- This site is optimized with the Yoast SEO Premium plugin v26.7 (Yoast SEO v26.7) - https:\/\/yoast.com\/wordpress\/plugins\/seo\/ -->\n<title>Ozone Strike Pro Keyboard Cherry Red Led - Nordic<\/title>\n<meta name=\"description\" content=\"Ozone Strike Pro Keyboard. Stark, snabb, exakt, konfigurerbar, p\u00e5litlig, intuitiv och bekv\u00e4m. Felfri kontroll n\u00e4r du trycker p\u00e5 flera tangenter samtidigt.\" \/>\n<meta name=\"robots\" content=\"index, follow, max-snippet:-1, max-image-preview:large, max-video-preview:-1\" \/>\n<link rel=\"canonical\" href=\"https:\/\/www.heddata.se\/webbutik\/produkt\/ozone-strike-pro-keyboard-cherry-red-led-nordic\/\" \/>\n<meta property=\"og:locale\" content=\"sv_SE\" \/>\n<meta property=\"og:type\" content=\"article\" \/>\n<meta property=\"og:title\" content=\"Ozone Strike Pro Keyboard Cherry Red Led - Nordic\" \/>\n<meta property=\"og:description\" content=\"Ozone Strike Pro Keyboard. Stark, snabb, exakt, konfigurerbar, p\u00e5litlig, intuitiv och bekv\u00e4m. Felfri kontroll n\u00e4r du trycker p\u00e5 flera tangenter samtidigt.\" \/>\n<meta property=\"og:url\" content=\"https:\/\/www.heddata.se\/webbutik\/produkt\/ozone-strike-pro-keyboard-cherry-red-led-nordic\/\" \/>\n<meta property=\"og:site_name\" content=\"Datorer, Skrivare, F\u00e4rgpatroner, Mobiltelefoner\" \/>\n<meta property=\"article:modified_time\" content=\"2026-04-17T16:19:56+00:00\" \/>\n<meta property=\"og:image\" content=\"https:\/\/www.heddata.se\/webbutik\/wp-content\/uploads\/webbutik\/kategorier\/Gaming\/Ozone-Strike-Pro-Keyboard-Cherry-Red-Led-Nordic-1.jpg\" \/>\n\t<meta property=\"og:image:width\" content=\"709\" \/>\n\t<meta property=\"og:image:height\" content=\"709\" \/>\n\t<meta property=\"og:image:type\" content=\"image\/jpeg\" \/>\n<meta name=\"twitter:card\" content=\"summary_large_image\" \/>\n<meta name=\"twitter:label1\" content=\"Ber\u00e4knad l\u00e4stid\" \/>\n\t<meta name=\"twitter:data1\" content=\"1 minut\" \/>\n<script type=\"application\/ld+json\" class=\"yoast-schema-graph\">{\"@context\":\"https:\/\/schema.org\",\"@graph\":[{\"@type\":\"WebPage\",\"@id\":\"https:\/\/www.heddata.se\/webbutik\/produkt\/ozone-strike-pro-keyboard-cherry-red-led-nordic\/\",\"url\":\"https:\/\/www.heddata.se\/webbutik\/produkt\/ozone-strike-pro-keyboard-cherry-red-led-nordic\/\",\"name\":\"Ozone Strike Pro Keyboard Cherry Red Led - Nordic\",\"isPartOf\":{\"@id\":\"https:\/\/www.heddata.se\/webbutik\/#website\"},\"primaryImageOfPage\":{\"@id\":\"https:\/\/www.heddata.se\/webbutik\/produkt\/ozone-strike-pro-keyboard-cherry-red-led-nordic\/#primaryimage\"},\"image\":{\"@id\":\"https:\/\/www.heddata.se\/webbutik\/produkt\/ozone-strike-pro-keyboard-cherry-red-led-nordic\/#primaryimage\"},\"thumbnailUrl\":\"https:\/\/www.heddata.se\/webbutik\/wp-content\/uploads\/webbutik\/kategorier\/Gaming\/Ozone-Strike-Pro-Keyboard-Cherry-Red-Led-Nordic-1.jpg\",\"datePublished\":\"2019-10-07T06:17:20+00:00\",\"dateModified\":\"2026-04-17T16:19:56+00:00\",\"description\":\"Ozone Strike Pro Keyboard. Stark, snabb, exakt, konfigurerbar, p\u00e5litlig, intuitiv och bekv\u00e4m. Felfri kontroll n\u00e4r du trycker p\u00e5 flera tangenter samtidigt.\",\"breadcrumb\":{\"@id\":\"https:\/\/www.heddata.se\/webbutik\/produkt\/ozone-strike-pro-keyboard-cherry-red-led-nordic\/#breadcrumb\"},\"inLanguage\":\"sv-SE\",\"potentialAction\":[{\"@type\":\"ReadAction\",\"target\":[\"https:\/\/www.heddata.se\/webbutik\/produkt\/ozone-strike-pro-keyboard-cherry-red-led-nordic\/\"]}]},{\"@type\":\"ImageObject\",\"inLanguage\":\"sv-SE\",\"@id\":\"https:\/\/www.heddata.se\/webbutik\/produkt\/ozone-strike-pro-keyboard-cherry-red-led-nordic\/#primaryimage\",\"url\":\"https:\/\/www.heddata.se\/webbutik\/wp-content\/uploads\/webbutik\/kategorier\/Gaming\/Ozone-Strike-Pro-Keyboard-Cherry-Red-Led-Nordic-1.jpg\",\"contentUrl\":\"https:\/\/www.heddata.se\/webbutik\/wp-content\/uploads\/webbutik\/kategorier\/Gaming\/Ozone-Strike-Pro-Keyboard-Cherry-Red-Led-Nordic-1.jpg\",\"width\":709,\"height\":709,\"caption\":\"Ozone Strike Pro Keyboard Cherry Red Led - Nordic\"},{\"@type\":\"BreadcrumbList\",\"@id\":\"https:\/\/www.heddata.se\/webbutik\/produkt\/ozone-strike-pro-keyboard-cherry-red-led-nordic\/#breadcrumb\",\"itemListElement\":[{\"@type\":\"ListItem\",\"position\":1,\"name\":\"Hem\",\"item\":\"https:\/\/www.heddata.se\/webbutik\/\"},{\"@type\":\"ListItem\",\"position\":2,\"name\":\"Produkter\",\"item\":\"https:\/\/www.heddata.se\/webbutik\/shop\/\"},{\"@type\":\"ListItem\",\"position\":3,\"name\":\"Ozone Strike Pro Keyboard Cherry Red Led &#8211; Nordic\"}]},{\"@type\":\"WebSite\",\"@id\":\"https:\/\/www.heddata.se\/webbutik\/#website\",\"url\":\"https:\/\/www.heddata.se\/webbutik\/\",\"name\":\"Datorer, Skrivare, F\u00e4rgpatroner, Mobiltelefoner\",\"description\":\"Kablar\",\"publisher\":{\"@id\":\"https:\/\/www.heddata.se\/webbutik\/#organization\"},\"potentialAction\":[{\"@type\":\"SearchAction\",\"target\":{\"@type\":\"EntryPoint\",\"urlTemplate\":\"https:\/\/www.heddata.se\/webbutik\/?s={search_term_string}\"},\"query-input\":{\"@type\":\"PropertyValueSpecification\",\"valueRequired\":true,\"valueName\":\"search_term_string\"}}],\"inLanguage\":\"sv-SE\"},{\"@type\":\"Organization\",\"@id\":\"https:\/\/www.heddata.se\/webbutik\/#organization\",\"name\":\"Heddata AB\",\"url\":\"https:\/\/www.heddata.se\/webbutik\/\",\"logo\":{\"@type\":\"ImageObject\",\"inLanguage\":\"sv-SE\",\"@id\":\"https:\/\/www.heddata.se\/webbutik\/#\/schema\/logo\/image\/\",\"url\":\"https:\/\/www.heddata.se\/webbutik\/wp-content\/uploads\/logga\/heddata-ab-logga.png\",\"contentUrl\":\"https:\/\/www.heddata.se\/webbutik\/wp-content\/uploads\/logga\/heddata-ab-logga.png\",\"width\":200,\"height\":64,\"caption\":\"Heddata AB\"},\"image\":{\"@id\":\"https:\/\/www.heddata.se\/webbutik\/#\/schema\/logo\/image\/\"}}]}<\/script>\n<!-- \/ Yoast SEO Premium plugin. -->","yoast_head_json":{"title":"Ozone Strike Pro Keyboard Cherry Red Led - Nordic","description":"Ozone Strike Pro Keyboard. Stark, snabb, exakt, konfigurerbar, p\u00e5litlig, intuitiv och bekv\u00e4m. Felfri kontroll n\u00e4r du trycker p\u00e5 flera tangenter samtidigt.","robots":{"index":"index","follow":"follow","max-snippet":"max-snippet:-1","max-image-preview":"max-image-preview:large","max-video-preview":"max-video-preview:-1"},"canonical":"https:\/\/www.heddata.se\/webbutik\/produkt\/ozone-strike-pro-keyboard-cherry-red-led-nordic\/","og_locale":"sv_SE","og_type":"article","og_title":"Ozone Strike Pro Keyboard Cherry Red Led - Nordic","og_description":"Ozone Strike Pro Keyboard. Stark, snabb, exakt, konfigurerbar, p\u00e5litlig, intuitiv och bekv\u00e4m. Felfri kontroll n\u00e4r du trycker p\u00e5 flera tangenter samtidigt.","og_url":"https:\/\/www.heddata.se\/webbutik\/produkt\/ozone-strike-pro-keyboard-cherry-red-led-nordic\/","og_site_name":"Datorer, Skrivare, F\u00e4rgpatroner, Mobiltelefoner","article_modified_time":"2026-04-17T16:19:56+00:00","og_image":[{"width":709,"height":709,"url":"https:\/\/www.heddata.se\/webbutik\/wp-content\/uploads\/webbutik\/kategorier\/Gaming\/Ozone-Strike-Pro-Keyboard-Cherry-Red-Led-Nordic-1.jpg","type":"image\/jpeg"}],"twitter_card":"summary_large_image","twitter_misc":{"Ber\u00e4knad l\u00e4stid":"1 minut"},"schema":{"@context":"https:\/\/schema.org","@graph":[{"@type":"WebPage","@id":"https:\/\/www.heddata.se\/webbutik\/produkt\/ozone-strike-pro-keyboard-cherry-red-led-nordic\/","url":"https:\/\/www.heddata.se\/webbutik\/produkt\/ozone-strike-pro-keyboard-cherry-red-led-nordic\/","name":"Ozone Strike Pro Keyboard Cherry Red Led - Nordic","isPartOf":{"@id":"https:\/\/www.heddata.se\/webbutik\/#website"},"primaryImageOfPage":{"@id":"https:\/\/www.heddata.se\/webbutik\/produkt\/ozone-strike-pro-keyboard-cherry-red-led-nordic\/#primaryimage"},"image":{"@id":"https:\/\/www.heddata.se\/webbutik\/produkt\/ozone-strike-pro-keyboard-cherry-red-led-nordic\/#primaryimage"},"thumbnailUrl":"https:\/\/www.heddata.se\/webbutik\/wp-content\/uploads\/webbutik\/kategorier\/Gaming\/Ozone-Strike-Pro-Keyboard-Cherry-Red-Led-Nordic-1.jpg","datePublished":"2019-10-07T06:17:20+00:00","dateModified":"2026-04-17T16:19:56+00:00","description":"Ozone Strike Pro Keyboard. Stark, snabb, exakt, konfigurerbar, p\u00e5litlig, intuitiv och bekv\u00e4m. Felfri kontroll n\u00e4r du trycker p\u00e5 flera tangenter samtidigt.","breadcrumb":{"@id":"https:\/\/www.heddata.se\/webbutik\/produkt\/ozone-strike-pro-keyboard-cherry-red-led-nordic\/#breadcrumb"},"inLanguage":"sv-SE","potentialAction":[{"@type":"ReadAction","target":["https:\/\/www.heddata.se\/webbutik\/produkt\/ozone-strike-pro-keyboard-cherry-red-led-nordic\/"]}]},{"@type":"ImageObject","inLanguage":"sv-SE","@id":"https:\/\/www.heddata.se\/webbutik\/produkt\/ozone-strike-pro-keyboard-cherry-red-led-nordic\/#primaryimage","url":"https:\/\/www.heddata.se\/webbutik\/wp-content\/uploads\/webbutik\/kategorier\/Gaming\/Ozone-Strike-Pro-Keyboard-Cherry-Red-Led-Nordic-1.jpg","contentUrl":"https:\/\/www.heddata.se\/webbutik\/wp-content\/uploads\/webbutik\/kategorier\/Gaming\/Ozone-Strike-Pro-Keyboard-Cherry-Red-Led-Nordic-1.jpg","width":709,"height":709,"caption":"Ozone Strike Pro Keyboard Cherry Red Led - Nordic"},{"@type":"BreadcrumbList","@id":"https:\/\/www.heddata.se\/webbutik\/produkt\/ozone-strike-pro-keyboard-cherry-red-led-nordic\/#breadcrumb","itemListElement":[{"@type":"ListItem","position":1,"name":"Hem","item":"https:\/\/www.heddata.se\/webbutik\/"},{"@type":"ListItem","position":2,"name":"Produkter","item":"https:\/\/www.heddata.se\/webbutik\/shop\/"},{"@type":"ListItem","position":3,"name":"Ozone Strike Pro Keyboard Cherry Red Led &#8211; Nordic"}]},{"@type":"WebSite","@id":"https:\/\/www.heddata.se\/webbutik\/#website","url":"https:\/\/www.heddata.se\/webbutik\/","name":"Datorer, Skrivare, F\u00e4rgpatroner, Mobiltelefoner","description":"Kablar","publisher":{"@id":"https:\/\/www.heddata.se\/webbutik\/#organization"},"potentialAction":[{"@type":"SearchAction","target":{"@type":"EntryPoint","urlTemplate":"https:\/\/www.heddata.se\/webbutik\/?s={search_term_string}"},"query-input":{"@type":"PropertyValueSpecification","valueRequired":true,"valueName":"search_term_string"}}],"inLanguage":"sv-SE"},{"@type":"Organization","@id":"https:\/\/www.heddata.se\/webbutik\/#organization","name":"Heddata AB","url":"https:\/\/www.heddata.se\/webbutik\/","logo":{"@type":"ImageObject","inLanguage":"sv-SE","@id":"https:\/\/www.heddata.se\/webbutik\/#\/schema\/logo\/image\/","url":"https:\/\/www.heddata.se\/webbutik\/wp-content\/uploads\/logga\/heddata-ab-logga.png","contentUrl":"https:\/\/www.heddata.se\/webbutik\/wp-content\/uploads\/logga\/heddata-ab-logga.png","width":200,"height":64,"caption":"Heddata AB"},"image":{"@id":"https:\/\/www.heddata.se\/webbutik\/#\/schema\/logo\/image\/"}}]}},"_links":{"self":[{"href":"https:\/\/www.heddata.se\/webbutik\/wp-json\/wp\/v2\/product\/2456","targetHints":{"allow":["GET"]}}],"collection":[{"href":"https:\/\/www.heddata.se\/webbutik\/wp-json\/wp\/v2\/product"}],"about":[{"href":"https:\/\/www.heddata.se\/webbutik\/wp-json\/wp\/v2\/types\/product"}],"wp:featuredmedia":[{"embeddable":true,"href":"https:\/\/www.heddata.se\/webbutik\/wp-json\/wp\/v2\/media\/15620"}],"wp:attachment":[{"href":"https:\/\/www.heddata.se\/webbutik\/wp-json\/wp\/v2\/media?parent=2456"}],"wp:term":[{"taxonomy":"product_brand","embeddable":true,"href":"https:\/\/www.heddata.se\/webbutik\/wp-json\/wp\/v2\/product_brand?post=2456"},{"taxonomy":"product_cat","embeddable":true,"href":"https:\/\/www.heddata.se\/webbutik\/wp-json\/wp\/v2\/product_cat?post=2456"},{"taxonomy":"product_tag","embeddable":true,"href":"https:\/\/www.heddata.se\/webbutik\/wp-json\/wp\/v2\/product_tag?post=2456"}],"curies":[{"name":"wp","href":"https:\/\/api.w.org\/{rel}","templated":true}]}}