{"id":2439,"date":"2019-10-07T08:17:18","date_gmt":"2019-10-07T06:17:18","guid":{"rendered":"https:\/\/www.heddata.se\/webbutik\/produkt\/canon-cli-551y-xl-lang-livslangd-gul-original-blacktank-for\/"},"modified":"2026-05-07T18:10:40","modified_gmt":"2026-05-07T16:10:40","slug":"canon-cli-551y-xl-gul","status":"publish","type":"product","link":"https:\/\/www.heddata.se\/webbutik\/produkt\/canon-cli-551y-xl-gul\/","title":{"rendered":"Canon CLI-551Y XL Gul Original Bl\u00e4ckpatron med h\u00f6g kapacitet"},"content":{"rendered":"<p>Canon CLI-551Y XL Gul Original <a href=\"https:\/\/www.heddata.se\/webbutik\/blackpatroner-toners\/blackpatroner\/\">Bl\u00e4ckpatron<\/a> med h\u00f6g kapacitet. Denna XL patron ger upp till 2 g\u00e5nger s\u00e5 m\u00e5nga utskrifter som standardekvivalenten. Detta gula bl\u00e4ck anv\u00e4nds f\u00f6r att skriva ut dokument och foton. Den extra stora patronen med 11 ml bl\u00e4ck r\u00e4cker i upp till 685 A4 dokument. Du kan lita p\u00e5 att dina utskrifter h\u00e5ller h\u00f6g standard n\u00e4r du anv\u00e4nder Canons \u00e4kta Bl\u00e4ck.<\/p>\n<p>Tillverkare: <a href=\"https:\/\/www.canon.se\/\" target=\"_blank\" rel=\"noopener noreferrer\">Canon<\/a><br \/>\nF\u00e4rg: Gul<br \/>\nSidor: Upp till 685 sidor<br \/>\nKapacitet: 11 ml<br \/>\nUtskriftsteknik: <a href=\"https:\/\/www.heddata.se\/webbutik\/skrivare-blackstrale-monolaser\/blackstraleskrivare\/\">Bl\u00e4ckstr\u00e5le<\/a><br \/>\nTyp: Original<\/p>\n<p>\u00d6vriga f\u00e4rger: 551M XL (Magenta), 551C XL (Cyan), 551BK XL (Svart) <a href=\"https:\/\/www.heddata.se\/webbutik\/produkt\/canon-cli-551gy-xl-lang-livslangd-gra-original-blacktank-for\/\">551GY XL (Gr\u00e5)<\/a><\/p>\n<p>Kompatibel med: PIXMA iP7250, iP8750, iX6850, MG5450, MG5550, MG5650, MG5655, MG6350, MG6450, MG6650, MG7150, MG7550, MX725, MX925<\/p>\n<h5 class=\"list-specs-cell list-specs-cell--right\"><\/h5>\n","protected":false},"excerpt":{"rendered":"<p>Canon CLI-551Y XL Gul Original Bl\u00e4ckpatron med h\u00f6g kapacitet<\/p>\n","protected":false},"featured_media":26930,"template":"","meta":[],"product_brand":[],"product_cat":[87,61,93],"product_tag":[1036,1037,1038,1039,1040,1041,1042,1043,1044,1045,1046,1047,1048,1035],"class_list":{"0":"post-2439","1":"product","2":"type-product","3":"status-publish","4":"has-post-thumbnail","6":"product_cat-blackpatroner","7":"product_cat-blackpatroner-toners","8":"product_cat-canon","9":"product_tag-ip8750","10":"product_tag-ix6850","11":"product_tag-mg5450","12":"product_tag-mg5550","13":"product_tag-mg5650","14":"product_tag-mg5655","15":"product_tag-mg6350","16":"product_tag-mg6450","17":"product_tag-mg6650","18":"product_tag-mg7150","19":"product_tag-mg7550","20":"product_tag-mx725","21":"product_tag-mx925","22":"product_tag-pixma-ip7250","24":"first","25":"instock","26":"taxable","27":"shipping-taxable","28":"purchasable","29":"product-type-simple"},"yoast_head":"<!-- This site is optimized with the Yoast SEO Premium plugin v26.7 (Yoast SEO v26.7) - https:\/\/yoast.com\/wordpress\/plugins\/seo\/ -->\n<title>Canon CLI-551Y XL Gul Original Bl\u00e4ckpatron med h\u00f6g kapacitet<\/title>\n<meta name=\"description\" content=\"Canon CLI-551Y XL Gul Original Bl\u00e4ckpatron med h\u00f6g kapacitet. Denna XL patron ger upp till 2 g\u00e5nger s\u00e5 m\u00e5nga utskrifter som standardekvivalenten\" \/>\n<meta name=\"robots\" content=\"index, follow, max-snippet:-1, max-image-preview:large, max-video-preview:-1\" \/>\n<link rel=\"canonical\" href=\"https:\/\/www.heddata.se\/webbutik\/produkt\/canon-cli-551y-xl-gul\/\" \/>\n<meta property=\"og:locale\" content=\"sv_SE\" \/>\n<meta property=\"og:type\" content=\"article\" \/>\n<meta property=\"og:title\" content=\"Canon CLI-551Y XL Gul Original Bl\u00e4ckpatron med h\u00f6g kapacitet\" \/>\n<meta property=\"og:description\" content=\"Canon CLI-551Y XL Gul Original Bl\u00e4ckpatron med h\u00f6g kapacitet. Denna XL patron ger upp till 2 g\u00e5nger s\u00e5 m\u00e5nga utskrifter som standardekvivalenten\" \/>\n<meta property=\"og:url\" content=\"https:\/\/www.heddata.se\/webbutik\/produkt\/canon-cli-551y-xl-gul\/\" \/>\n<meta property=\"og:site_name\" content=\"Datorer, Skrivare, F\u00e4rgpatroner, Mobiltelefoner\" \/>\n<meta property=\"article:modified_time\" content=\"2026-05-07T16:10:40+00:00\" \/>\n<meta property=\"og:image\" content=\"https:\/\/www.heddata.se\/webbutik\/wp-content\/uploads\/webbutik\/kategorier\/Blackpatroner-toners\/canon-cli-551y-xl-gul-original-blackpatron.jpg\" \/>\n\t<meta property=\"og:image:width\" content=\"599\" \/>\n\t<meta property=\"og:image:height\" content=\"599\" \/>\n\t<meta property=\"og:image:type\" content=\"image\/jpeg\" \/>\n<meta name=\"twitter:card\" content=\"summary_large_image\" \/>\n<meta name=\"twitter:label1\" content=\"Ber\u00e4knad l\u00e4stid\" \/>\n\t<meta name=\"twitter:data1\" content=\"1 minut\" \/>\n<script type=\"application\/ld+json\" class=\"yoast-schema-graph\">{\"@context\":\"https:\/\/schema.org\",\"@graph\":[{\"@type\":\"WebPage\",\"@id\":\"https:\/\/www.heddata.se\/webbutik\/produkt\/canon-cli-551y-xl-gul\/\",\"url\":\"https:\/\/www.heddata.se\/webbutik\/produkt\/canon-cli-551y-xl-gul\/\",\"name\":\"Canon CLI-551Y XL Gul Original Bl\u00e4ckpatron med h\u00f6g kapacitet\",\"isPartOf\":{\"@id\":\"https:\/\/www.heddata.se\/webbutik\/#website\"},\"primaryImageOfPage\":{\"@id\":\"https:\/\/www.heddata.se\/webbutik\/produkt\/canon-cli-551y-xl-gul\/#primaryimage\"},\"image\":{\"@id\":\"https:\/\/www.heddata.se\/webbutik\/produkt\/canon-cli-551y-xl-gul\/#primaryimage\"},\"thumbnailUrl\":\"https:\/\/www.heddata.se\/webbutik\/wp-content\/uploads\/webbutik\/kategorier\/Blackpatroner-toners\/canon-cli-551y-xl-gul-original-blackpatron.jpg\",\"datePublished\":\"2019-10-07T06:17:18+00:00\",\"dateModified\":\"2026-05-07T16:10:40+00:00\",\"description\":\"Canon CLI-551Y XL Gul Original Bl\u00e4ckpatron med h\u00f6g kapacitet. Denna XL patron ger upp till 2 g\u00e5nger s\u00e5 m\u00e5nga utskrifter som standardekvivalenten\",\"breadcrumb\":{\"@id\":\"https:\/\/www.heddata.se\/webbutik\/produkt\/canon-cli-551y-xl-gul\/#breadcrumb\"},\"inLanguage\":\"sv-SE\",\"potentialAction\":[{\"@type\":\"ReadAction\",\"target\":[\"https:\/\/www.heddata.se\/webbutik\/produkt\/canon-cli-551y-xl-gul\/\"]}]},{\"@type\":\"ImageObject\",\"inLanguage\":\"sv-SE\",\"@id\":\"https:\/\/www.heddata.se\/webbutik\/produkt\/canon-cli-551y-xl-gul\/#primaryimage\",\"url\":\"https:\/\/www.heddata.se\/webbutik\/wp-content\/uploads\/webbutik\/kategorier\/Blackpatroner-toners\/canon-cli-551y-xl-gul-original-blackpatron.jpg\",\"contentUrl\":\"https:\/\/www.heddata.se\/webbutik\/wp-content\/uploads\/webbutik\/kategorier\/Blackpatroner-toners\/canon-cli-551y-xl-gul-original-blackpatron.jpg\",\"width\":599,\"height\":599,\"caption\":\"Canon CLI-551Y XL Gul Original Bl\u00e4ckpatron med h\u00f6g kapacitet\"},{\"@type\":\"BreadcrumbList\",\"@id\":\"https:\/\/www.heddata.se\/webbutik\/produkt\/canon-cli-551y-xl-gul\/#breadcrumb\",\"itemListElement\":[{\"@type\":\"ListItem\",\"position\":1,\"name\":\"Hem\",\"item\":\"https:\/\/www.heddata.se\/webbutik\/\"},{\"@type\":\"ListItem\",\"position\":2,\"name\":\"Produkter\",\"item\":\"https:\/\/www.heddata.se\/webbutik\/shop\/\"},{\"@type\":\"ListItem\",\"position\":3,\"name\":\"Canon CLI-551Y XL Gul Original Bl\u00e4ckpatron med h\u00f6g kapacitet\"}]},{\"@type\":\"WebSite\",\"@id\":\"https:\/\/www.heddata.se\/webbutik\/#website\",\"url\":\"https:\/\/www.heddata.se\/webbutik\/\",\"name\":\"Datorer, Skrivare, F\u00e4rgpatroner, Mobiltelefoner\",\"description\":\"Kablar\",\"publisher\":{\"@id\":\"https:\/\/www.heddata.se\/webbutik\/#organization\"},\"potentialAction\":[{\"@type\":\"SearchAction\",\"target\":{\"@type\":\"EntryPoint\",\"urlTemplate\":\"https:\/\/www.heddata.se\/webbutik\/?s={search_term_string}\"},\"query-input\":{\"@type\":\"PropertyValueSpecification\",\"valueRequired\":true,\"valueName\":\"search_term_string\"}}],\"inLanguage\":\"sv-SE\"},{\"@type\":\"Organization\",\"@id\":\"https:\/\/www.heddata.se\/webbutik\/#organization\",\"name\":\"Heddata AB\",\"url\":\"https:\/\/www.heddata.se\/webbutik\/\",\"logo\":{\"@type\":\"ImageObject\",\"inLanguage\":\"sv-SE\",\"@id\":\"https:\/\/www.heddata.se\/webbutik\/#\/schema\/logo\/image\/\",\"url\":\"https:\/\/www.heddata.se\/webbutik\/wp-content\/uploads\/logga\/heddata-ab-logga.png\",\"contentUrl\":\"https:\/\/www.heddata.se\/webbutik\/wp-content\/uploads\/logga\/heddata-ab-logga.png\",\"width\":200,\"height\":64,\"caption\":\"Heddata AB\"},\"image\":{\"@id\":\"https:\/\/www.heddata.se\/webbutik\/#\/schema\/logo\/image\/\"}}]}<\/script>\n<!-- \/ Yoast SEO Premium plugin. -->","yoast_head_json":{"title":"Canon CLI-551Y XL Gul Original Bl\u00e4ckpatron med h\u00f6g kapacitet","description":"Canon CLI-551Y XL Gul Original Bl\u00e4ckpatron med h\u00f6g kapacitet. Denna XL patron ger upp till 2 g\u00e5nger s\u00e5 m\u00e5nga utskrifter som standardekvivalenten","robots":{"index":"index","follow":"follow","max-snippet":"max-snippet:-1","max-image-preview":"max-image-preview:large","max-video-preview":"max-video-preview:-1"},"canonical":"https:\/\/www.heddata.se\/webbutik\/produkt\/canon-cli-551y-xl-gul\/","og_locale":"sv_SE","og_type":"article","og_title":"Canon CLI-551Y XL Gul Original Bl\u00e4ckpatron med h\u00f6g kapacitet","og_description":"Canon CLI-551Y XL Gul Original Bl\u00e4ckpatron med h\u00f6g kapacitet. Denna XL patron ger upp till 2 g\u00e5nger s\u00e5 m\u00e5nga utskrifter som standardekvivalenten","og_url":"https:\/\/www.heddata.se\/webbutik\/produkt\/canon-cli-551y-xl-gul\/","og_site_name":"Datorer, Skrivare, F\u00e4rgpatroner, Mobiltelefoner","article_modified_time":"2026-05-07T16:10:40+00:00","og_image":[{"width":599,"height":599,"url":"https:\/\/www.heddata.se\/webbutik\/wp-content\/uploads\/webbutik\/kategorier\/Blackpatroner-toners\/canon-cli-551y-xl-gul-original-blackpatron.jpg","type":"image\/jpeg"}],"twitter_card":"summary_large_image","twitter_misc":{"Ber\u00e4knad l\u00e4stid":"1 minut"},"schema":{"@context":"https:\/\/schema.org","@graph":[{"@type":"WebPage","@id":"https:\/\/www.heddata.se\/webbutik\/produkt\/canon-cli-551y-xl-gul\/","url":"https:\/\/www.heddata.se\/webbutik\/produkt\/canon-cli-551y-xl-gul\/","name":"Canon CLI-551Y XL Gul Original Bl\u00e4ckpatron med h\u00f6g kapacitet","isPartOf":{"@id":"https:\/\/www.heddata.se\/webbutik\/#website"},"primaryImageOfPage":{"@id":"https:\/\/www.heddata.se\/webbutik\/produkt\/canon-cli-551y-xl-gul\/#primaryimage"},"image":{"@id":"https:\/\/www.heddata.se\/webbutik\/produkt\/canon-cli-551y-xl-gul\/#primaryimage"},"thumbnailUrl":"https:\/\/www.heddata.se\/webbutik\/wp-content\/uploads\/webbutik\/kategorier\/Blackpatroner-toners\/canon-cli-551y-xl-gul-original-blackpatron.jpg","datePublished":"2019-10-07T06:17:18+00:00","dateModified":"2026-05-07T16:10:40+00:00","description":"Canon CLI-551Y XL Gul Original Bl\u00e4ckpatron med h\u00f6g kapacitet. Denna XL patron ger upp till 2 g\u00e5nger s\u00e5 m\u00e5nga utskrifter som standardekvivalenten","breadcrumb":{"@id":"https:\/\/www.heddata.se\/webbutik\/produkt\/canon-cli-551y-xl-gul\/#breadcrumb"},"inLanguage":"sv-SE","potentialAction":[{"@type":"ReadAction","target":["https:\/\/www.heddata.se\/webbutik\/produkt\/canon-cli-551y-xl-gul\/"]}]},{"@type":"ImageObject","inLanguage":"sv-SE","@id":"https:\/\/www.heddata.se\/webbutik\/produkt\/canon-cli-551y-xl-gul\/#primaryimage","url":"https:\/\/www.heddata.se\/webbutik\/wp-content\/uploads\/webbutik\/kategorier\/Blackpatroner-toners\/canon-cli-551y-xl-gul-original-blackpatron.jpg","contentUrl":"https:\/\/www.heddata.se\/webbutik\/wp-content\/uploads\/webbutik\/kategorier\/Blackpatroner-toners\/canon-cli-551y-xl-gul-original-blackpatron.jpg","width":599,"height":599,"caption":"Canon CLI-551Y XL Gul Original Bl\u00e4ckpatron med h\u00f6g kapacitet"},{"@type":"BreadcrumbList","@id":"https:\/\/www.heddata.se\/webbutik\/produkt\/canon-cli-551y-xl-gul\/#breadcrumb","itemListElement":[{"@type":"ListItem","position":1,"name":"Hem","item":"https:\/\/www.heddata.se\/webbutik\/"},{"@type":"ListItem","position":2,"name":"Produkter","item":"https:\/\/www.heddata.se\/webbutik\/shop\/"},{"@type":"ListItem","position":3,"name":"Canon CLI-551Y XL Gul Original Bl\u00e4ckpatron med h\u00f6g kapacitet"}]},{"@type":"WebSite","@id":"https:\/\/www.heddata.se\/webbutik\/#website","url":"https:\/\/www.heddata.se\/webbutik\/","name":"Datorer, Skrivare, F\u00e4rgpatroner, Mobiltelefoner","description":"Kablar","publisher":{"@id":"https:\/\/www.heddata.se\/webbutik\/#organization"},"potentialAction":[{"@type":"SearchAction","target":{"@type":"EntryPoint","urlTemplate":"https:\/\/www.heddata.se\/webbutik\/?s={search_term_string}"},"query-input":{"@type":"PropertyValueSpecification","valueRequired":true,"valueName":"search_term_string"}}],"inLanguage":"sv-SE"},{"@type":"Organization","@id":"https:\/\/www.heddata.se\/webbutik\/#organization","name":"Heddata AB","url":"https:\/\/www.heddata.se\/webbutik\/","logo":{"@type":"ImageObject","inLanguage":"sv-SE","@id":"https:\/\/www.heddata.se\/webbutik\/#\/schema\/logo\/image\/","url":"https:\/\/www.heddata.se\/webbutik\/wp-content\/uploads\/logga\/heddata-ab-logga.png","contentUrl":"https:\/\/www.heddata.se\/webbutik\/wp-content\/uploads\/logga\/heddata-ab-logga.png","width":200,"height":64,"caption":"Heddata AB"},"image":{"@id":"https:\/\/www.heddata.se\/webbutik\/#\/schema\/logo\/image\/"}}]}},"_links":{"self":[{"href":"https:\/\/www.heddata.se\/webbutik\/wp-json\/wp\/v2\/product\/2439","targetHints":{"allow":["GET"]}}],"collection":[{"href":"https:\/\/www.heddata.se\/webbutik\/wp-json\/wp\/v2\/product"}],"about":[{"href":"https:\/\/www.heddata.se\/webbutik\/wp-json\/wp\/v2\/types\/product"}],"wp:featuredmedia":[{"embeddable":true,"href":"https:\/\/www.heddata.se\/webbutik\/wp-json\/wp\/v2\/media\/26930"}],"wp:attachment":[{"href":"https:\/\/www.heddata.se\/webbutik\/wp-json\/wp\/v2\/media?parent=2439"}],"wp:term":[{"taxonomy":"product_brand","embeddable":true,"href":"https:\/\/www.heddata.se\/webbutik\/wp-json\/wp\/v2\/product_brand?post=2439"},{"taxonomy":"product_cat","embeddable":true,"href":"https:\/\/www.heddata.se\/webbutik\/wp-json\/wp\/v2\/product_cat?post=2439"},{"taxonomy":"product_tag","embeddable":true,"href":"https:\/\/www.heddata.se\/webbutik\/wp-json\/wp\/v2\/product_tag?post=2439"}],"curies":[{"name":"wp","href":"https:\/\/api.w.org\/{rel}","templated":true}]}}