{"id":2436,"date":"2019-10-07T08:17:18","date_gmt":"2019-10-07T06:17:18","guid":{"rendered":"https:\/\/www.heddata.se\/webbutik\/produkt\/qpadmk-5-pro-gaming-virtual-mechanical-keyboard-w-nordic-layout\/"},"modified":"2026-04-03T18:18:28","modified_gmt":"2026-04-03T16:18:28","slug":"qpad-mk-5-pro-gaming","status":"publish","type":"product","link":"https:\/\/www.heddata.se\/webbutik\/produkt\/qpad-mk-5-pro-gaming\/","title":{"rendered":"QPAD MK-5 Pro Gaming Virtual Mechanical Keyboard \/w Nordic Layout"},"content":{"rendered":"<p><b>QPAD MK-5 Pro Gaming Gaming Virtual Mechanical Keyboard \/w Nordic Layout<\/b><\/p>\n<p><a href=\"https:\/\/qpad.com\/\" target=\"_blank\" rel=\"noopener noreferrer\">QPAD<\/a> MK-5 Pro Gaming \u00e4r det senaste QPAD-<a href=\"https:\/\/www.heddata.se\/webbutik\/datorer\/moss-tangentbord\/\">tangentbordet<\/a>. Den QPAD MK-5 uppfyller de h\u00f6gsta kraven f\u00f6r ergonomi medan du spelar och \u00e4r en idealisk tangentbord f\u00f6r snabbt tempo FPS, RTS, RPG och MMO-spel.<br \/>\nDen extravaganta designen och de m\u00e5nga funktionerna g\u00f6r det h\u00e4r tangentbordet till den idealiska f\u00f6ljeslagaren f\u00f6r den ambiti\u00f6sa PC-spelaren. F\u00f6r att s\u00e4kerst\u00e4lla att \u00e4ven snabbaste &#8221;moves&#8221; implementeras i spelet utan dr\u00f6jsm\u00e5l, har vi utrustat tangentbordet med &#8221;anti-ghosting&#8221;.<\/p>\n<p>En absolut h\u00f6jdpunkt \u00e4r de &#8221;virtuella mekaniska&#8221; tangenttryckningarna p\u00e5 QPAD MK-5. De speciella omkopplarna kombinerar v\u00e4rldens b\u00e4sta mekaniska tangentbord och membran tangentbord. Genom sin speciella design kombinerar dessa omkopplare f\u00f6rdelarna med konventionella mekaniska tangentbord, QPAD MK-5: s olika justerbara ljuseffekter ger dig den n\u00f6dv\u00e4ndiga &#8221;stilen&#8221; medan du styr dina motst\u00e5ndare i spelet.<\/p>\n","protected":false},"excerpt":{"rendered":"<p>QPAD MK-5 Pro Gaming<\/p>\n","protected":false},"featured_media":15875,"template":"","meta":[],"product_brand":[],"product_cat":[66,113],"product_tag":[35,3027],"class_list":{"0":"post-2436","1":"product","2":"type-product","3":"status-publish","4":"has-post-thumbnail","6":"product_cat-gaming","7":"product_cat-tangentbord","8":"product_tag-gaming","9":"product_tag-tangentbord","11":"first","12":"outofstock","13":"taxable","14":"shipping-taxable","15":"product-type-simple"},"yoast_head":"<!-- This site is optimized with the Yoast SEO Premium plugin v26.7 (Yoast SEO v26.7) - https:\/\/yoast.com\/wordpress\/plugins\/seo\/ -->\n<title>QPAD MK-5 Pro Gaming Virtual Mechanical Keyboard \/w Nordic Layout<\/title>\n<meta name=\"description\" content=\"QPAD MK-5 Pro Gaming \u00e4r det senaste QPAD-tangentbordet. En absolut h\u00f6jdpunkt \u00e4r de &quot;virtuella mekaniska&quot; tangenttryckningarna p\u00e5 QPAD MK-5\" \/>\n<meta name=\"robots\" content=\"index, follow, max-snippet:-1, max-image-preview:large, max-video-preview:-1\" \/>\n<link rel=\"canonical\" href=\"https:\/\/www.heddata.se\/webbutik\/produkt\/qpad-mk-5-pro-gaming\/\" \/>\n<meta property=\"og:locale\" content=\"sv_SE\" \/>\n<meta property=\"og:type\" content=\"article\" \/>\n<meta property=\"og:title\" content=\"QPAD MK-5 Pro Gaming Virtual Mechanical Keyboard \/w Nordic Layout\" \/>\n<meta property=\"og:description\" content=\"QPAD MK-5 Pro Gaming \u00e4r det senaste QPAD-tangentbordet. En absolut h\u00f6jdpunkt \u00e4r de &quot;virtuella mekaniska&quot; tangenttryckningarna p\u00e5 QPAD MK-5\" \/>\n<meta property=\"og:url\" content=\"https:\/\/www.heddata.se\/webbutik\/produkt\/qpad-mk-5-pro-gaming\/\" \/>\n<meta property=\"og:site_name\" content=\"Datorer, Skrivare, F\u00e4rgpatroner, Mobiltelefoner\" \/>\n<meta property=\"article:modified_time\" content=\"2026-04-03T16:18:28+00:00\" \/>\n<meta property=\"og:image\" content=\"https:\/\/www.heddata.se\/webbutik\/wp-content\/uploads\/webbutik\/kategorier\/Gaming\/QPAD-MK-5-Pro-Gaming-Virtual-Mechanical-Keyboard-Nordic-Layout.jpg\" \/>\n\t<meta property=\"og:image:width\" content=\"2360\" \/>\n\t<meta property=\"og:image:height\" content=\"2360\" \/>\n\t<meta property=\"og:image:type\" content=\"image\/jpeg\" \/>\n<meta name=\"twitter:card\" content=\"summary_large_image\" \/>\n<meta name=\"twitter:label1\" content=\"Ber\u00e4knad l\u00e4stid\" \/>\n\t<meta name=\"twitter:data1\" content=\"1 minut\" \/>\n<script type=\"application\/ld+json\" class=\"yoast-schema-graph\">{\"@context\":\"https:\/\/schema.org\",\"@graph\":[{\"@type\":\"WebPage\",\"@id\":\"https:\/\/www.heddata.se\/webbutik\/produkt\/qpad-mk-5-pro-gaming\/\",\"url\":\"https:\/\/www.heddata.se\/webbutik\/produkt\/qpad-mk-5-pro-gaming\/\",\"name\":\"QPAD MK-5 Pro Gaming Virtual Mechanical Keyboard \/w Nordic Layout\",\"isPartOf\":{\"@id\":\"https:\/\/www.heddata.se\/webbutik\/#website\"},\"primaryImageOfPage\":{\"@id\":\"https:\/\/www.heddata.se\/webbutik\/produkt\/qpad-mk-5-pro-gaming\/#primaryimage\"},\"image\":{\"@id\":\"https:\/\/www.heddata.se\/webbutik\/produkt\/qpad-mk-5-pro-gaming\/#primaryimage\"},\"thumbnailUrl\":\"https:\/\/www.heddata.se\/webbutik\/wp-content\/uploads\/webbutik\/kategorier\/Gaming\/QPAD-MK-5-Pro-Gaming-Virtual-Mechanical-Keyboard-Nordic-Layout.jpg\",\"datePublished\":\"2019-10-07T06:17:18+00:00\",\"dateModified\":\"2026-04-03T16:18:28+00:00\",\"description\":\"QPAD MK-5 Pro Gaming \u00e4r det senaste QPAD-tangentbordet. En absolut h\u00f6jdpunkt \u00e4r de \\\"virtuella mekaniska\\\" tangenttryckningarna p\u00e5 QPAD MK-5\",\"breadcrumb\":{\"@id\":\"https:\/\/www.heddata.se\/webbutik\/produkt\/qpad-mk-5-pro-gaming\/#breadcrumb\"},\"inLanguage\":\"sv-SE\",\"potentialAction\":[{\"@type\":\"ReadAction\",\"target\":[\"https:\/\/www.heddata.se\/webbutik\/produkt\/qpad-mk-5-pro-gaming\/\"]}]},{\"@type\":\"ImageObject\",\"inLanguage\":\"sv-SE\",\"@id\":\"https:\/\/www.heddata.se\/webbutik\/produkt\/qpad-mk-5-pro-gaming\/#primaryimage\",\"url\":\"https:\/\/www.heddata.se\/webbutik\/wp-content\/uploads\/webbutik\/kategorier\/Gaming\/QPAD-MK-5-Pro-Gaming-Virtual-Mechanical-Keyboard-Nordic-Layout.jpg\",\"contentUrl\":\"https:\/\/www.heddata.se\/webbutik\/wp-content\/uploads\/webbutik\/kategorier\/Gaming\/QPAD-MK-5-Pro-Gaming-Virtual-Mechanical-Keyboard-Nordic-Layout.jpg\",\"width\":2360,\"height\":2360,\"caption\":\"QPAD MK-5 Pro Gaming Virtual Mechanical Keyboard \/w Nordic Layout\"},{\"@type\":\"BreadcrumbList\",\"@id\":\"https:\/\/www.heddata.se\/webbutik\/produkt\/qpad-mk-5-pro-gaming\/#breadcrumb\",\"itemListElement\":[{\"@type\":\"ListItem\",\"position\":1,\"name\":\"Hem\",\"item\":\"https:\/\/www.heddata.se\/webbutik\/\"},{\"@type\":\"ListItem\",\"position\":2,\"name\":\"Produkter\",\"item\":\"https:\/\/www.heddata.se\/webbutik\/shop\/\"},{\"@type\":\"ListItem\",\"position\":3,\"name\":\"QPAD MK-5 Pro Gaming Virtual Mechanical Keyboard \/w Nordic Layout\"}]},{\"@type\":\"WebSite\",\"@id\":\"https:\/\/www.heddata.se\/webbutik\/#website\",\"url\":\"https:\/\/www.heddata.se\/webbutik\/\",\"name\":\"Datorer, Skrivare, F\u00e4rgpatroner, Mobiltelefoner\",\"description\":\"Kablar\",\"publisher\":{\"@id\":\"https:\/\/www.heddata.se\/webbutik\/#organization\"},\"potentialAction\":[{\"@type\":\"SearchAction\",\"target\":{\"@type\":\"EntryPoint\",\"urlTemplate\":\"https:\/\/www.heddata.se\/webbutik\/?s={search_term_string}\"},\"query-input\":{\"@type\":\"PropertyValueSpecification\",\"valueRequired\":true,\"valueName\":\"search_term_string\"}}],\"inLanguage\":\"sv-SE\"},{\"@type\":\"Organization\",\"@id\":\"https:\/\/www.heddata.se\/webbutik\/#organization\",\"name\":\"Heddata AB\",\"url\":\"https:\/\/www.heddata.se\/webbutik\/\",\"logo\":{\"@type\":\"ImageObject\",\"inLanguage\":\"sv-SE\",\"@id\":\"https:\/\/www.heddata.se\/webbutik\/#\/schema\/logo\/image\/\",\"url\":\"https:\/\/www.heddata.se\/webbutik\/wp-content\/uploads\/logga\/heddata-ab-logga.png\",\"contentUrl\":\"https:\/\/www.heddata.se\/webbutik\/wp-content\/uploads\/logga\/heddata-ab-logga.png\",\"width\":200,\"height\":64,\"caption\":\"Heddata AB\"},\"image\":{\"@id\":\"https:\/\/www.heddata.se\/webbutik\/#\/schema\/logo\/image\/\"}}]}<\/script>\n<!-- \/ Yoast SEO Premium plugin. -->","yoast_head_json":{"title":"QPAD MK-5 Pro Gaming Virtual Mechanical Keyboard \/w Nordic Layout","description":"QPAD MK-5 Pro Gaming \u00e4r det senaste QPAD-tangentbordet. En absolut h\u00f6jdpunkt \u00e4r de \"virtuella mekaniska\" tangenttryckningarna p\u00e5 QPAD MK-5","robots":{"index":"index","follow":"follow","max-snippet":"max-snippet:-1","max-image-preview":"max-image-preview:large","max-video-preview":"max-video-preview:-1"},"canonical":"https:\/\/www.heddata.se\/webbutik\/produkt\/qpad-mk-5-pro-gaming\/","og_locale":"sv_SE","og_type":"article","og_title":"QPAD MK-5 Pro Gaming Virtual Mechanical Keyboard \/w Nordic Layout","og_description":"QPAD MK-5 Pro Gaming \u00e4r det senaste QPAD-tangentbordet. En absolut h\u00f6jdpunkt \u00e4r de \"virtuella mekaniska\" tangenttryckningarna p\u00e5 QPAD MK-5","og_url":"https:\/\/www.heddata.se\/webbutik\/produkt\/qpad-mk-5-pro-gaming\/","og_site_name":"Datorer, Skrivare, F\u00e4rgpatroner, Mobiltelefoner","article_modified_time":"2026-04-03T16:18:28+00:00","og_image":[{"width":2360,"height":2360,"url":"https:\/\/www.heddata.se\/webbutik\/wp-content\/uploads\/webbutik\/kategorier\/Gaming\/QPAD-MK-5-Pro-Gaming-Virtual-Mechanical-Keyboard-Nordic-Layout.jpg","type":"image\/jpeg"}],"twitter_card":"summary_large_image","twitter_misc":{"Ber\u00e4knad l\u00e4stid":"1 minut"},"schema":{"@context":"https:\/\/schema.org","@graph":[{"@type":"WebPage","@id":"https:\/\/www.heddata.se\/webbutik\/produkt\/qpad-mk-5-pro-gaming\/","url":"https:\/\/www.heddata.se\/webbutik\/produkt\/qpad-mk-5-pro-gaming\/","name":"QPAD MK-5 Pro Gaming Virtual Mechanical Keyboard \/w Nordic Layout","isPartOf":{"@id":"https:\/\/www.heddata.se\/webbutik\/#website"},"primaryImageOfPage":{"@id":"https:\/\/www.heddata.se\/webbutik\/produkt\/qpad-mk-5-pro-gaming\/#primaryimage"},"image":{"@id":"https:\/\/www.heddata.se\/webbutik\/produkt\/qpad-mk-5-pro-gaming\/#primaryimage"},"thumbnailUrl":"https:\/\/www.heddata.se\/webbutik\/wp-content\/uploads\/webbutik\/kategorier\/Gaming\/QPAD-MK-5-Pro-Gaming-Virtual-Mechanical-Keyboard-Nordic-Layout.jpg","datePublished":"2019-10-07T06:17:18+00:00","dateModified":"2026-04-03T16:18:28+00:00","description":"QPAD MK-5 Pro Gaming \u00e4r det senaste QPAD-tangentbordet. En absolut h\u00f6jdpunkt \u00e4r de \"virtuella mekaniska\" tangenttryckningarna p\u00e5 QPAD MK-5","breadcrumb":{"@id":"https:\/\/www.heddata.se\/webbutik\/produkt\/qpad-mk-5-pro-gaming\/#breadcrumb"},"inLanguage":"sv-SE","potentialAction":[{"@type":"ReadAction","target":["https:\/\/www.heddata.se\/webbutik\/produkt\/qpad-mk-5-pro-gaming\/"]}]},{"@type":"ImageObject","inLanguage":"sv-SE","@id":"https:\/\/www.heddata.se\/webbutik\/produkt\/qpad-mk-5-pro-gaming\/#primaryimage","url":"https:\/\/www.heddata.se\/webbutik\/wp-content\/uploads\/webbutik\/kategorier\/Gaming\/QPAD-MK-5-Pro-Gaming-Virtual-Mechanical-Keyboard-Nordic-Layout.jpg","contentUrl":"https:\/\/www.heddata.se\/webbutik\/wp-content\/uploads\/webbutik\/kategorier\/Gaming\/QPAD-MK-5-Pro-Gaming-Virtual-Mechanical-Keyboard-Nordic-Layout.jpg","width":2360,"height":2360,"caption":"QPAD MK-5 Pro Gaming Virtual Mechanical Keyboard \/w Nordic Layout"},{"@type":"BreadcrumbList","@id":"https:\/\/www.heddata.se\/webbutik\/produkt\/qpad-mk-5-pro-gaming\/#breadcrumb","itemListElement":[{"@type":"ListItem","position":1,"name":"Hem","item":"https:\/\/www.heddata.se\/webbutik\/"},{"@type":"ListItem","position":2,"name":"Produkter","item":"https:\/\/www.heddata.se\/webbutik\/shop\/"},{"@type":"ListItem","position":3,"name":"QPAD MK-5 Pro Gaming Virtual Mechanical Keyboard \/w Nordic Layout"}]},{"@type":"WebSite","@id":"https:\/\/www.heddata.se\/webbutik\/#website","url":"https:\/\/www.heddata.se\/webbutik\/","name":"Datorer, Skrivare, F\u00e4rgpatroner, Mobiltelefoner","description":"Kablar","publisher":{"@id":"https:\/\/www.heddata.se\/webbutik\/#organization"},"potentialAction":[{"@type":"SearchAction","target":{"@type":"EntryPoint","urlTemplate":"https:\/\/www.heddata.se\/webbutik\/?s={search_term_string}"},"query-input":{"@type":"PropertyValueSpecification","valueRequired":true,"valueName":"search_term_string"}}],"inLanguage":"sv-SE"},{"@type":"Organization","@id":"https:\/\/www.heddata.se\/webbutik\/#organization","name":"Heddata AB","url":"https:\/\/www.heddata.se\/webbutik\/","logo":{"@type":"ImageObject","inLanguage":"sv-SE","@id":"https:\/\/www.heddata.se\/webbutik\/#\/schema\/logo\/image\/","url":"https:\/\/www.heddata.se\/webbutik\/wp-content\/uploads\/logga\/heddata-ab-logga.png","contentUrl":"https:\/\/www.heddata.se\/webbutik\/wp-content\/uploads\/logga\/heddata-ab-logga.png","width":200,"height":64,"caption":"Heddata AB"},"image":{"@id":"https:\/\/www.heddata.se\/webbutik\/#\/schema\/logo\/image\/"}}]}},"_links":{"self":[{"href":"https:\/\/www.heddata.se\/webbutik\/wp-json\/wp\/v2\/product\/2436","targetHints":{"allow":["GET"]}}],"collection":[{"href":"https:\/\/www.heddata.se\/webbutik\/wp-json\/wp\/v2\/product"}],"about":[{"href":"https:\/\/www.heddata.se\/webbutik\/wp-json\/wp\/v2\/types\/product"}],"wp:featuredmedia":[{"embeddable":true,"href":"https:\/\/www.heddata.se\/webbutik\/wp-json\/wp\/v2\/media\/15875"}],"wp:attachment":[{"href":"https:\/\/www.heddata.se\/webbutik\/wp-json\/wp\/v2\/media?parent=2436"}],"wp:term":[{"taxonomy":"product_brand","embeddable":true,"href":"https:\/\/www.heddata.se\/webbutik\/wp-json\/wp\/v2\/product_brand?post=2436"},{"taxonomy":"product_cat","embeddable":true,"href":"https:\/\/www.heddata.se\/webbutik\/wp-json\/wp\/v2\/product_cat?post=2436"},{"taxonomy":"product_tag","embeddable":true,"href":"https:\/\/www.heddata.se\/webbutik\/wp-json\/wp\/v2\/product_tag?post=2436"}],"curies":[{"name":"wp","href":"https:\/\/api.w.org\/{rel}","templated":true}]}}