{"id":2423,"date":"2019-10-07T08:17:18","date_gmt":"2019-10-07T06:17:18","guid":{"rendered":"https:\/\/www.heddata.se\/webbutik\/produkt\/canon-cli-526bk-svart-original-blacktank-for-pixma-ip4850-ip4\/"},"modified":"2026-05-08T18:10:27","modified_gmt":"2026-05-08T16:10:27","slug":"canon-cli-526bk-svart-original","status":"publish","type":"product","link":"https:\/\/www.heddata.se\/webbutik\/produkt\/canon-cli-526bk-svart-original\/","title":{"rendered":"Canon CLI 526BK Svart Original Bl\u00e4ckpatron"},"content":{"rendered":"<p>Canon CLI 526BK Svart Original Bl\u00e4ckpatron. Detta f\u00e4rgblock anv\u00e4nds f\u00f6r att skriva ut foton och dokument. Om det kombineras med Canons egna fotopapper f\u00e5r du utskrifter i toppkvalitet och det hj\u00e4lper att skydda fotona fr\u00e5n att blekna med tiden.<br \/>\nGenom att v\u00e4lja Canons \u00e4kta bl\u00e4ck f\u00f6rs\u00e4krar du dig om att du ger din canon-skrivare det b\u00e4sta, och att dina foto- utskrifter blir av den h\u00f6gsta kvalit\u00e9. Detta bl\u00e4ck \u00e4r 100% p\u00e5litligt!<\/p>\n<p>Du kan gratis returnera tonerkassetter till Canon. Enkelt och milj\u00f6v\u00e4nligt.<\/p>\n<p>F\u00e4rg: Svart<br \/>\nTillverkare: <a href=\"https:\/\/www.canon.se\/\">Canon<\/a><br \/>\nUtskriftsmetod: Bl\u00e4ckstr\u00e5leskrivare<br \/>\nBl\u00e4ckvolym: 9ml<\/p>\n<p>\u00d6vriga f\u00e4rger: <a href=\"https:\/\/www.heddata.se\/webbutik\/produkt\/canon-cli-526-multipack-original\/\">526 Multipack<\/a>, <a href=\"https:\/\/www.heddata.se\/webbutik\/produkt\/canon-cli-526gy-gra-blackpatron-2\/\">526GY (Gr\u00e5)<\/a>,\u00a0<a href=\"https:\/\/www.heddata.se\/webbutik\/produkt\/canon-cli-526y-gra-blackpatron\/\" target=\"_blank\" rel=\"noopener noreferrer\">526Y (Gul)<\/a>, <a href=\"https:\/\/www.heddata.se\/webbutik\/produkt\/canon-cli-526m-magenta-original\/\" target=\"_blank\" rel=\"noopener noreferrer\">526M (Magenta)<\/a>, <a href=\"https:\/\/www.heddata.se\/webbutik\/produkt\/canon-cli-526c-cyan-original\/\" target=\"_blank\" rel=\"noopener noreferrer\">526C Cyan<\/a><\/p>\n<p>Kompatibel med:<\/p>\n<ul class=\"product-highlights--list\">\n<li>Pixma iP4850,<\/li>\n<li>Pixma MG5150,<\/li>\n<li>Pixma MG5250,<\/li>\n<li>Pixma MG6150,<\/li>\n<li>Pixma MG8150<\/li>\n<\/ul>\n","protected":false},"excerpt":{"rendered":"<p>Canon CLI 526BK Svart Original Bl\u00e4ckpatron<\/p>\n","protected":false},"featured_media":3122,"template":"","meta":[],"product_brand":[],"product_cat":[87,61,93],"product_tag":[577,578,579,573,576],"class_list":{"0":"post-2423","1":"product","2":"type-product","3":"status-publish","4":"has-post-thumbnail","6":"product_cat-blackpatroner","7":"product_cat-blackpatroner-toners","8":"product_cat-canon","9":"product_tag-pixma-ip4850","10":"product_tag-pixma-mg5150","11":"product_tag-pixma-mg5250","12":"product_tag-pixma-mg6150","13":"product_tag-pixma-mg8150","15":"first","16":"instock","17":"taxable","18":"shipping-taxable","19":"purchasable","20":"product-type-simple"},"yoast_head":"<!-- This site is optimized with the Yoast SEO Premium plugin v26.7 (Yoast SEO v26.7) - https:\/\/yoast.com\/wordpress\/plugins\/seo\/ -->\n<title>Canon CLI 526BK Svart Original Bl\u00e4ckpatron av h\u00f6g Kvalit\u00e9<\/title>\n<meta name=\"description\" content=\"Canon CLI 526BK Svart Original Bl\u00e4ckpatron. Detta f\u00e4rgblock anv\u00e4nds f\u00f6r att skriva ut foton och dokument. Kombinera med canons egna fotopapper\" \/>\n<meta name=\"robots\" content=\"index, follow, max-snippet:-1, max-image-preview:large, max-video-preview:-1\" \/>\n<link rel=\"canonical\" href=\"https:\/\/www.heddata.se\/webbutik\/produkt\/canon-cli-526bk-svart-original\/\" \/>\n<meta property=\"og:locale\" content=\"sv_SE\" \/>\n<meta property=\"og:type\" content=\"article\" \/>\n<meta property=\"og:title\" content=\"Canon CLI 526BK Svart Original Bl\u00e4ckpatron\" \/>\n<meta property=\"og:description\" content=\"Canon CLI 526BK Svart Original Bl\u00e4ckpatron. Detta f\u00e4rgblock anv\u00e4nds f\u00f6r att skriva ut foton och dokument. Kombinera med canons egna fotopapper\" \/>\n<meta property=\"og:url\" content=\"https:\/\/www.heddata.se\/webbutik\/produkt\/canon-cli-526bk-svart-original\/\" \/>\n<meta property=\"og:site_name\" content=\"Datorer, Skrivare, F\u00e4rgpatroner, Mobiltelefoner\" \/>\n<meta property=\"article:modified_time\" content=\"2026-05-08T16:10:27+00:00\" \/>\n<meta property=\"og:image\" content=\"https:\/\/www.heddata.se\/webbutik\/wp-content\/uploads\/webbutik\/kategorier\/Bl\u00e4ckpatroner-toners\/canon-cli-526bk-svart-original-blackpatron.jpg\" \/>\n\t<meta property=\"og:image:width\" content=\"960\" \/>\n\t<meta property=\"og:image:height\" content=\"720\" \/>\n\t<meta property=\"og:image:type\" content=\"image\/jpeg\" \/>\n<meta name=\"twitter:card\" content=\"summary_large_image\" \/>\n<meta name=\"twitter:label1\" content=\"Ber\u00e4knad l\u00e4stid\" \/>\n\t<meta name=\"twitter:data1\" content=\"1 minut\" \/>\n<script type=\"application\/ld+json\" class=\"yoast-schema-graph\">{\"@context\":\"https:\/\/schema.org\",\"@graph\":[{\"@type\":\"WebPage\",\"@id\":\"https:\/\/www.heddata.se\/webbutik\/produkt\/canon-cli-526bk-svart-original\/\",\"url\":\"https:\/\/www.heddata.se\/webbutik\/produkt\/canon-cli-526bk-svart-original\/\",\"name\":\"Canon CLI 526BK Svart Original Bl\u00e4ckpatron av h\u00f6g Kvalit\u00e9\",\"isPartOf\":{\"@id\":\"https:\/\/www.heddata.se\/webbutik\/#website\"},\"primaryImageOfPage\":{\"@id\":\"https:\/\/www.heddata.se\/webbutik\/produkt\/canon-cli-526bk-svart-original\/#primaryimage\"},\"image\":{\"@id\":\"https:\/\/www.heddata.se\/webbutik\/produkt\/canon-cli-526bk-svart-original\/#primaryimage\"},\"thumbnailUrl\":\"https:\/\/www.heddata.se\/webbutik\/wp-content\/uploads\/webbutik\/kategorier\/Bl\u00e4ckpatroner-toners\/canon-cli-526bk-svart-original-blackpatron.jpg\",\"datePublished\":\"2019-10-07T06:17:18+00:00\",\"dateModified\":\"2026-05-08T16:10:27+00:00\",\"description\":\"Canon CLI 526BK Svart Original Bl\u00e4ckpatron. Detta f\u00e4rgblock anv\u00e4nds f\u00f6r att skriva ut foton och dokument. Kombinera med canons egna fotopapper\",\"breadcrumb\":{\"@id\":\"https:\/\/www.heddata.se\/webbutik\/produkt\/canon-cli-526bk-svart-original\/#breadcrumb\"},\"inLanguage\":\"sv-SE\",\"potentialAction\":[{\"@type\":\"ReadAction\",\"target\":[\"https:\/\/www.heddata.se\/webbutik\/produkt\/canon-cli-526bk-svart-original\/\"]}]},{\"@type\":\"ImageObject\",\"inLanguage\":\"sv-SE\",\"@id\":\"https:\/\/www.heddata.se\/webbutik\/produkt\/canon-cli-526bk-svart-original\/#primaryimage\",\"url\":\"https:\/\/www.heddata.se\/webbutik\/wp-content\/uploads\/webbutik\/kategorier\/Bl\u00e4ckpatroner-toners\/canon-cli-526bk-svart-original-blackpatron.jpg\",\"contentUrl\":\"https:\/\/www.heddata.se\/webbutik\/wp-content\/uploads\/webbutik\/kategorier\/Bl\u00e4ckpatroner-toners\/canon-cli-526bk-svart-original-blackpatron.jpg\",\"width\":960,\"height\":720,\"caption\":\"Canon CLI 526BK Svart Original Bl\u00e4ckpatron\"},{\"@type\":\"BreadcrumbList\",\"@id\":\"https:\/\/www.heddata.se\/webbutik\/produkt\/canon-cli-526bk-svart-original\/#breadcrumb\",\"itemListElement\":[{\"@type\":\"ListItem\",\"position\":1,\"name\":\"Hem\",\"item\":\"https:\/\/www.heddata.se\/webbutik\/\"},{\"@type\":\"ListItem\",\"position\":2,\"name\":\"Produkter\",\"item\":\"https:\/\/www.heddata.se\/webbutik\/shop\/\"},{\"@type\":\"ListItem\",\"position\":3,\"name\":\"Canon CLI 526BK Svart Original Bl\u00e4ckpatron\"}]},{\"@type\":\"WebSite\",\"@id\":\"https:\/\/www.heddata.se\/webbutik\/#website\",\"url\":\"https:\/\/www.heddata.se\/webbutik\/\",\"name\":\"Datorer, Skrivare, F\u00e4rgpatroner, Mobiltelefoner\",\"description\":\"Kablar\",\"publisher\":{\"@id\":\"https:\/\/www.heddata.se\/webbutik\/#organization\"},\"potentialAction\":[{\"@type\":\"SearchAction\",\"target\":{\"@type\":\"EntryPoint\",\"urlTemplate\":\"https:\/\/www.heddata.se\/webbutik\/?s={search_term_string}\"},\"query-input\":{\"@type\":\"PropertyValueSpecification\",\"valueRequired\":true,\"valueName\":\"search_term_string\"}}],\"inLanguage\":\"sv-SE\"},{\"@type\":\"Organization\",\"@id\":\"https:\/\/www.heddata.se\/webbutik\/#organization\",\"name\":\"Heddata AB\",\"url\":\"https:\/\/www.heddata.se\/webbutik\/\",\"logo\":{\"@type\":\"ImageObject\",\"inLanguage\":\"sv-SE\",\"@id\":\"https:\/\/www.heddata.se\/webbutik\/#\/schema\/logo\/image\/\",\"url\":\"https:\/\/www.heddata.se\/webbutik\/wp-content\/uploads\/logga\/heddata-ab-logga.png\",\"contentUrl\":\"https:\/\/www.heddata.se\/webbutik\/wp-content\/uploads\/logga\/heddata-ab-logga.png\",\"width\":200,\"height\":64,\"caption\":\"Heddata AB\"},\"image\":{\"@id\":\"https:\/\/www.heddata.se\/webbutik\/#\/schema\/logo\/image\/\"}}]}<\/script>\n<!-- \/ Yoast SEO Premium plugin. -->","yoast_head_json":{"title":"Canon CLI 526BK Svart Original Bl\u00e4ckpatron av h\u00f6g Kvalit\u00e9","description":"Canon CLI 526BK Svart Original Bl\u00e4ckpatron. Detta f\u00e4rgblock anv\u00e4nds f\u00f6r att skriva ut foton och dokument. Kombinera med canons egna fotopapper","robots":{"index":"index","follow":"follow","max-snippet":"max-snippet:-1","max-image-preview":"max-image-preview:large","max-video-preview":"max-video-preview:-1"},"canonical":"https:\/\/www.heddata.se\/webbutik\/produkt\/canon-cli-526bk-svart-original\/","og_locale":"sv_SE","og_type":"article","og_title":"Canon CLI 526BK Svart Original Bl\u00e4ckpatron","og_description":"Canon CLI 526BK Svart Original Bl\u00e4ckpatron. Detta f\u00e4rgblock anv\u00e4nds f\u00f6r att skriva ut foton och dokument. Kombinera med canons egna fotopapper","og_url":"https:\/\/www.heddata.se\/webbutik\/produkt\/canon-cli-526bk-svart-original\/","og_site_name":"Datorer, Skrivare, F\u00e4rgpatroner, Mobiltelefoner","article_modified_time":"2026-05-08T16:10:27+00:00","og_image":[{"width":960,"height":720,"url":"https:\/\/www.heddata.se\/webbutik\/wp-content\/uploads\/webbutik\/kategorier\/Bl\u00e4ckpatroner-toners\/canon-cli-526bk-svart-original-blackpatron.jpg","type":"image\/jpeg"}],"twitter_card":"summary_large_image","twitter_misc":{"Ber\u00e4knad l\u00e4stid":"1 minut"},"schema":{"@context":"https:\/\/schema.org","@graph":[{"@type":"WebPage","@id":"https:\/\/www.heddata.se\/webbutik\/produkt\/canon-cli-526bk-svart-original\/","url":"https:\/\/www.heddata.se\/webbutik\/produkt\/canon-cli-526bk-svart-original\/","name":"Canon CLI 526BK Svart Original Bl\u00e4ckpatron av h\u00f6g Kvalit\u00e9","isPartOf":{"@id":"https:\/\/www.heddata.se\/webbutik\/#website"},"primaryImageOfPage":{"@id":"https:\/\/www.heddata.se\/webbutik\/produkt\/canon-cli-526bk-svart-original\/#primaryimage"},"image":{"@id":"https:\/\/www.heddata.se\/webbutik\/produkt\/canon-cli-526bk-svart-original\/#primaryimage"},"thumbnailUrl":"https:\/\/www.heddata.se\/webbutik\/wp-content\/uploads\/webbutik\/kategorier\/Bl\u00e4ckpatroner-toners\/canon-cli-526bk-svart-original-blackpatron.jpg","datePublished":"2019-10-07T06:17:18+00:00","dateModified":"2026-05-08T16:10:27+00:00","description":"Canon CLI 526BK Svart Original Bl\u00e4ckpatron. Detta f\u00e4rgblock anv\u00e4nds f\u00f6r att skriva ut foton och dokument. Kombinera med canons egna fotopapper","breadcrumb":{"@id":"https:\/\/www.heddata.se\/webbutik\/produkt\/canon-cli-526bk-svart-original\/#breadcrumb"},"inLanguage":"sv-SE","potentialAction":[{"@type":"ReadAction","target":["https:\/\/www.heddata.se\/webbutik\/produkt\/canon-cli-526bk-svart-original\/"]}]},{"@type":"ImageObject","inLanguage":"sv-SE","@id":"https:\/\/www.heddata.se\/webbutik\/produkt\/canon-cli-526bk-svart-original\/#primaryimage","url":"https:\/\/www.heddata.se\/webbutik\/wp-content\/uploads\/webbutik\/kategorier\/Bl\u00e4ckpatroner-toners\/canon-cli-526bk-svart-original-blackpatron.jpg","contentUrl":"https:\/\/www.heddata.se\/webbutik\/wp-content\/uploads\/webbutik\/kategorier\/Bl\u00e4ckpatroner-toners\/canon-cli-526bk-svart-original-blackpatron.jpg","width":960,"height":720,"caption":"Canon CLI 526BK Svart Original Bl\u00e4ckpatron"},{"@type":"BreadcrumbList","@id":"https:\/\/www.heddata.se\/webbutik\/produkt\/canon-cli-526bk-svart-original\/#breadcrumb","itemListElement":[{"@type":"ListItem","position":1,"name":"Hem","item":"https:\/\/www.heddata.se\/webbutik\/"},{"@type":"ListItem","position":2,"name":"Produkter","item":"https:\/\/www.heddata.se\/webbutik\/shop\/"},{"@type":"ListItem","position":3,"name":"Canon CLI 526BK Svart Original Bl\u00e4ckpatron"}]},{"@type":"WebSite","@id":"https:\/\/www.heddata.se\/webbutik\/#website","url":"https:\/\/www.heddata.se\/webbutik\/","name":"Datorer, Skrivare, F\u00e4rgpatroner, Mobiltelefoner","description":"Kablar","publisher":{"@id":"https:\/\/www.heddata.se\/webbutik\/#organization"},"potentialAction":[{"@type":"SearchAction","target":{"@type":"EntryPoint","urlTemplate":"https:\/\/www.heddata.se\/webbutik\/?s={search_term_string}"},"query-input":{"@type":"PropertyValueSpecification","valueRequired":true,"valueName":"search_term_string"}}],"inLanguage":"sv-SE"},{"@type":"Organization","@id":"https:\/\/www.heddata.se\/webbutik\/#organization","name":"Heddata AB","url":"https:\/\/www.heddata.se\/webbutik\/","logo":{"@type":"ImageObject","inLanguage":"sv-SE","@id":"https:\/\/www.heddata.se\/webbutik\/#\/schema\/logo\/image\/","url":"https:\/\/www.heddata.se\/webbutik\/wp-content\/uploads\/logga\/heddata-ab-logga.png","contentUrl":"https:\/\/www.heddata.se\/webbutik\/wp-content\/uploads\/logga\/heddata-ab-logga.png","width":200,"height":64,"caption":"Heddata AB"},"image":{"@id":"https:\/\/www.heddata.se\/webbutik\/#\/schema\/logo\/image\/"}}]}},"_links":{"self":[{"href":"https:\/\/www.heddata.se\/webbutik\/wp-json\/wp\/v2\/product\/2423","targetHints":{"allow":["GET"]}}],"collection":[{"href":"https:\/\/www.heddata.se\/webbutik\/wp-json\/wp\/v2\/product"}],"about":[{"href":"https:\/\/www.heddata.se\/webbutik\/wp-json\/wp\/v2\/types\/product"}],"wp:featuredmedia":[{"embeddable":true,"href":"https:\/\/www.heddata.se\/webbutik\/wp-json\/wp\/v2\/media\/3122"}],"wp:attachment":[{"href":"https:\/\/www.heddata.se\/webbutik\/wp-json\/wp\/v2\/media?parent=2423"}],"wp:term":[{"taxonomy":"product_brand","embeddable":true,"href":"https:\/\/www.heddata.se\/webbutik\/wp-json\/wp\/v2\/product_brand?post=2423"},{"taxonomy":"product_cat","embeddable":true,"href":"https:\/\/www.heddata.se\/webbutik\/wp-json\/wp\/v2\/product_cat?post=2423"},{"taxonomy":"product_tag","embeddable":true,"href":"https:\/\/www.heddata.se\/webbutik\/wp-json\/wp\/v2\/product_tag?post=2423"}],"curies":[{"name":"wp","href":"https:\/\/api.w.org\/{rel}","templated":true}]}}