{"id":2422,"date":"2019-10-07T08:17:18","date_gmt":"2019-10-07T06:17:18","guid":{"rendered":"https:\/\/www.heddata.se\/webbutik\/produkt\/canon-pgi-525pgbk-svart-original-blacktank-for-pixma-ip4850-i\/"},"modified":"2026-05-08T18:10:27","modified_gmt":"2026-05-08T16:10:27","slug":"canon-pgi-525pgbk","status":"publish","type":"product","link":"https:\/\/www.heddata.se\/webbutik\/produkt\/canon-pgi-525pgbk\/","title":{"rendered":"Canon PGI-525PGBK Svart Original Bl\u00e4ckpatron"},"content":{"rendered":"<p>Canon PGI-525PGBK Svart Original <a href=\"https:\/\/www.heddata.se\/webbutik\/blackpatroner-toners\/blackpatroner\/\">Bl\u00e4ckpatron<\/a>. Denna Original bl\u00e4ckpatron inneh\u00e5ller 19 ml svart bl\u00e4ck fr\u00e5n Canon. Den anv\u00e4nds f\u00f6r att skriva ut dokument p\u00e5 vanligt papper. PGI-525PGBK s\u00e4kerst\u00e4ller en skarp och klar text med l\u00e5ng livsl\u00e4ngd.<br \/>\nN\u00e4r du anv\u00e4nder Canons Original bl\u00e4ckpatroner kan du k\u00e4nna dig lugn och trygg med att din <a href=\"https:\/\/www.heddata.se\/webbutik\/skrivare-blackstrale-monolaser\/\">skrivare<\/a> arbetar efter b\u00e4sta f\u00f6rm\u00e5ga, och att dina utskrifter \u00e4r av h\u00f6gsta kvalitet. Din skrivare blir inte skadad, d\u00e5 bl\u00e4cket \u00e4r framtaget av tillverkaren f\u00f6r att arbeta tillsammans med din Canon-skrivare.<\/p>\n<p>F\u00e4rg: Svart<br \/>\nTyp: Original<br \/>\nTillverkare: <a href=\"https:\/\/www.canon.se\/\" target=\"_blank\" rel=\"noopener noreferrer\">Canon<\/a><br \/>\nUtskriftsteknik: <a href=\"https:\/\/www.heddata.se\/webbutik\/skrivare-blackstrale-monolaser\/blackstraleskrivare\/\">Bl\u00e4ckstr\u00e5le<\/a><br \/>\nSidor: Upp till 341 A4-sidor<br \/>\nBl\u00e4ckm\u00e4ngd: 19 ml<\/p>\n<p>Kompatibel med:<\/p>\n<ul class=\"floated-list clearfix\">\n<li class=\"floated-list--three-col-item\"><span>PIXMA iX6550,<\/span><\/li>\n<li class=\"floated-list--three-col-item\"><i class=\"icon-dot list-dot\"><\/i><span>PIXMA iP4950,<\/span><\/li>\n<li class=\"floated-list--three-col-item\"><i class=\"icon-dot list-dot\"><\/i><span>PIXMA iP4850,<\/span><\/li>\n<li class=\"floated-list--three-col-item\"><i class=\"icon-dot list-dot\"><\/i><span>PIXMA MG5150,<\/span><\/li>\n<li class=\"floated-list--three-col-item\"><i class=\"icon-dot list-dot\"><\/i><span>PIXMA MG5250,<\/span><\/li>\n<li class=\"floated-list--three-col-item\"><i class=\"icon-dot list-dot\"><\/i><span>PIXMA MG5350,<\/span><\/li>\n<li class=\"floated-list--three-col-item\"><i class=\"icon-dot list-dot\"><\/i><span>PIXMA MG6150,<\/span><\/li>\n<li class=\"floated-list--three-col-item\"><i class=\"icon-dot list-dot\"><\/i><span>PIXMA MG6250,<\/span><\/li>\n<li class=\"floated-list--three-col-item\"><i class=\"icon-dot list-dot\"><\/i><span>PIXMA MG8150,<\/span><\/li>\n<li class=\"floated-list--three-col-item\"><i class=\"icon-dot list-dot\"><\/i><span>PIXMA MG8250,<\/span><\/li>\n<li class=\"floated-list--three-col-item\"><i class=\"icon-dot list-dot\"><\/i><span>PIXMA MX715,<\/span><\/li>\n<li class=\"floated-list--three-col-item\"><i class=\"icon-dot list-dot\"><\/i><span>PIXMA MX885,<\/span><\/li>\n<li class=\"floated-list--three-col-item\"><i class=\"icon-dot list-dot\"><\/i><span>PIXMA MX895<\/span><\/li>\n<\/ul>\n","protected":false},"excerpt":{"rendered":"<p>Canon PGI-525PGBK Svart Original Bl\u00e4ckpatron<\/p>\n","protected":false},"featured_media":5301,"template":"","meta":[],"product_brand":[],"product_cat":[87,61,93],"product_tag":[577,990,989,578,579,991,573,574,576,575,992,993,994],"class_list":{"0":"post-2422","1":"product","2":"type-product","3":"status-publish","4":"has-post-thumbnail","6":"product_cat-blackpatroner","7":"product_cat-blackpatroner-toners","8":"product_cat-canon","9":"product_tag-pixma-ip4850","10":"product_tag-pixma-ip4950","11":"product_tag-pixma-ix6550","12":"product_tag-pixma-mg5150","13":"product_tag-pixma-mg5250","14":"product_tag-pixma-mg5350","15":"product_tag-pixma-mg6150","16":"product_tag-pixma-mg6250","17":"product_tag-pixma-mg8150","18":"product_tag-pixma-mg8250","19":"product_tag-pixma-mx715","20":"product_tag-pixma-mx885","21":"product_tag-pixma-mx895","23":"first","24":"instock","25":"taxable","26":"shipping-taxable","27":"purchasable","28":"product-type-simple"},"yoast_head":"<!-- This site is optimized with the Yoast SEO Premium plugin v26.7 (Yoast SEO v26.7) - https:\/\/yoast.com\/wordpress\/plugins\/seo\/ -->\n<title>Canon PGI-525PGBK Svart Original Bl\u00e4ckpatron h\u00f6g kvalitet<\/title>\n<meta name=\"description\" content=\"Canon PGI-525PGBK Svart Original Bl\u00e4ckpatron. Denna Original bl\u00e4ckpatron inneh\u00e5ller 19 ml svart bl\u00e4ck fr\u00e5n Canon. Anv\u00e4nds f\u00f6r att skriva ut dokument\" \/>\n<meta name=\"robots\" content=\"index, follow, max-snippet:-1, max-image-preview:large, max-video-preview:-1\" \/>\n<link rel=\"canonical\" href=\"https:\/\/www.heddata.se\/webbutik\/produkt\/canon-pgi-525pgbk\/\" \/>\n<meta property=\"og:locale\" content=\"sv_SE\" \/>\n<meta property=\"og:type\" content=\"article\" \/>\n<meta property=\"og:title\" content=\"Canon PGI-525PGBK Svart Original Bl\u00e4ckpatron\" \/>\n<meta property=\"og:description\" content=\"Canon PGI-525PGBK Svart Original Bl\u00e4ckpatron. Denna Original bl\u00e4ckpatron inneh\u00e5ller 19 ml svart bl\u00e4ck fr\u00e5n Canon. Anv\u00e4nds f\u00f6r att skriva ut dokument\" \/>\n<meta property=\"og:url\" content=\"https:\/\/www.heddata.se\/webbutik\/produkt\/canon-pgi-525pgbk\/\" \/>\n<meta property=\"og:site_name\" content=\"Datorer, Skrivare, F\u00e4rgpatroner, Mobiltelefoner\" \/>\n<meta property=\"article:modified_time\" content=\"2026-05-08T16:10:27+00:00\" \/>\n<meta property=\"og:image\" content=\"https:\/\/www.heddata.se\/webbutik\/wp-content\/uploads\/webbutik\/kategorier\/Blackpatroner-toners\/canon-pgbk-525-svart-original-blackpatron.jpg\" \/>\n\t<meta property=\"og:image:width\" content=\"1500\" \/>\n\t<meta property=\"og:image:height\" content=\"1500\" \/>\n\t<meta property=\"og:image:type\" content=\"image\/jpeg\" \/>\n<meta name=\"twitter:card\" content=\"summary_large_image\" \/>\n<meta name=\"twitter:label1\" content=\"Ber\u00e4knad l\u00e4stid\" \/>\n\t<meta name=\"twitter:data1\" content=\"1 minut\" \/>\n<script type=\"application\/ld+json\" class=\"yoast-schema-graph\">{\"@context\":\"https:\/\/schema.org\",\"@graph\":[{\"@type\":\"WebPage\",\"@id\":\"https:\/\/www.heddata.se\/webbutik\/produkt\/canon-pgi-525pgbk\/\",\"url\":\"https:\/\/www.heddata.se\/webbutik\/produkt\/canon-pgi-525pgbk\/\",\"name\":\"Canon PGI-525PGBK Svart Original Bl\u00e4ckpatron h\u00f6g kvalitet\",\"isPartOf\":{\"@id\":\"https:\/\/www.heddata.se\/webbutik\/#website\"},\"primaryImageOfPage\":{\"@id\":\"https:\/\/www.heddata.se\/webbutik\/produkt\/canon-pgi-525pgbk\/#primaryimage\"},\"image\":{\"@id\":\"https:\/\/www.heddata.se\/webbutik\/produkt\/canon-pgi-525pgbk\/#primaryimage\"},\"thumbnailUrl\":\"https:\/\/www.heddata.se\/webbutik\/wp-content\/uploads\/webbutik\/kategorier\/Blackpatroner-toners\/canon-pgbk-525-svart-original-blackpatron.jpg\",\"datePublished\":\"2019-10-07T06:17:18+00:00\",\"dateModified\":\"2026-05-08T16:10:27+00:00\",\"description\":\"Canon PGI-525PGBK Svart Original Bl\u00e4ckpatron. Denna Original bl\u00e4ckpatron inneh\u00e5ller 19 ml svart bl\u00e4ck fr\u00e5n Canon. Anv\u00e4nds f\u00f6r att skriva ut dokument\",\"breadcrumb\":{\"@id\":\"https:\/\/www.heddata.se\/webbutik\/produkt\/canon-pgi-525pgbk\/#breadcrumb\"},\"inLanguage\":\"sv-SE\",\"potentialAction\":[{\"@type\":\"ReadAction\",\"target\":[\"https:\/\/www.heddata.se\/webbutik\/produkt\/canon-pgi-525pgbk\/\"]}]},{\"@type\":\"ImageObject\",\"inLanguage\":\"sv-SE\",\"@id\":\"https:\/\/www.heddata.se\/webbutik\/produkt\/canon-pgi-525pgbk\/#primaryimage\",\"url\":\"https:\/\/www.heddata.se\/webbutik\/wp-content\/uploads\/webbutik\/kategorier\/Blackpatroner-toners\/canon-pgbk-525-svart-original-blackpatron.jpg\",\"contentUrl\":\"https:\/\/www.heddata.se\/webbutik\/wp-content\/uploads\/webbutik\/kategorier\/Blackpatroner-toners\/canon-pgbk-525-svart-original-blackpatron.jpg\",\"width\":1500,\"height\":1500,\"caption\":\"Canon PGI-525PGBK Svart Original Bl\u00e4ckpatron\"},{\"@type\":\"BreadcrumbList\",\"@id\":\"https:\/\/www.heddata.se\/webbutik\/produkt\/canon-pgi-525pgbk\/#breadcrumb\",\"itemListElement\":[{\"@type\":\"ListItem\",\"position\":1,\"name\":\"Hem\",\"item\":\"https:\/\/www.heddata.se\/webbutik\/\"},{\"@type\":\"ListItem\",\"position\":2,\"name\":\"Produkter\",\"item\":\"https:\/\/www.heddata.se\/webbutik\/shop\/\"},{\"@type\":\"ListItem\",\"position\":3,\"name\":\"Canon PGI-525PGBK Svart Original Bl\u00e4ckpatron\"}]},{\"@type\":\"WebSite\",\"@id\":\"https:\/\/www.heddata.se\/webbutik\/#website\",\"url\":\"https:\/\/www.heddata.se\/webbutik\/\",\"name\":\"Datorer, Skrivare, F\u00e4rgpatroner, Mobiltelefoner\",\"description\":\"Kablar\",\"publisher\":{\"@id\":\"https:\/\/www.heddata.se\/webbutik\/#organization\"},\"potentialAction\":[{\"@type\":\"SearchAction\",\"target\":{\"@type\":\"EntryPoint\",\"urlTemplate\":\"https:\/\/www.heddata.se\/webbutik\/?s={search_term_string}\"},\"query-input\":{\"@type\":\"PropertyValueSpecification\",\"valueRequired\":true,\"valueName\":\"search_term_string\"}}],\"inLanguage\":\"sv-SE\"},{\"@type\":\"Organization\",\"@id\":\"https:\/\/www.heddata.se\/webbutik\/#organization\",\"name\":\"Heddata AB\",\"url\":\"https:\/\/www.heddata.se\/webbutik\/\",\"logo\":{\"@type\":\"ImageObject\",\"inLanguage\":\"sv-SE\",\"@id\":\"https:\/\/www.heddata.se\/webbutik\/#\/schema\/logo\/image\/\",\"url\":\"https:\/\/www.heddata.se\/webbutik\/wp-content\/uploads\/logga\/heddata-ab-logga.png\",\"contentUrl\":\"https:\/\/www.heddata.se\/webbutik\/wp-content\/uploads\/logga\/heddata-ab-logga.png\",\"width\":200,\"height\":64,\"caption\":\"Heddata AB\"},\"image\":{\"@id\":\"https:\/\/www.heddata.se\/webbutik\/#\/schema\/logo\/image\/\"}}]}<\/script>\n<!-- \/ Yoast SEO Premium plugin. -->","yoast_head_json":{"title":"Canon PGI-525PGBK Svart Original Bl\u00e4ckpatron h\u00f6g kvalitet","description":"Canon PGI-525PGBK Svart Original Bl\u00e4ckpatron. Denna Original bl\u00e4ckpatron inneh\u00e5ller 19 ml svart bl\u00e4ck fr\u00e5n Canon. Anv\u00e4nds f\u00f6r att skriva ut dokument","robots":{"index":"index","follow":"follow","max-snippet":"max-snippet:-1","max-image-preview":"max-image-preview:large","max-video-preview":"max-video-preview:-1"},"canonical":"https:\/\/www.heddata.se\/webbutik\/produkt\/canon-pgi-525pgbk\/","og_locale":"sv_SE","og_type":"article","og_title":"Canon PGI-525PGBK Svart Original Bl\u00e4ckpatron","og_description":"Canon PGI-525PGBK Svart Original Bl\u00e4ckpatron. Denna Original bl\u00e4ckpatron inneh\u00e5ller 19 ml svart bl\u00e4ck fr\u00e5n Canon. Anv\u00e4nds f\u00f6r att skriva ut dokument","og_url":"https:\/\/www.heddata.se\/webbutik\/produkt\/canon-pgi-525pgbk\/","og_site_name":"Datorer, Skrivare, F\u00e4rgpatroner, Mobiltelefoner","article_modified_time":"2026-05-08T16:10:27+00:00","og_image":[{"width":1500,"height":1500,"url":"https:\/\/www.heddata.se\/webbutik\/wp-content\/uploads\/webbutik\/kategorier\/Blackpatroner-toners\/canon-pgbk-525-svart-original-blackpatron.jpg","type":"image\/jpeg"}],"twitter_card":"summary_large_image","twitter_misc":{"Ber\u00e4knad l\u00e4stid":"1 minut"},"schema":{"@context":"https:\/\/schema.org","@graph":[{"@type":"WebPage","@id":"https:\/\/www.heddata.se\/webbutik\/produkt\/canon-pgi-525pgbk\/","url":"https:\/\/www.heddata.se\/webbutik\/produkt\/canon-pgi-525pgbk\/","name":"Canon PGI-525PGBK Svart Original Bl\u00e4ckpatron h\u00f6g kvalitet","isPartOf":{"@id":"https:\/\/www.heddata.se\/webbutik\/#website"},"primaryImageOfPage":{"@id":"https:\/\/www.heddata.se\/webbutik\/produkt\/canon-pgi-525pgbk\/#primaryimage"},"image":{"@id":"https:\/\/www.heddata.se\/webbutik\/produkt\/canon-pgi-525pgbk\/#primaryimage"},"thumbnailUrl":"https:\/\/www.heddata.se\/webbutik\/wp-content\/uploads\/webbutik\/kategorier\/Blackpatroner-toners\/canon-pgbk-525-svart-original-blackpatron.jpg","datePublished":"2019-10-07T06:17:18+00:00","dateModified":"2026-05-08T16:10:27+00:00","description":"Canon PGI-525PGBK Svart Original Bl\u00e4ckpatron. Denna Original bl\u00e4ckpatron inneh\u00e5ller 19 ml svart bl\u00e4ck fr\u00e5n Canon. Anv\u00e4nds f\u00f6r att skriva ut dokument","breadcrumb":{"@id":"https:\/\/www.heddata.se\/webbutik\/produkt\/canon-pgi-525pgbk\/#breadcrumb"},"inLanguage":"sv-SE","potentialAction":[{"@type":"ReadAction","target":["https:\/\/www.heddata.se\/webbutik\/produkt\/canon-pgi-525pgbk\/"]}]},{"@type":"ImageObject","inLanguage":"sv-SE","@id":"https:\/\/www.heddata.se\/webbutik\/produkt\/canon-pgi-525pgbk\/#primaryimage","url":"https:\/\/www.heddata.se\/webbutik\/wp-content\/uploads\/webbutik\/kategorier\/Blackpatroner-toners\/canon-pgbk-525-svart-original-blackpatron.jpg","contentUrl":"https:\/\/www.heddata.se\/webbutik\/wp-content\/uploads\/webbutik\/kategorier\/Blackpatroner-toners\/canon-pgbk-525-svart-original-blackpatron.jpg","width":1500,"height":1500,"caption":"Canon PGI-525PGBK Svart Original Bl\u00e4ckpatron"},{"@type":"BreadcrumbList","@id":"https:\/\/www.heddata.se\/webbutik\/produkt\/canon-pgi-525pgbk\/#breadcrumb","itemListElement":[{"@type":"ListItem","position":1,"name":"Hem","item":"https:\/\/www.heddata.se\/webbutik\/"},{"@type":"ListItem","position":2,"name":"Produkter","item":"https:\/\/www.heddata.se\/webbutik\/shop\/"},{"@type":"ListItem","position":3,"name":"Canon PGI-525PGBK Svart Original Bl\u00e4ckpatron"}]},{"@type":"WebSite","@id":"https:\/\/www.heddata.se\/webbutik\/#website","url":"https:\/\/www.heddata.se\/webbutik\/","name":"Datorer, Skrivare, F\u00e4rgpatroner, Mobiltelefoner","description":"Kablar","publisher":{"@id":"https:\/\/www.heddata.se\/webbutik\/#organization"},"potentialAction":[{"@type":"SearchAction","target":{"@type":"EntryPoint","urlTemplate":"https:\/\/www.heddata.se\/webbutik\/?s={search_term_string}"},"query-input":{"@type":"PropertyValueSpecification","valueRequired":true,"valueName":"search_term_string"}}],"inLanguage":"sv-SE"},{"@type":"Organization","@id":"https:\/\/www.heddata.se\/webbutik\/#organization","name":"Heddata AB","url":"https:\/\/www.heddata.se\/webbutik\/","logo":{"@type":"ImageObject","inLanguage":"sv-SE","@id":"https:\/\/www.heddata.se\/webbutik\/#\/schema\/logo\/image\/","url":"https:\/\/www.heddata.se\/webbutik\/wp-content\/uploads\/logga\/heddata-ab-logga.png","contentUrl":"https:\/\/www.heddata.se\/webbutik\/wp-content\/uploads\/logga\/heddata-ab-logga.png","width":200,"height":64,"caption":"Heddata AB"},"image":{"@id":"https:\/\/www.heddata.se\/webbutik\/#\/schema\/logo\/image\/"}}]}},"_links":{"self":[{"href":"https:\/\/www.heddata.se\/webbutik\/wp-json\/wp\/v2\/product\/2422","targetHints":{"allow":["GET"]}}],"collection":[{"href":"https:\/\/www.heddata.se\/webbutik\/wp-json\/wp\/v2\/product"}],"about":[{"href":"https:\/\/www.heddata.se\/webbutik\/wp-json\/wp\/v2\/types\/product"}],"wp:featuredmedia":[{"embeddable":true,"href":"https:\/\/www.heddata.se\/webbutik\/wp-json\/wp\/v2\/media\/5301"}],"wp:attachment":[{"href":"https:\/\/www.heddata.se\/webbutik\/wp-json\/wp\/v2\/media?parent=2422"}],"wp:term":[{"taxonomy":"product_brand","embeddable":true,"href":"https:\/\/www.heddata.se\/webbutik\/wp-json\/wp\/v2\/product_brand?post=2422"},{"taxonomy":"product_cat","embeddable":true,"href":"https:\/\/www.heddata.se\/webbutik\/wp-json\/wp\/v2\/product_cat?post=2422"},{"taxonomy":"product_tag","embeddable":true,"href":"https:\/\/www.heddata.se\/webbutik\/wp-json\/wp\/v2\/product_tag?post=2422"}],"curies":[{"name":"wp","href":"https:\/\/api.w.org\/{rel}","templated":true}]}}