{"id":2418,"date":"2019-10-07T08:17:16","date_gmt":"2019-10-07T06:17:16","guid":{"rendered":"https:\/\/www.heddata.se\/webbutik\/produkt\/canon-cl-513-farg-cyan-magenta-gul-original-blackpatron-fo\/"},"modified":"2026-05-08T18:10:21","modified_gmt":"2026-05-08T16:10:21","slug":"canon-cl-513-farg","status":"publish","type":"product","link":"https:\/\/www.heddata.se\/webbutik\/produkt\/canon-cl-513-farg\/","title":{"rendered":"Canon CL-513 F\u00e4rg Cyan, Magenta, Gul Original Bl\u00e4ckpatron"},"content":{"rendered":"<p>Canon CL-513 F\u00e4rg Cyan, Magenta, Gul Original <a href=\"https:\/\/www.heddata.se\/webbutik\/blackpatroner-toners\/blackpatroner\/\">Bl\u00e4ckpatron<\/a>. Denna f\u00e4rgglada bl\u00e4ckpatron anv\u00e4nds till att skiva ut foton och f\u00e4rgdokument. Den tref\u00e4rgade bl\u00e4ckpatronen anv\u00e4nder CromaLife100+- systemet. Denna patron inneh\u00e5ller 13 ml bl\u00e4ck och kan ge dig upp till 349 A4-sidor.<\/p>\n<p>Tillverkare: <a href=\"https:\/\/www.canon.se\/\" target=\"_blank\" rel=\"noopener noreferrer\">Canon<\/a><br \/>\nF\u00e4rg: F\u00e4rg Magenta, Gul, Cyan<br \/>\nUtskriftsteknik: <a href=\"https:\/\/www.heddata.se\/webbutik\/skrivare-blackstrale-monolaser\/blackstraleskrivare\/\">Bl\u00e4ckstr\u00e5le<\/a><br \/>\nM\u00e4ngd bl\u00e4ck: 13 ml<br \/>\nAntal sidor: 349 A4-dokument<\/p>\n<p>Kompatibel med: <span>PIXMA MP252,<\/span><i class=\"icon-dot list-dot\"><\/i><span>PIXMA MP260,<\/span><i class=\"icon-dot list-dot\"><\/i><span>PIXMA MP270,<\/span><i class=\"icon-dot list-dot\"><\/i><span>PIXMA MP240,<\/span><i class=\"icon-dot list-dot\"><\/i><span>PIXMA MP272,<\/span><i class=\"icon-dot list-dot\"><\/i><span>PIXMA MP280,<\/span><i class=\"icon-dot list-dot\"><\/i><span>PIXMA MP282,<\/span><i class=\"icon-dot list-dot\"><\/i><span>PIXMA MP480,<\/span><i class=\"icon-dot list-dot\"><\/i><span>PIXMA MP490,<\/span><i class=\"icon-dot list-dot\"><\/i><span>PIXMA MP492,<\/span><i class=\"icon-dot list-dot\"><\/i><span>PIXMA MP495,<\/span><i class=\"icon-dot list-dot\"><\/i><span>PIXMA MP499,<\/span><i class=\"icon-dot list-dot\"><\/i><span>PIXMA MX320,<\/span><i class=\"icon-dot list-dot\"><\/i><span>PIXMA MX330,<\/span><i class=\"icon-dot list-dot\"><\/i><span>PIXMA MX340,<\/span><i class=\"icon-dot list-dot\"><\/i><span>PIXMA MX350,<\/span><i class=\"icon-dot list-dot\"><\/i><span>PIXMA MX420,<\/span><i class=\"icon-dot list-dot\"><\/i><span>PIXMA MX360,<\/span><i class=\"icon-dot list-dot\"><\/i><span>PIXMA MX410,<\/span><i class=\"icon-dot list-dot\"><\/i><span>PIXMA iP2700,<\/span><i class=\"icon-dot list-dot\"><\/i><span>PIXMA iP2702,<\/span><i class=\"icon-dot list-dot\"><\/i><span>PIXMA MP250,<\/span><i class=\"icon-dot list-dot\"><\/i><span>PIXMA MP230<\/span><\/p>\n","protected":false},"excerpt":{"rendered":"<p>Canon CL-513 F\u00e4rg Cyan, Magenta, Gul Original Bl\u00e4ckpatron<\/p>\n","protected":false},"featured_media":5439,"template":"","meta":[],"product_brand":[],"product_cat":[87,61,93],"product_tag":[878,877,1057,1058,1059,1060,1061,1055,1056,1062,1063,1064,1065,1066,1067,1068,1069,1070,1071,1072,1073,1074,1075],"class_list":{"0":"post-2418","1":"product","2":"type-product","3":"status-publish","4":"has-post-thumbnail","6":"product_cat-blackpatroner","7":"product_cat-blackpatroner-toners","8":"product_cat-canon","9":"product_tag-pixma-ip2700","10":"product_tag-pixma-ip2702","11":"product_tag-pixma-mp230","12":"product_tag-pixma-mp240","13":"product_tag-pixma-mp250","14":"product_tag-pixma-mp252","15":"product_tag-pixma-mp260","16":"product_tag-pixma-mp270","17":"product_tag-pixma-mp272","18":"product_tag-pixma-mp280","19":"product_tag-pixma-mp282","20":"product_tag-pixma-mp480","21":"product_tag-pixma-mp490","22":"product_tag-pixma-mp492","23":"product_tag-pixma-mp495","24":"product_tag-pixma-mp499","25":"product_tag-pixma-mx320","26":"product_tag-pixma-mx330","27":"product_tag-pixma-mx340","28":"product_tag-pixma-mx350","29":"product_tag-pixma-mx360","30":"product_tag-pixma-mx410","31":"product_tag-pixma-mx420","33":"first","34":"instock","35":"taxable","36":"shipping-taxable","37":"purchasable","38":"product-type-simple"},"yoast_head":"<!-- This site is optimized with the Yoast SEO Premium plugin v26.7 (Yoast SEO v26.7) - https:\/\/yoast.com\/wordpress\/plugins\/seo\/ -->\n<title>Canon CL-513 F\u00e4rg Cyan, Magenta, Gul Original Bl\u00e4ckpatron<\/title>\n<meta name=\"description\" content=\"Canon CL-513 F\u00e4rg Cyan, Magenta, Gul Original Bl\u00e4ckpatron. Denna f\u00e4rgglada bl\u00e4ckpatron anv\u00e4nds till att skiva ut foton och f\u00e4rgdokument.\" \/>\n<meta name=\"robots\" content=\"index, follow, max-snippet:-1, max-image-preview:large, max-video-preview:-1\" \/>\n<link rel=\"canonical\" href=\"https:\/\/www.heddata.se\/webbutik\/produkt\/canon-cl-513-farg\/\" \/>\n<meta property=\"og:locale\" content=\"sv_SE\" \/>\n<meta property=\"og:type\" content=\"article\" \/>\n<meta property=\"og:title\" content=\"Canon CL-513 F\u00e4rg Cyan, Magenta, Gul Original Bl\u00e4ckpatron\" \/>\n<meta property=\"og:description\" content=\"Canon CL-513 F\u00e4rg Cyan, Magenta, Gul Original Bl\u00e4ckpatron. Denna f\u00e4rgglada bl\u00e4ckpatron anv\u00e4nds till att skiva ut foton och f\u00e4rgdokument.\" \/>\n<meta property=\"og:url\" content=\"https:\/\/www.heddata.se\/webbutik\/produkt\/canon-cl-513-farg\/\" \/>\n<meta property=\"og:site_name\" content=\"Datorer, Skrivare, F\u00e4rgpatroner, Mobiltelefoner\" \/>\n<meta property=\"article:modified_time\" content=\"2026-05-08T16:10:21+00:00\" \/>\n<meta property=\"og:image\" content=\"https:\/\/www.heddata.se\/webbutik\/wp-content\/uploads\/webbutik\/kategorier\/Blackpatroner-toners\/canon-cl-513-farg-original-blackpatron.jpg\" \/>\n\t<meta property=\"og:image:width\" content=\"420\" \/>\n\t<meta property=\"og:image:height\" content=\"420\" \/>\n\t<meta property=\"og:image:type\" content=\"image\/jpeg\" \/>\n<meta name=\"twitter:card\" content=\"summary_large_image\" \/>\n<meta name=\"twitter:label1\" content=\"Ber\u00e4knad l\u00e4stid\" \/>\n\t<meta name=\"twitter:data1\" content=\"1 minut\" \/>\n<script type=\"application\/ld+json\" class=\"yoast-schema-graph\">{\"@context\":\"https:\/\/schema.org\",\"@graph\":[{\"@type\":\"WebPage\",\"@id\":\"https:\/\/www.heddata.se\/webbutik\/produkt\/canon-cl-513-farg\/\",\"url\":\"https:\/\/www.heddata.se\/webbutik\/produkt\/canon-cl-513-farg\/\",\"name\":\"Canon CL-513 F\u00e4rg Cyan, Magenta, Gul Original Bl\u00e4ckpatron\",\"isPartOf\":{\"@id\":\"https:\/\/www.heddata.se\/webbutik\/#website\"},\"primaryImageOfPage\":{\"@id\":\"https:\/\/www.heddata.se\/webbutik\/produkt\/canon-cl-513-farg\/#primaryimage\"},\"image\":{\"@id\":\"https:\/\/www.heddata.se\/webbutik\/produkt\/canon-cl-513-farg\/#primaryimage\"},\"thumbnailUrl\":\"https:\/\/www.heddata.se\/webbutik\/wp-content\/uploads\/webbutik\/kategorier\/Blackpatroner-toners\/canon-cl-513-farg-original-blackpatron.jpg\",\"datePublished\":\"2019-10-07T06:17:16+00:00\",\"dateModified\":\"2026-05-08T16:10:21+00:00\",\"description\":\"Canon CL-513 F\u00e4rg Cyan, Magenta, Gul Original Bl\u00e4ckpatron. Denna f\u00e4rgglada bl\u00e4ckpatron anv\u00e4nds till att skiva ut foton och f\u00e4rgdokument.\",\"breadcrumb\":{\"@id\":\"https:\/\/www.heddata.se\/webbutik\/produkt\/canon-cl-513-farg\/#breadcrumb\"},\"inLanguage\":\"sv-SE\",\"potentialAction\":[{\"@type\":\"ReadAction\",\"target\":[\"https:\/\/www.heddata.se\/webbutik\/produkt\/canon-cl-513-farg\/\"]}]},{\"@type\":\"ImageObject\",\"inLanguage\":\"sv-SE\",\"@id\":\"https:\/\/www.heddata.se\/webbutik\/produkt\/canon-cl-513-farg\/#primaryimage\",\"url\":\"https:\/\/www.heddata.se\/webbutik\/wp-content\/uploads\/webbutik\/kategorier\/Blackpatroner-toners\/canon-cl-513-farg-original-blackpatron.jpg\",\"contentUrl\":\"https:\/\/www.heddata.se\/webbutik\/wp-content\/uploads\/webbutik\/kategorier\/Blackpatroner-toners\/canon-cl-513-farg-original-blackpatron.jpg\",\"width\":420,\"height\":420,\"caption\":\"Canon CL-513 F\u00e4rg Cyan, Magenta, Gul Original Bl\u00e4ckpatron\"},{\"@type\":\"BreadcrumbList\",\"@id\":\"https:\/\/www.heddata.se\/webbutik\/produkt\/canon-cl-513-farg\/#breadcrumb\",\"itemListElement\":[{\"@type\":\"ListItem\",\"position\":1,\"name\":\"Hem\",\"item\":\"https:\/\/www.heddata.se\/webbutik\/\"},{\"@type\":\"ListItem\",\"position\":2,\"name\":\"Produkter\",\"item\":\"https:\/\/www.heddata.se\/webbutik\/shop\/\"},{\"@type\":\"ListItem\",\"position\":3,\"name\":\"Canon CL-513 F\u00e4rg Cyan, Magenta, Gul Original Bl\u00e4ckpatron\"}]},{\"@type\":\"WebSite\",\"@id\":\"https:\/\/www.heddata.se\/webbutik\/#website\",\"url\":\"https:\/\/www.heddata.se\/webbutik\/\",\"name\":\"Datorer, Skrivare, F\u00e4rgpatroner, Mobiltelefoner\",\"description\":\"Kablar\",\"publisher\":{\"@id\":\"https:\/\/www.heddata.se\/webbutik\/#organization\"},\"potentialAction\":[{\"@type\":\"SearchAction\",\"target\":{\"@type\":\"EntryPoint\",\"urlTemplate\":\"https:\/\/www.heddata.se\/webbutik\/?s={search_term_string}\"},\"query-input\":{\"@type\":\"PropertyValueSpecification\",\"valueRequired\":true,\"valueName\":\"search_term_string\"}}],\"inLanguage\":\"sv-SE\"},{\"@type\":\"Organization\",\"@id\":\"https:\/\/www.heddata.se\/webbutik\/#organization\",\"name\":\"Heddata AB\",\"url\":\"https:\/\/www.heddata.se\/webbutik\/\",\"logo\":{\"@type\":\"ImageObject\",\"inLanguage\":\"sv-SE\",\"@id\":\"https:\/\/www.heddata.se\/webbutik\/#\/schema\/logo\/image\/\",\"url\":\"https:\/\/www.heddata.se\/webbutik\/wp-content\/uploads\/logga\/heddata-ab-logga.png\",\"contentUrl\":\"https:\/\/www.heddata.se\/webbutik\/wp-content\/uploads\/logga\/heddata-ab-logga.png\",\"width\":200,\"height\":64,\"caption\":\"Heddata AB\"},\"image\":{\"@id\":\"https:\/\/www.heddata.se\/webbutik\/#\/schema\/logo\/image\/\"}}]}<\/script>\n<!-- \/ Yoast SEO Premium plugin. -->","yoast_head_json":{"title":"Canon CL-513 F\u00e4rg Cyan, Magenta, Gul Original Bl\u00e4ckpatron","description":"Canon CL-513 F\u00e4rg Cyan, Magenta, Gul Original Bl\u00e4ckpatron. Denna f\u00e4rgglada bl\u00e4ckpatron anv\u00e4nds till att skiva ut foton och f\u00e4rgdokument.","robots":{"index":"index","follow":"follow","max-snippet":"max-snippet:-1","max-image-preview":"max-image-preview:large","max-video-preview":"max-video-preview:-1"},"canonical":"https:\/\/www.heddata.se\/webbutik\/produkt\/canon-cl-513-farg\/","og_locale":"sv_SE","og_type":"article","og_title":"Canon CL-513 F\u00e4rg Cyan, Magenta, Gul Original Bl\u00e4ckpatron","og_description":"Canon CL-513 F\u00e4rg Cyan, Magenta, Gul Original Bl\u00e4ckpatron. Denna f\u00e4rgglada bl\u00e4ckpatron anv\u00e4nds till att skiva ut foton och f\u00e4rgdokument.","og_url":"https:\/\/www.heddata.se\/webbutik\/produkt\/canon-cl-513-farg\/","og_site_name":"Datorer, Skrivare, F\u00e4rgpatroner, Mobiltelefoner","article_modified_time":"2026-05-08T16:10:21+00:00","og_image":[{"width":420,"height":420,"url":"https:\/\/www.heddata.se\/webbutik\/wp-content\/uploads\/webbutik\/kategorier\/Blackpatroner-toners\/canon-cl-513-farg-original-blackpatron.jpg","type":"image\/jpeg"}],"twitter_card":"summary_large_image","twitter_misc":{"Ber\u00e4knad l\u00e4stid":"1 minut"},"schema":{"@context":"https:\/\/schema.org","@graph":[{"@type":"WebPage","@id":"https:\/\/www.heddata.se\/webbutik\/produkt\/canon-cl-513-farg\/","url":"https:\/\/www.heddata.se\/webbutik\/produkt\/canon-cl-513-farg\/","name":"Canon CL-513 F\u00e4rg Cyan, Magenta, Gul Original Bl\u00e4ckpatron","isPartOf":{"@id":"https:\/\/www.heddata.se\/webbutik\/#website"},"primaryImageOfPage":{"@id":"https:\/\/www.heddata.se\/webbutik\/produkt\/canon-cl-513-farg\/#primaryimage"},"image":{"@id":"https:\/\/www.heddata.se\/webbutik\/produkt\/canon-cl-513-farg\/#primaryimage"},"thumbnailUrl":"https:\/\/www.heddata.se\/webbutik\/wp-content\/uploads\/webbutik\/kategorier\/Blackpatroner-toners\/canon-cl-513-farg-original-blackpatron.jpg","datePublished":"2019-10-07T06:17:16+00:00","dateModified":"2026-05-08T16:10:21+00:00","description":"Canon CL-513 F\u00e4rg Cyan, Magenta, Gul Original Bl\u00e4ckpatron. Denna f\u00e4rgglada bl\u00e4ckpatron anv\u00e4nds till att skiva ut foton och f\u00e4rgdokument.","breadcrumb":{"@id":"https:\/\/www.heddata.se\/webbutik\/produkt\/canon-cl-513-farg\/#breadcrumb"},"inLanguage":"sv-SE","potentialAction":[{"@type":"ReadAction","target":["https:\/\/www.heddata.se\/webbutik\/produkt\/canon-cl-513-farg\/"]}]},{"@type":"ImageObject","inLanguage":"sv-SE","@id":"https:\/\/www.heddata.se\/webbutik\/produkt\/canon-cl-513-farg\/#primaryimage","url":"https:\/\/www.heddata.se\/webbutik\/wp-content\/uploads\/webbutik\/kategorier\/Blackpatroner-toners\/canon-cl-513-farg-original-blackpatron.jpg","contentUrl":"https:\/\/www.heddata.se\/webbutik\/wp-content\/uploads\/webbutik\/kategorier\/Blackpatroner-toners\/canon-cl-513-farg-original-blackpatron.jpg","width":420,"height":420,"caption":"Canon CL-513 F\u00e4rg Cyan, Magenta, Gul Original Bl\u00e4ckpatron"},{"@type":"BreadcrumbList","@id":"https:\/\/www.heddata.se\/webbutik\/produkt\/canon-cl-513-farg\/#breadcrumb","itemListElement":[{"@type":"ListItem","position":1,"name":"Hem","item":"https:\/\/www.heddata.se\/webbutik\/"},{"@type":"ListItem","position":2,"name":"Produkter","item":"https:\/\/www.heddata.se\/webbutik\/shop\/"},{"@type":"ListItem","position":3,"name":"Canon CL-513 F\u00e4rg Cyan, Magenta, Gul Original Bl\u00e4ckpatron"}]},{"@type":"WebSite","@id":"https:\/\/www.heddata.se\/webbutik\/#website","url":"https:\/\/www.heddata.se\/webbutik\/","name":"Datorer, Skrivare, F\u00e4rgpatroner, Mobiltelefoner","description":"Kablar","publisher":{"@id":"https:\/\/www.heddata.se\/webbutik\/#organization"},"potentialAction":[{"@type":"SearchAction","target":{"@type":"EntryPoint","urlTemplate":"https:\/\/www.heddata.se\/webbutik\/?s={search_term_string}"},"query-input":{"@type":"PropertyValueSpecification","valueRequired":true,"valueName":"search_term_string"}}],"inLanguage":"sv-SE"},{"@type":"Organization","@id":"https:\/\/www.heddata.se\/webbutik\/#organization","name":"Heddata AB","url":"https:\/\/www.heddata.se\/webbutik\/","logo":{"@type":"ImageObject","inLanguage":"sv-SE","@id":"https:\/\/www.heddata.se\/webbutik\/#\/schema\/logo\/image\/","url":"https:\/\/www.heddata.se\/webbutik\/wp-content\/uploads\/logga\/heddata-ab-logga.png","contentUrl":"https:\/\/www.heddata.se\/webbutik\/wp-content\/uploads\/logga\/heddata-ab-logga.png","width":200,"height":64,"caption":"Heddata AB"},"image":{"@id":"https:\/\/www.heddata.se\/webbutik\/#\/schema\/logo\/image\/"}}]}},"_links":{"self":[{"href":"https:\/\/www.heddata.se\/webbutik\/wp-json\/wp\/v2\/product\/2418","targetHints":{"allow":["GET"]}}],"collection":[{"href":"https:\/\/www.heddata.se\/webbutik\/wp-json\/wp\/v2\/product"}],"about":[{"href":"https:\/\/www.heddata.se\/webbutik\/wp-json\/wp\/v2\/types\/product"}],"wp:featuredmedia":[{"embeddable":true,"href":"https:\/\/www.heddata.se\/webbutik\/wp-json\/wp\/v2\/media\/5439"}],"wp:attachment":[{"href":"https:\/\/www.heddata.se\/webbutik\/wp-json\/wp\/v2\/media?parent=2418"}],"wp:term":[{"taxonomy":"product_brand","embeddable":true,"href":"https:\/\/www.heddata.se\/webbutik\/wp-json\/wp\/v2\/product_brand?post=2418"},{"taxonomy":"product_cat","embeddable":true,"href":"https:\/\/www.heddata.se\/webbutik\/wp-json\/wp\/v2\/product_cat?post=2418"},{"taxonomy":"product_tag","embeddable":true,"href":"https:\/\/www.heddata.se\/webbutik\/wp-json\/wp\/v2\/product_tag?post=2418"}],"curies":[{"name":"wp","href":"https:\/\/api.w.org\/{rel}","templated":true}]}}