{"id":2411,"date":"2019-10-07T08:17:16","date_gmt":"2019-10-07T06:17:16","guid":{"rendered":"https:\/\/www.heddata.se\/webbutik\/produkt\/canon-cli-521bk-foto-svart-original-blacktank-for-pixma-ip3600\/"},"modified":"2026-05-08T18:10:20","modified_gmt":"2026-05-08T16:10:20","slug":"canon-cli-521bk-svart-foto","status":"publish","type":"product","link":"https:\/\/www.heddata.se\/webbutik\/produkt\/canon-cli-521bk-svart-foto\/","title":{"rendered":"Canon CLI-521BK Svart Foto Original bl\u00e4ckpatron"},"content":{"rendered":"<p>Canon CLI-521BK Svart Original <a href=\"https:\/\/www.heddata.se\/webbutik\/blackpatroner-toners\/blackpatroner\/\">bl\u00e4ckpatron<\/a>. Skriv ut och f\u00f6reviga dina h\u00e4rliga minnen i fina f\u00e4rger. Denna svarta bl\u00e4ckpatron \u00e4r till f\u00f6r att skriva ut foton. Med <a href=\"https:\/\/www.canon.se\/\" target=\"_blank\" rel=\"noopener noreferrer\">Canons<\/a> \u00e4kta bl\u00e4ck kan de garantera dig prima dokument och fotoutskrifter. Det b\u00e4sta resultatet uppn\u00e5r du genom att kombinera detta bl\u00e4ck med Canons fotopapper.<br \/>\nDenna patron inneh\u00e5ller 9ml bl\u00e4ck.<\/p>\n<p>\u00d6vriga f\u00e4rger: <a href=\"https:\/\/www.heddata.se\/webbutik\/produkt\/canon-521-magenta-orignal\/\">521 Magenta<\/a>, <a href=\"https:\/\/www.heddata.se\/webbutik\/produkt\/canon-521-gul-original\/\">521 Gul,<\/a> <a href=\"https:\/\/www.heddata.se\/webbutik\/produkt\/canon-521-cyan-original\/\">521 Cyan<\/a>, <a href=\"https:\/\/www.heddata.se\/webbutik\/produkt\/canon-521-gra-original\/\">521 Gr\u00e5<\/a>,<a href=\"https:\/\/www.heddata.se\/webbutik\/produkt\/canon-521-multipack-original\/\"> 521 Multipack<\/a><\/p>\n<p>Kompatibel med: PIXMA MP980, <i class=\"icon-dot list-dot\"><\/i>PIXMA MP640, <i class=\"icon-dot list-dot\"><\/i>PIXMA MP630, <i class=\"icon-dot list-dot\"><\/i>PIXMA MP620B, <i class=\"icon-dot list-dot\"><\/i>PIXMA MP620, <i class=\"icon-dot list-dot\"><\/i>PIXMA MP560, <i class=\"icon-dot list-dot\"><\/i>PIXMA MP550, <i class=\"icon-dot list-dot\"><\/i>PIXMA MP540x, <i class=\"icon-dot list-dot\"><\/i>PIXMA MP540, <i class=\"icon-dot list-dot\"><\/i>PIXMA iP4700, <i class=\"icon-dot list-dot\"><\/i>PIXMA iP4600, <i class=\"icon-dot list-dot\"><\/i>PIXMA MX860, <i class=\"icon-dot list-dot\"><\/i>PIXMA MP990, <i class=\"icon-dot list-dot\"><\/i>PIXMA iP3600, <i class=\"icon-dot list-dot\"><\/i>PIXMA iP4600x, <i class=\"icon-dot list-dot\"><\/i>PIXMA MX870<\/p>\n","protected":false},"excerpt":{"rendered":"<p>Canon CLI-521BK Svart Original bl\u00e4ckpatron<\/p>\n","protected":false},"featured_media":4583,"template":"","meta":[],"product_brand":[],"product_cat":[87,61,93],"product_tag":[682,679,683,678,677,676,675,674,673,672,671,670,669,681,680,684],"class_list":{"0":"post-2411","1":"product","2":"type-product","3":"status-publish","4":"has-post-thumbnail","6":"product_cat-blackpatroner","7":"product_cat-blackpatroner-toners","8":"product_cat-canon","9":"product_tag-pixma-ip3600","10":"product_tag-pixma-ip4600","11":"product_tag-pixma-ip4600x","12":"product_tag-pixma-ip4700","13":"product_tag-pixma-mp540","14":"product_tag-pixma-mp540x","15":"product_tag-pixma-mp550","16":"product_tag-pixma-mp560","17":"product_tag-pixma-mp620","18":"product_tag-pixma-mp620b","19":"product_tag-pixma-mp630","20":"product_tag-pixma-mp640","21":"product_tag-pixma-mp980","22":"product_tag-pixma-mp990","23":"product_tag-pixma-mx860","24":"product_tag-pixma-mx870","26":"first","27":"instock","28":"taxable","29":"shipping-taxable","30":"purchasable","31":"product-type-simple"},"yoast_head":"<!-- This site is optimized with the Yoast SEO Premium plugin v26.7 (Yoast SEO v26.7) - https:\/\/yoast.com\/wordpress\/plugins\/seo\/ -->\n<title>Canon CLI-521BK Svart Foto Original bl\u00e4ckpatron.<\/title>\n<meta name=\"description\" content=\"Canon CLI-521BK Svart Foto Original bl\u00e4ckpatron. Skriv ut och f\u00f6reviga dina fina minnen i fina f\u00e4rger. Anv\u00e4nds f\u00f6r fotoutskrifter\" \/>\n<meta name=\"robots\" content=\"index, follow, max-snippet:-1, max-image-preview:large, max-video-preview:-1\" \/>\n<link rel=\"canonical\" href=\"https:\/\/www.heddata.se\/webbutik\/produkt\/canon-cli-521bk-svart-foto\/\" \/>\n<meta property=\"og:locale\" content=\"sv_SE\" \/>\n<meta property=\"og:type\" content=\"article\" \/>\n<meta property=\"og:title\" content=\"Canon CLI-521BK Svart Foto Original bl\u00e4ckpatron\" \/>\n<meta property=\"og:description\" content=\"Canon CLI-521BK Svart Foto Original bl\u00e4ckpatron. Skriv ut och f\u00f6reviga dina fina minnen i fina f\u00e4rger. Anv\u00e4nds f\u00f6r fotoutskrifter\" \/>\n<meta property=\"og:url\" content=\"https:\/\/www.heddata.se\/webbutik\/produkt\/canon-cli-521bk-svart-foto\/\" \/>\n<meta property=\"og:site_name\" content=\"Datorer, Skrivare, F\u00e4rgpatroner, Mobiltelefoner\" \/>\n<meta property=\"article:modified_time\" content=\"2026-05-08T16:10:20+00:00\" \/>\n<meta property=\"og:image\" content=\"https:\/\/www.heddata.se\/webbutik\/wp-content\/uploads\/webbutik\/kategorier\/Bl\u00e4ckpatroner-toners\/Canon-CLI-521BK-Svart-Foto-Original-blackpatron.jpg\" \/>\n\t<meta property=\"og:image:width\" content=\"1000\" \/>\n\t<meta property=\"og:image:height\" content=\"1000\" \/>\n\t<meta property=\"og:image:type\" content=\"image\/jpeg\" \/>\n<meta name=\"twitter:card\" content=\"summary_large_image\" \/>\n<meta name=\"twitter:label1\" content=\"Ber\u00e4knad l\u00e4stid\" \/>\n\t<meta name=\"twitter:data1\" content=\"1 minut\" \/>\n<script type=\"application\/ld+json\" class=\"yoast-schema-graph\">{\"@context\":\"https:\/\/schema.org\",\"@graph\":[{\"@type\":\"WebPage\",\"@id\":\"https:\/\/www.heddata.se\/webbutik\/produkt\/canon-cli-521bk-svart-foto\/\",\"url\":\"https:\/\/www.heddata.se\/webbutik\/produkt\/canon-cli-521bk-svart-foto\/\",\"name\":\"Canon CLI-521BK Svart Foto Original bl\u00e4ckpatron.\",\"isPartOf\":{\"@id\":\"https:\/\/www.heddata.se\/webbutik\/#website\"},\"primaryImageOfPage\":{\"@id\":\"https:\/\/www.heddata.se\/webbutik\/produkt\/canon-cli-521bk-svart-foto\/#primaryimage\"},\"image\":{\"@id\":\"https:\/\/www.heddata.se\/webbutik\/produkt\/canon-cli-521bk-svart-foto\/#primaryimage\"},\"thumbnailUrl\":\"https:\/\/www.heddata.se\/webbutik\/wp-content\/uploads\/webbutik\/kategorier\/Bl\u00e4ckpatroner-toners\/Canon-CLI-521BK-Svart-Foto-Original-blackpatron.jpg\",\"datePublished\":\"2019-10-07T06:17:16+00:00\",\"dateModified\":\"2026-05-08T16:10:20+00:00\",\"description\":\"Canon CLI-521BK Svart Foto Original bl\u00e4ckpatron. Skriv ut och f\u00f6reviga dina fina minnen i fina f\u00e4rger. Anv\u00e4nds f\u00f6r fotoutskrifter\",\"breadcrumb\":{\"@id\":\"https:\/\/www.heddata.se\/webbutik\/produkt\/canon-cli-521bk-svart-foto\/#breadcrumb\"},\"inLanguage\":\"sv-SE\",\"potentialAction\":[{\"@type\":\"ReadAction\",\"target\":[\"https:\/\/www.heddata.se\/webbutik\/produkt\/canon-cli-521bk-svart-foto\/\"]}]},{\"@type\":\"ImageObject\",\"inLanguage\":\"sv-SE\",\"@id\":\"https:\/\/www.heddata.se\/webbutik\/produkt\/canon-cli-521bk-svart-foto\/#primaryimage\",\"url\":\"https:\/\/www.heddata.se\/webbutik\/wp-content\/uploads\/webbutik\/kategorier\/Bl\u00e4ckpatroner-toners\/Canon-CLI-521BK-Svart-Foto-Original-blackpatron.jpg\",\"contentUrl\":\"https:\/\/www.heddata.se\/webbutik\/wp-content\/uploads\/webbutik\/kategorier\/Bl\u00e4ckpatroner-toners\/Canon-CLI-521BK-Svart-Foto-Original-blackpatron.jpg\",\"width\":1000,\"height\":1000,\"caption\":\"Canon CLI-521BK Svart Foto Original bl\u00e4ckpatron\"},{\"@type\":\"BreadcrumbList\",\"@id\":\"https:\/\/www.heddata.se\/webbutik\/produkt\/canon-cli-521bk-svart-foto\/#breadcrumb\",\"itemListElement\":[{\"@type\":\"ListItem\",\"position\":1,\"name\":\"Hem\",\"item\":\"https:\/\/www.heddata.se\/webbutik\/\"},{\"@type\":\"ListItem\",\"position\":2,\"name\":\"Produkter\",\"item\":\"https:\/\/www.heddata.se\/webbutik\/shop\/\"},{\"@type\":\"ListItem\",\"position\":3,\"name\":\"Canon CLI-521BK Svart Foto Original bl\u00e4ckpatron\"}]},{\"@type\":\"WebSite\",\"@id\":\"https:\/\/www.heddata.se\/webbutik\/#website\",\"url\":\"https:\/\/www.heddata.se\/webbutik\/\",\"name\":\"Datorer, Skrivare, F\u00e4rgpatroner, Mobiltelefoner\",\"description\":\"Kablar\",\"publisher\":{\"@id\":\"https:\/\/www.heddata.se\/webbutik\/#organization\"},\"potentialAction\":[{\"@type\":\"SearchAction\",\"target\":{\"@type\":\"EntryPoint\",\"urlTemplate\":\"https:\/\/www.heddata.se\/webbutik\/?s={search_term_string}\"},\"query-input\":{\"@type\":\"PropertyValueSpecification\",\"valueRequired\":true,\"valueName\":\"search_term_string\"}}],\"inLanguage\":\"sv-SE\"},{\"@type\":\"Organization\",\"@id\":\"https:\/\/www.heddata.se\/webbutik\/#organization\",\"name\":\"Heddata AB\",\"url\":\"https:\/\/www.heddata.se\/webbutik\/\",\"logo\":{\"@type\":\"ImageObject\",\"inLanguage\":\"sv-SE\",\"@id\":\"https:\/\/www.heddata.se\/webbutik\/#\/schema\/logo\/image\/\",\"url\":\"https:\/\/www.heddata.se\/webbutik\/wp-content\/uploads\/logga\/heddata-ab-logga.png\",\"contentUrl\":\"https:\/\/www.heddata.se\/webbutik\/wp-content\/uploads\/logga\/heddata-ab-logga.png\",\"width\":200,\"height\":64,\"caption\":\"Heddata AB\"},\"image\":{\"@id\":\"https:\/\/www.heddata.se\/webbutik\/#\/schema\/logo\/image\/\"}}]}<\/script>\n<!-- \/ Yoast SEO Premium plugin. -->","yoast_head_json":{"title":"Canon CLI-521BK Svart Foto Original bl\u00e4ckpatron.","description":"Canon CLI-521BK Svart Foto Original bl\u00e4ckpatron. Skriv ut och f\u00f6reviga dina fina minnen i fina f\u00e4rger. Anv\u00e4nds f\u00f6r fotoutskrifter","robots":{"index":"index","follow":"follow","max-snippet":"max-snippet:-1","max-image-preview":"max-image-preview:large","max-video-preview":"max-video-preview:-1"},"canonical":"https:\/\/www.heddata.se\/webbutik\/produkt\/canon-cli-521bk-svart-foto\/","og_locale":"sv_SE","og_type":"article","og_title":"Canon CLI-521BK Svart Foto Original bl\u00e4ckpatron","og_description":"Canon CLI-521BK Svart Foto Original bl\u00e4ckpatron. Skriv ut och f\u00f6reviga dina fina minnen i fina f\u00e4rger. Anv\u00e4nds f\u00f6r fotoutskrifter","og_url":"https:\/\/www.heddata.se\/webbutik\/produkt\/canon-cli-521bk-svart-foto\/","og_site_name":"Datorer, Skrivare, F\u00e4rgpatroner, Mobiltelefoner","article_modified_time":"2026-05-08T16:10:20+00:00","og_image":[{"width":1000,"height":1000,"url":"https:\/\/www.heddata.se\/webbutik\/wp-content\/uploads\/webbutik\/kategorier\/Bl\u00e4ckpatroner-toners\/Canon-CLI-521BK-Svart-Foto-Original-blackpatron.jpg","type":"image\/jpeg"}],"twitter_card":"summary_large_image","twitter_misc":{"Ber\u00e4knad l\u00e4stid":"1 minut"},"schema":{"@context":"https:\/\/schema.org","@graph":[{"@type":"WebPage","@id":"https:\/\/www.heddata.se\/webbutik\/produkt\/canon-cli-521bk-svart-foto\/","url":"https:\/\/www.heddata.se\/webbutik\/produkt\/canon-cli-521bk-svart-foto\/","name":"Canon CLI-521BK Svart Foto Original bl\u00e4ckpatron.","isPartOf":{"@id":"https:\/\/www.heddata.se\/webbutik\/#website"},"primaryImageOfPage":{"@id":"https:\/\/www.heddata.se\/webbutik\/produkt\/canon-cli-521bk-svart-foto\/#primaryimage"},"image":{"@id":"https:\/\/www.heddata.se\/webbutik\/produkt\/canon-cli-521bk-svart-foto\/#primaryimage"},"thumbnailUrl":"https:\/\/www.heddata.se\/webbutik\/wp-content\/uploads\/webbutik\/kategorier\/Bl\u00e4ckpatroner-toners\/Canon-CLI-521BK-Svart-Foto-Original-blackpatron.jpg","datePublished":"2019-10-07T06:17:16+00:00","dateModified":"2026-05-08T16:10:20+00:00","description":"Canon CLI-521BK Svart Foto Original bl\u00e4ckpatron. Skriv ut och f\u00f6reviga dina fina minnen i fina f\u00e4rger. Anv\u00e4nds f\u00f6r fotoutskrifter","breadcrumb":{"@id":"https:\/\/www.heddata.se\/webbutik\/produkt\/canon-cli-521bk-svart-foto\/#breadcrumb"},"inLanguage":"sv-SE","potentialAction":[{"@type":"ReadAction","target":["https:\/\/www.heddata.se\/webbutik\/produkt\/canon-cli-521bk-svart-foto\/"]}]},{"@type":"ImageObject","inLanguage":"sv-SE","@id":"https:\/\/www.heddata.se\/webbutik\/produkt\/canon-cli-521bk-svart-foto\/#primaryimage","url":"https:\/\/www.heddata.se\/webbutik\/wp-content\/uploads\/webbutik\/kategorier\/Bl\u00e4ckpatroner-toners\/Canon-CLI-521BK-Svart-Foto-Original-blackpatron.jpg","contentUrl":"https:\/\/www.heddata.se\/webbutik\/wp-content\/uploads\/webbutik\/kategorier\/Bl\u00e4ckpatroner-toners\/Canon-CLI-521BK-Svart-Foto-Original-blackpatron.jpg","width":1000,"height":1000,"caption":"Canon CLI-521BK Svart Foto Original bl\u00e4ckpatron"},{"@type":"BreadcrumbList","@id":"https:\/\/www.heddata.se\/webbutik\/produkt\/canon-cli-521bk-svart-foto\/#breadcrumb","itemListElement":[{"@type":"ListItem","position":1,"name":"Hem","item":"https:\/\/www.heddata.se\/webbutik\/"},{"@type":"ListItem","position":2,"name":"Produkter","item":"https:\/\/www.heddata.se\/webbutik\/shop\/"},{"@type":"ListItem","position":3,"name":"Canon CLI-521BK Svart Foto Original bl\u00e4ckpatron"}]},{"@type":"WebSite","@id":"https:\/\/www.heddata.se\/webbutik\/#website","url":"https:\/\/www.heddata.se\/webbutik\/","name":"Datorer, Skrivare, F\u00e4rgpatroner, Mobiltelefoner","description":"Kablar","publisher":{"@id":"https:\/\/www.heddata.se\/webbutik\/#organization"},"potentialAction":[{"@type":"SearchAction","target":{"@type":"EntryPoint","urlTemplate":"https:\/\/www.heddata.se\/webbutik\/?s={search_term_string}"},"query-input":{"@type":"PropertyValueSpecification","valueRequired":true,"valueName":"search_term_string"}}],"inLanguage":"sv-SE"},{"@type":"Organization","@id":"https:\/\/www.heddata.se\/webbutik\/#organization","name":"Heddata AB","url":"https:\/\/www.heddata.se\/webbutik\/","logo":{"@type":"ImageObject","inLanguage":"sv-SE","@id":"https:\/\/www.heddata.se\/webbutik\/#\/schema\/logo\/image\/","url":"https:\/\/www.heddata.se\/webbutik\/wp-content\/uploads\/logga\/heddata-ab-logga.png","contentUrl":"https:\/\/www.heddata.se\/webbutik\/wp-content\/uploads\/logga\/heddata-ab-logga.png","width":200,"height":64,"caption":"Heddata AB"},"image":{"@id":"https:\/\/www.heddata.se\/webbutik\/#\/schema\/logo\/image\/"}}]}},"_links":{"self":[{"href":"https:\/\/www.heddata.se\/webbutik\/wp-json\/wp\/v2\/product\/2411","targetHints":{"allow":["GET"]}}],"collection":[{"href":"https:\/\/www.heddata.se\/webbutik\/wp-json\/wp\/v2\/product"}],"about":[{"href":"https:\/\/www.heddata.se\/webbutik\/wp-json\/wp\/v2\/types\/product"}],"wp:featuredmedia":[{"embeddable":true,"href":"https:\/\/www.heddata.se\/webbutik\/wp-json\/wp\/v2\/media\/4583"}],"wp:attachment":[{"href":"https:\/\/www.heddata.se\/webbutik\/wp-json\/wp\/v2\/media?parent=2411"}],"wp:term":[{"taxonomy":"product_brand","embeddable":true,"href":"https:\/\/www.heddata.se\/webbutik\/wp-json\/wp\/v2\/product_brand?post=2411"},{"taxonomy":"product_cat","embeddable":true,"href":"https:\/\/www.heddata.se\/webbutik\/wp-json\/wp\/v2\/product_cat?post=2411"},{"taxonomy":"product_tag","embeddable":true,"href":"https:\/\/www.heddata.se\/webbutik\/wp-json\/wp\/v2\/product_tag?post=2411"}],"curies":[{"name":"wp","href":"https:\/\/api.w.org\/{rel}","templated":true}]}}