{"id":2405,"date":"2019-10-07T08:17:16","date_gmt":"2019-10-07T06:17:16","guid":{"rendered":"https:\/\/www.heddata.se\/webbutik\/produkt\/canon-716-magenta-magenta-original-tonerkassett-for-i-sensys-l\/"},"modified":"2026-04-30T18:10:14","modified_gmt":"2026-04-30T16:10:14","slug":"canon-716m-magenta-toner","status":"publish","type":"product","link":"https:\/\/www.heddata.se\/webbutik\/produkt\/canon-716m-magenta-toner\/","title":{"rendered":"Canon 716M Magenta toner Original"},"content":{"rendered":"<p>Canon 716M Magenta toner Original. F\u00f6rs\u00e4kra dig om utskrifter av h\u00f6g kvalitet genom att anv\u00e4nda Canons \u00e4kta toner.<\/p>\n<p>Tillverkare: <a href=\"https:\/\/www.canon.se\/\" target=\"_blank\" rel=\"noopener noreferrer\">Canon<\/a><br \/>\nTyp: Original <a href=\"https:\/\/www.heddata.se\/webbutik\/blackpatroner-toners\/toner-brother-canon-hp-laser\/\">toner<\/a><br \/>\nF\u00e4rg: Magenta<br \/>\nUtskriftsteknik: <a href=\"https:\/\/www.heddata.se\/webbutik\/skrivare-blackstrale-monolaser\/laserskrivare-2\/\">Laser<\/a><br \/>\nSidor: Ca 1 500 sidor<\/p>\n<p>\u00d6vriga f\u00e4rger: <a href=\"https:\/\/www.heddata.se\/webbutik\/produkt\/canon-716y-gul-toner\/\">Canon 716M (Gul)<\/a>, <a href=\"https:\/\/www.heddata.se\/webbutik\/produkt\/canon-716-cyan-cyan-original-tonerkassett-for-i-sensys-lbp505\/\">Canon 716C (Cyan)<\/a>, <a href=\"https:\/\/www.heddata.se\/webbutik\/produkt\/canon-716-black-svart-original-tonerkassett-for-i-sensys-lbp50\/\">Canon 716BK (Svart)<\/a><\/p>\n<p>Kompatibel med:<\/p>\n<ul class=\"floated-list clearfix\">\n<li class=\"floated-list--three-col-item\">i-SENSYS MF8050Cn,<\/li>\n<li class=\"floated-list--three-col-item\"><i class=\"icon-dot list-dot\"><\/i>i-SENSYS MF8040Cn,<\/li>\n<li class=\"floated-list--three-col-item\"><i class=\"icon-dot list-dot\"><\/i>i-SENSYS LBP5050,<\/li>\n<li class=\"floated-list--three-col-item\"><i class=\"icon-dot list-dot\"><\/i>i-SENSYS LBP5050n,<\/li>\n<li class=\"floated-list--three-col-item\"><i class=\"icon-dot list-dot\"><\/i>i-SENSYS MF8030Cn,<\/li>\n<li class=\"floated-list--three-col-item\"><i class=\"icon-dot list-dot\"><\/i>i-SENSYS MF8080Cw<\/li>\n<\/ul>\n","protected":false},"excerpt":{"rendered":"<p>Canon 716M Magenta toner Original<\/p>\n","protected":false},"featured_media":5408,"template":"","meta":[],"product_brand":[],"product_cat":[61,97,89],"product_tag":[1051,1052,1053,1050,1049,1054],"class_list":{"0":"post-2405","1":"product","2":"type-product","3":"status-publish","4":"has-post-thumbnail","6":"product_cat-blackpatroner-toners","7":"product_cat-canon-toners","8":"product_cat-toner","9":"product_tag-i-sensys-lbp5050","10":"product_tag-i-sensys-lbp5050n","11":"product_tag-i-sensys-mf8030cn","12":"product_tag-i-sensys-mf8040cn","13":"product_tag-i-sensys-mf8050cn","14":"product_tag-i-sensys-mf8080cw","16":"first","17":"instock","18":"taxable","19":"shipping-taxable","20":"purchasable","21":"product-type-simple"},"yoast_head":"<!-- This site is optimized with the Yoast SEO Premium plugin v26.7 (Yoast SEO v26.7) - https:\/\/yoast.com\/wordpress\/plugins\/seo\/ -->\n<title>Canon 716M Magenta toner Original. \u00c4kta bl\u00e4ck fr\u00e5n Canon<\/title>\n<meta name=\"description\" content=\"Canon 716M Magenta toner Original. F\u00f6rs\u00e4kra dig om utskrifter av h\u00f6g kvalitet genom att anv\u00e4nda Canons \u00e4kta toner.\" \/>\n<meta name=\"robots\" content=\"index, follow, max-snippet:-1, max-image-preview:large, max-video-preview:-1\" \/>\n<link rel=\"canonical\" href=\"https:\/\/www.heddata.se\/webbutik\/produkt\/canon-716m-magenta-toner\/\" \/>\n<meta property=\"og:locale\" content=\"sv_SE\" \/>\n<meta property=\"og:type\" content=\"article\" \/>\n<meta property=\"og:title\" content=\"Canon 716M Magenta toner Original\" \/>\n<meta property=\"og:description\" content=\"Canon 716M Magenta toner Original. F\u00f6rs\u00e4kra dig om utskrifter av h\u00f6g kvalitet genom att anv\u00e4nda Canons \u00e4kta toner.\" \/>\n<meta property=\"og:url\" content=\"https:\/\/www.heddata.se\/webbutik\/produkt\/canon-716m-magenta-toner\/\" \/>\n<meta property=\"og:site_name\" content=\"Datorer, Skrivare, F\u00e4rgpatroner, Mobiltelefoner\" \/>\n<meta property=\"article:modified_time\" content=\"2026-04-30T16:10:14+00:00\" \/>\n<meta property=\"og:image\" content=\"https:\/\/www.heddata.se\/webbutik\/wp-content\/uploads\/webbutik\/kategorier\/Blackpatroner-toners\/canon-716m-magenta-toner-original.jpg\" \/>\n\t<meta property=\"og:image:width\" content=\"420\" \/>\n\t<meta property=\"og:image:height\" content=\"420\" \/>\n\t<meta property=\"og:image:type\" content=\"image\/jpeg\" \/>\n<meta name=\"twitter:card\" content=\"summary_large_image\" \/>\n<script type=\"application\/ld+json\" class=\"yoast-schema-graph\">{\"@context\":\"https:\/\/schema.org\",\"@graph\":[{\"@type\":\"WebPage\",\"@id\":\"https:\/\/www.heddata.se\/webbutik\/produkt\/canon-716m-magenta-toner\/\",\"url\":\"https:\/\/www.heddata.se\/webbutik\/produkt\/canon-716m-magenta-toner\/\",\"name\":\"Canon 716M Magenta toner Original. \u00c4kta bl\u00e4ck fr\u00e5n Canon\",\"isPartOf\":{\"@id\":\"https:\/\/www.heddata.se\/webbutik\/#website\"},\"primaryImageOfPage\":{\"@id\":\"https:\/\/www.heddata.se\/webbutik\/produkt\/canon-716m-magenta-toner\/#primaryimage\"},\"image\":{\"@id\":\"https:\/\/www.heddata.se\/webbutik\/produkt\/canon-716m-magenta-toner\/#primaryimage\"},\"thumbnailUrl\":\"https:\/\/www.heddata.se\/webbutik\/wp-content\/uploads\/webbutik\/kategorier\/Blackpatroner-toners\/canon-716m-magenta-toner-original.jpg\",\"datePublished\":\"2019-10-07T06:17:16+00:00\",\"dateModified\":\"2026-04-30T16:10:14+00:00\",\"description\":\"Canon 716M Magenta toner Original. F\u00f6rs\u00e4kra dig om utskrifter av h\u00f6g kvalitet genom att anv\u00e4nda Canons \u00e4kta toner.\",\"breadcrumb\":{\"@id\":\"https:\/\/www.heddata.se\/webbutik\/produkt\/canon-716m-magenta-toner\/#breadcrumb\"},\"inLanguage\":\"sv-SE\",\"potentialAction\":[{\"@type\":\"ReadAction\",\"target\":[\"https:\/\/www.heddata.se\/webbutik\/produkt\/canon-716m-magenta-toner\/\"]}]},{\"@type\":\"ImageObject\",\"inLanguage\":\"sv-SE\",\"@id\":\"https:\/\/www.heddata.se\/webbutik\/produkt\/canon-716m-magenta-toner\/#primaryimage\",\"url\":\"https:\/\/www.heddata.se\/webbutik\/wp-content\/uploads\/webbutik\/kategorier\/Blackpatroner-toners\/canon-716m-magenta-toner-original.jpg\",\"contentUrl\":\"https:\/\/www.heddata.se\/webbutik\/wp-content\/uploads\/webbutik\/kategorier\/Blackpatroner-toners\/canon-716m-magenta-toner-original.jpg\",\"width\":420,\"height\":420,\"caption\":\"Canon 716M Magenta toner Original\"},{\"@type\":\"BreadcrumbList\",\"@id\":\"https:\/\/www.heddata.se\/webbutik\/produkt\/canon-716m-magenta-toner\/#breadcrumb\",\"itemListElement\":[{\"@type\":\"ListItem\",\"position\":1,\"name\":\"Hem\",\"item\":\"https:\/\/www.heddata.se\/webbutik\/\"},{\"@type\":\"ListItem\",\"position\":2,\"name\":\"Produkter\",\"item\":\"https:\/\/www.heddata.se\/webbutik\/shop\/\"},{\"@type\":\"ListItem\",\"position\":3,\"name\":\"Canon 716M Magenta toner Original\"}]},{\"@type\":\"WebSite\",\"@id\":\"https:\/\/www.heddata.se\/webbutik\/#website\",\"url\":\"https:\/\/www.heddata.se\/webbutik\/\",\"name\":\"Datorer, Skrivare, F\u00e4rgpatroner, Mobiltelefoner\",\"description\":\"Kablar\",\"publisher\":{\"@id\":\"https:\/\/www.heddata.se\/webbutik\/#organization\"},\"potentialAction\":[{\"@type\":\"SearchAction\",\"target\":{\"@type\":\"EntryPoint\",\"urlTemplate\":\"https:\/\/www.heddata.se\/webbutik\/?s={search_term_string}\"},\"query-input\":{\"@type\":\"PropertyValueSpecification\",\"valueRequired\":true,\"valueName\":\"search_term_string\"}}],\"inLanguage\":\"sv-SE\"},{\"@type\":\"Organization\",\"@id\":\"https:\/\/www.heddata.se\/webbutik\/#organization\",\"name\":\"Heddata AB\",\"url\":\"https:\/\/www.heddata.se\/webbutik\/\",\"logo\":{\"@type\":\"ImageObject\",\"inLanguage\":\"sv-SE\",\"@id\":\"https:\/\/www.heddata.se\/webbutik\/#\/schema\/logo\/image\/\",\"url\":\"https:\/\/www.heddata.se\/webbutik\/wp-content\/uploads\/logga\/heddata-ab-logga.png\",\"contentUrl\":\"https:\/\/www.heddata.se\/webbutik\/wp-content\/uploads\/logga\/heddata-ab-logga.png\",\"width\":200,\"height\":64,\"caption\":\"Heddata AB\"},\"image\":{\"@id\":\"https:\/\/www.heddata.se\/webbutik\/#\/schema\/logo\/image\/\"}}]}<\/script>\n<!-- \/ Yoast SEO Premium plugin. -->","yoast_head_json":{"title":"Canon 716M Magenta toner Original. \u00c4kta bl\u00e4ck fr\u00e5n Canon","description":"Canon 716M Magenta toner Original. F\u00f6rs\u00e4kra dig om utskrifter av h\u00f6g kvalitet genom att anv\u00e4nda Canons \u00e4kta toner.","robots":{"index":"index","follow":"follow","max-snippet":"max-snippet:-1","max-image-preview":"max-image-preview:large","max-video-preview":"max-video-preview:-1"},"canonical":"https:\/\/www.heddata.se\/webbutik\/produkt\/canon-716m-magenta-toner\/","og_locale":"sv_SE","og_type":"article","og_title":"Canon 716M Magenta toner Original","og_description":"Canon 716M Magenta toner Original. F\u00f6rs\u00e4kra dig om utskrifter av h\u00f6g kvalitet genom att anv\u00e4nda Canons \u00e4kta toner.","og_url":"https:\/\/www.heddata.se\/webbutik\/produkt\/canon-716m-magenta-toner\/","og_site_name":"Datorer, Skrivare, F\u00e4rgpatroner, Mobiltelefoner","article_modified_time":"2026-04-30T16:10:14+00:00","og_image":[{"width":420,"height":420,"url":"https:\/\/www.heddata.se\/webbutik\/wp-content\/uploads\/webbutik\/kategorier\/Blackpatroner-toners\/canon-716m-magenta-toner-original.jpg","type":"image\/jpeg"}],"twitter_card":"summary_large_image","schema":{"@context":"https:\/\/schema.org","@graph":[{"@type":"WebPage","@id":"https:\/\/www.heddata.se\/webbutik\/produkt\/canon-716m-magenta-toner\/","url":"https:\/\/www.heddata.se\/webbutik\/produkt\/canon-716m-magenta-toner\/","name":"Canon 716M Magenta toner Original. \u00c4kta bl\u00e4ck fr\u00e5n Canon","isPartOf":{"@id":"https:\/\/www.heddata.se\/webbutik\/#website"},"primaryImageOfPage":{"@id":"https:\/\/www.heddata.se\/webbutik\/produkt\/canon-716m-magenta-toner\/#primaryimage"},"image":{"@id":"https:\/\/www.heddata.se\/webbutik\/produkt\/canon-716m-magenta-toner\/#primaryimage"},"thumbnailUrl":"https:\/\/www.heddata.se\/webbutik\/wp-content\/uploads\/webbutik\/kategorier\/Blackpatroner-toners\/canon-716m-magenta-toner-original.jpg","datePublished":"2019-10-07T06:17:16+00:00","dateModified":"2026-04-30T16:10:14+00:00","description":"Canon 716M Magenta toner Original. F\u00f6rs\u00e4kra dig om utskrifter av h\u00f6g kvalitet genom att anv\u00e4nda Canons \u00e4kta toner.","breadcrumb":{"@id":"https:\/\/www.heddata.se\/webbutik\/produkt\/canon-716m-magenta-toner\/#breadcrumb"},"inLanguage":"sv-SE","potentialAction":[{"@type":"ReadAction","target":["https:\/\/www.heddata.se\/webbutik\/produkt\/canon-716m-magenta-toner\/"]}]},{"@type":"ImageObject","inLanguage":"sv-SE","@id":"https:\/\/www.heddata.se\/webbutik\/produkt\/canon-716m-magenta-toner\/#primaryimage","url":"https:\/\/www.heddata.se\/webbutik\/wp-content\/uploads\/webbutik\/kategorier\/Blackpatroner-toners\/canon-716m-magenta-toner-original.jpg","contentUrl":"https:\/\/www.heddata.se\/webbutik\/wp-content\/uploads\/webbutik\/kategorier\/Blackpatroner-toners\/canon-716m-magenta-toner-original.jpg","width":420,"height":420,"caption":"Canon 716M Magenta toner Original"},{"@type":"BreadcrumbList","@id":"https:\/\/www.heddata.se\/webbutik\/produkt\/canon-716m-magenta-toner\/#breadcrumb","itemListElement":[{"@type":"ListItem","position":1,"name":"Hem","item":"https:\/\/www.heddata.se\/webbutik\/"},{"@type":"ListItem","position":2,"name":"Produkter","item":"https:\/\/www.heddata.se\/webbutik\/shop\/"},{"@type":"ListItem","position":3,"name":"Canon 716M Magenta toner Original"}]},{"@type":"WebSite","@id":"https:\/\/www.heddata.se\/webbutik\/#website","url":"https:\/\/www.heddata.se\/webbutik\/","name":"Datorer, Skrivare, F\u00e4rgpatroner, Mobiltelefoner","description":"Kablar","publisher":{"@id":"https:\/\/www.heddata.se\/webbutik\/#organization"},"potentialAction":[{"@type":"SearchAction","target":{"@type":"EntryPoint","urlTemplate":"https:\/\/www.heddata.se\/webbutik\/?s={search_term_string}"},"query-input":{"@type":"PropertyValueSpecification","valueRequired":true,"valueName":"search_term_string"}}],"inLanguage":"sv-SE"},{"@type":"Organization","@id":"https:\/\/www.heddata.se\/webbutik\/#organization","name":"Heddata AB","url":"https:\/\/www.heddata.se\/webbutik\/","logo":{"@type":"ImageObject","inLanguage":"sv-SE","@id":"https:\/\/www.heddata.se\/webbutik\/#\/schema\/logo\/image\/","url":"https:\/\/www.heddata.se\/webbutik\/wp-content\/uploads\/logga\/heddata-ab-logga.png","contentUrl":"https:\/\/www.heddata.se\/webbutik\/wp-content\/uploads\/logga\/heddata-ab-logga.png","width":200,"height":64,"caption":"Heddata AB"},"image":{"@id":"https:\/\/www.heddata.se\/webbutik\/#\/schema\/logo\/image\/"}}]}},"_links":{"self":[{"href":"https:\/\/www.heddata.se\/webbutik\/wp-json\/wp\/v2\/product\/2405","targetHints":{"allow":["GET"]}}],"collection":[{"href":"https:\/\/www.heddata.se\/webbutik\/wp-json\/wp\/v2\/product"}],"about":[{"href":"https:\/\/www.heddata.se\/webbutik\/wp-json\/wp\/v2\/types\/product"}],"wp:featuredmedia":[{"embeddable":true,"href":"https:\/\/www.heddata.se\/webbutik\/wp-json\/wp\/v2\/media\/5408"}],"wp:attachment":[{"href":"https:\/\/www.heddata.se\/webbutik\/wp-json\/wp\/v2\/media?parent=2405"}],"wp:term":[{"taxonomy":"product_brand","embeddable":true,"href":"https:\/\/www.heddata.se\/webbutik\/wp-json\/wp\/v2\/product_brand?post=2405"},{"taxonomy":"product_cat","embeddable":true,"href":"https:\/\/www.heddata.se\/webbutik\/wp-json\/wp\/v2\/product_cat?post=2405"},{"taxonomy":"product_tag","embeddable":true,"href":"https:\/\/www.heddata.se\/webbutik\/wp-json\/wp\/v2\/product_tag?post=2405"}],"curies":[{"name":"wp","href":"https:\/\/api.w.org\/{rel}","templated":true}]}}