{"id":2393,"date":"2019-10-07T08:17:14","date_gmt":"2019-10-07T06:17:14","guid":{"rendered":"https:\/\/www.heddata.se\/webbutik\/produkt\/canon-cli-8bk-svart-original-blacktank-for-pixma-ip4500-ip530\/"},"modified":"2026-05-08T18:10:05","modified_gmt":"2026-05-08T16:10:05","slug":"canon-cli-8bk-svart-original","status":"publish","type":"product","link":"https:\/\/www.heddata.se\/webbutik\/produkt\/canon-cli-8bk-svart-original\/","title":{"rendered":"Canon CLI-8Bk Svart Original Bl\u00e4ckpatron"},"content":{"rendered":"<p>Canon CLI-8BK Svart Original <a href=\"https:\/\/www.heddata.se\/webbutik\/blackpatroner-toners\/blackpatroner\/\">Bl\u00e4ckpatron<\/a>. Denna svarta patron anv\u00e4nds f\u00f6r att skriva ut foton och f\u00e4rgdokument. Med ChromaLife100 ger den dig livliga och klara foton i h\u00f6g kvalitet, b\u00e5de i f\u00e4rg och svartvitt. Patronen inneh\u00e5ller 13 ml svart bl\u00e4ck, och med detta kan du skriva ut upp till 1145 foton (10&#215;15) eller 76 st A3-storlek.<\/p>\n<p>Tillverkare: <a href=\"https:\/\/www.canon.se\/\" target=\"_blank\" rel=\"noopener noreferrer\">Canon<\/a><br \/>\nTyp Original bl\u00e4ckpatron<br \/>\nF\u00e4rg: Svart<br \/>\nUtskriftsteknik: <a href=\"https:\/\/www.heddata.se\/webbutik\/skrivare-blackstrale-monolaser\/blackstraleskrivare\/\">Bl\u00e4ckstr\u00e5le\u00a0<\/a><br \/>\nAntal sidor: 1145 foton<br \/>\nM\u00e4ngd bl\u00e4ck: 13 ml<\/p>\n<p>Kompatibel med: <span><span>PIXMA MP520x,<\/span><\/span><i class=\"icon-dot list-dot\"><\/i><span><span>PIXMA MP520,<\/span><\/span><i class=\"icon-dot list-dot\"><\/i><span><span>PIXMA MP600,<\/span><\/span><i class=\"icon-dot list-dot\"><\/i><span><span>PIXMA MP530,<\/span><\/span><i class=\"icon-dot list-dot\"><\/i><span><span>PIXMA iP6600D,<\/span><\/span><i class=\"icon-dot list-dot\"><\/i><span><span>PIXMA iP5300,<\/span><\/span><i class=\"icon-dot list-dot\"><\/i><span><span>PIXMA iP5200R,<\/span><\/span><i class=\"icon-dot list-dot\"><\/i><span><span>PIXMA iP5200,<\/span><\/span><i class=\"icon-dot list-dot\"><\/i><span><span>PIXMA MP500,<\/span><\/span><i class=\"icon-dot list-dot\"><\/i><span><span>PIXMA iX5000,<\/span><\/span><i class=\"icon-dot list-dot\"><\/i><span><span>PIXMA iX4000,<\/span><\/span><i class=\"icon-dot list-dot\"><\/i><span><span>PIXMA iP6700D,<\/span><\/span><i class=\"icon-dot list-dot\"><\/i><span><span>PIXMA iP4500x,<\/span><\/span><i class=\"icon-dot list-dot\"><\/i><span><span>PIXMA iP4200x,<\/span><\/span><i class=\"icon-dot list-dot\"><\/i><span><span>PIXMA iP4300,<\/span><\/span><i class=\"icon-dot list-dot\"><\/i><span><span>PIXMA iP4500,<\/span><\/span><i class=\"icon-dot list-dot\"><\/i><span><span>PIXMA iP4200,<\/span><\/span><i class=\"icon-dot list-dot\"><\/i><span><span>PIXMA Pro9000 Mark II,<\/span><\/span><i class=\"icon-dot list-dot\"><\/i><span><span>PIXMA Pro9000,<\/span><\/span><i class=\"icon-dot list-dot\"><\/i><span><span>PIXMA MX850,<\/span><\/span><i class=\"icon-dot list-dot\"><\/i><span><span>PIXMA MX700,<\/span><\/span><i class=\"icon-dot list-dot\"><\/i><span><span>PIXMA MP830,<\/span><\/span><i class=\"icon-dot list-dot\"><\/i><span><span>PIXMA MP810,<\/span><\/span><i class=\"icon-dot list-dot\"><\/i><span><span>PIXMA MP800R,<\/span><\/span><i class=\"icon-dot list-dot\"><\/i><span><span>PIXMA MP800,<\/span><\/span><i class=\"icon-dot list-dot\"><\/i><span><span>PIXMA MP610,<\/span><\/span><i class=\"icon-dot list-dot\"><\/i><span><span>PIXMA MP600R<\/span><\/span><\/p>\n","protected":false},"excerpt":{"rendered":"<p>Canon CLI-8Bk Svart Original Bl\u00e4ckpatron<\/p>\n","protected":false},"featured_media":5615,"template":"","meta":[],"product_brand":[],"product_cat":[87,61,93],"product_tag":[1079,1081,1087,1082,1083,1084,1085,1086,1088,1089,1076,1077,1090,1092,1093,1094,1095,1096,1097,1098,1099,1100,1101,1102,1103,1104,1105],"class_list":{"0":"post-2393","1":"product","2":"type-product","3":"status-publish","4":"has-post-thumbnail","6":"product_cat-blackpatroner","7":"product_cat-blackpatroner-toners","8":"product_cat-canon","9":"product_tag-pixma-ip4200","10":"product_tag-pixma-ip4200x","11":"product_tag-pixma-ip4300","12":"product_tag-pixma-ip4500","13":"product_tag-pixma-ip4500x","14":"product_tag-pixma-ip5200","15":"product_tag-pixma-ip5200r","16":"product_tag-pixma-ip5300","17":"product_tag-pixma-ip6600d","18":"product_tag-pixma-ip6700d","19":"product_tag-pixma-ix4000","20":"product_tag-pixma-ix5000","21":"product_tag-pixma-mp500","22":"product_tag-pixma-mp520","23":"product_tag-pixma-mp520x","24":"product_tag-pixma-mp530","25":"product_tag-pixma-mp600","26":"product_tag-pixma-mp600r","27":"product_tag-pixma-mp610","28":"product_tag-pixma-mp800","29":"product_tag-pixma-mp800r","30":"product_tag-pixma-mp810","31":"product_tag-pixma-mp830","32":"product_tag-pixma-mx700","33":"product_tag-pixma-mx850","34":"product_tag-pixma-pro9000","35":"product_tag-pixma-pro9000-mark-ii","37":"first","38":"instock","39":"taxable","40":"shipping-taxable","41":"purchasable","42":"product-type-simple"},"yoast_head":"<!-- This site is optimized with the Yoast SEO Premium plugin v26.7 (Yoast SEO v26.7) - https:\/\/yoast.com\/wordpress\/plugins\/seo\/ -->\n<title>Canon CLI-8Bk Svart Original Bl\u00e4ckpatron \u00e4kta bl\u00e4ck<\/title>\n<meta name=\"description\" content=\"Canon CLI-8Bk Svart Original Bl\u00e4ckpatron. Med ChromaLife100 ger den dig livliga och klara foton i h\u00f6g kvalitet, b\u00e5de i f\u00e4rg och svartvitt\" \/>\n<meta name=\"robots\" content=\"index, follow, max-snippet:-1, max-image-preview:large, max-video-preview:-1\" \/>\n<link rel=\"canonical\" href=\"https:\/\/www.heddata.se\/webbutik\/produkt\/canon-cli-8bk-svart-original\/\" \/>\n<meta property=\"og:locale\" content=\"sv_SE\" \/>\n<meta property=\"og:type\" content=\"article\" \/>\n<meta property=\"og:title\" content=\"Canon CLI-8Bk Svart Original Bl\u00e4ckpatron\" \/>\n<meta property=\"og:description\" content=\"Canon CLI-8Bk Svart Original Bl\u00e4ckpatron. Med ChromaLife100 ger den dig livliga och klara foton i h\u00f6g kvalitet, b\u00e5de i f\u00e4rg och svartvitt\" \/>\n<meta property=\"og:url\" content=\"https:\/\/www.heddata.se\/webbutik\/produkt\/canon-cli-8bk-svart-original\/\" \/>\n<meta property=\"og:site_name\" content=\"Datorer, Skrivare, F\u00e4rgpatroner, Mobiltelefoner\" \/>\n<meta property=\"article:modified_time\" content=\"2026-05-08T16:10:05+00:00\" \/>\n<meta property=\"og:image\" content=\"https:\/\/www.heddata.se\/webbutik\/wp-content\/uploads\/webbutik\/kategorier\/Blackpatroner-toners\/canon-cli-8bk-svart-original-blackpatron.jpg\" \/>\n\t<meta property=\"og:image:width\" content=\"280\" \/>\n\t<meta property=\"og:image:height\" content=\"280\" \/>\n\t<meta property=\"og:image:type\" content=\"image\/jpeg\" \/>\n<meta name=\"twitter:card\" content=\"summary_large_image\" \/>\n<meta name=\"twitter:label1\" content=\"Ber\u00e4knad l\u00e4stid\" \/>\n\t<meta name=\"twitter:data1\" content=\"1 minut\" \/>\n<script type=\"application\/ld+json\" class=\"yoast-schema-graph\">{\"@context\":\"https:\/\/schema.org\",\"@graph\":[{\"@type\":\"WebPage\",\"@id\":\"https:\/\/www.heddata.se\/webbutik\/produkt\/canon-cli-8bk-svart-original\/\",\"url\":\"https:\/\/www.heddata.se\/webbutik\/produkt\/canon-cli-8bk-svart-original\/\",\"name\":\"Canon CLI-8Bk Svart Original Bl\u00e4ckpatron \u00e4kta bl\u00e4ck\",\"isPartOf\":{\"@id\":\"https:\/\/www.heddata.se\/webbutik\/#website\"},\"primaryImageOfPage\":{\"@id\":\"https:\/\/www.heddata.se\/webbutik\/produkt\/canon-cli-8bk-svart-original\/#primaryimage\"},\"image\":{\"@id\":\"https:\/\/www.heddata.se\/webbutik\/produkt\/canon-cli-8bk-svart-original\/#primaryimage\"},\"thumbnailUrl\":\"https:\/\/www.heddata.se\/webbutik\/wp-content\/uploads\/webbutik\/kategorier\/Blackpatroner-toners\/canon-cli-8bk-svart-original-blackpatron.jpg\",\"datePublished\":\"2019-10-07T06:17:14+00:00\",\"dateModified\":\"2026-05-08T16:10:05+00:00\",\"description\":\"Canon CLI-8Bk Svart Original Bl\u00e4ckpatron. Med ChromaLife100 ger den dig livliga och klara foton i h\u00f6g kvalitet, b\u00e5de i f\u00e4rg och svartvitt\",\"breadcrumb\":{\"@id\":\"https:\/\/www.heddata.se\/webbutik\/produkt\/canon-cli-8bk-svart-original\/#breadcrumb\"},\"inLanguage\":\"sv-SE\",\"potentialAction\":[{\"@type\":\"ReadAction\",\"target\":[\"https:\/\/www.heddata.se\/webbutik\/produkt\/canon-cli-8bk-svart-original\/\"]}]},{\"@type\":\"ImageObject\",\"inLanguage\":\"sv-SE\",\"@id\":\"https:\/\/www.heddata.se\/webbutik\/produkt\/canon-cli-8bk-svart-original\/#primaryimage\",\"url\":\"https:\/\/www.heddata.se\/webbutik\/wp-content\/uploads\/webbutik\/kategorier\/Blackpatroner-toners\/canon-cli-8bk-svart-original-blackpatron.jpg\",\"contentUrl\":\"https:\/\/www.heddata.se\/webbutik\/wp-content\/uploads\/webbutik\/kategorier\/Blackpatroner-toners\/canon-cli-8bk-svart-original-blackpatron.jpg\",\"width\":280,\"height\":280,\"caption\":\"Canon CLI-8Bk Svart Original Bl\u00e4ckpatron\"},{\"@type\":\"BreadcrumbList\",\"@id\":\"https:\/\/www.heddata.se\/webbutik\/produkt\/canon-cli-8bk-svart-original\/#breadcrumb\",\"itemListElement\":[{\"@type\":\"ListItem\",\"position\":1,\"name\":\"Hem\",\"item\":\"https:\/\/www.heddata.se\/webbutik\/\"},{\"@type\":\"ListItem\",\"position\":2,\"name\":\"Produkter\",\"item\":\"https:\/\/www.heddata.se\/webbutik\/shop\/\"},{\"@type\":\"ListItem\",\"position\":3,\"name\":\"Canon CLI-8Bk Svart Original Bl\u00e4ckpatron\"}]},{\"@type\":\"WebSite\",\"@id\":\"https:\/\/www.heddata.se\/webbutik\/#website\",\"url\":\"https:\/\/www.heddata.se\/webbutik\/\",\"name\":\"Datorer, Skrivare, F\u00e4rgpatroner, Mobiltelefoner\",\"description\":\"Kablar\",\"publisher\":{\"@id\":\"https:\/\/www.heddata.se\/webbutik\/#organization\"},\"potentialAction\":[{\"@type\":\"SearchAction\",\"target\":{\"@type\":\"EntryPoint\",\"urlTemplate\":\"https:\/\/www.heddata.se\/webbutik\/?s={search_term_string}\"},\"query-input\":{\"@type\":\"PropertyValueSpecification\",\"valueRequired\":true,\"valueName\":\"search_term_string\"}}],\"inLanguage\":\"sv-SE\"},{\"@type\":\"Organization\",\"@id\":\"https:\/\/www.heddata.se\/webbutik\/#organization\",\"name\":\"Heddata AB\",\"url\":\"https:\/\/www.heddata.se\/webbutik\/\",\"logo\":{\"@type\":\"ImageObject\",\"inLanguage\":\"sv-SE\",\"@id\":\"https:\/\/www.heddata.se\/webbutik\/#\/schema\/logo\/image\/\",\"url\":\"https:\/\/www.heddata.se\/webbutik\/wp-content\/uploads\/logga\/heddata-ab-logga.png\",\"contentUrl\":\"https:\/\/www.heddata.se\/webbutik\/wp-content\/uploads\/logga\/heddata-ab-logga.png\",\"width\":200,\"height\":64,\"caption\":\"Heddata AB\"},\"image\":{\"@id\":\"https:\/\/www.heddata.se\/webbutik\/#\/schema\/logo\/image\/\"}}]}<\/script>\n<!-- \/ Yoast SEO Premium plugin. -->","yoast_head_json":{"title":"Canon CLI-8Bk Svart Original Bl\u00e4ckpatron \u00e4kta bl\u00e4ck","description":"Canon CLI-8Bk Svart Original Bl\u00e4ckpatron. Med ChromaLife100 ger den dig livliga och klara foton i h\u00f6g kvalitet, b\u00e5de i f\u00e4rg och svartvitt","robots":{"index":"index","follow":"follow","max-snippet":"max-snippet:-1","max-image-preview":"max-image-preview:large","max-video-preview":"max-video-preview:-1"},"canonical":"https:\/\/www.heddata.se\/webbutik\/produkt\/canon-cli-8bk-svart-original\/","og_locale":"sv_SE","og_type":"article","og_title":"Canon CLI-8Bk Svart Original Bl\u00e4ckpatron","og_description":"Canon CLI-8Bk Svart Original Bl\u00e4ckpatron. Med ChromaLife100 ger den dig livliga och klara foton i h\u00f6g kvalitet, b\u00e5de i f\u00e4rg och svartvitt","og_url":"https:\/\/www.heddata.se\/webbutik\/produkt\/canon-cli-8bk-svart-original\/","og_site_name":"Datorer, Skrivare, F\u00e4rgpatroner, Mobiltelefoner","article_modified_time":"2026-05-08T16:10:05+00:00","og_image":[{"width":280,"height":280,"url":"https:\/\/www.heddata.se\/webbutik\/wp-content\/uploads\/webbutik\/kategorier\/Blackpatroner-toners\/canon-cli-8bk-svart-original-blackpatron.jpg","type":"image\/jpeg"}],"twitter_card":"summary_large_image","twitter_misc":{"Ber\u00e4knad l\u00e4stid":"1 minut"},"schema":{"@context":"https:\/\/schema.org","@graph":[{"@type":"WebPage","@id":"https:\/\/www.heddata.se\/webbutik\/produkt\/canon-cli-8bk-svart-original\/","url":"https:\/\/www.heddata.se\/webbutik\/produkt\/canon-cli-8bk-svart-original\/","name":"Canon CLI-8Bk Svart Original Bl\u00e4ckpatron \u00e4kta bl\u00e4ck","isPartOf":{"@id":"https:\/\/www.heddata.se\/webbutik\/#website"},"primaryImageOfPage":{"@id":"https:\/\/www.heddata.se\/webbutik\/produkt\/canon-cli-8bk-svart-original\/#primaryimage"},"image":{"@id":"https:\/\/www.heddata.se\/webbutik\/produkt\/canon-cli-8bk-svart-original\/#primaryimage"},"thumbnailUrl":"https:\/\/www.heddata.se\/webbutik\/wp-content\/uploads\/webbutik\/kategorier\/Blackpatroner-toners\/canon-cli-8bk-svart-original-blackpatron.jpg","datePublished":"2019-10-07T06:17:14+00:00","dateModified":"2026-05-08T16:10:05+00:00","description":"Canon CLI-8Bk Svart Original Bl\u00e4ckpatron. Med ChromaLife100 ger den dig livliga och klara foton i h\u00f6g kvalitet, b\u00e5de i f\u00e4rg och svartvitt","breadcrumb":{"@id":"https:\/\/www.heddata.se\/webbutik\/produkt\/canon-cli-8bk-svart-original\/#breadcrumb"},"inLanguage":"sv-SE","potentialAction":[{"@type":"ReadAction","target":["https:\/\/www.heddata.se\/webbutik\/produkt\/canon-cli-8bk-svart-original\/"]}]},{"@type":"ImageObject","inLanguage":"sv-SE","@id":"https:\/\/www.heddata.se\/webbutik\/produkt\/canon-cli-8bk-svart-original\/#primaryimage","url":"https:\/\/www.heddata.se\/webbutik\/wp-content\/uploads\/webbutik\/kategorier\/Blackpatroner-toners\/canon-cli-8bk-svart-original-blackpatron.jpg","contentUrl":"https:\/\/www.heddata.se\/webbutik\/wp-content\/uploads\/webbutik\/kategorier\/Blackpatroner-toners\/canon-cli-8bk-svart-original-blackpatron.jpg","width":280,"height":280,"caption":"Canon CLI-8Bk Svart Original Bl\u00e4ckpatron"},{"@type":"BreadcrumbList","@id":"https:\/\/www.heddata.se\/webbutik\/produkt\/canon-cli-8bk-svart-original\/#breadcrumb","itemListElement":[{"@type":"ListItem","position":1,"name":"Hem","item":"https:\/\/www.heddata.se\/webbutik\/"},{"@type":"ListItem","position":2,"name":"Produkter","item":"https:\/\/www.heddata.se\/webbutik\/shop\/"},{"@type":"ListItem","position":3,"name":"Canon CLI-8Bk Svart Original Bl\u00e4ckpatron"}]},{"@type":"WebSite","@id":"https:\/\/www.heddata.se\/webbutik\/#website","url":"https:\/\/www.heddata.se\/webbutik\/","name":"Datorer, Skrivare, F\u00e4rgpatroner, Mobiltelefoner","description":"Kablar","publisher":{"@id":"https:\/\/www.heddata.se\/webbutik\/#organization"},"potentialAction":[{"@type":"SearchAction","target":{"@type":"EntryPoint","urlTemplate":"https:\/\/www.heddata.se\/webbutik\/?s={search_term_string}"},"query-input":{"@type":"PropertyValueSpecification","valueRequired":true,"valueName":"search_term_string"}}],"inLanguage":"sv-SE"},{"@type":"Organization","@id":"https:\/\/www.heddata.se\/webbutik\/#organization","name":"Heddata AB","url":"https:\/\/www.heddata.se\/webbutik\/","logo":{"@type":"ImageObject","inLanguage":"sv-SE","@id":"https:\/\/www.heddata.se\/webbutik\/#\/schema\/logo\/image\/","url":"https:\/\/www.heddata.se\/webbutik\/wp-content\/uploads\/logga\/heddata-ab-logga.png","contentUrl":"https:\/\/www.heddata.se\/webbutik\/wp-content\/uploads\/logga\/heddata-ab-logga.png","width":200,"height":64,"caption":"Heddata AB"},"image":{"@id":"https:\/\/www.heddata.se\/webbutik\/#\/schema\/logo\/image\/"}}]}},"_links":{"self":[{"href":"https:\/\/www.heddata.se\/webbutik\/wp-json\/wp\/v2\/product\/2393","targetHints":{"allow":["GET"]}}],"collection":[{"href":"https:\/\/www.heddata.se\/webbutik\/wp-json\/wp\/v2\/product"}],"about":[{"href":"https:\/\/www.heddata.se\/webbutik\/wp-json\/wp\/v2\/types\/product"}],"wp:featuredmedia":[{"embeddable":true,"href":"https:\/\/www.heddata.se\/webbutik\/wp-json\/wp\/v2\/media\/5615"}],"wp:attachment":[{"href":"https:\/\/www.heddata.se\/webbutik\/wp-json\/wp\/v2\/media?parent=2393"}],"wp:term":[{"taxonomy":"product_brand","embeddable":true,"href":"https:\/\/www.heddata.se\/webbutik\/wp-json\/wp\/v2\/product_brand?post=2393"},{"taxonomy":"product_cat","embeddable":true,"href":"https:\/\/www.heddata.se\/webbutik\/wp-json\/wp\/v2\/product_cat?post=2393"},{"taxonomy":"product_tag","embeddable":true,"href":"https:\/\/www.heddata.se\/webbutik\/wp-json\/wp\/v2\/product_tag?post=2393"}],"curies":[{"name":"wp","href":"https:\/\/api.w.org\/{rel}","templated":true}]}}