{"id":2382,"date":"2019-10-07T08:17:14","date_gmt":"2019-10-07T06:17:14","guid":{"rendered":"https:\/\/www.heddata.se\/webbutik\/produkt\/canon-cli571-xl-black-ink-cartridge\/"},"modified":"2026-05-08T18:10:04","modified_gmt":"2026-05-08T16:10:04","slug":"canon-cli-571xl-svart-original","status":"publish","type":"product","link":"https:\/\/www.heddata.se\/webbutik\/produkt\/canon-cli-571xl-svart-original\/","title":{"rendered":"Canon CLI 571XL Svart Original Bl\u00e4ckpatron"},"content":{"rendered":"<p>Canon Cli 571XL Svart Original <a href=\"https:\/\/www.heddata.se\/webbutik\/blackpatroner-toners\/blackpatroner\/\" target=\"_blank\" rel=\"noopener noreferrer\">Bl\u00e4ckpatron<\/a>. Denna h\u00f6gkvalitativa bl\u00e4ckpatron fr\u00e5n <a href=\"https:\/\/www.canon.se\" target=\"_blank\" rel=\"noopener noreferrer\">Canon<\/a> ger h\u00f6g avkastning med upp till 2X fler utskrifter \u00e4n de flesta likv\u00e4rdiga motsvarigheterna. 571XLBK anv\u00e4nds till att skriva ut foton och kan ge dig upp till 895 bilder.<br \/>\nAtt v\u00e4lja Canons \u00e4kta bl\u00e4ck till deras skrivare \u00e4r att g\u00f6ra b\u00e5de dig sj\u00e4lv och din skrivare en stor tj\u00e4nst. Du beh\u00f6ver inte oroa dig \u00f6ver huvud taget om resultatet eller eventuella skador p\u00e5 din skrivare. Garanterad s\u00e4kerhet!<\/p>\n<ul>\n<li>F\u00e4rg: Svart<\/li>\n<li>Tillverkare: Canon<\/li>\n<li>M\u00e4ngd bl\u00e4ck: 11ml<\/li>\n<li>Sidkapacitet: Upp till 895 sidor<\/li>\n<\/ul>\n<p>\u00d6vriga f\u00e4rger: <a href=\"https:\/\/www.heddata.se\/webbutik\/produkt\/fp-canon-pgi-570xlpgbk-svart\/\">571XLPGBK (Svart)<\/a>, <a href=\"https:\/\/www.heddata.se\/webbutik\/produkt\/fp-canon-cli-571xl-magenta-original\/\" target=\"_blank\" rel=\"noopener noreferrer\">571XLM (Magenta)<\/a>,\u00a0 <a href=\"https:\/\/www.heddata.se\/webbutik\/produkt\/fp-canon-cli-571xl-gul-original\/\" target=\"_blank\" rel=\"noopener noreferrer\">571XLY (Gul)<\/a>,\u00a0 <a href=\"https:\/\/www.heddata.se\/webbutik\/produkt\/fp-canon-cli-571xl-cyan-original\/\" target=\"_blank\" rel=\"noopener noreferrer\">571XLC Cyan<\/a><\/p>\n<p>Kompatibel med: PIXMA MG5752, <i class=\"icon-dot list-dot\"><\/i>PIXMA MG5753, <i class=\"icon-dot list-dot\"><\/i>PIXMA MG5751, <i class=\"icon-dot list-dot\"><\/i>PIXMA MG5750, <i class=\"icon-dot list-dot\"><\/i>PIXMA MG6850, <i class=\"icon-dot list-dot\"><\/i>PIXMA MG6853, <i class=\"icon-dot list-dot\"><\/i>PIXMA MG6852, <i class=\"icon-dot list-dot\"><\/i>PIXMA MG6851, <i class=\"icon-dot list-dot\"><\/i>PIXMA MG7753, <i class=\"icon-dot list-dot\"><\/i>PIXMA MG7751, <i class=\"icon-dot list-dot\"><\/i>PIXMA MG7750, <i class=\"icon-dot list-dot\"><\/i>PIXMA MG7752, <i class=\"icon-dot list-dot\"><\/i>PIXMA TS6050, <i class=\"icon-dot list-dot\"><\/i>PIXMA TS5050, <i class=\"icon-dot list-dot\"><\/i>PIXMA TS5055, <i class=\"icon-dot list-dot\"><\/i>PIXMA TS5053, <i class=\"icon-dot list-dot\"><\/i>PIXMA TS5051, <i class=\"icon-dot list-dot\"><\/i>PIXMA TS6052, <i class=\"icon-dot list-dot\"><\/i>PIXMA TS6051, <i class=\"icon-dot list-dot\"><\/i>PIXMA TS8050, <i class=\"icon-dot list-dot\"><\/i>PIXMA TS8051, <i class=\"icon-dot list-dot\"><\/i>PIXMA TS8052, <i class=\"icon-dot list-dot\"><\/i>PIXMA TS8053, <i class=\"icon-dot list-dot\"><\/i>PIXMA TS9050, <i class=\"icon-dot list-dot\"><\/i>PIXMA TS9055<\/p>\n","protected":false},"excerpt":{"rendered":"<p>Canon CLI 571XL Svart Original Bl\u00e4ckpatron<\/p>\n","protected":false},"featured_media":3363,"template":"","meta":[],"product_brand":[],"product_cat":[87,61,93],"product_tag":[609,608,606,607,610,613,612,611,616,615,617,614,619,622,621,620,618,624,623,625,626,627,628,629,630],"class_list":{"0":"post-2382","1":"product","2":"type-product","3":"status-publish","4":"has-post-thumbnail","6":"product_cat-blackpatroner","7":"product_cat-blackpatroner-toners","8":"product_cat-canon","9":"product_tag-pixma-mg5750","10":"product_tag-pixma-mg5751","11":"product_tag-pixma-mg5752","12":"product_tag-pixma-mg5753","13":"product_tag-pixma-mg6850","14":"product_tag-pixma-mg6851","15":"product_tag-pixma-mg6852","16":"product_tag-pixma-mg6853","17":"product_tag-pixma-mg7750","18":"product_tag-pixma-mg7751","19":"product_tag-pixma-mg7752","20":"product_tag-pixma-mg7753","21":"product_tag-pixma-ts5050","22":"product_tag-pixma-ts5051","23":"product_tag-pixma-ts5053","24":"product_tag-pixma-ts5055","25":"product_tag-pixma-ts6050","26":"product_tag-pixma-ts6051","27":"product_tag-pixma-ts6052","28":"product_tag-pixma-ts8050","29":"product_tag-pixma-ts8051","30":"product_tag-pixma-ts8052","31":"product_tag-pixma-ts8053","32":"product_tag-pixma-ts9050","33":"product_tag-pixma-ts9055","35":"first","36":"instock","37":"taxable","38":"shipping-taxable","39":"purchasable","40":"product-type-simple"},"yoast_head":"<!-- This site is optimized with the Yoast SEO Premium plugin v26.7 (Yoast SEO v26.7) - https:\/\/yoast.com\/wordpress\/plugins\/seo\/ -->\n<title>Canon CLI 571XL Svart Original Bl\u00e4ckpatron l\u00e5ng livsl\u00e4ngd<\/title>\n<meta name=\"description\" content=\"Canon CLI 571XL Svart Original Bl\u00e4ckpatron l\u00e5ng livsl\u00e4ngd. 571XLBK anv\u00e4nds till att skriva ut foton och kan ge dig upp till 895 bilder.\" \/>\n<meta name=\"robots\" content=\"index, follow, max-snippet:-1, max-image-preview:large, max-video-preview:-1\" \/>\n<link rel=\"canonical\" href=\"https:\/\/www.heddata.se\/webbutik\/produkt\/canon-cli-571xl-svart-original\/\" \/>\n<meta property=\"og:locale\" content=\"sv_SE\" \/>\n<meta property=\"og:type\" content=\"article\" \/>\n<meta property=\"og:title\" content=\"Canon CLI 571XL Svart Original Bl\u00e4ckpatron\" \/>\n<meta property=\"og:description\" content=\"Canon CLI 571XL Svart Original Bl\u00e4ckpatron l\u00e5ng livsl\u00e4ngd. 571XLBK anv\u00e4nds till att skriva ut foton och kan ge dig upp till 895 bilder.\" \/>\n<meta property=\"og:url\" content=\"https:\/\/www.heddata.se\/webbutik\/produkt\/canon-cli-571xl-svart-original\/\" \/>\n<meta property=\"og:site_name\" content=\"Datorer, Skrivare, F\u00e4rgpatroner, Mobiltelefoner\" \/>\n<meta property=\"article:modified_time\" content=\"2026-05-08T16:10:04+00:00\" \/>\n<meta property=\"og:image\" content=\"https:\/\/www.heddata.se\/webbutik\/wp-content\/uploads\/webbutik\/kategorier\/Bl\u00e4ckpatroner-toners\/Canon-CLI-571XL-Svart-Original-Blackpatron.jpg\" \/>\n\t<meta property=\"og:image:width\" content=\"960\" \/>\n\t<meta property=\"og:image:height\" content=\"960\" \/>\n\t<meta property=\"og:image:type\" content=\"image\/jpeg\" \/>\n<meta name=\"twitter:card\" content=\"summary_large_image\" \/>\n<meta name=\"twitter:label1\" content=\"Ber\u00e4knad l\u00e4stid\" \/>\n\t<meta name=\"twitter:data1\" content=\"1 minut\" \/>\n<script type=\"application\/ld+json\" class=\"yoast-schema-graph\">{\"@context\":\"https:\/\/schema.org\",\"@graph\":[{\"@type\":\"WebPage\",\"@id\":\"https:\/\/www.heddata.se\/webbutik\/produkt\/canon-cli-571xl-svart-original\/\",\"url\":\"https:\/\/www.heddata.se\/webbutik\/produkt\/canon-cli-571xl-svart-original\/\",\"name\":\"Canon CLI 571XL Svart Original Bl\u00e4ckpatron l\u00e5ng livsl\u00e4ngd\",\"isPartOf\":{\"@id\":\"https:\/\/www.heddata.se\/webbutik\/#website\"},\"primaryImageOfPage\":{\"@id\":\"https:\/\/www.heddata.se\/webbutik\/produkt\/canon-cli-571xl-svart-original\/#primaryimage\"},\"image\":{\"@id\":\"https:\/\/www.heddata.se\/webbutik\/produkt\/canon-cli-571xl-svart-original\/#primaryimage\"},\"thumbnailUrl\":\"https:\/\/www.heddata.se\/webbutik\/wp-content\/uploads\/webbutik\/kategorier\/Bl\u00e4ckpatroner-toners\/Canon-CLI-571XL-Svart-Original-Blackpatron.jpg\",\"datePublished\":\"2019-10-07T06:17:14+00:00\",\"dateModified\":\"2026-05-08T16:10:04+00:00\",\"description\":\"Canon CLI 571XL Svart Original Bl\u00e4ckpatron l\u00e5ng livsl\u00e4ngd. 571XLBK anv\u00e4nds till att skriva ut foton och kan ge dig upp till 895 bilder.\",\"breadcrumb\":{\"@id\":\"https:\/\/www.heddata.se\/webbutik\/produkt\/canon-cli-571xl-svart-original\/#breadcrumb\"},\"inLanguage\":\"sv-SE\",\"potentialAction\":[{\"@type\":\"ReadAction\",\"target\":[\"https:\/\/www.heddata.se\/webbutik\/produkt\/canon-cli-571xl-svart-original\/\"]}]},{\"@type\":\"ImageObject\",\"inLanguage\":\"sv-SE\",\"@id\":\"https:\/\/www.heddata.se\/webbutik\/produkt\/canon-cli-571xl-svart-original\/#primaryimage\",\"url\":\"https:\/\/www.heddata.se\/webbutik\/wp-content\/uploads\/webbutik\/kategorier\/Bl\u00e4ckpatroner-toners\/Canon-CLI-571XL-Svart-Original-Blackpatron.jpg\",\"contentUrl\":\"https:\/\/www.heddata.se\/webbutik\/wp-content\/uploads\/webbutik\/kategorier\/Bl\u00e4ckpatroner-toners\/Canon-CLI-571XL-Svart-Original-Blackpatron.jpg\",\"width\":960,\"height\":960,\"caption\":\"Canon CLI 571XL Svart Original Bl\u00e4ckpatron\"},{\"@type\":\"BreadcrumbList\",\"@id\":\"https:\/\/www.heddata.se\/webbutik\/produkt\/canon-cli-571xl-svart-original\/#breadcrumb\",\"itemListElement\":[{\"@type\":\"ListItem\",\"position\":1,\"name\":\"Hem\",\"item\":\"https:\/\/www.heddata.se\/webbutik\/\"},{\"@type\":\"ListItem\",\"position\":2,\"name\":\"Produkter\",\"item\":\"https:\/\/www.heddata.se\/webbutik\/shop\/\"},{\"@type\":\"ListItem\",\"position\":3,\"name\":\"Canon CLI 571XL Svart Original Bl\u00e4ckpatron\"}]},{\"@type\":\"WebSite\",\"@id\":\"https:\/\/www.heddata.se\/webbutik\/#website\",\"url\":\"https:\/\/www.heddata.se\/webbutik\/\",\"name\":\"Datorer, Skrivare, F\u00e4rgpatroner, Mobiltelefoner\",\"description\":\"Kablar\",\"publisher\":{\"@id\":\"https:\/\/www.heddata.se\/webbutik\/#organization\"},\"potentialAction\":[{\"@type\":\"SearchAction\",\"target\":{\"@type\":\"EntryPoint\",\"urlTemplate\":\"https:\/\/www.heddata.se\/webbutik\/?s={search_term_string}\"},\"query-input\":{\"@type\":\"PropertyValueSpecification\",\"valueRequired\":true,\"valueName\":\"search_term_string\"}}],\"inLanguage\":\"sv-SE\"},{\"@type\":\"Organization\",\"@id\":\"https:\/\/www.heddata.se\/webbutik\/#organization\",\"name\":\"Heddata AB\",\"url\":\"https:\/\/www.heddata.se\/webbutik\/\",\"logo\":{\"@type\":\"ImageObject\",\"inLanguage\":\"sv-SE\",\"@id\":\"https:\/\/www.heddata.se\/webbutik\/#\/schema\/logo\/image\/\",\"url\":\"https:\/\/www.heddata.se\/webbutik\/wp-content\/uploads\/logga\/heddata-ab-logga.png\",\"contentUrl\":\"https:\/\/www.heddata.se\/webbutik\/wp-content\/uploads\/logga\/heddata-ab-logga.png\",\"width\":200,\"height\":64,\"caption\":\"Heddata AB\"},\"image\":{\"@id\":\"https:\/\/www.heddata.se\/webbutik\/#\/schema\/logo\/image\/\"}}]}<\/script>\n<!-- \/ Yoast SEO Premium plugin. -->","yoast_head_json":{"title":"Canon CLI 571XL Svart Original Bl\u00e4ckpatron l\u00e5ng livsl\u00e4ngd","description":"Canon CLI 571XL Svart Original Bl\u00e4ckpatron l\u00e5ng livsl\u00e4ngd. 571XLBK anv\u00e4nds till att skriva ut foton och kan ge dig upp till 895 bilder.","robots":{"index":"index","follow":"follow","max-snippet":"max-snippet:-1","max-image-preview":"max-image-preview:large","max-video-preview":"max-video-preview:-1"},"canonical":"https:\/\/www.heddata.se\/webbutik\/produkt\/canon-cli-571xl-svart-original\/","og_locale":"sv_SE","og_type":"article","og_title":"Canon CLI 571XL Svart Original Bl\u00e4ckpatron","og_description":"Canon CLI 571XL Svart Original Bl\u00e4ckpatron l\u00e5ng livsl\u00e4ngd. 571XLBK anv\u00e4nds till att skriva ut foton och kan ge dig upp till 895 bilder.","og_url":"https:\/\/www.heddata.se\/webbutik\/produkt\/canon-cli-571xl-svart-original\/","og_site_name":"Datorer, Skrivare, F\u00e4rgpatroner, Mobiltelefoner","article_modified_time":"2026-05-08T16:10:04+00:00","og_image":[{"width":960,"height":960,"url":"https:\/\/www.heddata.se\/webbutik\/wp-content\/uploads\/webbutik\/kategorier\/Bl\u00e4ckpatroner-toners\/Canon-CLI-571XL-Svart-Original-Blackpatron.jpg","type":"image\/jpeg"}],"twitter_card":"summary_large_image","twitter_misc":{"Ber\u00e4knad l\u00e4stid":"1 minut"},"schema":{"@context":"https:\/\/schema.org","@graph":[{"@type":"WebPage","@id":"https:\/\/www.heddata.se\/webbutik\/produkt\/canon-cli-571xl-svart-original\/","url":"https:\/\/www.heddata.se\/webbutik\/produkt\/canon-cli-571xl-svart-original\/","name":"Canon CLI 571XL Svart Original Bl\u00e4ckpatron l\u00e5ng livsl\u00e4ngd","isPartOf":{"@id":"https:\/\/www.heddata.se\/webbutik\/#website"},"primaryImageOfPage":{"@id":"https:\/\/www.heddata.se\/webbutik\/produkt\/canon-cli-571xl-svart-original\/#primaryimage"},"image":{"@id":"https:\/\/www.heddata.se\/webbutik\/produkt\/canon-cli-571xl-svart-original\/#primaryimage"},"thumbnailUrl":"https:\/\/www.heddata.se\/webbutik\/wp-content\/uploads\/webbutik\/kategorier\/Bl\u00e4ckpatroner-toners\/Canon-CLI-571XL-Svart-Original-Blackpatron.jpg","datePublished":"2019-10-07T06:17:14+00:00","dateModified":"2026-05-08T16:10:04+00:00","description":"Canon CLI 571XL Svart Original Bl\u00e4ckpatron l\u00e5ng livsl\u00e4ngd. 571XLBK anv\u00e4nds till att skriva ut foton och kan ge dig upp till 895 bilder.","breadcrumb":{"@id":"https:\/\/www.heddata.se\/webbutik\/produkt\/canon-cli-571xl-svart-original\/#breadcrumb"},"inLanguage":"sv-SE","potentialAction":[{"@type":"ReadAction","target":["https:\/\/www.heddata.se\/webbutik\/produkt\/canon-cli-571xl-svart-original\/"]}]},{"@type":"ImageObject","inLanguage":"sv-SE","@id":"https:\/\/www.heddata.se\/webbutik\/produkt\/canon-cli-571xl-svart-original\/#primaryimage","url":"https:\/\/www.heddata.se\/webbutik\/wp-content\/uploads\/webbutik\/kategorier\/Bl\u00e4ckpatroner-toners\/Canon-CLI-571XL-Svart-Original-Blackpatron.jpg","contentUrl":"https:\/\/www.heddata.se\/webbutik\/wp-content\/uploads\/webbutik\/kategorier\/Bl\u00e4ckpatroner-toners\/Canon-CLI-571XL-Svart-Original-Blackpatron.jpg","width":960,"height":960,"caption":"Canon CLI 571XL Svart Original Bl\u00e4ckpatron"},{"@type":"BreadcrumbList","@id":"https:\/\/www.heddata.se\/webbutik\/produkt\/canon-cli-571xl-svart-original\/#breadcrumb","itemListElement":[{"@type":"ListItem","position":1,"name":"Hem","item":"https:\/\/www.heddata.se\/webbutik\/"},{"@type":"ListItem","position":2,"name":"Produkter","item":"https:\/\/www.heddata.se\/webbutik\/shop\/"},{"@type":"ListItem","position":3,"name":"Canon CLI 571XL Svart Original Bl\u00e4ckpatron"}]},{"@type":"WebSite","@id":"https:\/\/www.heddata.se\/webbutik\/#website","url":"https:\/\/www.heddata.se\/webbutik\/","name":"Datorer, Skrivare, F\u00e4rgpatroner, Mobiltelefoner","description":"Kablar","publisher":{"@id":"https:\/\/www.heddata.se\/webbutik\/#organization"},"potentialAction":[{"@type":"SearchAction","target":{"@type":"EntryPoint","urlTemplate":"https:\/\/www.heddata.se\/webbutik\/?s={search_term_string}"},"query-input":{"@type":"PropertyValueSpecification","valueRequired":true,"valueName":"search_term_string"}}],"inLanguage":"sv-SE"},{"@type":"Organization","@id":"https:\/\/www.heddata.se\/webbutik\/#organization","name":"Heddata AB","url":"https:\/\/www.heddata.se\/webbutik\/","logo":{"@type":"ImageObject","inLanguage":"sv-SE","@id":"https:\/\/www.heddata.se\/webbutik\/#\/schema\/logo\/image\/","url":"https:\/\/www.heddata.se\/webbutik\/wp-content\/uploads\/logga\/heddata-ab-logga.png","contentUrl":"https:\/\/www.heddata.se\/webbutik\/wp-content\/uploads\/logga\/heddata-ab-logga.png","width":200,"height":64,"caption":"Heddata AB"},"image":{"@id":"https:\/\/www.heddata.se\/webbutik\/#\/schema\/logo\/image\/"}}]}},"_links":{"self":[{"href":"https:\/\/www.heddata.se\/webbutik\/wp-json\/wp\/v2\/product\/2382","targetHints":{"allow":["GET"]}}],"collection":[{"href":"https:\/\/www.heddata.se\/webbutik\/wp-json\/wp\/v2\/product"}],"about":[{"href":"https:\/\/www.heddata.se\/webbutik\/wp-json\/wp\/v2\/types\/product"}],"wp:featuredmedia":[{"embeddable":true,"href":"https:\/\/www.heddata.se\/webbutik\/wp-json\/wp\/v2\/media\/3363"}],"wp:attachment":[{"href":"https:\/\/www.heddata.se\/webbutik\/wp-json\/wp\/v2\/media?parent=2382"}],"wp:term":[{"taxonomy":"product_brand","embeddable":true,"href":"https:\/\/www.heddata.se\/webbutik\/wp-json\/wp\/v2\/product_brand?post=2382"},{"taxonomy":"product_cat","embeddable":true,"href":"https:\/\/www.heddata.se\/webbutik\/wp-json\/wp\/v2\/product_cat?post=2382"},{"taxonomy":"product_tag","embeddable":true,"href":"https:\/\/www.heddata.se\/webbutik\/wp-json\/wp\/v2\/product_tag?post=2382"}],"curies":[{"name":"wp","href":"https:\/\/api.w.org\/{rel}","templated":true}]}}