{"id":2003,"date":"2019-09-16T10:36:48","date_gmt":"2019-09-16T08:36:48","guid":{"rendered":"https:\/\/www.heddata.se\/webbutik\/?post_type=product&#038;p=2003"},"modified":"2026-04-07T18:42:30","modified_gmt":"2026-04-07T16:42:30","slug":"vaggladdare-usb-svart-3-0-a-usb-qc-usb-c","status":"publish","type":"product","link":"https:\/\/www.heddata.se\/webbutik\/produkt\/vaggladdare-usb-svart-3-0-a-usb-qc-usb-c\/","title":{"rendered":"V\u00e4ggladdare USB svart | 3.0 A | USB-C | Snabbladdare"},"content":{"rendered":"<p><strong>V\u00e4ggladdare USB svart<\/strong><\/p>\n<ul class=\"specifications__list\">\n<li><span class=\"specifications__label\">Antal utg\u00e5ngar: <\/span><span class=\"specifications__value\">2<\/span><\/li>\n<li><span class=\"specifications__label\">L\u00e4ngd: <\/span><span class=\"specifications__value\">80 mm<\/span><\/li>\n<li><span class=\"specifications__label\">Anslutning: A<\/span><span class=\"specifications__value\">USB Type-C\u2122<\/span><\/li>\n<li><span class=\"specifications__label\">Utg\u00e5ngssp\u00e4nning: <\/span><span class=\"specifications__value\">3.6 VDC<\/span><\/li>\n<li><span class=\"specifications__label\">Uttagstyp: <\/span><span class=\"specifications__value\">2 x USB<\/span><\/li>\n<li><span class=\"specifications__label\">N\u00e4tkontakt: <\/span><span class=\"specifications__value\">Euro \/ Type C (CEE 7\/16)<\/span><\/li>\n<li><span class=\"specifications__label\">Str\u00f6m: <\/span><span class=\"specifications__value\">3.0 A<\/span><\/li>\n<li><span class=\"specifications__label\">Uteffekt: <\/span><span class=\"specifications__value\">48 W<\/span><\/li>\n<li><span class=\"specifications__label\">F\u00e4rg: <\/span><span class=\"specifications__value\">Svart<\/span><\/li>\n<li><span class=\"specifications__label\">Vikt: <\/span><span class=\"specifications__value\">135 g<\/span><\/li>\n<li><span class=\"specifications__label\">Sp\u00e4nning: <\/span><span class=\"specifications__value\">100&#8230;240 VAC\/ 50&#8230;60 Hz<\/span><\/li>\n<li><span class=\"specifications__label\">Val av utsp\u00e4nning: <\/span><span class=\"specifications__value\">Automatic Voltage Selection<\/span><\/li>\n<li><span class=\"specifications__label\">Bredd:<\/span><span class=\"specifications__value\">62 mm<\/span><\/li>\n<li><span class=\"specifications__label\">Max. output current per port<\/span><span class=\"specifications__value\">3.0 A<\/span><\/li>\n<li><span class=\"specifications__label\">H\u00f6jd: <\/span><span class=\"specifications__value\">32 mm<\/span><\/li>\n<li><span class=\"specifications__label\">Typ av laddare: <\/span><span class=\"specifications__value\">Home Desktop<\/span><\/li>\n<li><span class=\"specifications__label\">Output current: <\/span><span class=\"specifications__value\">3.0 A<\/span><\/li>\n<li>Utg\u00e5ngskontaktyp: <span class=\"specifications__value\" style=\"color: #555555; font-size: 14.4px;\"><span class=\"specifications__value\"><span class=\"specifications__value\">USB Type-C<\/span><\/span><\/span><\/li>\n<\/ul>\n<p><span style=\"display: inline !important; float: none; background-color: #ffffff; color: #444444; font-family: 'Roboto',sans-serif; font-size: 16px; font-style: normal; font-variant: normal; font-weight: 300; letter-spacing: normal; orphans: 2; text-align: left; text-decoration: none; text-indent: 0px; text-transform: none; -webkit-text-stroke-width: 0px; white-space: normal; word-spacing: 0px;\"><a href=\"https:\/\/www.heddata.se\/webbutik\/kablar\/\">Kabel<\/a> medf\u00f6ljer ej.<br \/>\nV\u00e4ggladdare USB svart fr\u00e5n <a href=\"https:\/\/nedis.se\/sv-se\">Nedis<\/a>.<\/span><\/p>\n","protected":false},"excerpt":{"rendered":"<p><span style=\"display: inline !important; float: none; background-color: #ffffff; color: #444444; font-family: 'Roboto',sans-serif; font-size: 16px; font-style: normal; font-variant: normal; font-weight: 300; letter-spacing: normal; orphans: 2; text-align: left; text-decoration: none; text-indent: 0px; text-transform: none; -webkit-text-stroke-width: 0px; white-space: normal; word-spacing: 0px;\">V\u00e4ggladdare USB. Med den h\u00e4r Nedis\u00ae USB-C 3.0 v\u00e4ggladdaren p\u00e5 30 W kan du ladda smartphones, surfplattor, Nintendo Switch och m\u00e5nga andra USB-C-enheter utan behov av en station\u00e4r eller b\u00e4rbar dator.<\/span><br \/>\n<span style=\"display: inline !important; float: none; background-color: #ffffff; color: #444444; font-family: 'Roboto',sans-serif; font-size: 16px; font-style: normal; font-variant: normal; font-weight: 300; letter-spacing: normal; orphans: 2; text-align: left; text-decoration: none; text-indent: 0px; text-transform: none; -webkit-text-stroke-width: 0px; white-space: normal; word-spacing: 0px;\"> Den avancerade effektstyrningstekniken (Power Delivery) och Quick Charge 3.0 USB-A-anslutningen m\u00f6jligg\u00f6r samtidig snabbladdning av kompatibla enheter vid h\u00f6gre sp\u00e4nning.<\/span><br \/>\n<span style=\"display: inline !important; float: none; background-color: #ffffff; color: #444444; font-family: 'Roboto',sans-serif; font-size: 16px; font-style: normal; font-variant: normal; font-weight: 300; letter-spacing: normal; orphans: 2; text-align: left; text-decoration: none; text-indent: 0px; text-transform: none; -webkit-text-stroke-width: 0px; white-space: normal; word-spacing: 0px;\"> Tack vare den begr\u00e4nsade storleken \u00e4r det h\u00e4r den perfekta l\u00f6sningen f\u00f6r portabel laddning. Enheten kan t.o.m. str\u00f6mf\u00f6rs\u00f6rja mindre b\u00e4rbara datorer utrustade med USB-C.<br \/>\n<a href=\"https:\/\/www.heddata.se\/webbutik\/?page_id=2111&amp;preview=true\">Kabel<\/a> medf\u00f6ljer ej.<br \/>\n<\/span><\/p>\n","protected":false},"featured_media":2030,"template":"","meta":[],"product_brand":[],"product_cat":[118,125,123],"product_tag":[185,186,132,133,134,131,142,143],"class_list":{"0":"post-2003","1":"product","2":"type-product","3":"status-publish","4":"has-post-thumbnail","6":"product_cat-telefonladdare","7":"product_cat-tradlos-laddning","8":"product_cat-vaggladdare","9":"product_tag-qc","10":"product_tag-quickcharge","11":"product_tag-svart","12":"product_tag-svart-vaggladdare","13":"product_tag-usb-c","14":"product_tag-vaggladdare","15":"product_tag-vit","16":"product_tag-vit-vaggladdare","18":"first","19":"outofstock","20":"taxable","21":"shipping-taxable","22":"product-type-simple"},"yoast_head":"<!-- This site is optimized with the Yoast SEO Premium plugin v26.7 (Yoast SEO v26.7) - https:\/\/yoast.com\/wordpress\/plugins\/seo\/ -->\n<title>V\u00e4ggladdare USB svart med uttag f\u00f6r USB 3.0 A och USB-C. Uteffekt 48 W<\/title>\n<meta name=\"description\" content=\"V\u00e4ggladdare USB i svart med tv\u00e5 utg\u00e5ngar, USB 3.0 A och USB-C. Ladda mobiltelefoner, surfplattor och andra USB-C enheter. Snabbladdning f\u00f6r kompatibla enhet\" \/>\n<meta name=\"robots\" content=\"index, follow, max-snippet:-1, max-image-preview:large, max-video-preview:-1\" \/>\n<link rel=\"canonical\" href=\"https:\/\/www.heddata.se\/webbutik\/produkt\/vaggladdare-usb-svart-3-0-a-usb-qc-usb-c\/\" \/>\n<meta property=\"og:locale\" content=\"sv_SE\" \/>\n<meta property=\"og:type\" content=\"article\" \/>\n<meta property=\"og:title\" content=\"V\u00e4ggladdare USB svart | 3.0 A | USB-C | Snabbladdare\" \/>\n<meta property=\"og:description\" content=\"V\u00e4ggladdare USB i svart med tv\u00e5 utg\u00e5ngar, USB 3.0 A och USB-C. Ladda mobiltelefoner, surfplattor och andra USB-C enheter. Snabbladdning f\u00f6r kompatibla enhet\" \/>\n<meta property=\"og:url\" content=\"https:\/\/www.heddata.se\/webbutik\/produkt\/vaggladdare-usb-svart-3-0-a-usb-qc-usb-c\/\" \/>\n<meta property=\"og:site_name\" content=\"Datorer, Skrivare, F\u00e4rgpatroner, Mobiltelefoner\" \/>\n<meta property=\"article:modified_time\" content=\"2026-04-07T16:42:30+00:00\" \/>\n<meta property=\"og:image\" content=\"https:\/\/www.heddata.se\/webbutik\/wp-content\/uploads\/WCPD30W110BK.jpg\" \/>\n\t<meta property=\"og:image:width\" content=\"1200\" \/>\n\t<meta property=\"og:image:height\" content=\"1200\" \/>\n\t<meta property=\"og:image:type\" content=\"image\/jpeg\" \/>\n<meta name=\"twitter:card\" content=\"summary_large_image\" \/>\n<script type=\"application\/ld+json\" class=\"yoast-schema-graph\">{\"@context\":\"https:\/\/schema.org\",\"@graph\":[{\"@type\":\"WebPage\",\"@id\":\"https:\/\/www.heddata.se\/webbutik\/produkt\/vaggladdare-usb-svart-3-0-a-usb-qc-usb-c\/\",\"url\":\"https:\/\/www.heddata.se\/webbutik\/produkt\/vaggladdare-usb-svart-3-0-a-usb-qc-usb-c\/\",\"name\":\"V\u00e4ggladdare USB svart med uttag f\u00f6r USB 3.0 A och USB-C. Uteffekt 48 W\",\"isPartOf\":{\"@id\":\"https:\/\/www.heddata.se\/webbutik\/#website\"},\"primaryImageOfPage\":{\"@id\":\"https:\/\/www.heddata.se\/webbutik\/produkt\/vaggladdare-usb-svart-3-0-a-usb-qc-usb-c\/#primaryimage\"},\"image\":{\"@id\":\"https:\/\/www.heddata.se\/webbutik\/produkt\/vaggladdare-usb-svart-3-0-a-usb-qc-usb-c\/#primaryimage\"},\"thumbnailUrl\":\"https:\/\/www.heddata.se\/webbutik\/wp-content\/uploads\/WCPD30W110BK.jpg\",\"datePublished\":\"2019-09-16T08:36:48+00:00\",\"dateModified\":\"2026-04-07T16:42:30+00:00\",\"description\":\"V\u00e4ggladdare USB i svart med tv\u00e5 utg\u00e5ngar, USB 3.0 A och USB-C. Ladda mobiltelefoner, surfplattor och andra USB-C enheter. Snabbladdning f\u00f6r kompatibla enhet\",\"breadcrumb\":{\"@id\":\"https:\/\/www.heddata.se\/webbutik\/produkt\/vaggladdare-usb-svart-3-0-a-usb-qc-usb-c\/#breadcrumb\"},\"inLanguage\":\"sv-SE\",\"potentialAction\":[{\"@type\":\"ReadAction\",\"target\":[\"https:\/\/www.heddata.se\/webbutik\/produkt\/vaggladdare-usb-svart-3-0-a-usb-qc-usb-c\/\"]}]},{\"@type\":\"ImageObject\",\"inLanguage\":\"sv-SE\",\"@id\":\"https:\/\/www.heddata.se\/webbutik\/produkt\/vaggladdare-usb-svart-3-0-a-usb-qc-usb-c\/#primaryimage\",\"url\":\"https:\/\/www.heddata.se\/webbutik\/wp-content\/uploads\/WCPD30W110BK.jpg\",\"contentUrl\":\"https:\/\/www.heddata.se\/webbutik\/wp-content\/uploads\/WCPD30W110BK.jpg\",\"width\":1200,\"height\":1200,\"caption\":\"V\u00e4ggladdare USB | 3.0 A | USB (QC)\/USB-C\"},{\"@type\":\"BreadcrumbList\",\"@id\":\"https:\/\/www.heddata.se\/webbutik\/produkt\/vaggladdare-usb-svart-3-0-a-usb-qc-usb-c\/#breadcrumb\",\"itemListElement\":[{\"@type\":\"ListItem\",\"position\":1,\"name\":\"Hem\",\"item\":\"https:\/\/www.heddata.se\/webbutik\/\"},{\"@type\":\"ListItem\",\"position\":2,\"name\":\"Produkter\",\"item\":\"https:\/\/www.heddata.se\/webbutik\/shop\/\"},{\"@type\":\"ListItem\",\"position\":3,\"name\":\"V\u00e4ggladdare USB svart | 3.0 A | USB-C | Snabbladdare\"}]},{\"@type\":\"WebSite\",\"@id\":\"https:\/\/www.heddata.se\/webbutik\/#website\",\"url\":\"https:\/\/www.heddata.se\/webbutik\/\",\"name\":\"Datorer, Skrivare, F\u00e4rgpatroner, Mobiltelefoner\",\"description\":\"Kablar\",\"publisher\":{\"@id\":\"https:\/\/www.heddata.se\/webbutik\/#organization\"},\"potentialAction\":[{\"@type\":\"SearchAction\",\"target\":{\"@type\":\"EntryPoint\",\"urlTemplate\":\"https:\/\/www.heddata.se\/webbutik\/?s={search_term_string}\"},\"query-input\":{\"@type\":\"PropertyValueSpecification\",\"valueRequired\":true,\"valueName\":\"search_term_string\"}}],\"inLanguage\":\"sv-SE\"},{\"@type\":\"Organization\",\"@id\":\"https:\/\/www.heddata.se\/webbutik\/#organization\",\"name\":\"Heddata AB\",\"url\":\"https:\/\/www.heddata.se\/webbutik\/\",\"logo\":{\"@type\":\"ImageObject\",\"inLanguage\":\"sv-SE\",\"@id\":\"https:\/\/www.heddata.se\/webbutik\/#\/schema\/logo\/image\/\",\"url\":\"https:\/\/www.heddata.se\/webbutik\/wp-content\/uploads\/logga\/heddata-ab-logga.png\",\"contentUrl\":\"https:\/\/www.heddata.se\/webbutik\/wp-content\/uploads\/logga\/heddata-ab-logga.png\",\"width\":200,\"height\":64,\"caption\":\"Heddata AB\"},\"image\":{\"@id\":\"https:\/\/www.heddata.se\/webbutik\/#\/schema\/logo\/image\/\"}}]}<\/script>\n<!-- \/ Yoast SEO Premium plugin. -->","yoast_head_json":{"title":"V\u00e4ggladdare USB svart med uttag f\u00f6r USB 3.0 A och USB-C. Uteffekt 48 W","description":"V\u00e4ggladdare USB i svart med tv\u00e5 utg\u00e5ngar, USB 3.0 A och USB-C. Ladda mobiltelefoner, surfplattor och andra USB-C enheter. Snabbladdning f\u00f6r kompatibla enhet","robots":{"index":"index","follow":"follow","max-snippet":"max-snippet:-1","max-image-preview":"max-image-preview:large","max-video-preview":"max-video-preview:-1"},"canonical":"https:\/\/www.heddata.se\/webbutik\/produkt\/vaggladdare-usb-svart-3-0-a-usb-qc-usb-c\/","og_locale":"sv_SE","og_type":"article","og_title":"V\u00e4ggladdare USB svart | 3.0 A | USB-C | Snabbladdare","og_description":"V\u00e4ggladdare USB i svart med tv\u00e5 utg\u00e5ngar, USB 3.0 A och USB-C. Ladda mobiltelefoner, surfplattor och andra USB-C enheter. Snabbladdning f\u00f6r kompatibla enhet","og_url":"https:\/\/www.heddata.se\/webbutik\/produkt\/vaggladdare-usb-svart-3-0-a-usb-qc-usb-c\/","og_site_name":"Datorer, Skrivare, F\u00e4rgpatroner, Mobiltelefoner","article_modified_time":"2026-04-07T16:42:30+00:00","og_image":[{"width":1200,"height":1200,"url":"https:\/\/www.heddata.se\/webbutik\/wp-content\/uploads\/WCPD30W110BK.jpg","type":"image\/jpeg"}],"twitter_card":"summary_large_image","schema":{"@context":"https:\/\/schema.org","@graph":[{"@type":"WebPage","@id":"https:\/\/www.heddata.se\/webbutik\/produkt\/vaggladdare-usb-svart-3-0-a-usb-qc-usb-c\/","url":"https:\/\/www.heddata.se\/webbutik\/produkt\/vaggladdare-usb-svart-3-0-a-usb-qc-usb-c\/","name":"V\u00e4ggladdare USB svart med uttag f\u00f6r USB 3.0 A och USB-C. Uteffekt 48 W","isPartOf":{"@id":"https:\/\/www.heddata.se\/webbutik\/#website"},"primaryImageOfPage":{"@id":"https:\/\/www.heddata.se\/webbutik\/produkt\/vaggladdare-usb-svart-3-0-a-usb-qc-usb-c\/#primaryimage"},"image":{"@id":"https:\/\/www.heddata.se\/webbutik\/produkt\/vaggladdare-usb-svart-3-0-a-usb-qc-usb-c\/#primaryimage"},"thumbnailUrl":"https:\/\/www.heddata.se\/webbutik\/wp-content\/uploads\/WCPD30W110BK.jpg","datePublished":"2019-09-16T08:36:48+00:00","dateModified":"2026-04-07T16:42:30+00:00","description":"V\u00e4ggladdare USB i svart med tv\u00e5 utg\u00e5ngar, USB 3.0 A och USB-C. Ladda mobiltelefoner, surfplattor och andra USB-C enheter. Snabbladdning f\u00f6r kompatibla enhet","breadcrumb":{"@id":"https:\/\/www.heddata.se\/webbutik\/produkt\/vaggladdare-usb-svart-3-0-a-usb-qc-usb-c\/#breadcrumb"},"inLanguage":"sv-SE","potentialAction":[{"@type":"ReadAction","target":["https:\/\/www.heddata.se\/webbutik\/produkt\/vaggladdare-usb-svart-3-0-a-usb-qc-usb-c\/"]}]},{"@type":"ImageObject","inLanguage":"sv-SE","@id":"https:\/\/www.heddata.se\/webbutik\/produkt\/vaggladdare-usb-svart-3-0-a-usb-qc-usb-c\/#primaryimage","url":"https:\/\/www.heddata.se\/webbutik\/wp-content\/uploads\/WCPD30W110BK.jpg","contentUrl":"https:\/\/www.heddata.se\/webbutik\/wp-content\/uploads\/WCPD30W110BK.jpg","width":1200,"height":1200,"caption":"V\u00e4ggladdare USB | 3.0 A | USB (QC)\/USB-C"},{"@type":"BreadcrumbList","@id":"https:\/\/www.heddata.se\/webbutik\/produkt\/vaggladdare-usb-svart-3-0-a-usb-qc-usb-c\/#breadcrumb","itemListElement":[{"@type":"ListItem","position":1,"name":"Hem","item":"https:\/\/www.heddata.se\/webbutik\/"},{"@type":"ListItem","position":2,"name":"Produkter","item":"https:\/\/www.heddata.se\/webbutik\/shop\/"},{"@type":"ListItem","position":3,"name":"V\u00e4ggladdare USB svart | 3.0 A | USB-C | Snabbladdare"}]},{"@type":"WebSite","@id":"https:\/\/www.heddata.se\/webbutik\/#website","url":"https:\/\/www.heddata.se\/webbutik\/","name":"Datorer, Skrivare, F\u00e4rgpatroner, Mobiltelefoner","description":"Kablar","publisher":{"@id":"https:\/\/www.heddata.se\/webbutik\/#organization"},"potentialAction":[{"@type":"SearchAction","target":{"@type":"EntryPoint","urlTemplate":"https:\/\/www.heddata.se\/webbutik\/?s={search_term_string}"},"query-input":{"@type":"PropertyValueSpecification","valueRequired":true,"valueName":"search_term_string"}}],"inLanguage":"sv-SE"},{"@type":"Organization","@id":"https:\/\/www.heddata.se\/webbutik\/#organization","name":"Heddata AB","url":"https:\/\/www.heddata.se\/webbutik\/","logo":{"@type":"ImageObject","inLanguage":"sv-SE","@id":"https:\/\/www.heddata.se\/webbutik\/#\/schema\/logo\/image\/","url":"https:\/\/www.heddata.se\/webbutik\/wp-content\/uploads\/logga\/heddata-ab-logga.png","contentUrl":"https:\/\/www.heddata.se\/webbutik\/wp-content\/uploads\/logga\/heddata-ab-logga.png","width":200,"height":64,"caption":"Heddata AB"},"image":{"@id":"https:\/\/www.heddata.se\/webbutik\/#\/schema\/logo\/image\/"}}]}},"_links":{"self":[{"href":"https:\/\/www.heddata.se\/webbutik\/wp-json\/wp\/v2\/product\/2003","targetHints":{"allow":["GET"]}}],"collection":[{"href":"https:\/\/www.heddata.se\/webbutik\/wp-json\/wp\/v2\/product"}],"about":[{"href":"https:\/\/www.heddata.se\/webbutik\/wp-json\/wp\/v2\/types\/product"}],"wp:featuredmedia":[{"embeddable":true,"href":"https:\/\/www.heddata.se\/webbutik\/wp-json\/wp\/v2\/media\/2030"}],"wp:attachment":[{"href":"https:\/\/www.heddata.se\/webbutik\/wp-json\/wp\/v2\/media?parent=2003"}],"wp:term":[{"taxonomy":"product_brand","embeddable":true,"href":"https:\/\/www.heddata.se\/webbutik\/wp-json\/wp\/v2\/product_brand?post=2003"},{"taxonomy":"product_cat","embeddable":true,"href":"https:\/\/www.heddata.se\/webbutik\/wp-json\/wp\/v2\/product_cat?post=2003"},{"taxonomy":"product_tag","embeddable":true,"href":"https:\/\/www.heddata.se\/webbutik\/wp-json\/wp\/v2\/product_tag?post=2003"}],"curies":[{"name":"wp","href":"https:\/\/api.w.org\/{rel}","templated":true}]}}