{"id":1995,"date":"2019-09-16T10:36:43","date_gmt":"2019-09-16T08:36:43","guid":{"rendered":"https:\/\/www.heddata.se\/webbutik\/?post_type=product&#038;p=1995"},"modified":"2026-04-17T18:10:48","modified_gmt":"2026-04-17T16:10:48","slug":"30-stiftskontakt-apple-svart-svart-vaggladdare-med-30-stiftskontakt","status":"publish","type":"product","link":"https:\/\/www.heddata.se\/webbutik\/produkt\/30-stiftskontakt-apple-svart-svart-vaggladdare-med-30-stiftskontakt\/","title":{"rendered":"30 stiftskontakt Apple svart | Svart V\u00e4ggladdare"},"content":{"rendered":"<p>30 stiftskontakt Apple svart, <a href=\"https:\/\/www.heddata.se\/webbutik\/telefontillbehor-powerbank-laddare-kabel\/telefonladdare\/vaggladdare\/\">V\u00e4ggladdare<\/a><\/p>\n<p><strong>Produktspecifikationer<\/strong><br \/>\n<strong>Anv\u00e4ndning:<\/strong> Hem, iPhone, iPad<br \/>\n<strong>Antal utg\u00e5ngar:<\/strong> 1<br \/>\n<strong>Kabeltyp:<\/strong> Apple 30-Pin<br \/>\n<strong>F\u00e4rg:<\/strong> Svart\/Vit<br \/>\n<strong>Sladdl\u00e4ngd:<\/strong> 1.00 m<\/p>\n<p>V\u00e4ggladdare fr\u00e5n <a href=\"https:\/\/nedis.se\/sv-se\" target=\"_blank\" rel=\"noopener noreferrer\">Nedis<\/a><\/p>\n","protected":false},"excerpt":{"rendered":"<p>AC laddare med 30-stiftskontakt, <a href=\"https:\/\/www.heddata.se\/webbutik\/?page_id=2181&amp;preview=true\">V\u00e4ggladdare<\/a><\/p>\n<p><strong>Produktbeskrivning<\/strong><br \/>\nDen h\u00e4r AC-laddaren l\u00e4mpar sig f\u00f6r att ladda en m\u00e4ngd olika typer av Apple-enheter med 30-stiftskontakter i hemmet.<\/p>\n<p><strong>Paketet inneh\u00e5ller<\/strong><br \/>\n\u2022 1 x AC-laddare med 30-stiftskontakt<br \/>\n<strong>Allm\u00e4n information<\/strong><br \/>\nAC-laddare med 30-stifts dockningskontakt.<\/p>\n","protected":false},"featured_media":2033,"template":"","meta":[],"product_brand":[],"product_cat":[118,69,123],"product_tag":[159,158,157],"class_list":{"0":"post-1995","1":"product","2":"type-product","3":"status-publish","4":"has-post-thumbnail","6":"product_cat-telefonladdare","7":"product_cat-telefontillbehor","8":"product_cat-vaggladdare","9":"product_tag-30-stift-kontakt","10":"product_tag-svart-iphoneladdare","11":"product_tag-svart-laddare","13":"first","14":"instock","15":"sale","16":"taxable","17":"shipping-taxable","18":"purchasable","19":"product-type-simple"},"yoast_head":"<!-- This site is optimized with the Yoast SEO Premium plugin v26.7 (Yoast SEO v26.7) - https:\/\/yoast.com\/wordpress\/plugins\/seo\/ -->\n<title>30 stiftskontakt Apple svart | Svart v\u00e4ggladdare med 30-stiftskontakt<\/title>\n<meta name=\"description\" content=\"30 stiftskontakt Apple svart. Den h\u00e4r AC-laddaren l\u00e4mpar sig f\u00f6r att ladda en m\u00e4ngd olika typer av Apple-enheter med 30-stiftskontakter i hemmet.\" \/>\n<meta name=\"robots\" content=\"index, follow, max-snippet:-1, max-image-preview:large, max-video-preview:-1\" \/>\n<link rel=\"canonical\" href=\"https:\/\/www.heddata.se\/webbutik\/produkt\/30-stiftskontakt-apple-svart-svart-vaggladdare-med-30-stiftskontakt\/\" \/>\n<meta property=\"og:locale\" content=\"sv_SE\" \/>\n<meta property=\"og:type\" content=\"article\" \/>\n<meta property=\"og:title\" content=\"30 stiftskontakt Apple svart | Svart V\u00e4ggladdare\" \/>\n<meta property=\"og:description\" content=\"30 stiftskontakt Apple svart. Den h\u00e4r AC-laddaren l\u00e4mpar sig f\u00f6r att ladda en m\u00e4ngd olika typer av Apple-enheter med 30-stiftskontakter i hemmet.\" \/>\n<meta property=\"og:url\" content=\"https:\/\/www.heddata.se\/webbutik\/produkt\/30-stiftskontakt-apple-svart-svart-vaggladdare-med-30-stiftskontakt\/\" \/>\n<meta property=\"og:site_name\" content=\"Datorer, Skrivare, F\u00e4rgpatroner, Mobiltelefoner\" \/>\n<meta property=\"article:modified_time\" content=\"2026-04-17T16:10:48+00:00\" \/>\n<meta property=\"og:image\" content=\"https:\/\/www.heddata.se\/webbutik\/wp-content\/uploads\/VLMB39892B10-scaled.jpg\" \/>\n\t<meta property=\"og:image:width\" content=\"2381\" \/>\n\t<meta property=\"og:image:height\" content=\"2560\" \/>\n\t<meta property=\"og:image:type\" content=\"image\/jpeg\" \/>\n<meta name=\"twitter:card\" content=\"summary_large_image\" \/>\n<script type=\"application\/ld+json\" class=\"yoast-schema-graph\">{\"@context\":\"https:\/\/schema.org\",\"@graph\":[{\"@type\":\"WebPage\",\"@id\":\"https:\/\/www.heddata.se\/webbutik\/produkt\/30-stiftskontakt-apple-svart-svart-vaggladdare-med-30-stiftskontakt\/\",\"url\":\"https:\/\/www.heddata.se\/webbutik\/produkt\/30-stiftskontakt-apple-svart-svart-vaggladdare-med-30-stiftskontakt\/\",\"name\":\"30 stiftskontakt Apple svart | Svart v\u00e4ggladdare med 30-stiftskontakt\",\"isPartOf\":{\"@id\":\"https:\/\/www.heddata.se\/webbutik\/#website\"},\"primaryImageOfPage\":{\"@id\":\"https:\/\/www.heddata.se\/webbutik\/produkt\/30-stiftskontakt-apple-svart-svart-vaggladdare-med-30-stiftskontakt\/#primaryimage\"},\"image\":{\"@id\":\"https:\/\/www.heddata.se\/webbutik\/produkt\/30-stiftskontakt-apple-svart-svart-vaggladdare-med-30-stiftskontakt\/#primaryimage\"},\"thumbnailUrl\":\"https:\/\/www.heddata.se\/webbutik\/wp-content\/uploads\/VLMB39892B10-scaled.jpg\",\"datePublished\":\"2019-09-16T08:36:43+00:00\",\"dateModified\":\"2026-04-17T16:10:48+00:00\",\"description\":\"30 stiftskontakt Apple svart. Den h\u00e4r AC-laddaren l\u00e4mpar sig f\u00f6r att ladda en m\u00e4ngd olika typer av Apple-enheter med 30-stiftskontakter i hemmet.\",\"breadcrumb\":{\"@id\":\"https:\/\/www.heddata.se\/webbutik\/produkt\/30-stiftskontakt-apple-svart-svart-vaggladdare-med-30-stiftskontakt\/#breadcrumb\"},\"inLanguage\":\"sv-SE\",\"potentialAction\":[{\"@type\":\"ReadAction\",\"target\":[\"https:\/\/www.heddata.se\/webbutik\/produkt\/30-stiftskontakt-apple-svart-svart-vaggladdare-med-30-stiftskontakt\/\"]}]},{\"@type\":\"ImageObject\",\"inLanguage\":\"sv-SE\",\"@id\":\"https:\/\/www.heddata.se\/webbutik\/produkt\/30-stiftskontakt-apple-svart-svart-vaggladdare-med-30-stiftskontakt\/#primaryimage\",\"url\":\"https:\/\/www.heddata.se\/webbutik\/wp-content\/uploads\/VLMB39892B10-scaled.jpg\",\"contentUrl\":\"https:\/\/www.heddata.se\/webbutik\/wp-content\/uploads\/VLMB39892B10-scaled.jpg\",\"width\":2381,\"height\":2560,\"caption\":\"AC Laddare med 30-stiftskontakt Apple, 30-stifts dockningskontakt hane Svart\"},{\"@type\":\"BreadcrumbList\",\"@id\":\"https:\/\/www.heddata.se\/webbutik\/produkt\/30-stiftskontakt-apple-svart-svart-vaggladdare-med-30-stiftskontakt\/#breadcrumb\",\"itemListElement\":[{\"@type\":\"ListItem\",\"position\":1,\"name\":\"Hem\",\"item\":\"https:\/\/www.heddata.se\/webbutik\/\"},{\"@type\":\"ListItem\",\"position\":2,\"name\":\"Produkter\",\"item\":\"https:\/\/www.heddata.se\/webbutik\/shop\/\"},{\"@type\":\"ListItem\",\"position\":3,\"name\":\"30 stiftskontakt Apple svart | Svart V\u00e4ggladdare\"}]},{\"@type\":\"WebSite\",\"@id\":\"https:\/\/www.heddata.se\/webbutik\/#website\",\"url\":\"https:\/\/www.heddata.se\/webbutik\/\",\"name\":\"Datorer, Skrivare, F\u00e4rgpatroner, Mobiltelefoner\",\"description\":\"Kablar\",\"publisher\":{\"@id\":\"https:\/\/www.heddata.se\/webbutik\/#organization\"},\"potentialAction\":[{\"@type\":\"SearchAction\",\"target\":{\"@type\":\"EntryPoint\",\"urlTemplate\":\"https:\/\/www.heddata.se\/webbutik\/?s={search_term_string}\"},\"query-input\":{\"@type\":\"PropertyValueSpecification\",\"valueRequired\":true,\"valueName\":\"search_term_string\"}}],\"inLanguage\":\"sv-SE\"},{\"@type\":\"Organization\",\"@id\":\"https:\/\/www.heddata.se\/webbutik\/#organization\",\"name\":\"Heddata AB\",\"url\":\"https:\/\/www.heddata.se\/webbutik\/\",\"logo\":{\"@type\":\"ImageObject\",\"inLanguage\":\"sv-SE\",\"@id\":\"https:\/\/www.heddata.se\/webbutik\/#\/schema\/logo\/image\/\",\"url\":\"https:\/\/www.heddata.se\/webbutik\/wp-content\/uploads\/logga\/heddata-ab-logga.png\",\"contentUrl\":\"https:\/\/www.heddata.se\/webbutik\/wp-content\/uploads\/logga\/heddata-ab-logga.png\",\"width\":200,\"height\":64,\"caption\":\"Heddata AB\"},\"image\":{\"@id\":\"https:\/\/www.heddata.se\/webbutik\/#\/schema\/logo\/image\/\"}}]}<\/script>\n<!-- \/ Yoast SEO Premium plugin. -->","yoast_head_json":{"title":"30 stiftskontakt Apple svart | Svart v\u00e4ggladdare med 30-stiftskontakt","description":"30 stiftskontakt Apple svart. Den h\u00e4r AC-laddaren l\u00e4mpar sig f\u00f6r att ladda en m\u00e4ngd olika typer av Apple-enheter med 30-stiftskontakter i hemmet.","robots":{"index":"index","follow":"follow","max-snippet":"max-snippet:-1","max-image-preview":"max-image-preview:large","max-video-preview":"max-video-preview:-1"},"canonical":"https:\/\/www.heddata.se\/webbutik\/produkt\/30-stiftskontakt-apple-svart-svart-vaggladdare-med-30-stiftskontakt\/","og_locale":"sv_SE","og_type":"article","og_title":"30 stiftskontakt Apple svart | Svart V\u00e4ggladdare","og_description":"30 stiftskontakt Apple svart. Den h\u00e4r AC-laddaren l\u00e4mpar sig f\u00f6r att ladda en m\u00e4ngd olika typer av Apple-enheter med 30-stiftskontakter i hemmet.","og_url":"https:\/\/www.heddata.se\/webbutik\/produkt\/30-stiftskontakt-apple-svart-svart-vaggladdare-med-30-stiftskontakt\/","og_site_name":"Datorer, Skrivare, F\u00e4rgpatroner, Mobiltelefoner","article_modified_time":"2026-04-17T16:10:48+00:00","og_image":[{"width":2381,"height":2560,"url":"https:\/\/www.heddata.se\/webbutik\/wp-content\/uploads\/VLMB39892B10-scaled.jpg","type":"image\/jpeg"}],"twitter_card":"summary_large_image","schema":{"@context":"https:\/\/schema.org","@graph":[{"@type":"WebPage","@id":"https:\/\/www.heddata.se\/webbutik\/produkt\/30-stiftskontakt-apple-svart-svart-vaggladdare-med-30-stiftskontakt\/","url":"https:\/\/www.heddata.se\/webbutik\/produkt\/30-stiftskontakt-apple-svart-svart-vaggladdare-med-30-stiftskontakt\/","name":"30 stiftskontakt Apple svart | Svart v\u00e4ggladdare med 30-stiftskontakt","isPartOf":{"@id":"https:\/\/www.heddata.se\/webbutik\/#website"},"primaryImageOfPage":{"@id":"https:\/\/www.heddata.se\/webbutik\/produkt\/30-stiftskontakt-apple-svart-svart-vaggladdare-med-30-stiftskontakt\/#primaryimage"},"image":{"@id":"https:\/\/www.heddata.se\/webbutik\/produkt\/30-stiftskontakt-apple-svart-svart-vaggladdare-med-30-stiftskontakt\/#primaryimage"},"thumbnailUrl":"https:\/\/www.heddata.se\/webbutik\/wp-content\/uploads\/VLMB39892B10-scaled.jpg","datePublished":"2019-09-16T08:36:43+00:00","dateModified":"2026-04-17T16:10:48+00:00","description":"30 stiftskontakt Apple svart. Den h\u00e4r AC-laddaren l\u00e4mpar sig f\u00f6r att ladda en m\u00e4ngd olika typer av Apple-enheter med 30-stiftskontakter i hemmet.","breadcrumb":{"@id":"https:\/\/www.heddata.se\/webbutik\/produkt\/30-stiftskontakt-apple-svart-svart-vaggladdare-med-30-stiftskontakt\/#breadcrumb"},"inLanguage":"sv-SE","potentialAction":[{"@type":"ReadAction","target":["https:\/\/www.heddata.se\/webbutik\/produkt\/30-stiftskontakt-apple-svart-svart-vaggladdare-med-30-stiftskontakt\/"]}]},{"@type":"ImageObject","inLanguage":"sv-SE","@id":"https:\/\/www.heddata.se\/webbutik\/produkt\/30-stiftskontakt-apple-svart-svart-vaggladdare-med-30-stiftskontakt\/#primaryimage","url":"https:\/\/www.heddata.se\/webbutik\/wp-content\/uploads\/VLMB39892B10-scaled.jpg","contentUrl":"https:\/\/www.heddata.se\/webbutik\/wp-content\/uploads\/VLMB39892B10-scaled.jpg","width":2381,"height":2560,"caption":"AC Laddare med 30-stiftskontakt Apple, 30-stifts dockningskontakt hane Svart"},{"@type":"BreadcrumbList","@id":"https:\/\/www.heddata.se\/webbutik\/produkt\/30-stiftskontakt-apple-svart-svart-vaggladdare-med-30-stiftskontakt\/#breadcrumb","itemListElement":[{"@type":"ListItem","position":1,"name":"Hem","item":"https:\/\/www.heddata.se\/webbutik\/"},{"@type":"ListItem","position":2,"name":"Produkter","item":"https:\/\/www.heddata.se\/webbutik\/shop\/"},{"@type":"ListItem","position":3,"name":"30 stiftskontakt Apple svart | Svart V\u00e4ggladdare"}]},{"@type":"WebSite","@id":"https:\/\/www.heddata.se\/webbutik\/#website","url":"https:\/\/www.heddata.se\/webbutik\/","name":"Datorer, Skrivare, F\u00e4rgpatroner, Mobiltelefoner","description":"Kablar","publisher":{"@id":"https:\/\/www.heddata.se\/webbutik\/#organization"},"potentialAction":[{"@type":"SearchAction","target":{"@type":"EntryPoint","urlTemplate":"https:\/\/www.heddata.se\/webbutik\/?s={search_term_string}"},"query-input":{"@type":"PropertyValueSpecification","valueRequired":true,"valueName":"search_term_string"}}],"inLanguage":"sv-SE"},{"@type":"Organization","@id":"https:\/\/www.heddata.se\/webbutik\/#organization","name":"Heddata AB","url":"https:\/\/www.heddata.se\/webbutik\/","logo":{"@type":"ImageObject","inLanguage":"sv-SE","@id":"https:\/\/www.heddata.se\/webbutik\/#\/schema\/logo\/image\/","url":"https:\/\/www.heddata.se\/webbutik\/wp-content\/uploads\/logga\/heddata-ab-logga.png","contentUrl":"https:\/\/www.heddata.se\/webbutik\/wp-content\/uploads\/logga\/heddata-ab-logga.png","width":200,"height":64,"caption":"Heddata AB"},"image":{"@id":"https:\/\/www.heddata.se\/webbutik\/#\/schema\/logo\/image\/"}}]}},"_links":{"self":[{"href":"https:\/\/www.heddata.se\/webbutik\/wp-json\/wp\/v2\/product\/1995","targetHints":{"allow":["GET"]}}],"collection":[{"href":"https:\/\/www.heddata.se\/webbutik\/wp-json\/wp\/v2\/product"}],"about":[{"href":"https:\/\/www.heddata.se\/webbutik\/wp-json\/wp\/v2\/types\/product"}],"wp:featuredmedia":[{"embeddable":true,"href":"https:\/\/www.heddata.se\/webbutik\/wp-json\/wp\/v2\/media\/2033"}],"wp:attachment":[{"href":"https:\/\/www.heddata.se\/webbutik\/wp-json\/wp\/v2\/media?parent=1995"}],"wp:term":[{"taxonomy":"product_brand","embeddable":true,"href":"https:\/\/www.heddata.se\/webbutik\/wp-json\/wp\/v2\/product_brand?post=1995"},{"taxonomy":"product_cat","embeddable":true,"href":"https:\/\/www.heddata.se\/webbutik\/wp-json\/wp\/v2\/product_cat?post=1995"},{"taxonomy":"product_tag","embeddable":true,"href":"https:\/\/www.heddata.se\/webbutik\/wp-json\/wp\/v2\/product_tag?post=1995"}],"curies":[{"name":"wp","href":"https:\/\/api.w.org\/{rel}","templated":true}]}}