{"id":1990,"date":"2019-09-16T10:36:43","date_gmt":"2019-09-16T08:36:43","guid":{"rendered":"https:\/\/www.heddata.se\/webbutik\/?post_type=product&#038;p=1990"},"modified":"2026-04-07T18:40:57","modified_gmt":"2026-04-07T16:40:57","slug":"magnetisk-usb-kabel-till-xperia","status":"publish","type":"product","link":"https:\/\/www.heddata.se\/webbutik\/produkt\/magnetisk-usb-kabel-till-xperia\/","title":{"rendered":"Magnetisk USB-Kabel till Xperia med LED"},"content":{"rendered":"<p>Magnetisk USB-kabel till Xperia med LED lampa som lyser vid laddning. Till f\u00f6r Sony Xperia Z1, Z1 Compact, Z2, Z3, Z3 Compact. Kabeln \u00e4r vit. Du kan ladda via en dator eller v\u00e4ggkontakt med denna kabel.<br \/>\nL\u00e4ngd: 1 meter<br \/>\nDenna <a href=\"https:\/\/www.heddata.se\/webbutik\/kablar\/\">kabel<\/a> st\u00f6djer inte synk-funktion<\/p>\n<p>&nbsp;<\/p>\n","protected":false},"excerpt":{"rendered":"<p>Magnetisk USB-kabel till Xperia med LED lampa som lyser vid laddning. Till f\u00f6r Sony Xperia Z1, Z1 Compact, Z2, Z3, Z3 Compact. Kabeln \u00e4r vit. Du kan ladda via en dator eller v\u00e4ggkontakt med denna kabel. L\u00e4ngd: 1 meter Denna kabel st\u00f6djer inte synk-funktion &nbsp;<\/p>\n","protected":false},"featured_media":2254,"template":"","meta":[],"product_brand":[],"product_cat":[59,122,118,69,72],"product_tag":[],"class_list":{"0":"post-1990","1":"product","2":"type-product","3":"status-publish","4":"has-post-thumbnail","6":"product_cat-kablar","7":"product_cat-kablar-telefonladdare","8":"product_cat-telefonladdare","9":"product_cat-telefontillbehor","10":"product_cat-usb-kablar","12":"first","13":"outofstock","14":"taxable","15":"shipping-taxable","16":"product-type-simple"},"yoast_head":"<!-- This site is optimized with the Yoast SEO Premium plugin v26.7 (Yoast SEO v26.7) - https:\/\/yoast.com\/wordpress\/plugins\/seo\/ -->\n<title>Magnetisk USB-Kabel till Xperia med LED. Lampa som lyser vid laddning<\/title>\n<meta name=\"description\" content=\"Magnetisk USB-kabel till Xperia med LED lampa som lyser vid laddning. Du kan ladda via en dator eller v\u00e4ggkontakt med denna kabel.\u00a0\" \/>\n<meta name=\"robots\" content=\"index, follow, max-snippet:-1, max-image-preview:large, max-video-preview:-1\" \/>\n<link rel=\"canonical\" href=\"https:\/\/www.heddata.se\/webbutik\/produkt\/magnetisk-usb-kabel-till-xperia\/\" \/>\n<meta property=\"og:locale\" content=\"sv_SE\" \/>\n<meta property=\"og:type\" content=\"article\" \/>\n<meta property=\"og:title\" content=\"Magnetisk USB-Kabel till Xperia med LED\" \/>\n<meta property=\"og:description\" content=\"Magnetisk USB-kabel till Xperia med LED lampa som lyser vid laddning. Du kan ladda via en dator eller v\u00e4ggkontakt med denna kabel.\u00a0\" \/>\n<meta property=\"og:url\" content=\"https:\/\/www.heddata.se\/webbutik\/produkt\/magnetisk-usb-kabel-till-xperia\/\" \/>\n<meta property=\"og:site_name\" content=\"Datorer, Skrivare, F\u00e4rgpatroner, Mobiltelefoner\" \/>\n<meta property=\"article:modified_time\" content=\"2026-04-07T16:40:57+00:00\" \/>\n<meta property=\"og:image\" content=\"https:\/\/www.heddata.se\/webbutik\/wp-content\/uploads\/webbutik\/kategorier\/Telefontillbeh\u00f6r\/TD-13150001C_kabel_xperia.jpg\" \/>\n\t<meta property=\"og:image:width\" content=\"500\" \/>\n\t<meta property=\"og:image:height\" content=\"500\" \/>\n\t<meta property=\"og:image:type\" content=\"image\/jpeg\" \/>\n<meta name=\"twitter:card\" content=\"summary_large_image\" \/>\n<script type=\"application\/ld+json\" class=\"yoast-schema-graph\">{\"@context\":\"https:\/\/schema.org\",\"@graph\":[{\"@type\":\"WebPage\",\"@id\":\"https:\/\/www.heddata.se\/webbutik\/produkt\/magnetisk-usb-kabel-till-xperia\/\",\"url\":\"https:\/\/www.heddata.se\/webbutik\/produkt\/magnetisk-usb-kabel-till-xperia\/\",\"name\":\"Magnetisk USB-Kabel till Xperia med LED. Lampa som lyser vid laddning\",\"isPartOf\":{\"@id\":\"https:\/\/www.heddata.se\/webbutik\/#website\"},\"primaryImageOfPage\":{\"@id\":\"https:\/\/www.heddata.se\/webbutik\/produkt\/magnetisk-usb-kabel-till-xperia\/#primaryimage\"},\"image\":{\"@id\":\"https:\/\/www.heddata.se\/webbutik\/produkt\/magnetisk-usb-kabel-till-xperia\/#primaryimage\"},\"thumbnailUrl\":\"https:\/\/www.heddata.se\/webbutik\/wp-content\/uploads\/webbutik\/kategorier\/Telefontillbeh\u00f6r\/TD-13150001C_kabel_xperia.jpg\",\"datePublished\":\"2019-09-16T08:36:43+00:00\",\"dateModified\":\"2026-04-07T16:40:57+00:00\",\"description\":\"Magnetisk USB-kabel till Xperia med LED lampa som lyser vid laddning. Du kan ladda via en dator eller v\u00e4ggkontakt med denna kabel.\u00a0\",\"breadcrumb\":{\"@id\":\"https:\/\/www.heddata.se\/webbutik\/produkt\/magnetisk-usb-kabel-till-xperia\/#breadcrumb\"},\"inLanguage\":\"sv-SE\",\"potentialAction\":[{\"@type\":\"ReadAction\",\"target\":[\"https:\/\/www.heddata.se\/webbutik\/produkt\/magnetisk-usb-kabel-till-xperia\/\"]}]},{\"@type\":\"ImageObject\",\"inLanguage\":\"sv-SE\",\"@id\":\"https:\/\/www.heddata.se\/webbutik\/produkt\/magnetisk-usb-kabel-till-xperia\/#primaryimage\",\"url\":\"https:\/\/www.heddata.se\/webbutik\/wp-content\/uploads\/webbutik\/kategorier\/Telefontillbeh\u00f6r\/TD-13150001C_kabel_xperia.jpg\",\"contentUrl\":\"https:\/\/www.heddata.se\/webbutik\/wp-content\/uploads\/webbutik\/kategorier\/Telefontillbeh\u00f6r\/TD-13150001C_kabel_xperia.jpg\",\"width\":500,\"height\":500,\"caption\":\"Magnetisk USB-Kabel till Xperia med LED\"},{\"@type\":\"BreadcrumbList\",\"@id\":\"https:\/\/www.heddata.se\/webbutik\/produkt\/magnetisk-usb-kabel-till-xperia\/#breadcrumb\",\"itemListElement\":[{\"@type\":\"ListItem\",\"position\":1,\"name\":\"Hem\",\"item\":\"https:\/\/www.heddata.se\/webbutik\/\"},{\"@type\":\"ListItem\",\"position\":2,\"name\":\"Produkter\",\"item\":\"https:\/\/www.heddata.se\/webbutik\/shop\/\"},{\"@type\":\"ListItem\",\"position\":3,\"name\":\"Magnetisk USB-Kabel till Xperia med LED\"}]},{\"@type\":\"WebSite\",\"@id\":\"https:\/\/www.heddata.se\/webbutik\/#website\",\"url\":\"https:\/\/www.heddata.se\/webbutik\/\",\"name\":\"Datorer, Skrivare, F\u00e4rgpatroner, Mobiltelefoner\",\"description\":\"Kablar\",\"publisher\":{\"@id\":\"https:\/\/www.heddata.se\/webbutik\/#organization\"},\"potentialAction\":[{\"@type\":\"SearchAction\",\"target\":{\"@type\":\"EntryPoint\",\"urlTemplate\":\"https:\/\/www.heddata.se\/webbutik\/?s={search_term_string}\"},\"query-input\":{\"@type\":\"PropertyValueSpecification\",\"valueRequired\":true,\"valueName\":\"search_term_string\"}}],\"inLanguage\":\"sv-SE\"},{\"@type\":\"Organization\",\"@id\":\"https:\/\/www.heddata.se\/webbutik\/#organization\",\"name\":\"Heddata AB\",\"url\":\"https:\/\/www.heddata.se\/webbutik\/\",\"logo\":{\"@type\":\"ImageObject\",\"inLanguage\":\"sv-SE\",\"@id\":\"https:\/\/www.heddata.se\/webbutik\/#\/schema\/logo\/image\/\",\"url\":\"https:\/\/www.heddata.se\/webbutik\/wp-content\/uploads\/logga\/heddata-ab-logga.png\",\"contentUrl\":\"https:\/\/www.heddata.se\/webbutik\/wp-content\/uploads\/logga\/heddata-ab-logga.png\",\"width\":200,\"height\":64,\"caption\":\"Heddata AB\"},\"image\":{\"@id\":\"https:\/\/www.heddata.se\/webbutik\/#\/schema\/logo\/image\/\"}}]}<\/script>\n<!-- \/ Yoast SEO Premium plugin. -->","yoast_head_json":{"title":"Magnetisk USB-Kabel till Xperia med LED. Lampa som lyser vid laddning","description":"Magnetisk USB-kabel till Xperia med LED lampa som lyser vid laddning. Du kan ladda via en dator eller v\u00e4ggkontakt med denna kabel.\u00a0","robots":{"index":"index","follow":"follow","max-snippet":"max-snippet:-1","max-image-preview":"max-image-preview:large","max-video-preview":"max-video-preview:-1"},"canonical":"https:\/\/www.heddata.se\/webbutik\/produkt\/magnetisk-usb-kabel-till-xperia\/","og_locale":"sv_SE","og_type":"article","og_title":"Magnetisk USB-Kabel till Xperia med LED","og_description":"Magnetisk USB-kabel till Xperia med LED lampa som lyser vid laddning. Du kan ladda via en dator eller v\u00e4ggkontakt med denna kabel.\u00a0","og_url":"https:\/\/www.heddata.se\/webbutik\/produkt\/magnetisk-usb-kabel-till-xperia\/","og_site_name":"Datorer, Skrivare, F\u00e4rgpatroner, Mobiltelefoner","article_modified_time":"2026-04-07T16:40:57+00:00","og_image":[{"width":500,"height":500,"url":"https:\/\/www.heddata.se\/webbutik\/wp-content\/uploads\/webbutik\/kategorier\/Telefontillbeh\u00f6r\/TD-13150001C_kabel_xperia.jpg","type":"image\/jpeg"}],"twitter_card":"summary_large_image","schema":{"@context":"https:\/\/schema.org","@graph":[{"@type":"WebPage","@id":"https:\/\/www.heddata.se\/webbutik\/produkt\/magnetisk-usb-kabel-till-xperia\/","url":"https:\/\/www.heddata.se\/webbutik\/produkt\/magnetisk-usb-kabel-till-xperia\/","name":"Magnetisk USB-Kabel till Xperia med LED. Lampa som lyser vid laddning","isPartOf":{"@id":"https:\/\/www.heddata.se\/webbutik\/#website"},"primaryImageOfPage":{"@id":"https:\/\/www.heddata.se\/webbutik\/produkt\/magnetisk-usb-kabel-till-xperia\/#primaryimage"},"image":{"@id":"https:\/\/www.heddata.se\/webbutik\/produkt\/magnetisk-usb-kabel-till-xperia\/#primaryimage"},"thumbnailUrl":"https:\/\/www.heddata.se\/webbutik\/wp-content\/uploads\/webbutik\/kategorier\/Telefontillbeh\u00f6r\/TD-13150001C_kabel_xperia.jpg","datePublished":"2019-09-16T08:36:43+00:00","dateModified":"2026-04-07T16:40:57+00:00","description":"Magnetisk USB-kabel till Xperia med LED lampa som lyser vid laddning. Du kan ladda via en dator eller v\u00e4ggkontakt med denna kabel.\u00a0","breadcrumb":{"@id":"https:\/\/www.heddata.se\/webbutik\/produkt\/magnetisk-usb-kabel-till-xperia\/#breadcrumb"},"inLanguage":"sv-SE","potentialAction":[{"@type":"ReadAction","target":["https:\/\/www.heddata.se\/webbutik\/produkt\/magnetisk-usb-kabel-till-xperia\/"]}]},{"@type":"ImageObject","inLanguage":"sv-SE","@id":"https:\/\/www.heddata.se\/webbutik\/produkt\/magnetisk-usb-kabel-till-xperia\/#primaryimage","url":"https:\/\/www.heddata.se\/webbutik\/wp-content\/uploads\/webbutik\/kategorier\/Telefontillbeh\u00f6r\/TD-13150001C_kabel_xperia.jpg","contentUrl":"https:\/\/www.heddata.se\/webbutik\/wp-content\/uploads\/webbutik\/kategorier\/Telefontillbeh\u00f6r\/TD-13150001C_kabel_xperia.jpg","width":500,"height":500,"caption":"Magnetisk USB-Kabel till Xperia med LED"},{"@type":"BreadcrumbList","@id":"https:\/\/www.heddata.se\/webbutik\/produkt\/magnetisk-usb-kabel-till-xperia\/#breadcrumb","itemListElement":[{"@type":"ListItem","position":1,"name":"Hem","item":"https:\/\/www.heddata.se\/webbutik\/"},{"@type":"ListItem","position":2,"name":"Produkter","item":"https:\/\/www.heddata.se\/webbutik\/shop\/"},{"@type":"ListItem","position":3,"name":"Magnetisk USB-Kabel till Xperia med LED"}]},{"@type":"WebSite","@id":"https:\/\/www.heddata.se\/webbutik\/#website","url":"https:\/\/www.heddata.se\/webbutik\/","name":"Datorer, Skrivare, F\u00e4rgpatroner, Mobiltelefoner","description":"Kablar","publisher":{"@id":"https:\/\/www.heddata.se\/webbutik\/#organization"},"potentialAction":[{"@type":"SearchAction","target":{"@type":"EntryPoint","urlTemplate":"https:\/\/www.heddata.se\/webbutik\/?s={search_term_string}"},"query-input":{"@type":"PropertyValueSpecification","valueRequired":true,"valueName":"search_term_string"}}],"inLanguage":"sv-SE"},{"@type":"Organization","@id":"https:\/\/www.heddata.se\/webbutik\/#organization","name":"Heddata AB","url":"https:\/\/www.heddata.se\/webbutik\/","logo":{"@type":"ImageObject","inLanguage":"sv-SE","@id":"https:\/\/www.heddata.se\/webbutik\/#\/schema\/logo\/image\/","url":"https:\/\/www.heddata.se\/webbutik\/wp-content\/uploads\/logga\/heddata-ab-logga.png","contentUrl":"https:\/\/www.heddata.se\/webbutik\/wp-content\/uploads\/logga\/heddata-ab-logga.png","width":200,"height":64,"caption":"Heddata AB"},"image":{"@id":"https:\/\/www.heddata.se\/webbutik\/#\/schema\/logo\/image\/"}}]}},"_links":{"self":[{"href":"https:\/\/www.heddata.se\/webbutik\/wp-json\/wp\/v2\/product\/1990","targetHints":{"allow":["GET"]}}],"collection":[{"href":"https:\/\/www.heddata.se\/webbutik\/wp-json\/wp\/v2\/product"}],"about":[{"href":"https:\/\/www.heddata.se\/webbutik\/wp-json\/wp\/v2\/types\/product"}],"wp:featuredmedia":[{"embeddable":true,"href":"https:\/\/www.heddata.se\/webbutik\/wp-json\/wp\/v2\/media\/2254"}],"wp:attachment":[{"href":"https:\/\/www.heddata.se\/webbutik\/wp-json\/wp\/v2\/media?parent=1990"}],"wp:term":[{"taxonomy":"product_brand","embeddable":true,"href":"https:\/\/www.heddata.se\/webbutik\/wp-json\/wp\/v2\/product_brand?post=1990"},{"taxonomy":"product_cat","embeddable":true,"href":"https:\/\/www.heddata.se\/webbutik\/wp-json\/wp\/v2\/product_cat?post=1990"},{"taxonomy":"product_tag","embeddable":true,"href":"https:\/\/www.heddata.se\/webbutik\/wp-json\/wp\/v2\/product_tag?post=1990"}],"curies":[{"name":"wp","href":"https:\/\/api.w.org\/{rel}","templated":true}]}}