{"id":1969,"date":"2019-09-16T10:36:39","date_gmt":"2019-09-16T08:36:39","guid":{"rendered":"https:\/\/www.heddata.se\/webbutik\/?post_type=product&#038;p=1969"},"modified":"2026-04-03T18:30:22","modified_gmt":"2026-04-03T16:30:22","slug":"gelskin-tpu-cover-iphone-4s-4","status":"publish","type":"product","link":"https:\/\/www.heddata.se\/webbutik\/produkt\/gelskin-tpu-cover-iphone-4s-4\/","title":{"rendered":"Gelskin TPU Cover iPhone 4S\/4"},"content":{"rendered":"<p>Gelskin TPU Cover iPhone 4S\/4<\/p>\n<p>Transparent TPU-fodral, perfekt till din smarta telefon f\u00f6r att garantera ett perfekt skydd. Det g\u00f6rs i detta silkeslena och mjuka material som ger en fin taktil k\u00e4nsla. Dessutom kan du ladda din APPLE <a href=\"https:\/\/www.heddata.se\/webbutik\/telefon-surfplattor\/mobiltelefoner\/\">IPHONE<\/a> 4 \/ 4S utan att ta bort den ur <a href=\"https:\/\/www.celly.com\/it\/home\" target=\"_blank\" rel=\"noopener noreferrer\">fodralet.<\/a><\/p>\n","protected":false},"excerpt":{"rendered":"<p>Gelskin TPU Cover iPhone 4S\/4<\/p>\n","protected":false},"featured_media":85423,"template":"","meta":[],"product_brand":[],"product_cat":[129,69],"product_tag":[],"class_list":{"0":"post-1969","1":"product","2":"type-product","3":"status-publish","4":"has-post-thumbnail","6":"product_cat-skal-skydd-mobiltelefon","7":"product_cat-telefontillbehor","9":"first","10":"outofstock","11":"taxable","12":"shipping-taxable","13":"product-type-simple"},"yoast_head":"<!-- This site is optimized with the Yoast SEO Premium plugin v26.7 (Yoast SEO v26.7) - https:\/\/yoast.com\/wordpress\/plugins\/seo\/ -->\n<title>Gelskin TPU Cover iPhone 4S\/4 Transparent TPU-fodral<\/title>\n<meta name=\"description\" content=\"Gelskin TPU Cover iPhone 4S\/4 Transparent TPU-fodral, perfekt till din smarta telefon f\u00f6r att garantera ett perfekt skydd.\" \/>\n<meta name=\"robots\" content=\"index, follow, max-snippet:-1, max-image-preview:large, max-video-preview:-1\" \/>\n<link rel=\"canonical\" href=\"https:\/\/www.heddata.se\/webbutik\/produkt\/gelskin-tpu-cover-iphone-4s-4\/\" \/>\n<meta property=\"og:locale\" content=\"sv_SE\" \/>\n<meta property=\"og:type\" content=\"article\" \/>\n<meta property=\"og:title\" content=\"Gelskin TPU Cover iPhone 4S\/4\" \/>\n<meta property=\"og:description\" content=\"Gelskin TPU Cover iPhone 4S\/4 Transparent TPU-fodral, perfekt till din smarta telefon f\u00f6r att garantera ett perfekt skydd.\" \/>\n<meta property=\"og:url\" content=\"https:\/\/www.heddata.se\/webbutik\/produkt\/gelskin-tpu-cover-iphone-4s-4\/\" \/>\n<meta property=\"og:site_name\" content=\"Datorer, Skrivare, F\u00e4rgpatroner, Mobiltelefoner\" \/>\n<meta property=\"article:modified_time\" content=\"2026-04-03T16:30:22+00:00\" \/>\n<meta property=\"og:image\" content=\"https:\/\/www.heddata.se\/webbutik\/wp-content\/uploads\/webbutik\/kategorier\/telefontillbehor\/GELSKIN180.jpg\" \/>\n\t<meta property=\"og:image:width\" content=\"400\" \/>\n\t<meta property=\"og:image:height\" content=\"400\" \/>\n\t<meta property=\"og:image:type\" content=\"image\/jpeg\" \/>\n<meta name=\"twitter:card\" content=\"summary_large_image\" \/>\n<script type=\"application\/ld+json\" class=\"yoast-schema-graph\">{\"@context\":\"https:\/\/schema.org\",\"@graph\":[{\"@type\":\"WebPage\",\"@id\":\"https:\/\/www.heddata.se\/webbutik\/produkt\/gelskin-tpu-cover-iphone-4s-4\/\",\"url\":\"https:\/\/www.heddata.se\/webbutik\/produkt\/gelskin-tpu-cover-iphone-4s-4\/\",\"name\":\"Gelskin TPU Cover iPhone 4S\/4 Transparent TPU-fodral\",\"isPartOf\":{\"@id\":\"https:\/\/www.heddata.se\/webbutik\/#website\"},\"primaryImageOfPage\":{\"@id\":\"https:\/\/www.heddata.se\/webbutik\/produkt\/gelskin-tpu-cover-iphone-4s-4\/#primaryimage\"},\"image\":{\"@id\":\"https:\/\/www.heddata.se\/webbutik\/produkt\/gelskin-tpu-cover-iphone-4s-4\/#primaryimage\"},\"thumbnailUrl\":\"https:\/\/www.heddata.se\/webbutik\/wp-content\/uploads\/webbutik\/kategorier\/telefontillbehor\/GELSKIN180.jpg\",\"datePublished\":\"2019-09-16T08:36:39+00:00\",\"dateModified\":\"2026-04-03T16:30:22+00:00\",\"description\":\"Gelskin TPU Cover iPhone 4S\/4 Transparent TPU-fodral, perfekt till din smarta telefon f\u00f6r att garantera ett perfekt skydd.\",\"breadcrumb\":{\"@id\":\"https:\/\/www.heddata.se\/webbutik\/produkt\/gelskin-tpu-cover-iphone-4s-4\/#breadcrumb\"},\"inLanguage\":\"sv-SE\",\"potentialAction\":[{\"@type\":\"ReadAction\",\"target\":[\"https:\/\/www.heddata.se\/webbutik\/produkt\/gelskin-tpu-cover-iphone-4s-4\/\"]}]},{\"@type\":\"ImageObject\",\"inLanguage\":\"sv-SE\",\"@id\":\"https:\/\/www.heddata.se\/webbutik\/produkt\/gelskin-tpu-cover-iphone-4s-4\/#primaryimage\",\"url\":\"https:\/\/www.heddata.se\/webbutik\/wp-content\/uploads\/webbutik\/kategorier\/telefontillbehor\/GELSKIN180.jpg\",\"contentUrl\":\"https:\/\/www.heddata.se\/webbutik\/wp-content\/uploads\/webbutik\/kategorier\/telefontillbehor\/GELSKIN180.jpg\",\"width\":400,\"height\":400,\"caption\":\"Gelskin TPU Cover iPhone\"},{\"@type\":\"BreadcrumbList\",\"@id\":\"https:\/\/www.heddata.se\/webbutik\/produkt\/gelskin-tpu-cover-iphone-4s-4\/#breadcrumb\",\"itemListElement\":[{\"@type\":\"ListItem\",\"position\":1,\"name\":\"Hem\",\"item\":\"https:\/\/www.heddata.se\/webbutik\/\"},{\"@type\":\"ListItem\",\"position\":2,\"name\":\"Produkter\",\"item\":\"https:\/\/www.heddata.se\/webbutik\/shop\/\"},{\"@type\":\"ListItem\",\"position\":3,\"name\":\"Gelskin TPU Cover iPhone 4S\/4\"}]},{\"@type\":\"WebSite\",\"@id\":\"https:\/\/www.heddata.se\/webbutik\/#website\",\"url\":\"https:\/\/www.heddata.se\/webbutik\/\",\"name\":\"Datorer, Skrivare, F\u00e4rgpatroner, Mobiltelefoner\",\"description\":\"Kablar\",\"publisher\":{\"@id\":\"https:\/\/www.heddata.se\/webbutik\/#organization\"},\"potentialAction\":[{\"@type\":\"SearchAction\",\"target\":{\"@type\":\"EntryPoint\",\"urlTemplate\":\"https:\/\/www.heddata.se\/webbutik\/?s={search_term_string}\"},\"query-input\":{\"@type\":\"PropertyValueSpecification\",\"valueRequired\":true,\"valueName\":\"search_term_string\"}}],\"inLanguage\":\"sv-SE\"},{\"@type\":\"Organization\",\"@id\":\"https:\/\/www.heddata.se\/webbutik\/#organization\",\"name\":\"Heddata AB\",\"url\":\"https:\/\/www.heddata.se\/webbutik\/\",\"logo\":{\"@type\":\"ImageObject\",\"inLanguage\":\"sv-SE\",\"@id\":\"https:\/\/www.heddata.se\/webbutik\/#\/schema\/logo\/image\/\",\"url\":\"https:\/\/www.heddata.se\/webbutik\/wp-content\/uploads\/logga\/heddata-ab-logga.png\",\"contentUrl\":\"https:\/\/www.heddata.se\/webbutik\/wp-content\/uploads\/logga\/heddata-ab-logga.png\",\"width\":200,\"height\":64,\"caption\":\"Heddata AB\"},\"image\":{\"@id\":\"https:\/\/www.heddata.se\/webbutik\/#\/schema\/logo\/image\/\"}}]}<\/script>\n<!-- \/ Yoast SEO Premium plugin. -->","yoast_head_json":{"title":"Gelskin TPU Cover iPhone 4S\/4 Transparent TPU-fodral","description":"Gelskin TPU Cover iPhone 4S\/4 Transparent TPU-fodral, perfekt till din smarta telefon f\u00f6r att garantera ett perfekt skydd.","robots":{"index":"index","follow":"follow","max-snippet":"max-snippet:-1","max-image-preview":"max-image-preview:large","max-video-preview":"max-video-preview:-1"},"canonical":"https:\/\/www.heddata.se\/webbutik\/produkt\/gelskin-tpu-cover-iphone-4s-4\/","og_locale":"sv_SE","og_type":"article","og_title":"Gelskin TPU Cover iPhone 4S\/4","og_description":"Gelskin TPU Cover iPhone 4S\/4 Transparent TPU-fodral, perfekt till din smarta telefon f\u00f6r att garantera ett perfekt skydd.","og_url":"https:\/\/www.heddata.se\/webbutik\/produkt\/gelskin-tpu-cover-iphone-4s-4\/","og_site_name":"Datorer, Skrivare, F\u00e4rgpatroner, Mobiltelefoner","article_modified_time":"2026-04-03T16:30:22+00:00","og_image":[{"width":400,"height":400,"url":"https:\/\/www.heddata.se\/webbutik\/wp-content\/uploads\/webbutik\/kategorier\/telefontillbehor\/GELSKIN180.jpg","type":"image\/jpeg"}],"twitter_card":"summary_large_image","schema":{"@context":"https:\/\/schema.org","@graph":[{"@type":"WebPage","@id":"https:\/\/www.heddata.se\/webbutik\/produkt\/gelskin-tpu-cover-iphone-4s-4\/","url":"https:\/\/www.heddata.se\/webbutik\/produkt\/gelskin-tpu-cover-iphone-4s-4\/","name":"Gelskin TPU Cover iPhone 4S\/4 Transparent TPU-fodral","isPartOf":{"@id":"https:\/\/www.heddata.se\/webbutik\/#website"},"primaryImageOfPage":{"@id":"https:\/\/www.heddata.se\/webbutik\/produkt\/gelskin-tpu-cover-iphone-4s-4\/#primaryimage"},"image":{"@id":"https:\/\/www.heddata.se\/webbutik\/produkt\/gelskin-tpu-cover-iphone-4s-4\/#primaryimage"},"thumbnailUrl":"https:\/\/www.heddata.se\/webbutik\/wp-content\/uploads\/webbutik\/kategorier\/telefontillbehor\/GELSKIN180.jpg","datePublished":"2019-09-16T08:36:39+00:00","dateModified":"2026-04-03T16:30:22+00:00","description":"Gelskin TPU Cover iPhone 4S\/4 Transparent TPU-fodral, perfekt till din smarta telefon f\u00f6r att garantera ett perfekt skydd.","breadcrumb":{"@id":"https:\/\/www.heddata.se\/webbutik\/produkt\/gelskin-tpu-cover-iphone-4s-4\/#breadcrumb"},"inLanguage":"sv-SE","potentialAction":[{"@type":"ReadAction","target":["https:\/\/www.heddata.se\/webbutik\/produkt\/gelskin-tpu-cover-iphone-4s-4\/"]}]},{"@type":"ImageObject","inLanguage":"sv-SE","@id":"https:\/\/www.heddata.se\/webbutik\/produkt\/gelskin-tpu-cover-iphone-4s-4\/#primaryimage","url":"https:\/\/www.heddata.se\/webbutik\/wp-content\/uploads\/webbutik\/kategorier\/telefontillbehor\/GELSKIN180.jpg","contentUrl":"https:\/\/www.heddata.se\/webbutik\/wp-content\/uploads\/webbutik\/kategorier\/telefontillbehor\/GELSKIN180.jpg","width":400,"height":400,"caption":"Gelskin TPU Cover iPhone"},{"@type":"BreadcrumbList","@id":"https:\/\/www.heddata.se\/webbutik\/produkt\/gelskin-tpu-cover-iphone-4s-4\/#breadcrumb","itemListElement":[{"@type":"ListItem","position":1,"name":"Hem","item":"https:\/\/www.heddata.se\/webbutik\/"},{"@type":"ListItem","position":2,"name":"Produkter","item":"https:\/\/www.heddata.se\/webbutik\/shop\/"},{"@type":"ListItem","position":3,"name":"Gelskin TPU Cover iPhone 4S\/4"}]},{"@type":"WebSite","@id":"https:\/\/www.heddata.se\/webbutik\/#website","url":"https:\/\/www.heddata.se\/webbutik\/","name":"Datorer, Skrivare, F\u00e4rgpatroner, Mobiltelefoner","description":"Kablar","publisher":{"@id":"https:\/\/www.heddata.se\/webbutik\/#organization"},"potentialAction":[{"@type":"SearchAction","target":{"@type":"EntryPoint","urlTemplate":"https:\/\/www.heddata.se\/webbutik\/?s={search_term_string}"},"query-input":{"@type":"PropertyValueSpecification","valueRequired":true,"valueName":"search_term_string"}}],"inLanguage":"sv-SE"},{"@type":"Organization","@id":"https:\/\/www.heddata.se\/webbutik\/#organization","name":"Heddata AB","url":"https:\/\/www.heddata.se\/webbutik\/","logo":{"@type":"ImageObject","inLanguage":"sv-SE","@id":"https:\/\/www.heddata.se\/webbutik\/#\/schema\/logo\/image\/","url":"https:\/\/www.heddata.se\/webbutik\/wp-content\/uploads\/logga\/heddata-ab-logga.png","contentUrl":"https:\/\/www.heddata.se\/webbutik\/wp-content\/uploads\/logga\/heddata-ab-logga.png","width":200,"height":64,"caption":"Heddata AB"},"image":{"@id":"https:\/\/www.heddata.se\/webbutik\/#\/schema\/logo\/image\/"}}]}},"_links":{"self":[{"href":"https:\/\/www.heddata.se\/webbutik\/wp-json\/wp\/v2\/product\/1969","targetHints":{"allow":["GET"]}}],"collection":[{"href":"https:\/\/www.heddata.se\/webbutik\/wp-json\/wp\/v2\/product"}],"about":[{"href":"https:\/\/www.heddata.se\/webbutik\/wp-json\/wp\/v2\/types\/product"}],"wp:featuredmedia":[{"embeddable":true,"href":"https:\/\/www.heddata.se\/webbutik\/wp-json\/wp\/v2\/media\/85423"}],"wp:attachment":[{"href":"https:\/\/www.heddata.se\/webbutik\/wp-json\/wp\/v2\/media?parent=1969"}],"wp:term":[{"taxonomy":"product_brand","embeddable":true,"href":"https:\/\/www.heddata.se\/webbutik\/wp-json\/wp\/v2\/product_brand?post=1969"},{"taxonomy":"product_cat","embeddable":true,"href":"https:\/\/www.heddata.se\/webbutik\/wp-json\/wp\/v2\/product_cat?post=1969"},{"taxonomy":"product_tag","embeddable":true,"href":"https:\/\/www.heddata.se\/webbutik\/wp-json\/wp\/v2\/product_tag?post=1969"}],"curies":[{"name":"wp","href":"https:\/\/api.w.org\/{rel}","templated":true}]}}