{"id":1959,"date":"2019-09-16T10:36:34","date_gmt":"2019-09-16T08:36:34","guid":{"rendered":"https:\/\/www.heddata.se\/webbutik\/?post_type=product&#038;p=1959"},"modified":"2026-04-08T10:42:18","modified_gmt":"2026-04-08T08:42:18","slug":"vikfodral-iphone-6-plus-svart","status":"publish","type":"product","link":"https:\/\/www.heddata.se\/webbutik\/produkt\/vikfodral-iphone-6-plus-svart\/","title":{"rendered":"Vikfodral iPhone 6 Plus svart"},"content":{"rendered":"<p>Vikfodral Iphone 6 Plus\/ 6s Plus<\/p>\n<p><strong>Produkrspecifikationer<\/strong><\/p>\n<p><strong>Anv\u00e4nds till:<\/strong> Apple iPhone 6\/ Apple iPhone 6s Plus<br \/>\n<strong>F\u00e4rg:<\/strong> Svart<br \/>\n<strong>Typ:<\/strong> Vikfodral<\/p>\n<p><span style=\"font-size: 14.4px;\">Du kan anv\u00e4nda din\u00a0<\/span><a style=\"font-size: 14.4px;\" href=\"https:\/\/www.heddata.se\/webbutik\/telefon-surfplattor\/telefoner\/mobiltelefoner\/\">mobiltelefon<\/a><span style=\"font-size: 14.4px;\">\u00a0precis som vanligt \u00e4ven fast den \u00e4r skyddad.<\/span><\/p>\n","protected":false},"excerpt":{"rendered":"<p><strong>Produkbeskrivning<\/strong><\/p>\n<p>Vikfodral fr\u00e5n k\u00f6nig med magnet som g\u00f6r det l\u00e4tt att st\u00e4nga och \u00f6ppna skalet. Skydda din iPhone mot repor och andra skador. Du kan anv\u00e4nda din <a href=\"https:\/\/www.heddata.se\/webbutik\/?page_id=2167&amp;preview=true\">mobiltelefon<\/a> precis som vanligt \u00e4ven fast den \u00e4r skyddad.<\/p>\n","protected":false},"featured_media":2022,"template":"","meta":[],"product_brand":[],"product_cat":[121,129,69],"product_tag":[],"class_list":{"0":"post-1959","1":"product","2":"type-product","3":"status-publish","4":"has-post-thumbnail","6":"product_cat-skal-skydd","7":"product_cat-skal-skydd-mobiltelefon","8":"product_cat-telefontillbehor","10":"first","11":"outofstock","12":"taxable","13":"shipping-taxable","14":"product-type-simple"},"yoast_head":"<!-- This site is optimized with the Yoast SEO Premium plugin v26.7 (Yoast SEO v26.7) - https:\/\/yoast.com\/wordpress\/plugins\/seo\/ -->\n<title>Vikfodral f\u00f6r iPhone 6 Plus\/ 6s Plus. Svart. Skydda din telefon mot repor<\/title>\n<meta name=\"description\" content=\"Vikfodral med magnet som g\u00f6r det l\u00e4tt att st\u00e4nga och \u00f6ppna. Skydda din iPhone mot repor och andra skador. Svart stilrent fodral.\" \/>\n<meta name=\"robots\" content=\"index, follow, max-snippet:-1, max-image-preview:large, max-video-preview:-1\" \/>\n<link rel=\"canonical\" href=\"https:\/\/www.heddata.se\/webbutik\/produkt\/vikfodral-iphone-6-plus-svart\/\" \/>\n<meta property=\"og:locale\" content=\"sv_SE\" \/>\n<meta property=\"og:type\" content=\"article\" \/>\n<meta property=\"og:title\" content=\"Vikfodral iPhone 6 Plus svart\" \/>\n<meta property=\"og:description\" content=\"Vikfodral med magnet som g\u00f6r det l\u00e4tt att st\u00e4nga och \u00f6ppna. Skydda din iPhone mot repor och andra skador. Svart stilrent fodral.\" \/>\n<meta property=\"og:url\" content=\"https:\/\/www.heddata.se\/webbutik\/produkt\/vikfodral-iphone-6-plus-svart\/\" \/>\n<meta property=\"og:site_name\" content=\"Datorer, Skrivare, F\u00e4rgpatroner, Mobiltelefoner\" \/>\n<meta property=\"article:modified_time\" content=\"2026-04-08T08:42:18+00:00\" \/>\n<meta property=\"og:image\" content=\"https:\/\/www.heddata.se\/webbutik\/wp-content\/uploads\/CSFCIPH655BL-scaled.jpg\" \/>\n\t<meta property=\"og:image:width\" content=\"2560\" \/>\n\t<meta property=\"og:image:height\" content=\"1865\" \/>\n\t<meta property=\"og:image:type\" content=\"image\/jpeg\" \/>\n<meta name=\"twitter:card\" content=\"summary_large_image\" \/>\n<script type=\"application\/ld+json\" class=\"yoast-schema-graph\">{\"@context\":\"https:\/\/schema.org\",\"@graph\":[{\"@type\":\"WebPage\",\"@id\":\"https:\/\/www.heddata.se\/webbutik\/produkt\/vikfodral-iphone-6-plus-svart\/\",\"url\":\"https:\/\/www.heddata.se\/webbutik\/produkt\/vikfodral-iphone-6-plus-svart\/\",\"name\":\"Vikfodral f\u00f6r iPhone 6 Plus\/ 6s Plus. Svart. Skydda din telefon mot repor\",\"isPartOf\":{\"@id\":\"https:\/\/www.heddata.se\/webbutik\/#website\"},\"primaryImageOfPage\":{\"@id\":\"https:\/\/www.heddata.se\/webbutik\/produkt\/vikfodral-iphone-6-plus-svart\/#primaryimage\"},\"image\":{\"@id\":\"https:\/\/www.heddata.se\/webbutik\/produkt\/vikfodral-iphone-6-plus-svart\/#primaryimage\"},\"thumbnailUrl\":\"https:\/\/www.heddata.se\/webbutik\/wp-content\/uploads\/CSFCIPH655BL-scaled.jpg\",\"datePublished\":\"2019-09-16T08:36:34+00:00\",\"dateModified\":\"2026-04-08T08:42:18+00:00\",\"description\":\"Vikfodral med magnet som g\u00f6r det l\u00e4tt att st\u00e4nga och \u00f6ppna. Skydda din iPhone mot repor och andra skador. Svart stilrent fodral.\",\"breadcrumb\":{\"@id\":\"https:\/\/www.heddata.se\/webbutik\/produkt\/vikfodral-iphone-6-plus-svart\/#breadcrumb\"},\"inLanguage\":\"sv-SE\",\"potentialAction\":[{\"@type\":\"ReadAction\",\"target\":[\"https:\/\/www.heddata.se\/webbutik\/produkt\/vikfodral-iphone-6-plus-svart\/\"]}]},{\"@type\":\"ImageObject\",\"inLanguage\":\"sv-SE\",\"@id\":\"https:\/\/www.heddata.se\/webbutik\/produkt\/vikfodral-iphone-6-plus-svart\/#primaryimage\",\"url\":\"https:\/\/www.heddata.se\/webbutik\/wp-content\/uploads\/CSFCIPH655BL-scaled.jpg\",\"contentUrl\":\"https:\/\/www.heddata.se\/webbutik\/wp-content\/uploads\/CSFCIPH655BL-scaled.jpg\",\"width\":2560,\"height\":1865,\"caption\":\"Vikfodral iPhone 6 Plus svart\"},{\"@type\":\"BreadcrumbList\",\"@id\":\"https:\/\/www.heddata.se\/webbutik\/produkt\/vikfodral-iphone-6-plus-svart\/#breadcrumb\",\"itemListElement\":[{\"@type\":\"ListItem\",\"position\":1,\"name\":\"Hem\",\"item\":\"https:\/\/www.heddata.se\/webbutik\/\"},{\"@type\":\"ListItem\",\"position\":2,\"name\":\"Produkter\",\"item\":\"https:\/\/www.heddata.se\/webbutik\/shop\/\"},{\"@type\":\"ListItem\",\"position\":3,\"name\":\"Vikfodral iPhone 6 Plus svart\"}]},{\"@type\":\"WebSite\",\"@id\":\"https:\/\/www.heddata.se\/webbutik\/#website\",\"url\":\"https:\/\/www.heddata.se\/webbutik\/\",\"name\":\"Datorer, Skrivare, F\u00e4rgpatroner, Mobiltelefoner\",\"description\":\"Kablar\",\"publisher\":{\"@id\":\"https:\/\/www.heddata.se\/webbutik\/#organization\"},\"potentialAction\":[{\"@type\":\"SearchAction\",\"target\":{\"@type\":\"EntryPoint\",\"urlTemplate\":\"https:\/\/www.heddata.se\/webbutik\/?s={search_term_string}\"},\"query-input\":{\"@type\":\"PropertyValueSpecification\",\"valueRequired\":true,\"valueName\":\"search_term_string\"}}],\"inLanguage\":\"sv-SE\"},{\"@type\":\"Organization\",\"@id\":\"https:\/\/www.heddata.se\/webbutik\/#organization\",\"name\":\"Heddata AB\",\"url\":\"https:\/\/www.heddata.se\/webbutik\/\",\"logo\":{\"@type\":\"ImageObject\",\"inLanguage\":\"sv-SE\",\"@id\":\"https:\/\/www.heddata.se\/webbutik\/#\/schema\/logo\/image\/\",\"url\":\"https:\/\/www.heddata.se\/webbutik\/wp-content\/uploads\/logga\/heddata-ab-logga.png\",\"contentUrl\":\"https:\/\/www.heddata.se\/webbutik\/wp-content\/uploads\/logga\/heddata-ab-logga.png\",\"width\":200,\"height\":64,\"caption\":\"Heddata AB\"},\"image\":{\"@id\":\"https:\/\/www.heddata.se\/webbutik\/#\/schema\/logo\/image\/\"}}]}<\/script>\n<!-- \/ Yoast SEO Premium plugin. -->","yoast_head_json":{"title":"Vikfodral f\u00f6r iPhone 6 Plus\/ 6s Plus. Svart. Skydda din telefon mot repor","description":"Vikfodral med magnet som g\u00f6r det l\u00e4tt att st\u00e4nga och \u00f6ppna. Skydda din iPhone mot repor och andra skador. Svart stilrent fodral.","robots":{"index":"index","follow":"follow","max-snippet":"max-snippet:-1","max-image-preview":"max-image-preview:large","max-video-preview":"max-video-preview:-1"},"canonical":"https:\/\/www.heddata.se\/webbutik\/produkt\/vikfodral-iphone-6-plus-svart\/","og_locale":"sv_SE","og_type":"article","og_title":"Vikfodral iPhone 6 Plus svart","og_description":"Vikfodral med magnet som g\u00f6r det l\u00e4tt att st\u00e4nga och \u00f6ppna. Skydda din iPhone mot repor och andra skador. Svart stilrent fodral.","og_url":"https:\/\/www.heddata.se\/webbutik\/produkt\/vikfodral-iphone-6-plus-svart\/","og_site_name":"Datorer, Skrivare, F\u00e4rgpatroner, Mobiltelefoner","article_modified_time":"2026-04-08T08:42:18+00:00","og_image":[{"width":2560,"height":1865,"url":"https:\/\/www.heddata.se\/webbutik\/wp-content\/uploads\/CSFCIPH655BL-scaled.jpg","type":"image\/jpeg"}],"twitter_card":"summary_large_image","schema":{"@context":"https:\/\/schema.org","@graph":[{"@type":"WebPage","@id":"https:\/\/www.heddata.se\/webbutik\/produkt\/vikfodral-iphone-6-plus-svart\/","url":"https:\/\/www.heddata.se\/webbutik\/produkt\/vikfodral-iphone-6-plus-svart\/","name":"Vikfodral f\u00f6r iPhone 6 Plus\/ 6s Plus. Svart. Skydda din telefon mot repor","isPartOf":{"@id":"https:\/\/www.heddata.se\/webbutik\/#website"},"primaryImageOfPage":{"@id":"https:\/\/www.heddata.se\/webbutik\/produkt\/vikfodral-iphone-6-plus-svart\/#primaryimage"},"image":{"@id":"https:\/\/www.heddata.se\/webbutik\/produkt\/vikfodral-iphone-6-plus-svart\/#primaryimage"},"thumbnailUrl":"https:\/\/www.heddata.se\/webbutik\/wp-content\/uploads\/CSFCIPH655BL-scaled.jpg","datePublished":"2019-09-16T08:36:34+00:00","dateModified":"2026-04-08T08:42:18+00:00","description":"Vikfodral med magnet som g\u00f6r det l\u00e4tt att st\u00e4nga och \u00f6ppna. Skydda din iPhone mot repor och andra skador. Svart stilrent fodral.","breadcrumb":{"@id":"https:\/\/www.heddata.se\/webbutik\/produkt\/vikfodral-iphone-6-plus-svart\/#breadcrumb"},"inLanguage":"sv-SE","potentialAction":[{"@type":"ReadAction","target":["https:\/\/www.heddata.se\/webbutik\/produkt\/vikfodral-iphone-6-plus-svart\/"]}]},{"@type":"ImageObject","inLanguage":"sv-SE","@id":"https:\/\/www.heddata.se\/webbutik\/produkt\/vikfodral-iphone-6-plus-svart\/#primaryimage","url":"https:\/\/www.heddata.se\/webbutik\/wp-content\/uploads\/CSFCIPH655BL-scaled.jpg","contentUrl":"https:\/\/www.heddata.se\/webbutik\/wp-content\/uploads\/CSFCIPH655BL-scaled.jpg","width":2560,"height":1865,"caption":"Vikfodral iPhone 6 Plus svart"},{"@type":"BreadcrumbList","@id":"https:\/\/www.heddata.se\/webbutik\/produkt\/vikfodral-iphone-6-plus-svart\/#breadcrumb","itemListElement":[{"@type":"ListItem","position":1,"name":"Hem","item":"https:\/\/www.heddata.se\/webbutik\/"},{"@type":"ListItem","position":2,"name":"Produkter","item":"https:\/\/www.heddata.se\/webbutik\/shop\/"},{"@type":"ListItem","position":3,"name":"Vikfodral iPhone 6 Plus svart"}]},{"@type":"WebSite","@id":"https:\/\/www.heddata.se\/webbutik\/#website","url":"https:\/\/www.heddata.se\/webbutik\/","name":"Datorer, Skrivare, F\u00e4rgpatroner, Mobiltelefoner","description":"Kablar","publisher":{"@id":"https:\/\/www.heddata.se\/webbutik\/#organization"},"potentialAction":[{"@type":"SearchAction","target":{"@type":"EntryPoint","urlTemplate":"https:\/\/www.heddata.se\/webbutik\/?s={search_term_string}"},"query-input":{"@type":"PropertyValueSpecification","valueRequired":true,"valueName":"search_term_string"}}],"inLanguage":"sv-SE"},{"@type":"Organization","@id":"https:\/\/www.heddata.se\/webbutik\/#organization","name":"Heddata AB","url":"https:\/\/www.heddata.se\/webbutik\/","logo":{"@type":"ImageObject","inLanguage":"sv-SE","@id":"https:\/\/www.heddata.se\/webbutik\/#\/schema\/logo\/image\/","url":"https:\/\/www.heddata.se\/webbutik\/wp-content\/uploads\/logga\/heddata-ab-logga.png","contentUrl":"https:\/\/www.heddata.se\/webbutik\/wp-content\/uploads\/logga\/heddata-ab-logga.png","width":200,"height":64,"caption":"Heddata AB"},"image":{"@id":"https:\/\/www.heddata.se\/webbutik\/#\/schema\/logo\/image\/"}}]}},"_links":{"self":[{"href":"https:\/\/www.heddata.se\/webbutik\/wp-json\/wp\/v2\/product\/1959","targetHints":{"allow":["GET"]}}],"collection":[{"href":"https:\/\/www.heddata.se\/webbutik\/wp-json\/wp\/v2\/product"}],"about":[{"href":"https:\/\/www.heddata.se\/webbutik\/wp-json\/wp\/v2\/types\/product"}],"wp:featuredmedia":[{"embeddable":true,"href":"https:\/\/www.heddata.se\/webbutik\/wp-json\/wp\/v2\/media\/2022"}],"wp:attachment":[{"href":"https:\/\/www.heddata.se\/webbutik\/wp-json\/wp\/v2\/media?parent=1959"}],"wp:term":[{"taxonomy":"product_brand","embeddable":true,"href":"https:\/\/www.heddata.se\/webbutik\/wp-json\/wp\/v2\/product_brand?post=1959"},{"taxonomy":"product_cat","embeddable":true,"href":"https:\/\/www.heddata.se\/webbutik\/wp-json\/wp\/v2\/product_cat?post=1959"},{"taxonomy":"product_tag","embeddable":true,"href":"https:\/\/www.heddata.se\/webbutik\/wp-json\/wp\/v2\/product_tag?post=1959"}],"curies":[{"name":"wp","href":"https:\/\/api.w.org\/{rel}","templated":true}]}}