{"id":1953,"date":"2019-09-16T10:36:34","date_gmt":"2019-09-16T08:36:34","guid":{"rendered":"https:\/\/www.heddata.se\/webbutik\/?post_type=product&#038;p=1953"},"modified":"2026-04-07T14:29:44","modified_gmt":"2026-04-07T12:29:44","slug":"billaddare-3-utgangar-micro-usb-vit-gron","status":"publish","type":"product","link":"https:\/\/www.heddata.se\/webbutik\/produkt\/billaddare-3-utgangar-micro-usb-vit-gron\/","title":{"rendered":"Billaddare 3-Utg\u00e5ngar 6 A 2 x USB \/ Micro USB Vit\/Gr\u00f6n"},"content":{"rendered":"<p>Billaddare 3-Utg\u00e5ngar<\/p>\n<p><strong>Egenskaper<\/strong><br \/>\n\u2022 Ladda 3 enheter samtidigt: 1x Micro USB (inbyggd kabel) och 2x USB<br \/>\n\u2022 Effektivt kabelhanteringssystem<br \/>\n\u2022 Platt kabeldesign f\u00f6r att undvika trassel<br \/>\n\u2022 Max. kapacitet \u00e4r 6 A<br \/>\n\u2022 Kabell\u00e4ngd p\u00e5 26 cm<\/p>\n<p><strong>Paketet inneh\u00e5ller<\/strong><br \/>\n1x billaddare<\/p>\n<p><strong>Produktspecifikationer<\/strong><br \/>\n<strong>Antal utg\u00e5ngar:<\/strong> 3<br \/>\n<strong>Kabeltyp:<\/strong> Micro USB<br \/>\n<strong>F\u00e4rg:<\/strong> Vit\/Gr\u00f6n<br \/>\n<strong>Sladdl\u00e4ngd:<\/strong> 0.26 m<br \/>\n<strong>Uttagstyp:<\/strong> 2 x USB<br \/>\nMicro USB<br \/>\n<strong>N\u00e4tkontakt:<\/strong> Car Adapter<br \/>\n<strong>Max output current per port:<\/strong> 1x 2.4 A<br \/>\n<strong>Max. output current per port:<\/strong> 2.4 A<br \/>\n<strong>Output current:<\/strong> 6 A<\/p>\n<p>Med denna <a href=\"https:\/\/www.heddata.se\/webbutik\/telefontillbehor-powerbank-laddare-kabel\/telefonladdare\/billaddare\/\">billaddare<\/a> beh\u00f6ver du inte oroa dig f\u00f6r att inte kunna fylla p\u00e5 smartphone-batteriet n\u00e4r du \u00e4r p\u00e5 resa.<\/p>\n","protected":false},"excerpt":{"rendered":"<p>Produktbeskrivning<br \/>\nMed denna billaddare fr\u00e5n Sweex beh\u00f6ver du inte oroa dig f\u00f6r att inte kunna fylla p\u00e5 smartphone-batteriet n\u00e4r du \u00e4r p\u00e5 resa.<br \/>\nDen har en integrerad Micro USB-plattkabel med en l\u00e4ngd p\u00e5 26 cm och en smart f\u00f6rvaringsl\u00f6sning. Detta sparar tid och tar bort frustrationen eftersom det s\u00e4tter stopp f\u00f6r kabeltrassel och \u00e4r helt trasselfri. Dessutom har billaddaren plats f\u00f6r tre enheter, s\u00e5som kameror, surfplattor och navigeringssystem som kan laddas samtidigt med en maximal str\u00f6mstyrka p\u00e5 6 A (1x Micro USB och 2x USB). Nu slipper du ot\u00e5ligt v\u00e4nta p\u00e5 att passagerarens smartphone ska bli fulladdad!<\/p>\n","protected":false},"featured_media":2020,"template":"","meta":[],"product_brand":[],"product_cat":[124,118,69],"product_tag":[154,167,168],"class_list":{"0":"post-1953","1":"product","2":"type-product","3":"status-publish","4":"has-post-thumbnail","6":"product_cat-billaddare","7":"product_cat-telefonladdare","8":"product_cat-telefontillbehor","9":"product_tag-billaddare","10":"product_tag-billaddare-micro-usb","11":"product_tag-micro-usb","13":"first","14":"outofstock","15":"taxable","16":"shipping-taxable","17":"product-type-simple"},"yoast_head":"<!-- This site is optimized with the Yoast SEO Premium plugin v26.7 (Yoast SEO v26.7) - https:\/\/yoast.com\/wordpress\/plugins\/seo\/ -->\n<title>Billaddare 3-Utg\u00e5ngar 6 A 2 x USB \/ Micro USB Vit\/Gr\u00f6n<\/title>\n<meta name=\"description\" content=\"Billaddare 3-utg\u00e5ngar. Med denna billaddare fr\u00e5n Sweex beh\u00f6ver du inte oroa dig f\u00f6r att inte kunna fylla p\u00e5 smartphone-batteriet n\u00e4r du \u00e4r p\u00e5 resa.\" \/>\n<meta name=\"robots\" content=\"index, follow, max-snippet:-1, max-image-preview:large, max-video-preview:-1\" \/>\n<link rel=\"canonical\" href=\"https:\/\/www.heddata.se\/webbutik\/produkt\/billaddare-3-utgangar-micro-usb-vit-gron\/\" \/>\n<meta property=\"og:locale\" content=\"sv_SE\" \/>\n<meta property=\"og:type\" content=\"article\" \/>\n<meta property=\"og:title\" content=\"Billaddare 3-Utg\u00e5ngar 6 A 2 x USB \/ Micro USB Vit\/Gr\u00f6n\" \/>\n<meta property=\"og:description\" content=\"Billaddare 3-utg\u00e5ngar. Med denna billaddare fr\u00e5n Sweex beh\u00f6ver du inte oroa dig f\u00f6r att inte kunna fylla p\u00e5 smartphone-batteriet n\u00e4r du \u00e4r p\u00e5 resa.\" \/>\n<meta property=\"og:url\" content=\"https:\/\/www.heddata.se\/webbutik\/produkt\/billaddare-3-utgangar-micro-usb-vit-gron\/\" \/>\n<meta property=\"og:site_name\" content=\"Datorer, Skrivare, F\u00e4rgpatroner, Mobiltelefoner\" \/>\n<meta property=\"article:modified_time\" content=\"2026-04-07T12:29:44+00:00\" \/>\n<meta property=\"og:image\" content=\"https:\/\/www.heddata.se\/webbutik\/wp-content\/uploads\/CH-023WH.jpg\" \/>\n\t<meta property=\"og:image:width\" content=\"1500\" \/>\n\t<meta property=\"og:image:height\" content=\"1500\" \/>\n\t<meta property=\"og:image:type\" content=\"image\/jpeg\" \/>\n<meta name=\"twitter:card\" content=\"summary_large_image\" \/>\n<meta name=\"twitter:label1\" content=\"Ber\u00e4knad l\u00e4stid\" \/>\n\t<meta name=\"twitter:data1\" content=\"1 minut\" \/>\n<script type=\"application\/ld+json\" class=\"yoast-schema-graph\">{\"@context\":\"https:\/\/schema.org\",\"@graph\":[{\"@type\":\"WebPage\",\"@id\":\"https:\/\/www.heddata.se\/webbutik\/produkt\/billaddare-3-utgangar-micro-usb-vit-gron\/\",\"url\":\"https:\/\/www.heddata.se\/webbutik\/produkt\/billaddare-3-utgangar-micro-usb-vit-gron\/\",\"name\":\"Billaddare 3-Utg\u00e5ngar 6 A 2 x USB \/ Micro USB Vit\/Gr\u00f6n\",\"isPartOf\":{\"@id\":\"https:\/\/www.heddata.se\/webbutik\/#website\"},\"primaryImageOfPage\":{\"@id\":\"https:\/\/www.heddata.se\/webbutik\/produkt\/billaddare-3-utgangar-micro-usb-vit-gron\/#primaryimage\"},\"image\":{\"@id\":\"https:\/\/www.heddata.se\/webbutik\/produkt\/billaddare-3-utgangar-micro-usb-vit-gron\/#primaryimage\"},\"thumbnailUrl\":\"https:\/\/www.heddata.se\/webbutik\/wp-content\/uploads\/CH-023WH.jpg\",\"datePublished\":\"2019-09-16T08:36:34+00:00\",\"dateModified\":\"2026-04-07T12:29:44+00:00\",\"description\":\"Billaddare 3-utg\u00e5ngar. Med denna billaddare fr\u00e5n Sweex beh\u00f6ver du inte oroa dig f\u00f6r att inte kunna fylla p\u00e5 smartphone-batteriet n\u00e4r du \u00e4r p\u00e5 resa.\",\"breadcrumb\":{\"@id\":\"https:\/\/www.heddata.se\/webbutik\/produkt\/billaddare-3-utgangar-micro-usb-vit-gron\/#breadcrumb\"},\"inLanguage\":\"sv-SE\",\"potentialAction\":[{\"@type\":\"ReadAction\",\"target\":[\"https:\/\/www.heddata.se\/webbutik\/produkt\/billaddare-3-utgangar-micro-usb-vit-gron\/\"]}]},{\"@type\":\"ImageObject\",\"inLanguage\":\"sv-SE\",\"@id\":\"https:\/\/www.heddata.se\/webbutik\/produkt\/billaddare-3-utgangar-micro-usb-vit-gron\/#primaryimage\",\"url\":\"https:\/\/www.heddata.se\/webbutik\/wp-content\/uploads\/CH-023WH.jpg\",\"contentUrl\":\"https:\/\/www.heddata.se\/webbutik\/wp-content\/uploads\/CH-023WH.jpg\",\"width\":1500,\"height\":1500,\"caption\":\"Billaddare 3-Utg\u00e5ngar 6 A 2 x USB \/ Micro USB Vit\/Gr\u00f6n\"},{\"@type\":\"BreadcrumbList\",\"@id\":\"https:\/\/www.heddata.se\/webbutik\/produkt\/billaddare-3-utgangar-micro-usb-vit-gron\/#breadcrumb\",\"itemListElement\":[{\"@type\":\"ListItem\",\"position\":1,\"name\":\"Hem\",\"item\":\"https:\/\/www.heddata.se\/webbutik\/\"},{\"@type\":\"ListItem\",\"position\":2,\"name\":\"Produkter\",\"item\":\"https:\/\/www.heddata.se\/webbutik\/shop\/\"},{\"@type\":\"ListItem\",\"position\":3,\"name\":\"Billaddare 3-Utg\u00e5ngar 6 A 2 x USB \/ Micro USB Vit\/Gr\u00f6n\"}]},{\"@type\":\"WebSite\",\"@id\":\"https:\/\/www.heddata.se\/webbutik\/#website\",\"url\":\"https:\/\/www.heddata.se\/webbutik\/\",\"name\":\"Datorer, Skrivare, F\u00e4rgpatroner, Mobiltelefoner\",\"description\":\"Kablar\",\"publisher\":{\"@id\":\"https:\/\/www.heddata.se\/webbutik\/#organization\"},\"potentialAction\":[{\"@type\":\"SearchAction\",\"target\":{\"@type\":\"EntryPoint\",\"urlTemplate\":\"https:\/\/www.heddata.se\/webbutik\/?s={search_term_string}\"},\"query-input\":{\"@type\":\"PropertyValueSpecification\",\"valueRequired\":true,\"valueName\":\"search_term_string\"}}],\"inLanguage\":\"sv-SE\"},{\"@type\":\"Organization\",\"@id\":\"https:\/\/www.heddata.se\/webbutik\/#organization\",\"name\":\"Heddata AB\",\"url\":\"https:\/\/www.heddata.se\/webbutik\/\",\"logo\":{\"@type\":\"ImageObject\",\"inLanguage\":\"sv-SE\",\"@id\":\"https:\/\/www.heddata.se\/webbutik\/#\/schema\/logo\/image\/\",\"url\":\"https:\/\/www.heddata.se\/webbutik\/wp-content\/uploads\/logga\/heddata-ab-logga.png\",\"contentUrl\":\"https:\/\/www.heddata.se\/webbutik\/wp-content\/uploads\/logga\/heddata-ab-logga.png\",\"width\":200,\"height\":64,\"caption\":\"Heddata AB\"},\"image\":{\"@id\":\"https:\/\/www.heddata.se\/webbutik\/#\/schema\/logo\/image\/\"}}]}<\/script>\n<!-- \/ Yoast SEO Premium plugin. -->","yoast_head_json":{"title":"Billaddare 3-Utg\u00e5ngar 6 A 2 x USB \/ Micro USB Vit\/Gr\u00f6n","description":"Billaddare 3-utg\u00e5ngar. Med denna billaddare fr\u00e5n Sweex beh\u00f6ver du inte oroa dig f\u00f6r att inte kunna fylla p\u00e5 smartphone-batteriet n\u00e4r du \u00e4r p\u00e5 resa.","robots":{"index":"index","follow":"follow","max-snippet":"max-snippet:-1","max-image-preview":"max-image-preview:large","max-video-preview":"max-video-preview:-1"},"canonical":"https:\/\/www.heddata.se\/webbutik\/produkt\/billaddare-3-utgangar-micro-usb-vit-gron\/","og_locale":"sv_SE","og_type":"article","og_title":"Billaddare 3-Utg\u00e5ngar 6 A 2 x USB \/ Micro USB Vit\/Gr\u00f6n","og_description":"Billaddare 3-utg\u00e5ngar. Med denna billaddare fr\u00e5n Sweex beh\u00f6ver du inte oroa dig f\u00f6r att inte kunna fylla p\u00e5 smartphone-batteriet n\u00e4r du \u00e4r p\u00e5 resa.","og_url":"https:\/\/www.heddata.se\/webbutik\/produkt\/billaddare-3-utgangar-micro-usb-vit-gron\/","og_site_name":"Datorer, Skrivare, F\u00e4rgpatroner, Mobiltelefoner","article_modified_time":"2026-04-07T12:29:44+00:00","og_image":[{"width":1500,"height":1500,"url":"https:\/\/www.heddata.se\/webbutik\/wp-content\/uploads\/CH-023WH.jpg","type":"image\/jpeg"}],"twitter_card":"summary_large_image","twitter_misc":{"Ber\u00e4knad l\u00e4stid":"1 minut"},"schema":{"@context":"https:\/\/schema.org","@graph":[{"@type":"WebPage","@id":"https:\/\/www.heddata.se\/webbutik\/produkt\/billaddare-3-utgangar-micro-usb-vit-gron\/","url":"https:\/\/www.heddata.se\/webbutik\/produkt\/billaddare-3-utgangar-micro-usb-vit-gron\/","name":"Billaddare 3-Utg\u00e5ngar 6 A 2 x USB \/ Micro USB Vit\/Gr\u00f6n","isPartOf":{"@id":"https:\/\/www.heddata.se\/webbutik\/#website"},"primaryImageOfPage":{"@id":"https:\/\/www.heddata.se\/webbutik\/produkt\/billaddare-3-utgangar-micro-usb-vit-gron\/#primaryimage"},"image":{"@id":"https:\/\/www.heddata.se\/webbutik\/produkt\/billaddare-3-utgangar-micro-usb-vit-gron\/#primaryimage"},"thumbnailUrl":"https:\/\/www.heddata.se\/webbutik\/wp-content\/uploads\/CH-023WH.jpg","datePublished":"2019-09-16T08:36:34+00:00","dateModified":"2026-04-07T12:29:44+00:00","description":"Billaddare 3-utg\u00e5ngar. Med denna billaddare fr\u00e5n Sweex beh\u00f6ver du inte oroa dig f\u00f6r att inte kunna fylla p\u00e5 smartphone-batteriet n\u00e4r du \u00e4r p\u00e5 resa.","breadcrumb":{"@id":"https:\/\/www.heddata.se\/webbutik\/produkt\/billaddare-3-utgangar-micro-usb-vit-gron\/#breadcrumb"},"inLanguage":"sv-SE","potentialAction":[{"@type":"ReadAction","target":["https:\/\/www.heddata.se\/webbutik\/produkt\/billaddare-3-utgangar-micro-usb-vit-gron\/"]}]},{"@type":"ImageObject","inLanguage":"sv-SE","@id":"https:\/\/www.heddata.se\/webbutik\/produkt\/billaddare-3-utgangar-micro-usb-vit-gron\/#primaryimage","url":"https:\/\/www.heddata.se\/webbutik\/wp-content\/uploads\/CH-023WH.jpg","contentUrl":"https:\/\/www.heddata.se\/webbutik\/wp-content\/uploads\/CH-023WH.jpg","width":1500,"height":1500,"caption":"Billaddare 3-Utg\u00e5ngar 6 A 2 x USB \/ Micro USB Vit\/Gr\u00f6n"},{"@type":"BreadcrumbList","@id":"https:\/\/www.heddata.se\/webbutik\/produkt\/billaddare-3-utgangar-micro-usb-vit-gron\/#breadcrumb","itemListElement":[{"@type":"ListItem","position":1,"name":"Hem","item":"https:\/\/www.heddata.se\/webbutik\/"},{"@type":"ListItem","position":2,"name":"Produkter","item":"https:\/\/www.heddata.se\/webbutik\/shop\/"},{"@type":"ListItem","position":3,"name":"Billaddare 3-Utg\u00e5ngar 6 A 2 x USB \/ Micro USB Vit\/Gr\u00f6n"}]},{"@type":"WebSite","@id":"https:\/\/www.heddata.se\/webbutik\/#website","url":"https:\/\/www.heddata.se\/webbutik\/","name":"Datorer, Skrivare, F\u00e4rgpatroner, Mobiltelefoner","description":"Kablar","publisher":{"@id":"https:\/\/www.heddata.se\/webbutik\/#organization"},"potentialAction":[{"@type":"SearchAction","target":{"@type":"EntryPoint","urlTemplate":"https:\/\/www.heddata.se\/webbutik\/?s={search_term_string}"},"query-input":{"@type":"PropertyValueSpecification","valueRequired":true,"valueName":"search_term_string"}}],"inLanguage":"sv-SE"},{"@type":"Organization","@id":"https:\/\/www.heddata.se\/webbutik\/#organization","name":"Heddata AB","url":"https:\/\/www.heddata.se\/webbutik\/","logo":{"@type":"ImageObject","inLanguage":"sv-SE","@id":"https:\/\/www.heddata.se\/webbutik\/#\/schema\/logo\/image\/","url":"https:\/\/www.heddata.se\/webbutik\/wp-content\/uploads\/logga\/heddata-ab-logga.png","contentUrl":"https:\/\/www.heddata.se\/webbutik\/wp-content\/uploads\/logga\/heddata-ab-logga.png","width":200,"height":64,"caption":"Heddata AB"},"image":{"@id":"https:\/\/www.heddata.se\/webbutik\/#\/schema\/logo\/image\/"}}]}},"_links":{"self":[{"href":"https:\/\/www.heddata.se\/webbutik\/wp-json\/wp\/v2\/product\/1953","targetHints":{"allow":["GET"]}}],"collection":[{"href":"https:\/\/www.heddata.se\/webbutik\/wp-json\/wp\/v2\/product"}],"about":[{"href":"https:\/\/www.heddata.se\/webbutik\/wp-json\/wp\/v2\/types\/product"}],"wp:featuredmedia":[{"embeddable":true,"href":"https:\/\/www.heddata.se\/webbutik\/wp-json\/wp\/v2\/media\/2020"}],"wp:attachment":[{"href":"https:\/\/www.heddata.se\/webbutik\/wp-json\/wp\/v2\/media?parent=1953"}],"wp:term":[{"taxonomy":"product_brand","embeddable":true,"href":"https:\/\/www.heddata.se\/webbutik\/wp-json\/wp\/v2\/product_brand?post=1953"},{"taxonomy":"product_cat","embeddable":true,"href":"https:\/\/www.heddata.se\/webbutik\/wp-json\/wp\/v2\/product_cat?post=1953"},{"taxonomy":"product_tag","embeddable":true,"href":"https:\/\/www.heddata.se\/webbutik\/wp-json\/wp\/v2\/product_tag?post=1953"}],"curies":[{"name":"wp","href":"https:\/\/api.w.org\/{rel}","templated":true}]}}