{"id":1921,"date":"2019-09-16T10:36:30","date_gmt":"2019-09-16T08:36:30","guid":{"rendered":"https:\/\/www.heddata.se\/webbutik\/?post_type=product&#038;p=1921"},"modified":"2026-04-07T13:20:06","modified_gmt":"2026-04-07T11:20:06","slug":"adapter-usb-c-huawei","status":"publish","type":"product","link":"https:\/\/www.heddata.se\/webbutik\/produkt\/adapter-usb-c-huawei\/","title":{"rendered":"Adapter USB-C till 3,5mm Huawei Vit"},"content":{"rendered":"<p><span style=\"font-size: 14.4px;\">A<\/span><span style=\"font-size: 14.4px;\">dapter <\/span>USB-C till 3,5mm, denna st\u00f6der h\u00f6rlurar med ledning och mikrofon. Multifunktionsknappen g\u00f6r det m\u00f6jligt att svara p\u00e5 och avsluta samtal, spela eller pausa musik, hoppa \u00f6ver eller upprepa musiksp\u00e5r.<br \/>\nAdaptern \u00e4r 9cm l\u00e5ng och har en kompakt design s\u00e5 den \u00e4r l\u00e4tt att b\u00e4ra med sig. Den \u00e4r tillverkad av isolerad kopparledning med l\u00e5g impedans f\u00f6r reducerad ljuddistorsion och \u00f6kad signalmottagning. Adaptern har en h\u00e5llbar adapter av Typ-C och st\u00f6der omv\u00e4nt inf\u00f6rande.<\/p>\n<p>Har du en <a href=\"https:\/\/www.heddata.se\/webbutik\/telefon-surfplattor\/\">mobiltelefon<\/a> med USB-C uttag men dina favorit<a href=\"https:\/\/www.heddata.se\/webbutik\/telefontillbehor-powerbank-laddare-kabel\/horlurar-headset\/\">h\u00f6rlurar<\/a> enbart har 3,5mm anslutning? Inga problem, allt du beh\u00f6ver \u00e4r denna <a href=\"https:\/\/www.heddata.se\/webbutik\/kablar\/adaptrar\/\">adapter<\/a>n.<\/p>\n","protected":false},"excerpt":{"rendered":"<p>Adapter USB-C till 3,5mm<\/p>\n","protected":false},"featured_media":2305,"template":"","meta":[],"product_brand":[],"product_cat":[79,153,69],"product_tag":[],"class_list":{"0":"post-1921","1":"product","2":"type-product","3":"status-publish","4":"has-post-thumbnail","6":"product_cat-adaptrar","7":"product_cat-ovrigt-telefontillbehor","8":"product_cat-telefontillbehor","10":"first","11":"outofstock","12":"taxable","13":"shipping-taxable","14":"product-type-simple"},"yoast_head":"<!-- This site is optimized with the Yoast SEO Premium plugin v26.7 (Yoast SEO v26.7) - https:\/\/yoast.com\/wordpress\/plugins\/seo\/ -->\n<title>Adapter USB-C till 3,5mm 9cm Vit. Multifunktionsknapp<\/title>\n<meta name=\"description\" content=\"Adapter USB-C till 3,5mm. 9cm, Vit. Multifunktionsknappen g\u00f6r det m\u00f6jligt att svara p\u00e5 och avsluta samtal, spela eller pausa musik.\" \/>\n<meta name=\"robots\" content=\"index, follow, max-snippet:-1, max-image-preview:large, max-video-preview:-1\" \/>\n<link rel=\"canonical\" href=\"https:\/\/www.heddata.se\/webbutik\/produkt\/adapter-usb-c-huawei\/\" \/>\n<meta property=\"og:locale\" content=\"sv_SE\" \/>\n<meta property=\"og:type\" content=\"article\" \/>\n<meta property=\"og:title\" content=\"Adapter USB-C till 3,5mm Huawei Vit\" \/>\n<meta property=\"og:description\" content=\"Adapter USB-C till 3,5mm. 9cm, Vit. Multifunktionsknappen g\u00f6r det m\u00f6jligt att svara p\u00e5 och avsluta samtal, spela eller pausa musik.\" \/>\n<meta property=\"og:url\" content=\"https:\/\/www.heddata.se\/webbutik\/produkt\/adapter-usb-c-huawei\/\" \/>\n<meta property=\"og:site_name\" content=\"Datorer, Skrivare, F\u00e4rgpatroner, Mobiltelefoner\" \/>\n<meta property=\"article:modified_time\" content=\"2026-04-07T11:20:06+00:00\" \/>\n<meta property=\"og:image\" content=\"https:\/\/www.heddata.se\/webbutik\/wp-content\/uploads\/webbutik\/kategorier\/Telefontillbeh\u00f6r\/55030086_huawei_usb-c_jack_adaptor.jpg\" \/>\n\t<meta property=\"og:image:width\" content=\"960\" \/>\n\t<meta property=\"og:image:height\" content=\"720\" \/>\n\t<meta property=\"og:image:type\" content=\"image\/jpeg\" \/>\n<meta name=\"twitter:card\" content=\"summary_large_image\" \/>\n<meta name=\"twitter:label1\" content=\"Ber\u00e4knad l\u00e4stid\" \/>\n\t<meta name=\"twitter:data1\" content=\"1 minut\" \/>\n<script type=\"application\/ld+json\" class=\"yoast-schema-graph\">{\"@context\":\"https:\/\/schema.org\",\"@graph\":[{\"@type\":\"WebPage\",\"@id\":\"https:\/\/www.heddata.se\/webbutik\/produkt\/adapter-usb-c-huawei\/\",\"url\":\"https:\/\/www.heddata.se\/webbutik\/produkt\/adapter-usb-c-huawei\/\",\"name\":\"Adapter USB-C till 3,5mm 9cm Vit. Multifunktionsknapp\",\"isPartOf\":{\"@id\":\"https:\/\/www.heddata.se\/webbutik\/#website\"},\"primaryImageOfPage\":{\"@id\":\"https:\/\/www.heddata.se\/webbutik\/produkt\/adapter-usb-c-huawei\/#primaryimage\"},\"image\":{\"@id\":\"https:\/\/www.heddata.se\/webbutik\/produkt\/adapter-usb-c-huawei\/#primaryimage\"},\"thumbnailUrl\":\"https:\/\/www.heddata.se\/webbutik\/wp-content\/uploads\/webbutik\/kategorier\/Telefontillbeh\u00f6r\/55030086_huawei_usb-c_jack_adaptor.jpg\",\"datePublished\":\"2019-09-16T08:36:30+00:00\",\"dateModified\":\"2026-04-07T11:20:06+00:00\",\"description\":\"Adapter USB-C till 3,5mm. 9cm, Vit. Multifunktionsknappen g\u00f6r det m\u00f6jligt att svara p\u00e5 och avsluta samtal, spela eller pausa musik.\",\"breadcrumb\":{\"@id\":\"https:\/\/www.heddata.se\/webbutik\/produkt\/adapter-usb-c-huawei\/#breadcrumb\"},\"inLanguage\":\"sv-SE\",\"potentialAction\":[{\"@type\":\"ReadAction\",\"target\":[\"https:\/\/www.heddata.se\/webbutik\/produkt\/adapter-usb-c-huawei\/\"]}]},{\"@type\":\"ImageObject\",\"inLanguage\":\"sv-SE\",\"@id\":\"https:\/\/www.heddata.se\/webbutik\/produkt\/adapter-usb-c-huawei\/#primaryimage\",\"url\":\"https:\/\/www.heddata.se\/webbutik\/wp-content\/uploads\/webbutik\/kategorier\/Telefontillbeh\u00f6r\/55030086_huawei_usb-c_jack_adaptor.jpg\",\"contentUrl\":\"https:\/\/www.heddata.se\/webbutik\/wp-content\/uploads\/webbutik\/kategorier\/Telefontillbeh\u00f6r\/55030086_huawei_usb-c_jack_adaptor.jpg\",\"width\":960,\"height\":720,\"caption\":\"Adapter USB-C till 3,5mm Huawei\"},{\"@type\":\"BreadcrumbList\",\"@id\":\"https:\/\/www.heddata.se\/webbutik\/produkt\/adapter-usb-c-huawei\/#breadcrumb\",\"itemListElement\":[{\"@type\":\"ListItem\",\"position\":1,\"name\":\"Hem\",\"item\":\"https:\/\/www.heddata.se\/webbutik\/\"},{\"@type\":\"ListItem\",\"position\":2,\"name\":\"Produkter\",\"item\":\"https:\/\/www.heddata.se\/webbutik\/shop\/\"},{\"@type\":\"ListItem\",\"position\":3,\"name\":\"Adapter USB-C till 3,5mm Huawei Vit\"}]},{\"@type\":\"WebSite\",\"@id\":\"https:\/\/www.heddata.se\/webbutik\/#website\",\"url\":\"https:\/\/www.heddata.se\/webbutik\/\",\"name\":\"Datorer, Skrivare, F\u00e4rgpatroner, Mobiltelefoner\",\"description\":\"Kablar\",\"publisher\":{\"@id\":\"https:\/\/www.heddata.se\/webbutik\/#organization\"},\"potentialAction\":[{\"@type\":\"SearchAction\",\"target\":{\"@type\":\"EntryPoint\",\"urlTemplate\":\"https:\/\/www.heddata.se\/webbutik\/?s={search_term_string}\"},\"query-input\":{\"@type\":\"PropertyValueSpecification\",\"valueRequired\":true,\"valueName\":\"search_term_string\"}}],\"inLanguage\":\"sv-SE\"},{\"@type\":\"Organization\",\"@id\":\"https:\/\/www.heddata.se\/webbutik\/#organization\",\"name\":\"Heddata AB\",\"url\":\"https:\/\/www.heddata.se\/webbutik\/\",\"logo\":{\"@type\":\"ImageObject\",\"inLanguage\":\"sv-SE\",\"@id\":\"https:\/\/www.heddata.se\/webbutik\/#\/schema\/logo\/image\/\",\"url\":\"https:\/\/www.heddata.se\/webbutik\/wp-content\/uploads\/logga\/heddata-ab-logga.png\",\"contentUrl\":\"https:\/\/www.heddata.se\/webbutik\/wp-content\/uploads\/logga\/heddata-ab-logga.png\",\"width\":200,\"height\":64,\"caption\":\"Heddata AB\"},\"image\":{\"@id\":\"https:\/\/www.heddata.se\/webbutik\/#\/schema\/logo\/image\/\"}}]}<\/script>\n<!-- \/ Yoast SEO Premium plugin. -->","yoast_head_json":{"title":"Adapter USB-C till 3,5mm 9cm Vit. Multifunktionsknapp","description":"Adapter USB-C till 3,5mm. 9cm, Vit. Multifunktionsknappen g\u00f6r det m\u00f6jligt att svara p\u00e5 och avsluta samtal, spela eller pausa musik.","robots":{"index":"index","follow":"follow","max-snippet":"max-snippet:-1","max-image-preview":"max-image-preview:large","max-video-preview":"max-video-preview:-1"},"canonical":"https:\/\/www.heddata.se\/webbutik\/produkt\/adapter-usb-c-huawei\/","og_locale":"sv_SE","og_type":"article","og_title":"Adapter USB-C till 3,5mm Huawei Vit","og_description":"Adapter USB-C till 3,5mm. 9cm, Vit. Multifunktionsknappen g\u00f6r det m\u00f6jligt att svara p\u00e5 och avsluta samtal, spela eller pausa musik.","og_url":"https:\/\/www.heddata.se\/webbutik\/produkt\/adapter-usb-c-huawei\/","og_site_name":"Datorer, Skrivare, F\u00e4rgpatroner, Mobiltelefoner","article_modified_time":"2026-04-07T11:20:06+00:00","og_image":[{"width":960,"height":720,"url":"https:\/\/www.heddata.se\/webbutik\/wp-content\/uploads\/webbutik\/kategorier\/Telefontillbeh\u00f6r\/55030086_huawei_usb-c_jack_adaptor.jpg","type":"image\/jpeg"}],"twitter_card":"summary_large_image","twitter_misc":{"Ber\u00e4knad l\u00e4stid":"1 minut"},"schema":{"@context":"https:\/\/schema.org","@graph":[{"@type":"WebPage","@id":"https:\/\/www.heddata.se\/webbutik\/produkt\/adapter-usb-c-huawei\/","url":"https:\/\/www.heddata.se\/webbutik\/produkt\/adapter-usb-c-huawei\/","name":"Adapter USB-C till 3,5mm 9cm Vit. Multifunktionsknapp","isPartOf":{"@id":"https:\/\/www.heddata.se\/webbutik\/#website"},"primaryImageOfPage":{"@id":"https:\/\/www.heddata.se\/webbutik\/produkt\/adapter-usb-c-huawei\/#primaryimage"},"image":{"@id":"https:\/\/www.heddata.se\/webbutik\/produkt\/adapter-usb-c-huawei\/#primaryimage"},"thumbnailUrl":"https:\/\/www.heddata.se\/webbutik\/wp-content\/uploads\/webbutik\/kategorier\/Telefontillbeh\u00f6r\/55030086_huawei_usb-c_jack_adaptor.jpg","datePublished":"2019-09-16T08:36:30+00:00","dateModified":"2026-04-07T11:20:06+00:00","description":"Adapter USB-C till 3,5mm. 9cm, Vit. Multifunktionsknappen g\u00f6r det m\u00f6jligt att svara p\u00e5 och avsluta samtal, spela eller pausa musik.","breadcrumb":{"@id":"https:\/\/www.heddata.se\/webbutik\/produkt\/adapter-usb-c-huawei\/#breadcrumb"},"inLanguage":"sv-SE","potentialAction":[{"@type":"ReadAction","target":["https:\/\/www.heddata.se\/webbutik\/produkt\/adapter-usb-c-huawei\/"]}]},{"@type":"ImageObject","inLanguage":"sv-SE","@id":"https:\/\/www.heddata.se\/webbutik\/produkt\/adapter-usb-c-huawei\/#primaryimage","url":"https:\/\/www.heddata.se\/webbutik\/wp-content\/uploads\/webbutik\/kategorier\/Telefontillbeh\u00f6r\/55030086_huawei_usb-c_jack_adaptor.jpg","contentUrl":"https:\/\/www.heddata.se\/webbutik\/wp-content\/uploads\/webbutik\/kategorier\/Telefontillbeh\u00f6r\/55030086_huawei_usb-c_jack_adaptor.jpg","width":960,"height":720,"caption":"Adapter USB-C till 3,5mm Huawei"},{"@type":"BreadcrumbList","@id":"https:\/\/www.heddata.se\/webbutik\/produkt\/adapter-usb-c-huawei\/#breadcrumb","itemListElement":[{"@type":"ListItem","position":1,"name":"Hem","item":"https:\/\/www.heddata.se\/webbutik\/"},{"@type":"ListItem","position":2,"name":"Produkter","item":"https:\/\/www.heddata.se\/webbutik\/shop\/"},{"@type":"ListItem","position":3,"name":"Adapter USB-C till 3,5mm Huawei Vit"}]},{"@type":"WebSite","@id":"https:\/\/www.heddata.se\/webbutik\/#website","url":"https:\/\/www.heddata.se\/webbutik\/","name":"Datorer, Skrivare, F\u00e4rgpatroner, Mobiltelefoner","description":"Kablar","publisher":{"@id":"https:\/\/www.heddata.se\/webbutik\/#organization"},"potentialAction":[{"@type":"SearchAction","target":{"@type":"EntryPoint","urlTemplate":"https:\/\/www.heddata.se\/webbutik\/?s={search_term_string}"},"query-input":{"@type":"PropertyValueSpecification","valueRequired":true,"valueName":"search_term_string"}}],"inLanguage":"sv-SE"},{"@type":"Organization","@id":"https:\/\/www.heddata.se\/webbutik\/#organization","name":"Heddata AB","url":"https:\/\/www.heddata.se\/webbutik\/","logo":{"@type":"ImageObject","inLanguage":"sv-SE","@id":"https:\/\/www.heddata.se\/webbutik\/#\/schema\/logo\/image\/","url":"https:\/\/www.heddata.se\/webbutik\/wp-content\/uploads\/logga\/heddata-ab-logga.png","contentUrl":"https:\/\/www.heddata.se\/webbutik\/wp-content\/uploads\/logga\/heddata-ab-logga.png","width":200,"height":64,"caption":"Heddata AB"},"image":{"@id":"https:\/\/www.heddata.se\/webbutik\/#\/schema\/logo\/image\/"}}]}},"_links":{"self":[{"href":"https:\/\/www.heddata.se\/webbutik\/wp-json\/wp\/v2\/product\/1921","targetHints":{"allow":["GET"]}}],"collection":[{"href":"https:\/\/www.heddata.se\/webbutik\/wp-json\/wp\/v2\/product"}],"about":[{"href":"https:\/\/www.heddata.se\/webbutik\/wp-json\/wp\/v2\/types\/product"}],"wp:featuredmedia":[{"embeddable":true,"href":"https:\/\/www.heddata.se\/webbutik\/wp-json\/wp\/v2\/media\/2305"}],"wp:attachment":[{"href":"https:\/\/www.heddata.se\/webbutik\/wp-json\/wp\/v2\/media?parent=1921"}],"wp:term":[{"taxonomy":"product_brand","embeddable":true,"href":"https:\/\/www.heddata.se\/webbutik\/wp-json\/wp\/v2\/product_brand?post=1921"},{"taxonomy":"product_cat","embeddable":true,"href":"https:\/\/www.heddata.se\/webbutik\/wp-json\/wp\/v2\/product_cat?post=1921"},{"taxonomy":"product_tag","embeddable":true,"href":"https:\/\/www.heddata.se\/webbutik\/wp-json\/wp\/v2\/product_tag?post=1921"}],"curies":[{"name":"wp","href":"https:\/\/api.w.org\/{rel}","templated":true}]}}