{"id":1881,"date":"2019-09-16T10:36:21","date_gmt":"2019-09-16T08:36:21","guid":{"rendered":"https:\/\/www.heddata.se\/webbutik\/?post_type=product&#038;p=1881"},"modified":"2026-04-07T10:40:19","modified_gmt":"2026-04-07T08:40:19","slug":"caterpillar-b30-dual-sim","status":"publish","type":"product","link":"https:\/\/www.heddata.se\/webbutik\/produkt\/caterpillar-b30-dual-sim\/","title":{"rendered":"CATERPILLAR B30 DUAL SIM"},"content":{"rendered":"<p><strong>Caterpillar B30 Dual SIM<\/strong><\/p>\n<p><strong>Produktinformation<\/strong><br \/>\nCaterpillar \u00e4r IP67-certifierad, en industristandard vilket inneb\u00e4r att enheten \u00e4r damm- och vattent\u00e4t ( den klarar att vara neds\u00e4nkt i upp till en meters djup i upp till 30 minuter). Den \u00e4r dessutom slagt\u00e5lig och kan klara ett fall fr\u00e5n 1,8 meter. B30 \u00e4r full med bra funktioner som 3G anslutning, 2&#8243; sk\u00e4rm, 2 megapixelkamera som \u00e4ven kan spela in video, plats f\u00f6r minneskort (Micro-SD), inbyggd ficklampa, h\u00f6gtalartelefon och FM-radio. Med dubbla SIM-kort \u00e4r det \u00e4ven enkelt att separera jobb och fritid. Med en enkel knapptryckning kan du smidigt byta mellan de tv\u00e5 SIM-korten<br \/>\nB30 \u00e4r byggd f\u00f6r att leverera maximal prestanda i alla l\u00e4gen.<\/p>\n<ul>\n<li>N\u00e4t 2G 900\/1800MHz &amp; 3G 900\/2100MHz<\/li>\n<li>2&#8243; QVGA<\/li>\n<li>Dual SIM (Kort 1 3G \/ Kort 2 2G), micro-SIM kort<\/li>\n<li>2 MP kamera<\/li>\n<li>Ficklampa<\/li>\n<li>Minneskortsplats microSD upp till 32GB<\/li>\n<li>1000 mAh batteri<\/li>\n<li>Taltid 9,5 timmar<\/li>\n<li>Passningstid 10 dagar<\/li>\n<li>IP67 klassad<\/li>\n<\/ul>\n","protected":false},"excerpt":{"rendered":"<p>Caterpillar B30 dual-SIM \u00e4r en t\u00e5lig telefon som \u00e4r byggd f\u00f6r att leverera maximal prestanda i alla l\u00e4gen.<\/p>\n","protected":false},"featured_media":2343,"template":"","meta":[],"product_brand":[],"product_cat":[6010,106,103,63],"product_tag":[209,208,207],"class_list":{"0":"post-1881","1":"product","2":"type-product","3":"status-publish","4":"has-post-thumbnail","6":"product_cat-mobiltelefon-knapp","7":"product_cat-mobiltelefoner","8":"product_cat-telefoner","9":"product_cat-telefoner-surfplattor","10":"product_tag-cat","11":"product_tag-caterpillar","12":"product_tag-mobiltelefoner","14":"first","15":"outofstock","16":"taxable","17":"shipping-taxable","18":"product-type-simple"},"yoast_head":"<!-- This site is optimized with the Yoast SEO Premium plugin v26.7 (Yoast SEO v26.7) - https:\/\/yoast.com\/wordpress\/plugins\/seo\/ -->\n<title>Caterpillar B30 Dual SIM. Maximal prestanda i alla l\u00e4gen<\/title>\n<meta name=\"description\" content=\"Caterpillar B30 \u00e4r IP67-certifierad, en industristandard vilket inneb\u00e4r att enheten \u00e4r damm- och vattent\u00e4t. Klarar av de flesta \u00e4ventyr eller hantverkarjobb\" \/>\n<meta name=\"robots\" content=\"index, follow, max-snippet:-1, max-image-preview:large, max-video-preview:-1\" \/>\n<link rel=\"canonical\" href=\"https:\/\/www.heddata.se\/webbutik\/produkt\/caterpillar-b30-dual-sim\/\" \/>\n<meta property=\"og:locale\" content=\"sv_SE\" \/>\n<meta property=\"og:type\" content=\"article\" \/>\n<meta property=\"og:title\" content=\"CATERPILLAR B30 DUAL SIM\" \/>\n<meta property=\"og:description\" content=\"Caterpillar B30 \u00e4r IP67-certifierad, en industristandard vilket inneb\u00e4r att enheten \u00e4r damm- och vattent\u00e4t. Klarar av de flesta \u00e4ventyr eller hantverkarjobb\" \/>\n<meta property=\"og:url\" content=\"https:\/\/www.heddata.se\/webbutik\/produkt\/caterpillar-b30-dual-sim\/\" \/>\n<meta property=\"og:site_name\" content=\"Datorer, Skrivare, F\u00e4rgpatroner, Mobiltelefoner\" \/>\n<meta property=\"article:modified_time\" content=\"2026-04-07T08:40:19+00:00\" \/>\n<meta property=\"og:image\" content=\"https:\/\/www.heddata.se\/webbutik\/wp-content\/uploads\/webbutik\/kategorier\/Telefontillbeh\u00f6r\/CATERPILLAR_B30_DUAL_SIM.jpg\" \/>\n\t<meta property=\"og:image:width\" content=\"960\" \/>\n\t<meta property=\"og:image:height\" content=\"720\" \/>\n\t<meta property=\"og:image:type\" content=\"image\/jpeg\" \/>\n<meta name=\"twitter:card\" content=\"summary_large_image\" \/>\n<meta name=\"twitter:label1\" content=\"Ber\u00e4knad l\u00e4stid\" \/>\n\t<meta name=\"twitter:data1\" content=\"1 minut\" \/>\n<script type=\"application\/ld+json\" class=\"yoast-schema-graph\">{\"@context\":\"https:\/\/schema.org\",\"@graph\":[{\"@type\":\"WebPage\",\"@id\":\"https:\/\/www.heddata.se\/webbutik\/produkt\/caterpillar-b30-dual-sim\/\",\"url\":\"https:\/\/www.heddata.se\/webbutik\/produkt\/caterpillar-b30-dual-sim\/\",\"name\":\"Caterpillar B30 Dual SIM. Maximal prestanda i alla l\u00e4gen\",\"isPartOf\":{\"@id\":\"https:\/\/www.heddata.se\/webbutik\/#website\"},\"primaryImageOfPage\":{\"@id\":\"https:\/\/www.heddata.se\/webbutik\/produkt\/caterpillar-b30-dual-sim\/#primaryimage\"},\"image\":{\"@id\":\"https:\/\/www.heddata.se\/webbutik\/produkt\/caterpillar-b30-dual-sim\/#primaryimage\"},\"thumbnailUrl\":\"https:\/\/www.heddata.se\/webbutik\/wp-content\/uploads\/webbutik\/kategorier\/Telefontillbeh\u00f6r\/CATERPILLAR_B30_DUAL_SIM.jpg\",\"datePublished\":\"2019-09-16T08:36:21+00:00\",\"dateModified\":\"2026-04-07T08:40:19+00:00\",\"description\":\"Caterpillar B30 \u00e4r IP67-certifierad, en industristandard vilket inneb\u00e4r att enheten \u00e4r damm- och vattent\u00e4t. Klarar av de flesta \u00e4ventyr eller hantverkarjobb\",\"breadcrumb\":{\"@id\":\"https:\/\/www.heddata.se\/webbutik\/produkt\/caterpillar-b30-dual-sim\/#breadcrumb\"},\"inLanguage\":\"sv-SE\",\"potentialAction\":[{\"@type\":\"ReadAction\",\"target\":[\"https:\/\/www.heddata.se\/webbutik\/produkt\/caterpillar-b30-dual-sim\/\"]}]},{\"@type\":\"ImageObject\",\"inLanguage\":\"sv-SE\",\"@id\":\"https:\/\/www.heddata.se\/webbutik\/produkt\/caterpillar-b30-dual-sim\/#primaryimage\",\"url\":\"https:\/\/www.heddata.se\/webbutik\/wp-content\/uploads\/webbutik\/kategorier\/Telefontillbeh\u00f6r\/CATERPILLAR_B30_DUAL_SIM.jpg\",\"contentUrl\":\"https:\/\/www.heddata.se\/webbutik\/wp-content\/uploads\/webbutik\/kategorier\/Telefontillbeh\u00f6r\/CATERPILLAR_B30_DUAL_SIM.jpg\",\"width\":960,\"height\":720,\"caption\":\"CATERPILLAR B30 DUAL SIM\"},{\"@type\":\"BreadcrumbList\",\"@id\":\"https:\/\/www.heddata.se\/webbutik\/produkt\/caterpillar-b30-dual-sim\/#breadcrumb\",\"itemListElement\":[{\"@type\":\"ListItem\",\"position\":1,\"name\":\"Hem\",\"item\":\"https:\/\/www.heddata.se\/webbutik\/\"},{\"@type\":\"ListItem\",\"position\":2,\"name\":\"Produkter\",\"item\":\"https:\/\/www.heddata.se\/webbutik\/shop\/\"},{\"@type\":\"ListItem\",\"position\":3,\"name\":\"CATERPILLAR B30 DUAL SIM\"}]},{\"@type\":\"WebSite\",\"@id\":\"https:\/\/www.heddata.se\/webbutik\/#website\",\"url\":\"https:\/\/www.heddata.se\/webbutik\/\",\"name\":\"Datorer, Skrivare, F\u00e4rgpatroner, Mobiltelefoner\",\"description\":\"Kablar\",\"publisher\":{\"@id\":\"https:\/\/www.heddata.se\/webbutik\/#organization\"},\"potentialAction\":[{\"@type\":\"SearchAction\",\"target\":{\"@type\":\"EntryPoint\",\"urlTemplate\":\"https:\/\/www.heddata.se\/webbutik\/?s={search_term_string}\"},\"query-input\":{\"@type\":\"PropertyValueSpecification\",\"valueRequired\":true,\"valueName\":\"search_term_string\"}}],\"inLanguage\":\"sv-SE\"},{\"@type\":\"Organization\",\"@id\":\"https:\/\/www.heddata.se\/webbutik\/#organization\",\"name\":\"Heddata AB\",\"url\":\"https:\/\/www.heddata.se\/webbutik\/\",\"logo\":{\"@type\":\"ImageObject\",\"inLanguage\":\"sv-SE\",\"@id\":\"https:\/\/www.heddata.se\/webbutik\/#\/schema\/logo\/image\/\",\"url\":\"https:\/\/www.heddata.se\/webbutik\/wp-content\/uploads\/logga\/heddata-ab-logga.png\",\"contentUrl\":\"https:\/\/www.heddata.se\/webbutik\/wp-content\/uploads\/logga\/heddata-ab-logga.png\",\"width\":200,\"height\":64,\"caption\":\"Heddata AB\"},\"image\":{\"@id\":\"https:\/\/www.heddata.se\/webbutik\/#\/schema\/logo\/image\/\"}}]}<\/script>\n<!-- \/ Yoast SEO Premium plugin. -->","yoast_head_json":{"title":"Caterpillar B30 Dual SIM. Maximal prestanda i alla l\u00e4gen","description":"Caterpillar B30 \u00e4r IP67-certifierad, en industristandard vilket inneb\u00e4r att enheten \u00e4r damm- och vattent\u00e4t. Klarar av de flesta \u00e4ventyr eller hantverkarjobb","robots":{"index":"index","follow":"follow","max-snippet":"max-snippet:-1","max-image-preview":"max-image-preview:large","max-video-preview":"max-video-preview:-1"},"canonical":"https:\/\/www.heddata.se\/webbutik\/produkt\/caterpillar-b30-dual-sim\/","og_locale":"sv_SE","og_type":"article","og_title":"CATERPILLAR B30 DUAL SIM","og_description":"Caterpillar B30 \u00e4r IP67-certifierad, en industristandard vilket inneb\u00e4r att enheten \u00e4r damm- och vattent\u00e4t. Klarar av de flesta \u00e4ventyr eller hantverkarjobb","og_url":"https:\/\/www.heddata.se\/webbutik\/produkt\/caterpillar-b30-dual-sim\/","og_site_name":"Datorer, Skrivare, F\u00e4rgpatroner, Mobiltelefoner","article_modified_time":"2026-04-07T08:40:19+00:00","og_image":[{"width":960,"height":720,"url":"https:\/\/www.heddata.se\/webbutik\/wp-content\/uploads\/webbutik\/kategorier\/Telefontillbeh\u00f6r\/CATERPILLAR_B30_DUAL_SIM.jpg","type":"image\/jpeg"}],"twitter_card":"summary_large_image","twitter_misc":{"Ber\u00e4knad l\u00e4stid":"1 minut"},"schema":{"@context":"https:\/\/schema.org","@graph":[{"@type":"WebPage","@id":"https:\/\/www.heddata.se\/webbutik\/produkt\/caterpillar-b30-dual-sim\/","url":"https:\/\/www.heddata.se\/webbutik\/produkt\/caterpillar-b30-dual-sim\/","name":"Caterpillar B30 Dual SIM. Maximal prestanda i alla l\u00e4gen","isPartOf":{"@id":"https:\/\/www.heddata.se\/webbutik\/#website"},"primaryImageOfPage":{"@id":"https:\/\/www.heddata.se\/webbutik\/produkt\/caterpillar-b30-dual-sim\/#primaryimage"},"image":{"@id":"https:\/\/www.heddata.se\/webbutik\/produkt\/caterpillar-b30-dual-sim\/#primaryimage"},"thumbnailUrl":"https:\/\/www.heddata.se\/webbutik\/wp-content\/uploads\/webbutik\/kategorier\/Telefontillbeh\u00f6r\/CATERPILLAR_B30_DUAL_SIM.jpg","datePublished":"2019-09-16T08:36:21+00:00","dateModified":"2026-04-07T08:40:19+00:00","description":"Caterpillar B30 \u00e4r IP67-certifierad, en industristandard vilket inneb\u00e4r att enheten \u00e4r damm- och vattent\u00e4t. Klarar av de flesta \u00e4ventyr eller hantverkarjobb","breadcrumb":{"@id":"https:\/\/www.heddata.se\/webbutik\/produkt\/caterpillar-b30-dual-sim\/#breadcrumb"},"inLanguage":"sv-SE","potentialAction":[{"@type":"ReadAction","target":["https:\/\/www.heddata.se\/webbutik\/produkt\/caterpillar-b30-dual-sim\/"]}]},{"@type":"ImageObject","inLanguage":"sv-SE","@id":"https:\/\/www.heddata.se\/webbutik\/produkt\/caterpillar-b30-dual-sim\/#primaryimage","url":"https:\/\/www.heddata.se\/webbutik\/wp-content\/uploads\/webbutik\/kategorier\/Telefontillbeh\u00f6r\/CATERPILLAR_B30_DUAL_SIM.jpg","contentUrl":"https:\/\/www.heddata.se\/webbutik\/wp-content\/uploads\/webbutik\/kategorier\/Telefontillbeh\u00f6r\/CATERPILLAR_B30_DUAL_SIM.jpg","width":960,"height":720,"caption":"CATERPILLAR B30 DUAL SIM"},{"@type":"BreadcrumbList","@id":"https:\/\/www.heddata.se\/webbutik\/produkt\/caterpillar-b30-dual-sim\/#breadcrumb","itemListElement":[{"@type":"ListItem","position":1,"name":"Hem","item":"https:\/\/www.heddata.se\/webbutik\/"},{"@type":"ListItem","position":2,"name":"Produkter","item":"https:\/\/www.heddata.se\/webbutik\/shop\/"},{"@type":"ListItem","position":3,"name":"CATERPILLAR B30 DUAL SIM"}]},{"@type":"WebSite","@id":"https:\/\/www.heddata.se\/webbutik\/#website","url":"https:\/\/www.heddata.se\/webbutik\/","name":"Datorer, Skrivare, F\u00e4rgpatroner, Mobiltelefoner","description":"Kablar","publisher":{"@id":"https:\/\/www.heddata.se\/webbutik\/#organization"},"potentialAction":[{"@type":"SearchAction","target":{"@type":"EntryPoint","urlTemplate":"https:\/\/www.heddata.se\/webbutik\/?s={search_term_string}"},"query-input":{"@type":"PropertyValueSpecification","valueRequired":true,"valueName":"search_term_string"}}],"inLanguage":"sv-SE"},{"@type":"Organization","@id":"https:\/\/www.heddata.se\/webbutik\/#organization","name":"Heddata AB","url":"https:\/\/www.heddata.se\/webbutik\/","logo":{"@type":"ImageObject","inLanguage":"sv-SE","@id":"https:\/\/www.heddata.se\/webbutik\/#\/schema\/logo\/image\/","url":"https:\/\/www.heddata.se\/webbutik\/wp-content\/uploads\/logga\/heddata-ab-logga.png","contentUrl":"https:\/\/www.heddata.se\/webbutik\/wp-content\/uploads\/logga\/heddata-ab-logga.png","width":200,"height":64,"caption":"Heddata AB"},"image":{"@id":"https:\/\/www.heddata.se\/webbutik\/#\/schema\/logo\/image\/"}}]}},"_links":{"self":[{"href":"https:\/\/www.heddata.se\/webbutik\/wp-json\/wp\/v2\/product\/1881","targetHints":{"allow":["GET"]}}],"collection":[{"href":"https:\/\/www.heddata.se\/webbutik\/wp-json\/wp\/v2\/product"}],"about":[{"href":"https:\/\/www.heddata.se\/webbutik\/wp-json\/wp\/v2\/types\/product"}],"wp:featuredmedia":[{"embeddable":true,"href":"https:\/\/www.heddata.se\/webbutik\/wp-json\/wp\/v2\/media\/2343"}],"wp:attachment":[{"href":"https:\/\/www.heddata.se\/webbutik\/wp-json\/wp\/v2\/media?parent=1881"}],"wp:term":[{"taxonomy":"product_brand","embeddable":true,"href":"https:\/\/www.heddata.se\/webbutik\/wp-json\/wp\/v2\/product_brand?post=1881"},{"taxonomy":"product_cat","embeddable":true,"href":"https:\/\/www.heddata.se\/webbutik\/wp-json\/wp\/v2\/product_cat?post=1881"},{"taxonomy":"product_tag","embeddable":true,"href":"https:\/\/www.heddata.se\/webbutik\/wp-json\/wp\/v2\/product_tag?post=1881"}],"curies":[{"name":"wp","href":"https:\/\/api.w.org\/{rel}","templated":true}]}}