{"id":15268,"date":"2019-12-17T11:42:14","date_gmt":"2019-12-17T10:42:14","guid":{"rendered":"https:\/\/www.heddata.se\/webbutik\/?post_type=product&#038;p=15268"},"modified":"2026-04-03T18:19:11","modified_gmt":"2026-04-03T16:19:11","slug":"hp-elitedesk-800-g1","status":"publish","type":"product","link":"https:\/\/www.heddata.se\/webbutik\/produkt\/hp-elitedesk-800-g1\/","title":{"rendered":"Begagnad | HP EliteDesk 800 G1 | Station\u00e4r dator med SSD-disk"},"content":{"rendered":"<p>HP EliteDesk 800 G1.\u00a0<a href=\"https:\/\/www.heddata.se\/webbutik\/datorer\/\">Datorn<\/a>\u00a0\u00e4r begagnad. Den \u00e4r rengjord och har genomg\u00e5tts av oss p\u00e5 HedData. Windows 10 har installerats.<\/p>\n<ul>\n<li>Intel Core i5 -4570S<\/li>\n<li>8GB RAM<\/li>\n<li>SSD 256 GB 2.5&#8243; SATA-600<\/li>\n<li>Windows 10 Pro<\/li>\n<li>9x USB<\/li>\n<li>VGA, Displayport<\/li>\n<li>DVD<\/li>\n<li>Tillverkare: <a href=\"https:\/\/www8.hp.com\/se\/sv\/home.html\" target=\"_blank\" rel=\"noopener noreferrer\">HP<\/a><\/li>\n<\/ul>\n","protected":false},"excerpt":{"rendered":"<p>HP EliteDesk 800 G1.\u00a0<a href=\"https:\/\/www.heddata.se\/webbutik\/datorer\/\">Datorn<\/a>\u00a0\u00e4r begagnad. Den \u00e4r rengjord och har genomg\u00e5tts av oss p\u00e5 HedData. Windows 10 har installerats.<\/p>\n","protected":false},"featured_media":15285,"template":"","meta":[],"product_brand":[],"product_cat":[112,65,5368],"product_tag":[2972],"class_list":{"0":"post-15268","1":"product","2":"type-product","3":"status-publish","4":"has-post-thumbnail","6":"product_cat-datorer","7":"product_cat-datorer-tillbehor","8":"product_cat-stationara-datorer","9":"product_tag-stationar-dator","11":"first","12":"outofstock","13":"taxable","14":"shipping-taxable","15":"product-type-simple"},"yoast_head":"<!-- This site is optimized with the Yoast SEO Premium plugin v26.7 (Yoast SEO v26.7) - https:\/\/yoast.com\/wordpress\/plugins\/seo\/ -->\n<title>HP EliteDesk 800 G1 | Begagnad | Station\u00e4r dator med SSD-disk<\/title>\n<meta name=\"description\" content=\"HP EliteDesk 800 G1.\u00a0Datorn\u00a0\u00e4r begagnad. Den \u00e4r rengjord och har genomg\u00e5tts av oss p\u00e5 HedData. Windows 10 har installerats.\" \/>\n<meta name=\"robots\" content=\"index, follow, max-snippet:-1, max-image-preview:large, max-video-preview:-1\" \/>\n<link rel=\"canonical\" href=\"https:\/\/www.heddata.se\/webbutik\/produkt\/hp-elitedesk-800-g1\/\" \/>\n<meta property=\"og:locale\" content=\"sv_SE\" \/>\n<meta property=\"og:type\" content=\"article\" \/>\n<meta property=\"og:title\" content=\"Begagnad | HP EliteDesk 800 G1 | Station\u00e4r dator med SSD-disk\" \/>\n<meta property=\"og:description\" content=\"HP EliteDesk 800 G1.\u00a0Datorn\u00a0\u00e4r begagnad. Den \u00e4r rengjord och har genomg\u00e5tts av oss p\u00e5 HedData. Windows 10 har installerats.\" \/>\n<meta property=\"og:url\" content=\"https:\/\/www.heddata.se\/webbutik\/produkt\/hp-elitedesk-800-g1\/\" \/>\n<meta property=\"og:site_name\" content=\"Datorer, Skrivare, F\u00e4rgpatroner, Mobiltelefoner\" \/>\n<meta property=\"article:modified_time\" content=\"2026-04-03T16:19:11+00:00\" \/>\n<meta property=\"og:image\" content=\"https:\/\/www.heddata.se\/webbutik\/wp-content\/uploads\/webbutik\/kategorier\/Datorer\/HP-EliteDesk-800-G1-SSD-256.jpg\" \/>\n\t<meta property=\"og:image:width\" content=\"1000\" \/>\n\t<meta property=\"og:image:height\" content=\"1000\" \/>\n\t<meta property=\"og:image:type\" content=\"image\/jpeg\" \/>\n<meta name=\"twitter:card\" content=\"summary_large_image\" \/>\n<script type=\"application\/ld+json\" class=\"yoast-schema-graph\">{\"@context\":\"https:\/\/schema.org\",\"@graph\":[{\"@type\":\"WebPage\",\"@id\":\"https:\/\/www.heddata.se\/webbutik\/produkt\/hp-elitedesk-800-g1\/\",\"url\":\"https:\/\/www.heddata.se\/webbutik\/produkt\/hp-elitedesk-800-g1\/\",\"name\":\"HP EliteDesk 800 G1 | Begagnad | Station\u00e4r dator med SSD-disk\",\"isPartOf\":{\"@id\":\"https:\/\/www.heddata.se\/webbutik\/#website\"},\"primaryImageOfPage\":{\"@id\":\"https:\/\/www.heddata.se\/webbutik\/produkt\/hp-elitedesk-800-g1\/#primaryimage\"},\"image\":{\"@id\":\"https:\/\/www.heddata.se\/webbutik\/produkt\/hp-elitedesk-800-g1\/#primaryimage\"},\"thumbnailUrl\":\"https:\/\/www.heddata.se\/webbutik\/wp-content\/uploads\/webbutik\/kategorier\/Datorer\/HP-EliteDesk-800-G1-SSD-256.jpg\",\"datePublished\":\"2019-12-17T10:42:14+00:00\",\"dateModified\":\"2026-04-03T16:19:11+00:00\",\"description\":\"HP EliteDesk 800 G1.\u00a0Datorn\u00a0\u00e4r begagnad. Den \u00e4r rengjord och har genomg\u00e5tts av oss p\u00e5 HedData. Windows 10 har installerats.\",\"breadcrumb\":{\"@id\":\"https:\/\/www.heddata.se\/webbutik\/produkt\/hp-elitedesk-800-g1\/#breadcrumb\"},\"inLanguage\":\"sv-SE\",\"potentialAction\":[{\"@type\":\"ReadAction\",\"target\":[\"https:\/\/www.heddata.se\/webbutik\/produkt\/hp-elitedesk-800-g1\/\"]}]},{\"@type\":\"ImageObject\",\"inLanguage\":\"sv-SE\",\"@id\":\"https:\/\/www.heddata.se\/webbutik\/produkt\/hp-elitedesk-800-g1\/#primaryimage\",\"url\":\"https:\/\/www.heddata.se\/webbutik\/wp-content\/uploads\/webbutik\/kategorier\/Datorer\/HP-EliteDesk-800-G1-SSD-256.jpg\",\"contentUrl\":\"https:\/\/www.heddata.se\/webbutik\/wp-content\/uploads\/webbutik\/kategorier\/Datorer\/HP-EliteDesk-800-G1-SSD-256.jpg\",\"width\":1000,\"height\":1000,\"caption\":\"HP EliteDesk 800 G1 | Begagnad | Station\u00e4r dator med SSD-disk\"},{\"@type\":\"BreadcrumbList\",\"@id\":\"https:\/\/www.heddata.se\/webbutik\/produkt\/hp-elitedesk-800-g1\/#breadcrumb\",\"itemListElement\":[{\"@type\":\"ListItem\",\"position\":1,\"name\":\"Hem\",\"item\":\"https:\/\/www.heddata.se\/webbutik\/\"},{\"@type\":\"ListItem\",\"position\":2,\"name\":\"Produkter\",\"item\":\"https:\/\/www.heddata.se\/webbutik\/shop\/\"},{\"@type\":\"ListItem\",\"position\":3,\"name\":\"Begagnad | HP EliteDesk 800 G1 | Station\u00e4r dator med SSD-disk\"}]},{\"@type\":\"WebSite\",\"@id\":\"https:\/\/www.heddata.se\/webbutik\/#website\",\"url\":\"https:\/\/www.heddata.se\/webbutik\/\",\"name\":\"Datorer, Skrivare, F\u00e4rgpatroner, Mobiltelefoner\",\"description\":\"Kablar\",\"publisher\":{\"@id\":\"https:\/\/www.heddata.se\/webbutik\/#organization\"},\"potentialAction\":[{\"@type\":\"SearchAction\",\"target\":{\"@type\":\"EntryPoint\",\"urlTemplate\":\"https:\/\/www.heddata.se\/webbutik\/?s={search_term_string}\"},\"query-input\":{\"@type\":\"PropertyValueSpecification\",\"valueRequired\":true,\"valueName\":\"search_term_string\"}}],\"inLanguage\":\"sv-SE\"},{\"@type\":\"Organization\",\"@id\":\"https:\/\/www.heddata.se\/webbutik\/#organization\",\"name\":\"Heddata AB\",\"url\":\"https:\/\/www.heddata.se\/webbutik\/\",\"logo\":{\"@type\":\"ImageObject\",\"inLanguage\":\"sv-SE\",\"@id\":\"https:\/\/www.heddata.se\/webbutik\/#\/schema\/logo\/image\/\",\"url\":\"https:\/\/www.heddata.se\/webbutik\/wp-content\/uploads\/logga\/heddata-ab-logga.png\",\"contentUrl\":\"https:\/\/www.heddata.se\/webbutik\/wp-content\/uploads\/logga\/heddata-ab-logga.png\",\"width\":200,\"height\":64,\"caption\":\"Heddata AB\"},\"image\":{\"@id\":\"https:\/\/www.heddata.se\/webbutik\/#\/schema\/logo\/image\/\"}}]}<\/script>\n<!-- \/ Yoast SEO Premium plugin. -->","yoast_head_json":{"title":"HP EliteDesk 800 G1 | Begagnad | Station\u00e4r dator med SSD-disk","description":"HP EliteDesk 800 G1.\u00a0Datorn\u00a0\u00e4r begagnad. Den \u00e4r rengjord och har genomg\u00e5tts av oss p\u00e5 HedData. Windows 10 har installerats.","robots":{"index":"index","follow":"follow","max-snippet":"max-snippet:-1","max-image-preview":"max-image-preview:large","max-video-preview":"max-video-preview:-1"},"canonical":"https:\/\/www.heddata.se\/webbutik\/produkt\/hp-elitedesk-800-g1\/","og_locale":"sv_SE","og_type":"article","og_title":"Begagnad | HP EliteDesk 800 G1 | Station\u00e4r dator med SSD-disk","og_description":"HP EliteDesk 800 G1.\u00a0Datorn\u00a0\u00e4r begagnad. Den \u00e4r rengjord och har genomg\u00e5tts av oss p\u00e5 HedData. Windows 10 har installerats.","og_url":"https:\/\/www.heddata.se\/webbutik\/produkt\/hp-elitedesk-800-g1\/","og_site_name":"Datorer, Skrivare, F\u00e4rgpatroner, Mobiltelefoner","article_modified_time":"2026-04-03T16:19:11+00:00","og_image":[{"width":1000,"height":1000,"url":"https:\/\/www.heddata.se\/webbutik\/wp-content\/uploads\/webbutik\/kategorier\/Datorer\/HP-EliteDesk-800-G1-SSD-256.jpg","type":"image\/jpeg"}],"twitter_card":"summary_large_image","schema":{"@context":"https:\/\/schema.org","@graph":[{"@type":"WebPage","@id":"https:\/\/www.heddata.se\/webbutik\/produkt\/hp-elitedesk-800-g1\/","url":"https:\/\/www.heddata.se\/webbutik\/produkt\/hp-elitedesk-800-g1\/","name":"HP EliteDesk 800 G1 | Begagnad | Station\u00e4r dator med SSD-disk","isPartOf":{"@id":"https:\/\/www.heddata.se\/webbutik\/#website"},"primaryImageOfPage":{"@id":"https:\/\/www.heddata.se\/webbutik\/produkt\/hp-elitedesk-800-g1\/#primaryimage"},"image":{"@id":"https:\/\/www.heddata.se\/webbutik\/produkt\/hp-elitedesk-800-g1\/#primaryimage"},"thumbnailUrl":"https:\/\/www.heddata.se\/webbutik\/wp-content\/uploads\/webbutik\/kategorier\/Datorer\/HP-EliteDesk-800-G1-SSD-256.jpg","datePublished":"2019-12-17T10:42:14+00:00","dateModified":"2026-04-03T16:19:11+00:00","description":"HP EliteDesk 800 G1.\u00a0Datorn\u00a0\u00e4r begagnad. Den \u00e4r rengjord och har genomg\u00e5tts av oss p\u00e5 HedData. Windows 10 har installerats.","breadcrumb":{"@id":"https:\/\/www.heddata.se\/webbutik\/produkt\/hp-elitedesk-800-g1\/#breadcrumb"},"inLanguage":"sv-SE","potentialAction":[{"@type":"ReadAction","target":["https:\/\/www.heddata.se\/webbutik\/produkt\/hp-elitedesk-800-g1\/"]}]},{"@type":"ImageObject","inLanguage":"sv-SE","@id":"https:\/\/www.heddata.se\/webbutik\/produkt\/hp-elitedesk-800-g1\/#primaryimage","url":"https:\/\/www.heddata.se\/webbutik\/wp-content\/uploads\/webbutik\/kategorier\/Datorer\/HP-EliteDesk-800-G1-SSD-256.jpg","contentUrl":"https:\/\/www.heddata.se\/webbutik\/wp-content\/uploads\/webbutik\/kategorier\/Datorer\/HP-EliteDesk-800-G1-SSD-256.jpg","width":1000,"height":1000,"caption":"HP EliteDesk 800 G1 | Begagnad | Station\u00e4r dator med SSD-disk"},{"@type":"BreadcrumbList","@id":"https:\/\/www.heddata.se\/webbutik\/produkt\/hp-elitedesk-800-g1\/#breadcrumb","itemListElement":[{"@type":"ListItem","position":1,"name":"Hem","item":"https:\/\/www.heddata.se\/webbutik\/"},{"@type":"ListItem","position":2,"name":"Produkter","item":"https:\/\/www.heddata.se\/webbutik\/shop\/"},{"@type":"ListItem","position":3,"name":"Begagnad | HP EliteDesk 800 G1 | Station\u00e4r dator med SSD-disk"}]},{"@type":"WebSite","@id":"https:\/\/www.heddata.se\/webbutik\/#website","url":"https:\/\/www.heddata.se\/webbutik\/","name":"Datorer, Skrivare, F\u00e4rgpatroner, Mobiltelefoner","description":"Kablar","publisher":{"@id":"https:\/\/www.heddata.se\/webbutik\/#organization"},"potentialAction":[{"@type":"SearchAction","target":{"@type":"EntryPoint","urlTemplate":"https:\/\/www.heddata.se\/webbutik\/?s={search_term_string}"},"query-input":{"@type":"PropertyValueSpecification","valueRequired":true,"valueName":"search_term_string"}}],"inLanguage":"sv-SE"},{"@type":"Organization","@id":"https:\/\/www.heddata.se\/webbutik\/#organization","name":"Heddata AB","url":"https:\/\/www.heddata.se\/webbutik\/","logo":{"@type":"ImageObject","inLanguage":"sv-SE","@id":"https:\/\/www.heddata.se\/webbutik\/#\/schema\/logo\/image\/","url":"https:\/\/www.heddata.se\/webbutik\/wp-content\/uploads\/logga\/heddata-ab-logga.png","contentUrl":"https:\/\/www.heddata.se\/webbutik\/wp-content\/uploads\/logga\/heddata-ab-logga.png","width":200,"height":64,"caption":"Heddata AB"},"image":{"@id":"https:\/\/www.heddata.se\/webbutik\/#\/schema\/logo\/image\/"}}]}},"_links":{"self":[{"href":"https:\/\/www.heddata.se\/webbutik\/wp-json\/wp\/v2\/product\/15268","targetHints":{"allow":["GET"]}}],"collection":[{"href":"https:\/\/www.heddata.se\/webbutik\/wp-json\/wp\/v2\/product"}],"about":[{"href":"https:\/\/www.heddata.se\/webbutik\/wp-json\/wp\/v2\/types\/product"}],"wp:featuredmedia":[{"embeddable":true,"href":"https:\/\/www.heddata.se\/webbutik\/wp-json\/wp\/v2\/media\/15285"}],"wp:attachment":[{"href":"https:\/\/www.heddata.se\/webbutik\/wp-json\/wp\/v2\/media?parent=15268"}],"wp:term":[{"taxonomy":"product_brand","embeddable":true,"href":"https:\/\/www.heddata.se\/webbutik\/wp-json\/wp\/v2\/product_brand?post=15268"},{"taxonomy":"product_cat","embeddable":true,"href":"https:\/\/www.heddata.se\/webbutik\/wp-json\/wp\/v2\/product_cat?post=15268"},{"taxonomy":"product_tag","embeddable":true,"href":"https:\/\/www.heddata.se\/webbutik\/wp-json\/wp\/v2\/product_tag?post=15268"}],"curies":[{"name":"wp","href":"https:\/\/api.w.org\/{rel}","templated":true}]}}