{"id":12547,"date":"2019-12-09T11:04:41","date_gmt":"2019-12-09T10:04:41","guid":{"rendered":"https:\/\/www.heddata.se\/webbutik\/?post_type=product&#038;p=12547"},"modified":"2026-04-03T18:41:13","modified_gmt":"2026-04-03T16:41:13","slug":"targus-geolite-backpack-15-6-tsb96001gl","status":"publish","type":"product","link":"https:\/\/www.heddata.se\/webbutik\/produkt\/targus-geolite-backpack-15-6-tsb96001gl\/","title":{"rendered":"Targus Geolite Backpack 15.6&#8221; | TSB96001GL"},"content":{"rendered":"<p>Targus Geolite Backpack 15.6&#8243;. Ryggs\u00e4ck fr\u00e5n <a href=\"https:\/\/uk.targus.com\/\" target=\"_blank\" rel=\"noopener noreferrer\">Targus<\/a> f\u00f6r b\u00e4rbar <a href=\"https:\/\/www.heddata.se\/webbutik\/datorer-tillbehor\/datorer\/\">dator<\/a>, 15.6&#8243;, svart.<\/p>\n<p>Priserbjudande g\u00e4ller vid k\u00f6p av dator.<\/p>\n<div><b>Beskrivning:<\/b><br \/>\n<b>Geolite Essential Backpack 15.6\u201d<\/b>&#8211; Clean design for city commuter<br \/>\n&#8211; Ample space for convenient storage<br \/>\n&#8211; Padded back panel for support and comfort<br \/>\n&#8211; Adjustable and ergonomic padded shoulder straps<br \/>\n&#8211; Easy access front zippered pocket<br \/>\n&#8211; Lightweight, weather-resistant materials<br \/>\n&#8211; Limited lifetime warrantyFor modern professionals and mobile trendsetters, the new Geolite range blends protection, comfort and affordability, all in one. A durable mix of material and style offers ample storage capacity in compact, sophisticated designs.\u00a0With convenient top access, padded laptop compartment and streamlined storage, the Geolite Essential Backpack offers everyday protection for laptops up to 15.6\u201d. Your laptop will stay protected in a padded, suspended compartment, allowing plenty of room for your other belongings. With the comfort of adjustable shoulder straps and the security of a front zippered pocket, this backpack is ideal for business travel and everyday commute.<\/div>\n<div>\n<p><b>Specifikationer:<\/b><\/p>\n<table border=\"0\" cellspacing=\"0\" cellpadding=\"0\">\n<tbody>\n<tr>\n<td>Maximum screen size compatibility<\/td>\n<td>15.6&#8243;<\/td>\n<\/tr>\n<tr>\n<td>Case type<\/td>\n<td>Backpack<\/td>\n<\/tr>\n<\/tbody>\n<\/table>\n<\/div>\n","protected":false},"excerpt":{"rendered":"<p>Targus Geolite Backpack 15.6&#8243;<\/p>\n","protected":false},"featured_media":12997,"template":"","meta":[],"product_brand":[],"product_cat":[65,3366],"product_tag":[],"class_list":{"0":"post-12547","1":"product","2":"type-product","3":"status-publish","4":"has-post-thumbnail","6":"product_cat-datorer-tillbehor","7":"product_cat-ovrigt-datortillbehor","9":"first","10":"outofstock","11":"taxable","12":"shipping-taxable","13":"product-type-simple"},"yoast_head":"<!-- This site is optimized with the Yoast SEO Premium plugin v26.7 (Yoast SEO v26.7) - https:\/\/yoast.com\/wordpress\/plugins\/seo\/ -->\n<title>Targus Geolite Backpack 15.6&quot; | TSB96001GL ryggs\u00e4ck f\u00f6r din dator m.m.<\/title>\n<meta name=\"description\" content=\"Targus Geolite Backpack 15.6&quot;. Ryggs\u00e4ck fr\u00e5n Targus f\u00f6r b\u00e4rbar dator, 15.6&quot;, svart. For modern professionals and mobile trendsetters\" \/>\n<meta name=\"robots\" content=\"index, follow, max-snippet:-1, max-image-preview:large, max-video-preview:-1\" \/>\n<link rel=\"canonical\" href=\"https:\/\/www.heddata.se\/webbutik\/produkt\/targus-geolite-backpack-15-6-tsb96001gl\/\" \/>\n<meta property=\"og:locale\" content=\"sv_SE\" \/>\n<meta property=\"og:type\" content=\"article\" \/>\n<meta property=\"og:title\" content=\"Targus Geolite Backpack 15.6&#039;&#039; | TSB96001GL\" \/>\n<meta property=\"og:description\" content=\"Targus Geolite Backpack 15.6&quot;. Ryggs\u00e4ck fr\u00e5n Targus f\u00f6r b\u00e4rbar dator, 15.6&quot;, svart. For modern professionals and mobile trendsetters\" \/>\n<meta property=\"og:url\" content=\"https:\/\/www.heddata.se\/webbutik\/produkt\/targus-geolite-backpack-15-6-tsb96001gl\/\" \/>\n<meta property=\"og:site_name\" content=\"Datorer, Skrivare, F\u00e4rgpatroner, Mobiltelefoner\" \/>\n<meta property=\"article:modified_time\" content=\"2026-04-03T16:41:13+00:00\" \/>\n<meta property=\"og:image\" content=\"https:\/\/www.heddata.se\/webbutik\/wp-content\/uploads\/webbutik\/kategorier\/Datorer\/Targus-Geolite-Backpack-15.6-TSB96001GL.jpg\" \/>\n\t<meta property=\"og:image:width\" content=\"466\" \/>\n\t<meta property=\"og:image:height\" content=\"466\" \/>\n\t<meta property=\"og:image:type\" content=\"image\/jpeg\" \/>\n<meta name=\"twitter:card\" content=\"summary_large_image\" \/>\n<meta name=\"twitter:label1\" content=\"Ber\u00e4knad l\u00e4stid\" \/>\n\t<meta name=\"twitter:data1\" content=\"1 minut\" \/>\n<script type=\"application\/ld+json\" class=\"yoast-schema-graph\">{\"@context\":\"https:\/\/schema.org\",\"@graph\":[{\"@type\":\"WebPage\",\"@id\":\"https:\/\/www.heddata.se\/webbutik\/produkt\/targus-geolite-backpack-15-6-tsb96001gl\/\",\"url\":\"https:\/\/www.heddata.se\/webbutik\/produkt\/targus-geolite-backpack-15-6-tsb96001gl\/\",\"name\":\"Targus Geolite Backpack 15.6\\\" | TSB96001GL ryggs\u00e4ck f\u00f6r din dator m.m.\",\"isPartOf\":{\"@id\":\"https:\/\/www.heddata.se\/webbutik\/#website\"},\"primaryImageOfPage\":{\"@id\":\"https:\/\/www.heddata.se\/webbutik\/produkt\/targus-geolite-backpack-15-6-tsb96001gl\/#primaryimage\"},\"image\":{\"@id\":\"https:\/\/www.heddata.se\/webbutik\/produkt\/targus-geolite-backpack-15-6-tsb96001gl\/#primaryimage\"},\"thumbnailUrl\":\"https:\/\/www.heddata.se\/webbutik\/wp-content\/uploads\/webbutik\/kategorier\/Datorer\/Targus-Geolite-Backpack-15.6-TSB96001GL.jpg\",\"datePublished\":\"2019-12-09T10:04:41+00:00\",\"dateModified\":\"2026-04-03T16:41:13+00:00\",\"description\":\"Targus Geolite Backpack 15.6\\\". Ryggs\u00e4ck fr\u00e5n Targus f\u00f6r b\u00e4rbar dator, 15.6\\\", svart. For modern professionals and mobile trendsetters\",\"breadcrumb\":{\"@id\":\"https:\/\/www.heddata.se\/webbutik\/produkt\/targus-geolite-backpack-15-6-tsb96001gl\/#breadcrumb\"},\"inLanguage\":\"sv-SE\",\"potentialAction\":[{\"@type\":\"ReadAction\",\"target\":[\"https:\/\/www.heddata.se\/webbutik\/produkt\/targus-geolite-backpack-15-6-tsb96001gl\/\"]}]},{\"@type\":\"ImageObject\",\"inLanguage\":\"sv-SE\",\"@id\":\"https:\/\/www.heddata.se\/webbutik\/produkt\/targus-geolite-backpack-15-6-tsb96001gl\/#primaryimage\",\"url\":\"https:\/\/www.heddata.se\/webbutik\/wp-content\/uploads\/webbutik\/kategorier\/Datorer\/Targus-Geolite-Backpack-15.6-TSB96001GL.jpg\",\"contentUrl\":\"https:\/\/www.heddata.se\/webbutik\/wp-content\/uploads\/webbutik\/kategorier\/Datorer\/Targus-Geolite-Backpack-15.6-TSB96001GL.jpg\",\"width\":466,\"height\":466,\"caption\":\"Targus Geolite Backpack 15.6'' | TSB96001GL\"},{\"@type\":\"BreadcrumbList\",\"@id\":\"https:\/\/www.heddata.se\/webbutik\/produkt\/targus-geolite-backpack-15-6-tsb96001gl\/#breadcrumb\",\"itemListElement\":[{\"@type\":\"ListItem\",\"position\":1,\"name\":\"Hem\",\"item\":\"https:\/\/www.heddata.se\/webbutik\/\"},{\"@type\":\"ListItem\",\"position\":2,\"name\":\"Produkter\",\"item\":\"https:\/\/www.heddata.se\/webbutik\/shop\/\"},{\"@type\":\"ListItem\",\"position\":3,\"name\":\"Targus Geolite Backpack 15.6&#8221; | TSB96001GL\"}]},{\"@type\":\"WebSite\",\"@id\":\"https:\/\/www.heddata.se\/webbutik\/#website\",\"url\":\"https:\/\/www.heddata.se\/webbutik\/\",\"name\":\"Datorer, Skrivare, F\u00e4rgpatroner, Mobiltelefoner\",\"description\":\"Kablar\",\"publisher\":{\"@id\":\"https:\/\/www.heddata.se\/webbutik\/#organization\"},\"potentialAction\":[{\"@type\":\"SearchAction\",\"target\":{\"@type\":\"EntryPoint\",\"urlTemplate\":\"https:\/\/www.heddata.se\/webbutik\/?s={search_term_string}\"},\"query-input\":{\"@type\":\"PropertyValueSpecification\",\"valueRequired\":true,\"valueName\":\"search_term_string\"}}],\"inLanguage\":\"sv-SE\"},{\"@type\":\"Organization\",\"@id\":\"https:\/\/www.heddata.se\/webbutik\/#organization\",\"name\":\"Heddata AB\",\"url\":\"https:\/\/www.heddata.se\/webbutik\/\",\"logo\":{\"@type\":\"ImageObject\",\"inLanguage\":\"sv-SE\",\"@id\":\"https:\/\/www.heddata.se\/webbutik\/#\/schema\/logo\/image\/\",\"url\":\"https:\/\/www.heddata.se\/webbutik\/wp-content\/uploads\/logga\/heddata-ab-logga.png\",\"contentUrl\":\"https:\/\/www.heddata.se\/webbutik\/wp-content\/uploads\/logga\/heddata-ab-logga.png\",\"width\":200,\"height\":64,\"caption\":\"Heddata AB\"},\"image\":{\"@id\":\"https:\/\/www.heddata.se\/webbutik\/#\/schema\/logo\/image\/\"}}]}<\/script>\n<!-- \/ Yoast SEO Premium plugin. -->","yoast_head_json":{"title":"Targus Geolite Backpack 15.6\" | TSB96001GL ryggs\u00e4ck f\u00f6r din dator m.m.","description":"Targus Geolite Backpack 15.6\". Ryggs\u00e4ck fr\u00e5n Targus f\u00f6r b\u00e4rbar dator, 15.6\", svart. For modern professionals and mobile trendsetters","robots":{"index":"index","follow":"follow","max-snippet":"max-snippet:-1","max-image-preview":"max-image-preview:large","max-video-preview":"max-video-preview:-1"},"canonical":"https:\/\/www.heddata.se\/webbutik\/produkt\/targus-geolite-backpack-15-6-tsb96001gl\/","og_locale":"sv_SE","og_type":"article","og_title":"Targus Geolite Backpack 15.6'' | TSB96001GL","og_description":"Targus Geolite Backpack 15.6\". Ryggs\u00e4ck fr\u00e5n Targus f\u00f6r b\u00e4rbar dator, 15.6\", svart. For modern professionals and mobile trendsetters","og_url":"https:\/\/www.heddata.se\/webbutik\/produkt\/targus-geolite-backpack-15-6-tsb96001gl\/","og_site_name":"Datorer, Skrivare, F\u00e4rgpatroner, Mobiltelefoner","article_modified_time":"2026-04-03T16:41:13+00:00","og_image":[{"width":466,"height":466,"url":"https:\/\/www.heddata.se\/webbutik\/wp-content\/uploads\/webbutik\/kategorier\/Datorer\/Targus-Geolite-Backpack-15.6-TSB96001GL.jpg","type":"image\/jpeg"}],"twitter_card":"summary_large_image","twitter_misc":{"Ber\u00e4knad l\u00e4stid":"1 minut"},"schema":{"@context":"https:\/\/schema.org","@graph":[{"@type":"WebPage","@id":"https:\/\/www.heddata.se\/webbutik\/produkt\/targus-geolite-backpack-15-6-tsb96001gl\/","url":"https:\/\/www.heddata.se\/webbutik\/produkt\/targus-geolite-backpack-15-6-tsb96001gl\/","name":"Targus Geolite Backpack 15.6\" | TSB96001GL ryggs\u00e4ck f\u00f6r din dator m.m.","isPartOf":{"@id":"https:\/\/www.heddata.se\/webbutik\/#website"},"primaryImageOfPage":{"@id":"https:\/\/www.heddata.se\/webbutik\/produkt\/targus-geolite-backpack-15-6-tsb96001gl\/#primaryimage"},"image":{"@id":"https:\/\/www.heddata.se\/webbutik\/produkt\/targus-geolite-backpack-15-6-tsb96001gl\/#primaryimage"},"thumbnailUrl":"https:\/\/www.heddata.se\/webbutik\/wp-content\/uploads\/webbutik\/kategorier\/Datorer\/Targus-Geolite-Backpack-15.6-TSB96001GL.jpg","datePublished":"2019-12-09T10:04:41+00:00","dateModified":"2026-04-03T16:41:13+00:00","description":"Targus Geolite Backpack 15.6\". Ryggs\u00e4ck fr\u00e5n Targus f\u00f6r b\u00e4rbar dator, 15.6\", svart. For modern professionals and mobile trendsetters","breadcrumb":{"@id":"https:\/\/www.heddata.se\/webbutik\/produkt\/targus-geolite-backpack-15-6-tsb96001gl\/#breadcrumb"},"inLanguage":"sv-SE","potentialAction":[{"@type":"ReadAction","target":["https:\/\/www.heddata.se\/webbutik\/produkt\/targus-geolite-backpack-15-6-tsb96001gl\/"]}]},{"@type":"ImageObject","inLanguage":"sv-SE","@id":"https:\/\/www.heddata.se\/webbutik\/produkt\/targus-geolite-backpack-15-6-tsb96001gl\/#primaryimage","url":"https:\/\/www.heddata.se\/webbutik\/wp-content\/uploads\/webbutik\/kategorier\/Datorer\/Targus-Geolite-Backpack-15.6-TSB96001GL.jpg","contentUrl":"https:\/\/www.heddata.se\/webbutik\/wp-content\/uploads\/webbutik\/kategorier\/Datorer\/Targus-Geolite-Backpack-15.6-TSB96001GL.jpg","width":466,"height":466,"caption":"Targus Geolite Backpack 15.6'' | TSB96001GL"},{"@type":"BreadcrumbList","@id":"https:\/\/www.heddata.se\/webbutik\/produkt\/targus-geolite-backpack-15-6-tsb96001gl\/#breadcrumb","itemListElement":[{"@type":"ListItem","position":1,"name":"Hem","item":"https:\/\/www.heddata.se\/webbutik\/"},{"@type":"ListItem","position":2,"name":"Produkter","item":"https:\/\/www.heddata.se\/webbutik\/shop\/"},{"@type":"ListItem","position":3,"name":"Targus Geolite Backpack 15.6&#8221; | TSB96001GL"}]},{"@type":"WebSite","@id":"https:\/\/www.heddata.se\/webbutik\/#website","url":"https:\/\/www.heddata.se\/webbutik\/","name":"Datorer, Skrivare, F\u00e4rgpatroner, Mobiltelefoner","description":"Kablar","publisher":{"@id":"https:\/\/www.heddata.se\/webbutik\/#organization"},"potentialAction":[{"@type":"SearchAction","target":{"@type":"EntryPoint","urlTemplate":"https:\/\/www.heddata.se\/webbutik\/?s={search_term_string}"},"query-input":{"@type":"PropertyValueSpecification","valueRequired":true,"valueName":"search_term_string"}}],"inLanguage":"sv-SE"},{"@type":"Organization","@id":"https:\/\/www.heddata.se\/webbutik\/#organization","name":"Heddata AB","url":"https:\/\/www.heddata.se\/webbutik\/","logo":{"@type":"ImageObject","inLanguage":"sv-SE","@id":"https:\/\/www.heddata.se\/webbutik\/#\/schema\/logo\/image\/","url":"https:\/\/www.heddata.se\/webbutik\/wp-content\/uploads\/logga\/heddata-ab-logga.png","contentUrl":"https:\/\/www.heddata.se\/webbutik\/wp-content\/uploads\/logga\/heddata-ab-logga.png","width":200,"height":64,"caption":"Heddata AB"},"image":{"@id":"https:\/\/www.heddata.se\/webbutik\/#\/schema\/logo\/image\/"}}]}},"_links":{"self":[{"href":"https:\/\/www.heddata.se\/webbutik\/wp-json\/wp\/v2\/product\/12547","targetHints":{"allow":["GET"]}}],"collection":[{"href":"https:\/\/www.heddata.se\/webbutik\/wp-json\/wp\/v2\/product"}],"about":[{"href":"https:\/\/www.heddata.se\/webbutik\/wp-json\/wp\/v2\/types\/product"}],"wp:featuredmedia":[{"embeddable":true,"href":"https:\/\/www.heddata.se\/webbutik\/wp-json\/wp\/v2\/media\/12997"}],"wp:attachment":[{"href":"https:\/\/www.heddata.se\/webbutik\/wp-json\/wp\/v2\/media?parent=12547"}],"wp:term":[{"taxonomy":"product_brand","embeddable":true,"href":"https:\/\/www.heddata.se\/webbutik\/wp-json\/wp\/v2\/product_brand?post=12547"},{"taxonomy":"product_cat","embeddable":true,"href":"https:\/\/www.heddata.se\/webbutik\/wp-json\/wp\/v2\/product_cat?post=12547"},{"taxonomy":"product_tag","embeddable":true,"href":"https:\/\/www.heddata.se\/webbutik\/wp-json\/wp\/v2\/product_tag?post=12547"}],"curies":[{"name":"wp","href":"https:\/\/api.w.org\/{rel}","templated":true}]}}