{"id":12495,"date":"2019-12-09T11:03:22","date_gmt":"2019-12-09T10:03:22","guid":{"rendered":"https:\/\/www.heddata.se\/webbutik\/?post_type=product&#038;p=12495"},"modified":"2026-05-15T18:08:32","modified_gmt":"2026-05-15T16:08:32","slug":"usb-led-lampa-flexibel","status":"publish","type":"product","link":"https:\/\/www.heddata.se\/webbutik\/produkt\/usb-led-lampa-flexibel\/","title":{"rendered":"USB LED-Lampa Flexibel"},"content":{"rendered":"<p>USB LED-Lampa Flexibel<\/p>\n<p>USB l\u00e4slampa som g\u00e5r at b\u00f6ja f\u00f6r b\u00e4sta vinkel<\/p>\n<p>&#8211; Ultra Bright Mini LED (cirka 1,2 watt)<br \/>\n&#8211; individuellt justerbar, flexibel<br \/>\n&#8211; enkel anslutning till USB-porten<br \/>\n&#8211; H\u00f6g kvalitet<br \/>\n&#8211; Vit, elegant design<br \/>\n&#8211; ca. 17 cm<br \/>\n&#8211; L\u00e4tt: v\u00e4ger bara cirka 18 gram<\/p>\n","protected":false},"excerpt":{"rendered":"<p>USB LED-Lampa<\/p>\n","protected":false},"featured_media":23582,"template":"","meta":[],"product_brand":[],"product_cat":[198],"product_tag":[],"class_list":{"0":"post-12495","1":"product","2":"type-product","3":"status-publish","4":"has-post-thumbnail","6":"product_cat-ovrigt","8":"first","9":"instock","10":"taxable","11":"shipping-taxable","12":"purchasable","13":"product-type-simple"},"yoast_head":"<!-- This site is optimized with the Yoast SEO Premium plugin v26.7 (Yoast SEO v26.7) - https:\/\/yoast.com\/wordpress\/plugins\/seo\/ -->\n<title>USB LED-Lampa Flexibel<\/title>\n<meta name=\"description\" content=\"USB LED-Lampa Flexibel. USB l\u00e4slampa som g\u00e5r at b\u00f6ja f\u00f6r b\u00e4sta vinkel- Ultra Bright Mini LED (cirka 1,2 watt)- individuellt justerbar, flexibel\" \/>\n<meta name=\"robots\" content=\"index, follow, max-snippet:-1, max-image-preview:large, max-video-preview:-1\" \/>\n<link rel=\"canonical\" href=\"https:\/\/www.heddata.se\/webbutik\/produkt\/usb-led-lampa-flexibel\/\" \/>\n<meta property=\"og:locale\" content=\"sv_SE\" \/>\n<meta property=\"og:type\" content=\"article\" \/>\n<meta property=\"og:title\" content=\"USB LED-Lampa Flexibel\" \/>\n<meta property=\"og:description\" content=\"USB LED-Lampa Flexibel. USB l\u00e4slampa som g\u00e5r at b\u00f6ja f\u00f6r b\u00e4sta vinkel- Ultra Bright Mini LED (cirka 1,2 watt)- individuellt justerbar, flexibel\" \/>\n<meta property=\"og:url\" content=\"https:\/\/www.heddata.se\/webbutik\/produkt\/usb-led-lampa-flexibel\/\" \/>\n<meta property=\"og:site_name\" content=\"Datorer, Skrivare, F\u00e4rgpatroner, Mobiltelefoner\" \/>\n<meta property=\"article:modified_time\" content=\"2026-05-15T16:08:32+00:00\" \/>\n<meta property=\"og:image\" content=\"https:\/\/www.heddata.se\/webbutik\/wp-content\/uploads\/webbutik\/kategorier\/Ovrigt-tillbehor\/USB-LED-Lampa-Flexibel.jpg\" \/>\n\t<meta property=\"og:image:width\" content=\"225\" \/>\n\t<meta property=\"og:image:height\" content=\"225\" \/>\n\t<meta property=\"og:image:type\" content=\"image\/jpeg\" \/>\n<meta name=\"twitter:card\" content=\"summary_large_image\" \/>\n<script type=\"application\/ld+json\" class=\"yoast-schema-graph\">{\"@context\":\"https:\/\/schema.org\",\"@graph\":[{\"@type\":\"WebPage\",\"@id\":\"https:\/\/www.heddata.se\/webbutik\/produkt\/usb-led-lampa-flexibel\/\",\"url\":\"https:\/\/www.heddata.se\/webbutik\/produkt\/usb-led-lampa-flexibel\/\",\"name\":\"USB LED-Lampa Flexibel\",\"isPartOf\":{\"@id\":\"https:\/\/www.heddata.se\/webbutik\/#website\"},\"primaryImageOfPage\":{\"@id\":\"https:\/\/www.heddata.se\/webbutik\/produkt\/usb-led-lampa-flexibel\/#primaryimage\"},\"image\":{\"@id\":\"https:\/\/www.heddata.se\/webbutik\/produkt\/usb-led-lampa-flexibel\/#primaryimage\"},\"thumbnailUrl\":\"https:\/\/www.heddata.se\/webbutik\/wp-content\/uploads\/webbutik\/kategorier\/Ovrigt-tillbehor\/USB-LED-Lampa-Flexibel.jpg\",\"datePublished\":\"2019-12-09T10:03:22+00:00\",\"dateModified\":\"2026-05-15T16:08:32+00:00\",\"description\":\"USB LED-Lampa Flexibel. USB l\u00e4slampa som g\u00e5r at b\u00f6ja f\u00f6r b\u00e4sta vinkel- Ultra Bright Mini LED (cirka 1,2 watt)- individuellt justerbar, flexibel\",\"breadcrumb\":{\"@id\":\"https:\/\/www.heddata.se\/webbutik\/produkt\/usb-led-lampa-flexibel\/#breadcrumb\"},\"inLanguage\":\"sv-SE\",\"potentialAction\":[{\"@type\":\"ReadAction\",\"target\":[\"https:\/\/www.heddata.se\/webbutik\/produkt\/usb-led-lampa-flexibel\/\"]}]},{\"@type\":\"ImageObject\",\"inLanguage\":\"sv-SE\",\"@id\":\"https:\/\/www.heddata.se\/webbutik\/produkt\/usb-led-lampa-flexibel\/#primaryimage\",\"url\":\"https:\/\/www.heddata.se\/webbutik\/wp-content\/uploads\/webbutik\/kategorier\/Ovrigt-tillbehor\/USB-LED-Lampa-Flexibel.jpg\",\"contentUrl\":\"https:\/\/www.heddata.se\/webbutik\/wp-content\/uploads\/webbutik\/kategorier\/Ovrigt-tillbehor\/USB-LED-Lampa-Flexibel.jpg\",\"width\":225,\"height\":225,\"caption\":\"USB LED-Lampa Flexibel\"},{\"@type\":\"BreadcrumbList\",\"@id\":\"https:\/\/www.heddata.se\/webbutik\/produkt\/usb-led-lampa-flexibel\/#breadcrumb\",\"itemListElement\":[{\"@type\":\"ListItem\",\"position\":1,\"name\":\"Hem\",\"item\":\"https:\/\/www.heddata.se\/webbutik\/\"},{\"@type\":\"ListItem\",\"position\":2,\"name\":\"Produkter\",\"item\":\"https:\/\/www.heddata.se\/webbutik\/shop\/\"},{\"@type\":\"ListItem\",\"position\":3,\"name\":\"USB LED-Lampa Flexibel\"}]},{\"@type\":\"WebSite\",\"@id\":\"https:\/\/www.heddata.se\/webbutik\/#website\",\"url\":\"https:\/\/www.heddata.se\/webbutik\/\",\"name\":\"Datorer, Skrivare, F\u00e4rgpatroner, Mobiltelefoner\",\"description\":\"Kablar\",\"publisher\":{\"@id\":\"https:\/\/www.heddata.se\/webbutik\/#organization\"},\"potentialAction\":[{\"@type\":\"SearchAction\",\"target\":{\"@type\":\"EntryPoint\",\"urlTemplate\":\"https:\/\/www.heddata.se\/webbutik\/?s={search_term_string}\"},\"query-input\":{\"@type\":\"PropertyValueSpecification\",\"valueRequired\":true,\"valueName\":\"search_term_string\"}}],\"inLanguage\":\"sv-SE\"},{\"@type\":\"Organization\",\"@id\":\"https:\/\/www.heddata.se\/webbutik\/#organization\",\"name\":\"Heddata AB\",\"url\":\"https:\/\/www.heddata.se\/webbutik\/\",\"logo\":{\"@type\":\"ImageObject\",\"inLanguage\":\"sv-SE\",\"@id\":\"https:\/\/www.heddata.se\/webbutik\/#\/schema\/logo\/image\/\",\"url\":\"https:\/\/www.heddata.se\/webbutik\/wp-content\/uploads\/logga\/heddata-ab-logga.png\",\"contentUrl\":\"https:\/\/www.heddata.se\/webbutik\/wp-content\/uploads\/logga\/heddata-ab-logga.png\",\"width\":200,\"height\":64,\"caption\":\"Heddata AB\"},\"image\":{\"@id\":\"https:\/\/www.heddata.se\/webbutik\/#\/schema\/logo\/image\/\"}}]}<\/script>\n<!-- \/ Yoast SEO Premium plugin. -->","yoast_head_json":{"title":"USB LED-Lampa Flexibel","description":"USB LED-Lampa Flexibel. USB l\u00e4slampa som g\u00e5r at b\u00f6ja f\u00f6r b\u00e4sta vinkel- Ultra Bright Mini LED (cirka 1,2 watt)- individuellt justerbar, flexibel","robots":{"index":"index","follow":"follow","max-snippet":"max-snippet:-1","max-image-preview":"max-image-preview:large","max-video-preview":"max-video-preview:-1"},"canonical":"https:\/\/www.heddata.se\/webbutik\/produkt\/usb-led-lampa-flexibel\/","og_locale":"sv_SE","og_type":"article","og_title":"USB LED-Lampa Flexibel","og_description":"USB LED-Lampa Flexibel. USB l\u00e4slampa som g\u00e5r at b\u00f6ja f\u00f6r b\u00e4sta vinkel- Ultra Bright Mini LED (cirka 1,2 watt)- individuellt justerbar, flexibel","og_url":"https:\/\/www.heddata.se\/webbutik\/produkt\/usb-led-lampa-flexibel\/","og_site_name":"Datorer, Skrivare, F\u00e4rgpatroner, Mobiltelefoner","article_modified_time":"2026-05-15T16:08:32+00:00","og_image":[{"width":225,"height":225,"url":"https:\/\/www.heddata.se\/webbutik\/wp-content\/uploads\/webbutik\/kategorier\/Ovrigt-tillbehor\/USB-LED-Lampa-Flexibel.jpg","type":"image\/jpeg"}],"twitter_card":"summary_large_image","schema":{"@context":"https:\/\/schema.org","@graph":[{"@type":"WebPage","@id":"https:\/\/www.heddata.se\/webbutik\/produkt\/usb-led-lampa-flexibel\/","url":"https:\/\/www.heddata.se\/webbutik\/produkt\/usb-led-lampa-flexibel\/","name":"USB LED-Lampa Flexibel","isPartOf":{"@id":"https:\/\/www.heddata.se\/webbutik\/#website"},"primaryImageOfPage":{"@id":"https:\/\/www.heddata.se\/webbutik\/produkt\/usb-led-lampa-flexibel\/#primaryimage"},"image":{"@id":"https:\/\/www.heddata.se\/webbutik\/produkt\/usb-led-lampa-flexibel\/#primaryimage"},"thumbnailUrl":"https:\/\/www.heddata.se\/webbutik\/wp-content\/uploads\/webbutik\/kategorier\/Ovrigt-tillbehor\/USB-LED-Lampa-Flexibel.jpg","datePublished":"2019-12-09T10:03:22+00:00","dateModified":"2026-05-15T16:08:32+00:00","description":"USB LED-Lampa Flexibel. USB l\u00e4slampa som g\u00e5r at b\u00f6ja f\u00f6r b\u00e4sta vinkel- Ultra Bright Mini LED (cirka 1,2 watt)- individuellt justerbar, flexibel","breadcrumb":{"@id":"https:\/\/www.heddata.se\/webbutik\/produkt\/usb-led-lampa-flexibel\/#breadcrumb"},"inLanguage":"sv-SE","potentialAction":[{"@type":"ReadAction","target":["https:\/\/www.heddata.se\/webbutik\/produkt\/usb-led-lampa-flexibel\/"]}]},{"@type":"ImageObject","inLanguage":"sv-SE","@id":"https:\/\/www.heddata.se\/webbutik\/produkt\/usb-led-lampa-flexibel\/#primaryimage","url":"https:\/\/www.heddata.se\/webbutik\/wp-content\/uploads\/webbutik\/kategorier\/Ovrigt-tillbehor\/USB-LED-Lampa-Flexibel.jpg","contentUrl":"https:\/\/www.heddata.se\/webbutik\/wp-content\/uploads\/webbutik\/kategorier\/Ovrigt-tillbehor\/USB-LED-Lampa-Flexibel.jpg","width":225,"height":225,"caption":"USB LED-Lampa Flexibel"},{"@type":"BreadcrumbList","@id":"https:\/\/www.heddata.se\/webbutik\/produkt\/usb-led-lampa-flexibel\/#breadcrumb","itemListElement":[{"@type":"ListItem","position":1,"name":"Hem","item":"https:\/\/www.heddata.se\/webbutik\/"},{"@type":"ListItem","position":2,"name":"Produkter","item":"https:\/\/www.heddata.se\/webbutik\/shop\/"},{"@type":"ListItem","position":3,"name":"USB LED-Lampa Flexibel"}]},{"@type":"WebSite","@id":"https:\/\/www.heddata.se\/webbutik\/#website","url":"https:\/\/www.heddata.se\/webbutik\/","name":"Datorer, Skrivare, F\u00e4rgpatroner, Mobiltelefoner","description":"Kablar","publisher":{"@id":"https:\/\/www.heddata.se\/webbutik\/#organization"},"potentialAction":[{"@type":"SearchAction","target":{"@type":"EntryPoint","urlTemplate":"https:\/\/www.heddata.se\/webbutik\/?s={search_term_string}"},"query-input":{"@type":"PropertyValueSpecification","valueRequired":true,"valueName":"search_term_string"}}],"inLanguage":"sv-SE"},{"@type":"Organization","@id":"https:\/\/www.heddata.se\/webbutik\/#organization","name":"Heddata AB","url":"https:\/\/www.heddata.se\/webbutik\/","logo":{"@type":"ImageObject","inLanguage":"sv-SE","@id":"https:\/\/www.heddata.se\/webbutik\/#\/schema\/logo\/image\/","url":"https:\/\/www.heddata.se\/webbutik\/wp-content\/uploads\/logga\/heddata-ab-logga.png","contentUrl":"https:\/\/www.heddata.se\/webbutik\/wp-content\/uploads\/logga\/heddata-ab-logga.png","width":200,"height":64,"caption":"Heddata AB"},"image":{"@id":"https:\/\/www.heddata.se\/webbutik\/#\/schema\/logo\/image\/"}}]}},"_links":{"self":[{"href":"https:\/\/www.heddata.se\/webbutik\/wp-json\/wp\/v2\/product\/12495","targetHints":{"allow":["GET"]}}],"collection":[{"href":"https:\/\/www.heddata.se\/webbutik\/wp-json\/wp\/v2\/product"}],"about":[{"href":"https:\/\/www.heddata.se\/webbutik\/wp-json\/wp\/v2\/types\/product"}],"wp:featuredmedia":[{"embeddable":true,"href":"https:\/\/www.heddata.se\/webbutik\/wp-json\/wp\/v2\/media\/23582"}],"wp:attachment":[{"href":"https:\/\/www.heddata.se\/webbutik\/wp-json\/wp\/v2\/media?parent=12495"}],"wp:term":[{"taxonomy":"product_brand","embeddable":true,"href":"https:\/\/www.heddata.se\/webbutik\/wp-json\/wp\/v2\/product_brand?post=12495"},{"taxonomy":"product_cat","embeddable":true,"href":"https:\/\/www.heddata.se\/webbutik\/wp-json\/wp\/v2\/product_cat?post=12495"},{"taxonomy":"product_tag","embeddable":true,"href":"https:\/\/www.heddata.se\/webbutik\/wp-json\/wp\/v2\/product_tag?post=12495"}],"curies":[{"name":"wp","href":"https:\/\/api.w.org\/{rel}","templated":true}]}}