{"id":10941,"date":"2019-12-03T13:46:27","date_gmt":"2019-12-03T12:46:27","guid":{"rendered":"https:\/\/www.heddata.se\/webbutik\/?post_type=product&#038;p=10941"},"modified":"2026-04-07T17:42:55","modified_gmt":"2026-04-07T15:42:55","slug":"tradlos-laddare","status":"publish","type":"product","link":"https:\/\/www.heddata.se\/webbutik\/produkt\/tradlos-laddare\/","title":{"rendered":"Tr\u00e5dl\u00f6s laddare | 2.0 A | 15 W &#8211; WCHAQ15W1WT"},"content":{"rendered":"<p>Tr\u00e5dl\u00f6s laddare. <a href=\"https:\/\/nedis.se\/sv-se\" target=\"_blank\" rel=\"noopener noreferrer\">Nedis<\/a>\u00ae Qi tr\u00e5dl\u00f6s laddare erbjuder snabb laddning. Den \u00e4r ocks\u00e5 kompatibel med de flesta smartphones som har st\u00f6d f\u00f6r tr\u00e5dl\u00f6s laddning. Anslut bara <a href=\"https:\/\/www.heddata.se\/webbutik\/kablar\/usb-kablar\/\">USB-kabeln<\/a> till <a href=\"https:\/\/www.heddata.se\/webbutik\/datorer-tillbehor\/datorer\/\">datorn<\/a> eller v\u00e4ggladdaren och placera <a href=\"https:\/\/www.heddata.se\/webbutik\/telefon-surfplattor\/mobiltelefoner\/\">mobilen<\/a> p\u00e5 laddningsplattan.<\/p>\n","protected":false},"excerpt":{"rendered":"<p>Tr\u00e5dl\u00f6s laddare<\/p>\n","protected":false},"featured_media":11412,"template":"","meta":[],"product_brand":[],"product_cat":[118,69,125],"product_tag":[1407],"class_list":{"0":"post-10941","1":"product","2":"type-product","3":"status-publish","4":"has-post-thumbnail","6":"product_cat-telefonladdare","7":"product_cat-telefontillbehor","8":"product_cat-tradlos-laddning","9":"product_tag-qi","11":"first","12":"outofstock","13":"taxable","14":"shipping-taxable","15":"product-type-simple"},"yoast_head":"<!-- This site is optimized with the Yoast SEO Premium plugin v26.7 (Yoast SEO v26.7) - https:\/\/yoast.com\/wordpress\/plugins\/seo\/ -->\n<title>Tr\u00e5dl\u00f6s laddare | 2.0 A | 15 W Ladda din mobil tr\u00e5dl\u00f6st<\/title>\n<meta name=\"description\" content=\"Tr\u00e5dl\u00f6s laddare. Nedis\u00ae Qi tr\u00e5dl\u00f6s laddare erbjuder snabb laddning. Den \u00e4r ocks\u00e5 kompatibel med de flesta smartphones som har st\u00f6d f\u00f6r tr\u00e5dl\u00f6s laddning.\" \/>\n<meta name=\"robots\" content=\"index, follow, max-snippet:-1, max-image-preview:large, max-video-preview:-1\" \/>\n<link rel=\"canonical\" href=\"https:\/\/www.heddata.se\/webbutik\/produkt\/tradlos-laddare\/\" \/>\n<meta property=\"og:locale\" content=\"sv_SE\" \/>\n<meta property=\"og:type\" content=\"article\" \/>\n<meta property=\"og:title\" content=\"Tr\u00e5dl\u00f6s laddare | 2.0 A | 15 W - WCHAQ15W1WT\" \/>\n<meta property=\"og:description\" content=\"Tr\u00e5dl\u00f6s laddare. Nedis\u00ae Qi tr\u00e5dl\u00f6s laddare erbjuder snabb laddning. Den \u00e4r ocks\u00e5 kompatibel med de flesta smartphones som har st\u00f6d f\u00f6r tr\u00e5dl\u00f6s laddning.\" \/>\n<meta property=\"og:url\" content=\"https:\/\/www.heddata.se\/webbutik\/produkt\/tradlos-laddare\/\" \/>\n<meta property=\"og:site_name\" content=\"Datorer, Skrivare, F\u00e4rgpatroner, Mobiltelefoner\" \/>\n<meta property=\"article:modified_time\" content=\"2026-04-07T15:42:55+00:00\" \/>\n<meta property=\"og:image\" content=\"https:\/\/www.heddata.se\/webbutik\/wp-content\/uploads\/webbutik\/kategorier\/Telefontillbehor\/Tradlos-laddare-WCHAQ15W1WT.jpg\" \/>\n\t<meta property=\"og:image:width\" content=\"1200\" \/>\n\t<meta property=\"og:image:height\" content=\"1200\" \/>\n\t<meta property=\"og:image:type\" content=\"image\/jpeg\" \/>\n<meta name=\"twitter:card\" content=\"summary_large_image\" \/>\n<script type=\"application\/ld+json\" class=\"yoast-schema-graph\">{\"@context\":\"https:\/\/schema.org\",\"@graph\":[{\"@type\":\"WebPage\",\"@id\":\"https:\/\/www.heddata.se\/webbutik\/produkt\/tradlos-laddare\/\",\"url\":\"https:\/\/www.heddata.se\/webbutik\/produkt\/tradlos-laddare\/\",\"name\":\"Tr\u00e5dl\u00f6s laddare | 2.0 A | 15 W Ladda din mobil tr\u00e5dl\u00f6st\",\"isPartOf\":{\"@id\":\"https:\/\/www.heddata.se\/webbutik\/#website\"},\"primaryImageOfPage\":{\"@id\":\"https:\/\/www.heddata.se\/webbutik\/produkt\/tradlos-laddare\/#primaryimage\"},\"image\":{\"@id\":\"https:\/\/www.heddata.se\/webbutik\/produkt\/tradlos-laddare\/#primaryimage\"},\"thumbnailUrl\":\"https:\/\/www.heddata.se\/webbutik\/wp-content\/uploads\/webbutik\/kategorier\/Telefontillbehor\/Tradlos-laddare-WCHAQ15W1WT.jpg\",\"datePublished\":\"2019-12-03T12:46:27+00:00\",\"dateModified\":\"2026-04-07T15:42:55+00:00\",\"description\":\"Tr\u00e5dl\u00f6s laddare. Nedis\u00ae Qi tr\u00e5dl\u00f6s laddare erbjuder snabb laddning. Den \u00e4r ocks\u00e5 kompatibel med de flesta smartphones som har st\u00f6d f\u00f6r tr\u00e5dl\u00f6s laddning.\",\"breadcrumb\":{\"@id\":\"https:\/\/www.heddata.se\/webbutik\/produkt\/tradlos-laddare\/#breadcrumb\"},\"inLanguage\":\"sv-SE\",\"potentialAction\":[{\"@type\":\"ReadAction\",\"target\":[\"https:\/\/www.heddata.se\/webbutik\/produkt\/tradlos-laddare\/\"]}]},{\"@type\":\"ImageObject\",\"inLanguage\":\"sv-SE\",\"@id\":\"https:\/\/www.heddata.se\/webbutik\/produkt\/tradlos-laddare\/#primaryimage\",\"url\":\"https:\/\/www.heddata.se\/webbutik\/wp-content\/uploads\/webbutik\/kategorier\/Telefontillbehor\/Tradlos-laddare-WCHAQ15W1WT.jpg\",\"contentUrl\":\"https:\/\/www.heddata.se\/webbutik\/wp-content\/uploads\/webbutik\/kategorier\/Telefontillbehor\/Tradlos-laddare-WCHAQ15W1WT.jpg\",\"width\":1200,\"height\":1200,\"caption\":\"Tr\u00e5dl\u00f6s laddare\"},{\"@type\":\"BreadcrumbList\",\"@id\":\"https:\/\/www.heddata.se\/webbutik\/produkt\/tradlos-laddare\/#breadcrumb\",\"itemListElement\":[{\"@type\":\"ListItem\",\"position\":1,\"name\":\"Hem\",\"item\":\"https:\/\/www.heddata.se\/webbutik\/\"},{\"@type\":\"ListItem\",\"position\":2,\"name\":\"Produkter\",\"item\":\"https:\/\/www.heddata.se\/webbutik\/shop\/\"},{\"@type\":\"ListItem\",\"position\":3,\"name\":\"Tr\u00e5dl\u00f6s laddare | 2.0 A | 15 W &#8211; WCHAQ15W1WT\"}]},{\"@type\":\"WebSite\",\"@id\":\"https:\/\/www.heddata.se\/webbutik\/#website\",\"url\":\"https:\/\/www.heddata.se\/webbutik\/\",\"name\":\"Datorer, Skrivare, F\u00e4rgpatroner, Mobiltelefoner\",\"description\":\"Kablar\",\"publisher\":{\"@id\":\"https:\/\/www.heddata.se\/webbutik\/#organization\"},\"potentialAction\":[{\"@type\":\"SearchAction\",\"target\":{\"@type\":\"EntryPoint\",\"urlTemplate\":\"https:\/\/www.heddata.se\/webbutik\/?s={search_term_string}\"},\"query-input\":{\"@type\":\"PropertyValueSpecification\",\"valueRequired\":true,\"valueName\":\"search_term_string\"}}],\"inLanguage\":\"sv-SE\"},{\"@type\":\"Organization\",\"@id\":\"https:\/\/www.heddata.se\/webbutik\/#organization\",\"name\":\"Heddata AB\",\"url\":\"https:\/\/www.heddata.se\/webbutik\/\",\"logo\":{\"@type\":\"ImageObject\",\"inLanguage\":\"sv-SE\",\"@id\":\"https:\/\/www.heddata.se\/webbutik\/#\/schema\/logo\/image\/\",\"url\":\"https:\/\/www.heddata.se\/webbutik\/wp-content\/uploads\/logga\/heddata-ab-logga.png\",\"contentUrl\":\"https:\/\/www.heddata.se\/webbutik\/wp-content\/uploads\/logga\/heddata-ab-logga.png\",\"width\":200,\"height\":64,\"caption\":\"Heddata AB\"},\"image\":{\"@id\":\"https:\/\/www.heddata.se\/webbutik\/#\/schema\/logo\/image\/\"}}]}<\/script>\n<!-- \/ Yoast SEO Premium plugin. -->","yoast_head_json":{"title":"Tr\u00e5dl\u00f6s laddare | 2.0 A | 15 W Ladda din mobil tr\u00e5dl\u00f6st","description":"Tr\u00e5dl\u00f6s laddare. Nedis\u00ae Qi tr\u00e5dl\u00f6s laddare erbjuder snabb laddning. Den \u00e4r ocks\u00e5 kompatibel med de flesta smartphones som har st\u00f6d f\u00f6r tr\u00e5dl\u00f6s laddning.","robots":{"index":"index","follow":"follow","max-snippet":"max-snippet:-1","max-image-preview":"max-image-preview:large","max-video-preview":"max-video-preview:-1"},"canonical":"https:\/\/www.heddata.se\/webbutik\/produkt\/tradlos-laddare\/","og_locale":"sv_SE","og_type":"article","og_title":"Tr\u00e5dl\u00f6s laddare | 2.0 A | 15 W - WCHAQ15W1WT","og_description":"Tr\u00e5dl\u00f6s laddare. Nedis\u00ae Qi tr\u00e5dl\u00f6s laddare erbjuder snabb laddning. Den \u00e4r ocks\u00e5 kompatibel med de flesta smartphones som har st\u00f6d f\u00f6r tr\u00e5dl\u00f6s laddning.","og_url":"https:\/\/www.heddata.se\/webbutik\/produkt\/tradlos-laddare\/","og_site_name":"Datorer, Skrivare, F\u00e4rgpatroner, Mobiltelefoner","article_modified_time":"2026-04-07T15:42:55+00:00","og_image":[{"width":1200,"height":1200,"url":"https:\/\/www.heddata.se\/webbutik\/wp-content\/uploads\/webbutik\/kategorier\/Telefontillbehor\/Tradlos-laddare-WCHAQ15W1WT.jpg","type":"image\/jpeg"}],"twitter_card":"summary_large_image","schema":{"@context":"https:\/\/schema.org","@graph":[{"@type":"WebPage","@id":"https:\/\/www.heddata.se\/webbutik\/produkt\/tradlos-laddare\/","url":"https:\/\/www.heddata.se\/webbutik\/produkt\/tradlos-laddare\/","name":"Tr\u00e5dl\u00f6s laddare | 2.0 A | 15 W Ladda din mobil tr\u00e5dl\u00f6st","isPartOf":{"@id":"https:\/\/www.heddata.se\/webbutik\/#website"},"primaryImageOfPage":{"@id":"https:\/\/www.heddata.se\/webbutik\/produkt\/tradlos-laddare\/#primaryimage"},"image":{"@id":"https:\/\/www.heddata.se\/webbutik\/produkt\/tradlos-laddare\/#primaryimage"},"thumbnailUrl":"https:\/\/www.heddata.se\/webbutik\/wp-content\/uploads\/webbutik\/kategorier\/Telefontillbehor\/Tradlos-laddare-WCHAQ15W1WT.jpg","datePublished":"2019-12-03T12:46:27+00:00","dateModified":"2026-04-07T15:42:55+00:00","description":"Tr\u00e5dl\u00f6s laddare. Nedis\u00ae Qi tr\u00e5dl\u00f6s laddare erbjuder snabb laddning. Den \u00e4r ocks\u00e5 kompatibel med de flesta smartphones som har st\u00f6d f\u00f6r tr\u00e5dl\u00f6s laddning.","breadcrumb":{"@id":"https:\/\/www.heddata.se\/webbutik\/produkt\/tradlos-laddare\/#breadcrumb"},"inLanguage":"sv-SE","potentialAction":[{"@type":"ReadAction","target":["https:\/\/www.heddata.se\/webbutik\/produkt\/tradlos-laddare\/"]}]},{"@type":"ImageObject","inLanguage":"sv-SE","@id":"https:\/\/www.heddata.se\/webbutik\/produkt\/tradlos-laddare\/#primaryimage","url":"https:\/\/www.heddata.se\/webbutik\/wp-content\/uploads\/webbutik\/kategorier\/Telefontillbehor\/Tradlos-laddare-WCHAQ15W1WT.jpg","contentUrl":"https:\/\/www.heddata.se\/webbutik\/wp-content\/uploads\/webbutik\/kategorier\/Telefontillbehor\/Tradlos-laddare-WCHAQ15W1WT.jpg","width":1200,"height":1200,"caption":"Tr\u00e5dl\u00f6s laddare"},{"@type":"BreadcrumbList","@id":"https:\/\/www.heddata.se\/webbutik\/produkt\/tradlos-laddare\/#breadcrumb","itemListElement":[{"@type":"ListItem","position":1,"name":"Hem","item":"https:\/\/www.heddata.se\/webbutik\/"},{"@type":"ListItem","position":2,"name":"Produkter","item":"https:\/\/www.heddata.se\/webbutik\/shop\/"},{"@type":"ListItem","position":3,"name":"Tr\u00e5dl\u00f6s laddare | 2.0 A | 15 W &#8211; WCHAQ15W1WT"}]},{"@type":"WebSite","@id":"https:\/\/www.heddata.se\/webbutik\/#website","url":"https:\/\/www.heddata.se\/webbutik\/","name":"Datorer, Skrivare, F\u00e4rgpatroner, Mobiltelefoner","description":"Kablar","publisher":{"@id":"https:\/\/www.heddata.se\/webbutik\/#organization"},"potentialAction":[{"@type":"SearchAction","target":{"@type":"EntryPoint","urlTemplate":"https:\/\/www.heddata.se\/webbutik\/?s={search_term_string}"},"query-input":{"@type":"PropertyValueSpecification","valueRequired":true,"valueName":"search_term_string"}}],"inLanguage":"sv-SE"},{"@type":"Organization","@id":"https:\/\/www.heddata.se\/webbutik\/#organization","name":"Heddata AB","url":"https:\/\/www.heddata.se\/webbutik\/","logo":{"@type":"ImageObject","inLanguage":"sv-SE","@id":"https:\/\/www.heddata.se\/webbutik\/#\/schema\/logo\/image\/","url":"https:\/\/www.heddata.se\/webbutik\/wp-content\/uploads\/logga\/heddata-ab-logga.png","contentUrl":"https:\/\/www.heddata.se\/webbutik\/wp-content\/uploads\/logga\/heddata-ab-logga.png","width":200,"height":64,"caption":"Heddata AB"},"image":{"@id":"https:\/\/www.heddata.se\/webbutik\/#\/schema\/logo\/image\/"}}]}},"_links":{"self":[{"href":"https:\/\/www.heddata.se\/webbutik\/wp-json\/wp\/v2\/product\/10941","targetHints":{"allow":["GET"]}}],"collection":[{"href":"https:\/\/www.heddata.se\/webbutik\/wp-json\/wp\/v2\/product"}],"about":[{"href":"https:\/\/www.heddata.se\/webbutik\/wp-json\/wp\/v2\/types\/product"}],"wp:featuredmedia":[{"embeddable":true,"href":"https:\/\/www.heddata.se\/webbutik\/wp-json\/wp\/v2\/media\/11412"}],"wp:attachment":[{"href":"https:\/\/www.heddata.se\/webbutik\/wp-json\/wp\/v2\/media?parent=10941"}],"wp:term":[{"taxonomy":"product_brand","embeddable":true,"href":"https:\/\/www.heddata.se\/webbutik\/wp-json\/wp\/v2\/product_brand?post=10941"},{"taxonomy":"product_cat","embeddable":true,"href":"https:\/\/www.heddata.se\/webbutik\/wp-json\/wp\/v2\/product_cat?post=10941"},{"taxonomy":"product_tag","embeddable":true,"href":"https:\/\/www.heddata.se\/webbutik\/wp-json\/wp\/v2\/product_tag?post=10941"}],"curies":[{"name":"wp","href":"https:\/\/api.w.org\/{rel}","templated":true}]}}