{"id":10860,"date":"2019-12-03T13:46:03","date_gmt":"2019-12-03T12:46:03","guid":{"rendered":"https:\/\/www.heddata.se\/webbutik\/?post_type=product&#038;p=10860"},"modified":"2026-04-21T18:10:41","modified_gmt":"2026-04-21T16:10:41","slug":"vinklad-270-hdmi-kabel-hoghastighets-hdmi-kabel-2-00m","status":"publish","type":"product","link":"https:\/\/www.heddata.se\/webbutik\/produkt\/vinklad-270-hdmi-kabel-hoghastighets-hdmi-kabel-2-00m\/","title":{"rendered":"Vinklad 270\u00b0 HDMI kabel | H\u00f6ghastighets HDMI kabel 2.00m"},"content":{"rendered":"<p>Vinklad 270\u00b0 HDMI kabel. Denna h\u00f6ghastighets <a href=\"https:\/\/www.heddata.se\/webbutik\/kablar\/hdmi-kablar\/\">HDMI-kabel<\/a> med Ethernet \u00e4r l\u00e4mplig f\u00f6r n\u00e4tverksenhet. Den kan hantera videouppl\u00f6sningar p\u00e5 1080p och h\u00f6gre, inklusive avancerade sk\u00e4rmtekniker som 4K, 3D och Deep Color. Vinkeln p\u00e5 kontakten g\u00f6r dessutom att du kan ansluta dina enheter i tr\u00e5nga utrymmen.<\/p>\n<p>Tillverkare: <a href=\"https:\/\/nedis.se\/sv-se\" target=\"_blank\" rel=\"noopener noreferrer\">Nedis<\/a><\/p>\n","protected":false},"excerpt":{"rendered":"<p>Vinklad 270\u00b0 HDMI kabel<\/p>\n","protected":false},"featured_media":34053,"template":"","meta":[],"product_brand":[],"product_cat":[74,59],"product_tag":[],"class_list":{"0":"post-10860","1":"product","2":"type-product","3":"status-publish","4":"has-post-thumbnail","6":"product_cat-hdmi-kablar","7":"product_cat-kablar","9":"first","10":"instock","11":"taxable","12":"shipping-taxable","13":"purchasable","14":"product-type-simple"},"yoast_head":"<!-- This site is optimized with the Yoast SEO Premium plugin v26.7 (Yoast SEO v26.7) - https:\/\/yoast.com\/wordpress\/plugins\/seo\/ -->\n<title>Vinklad 270\u00b0 HDMI kabel | H\u00f6ghastighets HDMI kabel 2.00m<\/title>\n<meta name=\"description\" content=\"Vinklad 270\u00b0 HDMI kabel. Denna h\u00f6ghastighets HDMI-kabel med Ethernet \u00e4r l\u00e4mplig f\u00f6r n\u00e4tverksenhet. Den kan hantera videouppl\u00f6sningar p\u00e5 1080p och h\u00f6gre\" \/>\n<meta name=\"robots\" content=\"index, follow, max-snippet:-1, max-image-preview:large, max-video-preview:-1\" \/>\n<link rel=\"canonical\" href=\"https:\/\/www.heddata.se\/webbutik\/produkt\/vinklad-270-hdmi-kabel-hoghastighets-hdmi-kabel-2-00m\/\" \/>\n<meta property=\"og:locale\" content=\"sv_SE\" \/>\n<meta property=\"og:type\" content=\"article\" \/>\n<meta property=\"og:title\" content=\"Vinklad 270\u00b0 HDMI kabel | H\u00f6ghastighets HDMI kabel 2.00m\" \/>\n<meta property=\"og:description\" content=\"Vinklad 270\u00b0 HDMI kabel. Denna h\u00f6ghastighets HDMI-kabel med Ethernet \u00e4r l\u00e4mplig f\u00f6r n\u00e4tverksenhet. Den kan hantera videouppl\u00f6sningar p\u00e5 1080p och h\u00f6gre\" \/>\n<meta property=\"og:url\" content=\"https:\/\/www.heddata.se\/webbutik\/produkt\/vinklad-270-hdmi-kabel-hoghastighets-hdmi-kabel-2-00m\/\" \/>\n<meta property=\"og:site_name\" content=\"Datorer, Skrivare, F\u00e4rgpatroner, Mobiltelefoner\" \/>\n<meta property=\"article:modified_time\" content=\"2026-04-21T16:10:41+00:00\" \/>\n<meta property=\"og:image\" content=\"https:\/\/www.heddata.se\/webbutik\/wp-content\/uploads\/webbutik\/kategorier\/kablar-adaptrar\/Vinklad-270\u00b0-HDMI-kabel-VGVP34210B20-scaled.jpg\" \/>\n\t<meta property=\"og:image:width\" content=\"2560\" \/>\n\t<meta property=\"og:image:height\" content=\"2560\" \/>\n\t<meta property=\"og:image:type\" content=\"image\/jpeg\" \/>\n<meta name=\"twitter:card\" content=\"summary_large_image\" \/>\n<script type=\"application\/ld+json\" class=\"yoast-schema-graph\">{\"@context\":\"https:\/\/schema.org\",\"@graph\":[{\"@type\":\"WebPage\",\"@id\":\"https:\/\/www.heddata.se\/webbutik\/produkt\/vinklad-270-hdmi-kabel-hoghastighets-hdmi-kabel-2-00m\/\",\"url\":\"https:\/\/www.heddata.se\/webbutik\/produkt\/vinklad-270-hdmi-kabel-hoghastighets-hdmi-kabel-2-00m\/\",\"name\":\"Vinklad 270\u00b0 HDMI kabel | H\u00f6ghastighets HDMI kabel 2.00m\",\"isPartOf\":{\"@id\":\"https:\/\/www.heddata.se\/webbutik\/#website\"},\"primaryImageOfPage\":{\"@id\":\"https:\/\/www.heddata.se\/webbutik\/produkt\/vinklad-270-hdmi-kabel-hoghastighets-hdmi-kabel-2-00m\/#primaryimage\"},\"image\":{\"@id\":\"https:\/\/www.heddata.se\/webbutik\/produkt\/vinklad-270-hdmi-kabel-hoghastighets-hdmi-kabel-2-00m\/#primaryimage\"},\"thumbnailUrl\":\"https:\/\/www.heddata.se\/webbutik\/wp-content\/uploads\/webbutik\/kategorier\/kablar-adaptrar\/Vinklad-270\u00b0-HDMI-kabel-VGVP34210B20-scaled.jpg\",\"datePublished\":\"2019-12-03T12:46:03+00:00\",\"dateModified\":\"2026-04-21T16:10:41+00:00\",\"description\":\"Vinklad 270\u00b0 HDMI kabel. Denna h\u00f6ghastighets HDMI-kabel med Ethernet \u00e4r l\u00e4mplig f\u00f6r n\u00e4tverksenhet. Den kan hantera videouppl\u00f6sningar p\u00e5 1080p och h\u00f6gre\",\"breadcrumb\":{\"@id\":\"https:\/\/www.heddata.se\/webbutik\/produkt\/vinklad-270-hdmi-kabel-hoghastighets-hdmi-kabel-2-00m\/#breadcrumb\"},\"inLanguage\":\"sv-SE\",\"potentialAction\":[{\"@type\":\"ReadAction\",\"target\":[\"https:\/\/www.heddata.se\/webbutik\/produkt\/vinklad-270-hdmi-kabel-hoghastighets-hdmi-kabel-2-00m\/\"]}]},{\"@type\":\"ImageObject\",\"inLanguage\":\"sv-SE\",\"@id\":\"https:\/\/www.heddata.se\/webbutik\/produkt\/vinklad-270-hdmi-kabel-hoghastighets-hdmi-kabel-2-00m\/#primaryimage\",\"url\":\"https:\/\/www.heddata.se\/webbutik\/wp-content\/uploads\/webbutik\/kategorier\/kablar-adaptrar\/Vinklad-270\u00b0-HDMI-kabel-VGVP34210B20-scaled.jpg\",\"contentUrl\":\"https:\/\/www.heddata.se\/webbutik\/wp-content\/uploads\/webbutik\/kategorier\/kablar-adaptrar\/Vinklad-270\u00b0-HDMI-kabel-VGVP34210B20-scaled.jpg\",\"width\":2560,\"height\":2560,\"caption\":\"Vinklad 270\u00b0 HDMI kabel | H\u00f6ghastighets HDMI kabel 2.00m\"},{\"@type\":\"BreadcrumbList\",\"@id\":\"https:\/\/www.heddata.se\/webbutik\/produkt\/vinklad-270-hdmi-kabel-hoghastighets-hdmi-kabel-2-00m\/#breadcrumb\",\"itemListElement\":[{\"@type\":\"ListItem\",\"position\":1,\"name\":\"Hem\",\"item\":\"https:\/\/www.heddata.se\/webbutik\/\"},{\"@type\":\"ListItem\",\"position\":2,\"name\":\"Produkter\",\"item\":\"https:\/\/www.heddata.se\/webbutik\/shop\/\"},{\"@type\":\"ListItem\",\"position\":3,\"name\":\"Vinklad 270\u00b0 HDMI kabel | H\u00f6ghastighets HDMI kabel 2.00m\"}]},{\"@type\":\"WebSite\",\"@id\":\"https:\/\/www.heddata.se\/webbutik\/#website\",\"url\":\"https:\/\/www.heddata.se\/webbutik\/\",\"name\":\"Datorer, Skrivare, F\u00e4rgpatroner, Mobiltelefoner\",\"description\":\"Kablar\",\"publisher\":{\"@id\":\"https:\/\/www.heddata.se\/webbutik\/#organization\"},\"potentialAction\":[{\"@type\":\"SearchAction\",\"target\":{\"@type\":\"EntryPoint\",\"urlTemplate\":\"https:\/\/www.heddata.se\/webbutik\/?s={search_term_string}\"},\"query-input\":{\"@type\":\"PropertyValueSpecification\",\"valueRequired\":true,\"valueName\":\"search_term_string\"}}],\"inLanguage\":\"sv-SE\"},{\"@type\":\"Organization\",\"@id\":\"https:\/\/www.heddata.se\/webbutik\/#organization\",\"name\":\"Heddata AB\",\"url\":\"https:\/\/www.heddata.se\/webbutik\/\",\"logo\":{\"@type\":\"ImageObject\",\"inLanguage\":\"sv-SE\",\"@id\":\"https:\/\/www.heddata.se\/webbutik\/#\/schema\/logo\/image\/\",\"url\":\"https:\/\/www.heddata.se\/webbutik\/wp-content\/uploads\/logga\/heddata-ab-logga.png\",\"contentUrl\":\"https:\/\/www.heddata.se\/webbutik\/wp-content\/uploads\/logga\/heddata-ab-logga.png\",\"width\":200,\"height\":64,\"caption\":\"Heddata AB\"},\"image\":{\"@id\":\"https:\/\/www.heddata.se\/webbutik\/#\/schema\/logo\/image\/\"}}]}<\/script>\n<!-- \/ Yoast SEO Premium plugin. -->","yoast_head_json":{"title":"Vinklad 270\u00b0 HDMI kabel | H\u00f6ghastighets HDMI kabel 2.00m","description":"Vinklad 270\u00b0 HDMI kabel. Denna h\u00f6ghastighets HDMI-kabel med Ethernet \u00e4r l\u00e4mplig f\u00f6r n\u00e4tverksenhet. Den kan hantera videouppl\u00f6sningar p\u00e5 1080p och h\u00f6gre","robots":{"index":"index","follow":"follow","max-snippet":"max-snippet:-1","max-image-preview":"max-image-preview:large","max-video-preview":"max-video-preview:-1"},"canonical":"https:\/\/www.heddata.se\/webbutik\/produkt\/vinklad-270-hdmi-kabel-hoghastighets-hdmi-kabel-2-00m\/","og_locale":"sv_SE","og_type":"article","og_title":"Vinklad 270\u00b0 HDMI kabel | H\u00f6ghastighets HDMI kabel 2.00m","og_description":"Vinklad 270\u00b0 HDMI kabel. Denna h\u00f6ghastighets HDMI-kabel med Ethernet \u00e4r l\u00e4mplig f\u00f6r n\u00e4tverksenhet. Den kan hantera videouppl\u00f6sningar p\u00e5 1080p och h\u00f6gre","og_url":"https:\/\/www.heddata.se\/webbutik\/produkt\/vinklad-270-hdmi-kabel-hoghastighets-hdmi-kabel-2-00m\/","og_site_name":"Datorer, Skrivare, F\u00e4rgpatroner, Mobiltelefoner","article_modified_time":"2026-04-21T16:10:41+00:00","og_image":[{"width":2560,"height":2560,"url":"https:\/\/www.heddata.se\/webbutik\/wp-content\/uploads\/webbutik\/kategorier\/kablar-adaptrar\/Vinklad-270\u00b0-HDMI-kabel-VGVP34210B20-scaled.jpg","type":"image\/jpeg"}],"twitter_card":"summary_large_image","schema":{"@context":"https:\/\/schema.org","@graph":[{"@type":"WebPage","@id":"https:\/\/www.heddata.se\/webbutik\/produkt\/vinklad-270-hdmi-kabel-hoghastighets-hdmi-kabel-2-00m\/","url":"https:\/\/www.heddata.se\/webbutik\/produkt\/vinklad-270-hdmi-kabel-hoghastighets-hdmi-kabel-2-00m\/","name":"Vinklad 270\u00b0 HDMI kabel | H\u00f6ghastighets HDMI kabel 2.00m","isPartOf":{"@id":"https:\/\/www.heddata.se\/webbutik\/#website"},"primaryImageOfPage":{"@id":"https:\/\/www.heddata.se\/webbutik\/produkt\/vinklad-270-hdmi-kabel-hoghastighets-hdmi-kabel-2-00m\/#primaryimage"},"image":{"@id":"https:\/\/www.heddata.se\/webbutik\/produkt\/vinklad-270-hdmi-kabel-hoghastighets-hdmi-kabel-2-00m\/#primaryimage"},"thumbnailUrl":"https:\/\/www.heddata.se\/webbutik\/wp-content\/uploads\/webbutik\/kategorier\/kablar-adaptrar\/Vinklad-270\u00b0-HDMI-kabel-VGVP34210B20-scaled.jpg","datePublished":"2019-12-03T12:46:03+00:00","dateModified":"2026-04-21T16:10:41+00:00","description":"Vinklad 270\u00b0 HDMI kabel. Denna h\u00f6ghastighets HDMI-kabel med Ethernet \u00e4r l\u00e4mplig f\u00f6r n\u00e4tverksenhet. Den kan hantera videouppl\u00f6sningar p\u00e5 1080p och h\u00f6gre","breadcrumb":{"@id":"https:\/\/www.heddata.se\/webbutik\/produkt\/vinklad-270-hdmi-kabel-hoghastighets-hdmi-kabel-2-00m\/#breadcrumb"},"inLanguage":"sv-SE","potentialAction":[{"@type":"ReadAction","target":["https:\/\/www.heddata.se\/webbutik\/produkt\/vinklad-270-hdmi-kabel-hoghastighets-hdmi-kabel-2-00m\/"]}]},{"@type":"ImageObject","inLanguage":"sv-SE","@id":"https:\/\/www.heddata.se\/webbutik\/produkt\/vinklad-270-hdmi-kabel-hoghastighets-hdmi-kabel-2-00m\/#primaryimage","url":"https:\/\/www.heddata.se\/webbutik\/wp-content\/uploads\/webbutik\/kategorier\/kablar-adaptrar\/Vinklad-270\u00b0-HDMI-kabel-VGVP34210B20-scaled.jpg","contentUrl":"https:\/\/www.heddata.se\/webbutik\/wp-content\/uploads\/webbutik\/kategorier\/kablar-adaptrar\/Vinklad-270\u00b0-HDMI-kabel-VGVP34210B20-scaled.jpg","width":2560,"height":2560,"caption":"Vinklad 270\u00b0 HDMI kabel | H\u00f6ghastighets HDMI kabel 2.00m"},{"@type":"BreadcrumbList","@id":"https:\/\/www.heddata.se\/webbutik\/produkt\/vinklad-270-hdmi-kabel-hoghastighets-hdmi-kabel-2-00m\/#breadcrumb","itemListElement":[{"@type":"ListItem","position":1,"name":"Hem","item":"https:\/\/www.heddata.se\/webbutik\/"},{"@type":"ListItem","position":2,"name":"Produkter","item":"https:\/\/www.heddata.se\/webbutik\/shop\/"},{"@type":"ListItem","position":3,"name":"Vinklad 270\u00b0 HDMI kabel | H\u00f6ghastighets HDMI kabel 2.00m"}]},{"@type":"WebSite","@id":"https:\/\/www.heddata.se\/webbutik\/#website","url":"https:\/\/www.heddata.se\/webbutik\/","name":"Datorer, Skrivare, F\u00e4rgpatroner, Mobiltelefoner","description":"Kablar","publisher":{"@id":"https:\/\/www.heddata.se\/webbutik\/#organization"},"potentialAction":[{"@type":"SearchAction","target":{"@type":"EntryPoint","urlTemplate":"https:\/\/www.heddata.se\/webbutik\/?s={search_term_string}"},"query-input":{"@type":"PropertyValueSpecification","valueRequired":true,"valueName":"search_term_string"}}],"inLanguage":"sv-SE"},{"@type":"Organization","@id":"https:\/\/www.heddata.se\/webbutik\/#organization","name":"Heddata AB","url":"https:\/\/www.heddata.se\/webbutik\/","logo":{"@type":"ImageObject","inLanguage":"sv-SE","@id":"https:\/\/www.heddata.se\/webbutik\/#\/schema\/logo\/image\/","url":"https:\/\/www.heddata.se\/webbutik\/wp-content\/uploads\/logga\/heddata-ab-logga.png","contentUrl":"https:\/\/www.heddata.se\/webbutik\/wp-content\/uploads\/logga\/heddata-ab-logga.png","width":200,"height":64,"caption":"Heddata AB"},"image":{"@id":"https:\/\/www.heddata.se\/webbutik\/#\/schema\/logo\/image\/"}}]}},"_links":{"self":[{"href":"https:\/\/www.heddata.se\/webbutik\/wp-json\/wp\/v2\/product\/10860","targetHints":{"allow":["GET"]}}],"collection":[{"href":"https:\/\/www.heddata.se\/webbutik\/wp-json\/wp\/v2\/product"}],"about":[{"href":"https:\/\/www.heddata.se\/webbutik\/wp-json\/wp\/v2\/types\/product"}],"wp:featuredmedia":[{"embeddable":true,"href":"https:\/\/www.heddata.se\/webbutik\/wp-json\/wp\/v2\/media\/34053"}],"wp:attachment":[{"href":"https:\/\/www.heddata.se\/webbutik\/wp-json\/wp\/v2\/media?parent=10860"}],"wp:term":[{"taxonomy":"product_brand","embeddable":true,"href":"https:\/\/www.heddata.se\/webbutik\/wp-json\/wp\/v2\/product_brand?post=10860"},{"taxonomy":"product_cat","embeddable":true,"href":"https:\/\/www.heddata.se\/webbutik\/wp-json\/wp\/v2\/product_cat?post=10860"},{"taxonomy":"product_tag","embeddable":true,"href":"https:\/\/www.heddata.se\/webbutik\/wp-json\/wp\/v2\/product_tag?post=10860"}],"curies":[{"name":"wp","href":"https:\/\/api.w.org\/{rel}","templated":true}]}}