{"id":10848,"date":"2019-12-03T13:46:00","date_gmt":"2019-12-03T12:46:00","guid":{"rendered":"https:\/\/www.heddata.se\/webbutik\/?post_type=product&#038;p=10848"},"modified":"2026-05-15T18:10:50","modified_gmt":"2026-05-15T16:10:50","slug":"ubiquiti-amplifi-router-hd-home-wi-fi-no-mest-points-inc","status":"publish","type":"product","link":"https:\/\/www.heddata.se\/webbutik\/produkt\/ubiquiti-amplifi-router-hd-home-wi-fi-no-mest-points-inc\/","title":{"rendered":"Ubiquiti AmpliFi Router HD Home Wi-Fi | No Mest Points inc"},"content":{"rendered":"<p>Ubiquiti AmpliFi Router. Amplifi \u00e4r mer \u00e4n en vanlig hemmarouter: det \u00e4r det ultimata Wifi-systemet. Med turboladdad 802.11AC anv\u00e4nder <a href=\"https:\/\/www.ui.com\/\" target=\"_blank\" rel=\"noopener noreferrer\">Amplifi<\/a> flera sj\u00e4lvkonfigurerande radioantenner och avancerad antennteknologi f\u00f6r att ge ditt hem full Wifi-t\u00e4ckning, \u00f6verallt.<\/p>\n<p>Konfigurera f\u00f6r\u00e4ldrakontroll: definiera anv\u00e4ndarprofiler, tilldela enheter eller skapa scheman f\u00f6r internet\u00e5tkomst. Du kan till och med begr\u00e4nsa Internet f\u00f6r specifika personer under specifika tider, exempelvis p\u00e5 natten. Och om det n\u00e5gon g\u00e5ng blir problem med ditt <a href=\"https:\/\/www.heddata.se\/webbutik\/natverk\/\">n\u00e4tverk<\/a> kan du dessutom anv\u00e4nda appen f\u00f6r att snabb se vad som \u00e4r fel.<\/p>\n<h4 class=\"product-page__highlights-header\">Ubiquiti AmpliFi HD Mesh Router \u2013 tr\u00e5dl\u00f6s router med anv\u00e4ndarv\u00e4nlig installation och blixtsnabb signal<\/h4>\n<p>AmpliFi HD Mesh Router ger dig ett snabbt n\u00e4tverk och stor r\u00e4ckvidd. Den tillh\u00f6rande appen tar dig smidigt genom installationen och ger dig massor av m\u00f6jligheter att st\u00e4lla in ditt n\u00e4tverk. P\u00e5 den tydliga LCD-displayen kan du se hur routern presterar.<\/p>\n<p>L\u00e5t routern st\u00e5 framme<br \/>\nEn router \u00e4r i regel en f\u00f6rskr\u00e4cklig antenn-f\u00f6rsedd skapelse som du helst vill g\u00f6mma undan l\u00e4ngst upp p\u00e5 kylsk\u00e5pet eller under en hylla. Med AmpliFi HD f\u00e5r du d\u00e4remot en enkel och stilren router som utan problem kan st\u00e5 framme. Den har till och med touch-display som kan visa \u00f6verf\u00f6rings- och h\u00e4mtningshastighet \u2013 eller tid om du f\u00f6redrar det.<\/p>\n<p>V\u00e4ldigt smidig AmpliFi WiFi-app<br \/>\nDu sk\u00f6ter AmpliFi HD Mesh Router via den anv\u00e4ndarv\u00e4nliga appen AmpliFi WiFi. Appen hj\u00e4lper dig att konfigurera n\u00e4tverket steg f\u00f6r steg och h\u00e5lla ett \u00f6ga p\u00e5 n\u00e4tverksprestanda och antalet anv\u00e4ndare. AmpliFi WiFi-appen ger dig ocks\u00e5 smidigt en god \u00f6verblick \u00f6ver mer avancerade inst\u00e4llningar, som prioritering av n\u00e4tverksprestanda. P\u00e5 s\u00e5 s\u00e4tt kan du till exempel ge dina streaming-enheter eller spelkonsoler h\u00f6gsta prioritet i n\u00e4tverket om belastningen \u00e4r h\u00f6g.<\/p>\n<p>Du kan n\u00e4r som helst ut\u00f6ka router-signalen med AmpliFi HD Meshpoint-antenner (extra tillbeh\u00f6r) s\u00e5 att du f\u00e5r \u00e4nnu b\u00e4ttre t\u00e4ckning och blixtsnabb signal ut i hemmets alla h\u00f6rn. Du kan koppla antennerna direkt till en stickkontakt och sk\u00f6ta konfigureringen via AmpliFi WiFi-appen \u2013 sen har du snart b\u00e4ttre n\u00e4tverkst\u00e4ckning i ditt hem.<\/p>\n<p>AmpliFi HD Mesh Router finns med vit finish. Meshpoint-antenner finns som extra tillbeh\u00f6r.<\/p>\n<p><span style=\"font-size: 14.4px;color: #333333\">Prestanda:<\/span><\/p>\n<p>N\u00e4tverkshastighet &#8211; tr\u00e5dl\u00f6s (Mbps):1151-1900 Mbps<\/p>\n<p>N\u00e4tverkshastighet &#8211; kabel: 10\/100\/1000<\/p>\n<p>Kompatibel med MESH: Ja<\/p>\n<dl class=\"spec-section\">\n<dd class=\"any-1-1\">\n<dl class=\"spec-section\">\n<dd class=\"any-1-1\"><\/dd>\n<\/dl>\n<dl class=\"spec-section\">\n<dt class=\"any-1-1\"><\/dt>\n<dd class=\"any-1-1\"><\/dd>\n<\/dl>\n<dl class=\"spec-section\">\n<dt class=\"any-1-1\"><\/dt>\n<dd class=\"any-1-1\"><\/dd>\n<\/dl>\n<\/dd>\n<\/dl>\n","protected":false},"excerpt":{"rendered":"<p>Ubiquiti AmpliFi Router<\/p>\n","protected":false},"featured_media":32501,"template":"","meta":[],"product_brand":[],"product_cat":[70,8973,8974],"product_tag":[4314,4312],"class_list":{"0":"post-10848","1":"product","2":"type-product","3":"status-publish","4":"has-post-thumbnail","6":"product_cat-natverk","7":"product_cat-router","8":"product_cat-tradlos","9":"product_tag-amplifi","10":"product_tag-ubiquiti","12":"first","13":"outofstock","14":"taxable","15":"shipping-taxable","16":"purchasable","17":"product-type-simple"},"yoast_head":"<!-- This site is optimized with the Yoast SEO Premium plugin v26.7 (Yoast SEO v26.7) - https:\/\/yoast.com\/wordpress\/plugins\/seo\/ -->\n<title>Ubiquiti AmpliFi Router HD Home Wi-Fi| No Mest Points inc<\/title>\n<meta name=\"description\" content=\"Ubiquiti AmpliFi Router. Amplifi \u00e4r mer \u00e4n en vanlig hemmarouter: det \u00e4r det ultimata Wifi-systemet. Konfigurera f\u00f6r\u00e4ldrakontroll\" \/>\n<meta name=\"robots\" content=\"index, follow, max-snippet:-1, max-image-preview:large, max-video-preview:-1\" \/>\n<link rel=\"canonical\" href=\"https:\/\/www.heddata.se\/webbutik\/produkt\/ubiquiti-amplifi-router-hd-home-wi-fi-no-mest-points-inc\/\" \/>\n<meta property=\"og:locale\" content=\"sv_SE\" \/>\n<meta property=\"og:type\" content=\"article\" \/>\n<meta property=\"og:title\" content=\"Ubiquiti AmpliFi Router HD Home Wi-Fi | No Mest Points inc\" \/>\n<meta property=\"og:description\" content=\"Ubiquiti AmpliFi Router. Amplifi \u00e4r mer \u00e4n en vanlig hemmarouter: det \u00e4r det ultimata Wifi-systemet. Konfigurera f\u00f6r\u00e4ldrakontroll\" \/>\n<meta property=\"og:url\" content=\"https:\/\/www.heddata.se\/webbutik\/produkt\/ubiquiti-amplifi-router-hd-home-wi-fi-no-mest-points-inc\/\" \/>\n<meta property=\"og:site_name\" content=\"Datorer, Skrivare, F\u00e4rgpatroner, Mobiltelefoner\" \/>\n<meta property=\"article:modified_time\" content=\"2026-05-15T16:10:50+00:00\" \/>\n<meta property=\"og:image\" content=\"https:\/\/www.heddata.se\/webbutik\/wp-content\/uploads\/webbutik\/kategorier\/Natvark\/Ubiquiti-AmpliFi-Router-HD-Home-Wi-Fi.jpg\" \/>\n\t<meta property=\"og:image:width\" content=\"679\" \/>\n\t<meta property=\"og:image:height\" content=\"679\" \/>\n\t<meta property=\"og:image:type\" content=\"image\/jpeg\" \/>\n<meta name=\"twitter:card\" content=\"summary_large_image\" \/>\n<meta name=\"twitter:label1\" content=\"Ber\u00e4knad l\u00e4stid\" \/>\n\t<meta name=\"twitter:data1\" content=\"2 minuter\" \/>\n<script type=\"application\/ld+json\" class=\"yoast-schema-graph\">{\"@context\":\"https:\/\/schema.org\",\"@graph\":[{\"@type\":\"WebPage\",\"@id\":\"https:\/\/www.heddata.se\/webbutik\/produkt\/ubiquiti-amplifi-router-hd-home-wi-fi-no-mest-points-inc\/\",\"url\":\"https:\/\/www.heddata.se\/webbutik\/produkt\/ubiquiti-amplifi-router-hd-home-wi-fi-no-mest-points-inc\/\",\"name\":\"Ubiquiti AmpliFi Router HD Home Wi-Fi| No Mest Points inc\",\"isPartOf\":{\"@id\":\"https:\/\/www.heddata.se\/webbutik\/#website\"},\"primaryImageOfPage\":{\"@id\":\"https:\/\/www.heddata.se\/webbutik\/produkt\/ubiquiti-amplifi-router-hd-home-wi-fi-no-mest-points-inc\/#primaryimage\"},\"image\":{\"@id\":\"https:\/\/www.heddata.se\/webbutik\/produkt\/ubiquiti-amplifi-router-hd-home-wi-fi-no-mest-points-inc\/#primaryimage\"},\"thumbnailUrl\":\"https:\/\/www.heddata.se\/webbutik\/wp-content\/uploads\/webbutik\/kategorier\/Natvark\/Ubiquiti-AmpliFi-Router-HD-Home-Wi-Fi.jpg\",\"datePublished\":\"2019-12-03T12:46:00+00:00\",\"dateModified\":\"2026-05-15T16:10:50+00:00\",\"description\":\"Ubiquiti AmpliFi Router. Amplifi \u00e4r mer \u00e4n en vanlig hemmarouter: det \u00e4r det ultimata Wifi-systemet. Konfigurera f\u00f6r\u00e4ldrakontroll\",\"breadcrumb\":{\"@id\":\"https:\/\/www.heddata.se\/webbutik\/produkt\/ubiquiti-amplifi-router-hd-home-wi-fi-no-mest-points-inc\/#breadcrumb\"},\"inLanguage\":\"sv-SE\",\"potentialAction\":[{\"@type\":\"ReadAction\",\"target\":[\"https:\/\/www.heddata.se\/webbutik\/produkt\/ubiquiti-amplifi-router-hd-home-wi-fi-no-mest-points-inc\/\"]}]},{\"@type\":\"ImageObject\",\"inLanguage\":\"sv-SE\",\"@id\":\"https:\/\/www.heddata.se\/webbutik\/produkt\/ubiquiti-amplifi-router-hd-home-wi-fi-no-mest-points-inc\/#primaryimage\",\"url\":\"https:\/\/www.heddata.se\/webbutik\/wp-content\/uploads\/webbutik\/kategorier\/Natvark\/Ubiquiti-AmpliFi-Router-HD-Home-Wi-Fi.jpg\",\"contentUrl\":\"https:\/\/www.heddata.se\/webbutik\/wp-content\/uploads\/webbutik\/kategorier\/Natvark\/Ubiquiti-AmpliFi-Router-HD-Home-Wi-Fi.jpg\",\"width\":679,\"height\":679,\"caption\":\"Ubiquiti AmpliFi Router HD Home Wi-Fi | No Mest Points inc\"},{\"@type\":\"BreadcrumbList\",\"@id\":\"https:\/\/www.heddata.se\/webbutik\/produkt\/ubiquiti-amplifi-router-hd-home-wi-fi-no-mest-points-inc\/#breadcrumb\",\"itemListElement\":[{\"@type\":\"ListItem\",\"position\":1,\"name\":\"Hem\",\"item\":\"https:\/\/www.heddata.se\/webbutik\/\"},{\"@type\":\"ListItem\",\"position\":2,\"name\":\"Produkter\",\"item\":\"https:\/\/www.heddata.se\/webbutik\/shop\/\"},{\"@type\":\"ListItem\",\"position\":3,\"name\":\"Ubiquiti AmpliFi Router HD Home Wi-Fi | No Mest Points inc\"}]},{\"@type\":\"WebSite\",\"@id\":\"https:\/\/www.heddata.se\/webbutik\/#website\",\"url\":\"https:\/\/www.heddata.se\/webbutik\/\",\"name\":\"Datorer, Skrivare, F\u00e4rgpatroner, Mobiltelefoner\",\"description\":\"Kablar\",\"publisher\":{\"@id\":\"https:\/\/www.heddata.se\/webbutik\/#organization\"},\"potentialAction\":[{\"@type\":\"SearchAction\",\"target\":{\"@type\":\"EntryPoint\",\"urlTemplate\":\"https:\/\/www.heddata.se\/webbutik\/?s={search_term_string}\"},\"query-input\":{\"@type\":\"PropertyValueSpecification\",\"valueRequired\":true,\"valueName\":\"search_term_string\"}}],\"inLanguage\":\"sv-SE\"},{\"@type\":\"Organization\",\"@id\":\"https:\/\/www.heddata.se\/webbutik\/#organization\",\"name\":\"Heddata AB\",\"url\":\"https:\/\/www.heddata.se\/webbutik\/\",\"logo\":{\"@type\":\"ImageObject\",\"inLanguage\":\"sv-SE\",\"@id\":\"https:\/\/www.heddata.se\/webbutik\/#\/schema\/logo\/image\/\",\"url\":\"https:\/\/www.heddata.se\/webbutik\/wp-content\/uploads\/logga\/heddata-ab-logga.png\",\"contentUrl\":\"https:\/\/www.heddata.se\/webbutik\/wp-content\/uploads\/logga\/heddata-ab-logga.png\",\"width\":200,\"height\":64,\"caption\":\"Heddata AB\"},\"image\":{\"@id\":\"https:\/\/www.heddata.se\/webbutik\/#\/schema\/logo\/image\/\"}}]}<\/script>\n<!-- \/ Yoast SEO Premium plugin. -->","yoast_head_json":{"title":"Ubiquiti AmpliFi Router HD Home Wi-Fi| No Mest Points inc","description":"Ubiquiti AmpliFi Router. Amplifi \u00e4r mer \u00e4n en vanlig hemmarouter: det \u00e4r det ultimata Wifi-systemet. Konfigurera f\u00f6r\u00e4ldrakontroll","robots":{"index":"index","follow":"follow","max-snippet":"max-snippet:-1","max-image-preview":"max-image-preview:large","max-video-preview":"max-video-preview:-1"},"canonical":"https:\/\/www.heddata.se\/webbutik\/produkt\/ubiquiti-amplifi-router-hd-home-wi-fi-no-mest-points-inc\/","og_locale":"sv_SE","og_type":"article","og_title":"Ubiquiti AmpliFi Router HD Home Wi-Fi | No Mest Points inc","og_description":"Ubiquiti AmpliFi Router. Amplifi \u00e4r mer \u00e4n en vanlig hemmarouter: det \u00e4r det ultimata Wifi-systemet. Konfigurera f\u00f6r\u00e4ldrakontroll","og_url":"https:\/\/www.heddata.se\/webbutik\/produkt\/ubiquiti-amplifi-router-hd-home-wi-fi-no-mest-points-inc\/","og_site_name":"Datorer, Skrivare, F\u00e4rgpatroner, Mobiltelefoner","article_modified_time":"2026-05-15T16:10:50+00:00","og_image":[{"width":679,"height":679,"url":"https:\/\/www.heddata.se\/webbutik\/wp-content\/uploads\/webbutik\/kategorier\/Natvark\/Ubiquiti-AmpliFi-Router-HD-Home-Wi-Fi.jpg","type":"image\/jpeg"}],"twitter_card":"summary_large_image","twitter_misc":{"Ber\u00e4knad l\u00e4stid":"2 minuter"},"schema":{"@context":"https:\/\/schema.org","@graph":[{"@type":"WebPage","@id":"https:\/\/www.heddata.se\/webbutik\/produkt\/ubiquiti-amplifi-router-hd-home-wi-fi-no-mest-points-inc\/","url":"https:\/\/www.heddata.se\/webbutik\/produkt\/ubiquiti-amplifi-router-hd-home-wi-fi-no-mest-points-inc\/","name":"Ubiquiti AmpliFi Router HD Home Wi-Fi| No Mest Points inc","isPartOf":{"@id":"https:\/\/www.heddata.se\/webbutik\/#website"},"primaryImageOfPage":{"@id":"https:\/\/www.heddata.se\/webbutik\/produkt\/ubiquiti-amplifi-router-hd-home-wi-fi-no-mest-points-inc\/#primaryimage"},"image":{"@id":"https:\/\/www.heddata.se\/webbutik\/produkt\/ubiquiti-amplifi-router-hd-home-wi-fi-no-mest-points-inc\/#primaryimage"},"thumbnailUrl":"https:\/\/www.heddata.se\/webbutik\/wp-content\/uploads\/webbutik\/kategorier\/Natvark\/Ubiquiti-AmpliFi-Router-HD-Home-Wi-Fi.jpg","datePublished":"2019-12-03T12:46:00+00:00","dateModified":"2026-05-15T16:10:50+00:00","description":"Ubiquiti AmpliFi Router. Amplifi \u00e4r mer \u00e4n en vanlig hemmarouter: det \u00e4r det ultimata Wifi-systemet. Konfigurera f\u00f6r\u00e4ldrakontroll","breadcrumb":{"@id":"https:\/\/www.heddata.se\/webbutik\/produkt\/ubiquiti-amplifi-router-hd-home-wi-fi-no-mest-points-inc\/#breadcrumb"},"inLanguage":"sv-SE","potentialAction":[{"@type":"ReadAction","target":["https:\/\/www.heddata.se\/webbutik\/produkt\/ubiquiti-amplifi-router-hd-home-wi-fi-no-mest-points-inc\/"]}]},{"@type":"ImageObject","inLanguage":"sv-SE","@id":"https:\/\/www.heddata.se\/webbutik\/produkt\/ubiquiti-amplifi-router-hd-home-wi-fi-no-mest-points-inc\/#primaryimage","url":"https:\/\/www.heddata.se\/webbutik\/wp-content\/uploads\/webbutik\/kategorier\/Natvark\/Ubiquiti-AmpliFi-Router-HD-Home-Wi-Fi.jpg","contentUrl":"https:\/\/www.heddata.se\/webbutik\/wp-content\/uploads\/webbutik\/kategorier\/Natvark\/Ubiquiti-AmpliFi-Router-HD-Home-Wi-Fi.jpg","width":679,"height":679,"caption":"Ubiquiti AmpliFi Router HD Home Wi-Fi | No Mest Points inc"},{"@type":"BreadcrumbList","@id":"https:\/\/www.heddata.se\/webbutik\/produkt\/ubiquiti-amplifi-router-hd-home-wi-fi-no-mest-points-inc\/#breadcrumb","itemListElement":[{"@type":"ListItem","position":1,"name":"Hem","item":"https:\/\/www.heddata.se\/webbutik\/"},{"@type":"ListItem","position":2,"name":"Produkter","item":"https:\/\/www.heddata.se\/webbutik\/shop\/"},{"@type":"ListItem","position":3,"name":"Ubiquiti AmpliFi Router HD Home Wi-Fi | No Mest Points inc"}]},{"@type":"WebSite","@id":"https:\/\/www.heddata.se\/webbutik\/#website","url":"https:\/\/www.heddata.se\/webbutik\/","name":"Datorer, Skrivare, F\u00e4rgpatroner, Mobiltelefoner","description":"Kablar","publisher":{"@id":"https:\/\/www.heddata.se\/webbutik\/#organization"},"potentialAction":[{"@type":"SearchAction","target":{"@type":"EntryPoint","urlTemplate":"https:\/\/www.heddata.se\/webbutik\/?s={search_term_string}"},"query-input":{"@type":"PropertyValueSpecification","valueRequired":true,"valueName":"search_term_string"}}],"inLanguage":"sv-SE"},{"@type":"Organization","@id":"https:\/\/www.heddata.se\/webbutik\/#organization","name":"Heddata AB","url":"https:\/\/www.heddata.se\/webbutik\/","logo":{"@type":"ImageObject","inLanguage":"sv-SE","@id":"https:\/\/www.heddata.se\/webbutik\/#\/schema\/logo\/image\/","url":"https:\/\/www.heddata.se\/webbutik\/wp-content\/uploads\/logga\/heddata-ab-logga.png","contentUrl":"https:\/\/www.heddata.se\/webbutik\/wp-content\/uploads\/logga\/heddata-ab-logga.png","width":200,"height":64,"caption":"Heddata AB"},"image":{"@id":"https:\/\/www.heddata.se\/webbutik\/#\/schema\/logo\/image\/"}}]}},"_links":{"self":[{"href":"https:\/\/www.heddata.se\/webbutik\/wp-json\/wp\/v2\/product\/10848","targetHints":{"allow":["GET"]}}],"collection":[{"href":"https:\/\/www.heddata.se\/webbutik\/wp-json\/wp\/v2\/product"}],"about":[{"href":"https:\/\/www.heddata.se\/webbutik\/wp-json\/wp\/v2\/types\/product"}],"wp:featuredmedia":[{"embeddable":true,"href":"https:\/\/www.heddata.se\/webbutik\/wp-json\/wp\/v2\/media\/32501"}],"wp:attachment":[{"href":"https:\/\/www.heddata.se\/webbutik\/wp-json\/wp\/v2\/media?parent=10848"}],"wp:term":[{"taxonomy":"product_brand","embeddable":true,"href":"https:\/\/www.heddata.se\/webbutik\/wp-json\/wp\/v2\/product_brand?post=10848"},{"taxonomy":"product_cat","embeddable":true,"href":"https:\/\/www.heddata.se\/webbutik\/wp-json\/wp\/v2\/product_cat?post=10848"},{"taxonomy":"product_tag","embeddable":true,"href":"https:\/\/www.heddata.se\/webbutik\/wp-json\/wp\/v2\/product_tag?post=10848"}],"curies":[{"name":"wp","href":"https:\/\/api.w.org\/{rel}","templated":true}]}}