{"id":10822,"date":"2019-12-03T13:45:48","date_gmt":"2019-12-03T12:45:48","guid":{"rendered":"https:\/\/www.heddata.se\/webbutik\/?post_type=product&#038;p=10822"},"modified":"2026-04-08T18:40:41","modified_gmt":"2026-04-08T16:40:41","slug":"natadapter-100-240v-ac-50-60hz-till-5v-dc-2a-15m-svart","status":"publish","type":"product","link":"https:\/\/www.heddata.se\/webbutik\/produkt\/natadapter-100-240v-ac-50-60hz-till-5v-dc-2a-15m-svart\/","title":{"rendered":"N\u00e4tadapter 100-240V AC 50\/60Hz till 5V DC, 2A, 1,5m, svart"},"content":{"rendered":"<p>N\u00e4tadapter 100-240V AC 50\/60Hz till 5V DC, 2A, 1,5m, svart<\/p>\n<p>N\u00e4tadapter 100-240V AC 50\/60Hz \u00e4r en kompakt <a href=\"https:\/\/www.deltaco.se\/\" target=\"_blank\" rel=\"noopener noreferrer\">n\u00e4tadapter<\/a> med minimal standby-f\u00f6rbrukning och LED som visar om <a href=\"https:\/\/www.heddata.se\/webbutik\/el\/stromkablar\/\">str\u00f6m<\/a> tas emot.<\/p>\n<p>\u2022 Polaritet: plus i mitten.<br \/>\n\u2022 Kontaktens inner-\/ytterdiameter: 2,1\/5,5mm, djup: 12mm.<\/p>\n<p>M\u00e5tt utan v\u00e4ggkontakt(BxDxH): 28x73x40mm<\/p>\n","protected":false},"excerpt":{"rendered":"<p>N\u00e4tadapter 100-240V AC 50\/60Hz till 5V DC, 2A, 1,5m, svart<\/p>\n","protected":false},"featured_media":59107,"template":"","meta":[],"product_brand":[],"product_cat":[1473,77,123],"product_tag":[],"class_list":{"0":"post-10822","1":"product","2":"type-product","3":"status-publish","4":"has-post-thumbnail","6":"product_cat-el","7":"product_cat-el-kablar","8":"product_cat-vaggladdare","10":"first","11":"outofstock","12":"taxable","13":"shipping-taxable","14":"product-type-simple"},"yoast_head":"<!-- This site is optimized with the Yoast SEO Premium plugin v26.7 (Yoast SEO v26.7) - https:\/\/yoast.com\/wordpress\/plugins\/seo\/ -->\n<title>N\u00e4tadapter 100-240V AC 50\/60Hz till 5V DC, 2A, 1,5m, svart<\/title>\n<meta name=\"description\" content=\"N\u00e4tadapter 100-240V AC 50\/60Hz till 5V DC, 2A, 1,5m, svart. Kompakt n\u00e4tadapter med minimal standby-f\u00f6rbrukning och LED som visar om str\u00f6m tas emot.\" \/>\n<meta name=\"robots\" content=\"index, follow, max-snippet:-1, max-image-preview:large, max-video-preview:-1\" \/>\n<link rel=\"canonical\" href=\"https:\/\/www.heddata.se\/webbutik\/produkt\/natadapter-100-240v-ac-50-60hz-till-5v-dc-2a-15m-svart\/\" \/>\n<meta property=\"og:locale\" content=\"sv_SE\" \/>\n<meta property=\"og:type\" content=\"article\" \/>\n<meta property=\"og:title\" content=\"N\u00e4tadapter 100-240V AC 50\/60Hz till 5V DC, 2A, 1,5m, svart\" \/>\n<meta property=\"og:description\" content=\"N\u00e4tadapter 100-240V AC 50\/60Hz till 5V DC, 2A, 1,5m, svart. Kompakt n\u00e4tadapter med minimal standby-f\u00f6rbrukning och LED som visar om str\u00f6m tas emot.\" \/>\n<meta property=\"og:url\" content=\"https:\/\/www.heddata.se\/webbutik\/produkt\/natadapter-100-240v-ac-50-60hz-till-5v-dc-2a-15m-svart\/\" \/>\n<meta property=\"og:site_name\" content=\"Datorer, Skrivare, F\u00e4rgpatroner, Mobiltelefoner\" \/>\n<meta property=\"article:modified_time\" content=\"2026-04-08T16:40:41+00:00\" \/>\n<meta property=\"og:image\" content=\"https:\/\/www.heddata.se\/webbutik\/wp-content\/uploads\/ps05-20a.jpg\" \/>\n\t<meta property=\"og:image:width\" content=\"389\" \/>\n\t<meta property=\"og:image:height\" content=\"389\" \/>\n\t<meta property=\"og:image:type\" content=\"image\/jpeg\" \/>\n<meta name=\"twitter:card\" content=\"summary_large_image\" \/>\n<script type=\"application\/ld+json\" class=\"yoast-schema-graph\">{\"@context\":\"https:\/\/schema.org\",\"@graph\":[{\"@type\":\"WebPage\",\"@id\":\"https:\/\/www.heddata.se\/webbutik\/produkt\/natadapter-100-240v-ac-50-60hz-till-5v-dc-2a-15m-svart\/\",\"url\":\"https:\/\/www.heddata.se\/webbutik\/produkt\/natadapter-100-240v-ac-50-60hz-till-5v-dc-2a-15m-svart\/\",\"name\":\"N\u00e4tadapter 100-240V AC 50\/60Hz till 5V DC, 2A, 1,5m, svart\",\"isPartOf\":{\"@id\":\"https:\/\/www.heddata.se\/webbutik\/#website\"},\"primaryImageOfPage\":{\"@id\":\"https:\/\/www.heddata.se\/webbutik\/produkt\/natadapter-100-240v-ac-50-60hz-till-5v-dc-2a-15m-svart\/#primaryimage\"},\"image\":{\"@id\":\"https:\/\/www.heddata.se\/webbutik\/produkt\/natadapter-100-240v-ac-50-60hz-till-5v-dc-2a-15m-svart\/#primaryimage\"},\"thumbnailUrl\":\"https:\/\/www.heddata.se\/webbutik\/wp-content\/uploads\/ps05-20a.jpg\",\"datePublished\":\"2019-12-03T12:45:48+00:00\",\"dateModified\":\"2026-04-08T16:40:41+00:00\",\"description\":\"N\u00e4tadapter 100-240V AC 50\/60Hz till 5V DC, 2A, 1,5m, svart. Kompakt n\u00e4tadapter med minimal standby-f\u00f6rbrukning och LED som visar om str\u00f6m tas emot.\",\"breadcrumb\":{\"@id\":\"https:\/\/www.heddata.se\/webbutik\/produkt\/natadapter-100-240v-ac-50-60hz-till-5v-dc-2a-15m-svart\/#breadcrumb\"},\"inLanguage\":\"sv-SE\",\"potentialAction\":[{\"@type\":\"ReadAction\",\"target\":[\"https:\/\/www.heddata.se\/webbutik\/produkt\/natadapter-100-240v-ac-50-60hz-till-5v-dc-2a-15m-svart\/\"]}]},{\"@type\":\"ImageObject\",\"inLanguage\":\"sv-SE\",\"@id\":\"https:\/\/www.heddata.se\/webbutik\/produkt\/natadapter-100-240v-ac-50-60hz-till-5v-dc-2a-15m-svart\/#primaryimage\",\"url\":\"https:\/\/www.heddata.se\/webbutik\/wp-content\/uploads\/ps05-20a.jpg\",\"contentUrl\":\"https:\/\/www.heddata.se\/webbutik\/wp-content\/uploads\/ps05-20a.jpg\",\"width\":389,\"height\":389,\"caption\":\"N\u00e4tadapter 100-240V AC 50\/60Hz\"},{\"@type\":\"BreadcrumbList\",\"@id\":\"https:\/\/www.heddata.se\/webbutik\/produkt\/natadapter-100-240v-ac-50-60hz-till-5v-dc-2a-15m-svart\/#breadcrumb\",\"itemListElement\":[{\"@type\":\"ListItem\",\"position\":1,\"name\":\"Hem\",\"item\":\"https:\/\/www.heddata.se\/webbutik\/\"},{\"@type\":\"ListItem\",\"position\":2,\"name\":\"Produkter\",\"item\":\"https:\/\/www.heddata.se\/webbutik\/shop\/\"},{\"@type\":\"ListItem\",\"position\":3,\"name\":\"N\u00e4tadapter 100-240V AC 50\/60Hz till 5V DC, 2A, 1,5m, svart\"}]},{\"@type\":\"WebSite\",\"@id\":\"https:\/\/www.heddata.se\/webbutik\/#website\",\"url\":\"https:\/\/www.heddata.se\/webbutik\/\",\"name\":\"Datorer, Skrivare, F\u00e4rgpatroner, Mobiltelefoner\",\"description\":\"Kablar\",\"publisher\":{\"@id\":\"https:\/\/www.heddata.se\/webbutik\/#organization\"},\"potentialAction\":[{\"@type\":\"SearchAction\",\"target\":{\"@type\":\"EntryPoint\",\"urlTemplate\":\"https:\/\/www.heddata.se\/webbutik\/?s={search_term_string}\"},\"query-input\":{\"@type\":\"PropertyValueSpecification\",\"valueRequired\":true,\"valueName\":\"search_term_string\"}}],\"inLanguage\":\"sv-SE\"},{\"@type\":\"Organization\",\"@id\":\"https:\/\/www.heddata.se\/webbutik\/#organization\",\"name\":\"Heddata AB\",\"url\":\"https:\/\/www.heddata.se\/webbutik\/\",\"logo\":{\"@type\":\"ImageObject\",\"inLanguage\":\"sv-SE\",\"@id\":\"https:\/\/www.heddata.se\/webbutik\/#\/schema\/logo\/image\/\",\"url\":\"https:\/\/www.heddata.se\/webbutik\/wp-content\/uploads\/logga\/heddata-ab-logga.png\",\"contentUrl\":\"https:\/\/www.heddata.se\/webbutik\/wp-content\/uploads\/logga\/heddata-ab-logga.png\",\"width\":200,\"height\":64,\"caption\":\"Heddata AB\"},\"image\":{\"@id\":\"https:\/\/www.heddata.se\/webbutik\/#\/schema\/logo\/image\/\"}}]}<\/script>\n<!-- \/ Yoast SEO Premium plugin. -->","yoast_head_json":{"title":"N\u00e4tadapter 100-240V AC 50\/60Hz till 5V DC, 2A, 1,5m, svart","description":"N\u00e4tadapter 100-240V AC 50\/60Hz till 5V DC, 2A, 1,5m, svart. Kompakt n\u00e4tadapter med minimal standby-f\u00f6rbrukning och LED som visar om str\u00f6m tas emot.","robots":{"index":"index","follow":"follow","max-snippet":"max-snippet:-1","max-image-preview":"max-image-preview:large","max-video-preview":"max-video-preview:-1"},"canonical":"https:\/\/www.heddata.se\/webbutik\/produkt\/natadapter-100-240v-ac-50-60hz-till-5v-dc-2a-15m-svart\/","og_locale":"sv_SE","og_type":"article","og_title":"N\u00e4tadapter 100-240V AC 50\/60Hz till 5V DC, 2A, 1,5m, svart","og_description":"N\u00e4tadapter 100-240V AC 50\/60Hz till 5V DC, 2A, 1,5m, svart. Kompakt n\u00e4tadapter med minimal standby-f\u00f6rbrukning och LED som visar om str\u00f6m tas emot.","og_url":"https:\/\/www.heddata.se\/webbutik\/produkt\/natadapter-100-240v-ac-50-60hz-till-5v-dc-2a-15m-svart\/","og_site_name":"Datorer, Skrivare, F\u00e4rgpatroner, Mobiltelefoner","article_modified_time":"2026-04-08T16:40:41+00:00","og_image":[{"width":389,"height":389,"url":"https:\/\/www.heddata.se\/webbutik\/wp-content\/uploads\/ps05-20a.jpg","type":"image\/jpeg"}],"twitter_card":"summary_large_image","schema":{"@context":"https:\/\/schema.org","@graph":[{"@type":"WebPage","@id":"https:\/\/www.heddata.se\/webbutik\/produkt\/natadapter-100-240v-ac-50-60hz-till-5v-dc-2a-15m-svart\/","url":"https:\/\/www.heddata.se\/webbutik\/produkt\/natadapter-100-240v-ac-50-60hz-till-5v-dc-2a-15m-svart\/","name":"N\u00e4tadapter 100-240V AC 50\/60Hz till 5V DC, 2A, 1,5m, svart","isPartOf":{"@id":"https:\/\/www.heddata.se\/webbutik\/#website"},"primaryImageOfPage":{"@id":"https:\/\/www.heddata.se\/webbutik\/produkt\/natadapter-100-240v-ac-50-60hz-till-5v-dc-2a-15m-svart\/#primaryimage"},"image":{"@id":"https:\/\/www.heddata.se\/webbutik\/produkt\/natadapter-100-240v-ac-50-60hz-till-5v-dc-2a-15m-svart\/#primaryimage"},"thumbnailUrl":"https:\/\/www.heddata.se\/webbutik\/wp-content\/uploads\/ps05-20a.jpg","datePublished":"2019-12-03T12:45:48+00:00","dateModified":"2026-04-08T16:40:41+00:00","description":"N\u00e4tadapter 100-240V AC 50\/60Hz till 5V DC, 2A, 1,5m, svart. Kompakt n\u00e4tadapter med minimal standby-f\u00f6rbrukning och LED som visar om str\u00f6m tas emot.","breadcrumb":{"@id":"https:\/\/www.heddata.se\/webbutik\/produkt\/natadapter-100-240v-ac-50-60hz-till-5v-dc-2a-15m-svart\/#breadcrumb"},"inLanguage":"sv-SE","potentialAction":[{"@type":"ReadAction","target":["https:\/\/www.heddata.se\/webbutik\/produkt\/natadapter-100-240v-ac-50-60hz-till-5v-dc-2a-15m-svart\/"]}]},{"@type":"ImageObject","inLanguage":"sv-SE","@id":"https:\/\/www.heddata.se\/webbutik\/produkt\/natadapter-100-240v-ac-50-60hz-till-5v-dc-2a-15m-svart\/#primaryimage","url":"https:\/\/www.heddata.se\/webbutik\/wp-content\/uploads\/ps05-20a.jpg","contentUrl":"https:\/\/www.heddata.se\/webbutik\/wp-content\/uploads\/ps05-20a.jpg","width":389,"height":389,"caption":"N\u00e4tadapter 100-240V AC 50\/60Hz"},{"@type":"BreadcrumbList","@id":"https:\/\/www.heddata.se\/webbutik\/produkt\/natadapter-100-240v-ac-50-60hz-till-5v-dc-2a-15m-svart\/#breadcrumb","itemListElement":[{"@type":"ListItem","position":1,"name":"Hem","item":"https:\/\/www.heddata.se\/webbutik\/"},{"@type":"ListItem","position":2,"name":"Produkter","item":"https:\/\/www.heddata.se\/webbutik\/shop\/"},{"@type":"ListItem","position":3,"name":"N\u00e4tadapter 100-240V AC 50\/60Hz till 5V DC, 2A, 1,5m, svart"}]},{"@type":"WebSite","@id":"https:\/\/www.heddata.se\/webbutik\/#website","url":"https:\/\/www.heddata.se\/webbutik\/","name":"Datorer, Skrivare, F\u00e4rgpatroner, Mobiltelefoner","description":"Kablar","publisher":{"@id":"https:\/\/www.heddata.se\/webbutik\/#organization"},"potentialAction":[{"@type":"SearchAction","target":{"@type":"EntryPoint","urlTemplate":"https:\/\/www.heddata.se\/webbutik\/?s={search_term_string}"},"query-input":{"@type":"PropertyValueSpecification","valueRequired":true,"valueName":"search_term_string"}}],"inLanguage":"sv-SE"},{"@type":"Organization","@id":"https:\/\/www.heddata.se\/webbutik\/#organization","name":"Heddata AB","url":"https:\/\/www.heddata.se\/webbutik\/","logo":{"@type":"ImageObject","inLanguage":"sv-SE","@id":"https:\/\/www.heddata.se\/webbutik\/#\/schema\/logo\/image\/","url":"https:\/\/www.heddata.se\/webbutik\/wp-content\/uploads\/logga\/heddata-ab-logga.png","contentUrl":"https:\/\/www.heddata.se\/webbutik\/wp-content\/uploads\/logga\/heddata-ab-logga.png","width":200,"height":64,"caption":"Heddata AB"},"image":{"@id":"https:\/\/www.heddata.se\/webbutik\/#\/schema\/logo\/image\/"}}]}},"_links":{"self":[{"href":"https:\/\/www.heddata.se\/webbutik\/wp-json\/wp\/v2\/product\/10822","targetHints":{"allow":["GET"]}}],"collection":[{"href":"https:\/\/www.heddata.se\/webbutik\/wp-json\/wp\/v2\/product"}],"about":[{"href":"https:\/\/www.heddata.se\/webbutik\/wp-json\/wp\/v2\/types\/product"}],"wp:featuredmedia":[{"embeddable":true,"href":"https:\/\/www.heddata.se\/webbutik\/wp-json\/wp\/v2\/media\/59107"}],"wp:attachment":[{"href":"https:\/\/www.heddata.se\/webbutik\/wp-json\/wp\/v2\/media?parent=10822"}],"wp:term":[{"taxonomy":"product_brand","embeddable":true,"href":"https:\/\/www.heddata.se\/webbutik\/wp-json\/wp\/v2\/product_brand?post=10822"},{"taxonomy":"product_cat","embeddable":true,"href":"https:\/\/www.heddata.se\/webbutik\/wp-json\/wp\/v2\/product_cat?post=10822"},{"taxonomy":"product_tag","embeddable":true,"href":"https:\/\/www.heddata.se\/webbutik\/wp-json\/wp\/v2\/product_tag?post=10822"}],"curies":[{"name":"wp","href":"https:\/\/api.w.org\/{rel}","templated":true}]}}