{"id":10802,"date":"2019-12-03T13:45:41","date_gmt":"2019-12-03T12:45:41","guid":{"rendered":"https:\/\/www.heddata.se\/webbutik\/?post_type=product&#038;p=10802"},"modified":"2026-05-01T18:10:41","modified_gmt":"2026-05-01T16:10:41","slug":"apple-mini-dvi-till-vga-adapter","status":"publish","type":"product","link":"https:\/\/www.heddata.se\/webbutik\/produkt\/apple-mini-dvi-till-vga-adapter\/","title":{"rendered":"Apple mini DVI till VGA adapter"},"content":{"rendered":"<section class=\"product-main-info row product-box-card-no-top\">\n<div class=\"col-xs-12\">\n<section class=\"product-main-info__header product-main-info__header--variants\">\n<div class=\"product-main-info__info\" data-viewmodel=\"Components\/ProductMainInfo\/ProductDescriptionViewModel\" data-initobject=\"{&quot;webtext1All&quot;:&quot;Apple Mini DVI to VGA Adapter&quot;,&quot;webtextLimited&quot;:&quot;Apple Mini DVI to VGA Adapter&quot;,&quot;displayShowAllButton&quot;:false}\"><\/div>\n<div class=\"product-main-info__image-and-highlights\">\n<div class=\"product-images\">\n<div class=\"product-images__main-carousel\">\n<div class=\"medium-image-carousel\" data-viewmodel=\"Components\/ProductCarusel\/MediumImageCaruselViewModel\" aria-hidden=\"true\">\n<div class=\"swiper-container\" data-bind=\"horizontalSwiper: { swiper: swiper, activeSlideIndex : activeSlideIndex, keyboardControl: true, applySwipe: false, onSlideChange: onSlideChange }, css: {'overflow-visible': fullScreenVideo}\">\n<p class=\"swiper-wrapper\"><span style=\"color: #555555; font-size: 14.4px;\"><span style=\"color: #555555; font-size: 14.4px;\"><span style=\"color: #555555; font-size: 14.4px;\">Apple mini DVI till VGA. Apples mini-DVI-till-VGA-adapter \u00e4r avsedd f\u00f6r iMac (Intel Core Duo), MacBook och 12-tums PowerBook G4. Anslut <a href=\"https:\/\/www.heddata.se\/webbutik\/kablar\/adaptrar\/\">adaptern<\/a> till datorns mini-DVI-port och adapterns VGA-\u00e4nde till en extern bildsk\u00e4rm eller projektor. <\/span><\/span><\/span><span style=\"color: #555555; font-size: 14.4px;\">Du kan anv\u00e4nda kabeln b\u00e5de i l\u00e4get sk\u00e4rmbildsspegling och l\u00e4get f\u00f6r ut\u00f6kat skrivbord.\u00a0 <\/span><span style=\"color: #555555; font-size: 14.4px;\">Passar b\u00e4rbara modeller lanserade f\u00f6re oktober 2008, och nya MacBook White.<\/span><\/p>\n<div class=\"swiper-wrapper\"><span style=\"color: #555555; font-size: 14.4px;\"><span style=\"color: #555555; font-size: 14.4px;\">Kontaktdon: <\/span><\/span><span style=\"color: #555555; font-size: 14.4px;\"><span style=\"color: #555555; font-size: 14.4px;\">Apple mini-DVI &#8211; hane <\/span><\/span><\/div>\n<div class=\"swiper-wrapper\"><span style=\"color: #555555; font-size: 14.4px;\"><span style=\"color: #555555; font-size: 14.4px;\">Kontakt: (andra \u00e4nden) 15 pin HD D-Sub (HD-15) &#8211; hona<\/span><\/span><\/div>\n<\/div>\n<\/div>\n<\/div>\n<\/div>\n<\/div>\n<\/section>\n<\/div>\n<\/section>\n","protected":false},"excerpt":{"rendered":"<p>Apple mini DVI till VGA<\/p>\n","protected":false},"featured_media":34211,"template":"","meta":[],"product_brand":[],"product_cat":[79,59],"product_tag":[],"class_list":{"0":"post-10802","1":"product","2":"type-product","3":"status-publish","4":"has-post-thumbnail","6":"product_cat-adaptrar","7":"product_cat-kablar","9":"first","10":"instock","11":"taxable","12":"shipping-taxable","13":"purchasable","14":"product-type-simple"},"yoast_head":"<!-- This site is optimized with the Yoast SEO Premium plugin v26.7 (Yoast SEO v26.7) - https:\/\/yoast.com\/wordpress\/plugins\/seo\/ -->\n<title>Apple mini DVI till VGA adapter<\/title>\n<meta name=\"description\" content=\"\u00a0Apple mini DVI till VGA. Apples mini-DVI-till-VGA-adapter \u00e4r avsedd f\u00f6r iMac (Intel Core Duo), MacBook och 12-tums PowerBook G4.\" \/>\n<meta name=\"robots\" content=\"index, follow, max-snippet:-1, max-image-preview:large, max-video-preview:-1\" \/>\n<link rel=\"canonical\" href=\"https:\/\/www.heddata.se\/webbutik\/produkt\/apple-mini-dvi-till-vga-adapter\/\" \/>\n<meta property=\"og:locale\" content=\"sv_SE\" \/>\n<meta property=\"og:type\" content=\"article\" \/>\n<meta property=\"og:title\" content=\"Apple mini DVI till VGA adapter\" \/>\n<meta property=\"og:description\" content=\"\u00a0Apple mini DVI till VGA. Apples mini-DVI-till-VGA-adapter \u00e4r avsedd f\u00f6r iMac (Intel Core Duo), MacBook och 12-tums PowerBook G4.\" \/>\n<meta property=\"og:url\" content=\"https:\/\/www.heddata.se\/webbutik\/produkt\/apple-mini-dvi-till-vga-adapter\/\" \/>\n<meta property=\"og:site_name\" content=\"Datorer, Skrivare, F\u00e4rgpatroner, Mobiltelefoner\" \/>\n<meta property=\"article:modified_time\" content=\"2026-05-01T16:10:41+00:00\" \/>\n<meta property=\"og:image\" content=\"https:\/\/www.heddata.se\/webbutik\/wp-content\/uploads\/webbutik\/kategorier\/kablar-adaptrar\/Apple-mini-DVI-till-VGA-adapter.jpg\" \/>\n\t<meta property=\"og:image:width\" content=\"1000\" \/>\n\t<meta property=\"og:image:height\" content=\"1000\" \/>\n\t<meta property=\"og:image:type\" content=\"image\/jpeg\" \/>\n<meta name=\"twitter:card\" content=\"summary_large_image\" \/>\n<script type=\"application\/ld+json\" class=\"yoast-schema-graph\">{\"@context\":\"https:\/\/schema.org\",\"@graph\":[{\"@type\":\"WebPage\",\"@id\":\"https:\/\/www.heddata.se\/webbutik\/produkt\/apple-mini-dvi-till-vga-adapter\/\",\"url\":\"https:\/\/www.heddata.se\/webbutik\/produkt\/apple-mini-dvi-till-vga-adapter\/\",\"name\":\"Apple mini DVI till VGA adapter\",\"isPartOf\":{\"@id\":\"https:\/\/www.heddata.se\/webbutik\/#website\"},\"primaryImageOfPage\":{\"@id\":\"https:\/\/www.heddata.se\/webbutik\/produkt\/apple-mini-dvi-till-vga-adapter\/#primaryimage\"},\"image\":{\"@id\":\"https:\/\/www.heddata.se\/webbutik\/produkt\/apple-mini-dvi-till-vga-adapter\/#primaryimage\"},\"thumbnailUrl\":\"https:\/\/www.heddata.se\/webbutik\/wp-content\/uploads\/webbutik\/kategorier\/kablar-adaptrar\/Apple-mini-DVI-till-VGA-adapter.jpg\",\"datePublished\":\"2019-12-03T12:45:41+00:00\",\"dateModified\":\"2026-05-01T16:10:41+00:00\",\"description\":\"\u00a0Apple mini DVI till VGA. Apples mini-DVI-till-VGA-adapter \u00e4r avsedd f\u00f6r iMac (Intel Core Duo), MacBook och 12-tums PowerBook G4.\",\"breadcrumb\":{\"@id\":\"https:\/\/www.heddata.se\/webbutik\/produkt\/apple-mini-dvi-till-vga-adapter\/#breadcrumb\"},\"inLanguage\":\"sv-SE\",\"potentialAction\":[{\"@type\":\"ReadAction\",\"target\":[\"https:\/\/www.heddata.se\/webbutik\/produkt\/apple-mini-dvi-till-vga-adapter\/\"]}]},{\"@type\":\"ImageObject\",\"inLanguage\":\"sv-SE\",\"@id\":\"https:\/\/www.heddata.se\/webbutik\/produkt\/apple-mini-dvi-till-vga-adapter\/#primaryimage\",\"url\":\"https:\/\/www.heddata.se\/webbutik\/wp-content\/uploads\/webbutik\/kategorier\/kablar-adaptrar\/Apple-mini-DVI-till-VGA-adapter.jpg\",\"contentUrl\":\"https:\/\/www.heddata.se\/webbutik\/wp-content\/uploads\/webbutik\/kategorier\/kablar-adaptrar\/Apple-mini-DVI-till-VGA-adapter.jpg\",\"width\":1000,\"height\":1000,\"caption\":\"Apple mini DVI till VGA adapter\"},{\"@type\":\"BreadcrumbList\",\"@id\":\"https:\/\/www.heddata.se\/webbutik\/produkt\/apple-mini-dvi-till-vga-adapter\/#breadcrumb\",\"itemListElement\":[{\"@type\":\"ListItem\",\"position\":1,\"name\":\"Hem\",\"item\":\"https:\/\/www.heddata.se\/webbutik\/\"},{\"@type\":\"ListItem\",\"position\":2,\"name\":\"Produkter\",\"item\":\"https:\/\/www.heddata.se\/webbutik\/shop\/\"},{\"@type\":\"ListItem\",\"position\":3,\"name\":\"Apple mini DVI till VGA adapter\"}]},{\"@type\":\"WebSite\",\"@id\":\"https:\/\/www.heddata.se\/webbutik\/#website\",\"url\":\"https:\/\/www.heddata.se\/webbutik\/\",\"name\":\"Datorer, Skrivare, F\u00e4rgpatroner, Mobiltelefoner\",\"description\":\"Kablar\",\"publisher\":{\"@id\":\"https:\/\/www.heddata.se\/webbutik\/#organization\"},\"potentialAction\":[{\"@type\":\"SearchAction\",\"target\":{\"@type\":\"EntryPoint\",\"urlTemplate\":\"https:\/\/www.heddata.se\/webbutik\/?s={search_term_string}\"},\"query-input\":{\"@type\":\"PropertyValueSpecification\",\"valueRequired\":true,\"valueName\":\"search_term_string\"}}],\"inLanguage\":\"sv-SE\"},{\"@type\":\"Organization\",\"@id\":\"https:\/\/www.heddata.se\/webbutik\/#organization\",\"name\":\"Heddata AB\",\"url\":\"https:\/\/www.heddata.se\/webbutik\/\",\"logo\":{\"@type\":\"ImageObject\",\"inLanguage\":\"sv-SE\",\"@id\":\"https:\/\/www.heddata.se\/webbutik\/#\/schema\/logo\/image\/\",\"url\":\"https:\/\/www.heddata.se\/webbutik\/wp-content\/uploads\/logga\/heddata-ab-logga.png\",\"contentUrl\":\"https:\/\/www.heddata.se\/webbutik\/wp-content\/uploads\/logga\/heddata-ab-logga.png\",\"width\":200,\"height\":64,\"caption\":\"Heddata AB\"},\"image\":{\"@id\":\"https:\/\/www.heddata.se\/webbutik\/#\/schema\/logo\/image\/\"}}]}<\/script>\n<!-- \/ Yoast SEO Premium plugin. -->","yoast_head_json":{"title":"Apple mini DVI till VGA adapter","description":"\u00a0Apple mini DVI till VGA. Apples mini-DVI-till-VGA-adapter \u00e4r avsedd f\u00f6r iMac (Intel Core Duo), MacBook och 12-tums PowerBook G4.","robots":{"index":"index","follow":"follow","max-snippet":"max-snippet:-1","max-image-preview":"max-image-preview:large","max-video-preview":"max-video-preview:-1"},"canonical":"https:\/\/www.heddata.se\/webbutik\/produkt\/apple-mini-dvi-till-vga-adapter\/","og_locale":"sv_SE","og_type":"article","og_title":"Apple mini DVI till VGA adapter","og_description":"\u00a0Apple mini DVI till VGA. Apples mini-DVI-till-VGA-adapter \u00e4r avsedd f\u00f6r iMac (Intel Core Duo), MacBook och 12-tums PowerBook G4.","og_url":"https:\/\/www.heddata.se\/webbutik\/produkt\/apple-mini-dvi-till-vga-adapter\/","og_site_name":"Datorer, Skrivare, F\u00e4rgpatroner, Mobiltelefoner","article_modified_time":"2026-05-01T16:10:41+00:00","og_image":[{"width":1000,"height":1000,"url":"https:\/\/www.heddata.se\/webbutik\/wp-content\/uploads\/webbutik\/kategorier\/kablar-adaptrar\/Apple-mini-DVI-till-VGA-adapter.jpg","type":"image\/jpeg"}],"twitter_card":"summary_large_image","schema":{"@context":"https:\/\/schema.org","@graph":[{"@type":"WebPage","@id":"https:\/\/www.heddata.se\/webbutik\/produkt\/apple-mini-dvi-till-vga-adapter\/","url":"https:\/\/www.heddata.se\/webbutik\/produkt\/apple-mini-dvi-till-vga-adapter\/","name":"Apple mini DVI till VGA adapter","isPartOf":{"@id":"https:\/\/www.heddata.se\/webbutik\/#website"},"primaryImageOfPage":{"@id":"https:\/\/www.heddata.se\/webbutik\/produkt\/apple-mini-dvi-till-vga-adapter\/#primaryimage"},"image":{"@id":"https:\/\/www.heddata.se\/webbutik\/produkt\/apple-mini-dvi-till-vga-adapter\/#primaryimage"},"thumbnailUrl":"https:\/\/www.heddata.se\/webbutik\/wp-content\/uploads\/webbutik\/kategorier\/kablar-adaptrar\/Apple-mini-DVI-till-VGA-adapter.jpg","datePublished":"2019-12-03T12:45:41+00:00","dateModified":"2026-05-01T16:10:41+00:00","description":"\u00a0Apple mini DVI till VGA. Apples mini-DVI-till-VGA-adapter \u00e4r avsedd f\u00f6r iMac (Intel Core Duo), MacBook och 12-tums PowerBook G4.","breadcrumb":{"@id":"https:\/\/www.heddata.se\/webbutik\/produkt\/apple-mini-dvi-till-vga-adapter\/#breadcrumb"},"inLanguage":"sv-SE","potentialAction":[{"@type":"ReadAction","target":["https:\/\/www.heddata.se\/webbutik\/produkt\/apple-mini-dvi-till-vga-adapter\/"]}]},{"@type":"ImageObject","inLanguage":"sv-SE","@id":"https:\/\/www.heddata.se\/webbutik\/produkt\/apple-mini-dvi-till-vga-adapter\/#primaryimage","url":"https:\/\/www.heddata.se\/webbutik\/wp-content\/uploads\/webbutik\/kategorier\/kablar-adaptrar\/Apple-mini-DVI-till-VGA-adapter.jpg","contentUrl":"https:\/\/www.heddata.se\/webbutik\/wp-content\/uploads\/webbutik\/kategorier\/kablar-adaptrar\/Apple-mini-DVI-till-VGA-adapter.jpg","width":1000,"height":1000,"caption":"Apple mini DVI till VGA adapter"},{"@type":"BreadcrumbList","@id":"https:\/\/www.heddata.se\/webbutik\/produkt\/apple-mini-dvi-till-vga-adapter\/#breadcrumb","itemListElement":[{"@type":"ListItem","position":1,"name":"Hem","item":"https:\/\/www.heddata.se\/webbutik\/"},{"@type":"ListItem","position":2,"name":"Produkter","item":"https:\/\/www.heddata.se\/webbutik\/shop\/"},{"@type":"ListItem","position":3,"name":"Apple mini DVI till VGA adapter"}]},{"@type":"WebSite","@id":"https:\/\/www.heddata.se\/webbutik\/#website","url":"https:\/\/www.heddata.se\/webbutik\/","name":"Datorer, Skrivare, F\u00e4rgpatroner, Mobiltelefoner","description":"Kablar","publisher":{"@id":"https:\/\/www.heddata.se\/webbutik\/#organization"},"potentialAction":[{"@type":"SearchAction","target":{"@type":"EntryPoint","urlTemplate":"https:\/\/www.heddata.se\/webbutik\/?s={search_term_string}"},"query-input":{"@type":"PropertyValueSpecification","valueRequired":true,"valueName":"search_term_string"}}],"inLanguage":"sv-SE"},{"@type":"Organization","@id":"https:\/\/www.heddata.se\/webbutik\/#organization","name":"Heddata AB","url":"https:\/\/www.heddata.se\/webbutik\/","logo":{"@type":"ImageObject","inLanguage":"sv-SE","@id":"https:\/\/www.heddata.se\/webbutik\/#\/schema\/logo\/image\/","url":"https:\/\/www.heddata.se\/webbutik\/wp-content\/uploads\/logga\/heddata-ab-logga.png","contentUrl":"https:\/\/www.heddata.se\/webbutik\/wp-content\/uploads\/logga\/heddata-ab-logga.png","width":200,"height":64,"caption":"Heddata AB"},"image":{"@id":"https:\/\/www.heddata.se\/webbutik\/#\/schema\/logo\/image\/"}}]}},"_links":{"self":[{"href":"https:\/\/www.heddata.se\/webbutik\/wp-json\/wp\/v2\/product\/10802","targetHints":{"allow":["GET"]}}],"collection":[{"href":"https:\/\/www.heddata.se\/webbutik\/wp-json\/wp\/v2\/product"}],"about":[{"href":"https:\/\/www.heddata.se\/webbutik\/wp-json\/wp\/v2\/types\/product"}],"wp:featuredmedia":[{"embeddable":true,"href":"https:\/\/www.heddata.se\/webbutik\/wp-json\/wp\/v2\/media\/34211"}],"wp:attachment":[{"href":"https:\/\/www.heddata.se\/webbutik\/wp-json\/wp\/v2\/media?parent=10802"}],"wp:term":[{"taxonomy":"product_brand","embeddable":true,"href":"https:\/\/www.heddata.se\/webbutik\/wp-json\/wp\/v2\/product_brand?post=10802"},{"taxonomy":"product_cat","embeddable":true,"href":"https:\/\/www.heddata.se\/webbutik\/wp-json\/wp\/v2\/product_cat?post=10802"},{"taxonomy":"product_tag","embeddable":true,"href":"https:\/\/www.heddata.se\/webbutik\/wp-json\/wp\/v2\/product_tag?post=10802"}],"curies":[{"name":"wp","href":"https:\/\/api.w.org\/{rel}","templated":true}]}}