{"id":10759,"date":"2019-12-03T13:45:24","date_gmt":"2019-12-03T12:45:24","guid":{"rendered":"https:\/\/www.heddata.se\/webbutik\/?post_type=product&#038;p=10759"},"modified":"2026-04-14T18:11:43","modified_gmt":"2026-04-14T16:11:43","slug":"d-link-rangebooster-tradlos-usb-2-0-adapter-300mbps","status":"publish","type":"product","link":"https:\/\/www.heddata.se\/webbutik\/produkt\/d-link-rangebooster-tradlos-usb-2-0-adapter-300mbps\/","title":{"rendered":"D-Link Rangebooster Tr\u00e5dl\u00f6s USB 2.0-Adapter 300Mbps"},"content":{"rendered":"<h4 class=\"mb-0\">D-Link Rangebooster Tr\u00e5dl\u00f6s USB 2.0-Adapter 300Mbps<\/h4>\n<p class=\"mb-0\">D-Link Rangebooster Tr\u00e5dl\u00f6s USB 2.0-Adapter 300Mbps<\/p>\n<p><b>Absolut h\u00f6gsta prestanda och flexibilitet.<\/b><\/p>\n<p>USB 2.0-adaptern DWA-142 RangeBooster N\u2122 \u00e4r en draft 802.11n-klientenhet som ger f\u00f6rdelar i form av \u201dreal world\u201d-prestanda. Den \u00e4r snabbare \u00e4n tr\u00e5dl\u00f6sa 802.11g-adaptrar och har den extra f\u00f6rdel att den kan flyttas mellan notebook-datorer och station\u00e4ra datorer. Det f\u00f6ljer med en USB-kabel, s\u00e5 att adapterns placering kan justeras efter \u00f6nskem\u00e5l och f\u00f6r att uppn\u00e5 maximal mottagning.<\/p>\n<p><b>Specifikationer:<\/b><br \/>\nDraft 802.11n tr\u00e5dl\u00f6st LAN-specifikation, bak\u00e5tkompatibel med 802.11b\/g-enheter<br \/>\n2,4 GHz-frekvensband<br \/>\nSnabb USB 2.0-anslutning till notebook-dator\/station\u00e4r dator<br \/>\nUpp till 300Mbps \u00f6verf\u00f6ringshastighet f\u00f6r r\u00e5data<br \/>\nKraftfull s\u00e4kerhet med WEP, WPA-\/WPA2-datakryptering<br \/>\nSt\u00f6djer operativsystemen Windows 2000\/XP<br \/>\nIntegrerad intern antenn<br \/>\n<a href=\"https:\/\/eu.dlink.com\/se\/sv\" target=\"_blank\" rel=\"noopener noreferrer\">D-Links<\/a> Wireless Manager ger enkel \u00e5tkomst till de <a href=\"https:\/\/www.heddata.se\/webbutik\/natverk\/\">n\u00e4tverk<\/a> som du ofta anv\u00e4nder<br \/>\nPlug-and-play-installation p\u00e5 det lokala spr\u00e5ket<\/p>\n","protected":false},"excerpt":{"rendered":"<h4 class=\"mb-0\">D-Link Rangebooster Tr\u00e5dl\u00f6s USB 2.0-Adapter 300Mbps<\/h4>\n","protected":false},"featured_media":67031,"template":"","meta":[],"product_brand":[],"product_cat":[8980,70],"product_tag":[],"class_list":{"0":"post-10759","1":"product","2":"type-product","3":"status-publish","4":"has-post-thumbnail","6":"product_cat-accesspunkter-och-natverksforlangare","7":"product_cat-natverk","9":"first","10":"instock","11":"taxable","12":"shipping-taxable","13":"purchasable","14":"product-type-simple"},"yoast_head":"<!-- This site is optimized with the Yoast SEO Premium plugin v26.7 (Yoast SEO v26.7) - https:\/\/yoast.com\/wordpress\/plugins\/seo\/ -->\n<title>D-Link Rangebooster Tr\u00e5dl\u00f6s USB 2.0-Adapter 300Mbps<\/title>\n<meta name=\"description\" content=\"D-Link Rangebooster Tr\u00e5dl\u00f6s USB 2.0-Adapter 300Mbps, snabb USB 2.0-anslutning till notebook-dator\/station\u00e4r dator, upp till 300Mbps \u00f6verf\u00f6ringshastighet\" \/>\n<meta name=\"robots\" content=\"index, follow, max-snippet:-1, max-image-preview:large, max-video-preview:-1\" \/>\n<link rel=\"canonical\" href=\"https:\/\/www.heddata.se\/webbutik\/produkt\/d-link-rangebooster-tradlos-usb-2-0-adapter-300mbps\/\" \/>\n<meta property=\"og:locale\" content=\"sv_SE\" \/>\n<meta property=\"og:type\" content=\"article\" \/>\n<meta property=\"og:title\" content=\"D-Link Rangebooster Tr\u00e5dl\u00f6s USB 2.0-Adapter 300Mbps\" \/>\n<meta property=\"og:description\" content=\"D-Link Rangebooster Tr\u00e5dl\u00f6s USB 2.0-Adapter 300Mbps, snabb USB 2.0-anslutning till notebook-dator\/station\u00e4r dator, upp till 300Mbps \u00f6verf\u00f6ringshastighet\" \/>\n<meta property=\"og:url\" content=\"https:\/\/www.heddata.se\/webbutik\/produkt\/d-link-rangebooster-tradlos-usb-2-0-adapter-300mbps\/\" \/>\n<meta property=\"og:site_name\" content=\"Datorer, Skrivare, F\u00e4rgpatroner, Mobiltelefoner\" \/>\n<meta property=\"article:modified_time\" content=\"2026-04-14T16:11:43+00:00\" \/>\n<meta property=\"og:image\" content=\"https:\/\/www.heddata.se\/webbutik\/wp-content\/uploads\/d-link-rangebooster.jpg\" \/>\n\t<meta property=\"og:image:width\" content=\"280\" \/>\n\t<meta property=\"og:image:height\" content=\"280\" \/>\n\t<meta property=\"og:image:type\" content=\"image\/jpeg\" \/>\n<meta name=\"twitter:card\" content=\"summary_large_image\" \/>\n<meta name=\"twitter:label1\" content=\"Ber\u00e4knad l\u00e4stid\" \/>\n\t<meta name=\"twitter:data1\" content=\"1 minut\" \/>\n<script type=\"application\/ld+json\" class=\"yoast-schema-graph\">{\"@context\":\"https:\/\/schema.org\",\"@graph\":[{\"@type\":\"WebPage\",\"@id\":\"https:\/\/www.heddata.se\/webbutik\/produkt\/d-link-rangebooster-tradlos-usb-2-0-adapter-300mbps\/\",\"url\":\"https:\/\/www.heddata.se\/webbutik\/produkt\/d-link-rangebooster-tradlos-usb-2-0-adapter-300mbps\/\",\"name\":\"D-Link Rangebooster Tr\u00e5dl\u00f6s USB 2.0-Adapter 300Mbps\",\"isPartOf\":{\"@id\":\"https:\/\/www.heddata.se\/webbutik\/#website\"},\"primaryImageOfPage\":{\"@id\":\"https:\/\/www.heddata.se\/webbutik\/produkt\/d-link-rangebooster-tradlos-usb-2-0-adapter-300mbps\/#primaryimage\"},\"image\":{\"@id\":\"https:\/\/www.heddata.se\/webbutik\/produkt\/d-link-rangebooster-tradlos-usb-2-0-adapter-300mbps\/#primaryimage\"},\"thumbnailUrl\":\"https:\/\/www.heddata.se\/webbutik\/wp-content\/uploads\/d-link-rangebooster.jpg\",\"datePublished\":\"2019-12-03T12:45:24+00:00\",\"dateModified\":\"2026-04-14T16:11:43+00:00\",\"description\":\"D-Link Rangebooster Tr\u00e5dl\u00f6s USB 2.0-Adapter 300Mbps, snabb USB 2.0-anslutning till notebook-dator\/station\u00e4r dator, upp till 300Mbps \u00f6verf\u00f6ringshastighet\",\"breadcrumb\":{\"@id\":\"https:\/\/www.heddata.se\/webbutik\/produkt\/d-link-rangebooster-tradlos-usb-2-0-adapter-300mbps\/#breadcrumb\"},\"inLanguage\":\"sv-SE\",\"potentialAction\":[{\"@type\":\"ReadAction\",\"target\":[\"https:\/\/www.heddata.se\/webbutik\/produkt\/d-link-rangebooster-tradlos-usb-2-0-adapter-300mbps\/\"]}]},{\"@type\":\"ImageObject\",\"inLanguage\":\"sv-SE\",\"@id\":\"https:\/\/www.heddata.se\/webbutik\/produkt\/d-link-rangebooster-tradlos-usb-2-0-adapter-300mbps\/#primaryimage\",\"url\":\"https:\/\/www.heddata.se\/webbutik\/wp-content\/uploads\/d-link-rangebooster.jpg\",\"contentUrl\":\"https:\/\/www.heddata.se\/webbutik\/wp-content\/uploads\/d-link-rangebooster.jpg\",\"width\":280,\"height\":280,\"caption\":\"D-Link Rangebooster Tr\u00e5dl\u00f6s USB\"},{\"@type\":\"BreadcrumbList\",\"@id\":\"https:\/\/www.heddata.se\/webbutik\/produkt\/d-link-rangebooster-tradlos-usb-2-0-adapter-300mbps\/#breadcrumb\",\"itemListElement\":[{\"@type\":\"ListItem\",\"position\":1,\"name\":\"Hem\",\"item\":\"https:\/\/www.heddata.se\/webbutik\/\"},{\"@type\":\"ListItem\",\"position\":2,\"name\":\"Produkter\",\"item\":\"https:\/\/www.heddata.se\/webbutik\/shop\/\"},{\"@type\":\"ListItem\",\"position\":3,\"name\":\"D-Link Rangebooster Tr\u00e5dl\u00f6s USB 2.0-Adapter 300Mbps\"}]},{\"@type\":\"WebSite\",\"@id\":\"https:\/\/www.heddata.se\/webbutik\/#website\",\"url\":\"https:\/\/www.heddata.se\/webbutik\/\",\"name\":\"Datorer, Skrivare, F\u00e4rgpatroner, Mobiltelefoner\",\"description\":\"Kablar\",\"publisher\":{\"@id\":\"https:\/\/www.heddata.se\/webbutik\/#organization\"},\"potentialAction\":[{\"@type\":\"SearchAction\",\"target\":{\"@type\":\"EntryPoint\",\"urlTemplate\":\"https:\/\/www.heddata.se\/webbutik\/?s={search_term_string}\"},\"query-input\":{\"@type\":\"PropertyValueSpecification\",\"valueRequired\":true,\"valueName\":\"search_term_string\"}}],\"inLanguage\":\"sv-SE\"},{\"@type\":\"Organization\",\"@id\":\"https:\/\/www.heddata.se\/webbutik\/#organization\",\"name\":\"Heddata AB\",\"url\":\"https:\/\/www.heddata.se\/webbutik\/\",\"logo\":{\"@type\":\"ImageObject\",\"inLanguage\":\"sv-SE\",\"@id\":\"https:\/\/www.heddata.se\/webbutik\/#\/schema\/logo\/image\/\",\"url\":\"https:\/\/www.heddata.se\/webbutik\/wp-content\/uploads\/logga\/heddata-ab-logga.png\",\"contentUrl\":\"https:\/\/www.heddata.se\/webbutik\/wp-content\/uploads\/logga\/heddata-ab-logga.png\",\"width\":200,\"height\":64,\"caption\":\"Heddata AB\"},\"image\":{\"@id\":\"https:\/\/www.heddata.se\/webbutik\/#\/schema\/logo\/image\/\"}}]}<\/script>\n<!-- \/ Yoast SEO Premium plugin. -->","yoast_head_json":{"title":"D-Link Rangebooster Tr\u00e5dl\u00f6s USB 2.0-Adapter 300Mbps","description":"D-Link Rangebooster Tr\u00e5dl\u00f6s USB 2.0-Adapter 300Mbps, snabb USB 2.0-anslutning till notebook-dator\/station\u00e4r dator, upp till 300Mbps \u00f6verf\u00f6ringshastighet","robots":{"index":"index","follow":"follow","max-snippet":"max-snippet:-1","max-image-preview":"max-image-preview:large","max-video-preview":"max-video-preview:-1"},"canonical":"https:\/\/www.heddata.se\/webbutik\/produkt\/d-link-rangebooster-tradlos-usb-2-0-adapter-300mbps\/","og_locale":"sv_SE","og_type":"article","og_title":"D-Link Rangebooster Tr\u00e5dl\u00f6s USB 2.0-Adapter 300Mbps","og_description":"D-Link Rangebooster Tr\u00e5dl\u00f6s USB 2.0-Adapter 300Mbps, snabb USB 2.0-anslutning till notebook-dator\/station\u00e4r dator, upp till 300Mbps \u00f6verf\u00f6ringshastighet","og_url":"https:\/\/www.heddata.se\/webbutik\/produkt\/d-link-rangebooster-tradlos-usb-2-0-adapter-300mbps\/","og_site_name":"Datorer, Skrivare, F\u00e4rgpatroner, Mobiltelefoner","article_modified_time":"2026-04-14T16:11:43+00:00","og_image":[{"width":280,"height":280,"url":"https:\/\/www.heddata.se\/webbutik\/wp-content\/uploads\/d-link-rangebooster.jpg","type":"image\/jpeg"}],"twitter_card":"summary_large_image","twitter_misc":{"Ber\u00e4knad l\u00e4stid":"1 minut"},"schema":{"@context":"https:\/\/schema.org","@graph":[{"@type":"WebPage","@id":"https:\/\/www.heddata.se\/webbutik\/produkt\/d-link-rangebooster-tradlos-usb-2-0-adapter-300mbps\/","url":"https:\/\/www.heddata.se\/webbutik\/produkt\/d-link-rangebooster-tradlos-usb-2-0-adapter-300mbps\/","name":"D-Link Rangebooster Tr\u00e5dl\u00f6s USB 2.0-Adapter 300Mbps","isPartOf":{"@id":"https:\/\/www.heddata.se\/webbutik\/#website"},"primaryImageOfPage":{"@id":"https:\/\/www.heddata.se\/webbutik\/produkt\/d-link-rangebooster-tradlos-usb-2-0-adapter-300mbps\/#primaryimage"},"image":{"@id":"https:\/\/www.heddata.se\/webbutik\/produkt\/d-link-rangebooster-tradlos-usb-2-0-adapter-300mbps\/#primaryimage"},"thumbnailUrl":"https:\/\/www.heddata.se\/webbutik\/wp-content\/uploads\/d-link-rangebooster.jpg","datePublished":"2019-12-03T12:45:24+00:00","dateModified":"2026-04-14T16:11:43+00:00","description":"D-Link Rangebooster Tr\u00e5dl\u00f6s USB 2.0-Adapter 300Mbps, snabb USB 2.0-anslutning till notebook-dator\/station\u00e4r dator, upp till 300Mbps \u00f6verf\u00f6ringshastighet","breadcrumb":{"@id":"https:\/\/www.heddata.se\/webbutik\/produkt\/d-link-rangebooster-tradlos-usb-2-0-adapter-300mbps\/#breadcrumb"},"inLanguage":"sv-SE","potentialAction":[{"@type":"ReadAction","target":["https:\/\/www.heddata.se\/webbutik\/produkt\/d-link-rangebooster-tradlos-usb-2-0-adapter-300mbps\/"]}]},{"@type":"ImageObject","inLanguage":"sv-SE","@id":"https:\/\/www.heddata.se\/webbutik\/produkt\/d-link-rangebooster-tradlos-usb-2-0-adapter-300mbps\/#primaryimage","url":"https:\/\/www.heddata.se\/webbutik\/wp-content\/uploads\/d-link-rangebooster.jpg","contentUrl":"https:\/\/www.heddata.se\/webbutik\/wp-content\/uploads\/d-link-rangebooster.jpg","width":280,"height":280,"caption":"D-Link Rangebooster Tr\u00e5dl\u00f6s USB"},{"@type":"BreadcrumbList","@id":"https:\/\/www.heddata.se\/webbutik\/produkt\/d-link-rangebooster-tradlos-usb-2-0-adapter-300mbps\/#breadcrumb","itemListElement":[{"@type":"ListItem","position":1,"name":"Hem","item":"https:\/\/www.heddata.se\/webbutik\/"},{"@type":"ListItem","position":2,"name":"Produkter","item":"https:\/\/www.heddata.se\/webbutik\/shop\/"},{"@type":"ListItem","position":3,"name":"D-Link Rangebooster Tr\u00e5dl\u00f6s USB 2.0-Adapter 300Mbps"}]},{"@type":"WebSite","@id":"https:\/\/www.heddata.se\/webbutik\/#website","url":"https:\/\/www.heddata.se\/webbutik\/","name":"Datorer, Skrivare, F\u00e4rgpatroner, Mobiltelefoner","description":"Kablar","publisher":{"@id":"https:\/\/www.heddata.se\/webbutik\/#organization"},"potentialAction":[{"@type":"SearchAction","target":{"@type":"EntryPoint","urlTemplate":"https:\/\/www.heddata.se\/webbutik\/?s={search_term_string}"},"query-input":{"@type":"PropertyValueSpecification","valueRequired":true,"valueName":"search_term_string"}}],"inLanguage":"sv-SE"},{"@type":"Organization","@id":"https:\/\/www.heddata.se\/webbutik\/#organization","name":"Heddata AB","url":"https:\/\/www.heddata.se\/webbutik\/","logo":{"@type":"ImageObject","inLanguage":"sv-SE","@id":"https:\/\/www.heddata.se\/webbutik\/#\/schema\/logo\/image\/","url":"https:\/\/www.heddata.se\/webbutik\/wp-content\/uploads\/logga\/heddata-ab-logga.png","contentUrl":"https:\/\/www.heddata.se\/webbutik\/wp-content\/uploads\/logga\/heddata-ab-logga.png","width":200,"height":64,"caption":"Heddata AB"},"image":{"@id":"https:\/\/www.heddata.se\/webbutik\/#\/schema\/logo\/image\/"}}]}},"_links":{"self":[{"href":"https:\/\/www.heddata.se\/webbutik\/wp-json\/wp\/v2\/product\/10759","targetHints":{"allow":["GET"]}}],"collection":[{"href":"https:\/\/www.heddata.se\/webbutik\/wp-json\/wp\/v2\/product"}],"about":[{"href":"https:\/\/www.heddata.se\/webbutik\/wp-json\/wp\/v2\/types\/product"}],"wp:featuredmedia":[{"embeddable":true,"href":"https:\/\/www.heddata.se\/webbutik\/wp-json\/wp\/v2\/media\/67031"}],"wp:attachment":[{"href":"https:\/\/www.heddata.se\/webbutik\/wp-json\/wp\/v2\/media?parent=10759"}],"wp:term":[{"taxonomy":"product_brand","embeddable":true,"href":"https:\/\/www.heddata.se\/webbutik\/wp-json\/wp\/v2\/product_brand?post=10759"},{"taxonomy":"product_cat","embeddable":true,"href":"https:\/\/www.heddata.se\/webbutik\/wp-json\/wp\/v2\/product_cat?post=10759"},{"taxonomy":"product_tag","embeddable":true,"href":"https:\/\/www.heddata.se\/webbutik\/wp-json\/wp\/v2\/product_tag?post=10759"}],"curies":[{"name":"wp","href":"https:\/\/api.w.org\/{rel}","templated":true}]}}