{"id":10756,"date":"2019-12-03T13:45:24","date_gmt":"2019-12-03T12:45:24","guid":{"rendered":"https:\/\/www.heddata.se\/webbutik\/?post_type=product&#038;p=10756"},"modified":"2026-04-07T18:29:51","modified_gmt":"2026-04-07T16:29:51","slug":"adapter-displayport-till-dvi-d-single-link-ha-ho","status":"publish","type":"product","link":"https:\/\/www.heddata.se\/webbutik\/produkt\/adapter-displayport-till-dvi-d-single-link-ha-ho\/","title":{"rendered":"Adapter DisplayPort till DVI-D Single Link, ha-ho"},"content":{"rendered":"<h4>Adapter DisplayPort DVI-D Single Link, ha-ho<\/h4>\n<div><strong>Adapter DisplayPort DVI-D:<\/strong><\/div>\n<div>\nDisplayPort till DVI-D Single Link <a href=\"https:\/\/www.heddata.se\/webbutik\/kablar\/adaptrar\/\">adapter,<\/a> 20-pin hane &#8211; 24+1-pin hona, svart<\/div>\n<div><b>Specifikationer:<\/b><\/p>\n<table border=\"0\" cellspacing=\"0\" cellpadding=\"0\">\n<tbody>\n<tr>\n<td>Anslutning 1<\/td>\n<td>DisplayPort<\/td>\n<\/tr>\n<tr>\n<td>Anslutning 2<\/td>\n<td>DVI-D<\/td>\n<\/tr>\n<tr>\n<td>K\u00f6nstyp<\/td>\n<td>Male\/Female<\/td>\n<\/tr>\n<tr>\n<td>Kabelf\u00e4rg<\/td>\n<td>Black<\/td>\n<\/tr>\n<tr>\n<td>Antal per f\u00f6rpackning<\/td>\n<td>1<\/td>\n<\/tr>\n<\/tbody>\n<\/table>\n<\/div>\n","protected":false},"excerpt":{"rendered":"<h4>Adapter DisplayPort till DVI-D Single Link, ha-ho<\/h4>\n","protected":false},"featured_media":73887,"template":"","meta":[],"product_brand":[],"product_cat":[79,59],"product_tag":[],"class_list":{"0":"post-10756","1":"product","2":"type-product","3":"status-publish","4":"has-post-thumbnail","6":"product_cat-adaptrar","7":"product_cat-kablar","9":"first","10":"outofstock","11":"taxable","12":"shipping-taxable","13":"product-type-simple"},"yoast_head":"<!-- This site is optimized with the Yoast SEO Premium plugin v26.7 (Yoast SEO v26.7) - https:\/\/yoast.com\/wordpress\/plugins\/seo\/ -->\n<title>Adapter DisplayPort DVI-D Single Link, ha-ho f\u00f6rvandla DP till DVI-D<\/title>\n<meta name=\"description\" content=\"Adapter DisplayPort till DVI-D Single Link, adapter f\u00f6r att ansluta en sk\u00e4rm med DVI-D kabel till en dator med DisplayPort n\u00e4r ingen annan sk\u00e4rmport finns.\" \/>\n<meta name=\"robots\" content=\"index, follow, max-snippet:-1, max-image-preview:large, max-video-preview:-1\" \/>\n<link rel=\"canonical\" href=\"https:\/\/www.heddata.se\/webbutik\/produkt\/adapter-displayport-till-dvi-d-single-link-ha-ho\/\" \/>\n<meta property=\"og:locale\" content=\"sv_SE\" \/>\n<meta property=\"og:type\" content=\"article\" \/>\n<meta property=\"og:title\" content=\"Adapter DisplayPort till DVI-D Single Link, ha-ho\" \/>\n<meta property=\"og:description\" content=\"Adapter DisplayPort till DVI-D Single Link, adapter f\u00f6r att ansluta en sk\u00e4rm med DVI-D kabel till en dator med DisplayPort n\u00e4r ingen annan sk\u00e4rmport finns.\" \/>\n<meta property=\"og:url\" content=\"https:\/\/www.heddata.se\/webbutik\/produkt\/adapter-displayport-till-dvi-d-single-link-ha-ho\/\" \/>\n<meta property=\"og:site_name\" content=\"Datorer, Skrivare, F\u00e4rgpatroner, Mobiltelefoner\" \/>\n<meta property=\"article:modified_time\" content=\"2026-04-07T16:29:51+00:00\" \/>\n<meta property=\"og:image\" content=\"https:\/\/www.heddata.se\/webbutik\/wp-content\/uploads\/webbutik\/kategorier\/kablar-adaptrar\/dp-dvi.jpg\" \/>\n\t<meta property=\"og:image:width\" content=\"400\" \/>\n\t<meta property=\"og:image:height\" content=\"400\" \/>\n\t<meta property=\"og:image:type\" content=\"image\/jpeg\" \/>\n<meta name=\"twitter:card\" content=\"summary_large_image\" \/>\n<script type=\"application\/ld+json\" class=\"yoast-schema-graph\">{\"@context\":\"https:\/\/schema.org\",\"@graph\":[{\"@type\":\"WebPage\",\"@id\":\"https:\/\/www.heddata.se\/webbutik\/produkt\/adapter-displayport-till-dvi-d-single-link-ha-ho\/\",\"url\":\"https:\/\/www.heddata.se\/webbutik\/produkt\/adapter-displayport-till-dvi-d-single-link-ha-ho\/\",\"name\":\"Adapter DisplayPort DVI-D Single Link, ha-ho f\u00f6rvandla DP till DVI-D\",\"isPartOf\":{\"@id\":\"https:\/\/www.heddata.se\/webbutik\/#website\"},\"primaryImageOfPage\":{\"@id\":\"https:\/\/www.heddata.se\/webbutik\/produkt\/adapter-displayport-till-dvi-d-single-link-ha-ho\/#primaryimage\"},\"image\":{\"@id\":\"https:\/\/www.heddata.se\/webbutik\/produkt\/adapter-displayport-till-dvi-d-single-link-ha-ho\/#primaryimage\"},\"thumbnailUrl\":\"https:\/\/www.heddata.se\/webbutik\/wp-content\/uploads\/webbutik\/kategorier\/kablar-adaptrar\/dp-dvi.jpg\",\"datePublished\":\"2019-12-03T12:45:24+00:00\",\"dateModified\":\"2026-04-07T16:29:51+00:00\",\"description\":\"Adapter DisplayPort till DVI-D Single Link, adapter f\u00f6r att ansluta en sk\u00e4rm med DVI-D kabel till en dator med DisplayPort n\u00e4r ingen annan sk\u00e4rmport finns.\",\"breadcrumb\":{\"@id\":\"https:\/\/www.heddata.se\/webbutik\/produkt\/adapter-displayport-till-dvi-d-single-link-ha-ho\/#breadcrumb\"},\"inLanguage\":\"sv-SE\",\"potentialAction\":[{\"@type\":\"ReadAction\",\"target\":[\"https:\/\/www.heddata.se\/webbutik\/produkt\/adapter-displayport-till-dvi-d-single-link-ha-ho\/\"]}]},{\"@type\":\"ImageObject\",\"inLanguage\":\"sv-SE\",\"@id\":\"https:\/\/www.heddata.se\/webbutik\/produkt\/adapter-displayport-till-dvi-d-single-link-ha-ho\/#primaryimage\",\"url\":\"https:\/\/www.heddata.se\/webbutik\/wp-content\/uploads\/webbutik\/kategorier\/kablar-adaptrar\/dp-dvi.jpg\",\"contentUrl\":\"https:\/\/www.heddata.se\/webbutik\/wp-content\/uploads\/webbutik\/kategorier\/kablar-adaptrar\/dp-dvi.jpg\",\"width\":400,\"height\":400,\"caption\":\"Adapter DisplayPort DVI-D\"},{\"@type\":\"BreadcrumbList\",\"@id\":\"https:\/\/www.heddata.se\/webbutik\/produkt\/adapter-displayport-till-dvi-d-single-link-ha-ho\/#breadcrumb\",\"itemListElement\":[{\"@type\":\"ListItem\",\"position\":1,\"name\":\"Hem\",\"item\":\"https:\/\/www.heddata.se\/webbutik\/\"},{\"@type\":\"ListItem\",\"position\":2,\"name\":\"Produkter\",\"item\":\"https:\/\/www.heddata.se\/webbutik\/shop\/\"},{\"@type\":\"ListItem\",\"position\":3,\"name\":\"Adapter DisplayPort till DVI-D Single Link, ha-ho\"}]},{\"@type\":\"WebSite\",\"@id\":\"https:\/\/www.heddata.se\/webbutik\/#website\",\"url\":\"https:\/\/www.heddata.se\/webbutik\/\",\"name\":\"Datorer, Skrivare, F\u00e4rgpatroner, Mobiltelefoner\",\"description\":\"Kablar\",\"publisher\":{\"@id\":\"https:\/\/www.heddata.se\/webbutik\/#organization\"},\"potentialAction\":[{\"@type\":\"SearchAction\",\"target\":{\"@type\":\"EntryPoint\",\"urlTemplate\":\"https:\/\/www.heddata.se\/webbutik\/?s={search_term_string}\"},\"query-input\":{\"@type\":\"PropertyValueSpecification\",\"valueRequired\":true,\"valueName\":\"search_term_string\"}}],\"inLanguage\":\"sv-SE\"},{\"@type\":\"Organization\",\"@id\":\"https:\/\/www.heddata.se\/webbutik\/#organization\",\"name\":\"Heddata AB\",\"url\":\"https:\/\/www.heddata.se\/webbutik\/\",\"logo\":{\"@type\":\"ImageObject\",\"inLanguage\":\"sv-SE\",\"@id\":\"https:\/\/www.heddata.se\/webbutik\/#\/schema\/logo\/image\/\",\"url\":\"https:\/\/www.heddata.se\/webbutik\/wp-content\/uploads\/logga\/heddata-ab-logga.png\",\"contentUrl\":\"https:\/\/www.heddata.se\/webbutik\/wp-content\/uploads\/logga\/heddata-ab-logga.png\",\"width\":200,\"height\":64,\"caption\":\"Heddata AB\"},\"image\":{\"@id\":\"https:\/\/www.heddata.se\/webbutik\/#\/schema\/logo\/image\/\"}}]}<\/script>\n<!-- \/ Yoast SEO Premium plugin. -->","yoast_head_json":{"title":"Adapter DisplayPort DVI-D Single Link, ha-ho f\u00f6rvandla DP till DVI-D","description":"Adapter DisplayPort till DVI-D Single Link, adapter f\u00f6r att ansluta en sk\u00e4rm med DVI-D kabel till en dator med DisplayPort n\u00e4r ingen annan sk\u00e4rmport finns.","robots":{"index":"index","follow":"follow","max-snippet":"max-snippet:-1","max-image-preview":"max-image-preview:large","max-video-preview":"max-video-preview:-1"},"canonical":"https:\/\/www.heddata.se\/webbutik\/produkt\/adapter-displayport-till-dvi-d-single-link-ha-ho\/","og_locale":"sv_SE","og_type":"article","og_title":"Adapter DisplayPort till DVI-D Single Link, ha-ho","og_description":"Adapter DisplayPort till DVI-D Single Link, adapter f\u00f6r att ansluta en sk\u00e4rm med DVI-D kabel till en dator med DisplayPort n\u00e4r ingen annan sk\u00e4rmport finns.","og_url":"https:\/\/www.heddata.se\/webbutik\/produkt\/adapter-displayport-till-dvi-d-single-link-ha-ho\/","og_site_name":"Datorer, Skrivare, F\u00e4rgpatroner, Mobiltelefoner","article_modified_time":"2026-04-07T16:29:51+00:00","og_image":[{"width":400,"height":400,"url":"https:\/\/www.heddata.se\/webbutik\/wp-content\/uploads\/webbutik\/kategorier\/kablar-adaptrar\/dp-dvi.jpg","type":"image\/jpeg"}],"twitter_card":"summary_large_image","schema":{"@context":"https:\/\/schema.org","@graph":[{"@type":"WebPage","@id":"https:\/\/www.heddata.se\/webbutik\/produkt\/adapter-displayport-till-dvi-d-single-link-ha-ho\/","url":"https:\/\/www.heddata.se\/webbutik\/produkt\/adapter-displayport-till-dvi-d-single-link-ha-ho\/","name":"Adapter DisplayPort DVI-D Single Link, ha-ho f\u00f6rvandla DP till DVI-D","isPartOf":{"@id":"https:\/\/www.heddata.se\/webbutik\/#website"},"primaryImageOfPage":{"@id":"https:\/\/www.heddata.se\/webbutik\/produkt\/adapter-displayport-till-dvi-d-single-link-ha-ho\/#primaryimage"},"image":{"@id":"https:\/\/www.heddata.se\/webbutik\/produkt\/adapter-displayport-till-dvi-d-single-link-ha-ho\/#primaryimage"},"thumbnailUrl":"https:\/\/www.heddata.se\/webbutik\/wp-content\/uploads\/webbutik\/kategorier\/kablar-adaptrar\/dp-dvi.jpg","datePublished":"2019-12-03T12:45:24+00:00","dateModified":"2026-04-07T16:29:51+00:00","description":"Adapter DisplayPort till DVI-D Single Link, adapter f\u00f6r att ansluta en sk\u00e4rm med DVI-D kabel till en dator med DisplayPort n\u00e4r ingen annan sk\u00e4rmport finns.","breadcrumb":{"@id":"https:\/\/www.heddata.se\/webbutik\/produkt\/adapter-displayport-till-dvi-d-single-link-ha-ho\/#breadcrumb"},"inLanguage":"sv-SE","potentialAction":[{"@type":"ReadAction","target":["https:\/\/www.heddata.se\/webbutik\/produkt\/adapter-displayport-till-dvi-d-single-link-ha-ho\/"]}]},{"@type":"ImageObject","inLanguage":"sv-SE","@id":"https:\/\/www.heddata.se\/webbutik\/produkt\/adapter-displayport-till-dvi-d-single-link-ha-ho\/#primaryimage","url":"https:\/\/www.heddata.se\/webbutik\/wp-content\/uploads\/webbutik\/kategorier\/kablar-adaptrar\/dp-dvi.jpg","contentUrl":"https:\/\/www.heddata.se\/webbutik\/wp-content\/uploads\/webbutik\/kategorier\/kablar-adaptrar\/dp-dvi.jpg","width":400,"height":400,"caption":"Adapter DisplayPort DVI-D"},{"@type":"BreadcrumbList","@id":"https:\/\/www.heddata.se\/webbutik\/produkt\/adapter-displayport-till-dvi-d-single-link-ha-ho\/#breadcrumb","itemListElement":[{"@type":"ListItem","position":1,"name":"Hem","item":"https:\/\/www.heddata.se\/webbutik\/"},{"@type":"ListItem","position":2,"name":"Produkter","item":"https:\/\/www.heddata.se\/webbutik\/shop\/"},{"@type":"ListItem","position":3,"name":"Adapter DisplayPort till DVI-D Single Link, ha-ho"}]},{"@type":"WebSite","@id":"https:\/\/www.heddata.se\/webbutik\/#website","url":"https:\/\/www.heddata.se\/webbutik\/","name":"Datorer, Skrivare, F\u00e4rgpatroner, Mobiltelefoner","description":"Kablar","publisher":{"@id":"https:\/\/www.heddata.se\/webbutik\/#organization"},"potentialAction":[{"@type":"SearchAction","target":{"@type":"EntryPoint","urlTemplate":"https:\/\/www.heddata.se\/webbutik\/?s={search_term_string}"},"query-input":{"@type":"PropertyValueSpecification","valueRequired":true,"valueName":"search_term_string"}}],"inLanguage":"sv-SE"},{"@type":"Organization","@id":"https:\/\/www.heddata.se\/webbutik\/#organization","name":"Heddata AB","url":"https:\/\/www.heddata.se\/webbutik\/","logo":{"@type":"ImageObject","inLanguage":"sv-SE","@id":"https:\/\/www.heddata.se\/webbutik\/#\/schema\/logo\/image\/","url":"https:\/\/www.heddata.se\/webbutik\/wp-content\/uploads\/logga\/heddata-ab-logga.png","contentUrl":"https:\/\/www.heddata.se\/webbutik\/wp-content\/uploads\/logga\/heddata-ab-logga.png","width":200,"height":64,"caption":"Heddata AB"},"image":{"@id":"https:\/\/www.heddata.se\/webbutik\/#\/schema\/logo\/image\/"}}]}},"_links":{"self":[{"href":"https:\/\/www.heddata.se\/webbutik\/wp-json\/wp\/v2\/product\/10756","targetHints":{"allow":["GET"]}}],"collection":[{"href":"https:\/\/www.heddata.se\/webbutik\/wp-json\/wp\/v2\/product"}],"about":[{"href":"https:\/\/www.heddata.se\/webbutik\/wp-json\/wp\/v2\/types\/product"}],"wp:featuredmedia":[{"embeddable":true,"href":"https:\/\/www.heddata.se\/webbutik\/wp-json\/wp\/v2\/media\/73887"}],"wp:attachment":[{"href":"https:\/\/www.heddata.se\/webbutik\/wp-json\/wp\/v2\/media?parent=10756"}],"wp:term":[{"taxonomy":"product_brand","embeddable":true,"href":"https:\/\/www.heddata.se\/webbutik\/wp-json\/wp\/v2\/product_brand?post=10756"},{"taxonomy":"product_cat","embeddable":true,"href":"https:\/\/www.heddata.se\/webbutik\/wp-json\/wp\/v2\/product_cat?post=10756"},{"taxonomy":"product_tag","embeddable":true,"href":"https:\/\/www.heddata.se\/webbutik\/wp-json\/wp\/v2\/product_tag?post=10756"}],"curies":[{"name":"wp","href":"https:\/\/api.w.org\/{rel}","templated":true}]}}