{"id":10717,"date":"2019-12-03T13:45:12","date_gmt":"2019-12-03T12:45:12","guid":{"rendered":"https:\/\/www.heddata.se\/webbutik\/?post_type=product&#038;p=10717"},"modified":"2026-04-08T18:29:48","modified_gmt":"2026-04-08T16:29:48","slug":"stromkabel-vinklad-schuko-hane-svart-2-meter-iec-320-c13","status":"publish","type":"product","link":"https:\/\/www.heddata.se\/webbutik\/produkt\/stromkabel-vinklad-schuko-hane-svart-2-meter-iec-320-c13\/","title":{"rendered":"Str\u00f6mkabel vinklad | Schuko Hane | Svart 2 meter- IEC-320-C13"},"content":{"rendered":"<p>Str\u00f6mkabel till Schuko hane 2m fr\u00e5n <a href=\"https:\/\/nedis.se\/sv-se\" target=\"_blank\" rel=\"noopener noreferrer\">Nedis<\/a>. Denna str\u00f6msladd p\u00e5 10 A med jordad-kontakt passar f\u00f6r anslutning av huvudstr\u00f6msanslutna enheter, s\u00e5som <a href=\"https:\/\/www.heddata.se\/webbutik\/datorer-tillbehor\/datorer\/\">datorer<\/a>, till eluttaget. <a href=\"https:\/\/www.heddata.se\/webbutik\/telefontillbehor\/telefonladdare\/kablar\/\">Kabeln<\/a> \u00e4r 2 meter l\u00e5ng.<\/p>\n","protected":false},"excerpt":{"rendered":"<p>Str\u00f6mkabel till Schuko hane 2m<\/p>\n","protected":false},"featured_media":11212,"template":"","meta":[],"product_brand":[],"product_cat":[77,59],"product_tag":[],"class_list":{"0":"post-10717","1":"product","2":"type-product","3":"status-publish","4":"has-post-thumbnail","6":"product_cat-el-kablar","7":"product_cat-kablar","9":"first","10":"outofstock","11":"taxable","12":"shipping-taxable","13":"product-type-simple"},"yoast_head":"<!-- This site is optimized with the Yoast SEO Premium plugin v26.7 (Yoast SEO v26.7) - https:\/\/yoast.com\/wordpress\/plugins\/seo\/ -->\n<title>Str\u00f6mkabel till Schuko hane 2m | Svart | Vinklad str\u00f6mkabel<\/title>\n<meta name=\"description\" content=\"Str\u00f6mkabel till Schuko hane 2m. Denna str\u00f6msladd p\u00e5 10 A med jordad-kontakt passar f\u00f6r anslutning av huvudstr\u00f6msanslutna enheter\" \/>\n<meta name=\"robots\" content=\"index, follow, max-snippet:-1, max-image-preview:large, max-video-preview:-1\" \/>\n<link rel=\"canonical\" href=\"https:\/\/www.heddata.se\/webbutik\/produkt\/stromkabel-vinklad-schuko-hane-svart-2-meter-iec-320-c13\/\" \/>\n<meta property=\"og:locale\" content=\"sv_SE\" \/>\n<meta property=\"og:type\" content=\"article\" \/>\n<meta property=\"og:title\" content=\"Str\u00f6mkabel vinklad | Schuko Hane | Svart 2 meter- IEC-320-C13\" \/>\n<meta property=\"og:description\" content=\"Str\u00f6mkabel till Schuko hane 2m. Denna str\u00f6msladd p\u00e5 10 A med jordad-kontakt passar f\u00f6r anslutning av huvudstr\u00f6msanslutna enheter\" \/>\n<meta property=\"og:url\" content=\"https:\/\/www.heddata.se\/webbutik\/produkt\/stromkabel-vinklad-schuko-hane-svart-2-meter-iec-320-c13\/\" \/>\n<meta property=\"og:site_name\" content=\"Datorer, Skrivare, F\u00e4rgpatroner, Mobiltelefoner\" \/>\n<meta property=\"article:modified_time\" content=\"2026-04-08T16:29:48+00:00\" \/>\n<meta property=\"og:image\" content=\"https:\/\/www.heddata.se\/webbutik\/wp-content\/uploads\/webbutik\/kategorier\/kablar-adaptrar\/Stromkabel-till-Schuko-hane-2m-CEGP10000BK20.jpg\" \/>\n\t<meta property=\"og:image:width\" content=\"1200\" \/>\n\t<meta property=\"og:image:height\" content=\"1200\" \/>\n\t<meta property=\"og:image:type\" content=\"image\/jpeg\" \/>\n<meta name=\"twitter:card\" content=\"summary_large_image\" \/>\n<script type=\"application\/ld+json\" class=\"yoast-schema-graph\">{\"@context\":\"https:\/\/schema.org\",\"@graph\":[{\"@type\":\"WebPage\",\"@id\":\"https:\/\/www.heddata.se\/webbutik\/produkt\/stromkabel-vinklad-schuko-hane-svart-2-meter-iec-320-c13\/\",\"url\":\"https:\/\/www.heddata.se\/webbutik\/produkt\/stromkabel-vinklad-schuko-hane-svart-2-meter-iec-320-c13\/\",\"name\":\"Str\u00f6mkabel till Schuko hane 2m | Svart | Vinklad str\u00f6mkabel\",\"isPartOf\":{\"@id\":\"https:\/\/www.heddata.se\/webbutik\/#website\"},\"primaryImageOfPage\":{\"@id\":\"https:\/\/www.heddata.se\/webbutik\/produkt\/stromkabel-vinklad-schuko-hane-svart-2-meter-iec-320-c13\/#primaryimage\"},\"image\":{\"@id\":\"https:\/\/www.heddata.se\/webbutik\/produkt\/stromkabel-vinklad-schuko-hane-svart-2-meter-iec-320-c13\/#primaryimage\"},\"thumbnailUrl\":\"https:\/\/www.heddata.se\/webbutik\/wp-content\/uploads\/webbutik\/kategorier\/kablar-adaptrar\/Stromkabel-till-Schuko-hane-2m-CEGP10000BK20.jpg\",\"datePublished\":\"2019-12-03T12:45:12+00:00\",\"dateModified\":\"2026-04-08T16:29:48+00:00\",\"description\":\"Str\u00f6mkabel till Schuko hane 2m. Denna str\u00f6msladd p\u00e5 10 A med jordad-kontakt passar f\u00f6r anslutning av huvudstr\u00f6msanslutna enheter\",\"breadcrumb\":{\"@id\":\"https:\/\/www.heddata.se\/webbutik\/produkt\/stromkabel-vinklad-schuko-hane-svart-2-meter-iec-320-c13\/#breadcrumb\"},\"inLanguage\":\"sv-SE\",\"potentialAction\":[{\"@type\":\"ReadAction\",\"target\":[\"https:\/\/www.heddata.se\/webbutik\/produkt\/stromkabel-vinklad-schuko-hane-svart-2-meter-iec-320-c13\/\"]}]},{\"@type\":\"ImageObject\",\"inLanguage\":\"sv-SE\",\"@id\":\"https:\/\/www.heddata.se\/webbutik\/produkt\/stromkabel-vinklad-schuko-hane-svart-2-meter-iec-320-c13\/#primaryimage\",\"url\":\"https:\/\/www.heddata.se\/webbutik\/wp-content\/uploads\/webbutik\/kategorier\/kablar-adaptrar\/Stromkabel-till-Schuko-hane-2m-CEGP10000BK20.jpg\",\"contentUrl\":\"https:\/\/www.heddata.se\/webbutik\/wp-content\/uploads\/webbutik\/kategorier\/kablar-adaptrar\/Stromkabel-till-Schuko-hane-2m-CEGP10000BK20.jpg\",\"width\":1200,\"height\":1200,\"caption\":\"Str\u00f6mkabel till Schuko hane 2m\"},{\"@type\":\"BreadcrumbList\",\"@id\":\"https:\/\/www.heddata.se\/webbutik\/produkt\/stromkabel-vinklad-schuko-hane-svart-2-meter-iec-320-c13\/#breadcrumb\",\"itemListElement\":[{\"@type\":\"ListItem\",\"position\":1,\"name\":\"Hem\",\"item\":\"https:\/\/www.heddata.se\/webbutik\/\"},{\"@type\":\"ListItem\",\"position\":2,\"name\":\"Produkter\",\"item\":\"https:\/\/www.heddata.se\/webbutik\/shop\/\"},{\"@type\":\"ListItem\",\"position\":3,\"name\":\"Str\u00f6mkabel vinklad | Schuko Hane | Svart 2 meter- IEC-320-C13\"}]},{\"@type\":\"WebSite\",\"@id\":\"https:\/\/www.heddata.se\/webbutik\/#website\",\"url\":\"https:\/\/www.heddata.se\/webbutik\/\",\"name\":\"Datorer, Skrivare, F\u00e4rgpatroner, Mobiltelefoner\",\"description\":\"Kablar\",\"publisher\":{\"@id\":\"https:\/\/www.heddata.se\/webbutik\/#organization\"},\"potentialAction\":[{\"@type\":\"SearchAction\",\"target\":{\"@type\":\"EntryPoint\",\"urlTemplate\":\"https:\/\/www.heddata.se\/webbutik\/?s={search_term_string}\"},\"query-input\":{\"@type\":\"PropertyValueSpecification\",\"valueRequired\":true,\"valueName\":\"search_term_string\"}}],\"inLanguage\":\"sv-SE\"},{\"@type\":\"Organization\",\"@id\":\"https:\/\/www.heddata.se\/webbutik\/#organization\",\"name\":\"Heddata AB\",\"url\":\"https:\/\/www.heddata.se\/webbutik\/\",\"logo\":{\"@type\":\"ImageObject\",\"inLanguage\":\"sv-SE\",\"@id\":\"https:\/\/www.heddata.se\/webbutik\/#\/schema\/logo\/image\/\",\"url\":\"https:\/\/www.heddata.se\/webbutik\/wp-content\/uploads\/logga\/heddata-ab-logga.png\",\"contentUrl\":\"https:\/\/www.heddata.se\/webbutik\/wp-content\/uploads\/logga\/heddata-ab-logga.png\",\"width\":200,\"height\":64,\"caption\":\"Heddata AB\"},\"image\":{\"@id\":\"https:\/\/www.heddata.se\/webbutik\/#\/schema\/logo\/image\/\"}}]}<\/script>\n<!-- \/ Yoast SEO Premium plugin. -->","yoast_head_json":{"title":"Str\u00f6mkabel till Schuko hane 2m | Svart | Vinklad str\u00f6mkabel","description":"Str\u00f6mkabel till Schuko hane 2m. Denna str\u00f6msladd p\u00e5 10 A med jordad-kontakt passar f\u00f6r anslutning av huvudstr\u00f6msanslutna enheter","robots":{"index":"index","follow":"follow","max-snippet":"max-snippet:-1","max-image-preview":"max-image-preview:large","max-video-preview":"max-video-preview:-1"},"canonical":"https:\/\/www.heddata.se\/webbutik\/produkt\/stromkabel-vinklad-schuko-hane-svart-2-meter-iec-320-c13\/","og_locale":"sv_SE","og_type":"article","og_title":"Str\u00f6mkabel vinklad | Schuko Hane | Svart 2 meter- IEC-320-C13","og_description":"Str\u00f6mkabel till Schuko hane 2m. Denna str\u00f6msladd p\u00e5 10 A med jordad-kontakt passar f\u00f6r anslutning av huvudstr\u00f6msanslutna enheter","og_url":"https:\/\/www.heddata.se\/webbutik\/produkt\/stromkabel-vinklad-schuko-hane-svart-2-meter-iec-320-c13\/","og_site_name":"Datorer, Skrivare, F\u00e4rgpatroner, Mobiltelefoner","article_modified_time":"2026-04-08T16:29:48+00:00","og_image":[{"width":1200,"height":1200,"url":"https:\/\/www.heddata.se\/webbutik\/wp-content\/uploads\/webbutik\/kategorier\/kablar-adaptrar\/Stromkabel-till-Schuko-hane-2m-CEGP10000BK20.jpg","type":"image\/jpeg"}],"twitter_card":"summary_large_image","schema":{"@context":"https:\/\/schema.org","@graph":[{"@type":"WebPage","@id":"https:\/\/www.heddata.se\/webbutik\/produkt\/stromkabel-vinklad-schuko-hane-svart-2-meter-iec-320-c13\/","url":"https:\/\/www.heddata.se\/webbutik\/produkt\/stromkabel-vinklad-schuko-hane-svart-2-meter-iec-320-c13\/","name":"Str\u00f6mkabel till Schuko hane 2m | Svart | Vinklad str\u00f6mkabel","isPartOf":{"@id":"https:\/\/www.heddata.se\/webbutik\/#website"},"primaryImageOfPage":{"@id":"https:\/\/www.heddata.se\/webbutik\/produkt\/stromkabel-vinklad-schuko-hane-svart-2-meter-iec-320-c13\/#primaryimage"},"image":{"@id":"https:\/\/www.heddata.se\/webbutik\/produkt\/stromkabel-vinklad-schuko-hane-svart-2-meter-iec-320-c13\/#primaryimage"},"thumbnailUrl":"https:\/\/www.heddata.se\/webbutik\/wp-content\/uploads\/webbutik\/kategorier\/kablar-adaptrar\/Stromkabel-till-Schuko-hane-2m-CEGP10000BK20.jpg","datePublished":"2019-12-03T12:45:12+00:00","dateModified":"2026-04-08T16:29:48+00:00","description":"Str\u00f6mkabel till Schuko hane 2m. Denna str\u00f6msladd p\u00e5 10 A med jordad-kontakt passar f\u00f6r anslutning av huvudstr\u00f6msanslutna enheter","breadcrumb":{"@id":"https:\/\/www.heddata.se\/webbutik\/produkt\/stromkabel-vinklad-schuko-hane-svart-2-meter-iec-320-c13\/#breadcrumb"},"inLanguage":"sv-SE","potentialAction":[{"@type":"ReadAction","target":["https:\/\/www.heddata.se\/webbutik\/produkt\/stromkabel-vinklad-schuko-hane-svart-2-meter-iec-320-c13\/"]}]},{"@type":"ImageObject","inLanguage":"sv-SE","@id":"https:\/\/www.heddata.se\/webbutik\/produkt\/stromkabel-vinklad-schuko-hane-svart-2-meter-iec-320-c13\/#primaryimage","url":"https:\/\/www.heddata.se\/webbutik\/wp-content\/uploads\/webbutik\/kategorier\/kablar-adaptrar\/Stromkabel-till-Schuko-hane-2m-CEGP10000BK20.jpg","contentUrl":"https:\/\/www.heddata.se\/webbutik\/wp-content\/uploads\/webbutik\/kategorier\/kablar-adaptrar\/Stromkabel-till-Schuko-hane-2m-CEGP10000BK20.jpg","width":1200,"height":1200,"caption":"Str\u00f6mkabel till Schuko hane 2m"},{"@type":"BreadcrumbList","@id":"https:\/\/www.heddata.se\/webbutik\/produkt\/stromkabel-vinklad-schuko-hane-svart-2-meter-iec-320-c13\/#breadcrumb","itemListElement":[{"@type":"ListItem","position":1,"name":"Hem","item":"https:\/\/www.heddata.se\/webbutik\/"},{"@type":"ListItem","position":2,"name":"Produkter","item":"https:\/\/www.heddata.se\/webbutik\/shop\/"},{"@type":"ListItem","position":3,"name":"Str\u00f6mkabel vinklad | Schuko Hane | Svart 2 meter- IEC-320-C13"}]},{"@type":"WebSite","@id":"https:\/\/www.heddata.se\/webbutik\/#website","url":"https:\/\/www.heddata.se\/webbutik\/","name":"Datorer, Skrivare, F\u00e4rgpatroner, Mobiltelefoner","description":"Kablar","publisher":{"@id":"https:\/\/www.heddata.se\/webbutik\/#organization"},"potentialAction":[{"@type":"SearchAction","target":{"@type":"EntryPoint","urlTemplate":"https:\/\/www.heddata.se\/webbutik\/?s={search_term_string}"},"query-input":{"@type":"PropertyValueSpecification","valueRequired":true,"valueName":"search_term_string"}}],"inLanguage":"sv-SE"},{"@type":"Organization","@id":"https:\/\/www.heddata.se\/webbutik\/#organization","name":"Heddata AB","url":"https:\/\/www.heddata.se\/webbutik\/","logo":{"@type":"ImageObject","inLanguage":"sv-SE","@id":"https:\/\/www.heddata.se\/webbutik\/#\/schema\/logo\/image\/","url":"https:\/\/www.heddata.se\/webbutik\/wp-content\/uploads\/logga\/heddata-ab-logga.png","contentUrl":"https:\/\/www.heddata.se\/webbutik\/wp-content\/uploads\/logga\/heddata-ab-logga.png","width":200,"height":64,"caption":"Heddata AB"},"image":{"@id":"https:\/\/www.heddata.se\/webbutik\/#\/schema\/logo\/image\/"}}]}},"_links":{"self":[{"href":"https:\/\/www.heddata.se\/webbutik\/wp-json\/wp\/v2\/product\/10717","targetHints":{"allow":["GET"]}}],"collection":[{"href":"https:\/\/www.heddata.se\/webbutik\/wp-json\/wp\/v2\/product"}],"about":[{"href":"https:\/\/www.heddata.se\/webbutik\/wp-json\/wp\/v2\/types\/product"}],"wp:featuredmedia":[{"embeddable":true,"href":"https:\/\/www.heddata.se\/webbutik\/wp-json\/wp\/v2\/media\/11212"}],"wp:attachment":[{"href":"https:\/\/www.heddata.se\/webbutik\/wp-json\/wp\/v2\/media?parent=10717"}],"wp:term":[{"taxonomy":"product_brand","embeddable":true,"href":"https:\/\/www.heddata.se\/webbutik\/wp-json\/wp\/v2\/product_brand?post=10717"},{"taxonomy":"product_cat","embeddable":true,"href":"https:\/\/www.heddata.se\/webbutik\/wp-json\/wp\/v2\/product_cat?post=10717"},{"taxonomy":"product_tag","embeddable":true,"href":"https:\/\/www.heddata.se\/webbutik\/wp-json\/wp\/v2\/product_tag?post=10717"}],"curies":[{"name":"wp","href":"https:\/\/api.w.org\/{rel}","templated":true}]}}