{"id":10681,"date":"2019-12-03T13:44:58","date_gmt":"2019-12-03T12:44:58","guid":{"rendered":"https:\/\/www.heddata.se\/webbutik\/?post_type=product&#038;p=10681"},"modified":"2026-04-03T18:11:09","modified_gmt":"2026-04-03T16:11:09","slug":"satellit-in-line-forstarkare-18-db-950-2300-mhz","status":"publish","type":"product","link":"https:\/\/www.heddata.se\/webbutik\/produkt\/satellit-in-line-forstarkare-18-db-950-2300-mhz\/","title":{"rendered":"Satellit IN-Line f\u00f6rst\u00e4rkare 18 dB 950-2300 MHz"},"content":{"rendered":"<h4>Satellit IN-Line f\u00f6rst\u00e4rkare 18 dB 950-2300 MHz<\/h4>\n<p>Satellit IN-Line f\u00f6rst\u00e4rkare 18 dB 950-2300 MHz produktbeskrivning:<\/p>\n<p>13 till 18 dB-linjef\u00f6rst\u00e4rkare med slope-funktion f\u00f6r anslutning mellan en <a href=\"https:\/\/www.canaldigital.se\/\" target=\"_blank\" rel=\"noopener noreferrer\">parabolantenn<\/a> och en mottagare.<a href=\"https:\/\/www.heddata.se\/webbutik\/produkt\/universal-single-lnb-lnb\/\"> LNB<\/a>-omkopplingssp\u00e4nningen anv\u00e4nds som matning till f\u00f6rst\u00e4rkaren.<\/p>\n<h4>Paketet inneh\u00e5ller:<\/h4>\n<p>1x linjef\u00f6rst\u00e4rkare<\/p>\n","protected":false},"excerpt":{"rendered":"<h4>Satellit IN-Line f\u00f6rst\u00e4rkare 18 dB 950-2300 MHz<\/h4>\n","protected":false},"featured_media":70910,"template":"","meta":[],"product_brand":[],"product_cat":[2260],"product_tag":[],"class_list":{"0":"post-10681","1":"product","2":"type-product","3":"status-publish","4":"has-post-thumbnail","6":"product_cat-antenn","8":"first","9":"instock","10":"taxable","11":"shipping-taxable","12":"purchasable","13":"product-type-simple"},"yoast_head":"<!-- This site is optimized with the Yoast SEO Premium plugin v26.7 (Yoast SEO v26.7) - https:\/\/yoast.com\/wordpress\/plugins\/seo\/ -->\n<title>Satellit IN-Line f\u00f6rst\u00e4rkare 18 dB 950-2300 MHz 13 till 18 dB-f\u00f6rst\u00e4rkare<\/title>\n<meta name=\"description\" content=\"Satellit IN-Line f\u00f6rst\u00e4rkare 18 dB 950-2300 MHz 13 till 18 dB-linjef\u00f6rst\u00e4rkare med slope-funktion f\u00f6r anslutning mellan en parabolantenn och en mottagare.\" \/>\n<meta name=\"robots\" content=\"index, follow, max-snippet:-1, max-image-preview:large, max-video-preview:-1\" \/>\n<link rel=\"canonical\" href=\"https:\/\/www.heddata.se\/webbutik\/produkt\/satellit-in-line-forstarkare-18-db-950-2300-mhz\/\" \/>\n<meta property=\"og:locale\" content=\"sv_SE\" \/>\n<meta property=\"og:type\" content=\"article\" \/>\n<meta property=\"og:title\" content=\"Satellit IN-Line f\u00f6rst\u00e4rkare 18 dB 950-2300 MHz\" \/>\n<meta property=\"og:description\" content=\"Satellit IN-Line f\u00f6rst\u00e4rkare 18 dB 950-2300 MHz 13 till 18 dB-linjef\u00f6rst\u00e4rkare med slope-funktion f\u00f6r anslutning mellan en parabolantenn och en mottagare.\" \/>\n<meta property=\"og:url\" content=\"https:\/\/www.heddata.se\/webbutik\/produkt\/satellit-in-line-forstarkare-18-db-950-2300-mhz\/\" \/>\n<meta property=\"og:site_name\" content=\"Datorer, Skrivare, F\u00e4rgpatroner, Mobiltelefoner\" \/>\n<meta property=\"article:modified_time\" content=\"2026-04-03T16:11:09+00:00\" \/>\n<meta property=\"og:image\" content=\"https:\/\/www.heddata.se\/webbutik\/wp-content\/uploads\/in-line-BZD2111.jpg\" \/>\n\t<meta property=\"og:image:width\" content=\"350\" \/>\n\t<meta property=\"og:image:height\" content=\"350\" \/>\n\t<meta property=\"og:image:type\" content=\"image\/jpeg\" \/>\n<meta name=\"twitter:card\" content=\"summary_large_image\" \/>\n<script type=\"application\/ld+json\" class=\"yoast-schema-graph\">{\"@context\":\"https:\/\/schema.org\",\"@graph\":[{\"@type\":\"WebPage\",\"@id\":\"https:\/\/www.heddata.se\/webbutik\/produkt\/satellit-in-line-forstarkare-18-db-950-2300-mhz\/\",\"url\":\"https:\/\/www.heddata.se\/webbutik\/produkt\/satellit-in-line-forstarkare-18-db-950-2300-mhz\/\",\"name\":\"Satellit IN-Line f\u00f6rst\u00e4rkare 18 dB 950-2300 MHz 13 till 18 dB-f\u00f6rst\u00e4rkare\",\"isPartOf\":{\"@id\":\"https:\/\/www.heddata.se\/webbutik\/#website\"},\"primaryImageOfPage\":{\"@id\":\"https:\/\/www.heddata.se\/webbutik\/produkt\/satellit-in-line-forstarkare-18-db-950-2300-mhz\/#primaryimage\"},\"image\":{\"@id\":\"https:\/\/www.heddata.se\/webbutik\/produkt\/satellit-in-line-forstarkare-18-db-950-2300-mhz\/#primaryimage\"},\"thumbnailUrl\":\"https:\/\/www.heddata.se\/webbutik\/wp-content\/uploads\/in-line-BZD2111.jpg\",\"datePublished\":\"2019-12-03T12:44:58+00:00\",\"dateModified\":\"2026-04-03T16:11:09+00:00\",\"description\":\"Satellit IN-Line f\u00f6rst\u00e4rkare 18 dB 950-2300 MHz 13 till 18 dB-linjef\u00f6rst\u00e4rkare med slope-funktion f\u00f6r anslutning mellan en parabolantenn och en mottagare.\",\"breadcrumb\":{\"@id\":\"https:\/\/www.heddata.se\/webbutik\/produkt\/satellit-in-line-forstarkare-18-db-950-2300-mhz\/#breadcrumb\"},\"inLanguage\":\"sv-SE\",\"potentialAction\":[{\"@type\":\"ReadAction\",\"target\":[\"https:\/\/www.heddata.se\/webbutik\/produkt\/satellit-in-line-forstarkare-18-db-950-2300-mhz\/\"]}]},{\"@type\":\"ImageObject\",\"inLanguage\":\"sv-SE\",\"@id\":\"https:\/\/www.heddata.se\/webbutik\/produkt\/satellit-in-line-forstarkare-18-db-950-2300-mhz\/#primaryimage\",\"url\":\"https:\/\/www.heddata.se\/webbutik\/wp-content\/uploads\/in-line-BZD2111.jpg\",\"contentUrl\":\"https:\/\/www.heddata.se\/webbutik\/wp-content\/uploads\/in-line-BZD2111.jpg\",\"width\":350,\"height\":350,\"caption\":\"Satellit IN-Line f\u00f6rst\u00e4rkare\"},{\"@type\":\"BreadcrumbList\",\"@id\":\"https:\/\/www.heddata.se\/webbutik\/produkt\/satellit-in-line-forstarkare-18-db-950-2300-mhz\/#breadcrumb\",\"itemListElement\":[{\"@type\":\"ListItem\",\"position\":1,\"name\":\"Hem\",\"item\":\"https:\/\/www.heddata.se\/webbutik\/\"},{\"@type\":\"ListItem\",\"position\":2,\"name\":\"Produkter\",\"item\":\"https:\/\/www.heddata.se\/webbutik\/shop\/\"},{\"@type\":\"ListItem\",\"position\":3,\"name\":\"Satellit IN-Line f\u00f6rst\u00e4rkare 18 dB 950-2300 MHz\"}]},{\"@type\":\"WebSite\",\"@id\":\"https:\/\/www.heddata.se\/webbutik\/#website\",\"url\":\"https:\/\/www.heddata.se\/webbutik\/\",\"name\":\"Datorer, Skrivare, F\u00e4rgpatroner, Mobiltelefoner\",\"description\":\"Kablar\",\"publisher\":{\"@id\":\"https:\/\/www.heddata.se\/webbutik\/#organization\"},\"potentialAction\":[{\"@type\":\"SearchAction\",\"target\":{\"@type\":\"EntryPoint\",\"urlTemplate\":\"https:\/\/www.heddata.se\/webbutik\/?s={search_term_string}\"},\"query-input\":{\"@type\":\"PropertyValueSpecification\",\"valueRequired\":true,\"valueName\":\"search_term_string\"}}],\"inLanguage\":\"sv-SE\"},{\"@type\":\"Organization\",\"@id\":\"https:\/\/www.heddata.se\/webbutik\/#organization\",\"name\":\"Heddata AB\",\"url\":\"https:\/\/www.heddata.se\/webbutik\/\",\"logo\":{\"@type\":\"ImageObject\",\"inLanguage\":\"sv-SE\",\"@id\":\"https:\/\/www.heddata.se\/webbutik\/#\/schema\/logo\/image\/\",\"url\":\"https:\/\/www.heddata.se\/webbutik\/wp-content\/uploads\/logga\/heddata-ab-logga.png\",\"contentUrl\":\"https:\/\/www.heddata.se\/webbutik\/wp-content\/uploads\/logga\/heddata-ab-logga.png\",\"width\":200,\"height\":64,\"caption\":\"Heddata AB\"},\"image\":{\"@id\":\"https:\/\/www.heddata.se\/webbutik\/#\/schema\/logo\/image\/\"}}]}<\/script>\n<!-- \/ Yoast SEO Premium plugin. -->","yoast_head_json":{"title":"Satellit IN-Line f\u00f6rst\u00e4rkare 18 dB 950-2300 MHz 13 till 18 dB-f\u00f6rst\u00e4rkare","description":"Satellit IN-Line f\u00f6rst\u00e4rkare 18 dB 950-2300 MHz 13 till 18 dB-linjef\u00f6rst\u00e4rkare med slope-funktion f\u00f6r anslutning mellan en parabolantenn och en mottagare.","robots":{"index":"index","follow":"follow","max-snippet":"max-snippet:-1","max-image-preview":"max-image-preview:large","max-video-preview":"max-video-preview:-1"},"canonical":"https:\/\/www.heddata.se\/webbutik\/produkt\/satellit-in-line-forstarkare-18-db-950-2300-mhz\/","og_locale":"sv_SE","og_type":"article","og_title":"Satellit IN-Line f\u00f6rst\u00e4rkare 18 dB 950-2300 MHz","og_description":"Satellit IN-Line f\u00f6rst\u00e4rkare 18 dB 950-2300 MHz 13 till 18 dB-linjef\u00f6rst\u00e4rkare med slope-funktion f\u00f6r anslutning mellan en parabolantenn och en mottagare.","og_url":"https:\/\/www.heddata.se\/webbutik\/produkt\/satellit-in-line-forstarkare-18-db-950-2300-mhz\/","og_site_name":"Datorer, Skrivare, F\u00e4rgpatroner, Mobiltelefoner","article_modified_time":"2026-04-03T16:11:09+00:00","og_image":[{"width":350,"height":350,"url":"https:\/\/www.heddata.se\/webbutik\/wp-content\/uploads\/in-line-BZD2111.jpg","type":"image\/jpeg"}],"twitter_card":"summary_large_image","schema":{"@context":"https:\/\/schema.org","@graph":[{"@type":"WebPage","@id":"https:\/\/www.heddata.se\/webbutik\/produkt\/satellit-in-line-forstarkare-18-db-950-2300-mhz\/","url":"https:\/\/www.heddata.se\/webbutik\/produkt\/satellit-in-line-forstarkare-18-db-950-2300-mhz\/","name":"Satellit IN-Line f\u00f6rst\u00e4rkare 18 dB 950-2300 MHz 13 till 18 dB-f\u00f6rst\u00e4rkare","isPartOf":{"@id":"https:\/\/www.heddata.se\/webbutik\/#website"},"primaryImageOfPage":{"@id":"https:\/\/www.heddata.se\/webbutik\/produkt\/satellit-in-line-forstarkare-18-db-950-2300-mhz\/#primaryimage"},"image":{"@id":"https:\/\/www.heddata.se\/webbutik\/produkt\/satellit-in-line-forstarkare-18-db-950-2300-mhz\/#primaryimage"},"thumbnailUrl":"https:\/\/www.heddata.se\/webbutik\/wp-content\/uploads\/in-line-BZD2111.jpg","datePublished":"2019-12-03T12:44:58+00:00","dateModified":"2026-04-03T16:11:09+00:00","description":"Satellit IN-Line f\u00f6rst\u00e4rkare 18 dB 950-2300 MHz 13 till 18 dB-linjef\u00f6rst\u00e4rkare med slope-funktion f\u00f6r anslutning mellan en parabolantenn och en mottagare.","breadcrumb":{"@id":"https:\/\/www.heddata.se\/webbutik\/produkt\/satellit-in-line-forstarkare-18-db-950-2300-mhz\/#breadcrumb"},"inLanguage":"sv-SE","potentialAction":[{"@type":"ReadAction","target":["https:\/\/www.heddata.se\/webbutik\/produkt\/satellit-in-line-forstarkare-18-db-950-2300-mhz\/"]}]},{"@type":"ImageObject","inLanguage":"sv-SE","@id":"https:\/\/www.heddata.se\/webbutik\/produkt\/satellit-in-line-forstarkare-18-db-950-2300-mhz\/#primaryimage","url":"https:\/\/www.heddata.se\/webbutik\/wp-content\/uploads\/in-line-BZD2111.jpg","contentUrl":"https:\/\/www.heddata.se\/webbutik\/wp-content\/uploads\/in-line-BZD2111.jpg","width":350,"height":350,"caption":"Satellit IN-Line f\u00f6rst\u00e4rkare"},{"@type":"BreadcrumbList","@id":"https:\/\/www.heddata.se\/webbutik\/produkt\/satellit-in-line-forstarkare-18-db-950-2300-mhz\/#breadcrumb","itemListElement":[{"@type":"ListItem","position":1,"name":"Hem","item":"https:\/\/www.heddata.se\/webbutik\/"},{"@type":"ListItem","position":2,"name":"Produkter","item":"https:\/\/www.heddata.se\/webbutik\/shop\/"},{"@type":"ListItem","position":3,"name":"Satellit IN-Line f\u00f6rst\u00e4rkare 18 dB 950-2300 MHz"}]},{"@type":"WebSite","@id":"https:\/\/www.heddata.se\/webbutik\/#website","url":"https:\/\/www.heddata.se\/webbutik\/","name":"Datorer, Skrivare, F\u00e4rgpatroner, Mobiltelefoner","description":"Kablar","publisher":{"@id":"https:\/\/www.heddata.se\/webbutik\/#organization"},"potentialAction":[{"@type":"SearchAction","target":{"@type":"EntryPoint","urlTemplate":"https:\/\/www.heddata.se\/webbutik\/?s={search_term_string}"},"query-input":{"@type":"PropertyValueSpecification","valueRequired":true,"valueName":"search_term_string"}}],"inLanguage":"sv-SE"},{"@type":"Organization","@id":"https:\/\/www.heddata.se\/webbutik\/#organization","name":"Heddata AB","url":"https:\/\/www.heddata.se\/webbutik\/","logo":{"@type":"ImageObject","inLanguage":"sv-SE","@id":"https:\/\/www.heddata.se\/webbutik\/#\/schema\/logo\/image\/","url":"https:\/\/www.heddata.se\/webbutik\/wp-content\/uploads\/logga\/heddata-ab-logga.png","contentUrl":"https:\/\/www.heddata.se\/webbutik\/wp-content\/uploads\/logga\/heddata-ab-logga.png","width":200,"height":64,"caption":"Heddata AB"},"image":{"@id":"https:\/\/www.heddata.se\/webbutik\/#\/schema\/logo\/image\/"}}]}},"_links":{"self":[{"href":"https:\/\/www.heddata.se\/webbutik\/wp-json\/wp\/v2\/product\/10681","targetHints":{"allow":["GET"]}}],"collection":[{"href":"https:\/\/www.heddata.se\/webbutik\/wp-json\/wp\/v2\/product"}],"about":[{"href":"https:\/\/www.heddata.se\/webbutik\/wp-json\/wp\/v2\/types\/product"}],"wp:featuredmedia":[{"embeddable":true,"href":"https:\/\/www.heddata.se\/webbutik\/wp-json\/wp\/v2\/media\/70910"}],"wp:attachment":[{"href":"https:\/\/www.heddata.se\/webbutik\/wp-json\/wp\/v2\/media?parent=10681"}],"wp:term":[{"taxonomy":"product_brand","embeddable":true,"href":"https:\/\/www.heddata.se\/webbutik\/wp-json\/wp\/v2\/product_brand?post=10681"},{"taxonomy":"product_cat","embeddable":true,"href":"https:\/\/www.heddata.se\/webbutik\/wp-json\/wp\/v2\/product_cat?post=10681"},{"taxonomy":"product_tag","embeddable":true,"href":"https:\/\/www.heddata.se\/webbutik\/wp-json\/wp\/v2\/product_tag?post=10681"}],"curies":[{"name":"wp","href":"https:\/\/api.w.org\/{rel}","templated":true}]}}