{"id":10669,"date":"2019-12-03T13:44:54","date_gmt":"2019-12-03T12:44:54","guid":{"rendered":"https:\/\/www.heddata.se\/webbutik\/?post_type=product&#038;p=10669"},"modified":"2026-04-09T14:28:08","modified_gmt":"2026-04-09T12:28:08","slug":"antennkabel-7-5m-100hz","status":"publish","type":"product","link":"https:\/\/www.heddata.se\/webbutik\/produkt\/antennkabel-7-5m-100hz\/","title":{"rendered":"Antennkabel 7.5m 100Hz &#8211; Nickelpl\u00e4terade kontakter &#8211; Koaxialkabel"},"content":{"rendered":"<p>Antennkabel 7.5m 100Hz fr\u00e5n <a href=\"http:\/\/www.bandridge.com\/en-us\/\" target=\"_blank\" rel=\"noopener noreferrer\">Bandridge<\/a>. Ansluter v\u00e4gguttaget till <a href=\"https:\/\/www.heddata.se\/webbutik\/tv-apparater\/\">TV<\/a> eller liknande anordning och ansluter ANT-utg\u00e5ng p\u00e5 anordning till TV.<\/p>\n","protected":false},"excerpt":{"rendered":"<p>Antennkabel 7,5m 100Hz<\/p>\n","protected":false},"featured_media":12403,"template":"","meta":[],"product_brand":[],"product_cat":[2260,71,59],"product_tag":[],"class_list":{"0":"post-10669","1":"product","2":"type-product","3":"status-publish","4":"has-post-thumbnail","6":"product_cat-antenn","7":"product_cat-antennkablar","8":"product_cat-kablar","10":"first","11":"outofstock","12":"taxable","13":"shipping-taxable","14":"product-type-simple"},"yoast_head":"<!-- This site is optimized with the Yoast SEO Premium plugin v26.7 (Yoast SEO v26.7) - https:\/\/yoast.com\/wordpress\/plugins\/seo\/ -->\n<title>Antennkabel 7.5m 100Hz - Nickelpl\u00e4terade kontakter - Koaxialkabel<\/title>\n<meta name=\"description\" content=\"Antennkabel 7.5m 100Hz. Ansluter v\u00e4gguttaget till TV eller liknande anordning och ansluter ANT-utg\u00e5ng p\u00e5 anordning till TV.\" \/>\n<meta name=\"robots\" content=\"index, follow, max-snippet:-1, max-image-preview:large, max-video-preview:-1\" \/>\n<link rel=\"canonical\" href=\"https:\/\/www.heddata.se\/webbutik\/produkt\/antennkabel-7-5m-100hz\/\" \/>\n<meta property=\"og:locale\" content=\"sv_SE\" \/>\n<meta property=\"og:type\" content=\"article\" \/>\n<meta property=\"og:title\" content=\"Antennkabel 7.5m 100Hz - Nickelpl\u00e4terade kontakter - Koaxialkabel\" \/>\n<meta property=\"og:description\" content=\"Antennkabel 7.5m 100Hz. Ansluter v\u00e4gguttaget till TV eller liknande anordning och ansluter ANT-utg\u00e5ng p\u00e5 anordning till TV.\" \/>\n<meta property=\"og:url\" content=\"https:\/\/www.heddata.se\/webbutik\/produkt\/antennkabel-7-5m-100hz\/\" \/>\n<meta property=\"og:site_name\" content=\"Datorer, Skrivare, F\u00e4rgpatroner, Mobiltelefoner\" \/>\n<meta property=\"article:modified_time\" content=\"2026-04-09T12:28:08+00:00\" \/>\n<meta property=\"og:image\" content=\"https:\/\/www.heddata.se\/webbutik\/wp-content\/uploads\/Kablar\/Antennkablar\/Antennkabel-7.5m-100Hz-Nickelplaterade-kontakter-BVL8807_1-scaled.jpg\" \/>\n\t<meta property=\"og:image:width\" content=\"1808\" \/>\n\t<meta property=\"og:image:height\" content=\"2560\" \/>\n\t<meta property=\"og:image:type\" content=\"image\/jpeg\" \/>\n<meta name=\"twitter:card\" content=\"summary_large_image\" \/>\n<script type=\"application\/ld+json\" class=\"yoast-schema-graph\">{\"@context\":\"https:\/\/schema.org\",\"@graph\":[{\"@type\":\"WebPage\",\"@id\":\"https:\/\/www.heddata.se\/webbutik\/produkt\/antennkabel-7-5m-100hz\/\",\"url\":\"https:\/\/www.heddata.se\/webbutik\/produkt\/antennkabel-7-5m-100hz\/\",\"name\":\"Antennkabel 7.5m 100Hz - Nickelpl\u00e4terade kontakter - Koaxialkabel\",\"isPartOf\":{\"@id\":\"https:\/\/www.heddata.se\/webbutik\/#website\"},\"primaryImageOfPage\":{\"@id\":\"https:\/\/www.heddata.se\/webbutik\/produkt\/antennkabel-7-5m-100hz\/#primaryimage\"},\"image\":{\"@id\":\"https:\/\/www.heddata.se\/webbutik\/produkt\/antennkabel-7-5m-100hz\/#primaryimage\"},\"thumbnailUrl\":\"https:\/\/www.heddata.se\/webbutik\/wp-content\/uploads\/Kablar\/Antennkablar\/Antennkabel-7.5m-100Hz-Nickelplaterade-kontakter-BVL8807_1-scaled.jpg\",\"datePublished\":\"2019-12-03T12:44:54+00:00\",\"dateModified\":\"2026-04-09T12:28:08+00:00\",\"description\":\"Antennkabel 7.5m 100Hz. Ansluter v\u00e4gguttaget till TV eller liknande anordning och ansluter ANT-utg\u00e5ng p\u00e5 anordning till TV.\",\"breadcrumb\":{\"@id\":\"https:\/\/www.heddata.se\/webbutik\/produkt\/antennkabel-7-5m-100hz\/#breadcrumb\"},\"inLanguage\":\"sv-SE\",\"potentialAction\":[{\"@type\":\"ReadAction\",\"target\":[\"https:\/\/www.heddata.se\/webbutik\/produkt\/antennkabel-7-5m-100hz\/\"]}]},{\"@type\":\"ImageObject\",\"inLanguage\":\"sv-SE\",\"@id\":\"https:\/\/www.heddata.se\/webbutik\/produkt\/antennkabel-7-5m-100hz\/#primaryimage\",\"url\":\"https:\/\/www.heddata.se\/webbutik\/wp-content\/uploads\/Kablar\/Antennkablar\/Antennkabel-7.5m-100Hz-Nickelplaterade-kontakter-BVL8807_1-scaled.jpg\",\"contentUrl\":\"https:\/\/www.heddata.se\/webbutik\/wp-content\/uploads\/Kablar\/Antennkablar\/Antennkabel-7.5m-100Hz-Nickelplaterade-kontakter-BVL8807_1-scaled.jpg\",\"width\":1808,\"height\":2560,\"caption\":\"Antennkabel 7.5m 100Hz - Nickelpl\u00e4terade kontakter - Koaxialkabel\"},{\"@type\":\"BreadcrumbList\",\"@id\":\"https:\/\/www.heddata.se\/webbutik\/produkt\/antennkabel-7-5m-100hz\/#breadcrumb\",\"itemListElement\":[{\"@type\":\"ListItem\",\"position\":1,\"name\":\"Hem\",\"item\":\"https:\/\/www.heddata.se\/webbutik\/\"},{\"@type\":\"ListItem\",\"position\":2,\"name\":\"Produkter\",\"item\":\"https:\/\/www.heddata.se\/webbutik\/shop\/\"},{\"@type\":\"ListItem\",\"position\":3,\"name\":\"Antennkabel 7.5m 100Hz &#8211; Nickelpl\u00e4terade kontakter &#8211; Koaxialkabel\"}]},{\"@type\":\"WebSite\",\"@id\":\"https:\/\/www.heddata.se\/webbutik\/#website\",\"url\":\"https:\/\/www.heddata.se\/webbutik\/\",\"name\":\"Datorer, Skrivare, F\u00e4rgpatroner, Mobiltelefoner\",\"description\":\"Kablar\",\"publisher\":{\"@id\":\"https:\/\/www.heddata.se\/webbutik\/#organization\"},\"potentialAction\":[{\"@type\":\"SearchAction\",\"target\":{\"@type\":\"EntryPoint\",\"urlTemplate\":\"https:\/\/www.heddata.se\/webbutik\/?s={search_term_string}\"},\"query-input\":{\"@type\":\"PropertyValueSpecification\",\"valueRequired\":true,\"valueName\":\"search_term_string\"}}],\"inLanguage\":\"sv-SE\"},{\"@type\":\"Organization\",\"@id\":\"https:\/\/www.heddata.se\/webbutik\/#organization\",\"name\":\"Heddata AB\",\"url\":\"https:\/\/www.heddata.se\/webbutik\/\",\"logo\":{\"@type\":\"ImageObject\",\"inLanguage\":\"sv-SE\",\"@id\":\"https:\/\/www.heddata.se\/webbutik\/#\/schema\/logo\/image\/\",\"url\":\"https:\/\/www.heddata.se\/webbutik\/wp-content\/uploads\/logga\/heddata-ab-logga.png\",\"contentUrl\":\"https:\/\/www.heddata.se\/webbutik\/wp-content\/uploads\/logga\/heddata-ab-logga.png\",\"width\":200,\"height\":64,\"caption\":\"Heddata AB\"},\"image\":{\"@id\":\"https:\/\/www.heddata.se\/webbutik\/#\/schema\/logo\/image\/\"}}]}<\/script>\n<!-- \/ Yoast SEO Premium plugin. -->","yoast_head_json":{"title":"Antennkabel 7.5m 100Hz - Nickelpl\u00e4terade kontakter - Koaxialkabel","description":"Antennkabel 7.5m 100Hz. Ansluter v\u00e4gguttaget till TV eller liknande anordning och ansluter ANT-utg\u00e5ng p\u00e5 anordning till TV.","robots":{"index":"index","follow":"follow","max-snippet":"max-snippet:-1","max-image-preview":"max-image-preview:large","max-video-preview":"max-video-preview:-1"},"canonical":"https:\/\/www.heddata.se\/webbutik\/produkt\/antennkabel-7-5m-100hz\/","og_locale":"sv_SE","og_type":"article","og_title":"Antennkabel 7.5m 100Hz - Nickelpl\u00e4terade kontakter - Koaxialkabel","og_description":"Antennkabel 7.5m 100Hz. Ansluter v\u00e4gguttaget till TV eller liknande anordning och ansluter ANT-utg\u00e5ng p\u00e5 anordning till TV.","og_url":"https:\/\/www.heddata.se\/webbutik\/produkt\/antennkabel-7-5m-100hz\/","og_site_name":"Datorer, Skrivare, F\u00e4rgpatroner, Mobiltelefoner","article_modified_time":"2026-04-09T12:28:08+00:00","og_image":[{"width":1808,"height":2560,"url":"https:\/\/www.heddata.se\/webbutik\/wp-content\/uploads\/Kablar\/Antennkablar\/Antennkabel-7.5m-100Hz-Nickelplaterade-kontakter-BVL8807_1-scaled.jpg","type":"image\/jpeg"}],"twitter_card":"summary_large_image","schema":{"@context":"https:\/\/schema.org","@graph":[{"@type":"WebPage","@id":"https:\/\/www.heddata.se\/webbutik\/produkt\/antennkabel-7-5m-100hz\/","url":"https:\/\/www.heddata.se\/webbutik\/produkt\/antennkabel-7-5m-100hz\/","name":"Antennkabel 7.5m 100Hz - Nickelpl\u00e4terade kontakter - Koaxialkabel","isPartOf":{"@id":"https:\/\/www.heddata.se\/webbutik\/#website"},"primaryImageOfPage":{"@id":"https:\/\/www.heddata.se\/webbutik\/produkt\/antennkabel-7-5m-100hz\/#primaryimage"},"image":{"@id":"https:\/\/www.heddata.se\/webbutik\/produkt\/antennkabel-7-5m-100hz\/#primaryimage"},"thumbnailUrl":"https:\/\/www.heddata.se\/webbutik\/wp-content\/uploads\/Kablar\/Antennkablar\/Antennkabel-7.5m-100Hz-Nickelplaterade-kontakter-BVL8807_1-scaled.jpg","datePublished":"2019-12-03T12:44:54+00:00","dateModified":"2026-04-09T12:28:08+00:00","description":"Antennkabel 7.5m 100Hz. Ansluter v\u00e4gguttaget till TV eller liknande anordning och ansluter ANT-utg\u00e5ng p\u00e5 anordning till TV.","breadcrumb":{"@id":"https:\/\/www.heddata.se\/webbutik\/produkt\/antennkabel-7-5m-100hz\/#breadcrumb"},"inLanguage":"sv-SE","potentialAction":[{"@type":"ReadAction","target":["https:\/\/www.heddata.se\/webbutik\/produkt\/antennkabel-7-5m-100hz\/"]}]},{"@type":"ImageObject","inLanguage":"sv-SE","@id":"https:\/\/www.heddata.se\/webbutik\/produkt\/antennkabel-7-5m-100hz\/#primaryimage","url":"https:\/\/www.heddata.se\/webbutik\/wp-content\/uploads\/Kablar\/Antennkablar\/Antennkabel-7.5m-100Hz-Nickelplaterade-kontakter-BVL8807_1-scaled.jpg","contentUrl":"https:\/\/www.heddata.se\/webbutik\/wp-content\/uploads\/Kablar\/Antennkablar\/Antennkabel-7.5m-100Hz-Nickelplaterade-kontakter-BVL8807_1-scaled.jpg","width":1808,"height":2560,"caption":"Antennkabel 7.5m 100Hz - Nickelpl\u00e4terade kontakter - Koaxialkabel"},{"@type":"BreadcrumbList","@id":"https:\/\/www.heddata.se\/webbutik\/produkt\/antennkabel-7-5m-100hz\/#breadcrumb","itemListElement":[{"@type":"ListItem","position":1,"name":"Hem","item":"https:\/\/www.heddata.se\/webbutik\/"},{"@type":"ListItem","position":2,"name":"Produkter","item":"https:\/\/www.heddata.se\/webbutik\/shop\/"},{"@type":"ListItem","position":3,"name":"Antennkabel 7.5m 100Hz &#8211; Nickelpl\u00e4terade kontakter &#8211; Koaxialkabel"}]},{"@type":"WebSite","@id":"https:\/\/www.heddata.se\/webbutik\/#website","url":"https:\/\/www.heddata.se\/webbutik\/","name":"Datorer, Skrivare, F\u00e4rgpatroner, Mobiltelefoner","description":"Kablar","publisher":{"@id":"https:\/\/www.heddata.se\/webbutik\/#organization"},"potentialAction":[{"@type":"SearchAction","target":{"@type":"EntryPoint","urlTemplate":"https:\/\/www.heddata.se\/webbutik\/?s={search_term_string}"},"query-input":{"@type":"PropertyValueSpecification","valueRequired":true,"valueName":"search_term_string"}}],"inLanguage":"sv-SE"},{"@type":"Organization","@id":"https:\/\/www.heddata.se\/webbutik\/#organization","name":"Heddata AB","url":"https:\/\/www.heddata.se\/webbutik\/","logo":{"@type":"ImageObject","inLanguage":"sv-SE","@id":"https:\/\/www.heddata.se\/webbutik\/#\/schema\/logo\/image\/","url":"https:\/\/www.heddata.se\/webbutik\/wp-content\/uploads\/logga\/heddata-ab-logga.png","contentUrl":"https:\/\/www.heddata.se\/webbutik\/wp-content\/uploads\/logga\/heddata-ab-logga.png","width":200,"height":64,"caption":"Heddata AB"},"image":{"@id":"https:\/\/www.heddata.se\/webbutik\/#\/schema\/logo\/image\/"}}]}},"_links":{"self":[{"href":"https:\/\/www.heddata.se\/webbutik\/wp-json\/wp\/v2\/product\/10669","targetHints":{"allow":["GET"]}}],"collection":[{"href":"https:\/\/www.heddata.se\/webbutik\/wp-json\/wp\/v2\/product"}],"about":[{"href":"https:\/\/www.heddata.se\/webbutik\/wp-json\/wp\/v2\/types\/product"}],"wp:featuredmedia":[{"embeddable":true,"href":"https:\/\/www.heddata.se\/webbutik\/wp-json\/wp\/v2\/media\/12403"}],"wp:attachment":[{"href":"https:\/\/www.heddata.se\/webbutik\/wp-json\/wp\/v2\/media?parent=10669"}],"wp:term":[{"taxonomy":"product_brand","embeddable":true,"href":"https:\/\/www.heddata.se\/webbutik\/wp-json\/wp\/v2\/product_brand?post=10669"},{"taxonomy":"product_cat","embeddable":true,"href":"https:\/\/www.heddata.se\/webbutik\/wp-json\/wp\/v2\/product_cat?post=10669"},{"taxonomy":"product_tag","embeddable":true,"href":"https:\/\/www.heddata.se\/webbutik\/wp-json\/wp\/v2\/product_tag?post=10669"}],"curies":[{"name":"wp","href":"https:\/\/api.w.org\/{rel}","templated":true}]}}